
{"id":3154,"date":"2026-02-27T06:11:53","date_gmt":"2026-02-27T06:11:53","guid":{"rendered":"https:\/\/easyliferobo.com\/de\/product\/exoskelett-beine-s-m-l-bionic-walker-exoskelett-walker-gehhilfe-zur-unterstuetzung-der-unteren-extremitaeten-fuer-rehabilitation-hemiplegie-mobilitaetstraining-fuer-senioren-wanderhil-2\/"},"modified":"2026-02-27T06:12:07","modified_gmt":"2026-02-27T06:12:07","slug":"exoskelett-beine-s-m-l-bionic-walker-exoskelett-walker-gehhilfe-zur-unterstuetzung-der-unteren-extremitaeten-fuer-rehabilitation-hemiplegie-mobilitaetstraining-fuer-senioren-wanderhil-2","status":"publish","type":"product","link":"https:\/\/easyliferobo.com\/de\/product\/exoskelett-beine-s-m-l-bionic-walker-exoskelett-walker-gehhilfe-zur-unterstuetzung-der-unteren-extremitaeten-fuer-rehabilitation-hemiplegie-mobilitaetstraining-fuer-senioren-wanderhil-2\/","title":{"rendered":"Exoskelett-Beine (S\/M\/L), Bionic Wa..."},"content":{"rendered":"<p>    <span>ed Bionic Walker | Fortschrittliche bionische Technologie unterst\u00fctzt H\u00fcft- und Kniegelenke <br \/>Ob Sie sich von einer Verletzung erholen, mit einer Halbl\u00e4hmung leben oder nach einem neurologischen Ereignis wieder zu Kr\u00e4ften kommen, die Exoskelett-Beinst\u00fctze ist Ihr zuverl\u00e4ssiger Partner. Es bietet pr\u00e4zise Unterst\u00fctzung an wichtigen Punkten Ihres Gangzyklus und erm\u00f6glicht so ein nat\u00fcrlicheres und stabileres Gangmuster f\u00fcr Menschen mit Schw\u00e4che in den unteren Extremit\u00e4ten. <br \/>Gebrauchsanweisung und Tipps: <br \/>1. Die Gehhilfe ist nicht belastbar und sollte nur von Personen verwendet werden, die selbstst\u00e4ndig (oder mit Hilfsmitteln) stehen k\u00f6nnen. Wenn Sie es nicht ertragen k\u00f6nnen, kaufen Sie dieses Produkt bitte nicht. Es ist nicht f\u00fcr Ihre Bed\u00fcrfnisse konzipiert und die Verwendung kann zu St\u00fcrzen oder Verletzungen f\u00fchren. <br \/>2. Die Kniegurte sollten 1-2 cm unterhalb der Kniescheibe befestigt werden. Nach dem Anlegen sollte sich das bewegliche Knieteil seitlich am Bein befinden und senkrecht zum Boden stehen. <br \/>3. Drehen Sie den Knopf im Uhrzeigersinn, um die Intensit\u00e4t zu erh\u00f6hen. Wenn der Knopf die Zahl 1 erreicht, befindet er sich im 1. Gang; wenn es die Zahl 2 erreicht, im 2. Gang. Wenn die Zahl 3 abgedeckt ist, befindet sich der Gehwagen im 3. Gang (beginnen Sie mit der niedrigsten Stufe und passen Sie sie nach Bedarf an). <br \/>4. Dicke Kleidung an den Beinen kann die Wirkung des Gehhilfes beeintr\u00e4chtigen. Es wird empfohlen, im Winter drinnen zu trainieren. Empfehlenswert sind d\u00fcnne Hosen. <br \/>Spezifikationen: <br \/>&#8211; Name: Exoskelett-Walker. <br \/>&#8211; Material: Kohlefaserkomponenten und PA-Aluminium. <br \/>&#8211; Optionen: ein Paar, linkes Bein (einzeln), rechtes Bein (einzeln). <br \/>&#8211; Gr\u00f6\u00dfe: S\/M\/L <br \/>&#8211; Nettogewicht: 1,05 kg. <br \/>Packliste: <br \/>1 x Gehhilfe. <\/span><br \/>F\u00fcr Menschen geeignet: Die Exoskelett-Beine wurden speziell f\u00fcr Menschen entwickelt, die nach einer einseitigen L\u00e4hmung, einer Teill\u00e4hmung oder alters- oder verletzungsbedingten Mobilit\u00e4tseinschr\u00e4nkungen ihren Alltag bew\u00e4ltigen m\u00fcssen. Bei Beinschw\u00e4che, Schwierigkeiten beim Anheben des Beins (H\u00fcftbeugung) oder Problemen beim Beugen des Knies beim Gehen unterst\u00fctzen sie l\u00e4ngere Gehstrecken mit weniger Erm\u00fcdung.<br \/>Einfache Handhabung: Die Exoskelett-Gehhilfe l\u00e4sst sich mit einer Hand anlegen und ben\u00f6tigt lediglich zwei Gurte. Tragen Sie es w\u00e4hrend des Gebrauchs auf der schw\u00e4cheren Seite des K\u00f6rpers. Durch einen an den menschlichen K\u00f6rper angepassten Rhythmus gleichen Sie die fehlende Muskelkraft aus und erm\u00f6glichen effiziente und harmonische St\u00fctz\u00fcbungen mit Hilfe der nat\u00fcrlichen Schwerkraft.<br \/>\u3010BIONIC WALKER\u3011: Diese bionische Gehhilfe nutzt die bew\u00e4hrte Gangtheorie, um Benutzern dabei zu helfen, ihre Gehmuster wiederzuerlangen und den Genesungsprozess zu beschleunigen. Es ist f\u00fcr Benutzer konzipiert, die bereits selbstst\u00e4ndig oder mit Hilfe einer separaten Mobilit\u00e4tshilfe stehen k\u00f6nnen. Ihre Funktion besteht darin, die Beinbewegung beim Gehen zu unterst\u00fctzen. Es bietet keine Unterst\u00fctzung, wenn Sie nicht selbstst\u00e4ndig stehen k\u00f6nnen.<br \/>Einstellbare St\u00e4rke: Diese Gehhilfe nutzt ausschlie\u00dflich das Pendelprinzip und ben\u00f6tigt keine Motoren oder andere kinetische Ger\u00e4te zur Unterst\u00fctzung des nat\u00fcrlichen Gehens. Es verf\u00fcgt \u00fcber eine dreistufige St\u00e4rkeregelung: Durch Drehen im Uhrzeigersinn kann die Intensit\u00e4t erh\u00f6ht werden.<br \/>Leicht und langlebig: Bionische Gehhilfe, leichter Kohlefaserstock, st\u00e4rker als Stahl und Aluminium, wiegt nur 1,05 kg. Kniegelenk-Rotationssystem. Passt sich dem Bein an, hergestellt aus PA-Material mit hoher mechanischer Festigkeit, hoher Z\u00e4higkeit und hoher Zug- und Druckfestigkeit.<\/p>\n<p>[ad_2]<\/p>\n","protected":false},"excerpt":{"rendered":"<p>ed Bionic Walker | Fortschrittliche bionische Technologie unterst\u00fctzt H\u00fcft- und Kniegelenke Ob Sie sich von einer Verletzung erholen, mit einer Halbl\u00e4hmung leben oder nach einem neurologischen Ereignis wieder zu Kr\u00e4ften kommen, die Exoskelett-Beinst\u00fctze ist Ihr zuverl\u00e4ssiger Partner. Es bietet pr\u00e4zise Unterst\u00fctzung an wichtigen Punkten Ihres Gangzyklus und erm\u00f6glicht so ein nat\u00fcrlicheres und stabileres Gangmuster f\u00fcr [&hellip;]<\/p>\n","protected":false},"featured_media":3155,"comment_status":"open","ping_status":"closed","template":"","meta":{"_aipt_faq_data":""},"store":[],"product_brand":[],"product_cat":[110],"product_tag":[263],"class_list":{"0":"post-3154","1":"product","2":"type-product","3":"status-publish","4":"has-post-thumbnail","6":"product_cat-exoskelette","7":"product_tag-medizinische-exoskelette-zur-rehabilitation","9":"first","10":"instock","11":"shipping-taxable","12":"product-type-external"},"yoast_head":"<!-- This site is optimized with the Yoast SEO plugin v27.0 - https:\/\/yoast.com\/product\/yoast-seo-wordpress\/ -->\n<title>Exoskelett-Beine (S\/M\/L), Bionic Walker, Exoskelett-Walker, Gehhilfe zur Unterst\u00fctzung der unteren Extremit\u00e4ten f\u00fcr Rehabilitation, Hemiplegie, Mobilit\u00e4tstraining f\u00fcr Senioren, Wanderhil - EasyLifeBro<\/title>\n<meta name=\"description\" content=\"Entdecken Sie smarte Roboter f\u00fcr Zuhause, Garten, Bildung und Sicherheit. Vergleichen Sie Saugroboter, Rasenm\u00e4hroboter, KI-Begleitroboter und mehr bei EasyLifeRobo.\" \/>\n<meta name=\"robots\" content=\"index, follow, max-snippet:-1, max-image-preview:large, max-video-preview:-1\" \/>\n<link rel=\"canonical\" href=\"https:\/\/easyliferobo.com\/de\/product\/exoskelett-beine-s-m-l-bionic-walker-exoskelett-walker-gehhilfe-zur-unterstuetzung-der-unteren-extremitaeten-fuer-rehabilitation-hemiplegie-mobilitaetstraining-fuer-senioren-wanderhil-2\/\" \/>\n<meta property=\"og:locale\" content=\"de_DE\" \/>\n<meta property=\"og:type\" content=\"article\" \/>\n<meta property=\"og:title\" content=\"Exoskelett-Beine (S\/M\/L), Bionic Walker, Exoskelett-Walker, Gehhilfe zur Unterst\u00fctzung der unteren Extremit\u00e4ten f\u00fcr Rehabilitation, Hemiplegie, Mobilit\u00e4tstraining f\u00fcr Senioren, Wanderhil - EasyLifeBro\" \/>\n<meta property=\"og:description\" content=\"Entdecken Sie smarte Roboter f\u00fcr Zuhause, Garten, Bildung und Sicherheit. Vergleichen Sie Saugroboter, Rasenm\u00e4hroboter, KI-Begleitroboter und mehr bei EasyLifeRobo.\" \/>\n<meta property=\"og:url\" content=\"https:\/\/easyliferobo.com\/de\/product\/exoskelett-beine-s-m-l-bionic-walker-exoskelett-walker-gehhilfe-zur-unterstuetzung-der-unteren-extremitaeten-fuer-rehabilitation-hemiplegie-mobilitaetstraining-fuer-senioren-wanderhil-2\/\" \/>\n<meta property=\"og:site_name\" content=\"EasyLifeBro\" \/>\n<meta property=\"article:modified_time\" content=\"2026-02-27T06:12:07+00:00\" \/>\n<meta name=\"twitter:card\" content=\"summary_large_image\" \/>\n<meta name=\"twitter:label1\" content=\"Gesch\u00e4tzte Lesezeit\" \/>\n\t<meta name=\"twitter:data1\" content=\"3\u00a0Minuten\" \/>\n<script type=\"application\/ld+json\" class=\"yoast-schema-graph\">{\"@context\":\"https:\/\/schema.org\",\"@graph\":[{\"@type\":\"WebPage\",\"@id\":\"https:\/\/easyliferobo.com\/de\/product\/exoskelett-beine-s-m-l-bionic-walker-exoskelett-walker-gehhilfe-zur-unterstuetzung-der-unteren-extremitaeten-fuer-rehabilitation-hemiplegie-mobilitaetstraining-fuer-senioren-wanderhil-2\/\",\"url\":\"https:\/\/easyliferobo.com\/de\/product\/exoskelett-beine-s-m-l-bionic-walker-exoskelett-walker-gehhilfe-zur-unterstuetzung-der-unteren-extremitaeten-fuer-rehabilitation-hemiplegie-mobilitaetstraining-fuer-senioren-wanderhil-2\/\",\"name\":\"Exoskelett-Beine (S\/M\/L), Bionic Walker, Exoskelett-Walker, Gehhilfe zur Unterst\u00fctzung der unteren Extremit\u00e4ten f\u00fcr Rehabilitation, Hemiplegie, Mobilit\u00e4tstraining f\u00fcr Senioren, Wanderhil - EasyLifeBro\",\"isPartOf\":{\"@id\":\"https:\/\/easyliferobo.com\/de\/#website\"},\"primaryImageOfPage\":{\"@id\":\"https:\/\/easyliferobo.com\/de\/product\/exoskelett-beine-s-m-l-bionic-walker-exoskelett-walker-gehhilfe-zur-unterstuetzung-der-unteren-extremitaeten-fuer-rehabilitation-hemiplegie-mobilitaetstraining-fuer-senioren-wanderhil-2\/#primaryimage\"},\"image\":{\"@id\":\"https:\/\/easyliferobo.com\/de\/product\/exoskelett-beine-s-m-l-bionic-walker-exoskelett-walker-gehhilfe-zur-unterstuetzung-der-unteren-extremitaeten-fuer-rehabilitation-hemiplegie-mobilitaetstraining-fuer-senioren-wanderhil-2\/#primaryimage\"},\"thumbnailUrl\":\"https:\/\/easyliferobo.com\/de\/wp-content\/uploads\/2026\/02\/1772172713_512RAVt620L._AC_SL1500_.jpg\",\"datePublished\":\"2026-02-27T06:11:53+00:00\",\"dateModified\":\"2026-02-27T06:12:07+00:00\",\"description\":\"Entdecken Sie smarte Roboter f\u00fcr Zuhause, Garten, Bildung und Sicherheit. Vergleichen Sie Saugroboter, Rasenm\u00e4hroboter, KI-Begleitroboter und mehr bei EasyLifeRobo.\",\"breadcrumb\":{\"@id\":\"https:\/\/easyliferobo.com\/de\/product\/exoskelett-beine-s-m-l-bionic-walker-exoskelett-walker-gehhilfe-zur-unterstuetzung-der-unteren-extremitaeten-fuer-rehabilitation-hemiplegie-mobilitaetstraining-fuer-senioren-wanderhil-2\/#breadcrumb\"},\"inLanguage\":\"de\",\"potentialAction\":[{\"@type\":\"ReadAction\",\"target\":[\"https:\/\/easyliferobo.com\/de\/product\/exoskelett-beine-s-m-l-bionic-walker-exoskelett-walker-gehhilfe-zur-unterstuetzung-der-unteren-extremitaeten-fuer-rehabilitation-hemiplegie-mobilitaetstraining-fuer-senioren-wanderhil-2\/\"]}]},{\"@type\":\"ImageObject\",\"inLanguage\":\"de\",\"@id\":\"https:\/\/easyliferobo.com\/de\/product\/exoskelett-beine-s-m-l-bionic-walker-exoskelett-walker-gehhilfe-zur-unterstuetzung-der-unteren-extremitaeten-fuer-rehabilitation-hemiplegie-mobilitaetstraining-fuer-senioren-wanderhil-2\/#primaryimage\",\"url\":\"https:\/\/easyliferobo.com\/de\/wp-content\/uploads\/2026\/02\/1772172713_512RAVt620L._AC_SL1500_.jpg\",\"contentUrl\":\"https:\/\/easyliferobo.com\/de\/wp-content\/uploads\/2026\/02\/1772172713_512RAVt620L._AC_SL1500_.jpg\",\"width\":933,\"height\":1500},{\"@type\":\"BreadcrumbList\",\"@id\":\"https:\/\/easyliferobo.com\/de\/product\/exoskelett-beine-s-m-l-bionic-walker-exoskelett-walker-gehhilfe-zur-unterstuetzung-der-unteren-extremitaeten-fuer-rehabilitation-hemiplegie-mobilitaetstraining-fuer-senioren-wanderhil-2\/#breadcrumb\",\"itemListElement\":[{\"@type\":\"ListItem\",\"position\":1,\"name\":\"Home\",\"item\":\"https:\/\/easyliferobo.com\/de\/\"},{\"@type\":\"ListItem\",\"position\":2,\"name\":\"Shop\",\"item\":\"https:\/\/easyliferobo.com\/de\/shop\/\"},{\"@type\":\"ListItem\",\"position\":3,\"name\":\"Exoskelett-Beine (S\/M\/L), Bionic Wa...\"}]},{\"@type\":\"WebSite\",\"@id\":\"https:\/\/easyliferobo.com\/de\/#website\",\"url\":\"https:\/\/easyliferobo.com\/de\/\",\"name\":\"EasyLifeBro\",\"description\":\"Smarte Roboter f\u00fcr Zuhause, Garten &amp; Bildung\",\"publisher\":{\"@id\":\"https:\/\/easyliferobo.com\/de\/#organization\"},\"potentialAction\":[{\"@type\":\"SearchAction\",\"target\":{\"@type\":\"EntryPoint\",\"urlTemplate\":\"https:\/\/easyliferobo.com\/de\/?s={search_term_string}\"},\"query-input\":{\"@type\":\"PropertyValueSpecification\",\"valueRequired\":true,\"valueName\":\"search_term_string\"}}],\"inLanguage\":\"de\"},{\"@type\":\"Organization\",\"@id\":\"https:\/\/easyliferobo.com\/de\/#organization\",\"name\":\"EasyLifeBro\",\"url\":\"https:\/\/easyliferobo.com\/de\/\",\"logo\":{\"@type\":\"ImageObject\",\"inLanguage\":\"de\",\"@id\":\"https:\/\/easyliferobo.com\/de\/#\/schema\/logo\/image\/\",\"url\":\"https:\/\/easyliferobo.com\/de\/wp-content\/uploads\/2026\/02\/Screenshot-2026-02-22-at-2.25.03-PM.png\",\"contentUrl\":\"https:\/\/easyliferobo.com\/de\/wp-content\/uploads\/2026\/02\/Screenshot-2026-02-22-at-2.25.03-PM.png\",\"width\":1858,\"height\":430,\"caption\":\"EasyLifeBro\"},\"image\":{\"@id\":\"https:\/\/easyliferobo.com\/de\/#\/schema\/logo\/image\/\"}}]}<\/script>\n<!-- \/ Yoast SEO plugin. -->","yoast_head_json":{"title":"Exoskelett-Beine (S\/M\/L), Bionic Walker, Exoskelett-Walker, Gehhilfe zur Unterst\u00fctzung der unteren Extremit\u00e4ten f\u00fcr Rehabilitation, Hemiplegie, Mobilit\u00e4tstraining f\u00fcr Senioren, Wanderhil - EasyLifeBro","description":"Entdecken Sie smarte Roboter f\u00fcr Zuhause, Garten, Bildung und Sicherheit. Vergleichen Sie Saugroboter, Rasenm\u00e4hroboter, KI-Begleitroboter und mehr bei EasyLifeRobo.","robots":{"index":"index","follow":"follow","max-snippet":"max-snippet:-1","max-image-preview":"max-image-preview:large","max-video-preview":"max-video-preview:-1"},"canonical":"https:\/\/easyliferobo.com\/de\/product\/exoskelett-beine-s-m-l-bionic-walker-exoskelett-walker-gehhilfe-zur-unterstuetzung-der-unteren-extremitaeten-fuer-rehabilitation-hemiplegie-mobilitaetstraining-fuer-senioren-wanderhil-2\/","og_locale":"de_DE","og_type":"article","og_title":"Exoskelett-Beine (S\/M\/L), Bionic Walker, Exoskelett-Walker, Gehhilfe zur Unterst\u00fctzung der unteren Extremit\u00e4ten f\u00fcr Rehabilitation, Hemiplegie, Mobilit\u00e4tstraining f\u00fcr Senioren, Wanderhil - EasyLifeBro","og_description":"Entdecken Sie smarte Roboter f\u00fcr Zuhause, Garten, Bildung und Sicherheit. Vergleichen Sie Saugroboter, Rasenm\u00e4hroboter, KI-Begleitroboter und mehr bei EasyLifeRobo.","og_url":"https:\/\/easyliferobo.com\/de\/product\/exoskelett-beine-s-m-l-bionic-walker-exoskelett-walker-gehhilfe-zur-unterstuetzung-der-unteren-extremitaeten-fuer-rehabilitation-hemiplegie-mobilitaetstraining-fuer-senioren-wanderhil-2\/","og_site_name":"EasyLifeBro","article_modified_time":"2026-02-27T06:12:07+00:00","twitter_card":"summary_large_image","twitter_misc":{"Gesch\u00e4tzte Lesezeit":"3\u00a0Minuten"},"schema":{"@context":"https:\/\/schema.org","@graph":[{"@type":"WebPage","@id":"https:\/\/easyliferobo.com\/de\/product\/exoskelett-beine-s-m-l-bionic-walker-exoskelett-walker-gehhilfe-zur-unterstuetzung-der-unteren-extremitaeten-fuer-rehabilitation-hemiplegie-mobilitaetstraining-fuer-senioren-wanderhil-2\/","url":"https:\/\/easyliferobo.com\/de\/product\/exoskelett-beine-s-m-l-bionic-walker-exoskelett-walker-gehhilfe-zur-unterstuetzung-der-unteren-extremitaeten-fuer-rehabilitation-hemiplegie-mobilitaetstraining-fuer-senioren-wanderhil-2\/","name":"Exoskelett-Beine (S\/M\/L), Bionic Walker, Exoskelett-Walker, Gehhilfe zur Unterst\u00fctzung der unteren Extremit\u00e4ten f\u00fcr Rehabilitation, Hemiplegie, Mobilit\u00e4tstraining f\u00fcr Senioren, Wanderhil - EasyLifeBro","isPartOf":{"@id":"https:\/\/easyliferobo.com\/de\/#website"},"primaryImageOfPage":{"@id":"https:\/\/easyliferobo.com\/de\/product\/exoskelett-beine-s-m-l-bionic-walker-exoskelett-walker-gehhilfe-zur-unterstuetzung-der-unteren-extremitaeten-fuer-rehabilitation-hemiplegie-mobilitaetstraining-fuer-senioren-wanderhil-2\/#primaryimage"},"image":{"@id":"https:\/\/easyliferobo.com\/de\/product\/exoskelett-beine-s-m-l-bionic-walker-exoskelett-walker-gehhilfe-zur-unterstuetzung-der-unteren-extremitaeten-fuer-rehabilitation-hemiplegie-mobilitaetstraining-fuer-senioren-wanderhil-2\/#primaryimage"},"thumbnailUrl":"https:\/\/easyliferobo.com\/de\/wp-content\/uploads\/2026\/02\/1772172713_512RAVt620L._AC_SL1500_.jpg","datePublished":"2026-02-27T06:11:53+00:00","dateModified":"2026-02-27T06:12:07+00:00","description":"Entdecken Sie smarte Roboter f\u00fcr Zuhause, Garten, Bildung und Sicherheit. Vergleichen Sie Saugroboter, Rasenm\u00e4hroboter, KI-Begleitroboter und mehr bei EasyLifeRobo.","breadcrumb":{"@id":"https:\/\/easyliferobo.com\/de\/product\/exoskelett-beine-s-m-l-bionic-walker-exoskelett-walker-gehhilfe-zur-unterstuetzung-der-unteren-extremitaeten-fuer-rehabilitation-hemiplegie-mobilitaetstraining-fuer-senioren-wanderhil-2\/#breadcrumb"},"inLanguage":"de","potentialAction":[{"@type":"ReadAction","target":["https:\/\/easyliferobo.com\/de\/product\/exoskelett-beine-s-m-l-bionic-walker-exoskelett-walker-gehhilfe-zur-unterstuetzung-der-unteren-extremitaeten-fuer-rehabilitation-hemiplegie-mobilitaetstraining-fuer-senioren-wanderhil-2\/"]}]},{"@type":"ImageObject","inLanguage":"de","@id":"https:\/\/easyliferobo.com\/de\/product\/exoskelett-beine-s-m-l-bionic-walker-exoskelett-walker-gehhilfe-zur-unterstuetzung-der-unteren-extremitaeten-fuer-rehabilitation-hemiplegie-mobilitaetstraining-fuer-senioren-wanderhil-2\/#primaryimage","url":"https:\/\/easyliferobo.com\/de\/wp-content\/uploads\/2026\/02\/1772172713_512RAVt620L._AC_SL1500_.jpg","contentUrl":"https:\/\/easyliferobo.com\/de\/wp-content\/uploads\/2026\/02\/1772172713_512RAVt620L._AC_SL1500_.jpg","width":933,"height":1500},{"@type":"BreadcrumbList","@id":"https:\/\/easyliferobo.com\/de\/product\/exoskelett-beine-s-m-l-bionic-walker-exoskelett-walker-gehhilfe-zur-unterstuetzung-der-unteren-extremitaeten-fuer-rehabilitation-hemiplegie-mobilitaetstraining-fuer-senioren-wanderhil-2\/#breadcrumb","itemListElement":[{"@type":"ListItem","position":1,"name":"Home","item":"https:\/\/easyliferobo.com\/de\/"},{"@type":"ListItem","position":2,"name":"Shop","item":"https:\/\/easyliferobo.com\/de\/shop\/"},{"@type":"ListItem","position":3,"name":"Exoskelett-Beine (S\/M\/L), Bionic Wa..."}]},{"@type":"WebSite","@id":"https:\/\/easyliferobo.com\/de\/#website","url":"https:\/\/easyliferobo.com\/de\/","name":"EasyLifeBro","description":"Smarte Roboter f\u00fcr Zuhause, Garten &amp; Bildung","publisher":{"@id":"https:\/\/easyliferobo.com\/de\/#organization"},"potentialAction":[{"@type":"SearchAction","target":{"@type":"EntryPoint","urlTemplate":"https:\/\/easyliferobo.com\/de\/?s={search_term_string}"},"query-input":{"@type":"PropertyValueSpecification","valueRequired":true,"valueName":"search_term_string"}}],"inLanguage":"de"},{"@type":"Organization","@id":"https:\/\/easyliferobo.com\/de\/#organization","name":"EasyLifeBro","url":"https:\/\/easyliferobo.com\/de\/","logo":{"@type":"ImageObject","inLanguage":"de","@id":"https:\/\/easyliferobo.com\/de\/#\/schema\/logo\/image\/","url":"https:\/\/easyliferobo.com\/de\/wp-content\/uploads\/2026\/02\/Screenshot-2026-02-22-at-2.25.03-PM.png","contentUrl":"https:\/\/easyliferobo.com\/de\/wp-content\/uploads\/2026\/02\/Screenshot-2026-02-22-at-2.25.03-PM.png","width":1858,"height":430,"caption":"EasyLifeBro"},"image":{"@id":"https:\/\/easyliferobo.com\/de\/#\/schema\/logo\/image\/"}}]}},"_links":{"self":[{"href":"https:\/\/easyliferobo.com\/de\/wp-json\/wp\/v2\/product\/3154","targetHints":{"allow":["GET"]}}],"collection":[{"href":"https:\/\/easyliferobo.com\/de\/wp-json\/wp\/v2\/product"}],"about":[{"href":"https:\/\/easyliferobo.com\/de\/wp-json\/wp\/v2\/types\/product"}],"replies":[{"embeddable":true,"href":"https:\/\/easyliferobo.com\/de\/wp-json\/wp\/v2\/comments?post=3154"}],"wp:featuredmedia":[{"embeddable":true,"href":"https:\/\/easyliferobo.com\/de\/wp-json\/wp\/v2\/media\/3155"}],"wp:attachment":[{"href":"https:\/\/easyliferobo.com\/de\/wp-json\/wp\/v2\/media?parent=3154"}],"wp:term":[{"taxonomy":"store","embeddable":true,"href":"https:\/\/easyliferobo.com\/de\/wp-json\/wp\/v2\/store?post=3154"},{"taxonomy":"product_brand","embeddable":true,"href":"https:\/\/easyliferobo.com\/de\/wp-json\/wp\/v2\/product_brand?post=3154"},{"taxonomy":"product_cat","embeddable":true,"href":"https:\/\/easyliferobo.com\/de\/wp-json\/wp\/v2\/product_cat?post=3154"},{"taxonomy":"product_tag","embeddable":true,"href":"https:\/\/easyliferobo.com\/de\/wp-json\/wp\/v2\/product_tag?post=3154"}],"curies":[{"name":"wp","href":"https:\/\/api.w.org\/{rel}","templated":true}]}}