
{"id":3143,"date":"2026-02-27T06:09:49","date_gmt":"2026-02-27T06:09:49","guid":{"rendered":"https:\/\/easyliferobo.com\/de\/product\/wlan-ueberwachungskamera-fuer-den-innenbereich-360-ki-kameraueberwachung-mit-benutzerdefinierten-szenariowarnungen-reduzierung-von-fehlalarmen-funktioniert-mit-alexa-24-g-wlan-4-stueck\/"},"modified":"2026-02-27T06:10:08","modified_gmt":"2026-02-27T06:10:08","slug":"wlan-ueberwachungskamera-fuer-den-innenbereich-360-ki-kameraueberwachung-mit-benutzerdefinierten-szenariowarnungen-reduzierung-von-fehlalarmen-funktioniert-mit-alexa-24-g-wlan-4-stueck","status":"publish","type":"product","link":"https:\/\/easyliferobo.com\/de\/product\/wlan-ueberwachungskamera-fuer-den-innenbereich-360-ki-kameraueberwachung-mit-benutzerdefinierten-szenariowarnungen-reduzierung-von-fehlalarmen-funktioniert-mit-alexa-24-g-wlan-4-stueck\/","title":{"rendered":"WLAN-\u00dcberwachungskamera f\u00fcr den I..."},"content":{"rendered":"<p>\n                                             Von der Marke   <\/p>\n<p>                                              <img decoding=\"async\" alt=\"Geteilte Ansicht, die eine Au\u00dfen\u00fcberwachungskamera zeigt, die an der Au\u00dfenwand montiert ist, zusammen mit einem Video-Feed-Display, das die Kameraansicht zeigt.\" src=\"https:\/\/images-na.ssl-images-amazon.com\/images\/G\/01\/x-locale\/common\/grey-pixel.gif\" class=\"a-lazy-loaded\" data-src=\"https:\/\/m.media-amazon.com\/images\/S\/aplus-media-library-service-media\/add244be-2860-41c0-86fe-7ce371f2a407.__CR0,0,1464,625_PT0_SX1464_V1___.jpg\"><img decoding=\"async\" alt=\"Geteilte Ansicht, die eine Au\u00dfen\u00fcberwachungskamera zeigt, die an der Au\u00dfenwand montiert ist, zusammen mit einem Video-Feed-Display, das die Kameraansicht zeigt.\" src=\"https:\/\/m.media-amazon.com\/images\/S\/aplus-media-library-service-media\/add244be-2860-41c0-86fe-7ce371f2a407.__CR0,0,1464,625_PT0_SX1464_V1___.jpg\">  <\/p>\n<p>                                              <img decoding=\"async\" alt=\"eine Grafik, die die verschiedenen Arten von Sicherheitssystemen\" src=\"https:\/\/images-na.ssl-images-amazon.com\/images\/G\/01\/x-locale\/common\/grey-pixel.gif\" class=\"a-lazy-loaded\" data-src=\"https:\/\/m.media-amazon.com\/images\/S\/aplus-media-library-service-media\/7df639c1-ef2d-4fc6-b44d-84b00fcd030a.__CR0,0,362,453_PT0_SX362_V1___.jpg\"><img decoding=\"async\" alt=\"eine Grafik, die die verschiedenen Arten von Sicherheitssystemen\" src=\"https:\/\/m.media-amazon.com\/images\/S\/aplus-media-library-service-media\/7df639c1-ef2d-4fc6-b44d-84b00fcd030a.__CR0,0,362,453_PT0_SX362_V1___.jpg\">  <\/p>\n<p>                                              <img decoding=\"async\" alt=\"Aplus-Inhaltsbild\" src=\"https:\/\/images-na.ssl-images-amazon.com\/images\/G\/01\/x-locale\/common\/grey-pixel.gif\" class=\"a-lazy-loaded\" data-src=\"https:\/\/m.media-amazon.com\/images\/S\/aplus-media-library-service-media\/cbd359cf-501a-46e2-a92d-b56b3599add6.__CR0,0,362,453_PT0_SX362_V1___.jpg\"><img decoding=\"async\" alt=\"Aplus-Inhaltsbild\" src=\"https:\/\/m.media-amazon.com\/images\/S\/aplus-media-library-service-media\/cbd359cf-501a-46e2-a92d-b56b3599add6.__CR0,0,362,453_PT0_SX362_V1___.jpg\">  <\/p>\n<p>                                              <img decoding=\"async\" alt=\"Aplus-Inhaltsbild\" src=\"https:\/\/images-na.ssl-images-amazon.com\/images\/G\/01\/x-locale\/common\/grey-pixel.gif\" class=\"a-lazy-loaded\" data-src=\"https:\/\/m.media-amazon.com\/images\/S\/aplus-media-library-service-media\/ac8f4bd4-552d-4042-9541-5a73c7b5cc42.__CR0,0,362,453_PT0_SX362_V1___.jpg\"><img decoding=\"async\" alt=\"Aplus-Inhaltsbild\" src=\"https:\/\/m.media-amazon.com\/images\/S\/aplus-media-library-service-media\/ac8f4bd4-552d-4042-9541-5a73c7b5cc42.__CR0,0,362,453_PT0_SX362_V1___.jpg\">  <\/p>\n<p>                                              <img decoding=\"async\" alt=\"Aplus-Inhaltsbild\" src=\"https:\/\/images-na.ssl-images-amazon.com\/images\/G\/01\/x-locale\/common\/grey-pixel.gif\" class=\"a-lazy-loaded\" data-src=\"https:\/\/m.media-amazon.com\/images\/S\/aplus-media-library-service-media\/17bde031-9c7c-465d-9e77-1f57a520fea5.__CR0,0,362,453_PT0_SX362_V1___.jpg\"><img decoding=\"async\" alt=\"Aplus-Inhaltsbild\" src=\"https:\/\/m.media-amazon.com\/images\/S\/aplus-media-library-service-media\/17bde031-9c7c-465d-9e77-1f57a520fea5.__CR0,0,362,453_PT0_SX362_V1___.jpg\">  <\/p>\n<p>                                              <img decoding=\"async\" alt=\"\" src=\"https:\/\/images-na.ssl-images-amazon.com\/images\/G\/01\/x-locale\/common\/grey-pixel.gif\" class=\"a-lazy-loaded\" data-src=\"https:\/\/m.media-amazon.com\/images\/S\/aplus-media-library-service-media\/d350731f-861a-44ad-9d59-001e0ee8f286.__CR0,0,362,453_PT0_SX362_V1___.jpg\"><img decoding=\"async\" alt=\"\" src=\"https:\/\/m.media-amazon.com\/images\/S\/aplus-media-library-service-media\/d350731f-861a-44ad-9d59-001e0ee8f286.__CR0,0,362,453_PT0_SX362_V1___.jpg\">  <\/p>\n<h3>  4G \u00dcberwachungskamera Solar <\/h3>\n<h3>  AMOROM \u00dcberwachungskamera <\/h3>\n<p>                                              <img decoding=\"async\" alt=\"Zusammengesetztes Bild mit vier Bereichen: moderner Eingangst\u00fcreingang, Garageninnenraum mit Autos, \u00fcppiger Garten mit Rasen und Bauernhaus mit wei\u00dfem Zaun. Jeder Abschnitt ist auf Deutsch beschriftet\" src=\"https:\/\/images-na.ssl-images-amazon.com\/images\/G\/01\/x-locale\/common\/grey-pixel.gif\" class=\"a-lazy-loaded\" data-src=\"https:\/\/m.media-amazon.com\/images\/S\/aplus-media-library-service-media\/22ee5659-6239-44b1-b5c3-fe25f8bb2514.__CR0,0,362,453_PT0_SX362_V1___.jpg\"><img decoding=\"async\" alt=\"Zusammengesetztes Bild mit vier Bereichen: moderner Eingangst\u00fcreingang, Garageninnenraum mit Autos, \u00fcppiger Garten mit Rasen und Bauernhaus mit wei\u00dfem Zaun. Jeder Abschnitt ist auf Deutsch beschriftet\" src=\"https:\/\/m.media-amazon.com\/images\/S\/aplus-media-library-service-media\/22ee5659-6239-44b1-b5c3-fe25f8bb2514.__CR0,0,362,453_PT0_SX362_V1___.jpg\">  <\/p>\n<p>                                              <img decoding=\"async\" alt=\"Intelligentes Lautsprecherger\u00e4t mit schwarzer Oberseite und roter Basis in festlicher Umgebung mit Bokeh-Lichtern im Hintergrund.\" src=\"https:\/\/images-na.ssl-images-amazon.com\/images\/G\/01\/x-locale\/common\/grey-pixel.gif\" class=\"a-lazy-loaded\" data-src=\"https:\/\/m.media-amazon.com\/images\/S\/aplus-media-library-service-media\/b21077f6-103d-480d-970c-5736b8d92174.__CR0,0,362,453_PT0_SX362_V1___.jpg\"><img decoding=\"async\" alt=\"Intelligentes Lautsprecherger\u00e4t mit schwarzer Oberseite und roter Basis in festlicher Umgebung mit Bokeh-Lichtern im Hintergrund.\" src=\"https:\/\/m.media-amazon.com\/images\/S\/aplus-media-library-service-media\/b21077f6-103d-480d-970c-5736b8d92174.__CR0,0,362,453_PT0_SX362_V1___.jpg\">  <\/p>\n<p>                                              <img decoding=\"async\" alt=\"\u00dcberwachungskamera\" src=\"https:\/\/images-na.ssl-images-amazon.com\/images\/G\/01\/x-locale\/common\/grey-pixel.gif\" class=\"a-lazy-loaded\" data-src=\"https:\/\/m.media-amazon.com\/images\/S\/aplus-media-library-service-media\/b07d738e-c8f9-44c8-abfe-0f86c0a0e4d9.__CR0,0,362,453_PT0_SX362_V1___.jpg\"><img decoding=\"async\" alt=\"\u00dcberwachungskamera\" src=\"https:\/\/m.media-amazon.com\/images\/S\/aplus-media-library-service-media\/b07d738e-c8f9-44c8-abfe-0f86c0a0e4d9.__CR0,0,362,453_PT0_SX362_V1___.jpg\">  <\/p>\n<p>KI-Szenariowarnungen anpassen: \u00dcber die Amorom-App k\u00f6nnen Sie genaue Szenarien anpassen (z. B. \u201eHaustiere klettern auf Theken!\u201c oder \u201eBabys weinen\u201c). Unsere \u00dcberwachungskamera erkennt Aktionen sofort und sendet Echtzeitbenachrichtigungen mit anschaulichen Details (z. B. \u201eHund springt auf den K\u00fcchentisch und frisst das Brot\u201c). Kein R\u00e4tselraten oder Fehlalarm mehr. Je \u00f6fter Sie es verwenden, desto intelligenter passt es sich Ihrem Leben an.<br \/>Bewegungserkennung und sofortige Benachrichtigungen: Die AMOROM-\u00dcberwachungskameras sind mit fortschrittlicher Bewegungserkennungstechnologie ausgestattet und senden sofortige Benachrichtigungen an Ihr Telefon, wenn eine Bewegung oder Flamme erkannt wird. Sie haben Ihr Zuhause immer im Blick, egal wo Sie sind. Es kann einfach in Ihrem Zuhause installiert werden, um einen effizienten Schutz vor Eindringlingen zu bieten und die Sicherheit Ihres Eigentums zu gew\u00e4hrleisten.<br \/>Sprachsteuerung und 2-Wege-Audio: F\u00fcr noch mehr Benutzerfreundlichkeit koppeln Sie Ihre AMOROM WiFi-Kamera mit Alexa-kompatiblen Ger\u00e4ten. Verwenden Sie einen einfachen Sprachbefehl, um Ihren Live-Kamera-Feed anzuzeigen. Diese \u00dcberwachungskamera verf\u00fcgt \u00fcber ein eingebautes Mikrofon und einen Lautsprecher. Sie k\u00f6nnen jederzeit und \u00fcberall mit Ihrer Familie, Kindern und Haustieren kommunizieren.<br \/>360\u00b0-Abdeckung und Nachtsicht: Mit 1080P High Definition und 360\u00b0-Drehung kann die AMOROM-\u00dcberwachungskamera eine klare Sicht auf den gesamten Raum erhalten und mehr Details erfassen. Sehen Sie ganz einfach, was Ihr Baby tut oder was Ihr Haustier spielt. Selbst nachts verpasst unsere WLAN-Kamera nichts, was passiert. Dies ist dem integrierten IR-System dieser \u00dcberwachungskamera zu verdanken, das eine Nachtsichtreichweite von 9 m bietet.<br \/>Sch\u00fctzen Sie Ihre Privatsph\u00e4re: Die AMOROM-\u00dcberwachungskamera verf\u00fcgt \u00fcber einen Datenschutzmodus. Sie k\u00f6nnen das Kameraobjektiv vollst\u00e4ndig abdecken und \u00fcber die Amorom-App ausschalten, ohne es selbst ausstecken zu m\u00fcssen. Die AMOROM \u00dcberwachungskamera unterst\u00fctzt bis zu 128 GB Mciro SD-Karte (nicht im Lieferumfang enthalten) oder Cloud-Speicher in der App zum Speichern der Videos. Alle aufgezeichneten Videos sind mit AWS Cloud vollst\u00e4ndig gesch\u00fctzt und verschl\u00fcsselt.<br \/>Mehrbenutzer und Mehrfachansicht: Die AMOROM-\u00dcberwachungskamera unterst\u00fctzt eine unbegrenzte Anzahl von Benutzern f\u00fcr die gleichzeitige Anzeige. Sie k\u00f6nnen Ihre Innenkamera f\u00fcr interessante Momente mit Freunden und Familie teilen. Mit der Amorom-App k\u00f6nnen f\u00fcr die Sicherheit Ihres Zuhauses mehrere Kameras hinzugef\u00fcgt werden, um 16 Live-Videos auf einem Bildschirm anzuzeigen, sodass Sie mehrere Bereiche Ihres Zuhauses gleichzeitig bequemer betrachten k\u00f6nnen.<\/p>\n<p>[ad_2]<\/p>\n","protected":false},"excerpt":{"rendered":"<p>Von der Marke 4G \u00dcberwachungskamera Solar AMOROM \u00dcberwachungskamera KI-Szenariowarnungen anpassen: \u00dcber die Amorom-App k\u00f6nnen Sie genaue Szenarien anpassen (z. B. \u201eHaustiere klettern auf Theken!\u201c oder \u201eBabys weinen\u201c). Unsere \u00dcberwachungskamera erkennt Aktionen sofort und sendet Echtzeitbenachrichtigungen mit anschaulichen Details (z. B. \u201eHund springt auf den K\u00fcchentisch und frisst das Brot\u201c). Kein R\u00e4tselraten oder Fehlalarm mehr. Je [&hellip;]<\/p>\n","protected":false},"featured_media":3144,"comment_status":"open","ping_status":"closed","template":"","meta":{"_aipt_faq_data":""},"store":[],"product_brand":[260],"product_cat":[113],"product_tag":[259],"class_list":{"0":"post-3143","1":"product","2":"type-product","3":"status-publish","4":"has-post-thumbnail","6":"product_brand-amorom","7":"product_cat-ueberwachungsroboter","8":"product_tag-ueberwachungsroboter-mit-ki-erkennung","10":"first","11":"instock","12":"sale","13":"shipping-taxable","14":"product-type-external"},"yoast_head":"<!-- This site is optimized with the Yoast SEO plugin v27.4 - https:\/\/yoast.com\/product\/yoast-seo-wordpress\/ -->\n<title>WLAN-\u00dcberwachungskamera f\u00fcr den Innenbereich, 360\u00b0, KI-Kamera\u00fcberwachung mit benutzerdefinierten Szenariowarnungen (Reduzierung von Fehlalarmen), Funktioniert mit Alexa, 2,4 G WLAN, 4 St\u00fcck - EasyLifeBro<\/title>\n<meta name=\"description\" content=\"Entdecken Sie smarte Roboter f\u00fcr Zuhause, Garten, Bildung und Sicherheit. Vergleichen Sie Saugroboter, Rasenm\u00e4hroboter, KI-Begleitroboter und mehr bei EasyLifeRobo.\" \/>\n<meta name=\"robots\" content=\"index, follow, max-snippet:-1, max-image-preview:large, max-video-preview:-1\" \/>\n<link rel=\"canonical\" href=\"https:\/\/easyliferobo.com\/de\/product\/wlan-ueberwachungskamera-fuer-den-innenbereich-360-ki-kameraueberwachung-mit-benutzerdefinierten-szenariowarnungen-reduzierung-von-fehlalarmen-funktioniert-mit-alexa-24-g-wlan-4-stueck\/\" \/>\n<meta property=\"og:locale\" content=\"de_DE\" \/>\n<meta property=\"og:type\" content=\"article\" \/>\n<meta property=\"og:title\" content=\"WLAN-\u00dcberwachungskamera f\u00fcr den Innenbereich, 360\u00b0, KI-Kamera\u00fcberwachung mit benutzerdefinierten Szenariowarnungen (Reduzierung von Fehlalarmen), Funktioniert mit Alexa, 2,4 G WLAN, 4 St\u00fcck - EasyLifeBro\" \/>\n<meta property=\"og:description\" content=\"Entdecken Sie smarte Roboter f\u00fcr Zuhause, Garten, Bildung und Sicherheit. Vergleichen Sie Saugroboter, Rasenm\u00e4hroboter, KI-Begleitroboter und mehr bei EasyLifeRobo.\" \/>\n<meta property=\"og:url\" content=\"https:\/\/easyliferobo.com\/de\/product\/wlan-ueberwachungskamera-fuer-den-innenbereich-360-ki-kameraueberwachung-mit-benutzerdefinierten-szenariowarnungen-reduzierung-von-fehlalarmen-funktioniert-mit-alexa-24-g-wlan-4-stueck\/\" \/>\n<meta property=\"og:site_name\" content=\"EasyLifeBro\" \/>\n<meta property=\"article:modified_time\" content=\"2026-02-27T06:10:08+00:00\" \/>\n<meta property=\"og:image\" content=\"https:\/\/images-na.ssl-images-amazon.com\/images\/G\/01\/x-locale\/common\/grey-pixel.gif\" \/>\n<meta name=\"twitter:card\" content=\"summary_large_image\" \/>\n<meta name=\"twitter:label1\" content=\"Gesch\u00e4tzte Lesezeit\" \/>\n\t<meta name=\"twitter:data1\" content=\"2\u00a0Minuten\" \/>\n<script type=\"application\/ld+json\" class=\"yoast-schema-graph\">{\"@context\":\"https:\\\/\\\/schema.org\",\"@graph\":[{\"@type\":\"WebPage\",\"@id\":\"https:\\\/\\\/easyliferobo.com\\\/de\\\/product\\\/wlan-ueberwachungskamera-fuer-den-innenbereich-360-ki-kameraueberwachung-mit-benutzerdefinierten-szenariowarnungen-reduzierung-von-fehlalarmen-funktioniert-mit-alexa-24-g-wlan-4-stueck\\\/\",\"url\":\"https:\\\/\\\/easyliferobo.com\\\/de\\\/product\\\/wlan-ueberwachungskamera-fuer-den-innenbereich-360-ki-kameraueberwachung-mit-benutzerdefinierten-szenariowarnungen-reduzierung-von-fehlalarmen-funktioniert-mit-alexa-24-g-wlan-4-stueck\\\/\",\"name\":\"WLAN-\u00dcberwachungskamera f\u00fcr den Innenbereich, 360\u00b0, KI-Kamera\u00fcberwachung mit benutzerdefinierten Szenariowarnungen (Reduzierung von Fehlalarmen), Funktioniert mit Alexa, 2,4 G WLAN, 4 St\u00fcck - EasyLifeBro\",\"isPartOf\":{\"@id\":\"https:\\\/\\\/easyliferobo.com\\\/de\\\/#website\"},\"primaryImageOfPage\":{\"@id\":\"https:\\\/\\\/easyliferobo.com\\\/de\\\/product\\\/wlan-ueberwachungskamera-fuer-den-innenbereich-360-ki-kameraueberwachung-mit-benutzerdefinierten-szenariowarnungen-reduzierung-von-fehlalarmen-funktioniert-mit-alexa-24-g-wlan-4-stueck\\\/#primaryimage\"},\"image\":{\"@id\":\"https:\\\/\\\/easyliferobo.com\\\/de\\\/product\\\/wlan-ueberwachungskamera-fuer-den-innenbereich-360-ki-kameraueberwachung-mit-benutzerdefinierten-szenariowarnungen-reduzierung-von-fehlalarmen-funktioniert-mit-alexa-24-g-wlan-4-stueck\\\/#primaryimage\"},\"thumbnailUrl\":\"https:\\\/\\\/easyliferobo.com\\\/de\\\/wp-content\\\/uploads\\\/2026\\\/02\\\/71lw14ALyfL._AC_SL1500_.jpg\",\"datePublished\":\"2026-02-27T06:09:49+00:00\",\"dateModified\":\"2026-02-27T06:10:08+00:00\",\"description\":\"Entdecken Sie smarte Roboter f\u00fcr Zuhause, Garten, Bildung und Sicherheit. Vergleichen Sie Saugroboter, Rasenm\u00e4hroboter, KI-Begleitroboter und mehr bei EasyLifeRobo.\",\"breadcrumb\":{\"@id\":\"https:\\\/\\\/easyliferobo.com\\\/de\\\/product\\\/wlan-ueberwachungskamera-fuer-den-innenbereich-360-ki-kameraueberwachung-mit-benutzerdefinierten-szenariowarnungen-reduzierung-von-fehlalarmen-funktioniert-mit-alexa-24-g-wlan-4-stueck\\\/#breadcrumb\"},\"inLanguage\":\"de\",\"potentialAction\":[{\"@type\":\"ReadAction\",\"target\":[\"https:\\\/\\\/easyliferobo.com\\\/de\\\/product\\\/wlan-ueberwachungskamera-fuer-den-innenbereich-360-ki-kameraueberwachung-mit-benutzerdefinierten-szenariowarnungen-reduzierung-von-fehlalarmen-funktioniert-mit-alexa-24-g-wlan-4-stueck\\\/\"]}]},{\"@type\":\"ImageObject\",\"inLanguage\":\"de\",\"@id\":\"https:\\\/\\\/easyliferobo.com\\\/de\\\/product\\\/wlan-ueberwachungskamera-fuer-den-innenbereich-360-ki-kameraueberwachung-mit-benutzerdefinierten-szenariowarnungen-reduzierung-von-fehlalarmen-funktioniert-mit-alexa-24-g-wlan-4-stueck\\\/#primaryimage\",\"url\":\"https:\\\/\\\/easyliferobo.com\\\/de\\\/wp-content\\\/uploads\\\/2026\\\/02\\\/71lw14ALyfL._AC_SL1500_.jpg\",\"contentUrl\":\"https:\\\/\\\/easyliferobo.com\\\/de\\\/wp-content\\\/uploads\\\/2026\\\/02\\\/71lw14ALyfL._AC_SL1500_.jpg\",\"width\":1500,\"height\":1304},{\"@type\":\"BreadcrumbList\",\"@id\":\"https:\\\/\\\/easyliferobo.com\\\/de\\\/product\\\/wlan-ueberwachungskamera-fuer-den-innenbereich-360-ki-kameraueberwachung-mit-benutzerdefinierten-szenariowarnungen-reduzierung-von-fehlalarmen-funktioniert-mit-alexa-24-g-wlan-4-stueck\\\/#breadcrumb\",\"itemListElement\":[{\"@type\":\"ListItem\",\"position\":1,\"name\":\"Home\",\"item\":\"https:\\\/\\\/easyliferobo.com\\\/de\\\/\"},{\"@type\":\"ListItem\",\"position\":2,\"name\":\"Shop\",\"item\":\"https:\\\/\\\/easyliferobo.com\\\/de\\\/shop\\\/\"},{\"@type\":\"ListItem\",\"position\":3,\"name\":\"WLAN-\u00dcberwachungskamera f\u00fcr den I...\"}]},{\"@type\":\"WebSite\",\"@id\":\"https:\\\/\\\/easyliferobo.com\\\/de\\\/#website\",\"url\":\"https:\\\/\\\/easyliferobo.com\\\/de\\\/\",\"name\":\"EasyLifeBro\",\"description\":\"Smarte Roboter f\u00fcr Zuhause, Garten &amp; Bildung\",\"publisher\":{\"@id\":\"https:\\\/\\\/easyliferobo.com\\\/de\\\/#organization\"},\"potentialAction\":[{\"@type\":\"SearchAction\",\"target\":{\"@type\":\"EntryPoint\",\"urlTemplate\":\"https:\\\/\\\/easyliferobo.com\\\/de\\\/?s={search_term_string}\"},\"query-input\":{\"@type\":\"PropertyValueSpecification\",\"valueRequired\":true,\"valueName\":\"search_term_string\"}}],\"inLanguage\":\"de\"},{\"@type\":\"Organization\",\"@id\":\"https:\\\/\\\/easyliferobo.com\\\/de\\\/#organization\",\"name\":\"EasyLifeBro\",\"url\":\"https:\\\/\\\/easyliferobo.com\\\/de\\\/\",\"logo\":{\"@type\":\"ImageObject\",\"inLanguage\":\"de\",\"@id\":\"https:\\\/\\\/easyliferobo.com\\\/de\\\/#\\\/schema\\\/logo\\\/image\\\/\",\"url\":\"https:\\\/\\\/easyliferobo.com\\\/de\\\/wp-content\\\/uploads\\\/2026\\\/02\\\/Screenshot-2026-02-22-at-2.25.03-PM.png\",\"contentUrl\":\"https:\\\/\\\/easyliferobo.com\\\/de\\\/wp-content\\\/uploads\\\/2026\\\/02\\\/Screenshot-2026-02-22-at-2.25.03-PM.png\",\"width\":1858,\"height\":430,\"caption\":\"EasyLifeBro\"},\"image\":{\"@id\":\"https:\\\/\\\/easyliferobo.com\\\/de\\\/#\\\/schema\\\/logo\\\/image\\\/\"}}]}<\/script>\n<!-- \/ Yoast SEO plugin. -->","yoast_head_json":{"title":"WLAN-\u00dcberwachungskamera f\u00fcr den Innenbereich, 360\u00b0, KI-Kamera\u00fcberwachung mit benutzerdefinierten Szenariowarnungen (Reduzierung von Fehlalarmen), Funktioniert mit Alexa, 2,4 G WLAN, 4 St\u00fcck - EasyLifeBro","description":"Entdecken Sie smarte Roboter f\u00fcr Zuhause, Garten, Bildung und Sicherheit. Vergleichen Sie Saugroboter, Rasenm\u00e4hroboter, KI-Begleitroboter und mehr bei EasyLifeRobo.","robots":{"index":"index","follow":"follow","max-snippet":"max-snippet:-1","max-image-preview":"max-image-preview:large","max-video-preview":"max-video-preview:-1"},"canonical":"https:\/\/easyliferobo.com\/de\/product\/wlan-ueberwachungskamera-fuer-den-innenbereich-360-ki-kameraueberwachung-mit-benutzerdefinierten-szenariowarnungen-reduzierung-von-fehlalarmen-funktioniert-mit-alexa-24-g-wlan-4-stueck\/","og_locale":"de_DE","og_type":"article","og_title":"WLAN-\u00dcberwachungskamera f\u00fcr den Innenbereich, 360\u00b0, KI-Kamera\u00fcberwachung mit benutzerdefinierten Szenariowarnungen (Reduzierung von Fehlalarmen), Funktioniert mit Alexa, 2,4 G WLAN, 4 St\u00fcck - EasyLifeBro","og_description":"Entdecken Sie smarte Roboter f\u00fcr Zuhause, Garten, Bildung und Sicherheit. Vergleichen Sie Saugroboter, Rasenm\u00e4hroboter, KI-Begleitroboter und mehr bei EasyLifeRobo.","og_url":"https:\/\/easyliferobo.com\/de\/product\/wlan-ueberwachungskamera-fuer-den-innenbereich-360-ki-kameraueberwachung-mit-benutzerdefinierten-szenariowarnungen-reduzierung-von-fehlalarmen-funktioniert-mit-alexa-24-g-wlan-4-stueck\/","og_site_name":"EasyLifeBro","article_modified_time":"2026-02-27T06:10:08+00:00","og_image":[{"url":"https:\/\/images-na.ssl-images-amazon.com\/images\/G\/01\/x-locale\/common\/grey-pixel.gif","type":"","width":"","height":""}],"twitter_card":"summary_large_image","twitter_misc":{"Gesch\u00e4tzte Lesezeit":"2\u00a0Minuten"},"schema":{"@context":"https:\/\/schema.org","@graph":[{"@type":"WebPage","@id":"https:\/\/easyliferobo.com\/de\/product\/wlan-ueberwachungskamera-fuer-den-innenbereich-360-ki-kameraueberwachung-mit-benutzerdefinierten-szenariowarnungen-reduzierung-von-fehlalarmen-funktioniert-mit-alexa-24-g-wlan-4-stueck\/","url":"https:\/\/easyliferobo.com\/de\/product\/wlan-ueberwachungskamera-fuer-den-innenbereich-360-ki-kameraueberwachung-mit-benutzerdefinierten-szenariowarnungen-reduzierung-von-fehlalarmen-funktioniert-mit-alexa-24-g-wlan-4-stueck\/","name":"WLAN-\u00dcberwachungskamera f\u00fcr den Innenbereich, 360\u00b0, KI-Kamera\u00fcberwachung mit benutzerdefinierten Szenariowarnungen (Reduzierung von Fehlalarmen), Funktioniert mit Alexa, 2,4 G WLAN, 4 St\u00fcck - EasyLifeBro","isPartOf":{"@id":"https:\/\/easyliferobo.com\/de\/#website"},"primaryImageOfPage":{"@id":"https:\/\/easyliferobo.com\/de\/product\/wlan-ueberwachungskamera-fuer-den-innenbereich-360-ki-kameraueberwachung-mit-benutzerdefinierten-szenariowarnungen-reduzierung-von-fehlalarmen-funktioniert-mit-alexa-24-g-wlan-4-stueck\/#primaryimage"},"image":{"@id":"https:\/\/easyliferobo.com\/de\/product\/wlan-ueberwachungskamera-fuer-den-innenbereich-360-ki-kameraueberwachung-mit-benutzerdefinierten-szenariowarnungen-reduzierung-von-fehlalarmen-funktioniert-mit-alexa-24-g-wlan-4-stueck\/#primaryimage"},"thumbnailUrl":"https:\/\/easyliferobo.com\/de\/wp-content\/uploads\/2026\/02\/71lw14ALyfL._AC_SL1500_.jpg","datePublished":"2026-02-27T06:09:49+00:00","dateModified":"2026-02-27T06:10:08+00:00","description":"Entdecken Sie smarte Roboter f\u00fcr Zuhause, Garten, Bildung und Sicherheit. Vergleichen Sie Saugroboter, Rasenm\u00e4hroboter, KI-Begleitroboter und mehr bei EasyLifeRobo.","breadcrumb":{"@id":"https:\/\/easyliferobo.com\/de\/product\/wlan-ueberwachungskamera-fuer-den-innenbereich-360-ki-kameraueberwachung-mit-benutzerdefinierten-szenariowarnungen-reduzierung-von-fehlalarmen-funktioniert-mit-alexa-24-g-wlan-4-stueck\/#breadcrumb"},"inLanguage":"de","potentialAction":[{"@type":"ReadAction","target":["https:\/\/easyliferobo.com\/de\/product\/wlan-ueberwachungskamera-fuer-den-innenbereich-360-ki-kameraueberwachung-mit-benutzerdefinierten-szenariowarnungen-reduzierung-von-fehlalarmen-funktioniert-mit-alexa-24-g-wlan-4-stueck\/"]}]},{"@type":"ImageObject","inLanguage":"de","@id":"https:\/\/easyliferobo.com\/de\/product\/wlan-ueberwachungskamera-fuer-den-innenbereich-360-ki-kameraueberwachung-mit-benutzerdefinierten-szenariowarnungen-reduzierung-von-fehlalarmen-funktioniert-mit-alexa-24-g-wlan-4-stueck\/#primaryimage","url":"https:\/\/easyliferobo.com\/de\/wp-content\/uploads\/2026\/02\/71lw14ALyfL._AC_SL1500_.jpg","contentUrl":"https:\/\/easyliferobo.com\/de\/wp-content\/uploads\/2026\/02\/71lw14ALyfL._AC_SL1500_.jpg","width":1500,"height":1304},{"@type":"BreadcrumbList","@id":"https:\/\/easyliferobo.com\/de\/product\/wlan-ueberwachungskamera-fuer-den-innenbereich-360-ki-kameraueberwachung-mit-benutzerdefinierten-szenariowarnungen-reduzierung-von-fehlalarmen-funktioniert-mit-alexa-24-g-wlan-4-stueck\/#breadcrumb","itemListElement":[{"@type":"ListItem","position":1,"name":"Home","item":"https:\/\/easyliferobo.com\/de\/"},{"@type":"ListItem","position":2,"name":"Shop","item":"https:\/\/easyliferobo.com\/de\/shop\/"},{"@type":"ListItem","position":3,"name":"WLAN-\u00dcberwachungskamera f\u00fcr den I..."}]},{"@type":"WebSite","@id":"https:\/\/easyliferobo.com\/de\/#website","url":"https:\/\/easyliferobo.com\/de\/","name":"EasyLifeBro","description":"Smarte Roboter f\u00fcr Zuhause, Garten &amp; Bildung","publisher":{"@id":"https:\/\/easyliferobo.com\/de\/#organization"},"potentialAction":[{"@type":"SearchAction","target":{"@type":"EntryPoint","urlTemplate":"https:\/\/easyliferobo.com\/de\/?s={search_term_string}"},"query-input":{"@type":"PropertyValueSpecification","valueRequired":true,"valueName":"search_term_string"}}],"inLanguage":"de"},{"@type":"Organization","@id":"https:\/\/easyliferobo.com\/de\/#organization","name":"EasyLifeBro","url":"https:\/\/easyliferobo.com\/de\/","logo":{"@type":"ImageObject","inLanguage":"de","@id":"https:\/\/easyliferobo.com\/de\/#\/schema\/logo\/image\/","url":"https:\/\/easyliferobo.com\/de\/wp-content\/uploads\/2026\/02\/Screenshot-2026-02-22-at-2.25.03-PM.png","contentUrl":"https:\/\/easyliferobo.com\/de\/wp-content\/uploads\/2026\/02\/Screenshot-2026-02-22-at-2.25.03-PM.png","width":1858,"height":430,"caption":"EasyLifeBro"},"image":{"@id":"https:\/\/easyliferobo.com\/de\/#\/schema\/logo\/image\/"}}]}},"_links":{"self":[{"href":"https:\/\/easyliferobo.com\/de\/wp-json\/wp\/v2\/product\/3143","targetHints":{"allow":["GET"]}}],"collection":[{"href":"https:\/\/easyliferobo.com\/de\/wp-json\/wp\/v2\/product"}],"about":[{"href":"https:\/\/easyliferobo.com\/de\/wp-json\/wp\/v2\/types\/product"}],"replies":[{"embeddable":true,"href":"https:\/\/easyliferobo.com\/de\/wp-json\/wp\/v2\/comments?post=3143"}],"wp:featuredmedia":[{"embeddable":true,"href":"https:\/\/easyliferobo.com\/de\/wp-json\/wp\/v2\/media\/3144"}],"wp:attachment":[{"href":"https:\/\/easyliferobo.com\/de\/wp-json\/wp\/v2\/media?parent=3143"}],"wp:term":[{"taxonomy":"store","embeddable":true,"href":"https:\/\/easyliferobo.com\/de\/wp-json\/wp\/v2\/store?post=3143"},{"taxonomy":"product_brand","embeddable":true,"href":"https:\/\/easyliferobo.com\/de\/wp-json\/wp\/v2\/product_brand?post=3143"},{"taxonomy":"product_cat","embeddable":true,"href":"https:\/\/easyliferobo.com\/de\/wp-json\/wp\/v2\/product_cat?post=3143"},{"taxonomy":"product_tag","embeddable":true,"href":"https:\/\/easyliferobo.com\/de\/wp-json\/wp\/v2\/product_tag?post=3143"}],"curies":[{"name":"wp","href":"https:\/\/api.w.org\/{rel}","templated":true}]}}