
{"id":314,"date":"2026-02-22T09:25:55","date_gmt":"2026-02-22T09:25:55","guid":{"rendered":"https:\/\/easyliferobo.com\/de\/product\/roboterspielzeug-fuer-kinder-ab-4-5-6-7-8-9-10-jahre-alt-jungen-maedchen-roboter-kinder-ferngesteuerter-roboter-programmierbarer-rc-roboter-mit-gestensteuerung-lauflernspielzeug-fuer-geburtstagsgesch\/"},"modified":"2026-02-22T09:26:21","modified_gmt":"2026-02-22T09:26:21","slug":"roboterspielzeug-fuer-kinder-ab-4-5-6-7-8-9-10-jahre-alt-jungen-maedchen-roboter-kinder-ferngesteuerter-roboter-programmierbarer-rc-roboter-mit-gestensteuerung-lauflernspielzeug-fuer-geburtstagsgesch","status":"publish","type":"product","link":"https:\/\/easyliferobo.com\/de\/product\/roboterspielzeug-fuer-kinder-ab-4-5-6-7-8-9-10-jahre-alt-jungen-maedchen-roboter-kinder-ferngesteuerter-roboter-programmierbarer-rc-roboter-mit-gestensteuerung-lauflernspielzeug-fuer-geburtstagsgesch\/","title":{"rendered":"Roboterspielzeug f\u00fcr Kinder ab 4 5..."},"content":{"rendered":"<p>\n                                             Produktbeschreibung   <\/p>\n<h3 class=\"a-spacing-mini\"> Dies ist das perfekte Roboterspielzeug f\u00fcr 6-7-8-j\u00e4hrige Kinder <\/h3>\n<p>                                          <img decoding=\"async\" alt=\"Roboter Kinderroboterspielzeug ab 4 5 6 7 8 9 10 Jahren \" src=\"https:\/\/images-na.ssl-images-amazon.com\/images\/G\/01\/x-locale\/common\/grey-pixel.gif\" class=\"a-spacing-base a-lazy-loaded\" data-src=\"https:\/\/m.media-amazon.com\/images\/S\/aplus-media-library-service-media\/17127a25-a9f9-412c-838c-80ced9f6cb62.__CR0,0,970,600_PT0_SX970_V1___.jpg\"><img decoding=\"async\" alt=\"Roboter Kinderroboterspielzeug ab 4 5 6 7 8 9 10 Jahren \" src=\"https:\/\/m.media-amazon.com\/images\/S\/aplus-media-library-service-media\/17127a25-a9f9-412c-838c-80ced9f6cb62.__CR0,0,970,600_PT0_SX970_V1___.jpg\">                                         <\/p>\n<h3 class=\"a-spacing-mini\">  Intelligenter Roboter \u2013 ferngesteuertes Roboterspielzeug f\u00fcr Kinder <\/h3>\n<p class=\"a-spacing-base\">  Dieser ferngesteuerte Roboter f\u00fcr Kinder im Alter von 6 7 8 9 10 11 12 Jahren besteht aus hochwertigem, ungiftigem ABS-Kunststoff, der Gesundheitssicherheit und Verschlei\u00dffestigkeit gew\u00e4hrleistet. Das Roboterspielzeug verf\u00fcgt \u00fcber viele Funktionen, \u00fcber die sich Kinder sehr freuen werden, wenn sie es geschenkt bekommen. <\/p>\n<p class=\"apm-text-center\">\n                                                      <img decoding=\"async\" alt=\"Roboter Kinderroboterspielzeug ab 4 5 6 7 8 9 10 Jahre junge Roboterkinder \" src=\"https:\/\/images-na.ssl-images-amazon.com\/images\/G\/01\/x-locale\/common\/grey-pixel.gif\" class=\"a-spacing-mini a-lazy-loaded\" data-src=\"https:\/\/m.media-amazon.com\/images\/S\/aplus-media-library-service-media\/1f3bbbb7-bd23-4eb4-bddc-16751f72af37.__CR0,0,1601,1601_PT0_SX300_V1___.jpg\"><img decoding=\"async\" alt=\"Roboter Kinderroboterspielzeug ab 4 5 6 7 8 9 10 Jahre junge Roboterkinder \" src=\"https:\/\/m.media-amazon.com\/images\/S\/aplus-media-library-service-media\/1f3bbbb7-bd23-4eb4-bddc-16751f72af37.__CR0,0,1601,1601_PT0_SX300_V1___.jpg\">  <\/p>\n<p>                                                    Ein toller Spieltreiber                                       <\/p>\n<p> Das Roboterspielzeug kann singen und tanzen und auch einfach ein paar popul\u00e4rwissenschaftliche Geschichten erz\u00e4hlen und mit mehr Spa\u00df ein paar gute Gewohnheiten lehren \u2013 ein tolles Spielzeug f\u00fcr kleine Kinder im Alter von 4, 5, 6, 7, 8, 9, 10, 11 und 12 Jahren. <\/p>\n<p class=\"apm-text-center\">\n                                                      <img decoding=\"async\" alt=\"Roboter Kinderroboterspielzeug ab 4 5 6 7 8 9 10 Jahren\" src=\"https:\/\/images-na.ssl-images-amazon.com\/images\/G\/01\/x-locale\/common\/grey-pixel.gif\" class=\"a-spacing-mini a-lazy-loaded\" data-src=\"https:\/\/m.media-amazon.com\/images\/S\/aplus-media-library-service-media\/6179ed8a-025f-4b48-8f9f-b45ad0a83a1a.__CR0,0,1601,1601_PT0_SX300_V1___.jpg\"><img decoding=\"async\" alt=\"Roboter Kinderroboterspielzeug ab 4 5 6 7 8 9 10 Jahren\" src=\"https:\/\/m.media-amazon.com\/images\/S\/aplus-media-library-service-media\/6179ed8a-025f-4b48-8f9f-b45ad0a83a1a.__CR0,0,1601,1601_PT0_SX300_V1___.jpg\">  <\/p>\n<p>                                                    Intelligente Programmierung                                       <\/p>\n<p> Programmieren Sie ein funktionsspezifisches Design f\u00fcr die Roboterkinder. Kann so programmiert werden, dass beim Erstellen Bewegungen ausgef\u00fchrt werden <\/p>\n<p class=\"apm-text-center\">\n                                                      <img decoding=\"async\" alt=\"Roboter Kinderroboterspielzeug ab 4 5 6 7 8 9 10 Jahre Junge Roboter\" src=\"https:\/\/images-na.ssl-images-amazon.com\/images\/G\/01\/x-locale\/common\/grey-pixel.gif\" class=\"a-spacing-mini a-lazy-loaded\" data-src=\"https:\/\/m.media-amazon.com\/images\/S\/aplus-media-library-service-media\/f9983f07-4e18-45d3-9e65-7d1abde00e17.__CR0,0,1601,1601_PT0_SX300_V1___.jpg\"><img decoding=\"async\" alt=\"Roboter Kinderroboterspielzeug ab 4 5 6 7 8 9 10 Jahre Junge Roboter\" src=\"https:\/\/m.media-amazon.com\/images\/S\/aplus-media-library-service-media\/f9983f07-4e18-45d3-9e65-7d1abde00e17.__CR0,0,1601,1601_PT0_SX300_V1___.jpg\">  <\/p>\n<p>                                                    Gestenerkennungsmodus                                       <\/p>\n<p> Das ferngesteuerte Roboterspielzeug verf\u00fcgt \u00fcber eine Gestenerkennung mit integriertem Infrarotsystem, das eine vollst\u00e4ndige Richtungssteuerung erm\u00f6glicht, einschlie\u00dflich Vorw\u00e4rts-, R\u00fcckw\u00e4rts-, Links- und Rechtsdrehung durch Ihre Gesten. <\/p>\n<p>                                                  <img decoding=\"async\" alt=\"Roboter Kinderroboterspielzeug ab 4 5 6 7 8 9 10 Jahren\" src=\"https:\/\/images-na.ssl-images-amazon.com\/images\/G\/01\/x-locale\/common\/grey-pixel.gif\" class=\"a-spacing-mini a-lazy-loaded\" data-src=\"https:\/\/m.media-amazon.com\/images\/S\/aplus-media-library-service-media\/1b421507-84c0-4e35-951c-6a6b7a9f3f30.__CR0,0,1601,1601_PT0_SX300_V1___.jpg\"><img decoding=\"async\" alt=\"Roboter Kinderroboterspielzeug ab 4 5 6 7 8 9 10 Jahren\" src=\"https:\/\/m.media-amazon.com\/images\/S\/aplus-media-library-service-media\/1b421507-84c0-4e35-951c-6a6b7a9f3f30.__CR0,0,1601,1601_PT0_SX300_V1___.jpg\">  <\/p>\n<h3 class=\"a-spacing-mini\">  Singen und tanzen <\/h3>\n<p>  Mit diesem Roboter k\u00f6nnen Kinder singen und tanzen. Roboterkinder im Alter von 6, 7, 8, 9, 10, 11 und 12 Jahren werden es sehr lieben und die Familie kann gemeinsam singen und tanzen. Mit diesem intelligenten Roboter wird es jede Menge Spa\u00df machen <\/p>\n<p>                                                  <img decoding=\"async\" alt=\"Roboter Kinderroboterspielzeug ab 4 5 6 7 8 9 10 Jahren\" src=\"https:\/\/images-na.ssl-images-amazon.com\/images\/G\/01\/x-locale\/common\/grey-pixel.gif\" class=\"a-lazy-loaded\" data-src=\"https:\/\/m.media-amazon.com\/images\/S\/aplus-media-library-service-media\/ce2013f8-2077-46ab-801f-c22d0eb7b6e3.__CR0,0,1601,1601_PT0_SX300_V1___.jpg\"><img decoding=\"async\" alt=\"Roboter Kinderroboterspielzeug ab 4 5 6 7 8 9 10 Jahren\" src=\"https:\/\/m.media-amazon.com\/images\/S\/aplus-media-library-service-media\/ce2013f8-2077-46ab-801f-c22d0eb7b6e3.__CR0,0,1601,1601_PT0_SX300_V1___.jpg\">  <\/p>\n<h3 class=\"a-spacing-mini\">  Perfektes Geschenk f\u00fcr Kinder <\/h3>\n<p>  1 * Roboter <\/p>\n<p>  1 x Infrarot-Controller <\/p>\n<p>  1 x USB-Kabel <\/p>\n<p>  1 x Bedienungsanleitung (englische Sprache). <\/p>\n<p>                                                                             <img decoding=\"async\" alt=\"Roboter Kinderroboterspielzeug ab 4 5 6 7 8 9 10 Jahren \" src=\"https:\/\/images-na.ssl-images-amazon.com\/images\/G\/01\/x-locale\/common\/grey-pixel.gif\" class=\"a-spacing-base a-lazy-loaded\" data-src=\"https:\/\/m.media-amazon.com\/images\/S\/aplus-media-library-service-media\/e4235336-af03-47a1-9362-f2d9afce4537.__CR0,0,970,600_PT0_SX970_V1___.jpg\"><img decoding=\"async\" alt=\"Roboter Kinderroboterspielzeug ab 4 5 6 7 8 9 10 Jahren \" src=\"https:\/\/m.media-amazon.com\/images\/S\/aplus-media-library-service-media\/e4235336-af03-47a1-9362-f2d9afce4537.__CR0,0,970,600_PT0_SX970_V1___.jpg\">                                         <\/p>\n<h3 class=\"a-spacing-mini\">  Fantastischer RC-Roboter <\/h3>\n<p class=\"a-spacing-base\">  Dieser ferngesteuerte Roboter f\u00fcr Kinder besteht aus hochwertigem, ungiftigem ABS-Kunststoff, der Gesundheitssicherheit und Verschlei\u00dffestigkeit gew\u00e4hrleistet. Das Roboterspielzeug verf\u00fcgt \u00fcber viele Funktionen, \u00fcber die sich Kinder sehr freuen werden, wenn sie es geschenkt bekommen. <\/p>\n<p>(Nur Englisch! Alle Lehrmethoden sind nur auf Englisch, danke. Vielseitige Steuerungsmethoden: Alle Lehrmethoden sind nur auf Englisch, danke. Sie k\u00f6nnen den Roboter programmierbar f\u00fcr Kinder ab 4 5 6 7 8 9 Jahren mit der Fernbedienung oder Geste verwenden, um kleine Spielzeugroboter f\u00fcr Kinder zu steuern. Gestenerkennungsfunktion \u2013 der Empfangsbereich des Sensors auf der Brust kann nach dem Empfang verschiedener Gestenbefehle schnell reagieren und sich entsprechend vorw\u00e4rts, r\u00fcckw\u00e4rts, links und rechts bewegen. Geschenk jung 4 5 6 7 8 9 Jahre. Ben\u00f6tigt 3 AAA-Batterien (nicht im Lieferumfang enthalten).<br \/>Intellektuelle Programmierung: Der programmierbare Spielzeugroboter programmierbar Kinder ab 4 5 6 7 8 9 Jahre f\u00fcr Jungen verf\u00fcgt \u00fcber eine Programmierfunktion, die eine Reihe von Aktionen vorf\u00fchren kann, die das Kind \u00fcber die Fernbedienung eingibt, und es k\u00f6nnen bis zu 60 Bewegungsbefehle eingegeben werden. Mit dem Programm k\u00f6nnen Ihre Kinder sogar einen Moonwalk gestalten, der Kindern grenzenlosen Spa\u00df bringt. Roboter-Kinderspielzeug ab 4 5 6 7 8 9 Jahren.<br \/>Interaktiver ferngesteuerter Roboter: RC-Spielzeugroboter f\u00fcr Jungen ist nicht nur ein laufendes Kinderspielzeug, sondern auch ein tanzendes und singendes Kinderspielzeug. Dynamische Musik und Tanz sorgen f\u00fcr mehr Spa\u00df bei den Kindern. RC Spielzeugroboter f\u00fcr Kinder ist der beste Spielzeugroboter f\u00fcr 4 5 6 7 8 9 Jahre alte Jungenspielzeuggeschenke.<br \/>(P\u00e4dagogisches Spielen): Der intelligente ferngesteuerte Roboter kann Geschichten \u00fcber Wissenschaft und gute Gewohnheiten erz\u00e4hlen, sodass die Kreativit\u00e4t und Fantasie der Kinder beim Spielen gef\u00f6rdert werden. Er ist nicht nur ein Spielzeugroboter f\u00fcr 4 5 6 7 8 9 Kinder, sondern auch der Begleiter Ihres Kleinen. Jungenspielzeug f\u00fcr 4 5 6 7 8 9 Jahre.<br \/>Wiederaufladbarer Spielzeugroboter f\u00fcr Jungen: Sie k\u00f6nnen RC-Spielzeugroboter f\u00fcr Jungen direkt \u00fcber ein USB-Kabel aufladen, was sehr praktisch ist. Die Ladezeit betr\u00e4gt ca. Nach 2 Stunden voller Ladung k\u00f6nnen Sie den Spielzeugroboter spielen. Geschenkideen f\u00fcr Jungen ab 8 Jahren. Tolle Geburtstags-, Fest- und Weihnachtsgeschenke f\u00fcr Jungen und M\u00e4dchen im Alter von 4, 5, 6, 7, 8 und 9 Jahren.<\/p>\n<p>[ad_2]<\/p>\n","protected":false},"excerpt":{"rendered":"<p>Produktbeschreibung Dies ist das perfekte Roboterspielzeug f\u00fcr 6-7-8-j\u00e4hrige Kinder Intelligenter Roboter \u2013 ferngesteuertes Roboterspielzeug f\u00fcr Kinder Dieser ferngesteuerte Roboter f\u00fcr Kinder im Alter von 6 7 8 9 10 11 12 Jahren besteht aus hochwertigem, ungiftigem ABS-Kunststoff, der Gesundheitssicherheit und Verschlei\u00dffestigkeit gew\u00e4hrleistet. Das Roboterspielzeug verf\u00fcgt \u00fcber viele Funktionen, \u00fcber die sich Kinder sehr freuen werden, [&hellip;]<\/p>\n","protected":false},"featured_media":315,"comment_status":"open","ping_status":"closed","template":"","meta":{"_aipt_faq_data":""},"store":[],"product_brand":[],"product_cat":[89],"product_tag":[132],"class_list":{"0":"post-314","1":"product","2":"type-product","3":"status-publish","4":"has-post-thumbnail","6":"product_cat-roboter-mit-fernbedienung","7":"product_tag-roboter-mit-fernbedienung-kinder","9":"first","10":"instock","11":"sale","12":"shipping-taxable","13":"product-type-external"},"yoast_head":"<!-- This site is optimized with the Yoast SEO plugin v27.0 - https:\/\/yoast.com\/product\/yoast-seo-wordpress\/ -->\n<title>Roboterspielzeug f\u00fcr Kinder ab 4 5 6 7 8 9 10 Jahre alt Jungen M\u00e4dchen, Roboter Kinder Ferngesteuerter Roboter Programmierbarer RC-Roboter mit Gestensteuerung\/Lauflernspielzeug f\u00fcr Geburtstagsgeschenke - EasyLifeBro<\/title>\n<meta name=\"description\" content=\"Entdecken Sie smarte Roboter f\u00fcr Zuhause, Garten, Bildung und Sicherheit. Vergleichen Sie Saugroboter, Rasenm\u00e4hroboter, KI-Begleitroboter und mehr bei EasyLifeRobo.\" \/>\n<meta name=\"robots\" content=\"index, follow, max-snippet:-1, max-image-preview:large, max-video-preview:-1\" \/>\n<link rel=\"canonical\" href=\"https:\/\/easyliferobo.com\/de\/product\/roboterspielzeug-fuer-kinder-ab-4-5-6-7-8-9-10-jahre-alt-jungen-maedchen-roboter-kinder-ferngesteuerter-roboter-programmierbarer-rc-roboter-mit-gestensteuerung-lauflernspielzeug-fuer-geburtstagsgesch\/\" \/>\n<meta property=\"og:locale\" content=\"de_DE\" \/>\n<meta property=\"og:type\" content=\"article\" \/>\n<meta property=\"og:title\" content=\"Roboterspielzeug f\u00fcr Kinder ab 4 5 6 7 8 9 10 Jahre alt Jungen M\u00e4dchen, Roboter Kinder Ferngesteuerter Roboter Programmierbarer RC-Roboter mit Gestensteuerung\/Lauflernspielzeug f\u00fcr Geburtstagsgeschenke - EasyLifeBro\" \/>\n<meta property=\"og:description\" content=\"Entdecken Sie smarte Roboter f\u00fcr Zuhause, Garten, Bildung und Sicherheit. Vergleichen Sie Saugroboter, Rasenm\u00e4hroboter, KI-Begleitroboter und mehr bei EasyLifeRobo.\" \/>\n<meta property=\"og:url\" content=\"https:\/\/easyliferobo.com\/de\/product\/roboterspielzeug-fuer-kinder-ab-4-5-6-7-8-9-10-jahre-alt-jungen-maedchen-roboter-kinder-ferngesteuerter-roboter-programmierbarer-rc-roboter-mit-gestensteuerung-lauflernspielzeug-fuer-geburtstagsgesch\/\" \/>\n<meta property=\"og:site_name\" content=\"EasyLifeBro\" \/>\n<meta property=\"article:modified_time\" content=\"2026-02-22T09:26:21+00:00\" \/>\n<meta property=\"og:image\" content=\"https:\/\/easyliferobo.com\/de\/wp-content\/uploads\/2026\/02\/71Qsy4fsxPL._AC_SL1500_.jpg\" \/>\n\t<meta property=\"og:image:width\" content=\"1500\" \/>\n\t<meta property=\"og:image:height\" content=\"1484\" \/>\n\t<meta property=\"og:image:type\" content=\"image\/jpeg\" \/>\n<meta name=\"twitter:card\" content=\"summary_large_image\" \/>\n<meta name=\"twitter:label1\" content=\"Gesch\u00e4tzte Lesezeit\" \/>\n\t<meta name=\"twitter:data1\" content=\"3\u00a0Minuten\" \/>\n<script type=\"application\/ld+json\" class=\"yoast-schema-graph\">{\"@context\":\"https:\/\/schema.org\",\"@graph\":[{\"@type\":\"WebPage\",\"@id\":\"https:\/\/easyliferobo.com\/de\/product\/roboterspielzeug-fuer-kinder-ab-4-5-6-7-8-9-10-jahre-alt-jungen-maedchen-roboter-kinder-ferngesteuerter-roboter-programmierbarer-rc-roboter-mit-gestensteuerung-lauflernspielzeug-fuer-geburtstagsgesch\/\",\"url\":\"https:\/\/easyliferobo.com\/de\/product\/roboterspielzeug-fuer-kinder-ab-4-5-6-7-8-9-10-jahre-alt-jungen-maedchen-roboter-kinder-ferngesteuerter-roboter-programmierbarer-rc-roboter-mit-gestensteuerung-lauflernspielzeug-fuer-geburtstagsgesch\/\",\"name\":\"Roboterspielzeug f\u00fcr Kinder ab 4 5 6 7 8 9 10 Jahre alt Jungen M\u00e4dchen, Roboter Kinder Ferngesteuerter Roboter Programmierbarer RC-Roboter mit Gestensteuerung\/Lauflernspielzeug f\u00fcr Geburtstagsgeschenke - EasyLifeBro\",\"isPartOf\":{\"@id\":\"https:\/\/easyliferobo.com\/de\/#website\"},\"primaryImageOfPage\":{\"@id\":\"https:\/\/easyliferobo.com\/de\/product\/roboterspielzeug-fuer-kinder-ab-4-5-6-7-8-9-10-jahre-alt-jungen-maedchen-roboter-kinder-ferngesteuerter-roboter-programmierbarer-rc-roboter-mit-gestensteuerung-lauflernspielzeug-fuer-geburtstagsgesch\/#primaryimage\"},\"image\":{\"@id\":\"https:\/\/easyliferobo.com\/de\/product\/roboterspielzeug-fuer-kinder-ab-4-5-6-7-8-9-10-jahre-alt-jungen-maedchen-roboter-kinder-ferngesteuerter-roboter-programmierbarer-rc-roboter-mit-gestensteuerung-lauflernspielzeug-fuer-geburtstagsgesch\/#primaryimage\"},\"thumbnailUrl\":\"https:\/\/easyliferobo.com\/de\/wp-content\/uploads\/2026\/02\/71Qsy4fsxPL._AC_SL1500_.jpg\",\"datePublished\":\"2026-02-22T09:25:55+00:00\",\"dateModified\":\"2026-02-22T09:26:21+00:00\",\"description\":\"Entdecken Sie smarte Roboter f\u00fcr Zuhause, Garten, Bildung und Sicherheit. Vergleichen Sie Saugroboter, Rasenm\u00e4hroboter, KI-Begleitroboter und mehr bei EasyLifeRobo.\",\"breadcrumb\":{\"@id\":\"https:\/\/easyliferobo.com\/de\/product\/roboterspielzeug-fuer-kinder-ab-4-5-6-7-8-9-10-jahre-alt-jungen-maedchen-roboter-kinder-ferngesteuerter-roboter-programmierbarer-rc-roboter-mit-gestensteuerung-lauflernspielzeug-fuer-geburtstagsgesch\/#breadcrumb\"},\"inLanguage\":\"de\",\"potentialAction\":[{\"@type\":\"ReadAction\",\"target\":[\"https:\/\/easyliferobo.com\/de\/product\/roboterspielzeug-fuer-kinder-ab-4-5-6-7-8-9-10-jahre-alt-jungen-maedchen-roboter-kinder-ferngesteuerter-roboter-programmierbarer-rc-roboter-mit-gestensteuerung-lauflernspielzeug-fuer-geburtstagsgesch\/\"]}]},{\"@type\":\"ImageObject\",\"inLanguage\":\"de\",\"@id\":\"https:\/\/easyliferobo.com\/de\/product\/roboterspielzeug-fuer-kinder-ab-4-5-6-7-8-9-10-jahre-alt-jungen-maedchen-roboter-kinder-ferngesteuerter-roboter-programmierbarer-rc-roboter-mit-gestensteuerung-lauflernspielzeug-fuer-geburtstagsgesch\/#primaryimage\",\"url\":\"https:\/\/easyliferobo.com\/de\/wp-content\/uploads\/2026\/02\/71Qsy4fsxPL._AC_SL1500_.jpg\",\"contentUrl\":\"https:\/\/easyliferobo.com\/de\/wp-content\/uploads\/2026\/02\/71Qsy4fsxPL._AC_SL1500_.jpg\",\"width\":1500,\"height\":1484},{\"@type\":\"BreadcrumbList\",\"@id\":\"https:\/\/easyliferobo.com\/de\/product\/roboterspielzeug-fuer-kinder-ab-4-5-6-7-8-9-10-jahre-alt-jungen-maedchen-roboter-kinder-ferngesteuerter-roboter-programmierbarer-rc-roboter-mit-gestensteuerung-lauflernspielzeug-fuer-geburtstagsgesch\/#breadcrumb\",\"itemListElement\":[{\"@type\":\"ListItem\",\"position\":1,\"name\":\"Home\",\"item\":\"https:\/\/easyliferobo.com\/de\/\"},{\"@type\":\"ListItem\",\"position\":2,\"name\":\"Shop\",\"item\":\"https:\/\/easyliferobo.com\/de\/shop\/\"},{\"@type\":\"ListItem\",\"position\":3,\"name\":\"Roboterspielzeug f\u00fcr Kinder ab 4 5...\"}]},{\"@type\":\"WebSite\",\"@id\":\"https:\/\/easyliferobo.com\/de\/#website\",\"url\":\"https:\/\/easyliferobo.com\/de\/\",\"name\":\"EasyLifeBro\",\"description\":\"Smarte Roboter f\u00fcr Zuhause, Garten &amp; Bildung\",\"publisher\":{\"@id\":\"https:\/\/easyliferobo.com\/de\/#organization\"},\"potentialAction\":[{\"@type\":\"SearchAction\",\"target\":{\"@type\":\"EntryPoint\",\"urlTemplate\":\"https:\/\/easyliferobo.com\/de\/?s={search_term_string}\"},\"query-input\":{\"@type\":\"PropertyValueSpecification\",\"valueRequired\":true,\"valueName\":\"search_term_string\"}}],\"inLanguage\":\"de\"},{\"@type\":\"Organization\",\"@id\":\"https:\/\/easyliferobo.com\/de\/#organization\",\"name\":\"EasyLifeBro\",\"url\":\"https:\/\/easyliferobo.com\/de\/\",\"logo\":{\"@type\":\"ImageObject\",\"inLanguage\":\"de\",\"@id\":\"https:\/\/easyliferobo.com\/de\/#\/schema\/logo\/image\/\",\"url\":\"https:\/\/easyliferobo.com\/de\/wp-content\/uploads\/2026\/02\/Screenshot-2026-02-22-at-2.25.03-PM.png\",\"contentUrl\":\"https:\/\/easyliferobo.com\/de\/wp-content\/uploads\/2026\/02\/Screenshot-2026-02-22-at-2.25.03-PM.png\",\"width\":1858,\"height\":430,\"caption\":\"EasyLifeBro\"},\"image\":{\"@id\":\"https:\/\/easyliferobo.com\/de\/#\/schema\/logo\/image\/\"}}]}<\/script>\n<!-- \/ Yoast SEO plugin. -->","yoast_head_json":{"title":"Roboterspielzeug f\u00fcr Kinder ab 4 5 6 7 8 9 10 Jahre alt Jungen M\u00e4dchen, Roboter Kinder Ferngesteuerter Roboter Programmierbarer RC-Roboter mit Gestensteuerung\/Lauflernspielzeug f\u00fcr Geburtstagsgeschenke - EasyLifeBro","description":"Entdecken Sie smarte Roboter f\u00fcr Zuhause, Garten, Bildung und Sicherheit. Vergleichen Sie Saugroboter, Rasenm\u00e4hroboter, KI-Begleitroboter und mehr bei EasyLifeRobo.","robots":{"index":"index","follow":"follow","max-snippet":"max-snippet:-1","max-image-preview":"max-image-preview:large","max-video-preview":"max-video-preview:-1"},"canonical":"https:\/\/easyliferobo.com\/de\/product\/roboterspielzeug-fuer-kinder-ab-4-5-6-7-8-9-10-jahre-alt-jungen-maedchen-roboter-kinder-ferngesteuerter-roboter-programmierbarer-rc-roboter-mit-gestensteuerung-lauflernspielzeug-fuer-geburtstagsgesch\/","og_locale":"de_DE","og_type":"article","og_title":"Roboterspielzeug f\u00fcr Kinder ab 4 5 6 7 8 9 10 Jahre alt Jungen M\u00e4dchen, Roboter Kinder Ferngesteuerter Roboter Programmierbarer RC-Roboter mit Gestensteuerung\/Lauflernspielzeug f\u00fcr Geburtstagsgeschenke - EasyLifeBro","og_description":"Entdecken Sie smarte Roboter f\u00fcr Zuhause, Garten, Bildung und Sicherheit. Vergleichen Sie Saugroboter, Rasenm\u00e4hroboter, KI-Begleitroboter und mehr bei EasyLifeRobo.","og_url":"https:\/\/easyliferobo.com\/de\/product\/roboterspielzeug-fuer-kinder-ab-4-5-6-7-8-9-10-jahre-alt-jungen-maedchen-roboter-kinder-ferngesteuerter-roboter-programmierbarer-rc-roboter-mit-gestensteuerung-lauflernspielzeug-fuer-geburtstagsgesch\/","og_site_name":"EasyLifeBro","article_modified_time":"2026-02-22T09:26:21+00:00","og_image":[{"width":1500,"height":1484,"url":"https:\/\/easyliferobo.com\/de\/wp-content\/uploads\/2026\/02\/71Qsy4fsxPL._AC_SL1500_.jpg","type":"image\/jpeg"}],"twitter_card":"summary_large_image","twitter_misc":{"Gesch\u00e4tzte Lesezeit":"3\u00a0Minuten"},"schema":{"@context":"https:\/\/schema.org","@graph":[{"@type":"WebPage","@id":"https:\/\/easyliferobo.com\/de\/product\/roboterspielzeug-fuer-kinder-ab-4-5-6-7-8-9-10-jahre-alt-jungen-maedchen-roboter-kinder-ferngesteuerter-roboter-programmierbarer-rc-roboter-mit-gestensteuerung-lauflernspielzeug-fuer-geburtstagsgesch\/","url":"https:\/\/easyliferobo.com\/de\/product\/roboterspielzeug-fuer-kinder-ab-4-5-6-7-8-9-10-jahre-alt-jungen-maedchen-roboter-kinder-ferngesteuerter-roboter-programmierbarer-rc-roboter-mit-gestensteuerung-lauflernspielzeug-fuer-geburtstagsgesch\/","name":"Roboterspielzeug f\u00fcr Kinder ab 4 5 6 7 8 9 10 Jahre alt Jungen M\u00e4dchen, Roboter Kinder Ferngesteuerter Roboter Programmierbarer RC-Roboter mit Gestensteuerung\/Lauflernspielzeug f\u00fcr Geburtstagsgeschenke - EasyLifeBro","isPartOf":{"@id":"https:\/\/easyliferobo.com\/de\/#website"},"primaryImageOfPage":{"@id":"https:\/\/easyliferobo.com\/de\/product\/roboterspielzeug-fuer-kinder-ab-4-5-6-7-8-9-10-jahre-alt-jungen-maedchen-roboter-kinder-ferngesteuerter-roboter-programmierbarer-rc-roboter-mit-gestensteuerung-lauflernspielzeug-fuer-geburtstagsgesch\/#primaryimage"},"image":{"@id":"https:\/\/easyliferobo.com\/de\/product\/roboterspielzeug-fuer-kinder-ab-4-5-6-7-8-9-10-jahre-alt-jungen-maedchen-roboter-kinder-ferngesteuerter-roboter-programmierbarer-rc-roboter-mit-gestensteuerung-lauflernspielzeug-fuer-geburtstagsgesch\/#primaryimage"},"thumbnailUrl":"https:\/\/easyliferobo.com\/de\/wp-content\/uploads\/2026\/02\/71Qsy4fsxPL._AC_SL1500_.jpg","datePublished":"2026-02-22T09:25:55+00:00","dateModified":"2026-02-22T09:26:21+00:00","description":"Entdecken Sie smarte Roboter f\u00fcr Zuhause, Garten, Bildung und Sicherheit. Vergleichen Sie Saugroboter, Rasenm\u00e4hroboter, KI-Begleitroboter und mehr bei EasyLifeRobo.","breadcrumb":{"@id":"https:\/\/easyliferobo.com\/de\/product\/roboterspielzeug-fuer-kinder-ab-4-5-6-7-8-9-10-jahre-alt-jungen-maedchen-roboter-kinder-ferngesteuerter-roboter-programmierbarer-rc-roboter-mit-gestensteuerung-lauflernspielzeug-fuer-geburtstagsgesch\/#breadcrumb"},"inLanguage":"de","potentialAction":[{"@type":"ReadAction","target":["https:\/\/easyliferobo.com\/de\/product\/roboterspielzeug-fuer-kinder-ab-4-5-6-7-8-9-10-jahre-alt-jungen-maedchen-roboter-kinder-ferngesteuerter-roboter-programmierbarer-rc-roboter-mit-gestensteuerung-lauflernspielzeug-fuer-geburtstagsgesch\/"]}]},{"@type":"ImageObject","inLanguage":"de","@id":"https:\/\/easyliferobo.com\/de\/product\/roboterspielzeug-fuer-kinder-ab-4-5-6-7-8-9-10-jahre-alt-jungen-maedchen-roboter-kinder-ferngesteuerter-roboter-programmierbarer-rc-roboter-mit-gestensteuerung-lauflernspielzeug-fuer-geburtstagsgesch\/#primaryimage","url":"https:\/\/easyliferobo.com\/de\/wp-content\/uploads\/2026\/02\/71Qsy4fsxPL._AC_SL1500_.jpg","contentUrl":"https:\/\/easyliferobo.com\/de\/wp-content\/uploads\/2026\/02\/71Qsy4fsxPL._AC_SL1500_.jpg","width":1500,"height":1484},{"@type":"BreadcrumbList","@id":"https:\/\/easyliferobo.com\/de\/product\/roboterspielzeug-fuer-kinder-ab-4-5-6-7-8-9-10-jahre-alt-jungen-maedchen-roboter-kinder-ferngesteuerter-roboter-programmierbarer-rc-roboter-mit-gestensteuerung-lauflernspielzeug-fuer-geburtstagsgesch\/#breadcrumb","itemListElement":[{"@type":"ListItem","position":1,"name":"Home","item":"https:\/\/easyliferobo.com\/de\/"},{"@type":"ListItem","position":2,"name":"Shop","item":"https:\/\/easyliferobo.com\/de\/shop\/"},{"@type":"ListItem","position":3,"name":"Roboterspielzeug f\u00fcr Kinder ab 4 5..."}]},{"@type":"WebSite","@id":"https:\/\/easyliferobo.com\/de\/#website","url":"https:\/\/easyliferobo.com\/de\/","name":"EasyLifeBro","description":"Smarte Roboter f\u00fcr Zuhause, Garten &amp; Bildung","publisher":{"@id":"https:\/\/easyliferobo.com\/de\/#organization"},"potentialAction":[{"@type":"SearchAction","target":{"@type":"EntryPoint","urlTemplate":"https:\/\/easyliferobo.com\/de\/?s={search_term_string}"},"query-input":{"@type":"PropertyValueSpecification","valueRequired":true,"valueName":"search_term_string"}}],"inLanguage":"de"},{"@type":"Organization","@id":"https:\/\/easyliferobo.com\/de\/#organization","name":"EasyLifeBro","url":"https:\/\/easyliferobo.com\/de\/","logo":{"@type":"ImageObject","inLanguage":"de","@id":"https:\/\/easyliferobo.com\/de\/#\/schema\/logo\/image\/","url":"https:\/\/easyliferobo.com\/de\/wp-content\/uploads\/2026\/02\/Screenshot-2026-02-22-at-2.25.03-PM.png","contentUrl":"https:\/\/easyliferobo.com\/de\/wp-content\/uploads\/2026\/02\/Screenshot-2026-02-22-at-2.25.03-PM.png","width":1858,"height":430,"caption":"EasyLifeBro"},"image":{"@id":"https:\/\/easyliferobo.com\/de\/#\/schema\/logo\/image\/"}}]}},"_links":{"self":[{"href":"https:\/\/easyliferobo.com\/de\/wp-json\/wp\/v2\/product\/314","targetHints":{"allow":["GET"]}}],"collection":[{"href":"https:\/\/easyliferobo.com\/de\/wp-json\/wp\/v2\/product"}],"about":[{"href":"https:\/\/easyliferobo.com\/de\/wp-json\/wp\/v2\/types\/product"}],"replies":[{"embeddable":true,"href":"https:\/\/easyliferobo.com\/de\/wp-json\/wp\/v2\/comments?post=314"}],"wp:featuredmedia":[{"embeddable":true,"href":"https:\/\/easyliferobo.com\/de\/wp-json\/wp\/v2\/media\/315"}],"wp:attachment":[{"href":"https:\/\/easyliferobo.com\/de\/wp-json\/wp\/v2\/media?parent=314"}],"wp:term":[{"taxonomy":"store","embeddable":true,"href":"https:\/\/easyliferobo.com\/de\/wp-json\/wp\/v2\/store?post=314"},{"taxonomy":"product_brand","embeddable":true,"href":"https:\/\/easyliferobo.com\/de\/wp-json\/wp\/v2\/product_brand?post=314"},{"taxonomy":"product_cat","embeddable":true,"href":"https:\/\/easyliferobo.com\/de\/wp-json\/wp\/v2\/product_cat?post=314"},{"taxonomy":"product_tag","embeddable":true,"href":"https:\/\/easyliferobo.com\/de\/wp-json\/wp\/v2\/product_tag?post=314"}],"curies":[{"name":"wp","href":"https:\/\/api.w.org\/{rel}","templated":true}]}}