
{"id":3137,"date":"2026-02-27T06:08:56","date_gmt":"2026-02-27T06:08:56","guid":{"rendered":"https:\/\/easyliferobo.com\/de\/product\/mf5015v2rmd-l-bldc-mikro-servomotor-foc-inspektionsroboter-ausgewogenes-fahrzeug-drehtisch-rohrroboter-auf-raedern-klemmbacke-groesse-motor-ohne-treiber\/"},"modified":"2026-02-27T06:09:07","modified_gmt":"2026-02-27T06:09:07","slug":"mf5015v2rmd-l-bldc-mikro-servomotor-foc-inspektionsroboter-ausgewogenes-fahrzeug-drehtisch-rohrroboter-auf-raedern-klemmbacke-groesse-motor-ohne-treiber","status":"publish","type":"product","link":"https:\/\/easyliferobo.com\/de\/product\/mf5015v2rmd-l-bldc-mikro-servomotor-foc-inspektionsroboter-ausgewogenes-fahrzeug-drehtisch-rohrroboter-auf-raedern-klemmbacke-groesse-motor-ohne-treiber\/","title":{"rendered":"MF5015v2(RMD-L) BLDC, Mikro-\/Servom..."},"content":{"rendered":"<p>    <span>Motorfahrer. <br \/>MF5015v2(RMD-L) BLDC, Mikro-\/Servomotor, FOC, Inspektionsroboter, ausbalanciertes Fahrzeug, Drehtisch, Rohrroboter auf R\u00e4dern, Klemmbacke<\/span>    <br \/>Motorfahrer<br \/>MF5015v2(RMD-L) BLDC, Mikro-\/Servomotor, FOC, Inspektionsroboter, ausbalanciertes Fahrzeug, Drehtisch, Rohrroboter auf R\u00e4dern, Klemmbacke<\/p>\n<p>[ad_2]<\/p>\n","protected":false},"excerpt":{"rendered":"<p>Motorfahrer. MF5015v2(RMD-L) BLDC, Mikro-\/Servomotor, FOC, Inspektionsroboter, ausbalanciertes Fahrzeug, Drehtisch, Rohrroboter auf R\u00e4dern, Klemmbacke MotorfahrerMF5015v2(RMD-L) BLDC, Mikro-\/Servomotor, FOC, Inspektionsroboter, ausbalanciertes Fahrzeug, Drehtisch, Rohrroboter auf R\u00e4dern, Klemmbacke [ad_2]<\/p>\n","protected":false},"featured_media":3138,"comment_status":"open","ping_status":"closed","template":"","meta":{"_aipt_faq_data":""},"store":[],"product_brand":[],"product_cat":[114],"product_tag":[258],"class_list":{"0":"post-3137","1":"product","2":"type-product","3":"status-publish","4":"has-post-thumbnail","6":"product_cat-inspektionsroboter","7":"product_tag-industrielle-inspektionsroboter","9":"first","10":"instock","11":"shipping-taxable","12":"product-type-external"},"yoast_head":"<!-- This site is optimized with the Yoast SEO plugin v27.0 - https:\/\/yoast.com\/product\/yoast-seo-wordpress\/ -->\n<title>MF5015v2(RMD-L) BLDC, Mikro-\/Servomotor, FOC, Inspektionsroboter, ausgewogenes Fahrzeug, Drehtisch, Rohrroboter auf R\u00e4dern, Klemmbacke (Gr\u00f6\u00dfe: Motor ohne Treiber) - EasyLifeBro<\/title>\n<meta name=\"description\" content=\"Entdecken Sie smarte Roboter f\u00fcr Zuhause, Garten, Bildung und Sicherheit. Vergleichen Sie Saugroboter, Rasenm\u00e4hroboter, KI-Begleitroboter und mehr bei EasyLifeRobo.\" \/>\n<meta name=\"robots\" content=\"index, follow, max-snippet:-1, max-image-preview:large, max-video-preview:-1\" \/>\n<link rel=\"canonical\" href=\"https:\/\/easyliferobo.com\/de\/product\/mf5015v2rmd-l-bldc-mikro-servomotor-foc-inspektionsroboter-ausgewogenes-fahrzeug-drehtisch-rohrroboter-auf-raedern-klemmbacke-groesse-motor-ohne-treiber\/\" \/>\n<meta property=\"og:locale\" content=\"de_DE\" \/>\n<meta property=\"og:type\" content=\"article\" \/>\n<meta property=\"og:title\" content=\"MF5015v2(RMD-L) BLDC, Mikro-\/Servomotor, FOC, Inspektionsroboter, ausgewogenes Fahrzeug, Drehtisch, Rohrroboter auf R\u00e4dern, Klemmbacke (Gr\u00f6\u00dfe: Motor ohne Treiber) - EasyLifeBro\" \/>\n<meta property=\"og:description\" content=\"Entdecken Sie smarte Roboter f\u00fcr Zuhause, Garten, Bildung und Sicherheit. Vergleichen Sie Saugroboter, Rasenm\u00e4hroboter, KI-Begleitroboter und mehr bei EasyLifeRobo.\" \/>\n<meta property=\"og:url\" content=\"https:\/\/easyliferobo.com\/de\/product\/mf5015v2rmd-l-bldc-mikro-servomotor-foc-inspektionsroboter-ausgewogenes-fahrzeug-drehtisch-rohrroboter-auf-raedern-klemmbacke-groesse-motor-ohne-treiber\/\" \/>\n<meta property=\"og:site_name\" content=\"EasyLifeBro\" \/>\n<meta property=\"article:modified_time\" content=\"2026-02-27T06:09:07+00:00\" \/>\n<meta name=\"twitter:card\" content=\"summary_large_image\" \/>\n<script type=\"application\/ld+json\" class=\"yoast-schema-graph\">{\"@context\":\"https:\/\/schema.org\",\"@graph\":[{\"@type\":\"WebPage\",\"@id\":\"https:\/\/easyliferobo.com\/de\/product\/mf5015v2rmd-l-bldc-mikro-servomotor-foc-inspektionsroboter-ausgewogenes-fahrzeug-drehtisch-rohrroboter-auf-raedern-klemmbacke-groesse-motor-ohne-treiber\/\",\"url\":\"https:\/\/easyliferobo.com\/de\/product\/mf5015v2rmd-l-bldc-mikro-servomotor-foc-inspektionsroboter-ausgewogenes-fahrzeug-drehtisch-rohrroboter-auf-raedern-klemmbacke-groesse-motor-ohne-treiber\/\",\"name\":\"MF5015v2(RMD-L) BLDC, Mikro-\/Servomotor, FOC, Inspektionsroboter, ausgewogenes Fahrzeug, Drehtisch, Rohrroboter auf R\u00e4dern, Klemmbacke (Gr\u00f6\u00dfe: Motor ohne Treiber) - EasyLifeBro\",\"isPartOf\":{\"@id\":\"https:\/\/easyliferobo.com\/de\/#website\"},\"primaryImageOfPage\":{\"@id\":\"https:\/\/easyliferobo.com\/de\/product\/mf5015v2rmd-l-bldc-mikro-servomotor-foc-inspektionsroboter-ausgewogenes-fahrzeug-drehtisch-rohrroboter-auf-raedern-klemmbacke-groesse-motor-ohne-treiber\/#primaryimage\"},\"image\":{\"@id\":\"https:\/\/easyliferobo.com\/de\/product\/mf5015v2rmd-l-bldc-mikro-servomotor-foc-inspektionsroboter-ausgewogenes-fahrzeug-drehtisch-rohrroboter-auf-raedern-klemmbacke-groesse-motor-ohne-treiber\/#primaryimage\"},\"thumbnailUrl\":\"https:\/\/easyliferobo.com\/de\/wp-content\/uploads\/2026\/02\/61pUFlUXM6L._AC_SL1500_.jpg\",\"datePublished\":\"2026-02-27T06:08:56+00:00\",\"dateModified\":\"2026-02-27T06:09:07+00:00\",\"description\":\"Entdecken Sie smarte Roboter f\u00fcr Zuhause, Garten, Bildung und Sicherheit. Vergleichen Sie Saugroboter, Rasenm\u00e4hroboter, KI-Begleitroboter und mehr bei EasyLifeRobo.\",\"breadcrumb\":{\"@id\":\"https:\/\/easyliferobo.com\/de\/product\/mf5015v2rmd-l-bldc-mikro-servomotor-foc-inspektionsroboter-ausgewogenes-fahrzeug-drehtisch-rohrroboter-auf-raedern-klemmbacke-groesse-motor-ohne-treiber\/#breadcrumb\"},\"inLanguage\":\"de\",\"potentialAction\":[{\"@type\":\"ReadAction\",\"target\":[\"https:\/\/easyliferobo.com\/de\/product\/mf5015v2rmd-l-bldc-mikro-servomotor-foc-inspektionsroboter-ausgewogenes-fahrzeug-drehtisch-rohrroboter-auf-raedern-klemmbacke-groesse-motor-ohne-treiber\/\"]}]},{\"@type\":\"ImageObject\",\"inLanguage\":\"de\",\"@id\":\"https:\/\/easyliferobo.com\/de\/product\/mf5015v2rmd-l-bldc-mikro-servomotor-foc-inspektionsroboter-ausgewogenes-fahrzeug-drehtisch-rohrroboter-auf-raedern-klemmbacke-groesse-motor-ohne-treiber\/#primaryimage\",\"url\":\"https:\/\/easyliferobo.com\/de\/wp-content\/uploads\/2026\/02\/61pUFlUXM6L._AC_SL1500_.jpg\",\"contentUrl\":\"https:\/\/easyliferobo.com\/de\/wp-content\/uploads\/2026\/02\/61pUFlUXM6L._AC_SL1500_.jpg\",\"width\":1160,\"height\":1292},{\"@type\":\"BreadcrumbList\",\"@id\":\"https:\/\/easyliferobo.com\/de\/product\/mf5015v2rmd-l-bldc-mikro-servomotor-foc-inspektionsroboter-ausgewogenes-fahrzeug-drehtisch-rohrroboter-auf-raedern-klemmbacke-groesse-motor-ohne-treiber\/#breadcrumb\",\"itemListElement\":[{\"@type\":\"ListItem\",\"position\":1,\"name\":\"Home\",\"item\":\"https:\/\/easyliferobo.com\/de\/\"},{\"@type\":\"ListItem\",\"position\":2,\"name\":\"Shop\",\"item\":\"https:\/\/easyliferobo.com\/de\/shop\/\"},{\"@type\":\"ListItem\",\"position\":3,\"name\":\"MF5015v2(RMD-L) BLDC, Mikro-\/Servom...\"}]},{\"@type\":\"WebSite\",\"@id\":\"https:\/\/easyliferobo.com\/de\/#website\",\"url\":\"https:\/\/easyliferobo.com\/de\/\",\"name\":\"EasyLifeBro\",\"description\":\"Smarte Roboter f\u00fcr Zuhause, Garten &amp; Bildung\",\"publisher\":{\"@id\":\"https:\/\/easyliferobo.com\/de\/#organization\"},\"potentialAction\":[{\"@type\":\"SearchAction\",\"target\":{\"@type\":\"EntryPoint\",\"urlTemplate\":\"https:\/\/easyliferobo.com\/de\/?s={search_term_string}\"},\"query-input\":{\"@type\":\"PropertyValueSpecification\",\"valueRequired\":true,\"valueName\":\"search_term_string\"}}],\"inLanguage\":\"de\"},{\"@type\":\"Organization\",\"@id\":\"https:\/\/easyliferobo.com\/de\/#organization\",\"name\":\"EasyLifeBro\",\"url\":\"https:\/\/easyliferobo.com\/de\/\",\"logo\":{\"@type\":\"ImageObject\",\"inLanguage\":\"de\",\"@id\":\"https:\/\/easyliferobo.com\/de\/#\/schema\/logo\/image\/\",\"url\":\"https:\/\/easyliferobo.com\/de\/wp-content\/uploads\/2026\/02\/Screenshot-2026-02-22-at-2.25.03-PM.png\",\"contentUrl\":\"https:\/\/easyliferobo.com\/de\/wp-content\/uploads\/2026\/02\/Screenshot-2026-02-22-at-2.25.03-PM.png\",\"width\":1858,\"height\":430,\"caption\":\"EasyLifeBro\"},\"image\":{\"@id\":\"https:\/\/easyliferobo.com\/de\/#\/schema\/logo\/image\/\"}}]}<\/script>\n<!-- \/ Yoast SEO plugin. -->","yoast_head_json":{"title":"MF5015v2(RMD-L) BLDC, Mikro-\/Servomotor, FOC, Inspektionsroboter, ausgewogenes Fahrzeug, Drehtisch, Rohrroboter auf R\u00e4dern, Klemmbacke (Gr\u00f6\u00dfe: Motor ohne Treiber) - EasyLifeBro","description":"Entdecken Sie smarte Roboter f\u00fcr Zuhause, Garten, Bildung und Sicherheit. Vergleichen Sie Saugroboter, Rasenm\u00e4hroboter, KI-Begleitroboter und mehr bei EasyLifeRobo.","robots":{"index":"index","follow":"follow","max-snippet":"max-snippet:-1","max-image-preview":"max-image-preview:large","max-video-preview":"max-video-preview:-1"},"canonical":"https:\/\/easyliferobo.com\/de\/product\/mf5015v2rmd-l-bldc-mikro-servomotor-foc-inspektionsroboter-ausgewogenes-fahrzeug-drehtisch-rohrroboter-auf-raedern-klemmbacke-groesse-motor-ohne-treiber\/","og_locale":"de_DE","og_type":"article","og_title":"MF5015v2(RMD-L) BLDC, Mikro-\/Servomotor, FOC, Inspektionsroboter, ausgewogenes Fahrzeug, Drehtisch, Rohrroboter auf R\u00e4dern, Klemmbacke (Gr\u00f6\u00dfe: Motor ohne Treiber) - EasyLifeBro","og_description":"Entdecken Sie smarte Roboter f\u00fcr Zuhause, Garten, Bildung und Sicherheit. Vergleichen Sie Saugroboter, Rasenm\u00e4hroboter, KI-Begleitroboter und mehr bei EasyLifeRobo.","og_url":"https:\/\/easyliferobo.com\/de\/product\/mf5015v2rmd-l-bldc-mikro-servomotor-foc-inspektionsroboter-ausgewogenes-fahrzeug-drehtisch-rohrroboter-auf-raedern-klemmbacke-groesse-motor-ohne-treiber\/","og_site_name":"EasyLifeBro","article_modified_time":"2026-02-27T06:09:07+00:00","twitter_card":"summary_large_image","schema":{"@context":"https:\/\/schema.org","@graph":[{"@type":"WebPage","@id":"https:\/\/easyliferobo.com\/de\/product\/mf5015v2rmd-l-bldc-mikro-servomotor-foc-inspektionsroboter-ausgewogenes-fahrzeug-drehtisch-rohrroboter-auf-raedern-klemmbacke-groesse-motor-ohne-treiber\/","url":"https:\/\/easyliferobo.com\/de\/product\/mf5015v2rmd-l-bldc-mikro-servomotor-foc-inspektionsroboter-ausgewogenes-fahrzeug-drehtisch-rohrroboter-auf-raedern-klemmbacke-groesse-motor-ohne-treiber\/","name":"MF5015v2(RMD-L) BLDC, Mikro-\/Servomotor, FOC, Inspektionsroboter, ausgewogenes Fahrzeug, Drehtisch, Rohrroboter auf R\u00e4dern, Klemmbacke (Gr\u00f6\u00dfe: Motor ohne Treiber) - EasyLifeBro","isPartOf":{"@id":"https:\/\/easyliferobo.com\/de\/#website"},"primaryImageOfPage":{"@id":"https:\/\/easyliferobo.com\/de\/product\/mf5015v2rmd-l-bldc-mikro-servomotor-foc-inspektionsroboter-ausgewogenes-fahrzeug-drehtisch-rohrroboter-auf-raedern-klemmbacke-groesse-motor-ohne-treiber\/#primaryimage"},"image":{"@id":"https:\/\/easyliferobo.com\/de\/product\/mf5015v2rmd-l-bldc-mikro-servomotor-foc-inspektionsroboter-ausgewogenes-fahrzeug-drehtisch-rohrroboter-auf-raedern-klemmbacke-groesse-motor-ohne-treiber\/#primaryimage"},"thumbnailUrl":"https:\/\/easyliferobo.com\/de\/wp-content\/uploads\/2026\/02\/61pUFlUXM6L._AC_SL1500_.jpg","datePublished":"2026-02-27T06:08:56+00:00","dateModified":"2026-02-27T06:09:07+00:00","description":"Entdecken Sie smarte Roboter f\u00fcr Zuhause, Garten, Bildung und Sicherheit. Vergleichen Sie Saugroboter, Rasenm\u00e4hroboter, KI-Begleitroboter und mehr bei EasyLifeRobo.","breadcrumb":{"@id":"https:\/\/easyliferobo.com\/de\/product\/mf5015v2rmd-l-bldc-mikro-servomotor-foc-inspektionsroboter-ausgewogenes-fahrzeug-drehtisch-rohrroboter-auf-raedern-klemmbacke-groesse-motor-ohne-treiber\/#breadcrumb"},"inLanguage":"de","potentialAction":[{"@type":"ReadAction","target":["https:\/\/easyliferobo.com\/de\/product\/mf5015v2rmd-l-bldc-mikro-servomotor-foc-inspektionsroboter-ausgewogenes-fahrzeug-drehtisch-rohrroboter-auf-raedern-klemmbacke-groesse-motor-ohne-treiber\/"]}]},{"@type":"ImageObject","inLanguage":"de","@id":"https:\/\/easyliferobo.com\/de\/product\/mf5015v2rmd-l-bldc-mikro-servomotor-foc-inspektionsroboter-ausgewogenes-fahrzeug-drehtisch-rohrroboter-auf-raedern-klemmbacke-groesse-motor-ohne-treiber\/#primaryimage","url":"https:\/\/easyliferobo.com\/de\/wp-content\/uploads\/2026\/02\/61pUFlUXM6L._AC_SL1500_.jpg","contentUrl":"https:\/\/easyliferobo.com\/de\/wp-content\/uploads\/2026\/02\/61pUFlUXM6L._AC_SL1500_.jpg","width":1160,"height":1292},{"@type":"BreadcrumbList","@id":"https:\/\/easyliferobo.com\/de\/product\/mf5015v2rmd-l-bldc-mikro-servomotor-foc-inspektionsroboter-ausgewogenes-fahrzeug-drehtisch-rohrroboter-auf-raedern-klemmbacke-groesse-motor-ohne-treiber\/#breadcrumb","itemListElement":[{"@type":"ListItem","position":1,"name":"Home","item":"https:\/\/easyliferobo.com\/de\/"},{"@type":"ListItem","position":2,"name":"Shop","item":"https:\/\/easyliferobo.com\/de\/shop\/"},{"@type":"ListItem","position":3,"name":"MF5015v2(RMD-L) BLDC, Mikro-\/Servom..."}]},{"@type":"WebSite","@id":"https:\/\/easyliferobo.com\/de\/#website","url":"https:\/\/easyliferobo.com\/de\/","name":"EasyLifeBro","description":"Smarte Roboter f\u00fcr Zuhause, Garten &amp; Bildung","publisher":{"@id":"https:\/\/easyliferobo.com\/de\/#organization"},"potentialAction":[{"@type":"SearchAction","target":{"@type":"EntryPoint","urlTemplate":"https:\/\/easyliferobo.com\/de\/?s={search_term_string}"},"query-input":{"@type":"PropertyValueSpecification","valueRequired":true,"valueName":"search_term_string"}}],"inLanguage":"de"},{"@type":"Organization","@id":"https:\/\/easyliferobo.com\/de\/#organization","name":"EasyLifeBro","url":"https:\/\/easyliferobo.com\/de\/","logo":{"@type":"ImageObject","inLanguage":"de","@id":"https:\/\/easyliferobo.com\/de\/#\/schema\/logo\/image\/","url":"https:\/\/easyliferobo.com\/de\/wp-content\/uploads\/2026\/02\/Screenshot-2026-02-22-at-2.25.03-PM.png","contentUrl":"https:\/\/easyliferobo.com\/de\/wp-content\/uploads\/2026\/02\/Screenshot-2026-02-22-at-2.25.03-PM.png","width":1858,"height":430,"caption":"EasyLifeBro"},"image":{"@id":"https:\/\/easyliferobo.com\/de\/#\/schema\/logo\/image\/"}}]}},"_links":{"self":[{"href":"https:\/\/easyliferobo.com\/de\/wp-json\/wp\/v2\/product\/3137","targetHints":{"allow":["GET"]}}],"collection":[{"href":"https:\/\/easyliferobo.com\/de\/wp-json\/wp\/v2\/product"}],"about":[{"href":"https:\/\/easyliferobo.com\/de\/wp-json\/wp\/v2\/types\/product"}],"replies":[{"embeddable":true,"href":"https:\/\/easyliferobo.com\/de\/wp-json\/wp\/v2\/comments?post=3137"}],"wp:featuredmedia":[{"embeddable":true,"href":"https:\/\/easyliferobo.com\/de\/wp-json\/wp\/v2\/media\/3138"}],"wp:attachment":[{"href":"https:\/\/easyliferobo.com\/de\/wp-json\/wp\/v2\/media?parent=3137"}],"wp:term":[{"taxonomy":"store","embeddable":true,"href":"https:\/\/easyliferobo.com\/de\/wp-json\/wp\/v2\/store?post=3137"},{"taxonomy":"product_brand","embeddable":true,"href":"https:\/\/easyliferobo.com\/de\/wp-json\/wp\/v2\/product_brand?post=3137"},{"taxonomy":"product_cat","embeddable":true,"href":"https:\/\/easyliferobo.com\/de\/wp-json\/wp\/v2\/product_cat?post=3137"},{"taxonomy":"product_tag","embeddable":true,"href":"https:\/\/easyliferobo.com\/de\/wp-json\/wp\/v2\/product_tag?post=3137"}],"curies":[{"name":"wp","href":"https:\/\/api.w.org\/{rel}","templated":true}]}}