
{"id":3125,"date":"2026-02-27T06:06:41","date_gmt":"2026-02-27T06:06:41","guid":{"rendered":"https:\/\/easyliferobo.com\/de\/product\/ecovacs-goat-o600-roboter-rasenmaeher-ohne-begrenzungskabel-600-m%c2%b2-rtk-vision-navigation-4-x-messer-sets\/"},"modified":"2026-02-27T06:06:46","modified_gmt":"2026-02-27T06:06:46","slug":"ecovacs-goat-o600-roboter-rasenmaeher-ohne-begrenzungskabel-600-m%c2%b2-rtk-vision-navigation-4-x-messer-sets","status":"publish","type":"product","link":"https:\/\/easyliferobo.com\/de\/product\/ecovacs-goat-o600-roboter-rasenmaeher-ohne-begrenzungskabel-600-m%c2%b2-rtk-vision-navigation-4-x-messer-sets\/","title":{"rendered":"ECOVACS Goat O600 Roboter-Rasenm\u00e4h..."},"content":{"rendered":"<p>    <span>ECOVACS Goat O600 Roboter-Rasenm\u00e4her ohne Begrenzungskabel, 600 m\u00b2, RTK + Vision Navigation + 4 x Messer-Sets<\/span>    <br \/>Zuverl\u00e4ssige TrueMapping 2.0 RTK-Navigation: Viermal schneller und 30 % stabiler als andere RTK-Technologien, selbst im Schatten von B\u00e4umen oder Geb\u00e4uden. In Bereichen mit schwachem Signal sorgt das visuelle Positionierungssystem f\u00fcr kontinuierliches und pr\u00e4zises M\u00e4hen f\u00fcr eine umfassende Rasenpflege.<br \/>Schnellstart in 15 Minuten: Keine komplizierte Einrichtung oder Begrenzungskabel erforderlich. Der intelligente GOAT O600 RTK kann verschiedene Arten von Grenzwerten automatisch erkennen und speichern. Sobald die automatisierte Karte erstellt wurde, k\u00f6nnen Sie sie ganz einfach anpassen. Sie k\u00f6nnen den GOAT O600 auch mit Ihrem Smartphone steuern, um Ihren Rasen von \u00fcberall aus manuell zu m\u00e4hen und zu \u00fcberpr\u00fcfen.<br \/>Erkennt \u00fcber 200 Arten von Hindernissen: Die KI-Kamera wurde mithilfe von Deep Learning trainiert und erkennt auf intelligente Weise \u00fcber 200 h\u00e4ufige Arten von Hindernissen im Garten, darunter auch Igel. Es werden proaktive Sicherheitsma\u00dfnahmen ergriffen, um Ihre Familie, Haustiere und Gartenelemente zu sch\u00fctzen. Mit der TrueMapping 2.0 RTK-Navigation und einer KI-Kamera bietet der M\u00e4her eine hervorragende Schnittleistung bis zum Rand und hinterl\u00e4sst nur minimale Grasr\u00fcckst\u00e4nde.<br \/>M\u00e4heffizienz und einstellbare Schnitth\u00f6he: Der GOAT O600 RTK bietet eine um 150 % h\u00f6here Schnittleistung und erm\u00f6glicht m\u00fchelos professionelle, gleichm\u00e4\u00dfige Schnitte. Die Schnitth\u00f6he ist in 1-cm-Schritten von 3 bis 8 cm einstellbar, was f\u00fcr einen optimalen Schnitt bei allen Grasarten und einen gesunden, gepflegten Rasen sorgt.<br \/>Bearbeitbare Karten, individuelle M\u00e4hpl\u00e4ne: Durch die Verbindung mit der ECOVACS Home-App bietet der GOAT sowohl anpassbare M\u00e4hmodi als auch eine komfortable Kartenbearbeitung. Dank der editierbaren Sperrbereiche m\u00fcssen Outdoor-Aktivit\u00e4ten wie Picknicks nicht unterbrochen werden. Dar\u00fcber hinaus k\u00f6nnen Sie das M\u00e4hen bestimmter Bereiche ganz einfach nach Ihren Vorlieben und Ihrem pers\u00f6nlichen Zeitplan festlegen.<br \/>\u3010Navigiert problemlos auf 0,7 m breiten Wegen.\u3011 Bew\u00e4ltigt anspruchsvolles Gel\u00e4nde mit einer Neigung von bis zu 45 % und einer Hindernis\u00fcberwindung von 3 cm. Das schlanke Design und die intelligente Kantenerkennung erm\u00f6glichen eine m\u00fchelose Navigation auf 0,7 m breiten Wegen ohne manuellen Eingriff f\u00fcr eine gr\u00fcndliche Rasenpflege. Dank fortschrittlicher Algorithmen plant der GOAT O600 automatisch die effizientesten M\u00e4hrouten, auch entlang gebogener, geneigter Kanten oder schmaler Streifen, wodurch Effizienz und M\u00e4haufwand reduziert werden<br \/>+ 4 x Messer-Sets<\/p>\n<p>[ad_2]<\/p>\n","protected":false},"excerpt":{"rendered":"<p>ECOVACS Goat O600 Roboter-Rasenm\u00e4her ohne Begrenzungskabel, 600 m\u00b2, RTK + Vision Navigation + 4 x Messer-Sets Zuverl\u00e4ssige TrueMapping 2.0 RTK-Navigation: Viermal schneller und 30 % stabiler als andere RTK-Technologien, selbst im Schatten von B\u00e4umen oder Geb\u00e4uden. In Bereichen mit schwachem Signal sorgt das visuelle Positionierungssystem f\u00fcr kontinuierliches und pr\u00e4zises M\u00e4hen f\u00fcr eine umfassende Rasenpflege.Schnellstart in [&hellip;]<\/p>\n","protected":false},"featured_media":3126,"comment_status":"open","ping_status":"closed","template":"","meta":{"_aipt_faq_data":""},"store":[],"product_brand":[],"product_cat":[116],"product_tag":[350],"class_list":{"0":"post-3125","1":"product","2":"type-product","3":"status-publish","4":"has-post-thumbnail","6":"product_cat-innen-aussen-sicherheitsroboter","7":"product_tag-wasserdichte-innen-aussen-sicherheitsroboter","9":"first","10":"instock","11":"sale","12":"shipping-taxable","13":"product-type-external"},"yoast_head":"<!-- This site is optimized with the Yoast SEO plugin v27.0 - https:\/\/yoast.com\/product\/yoast-seo-wordpress\/ -->\n<title>ECOVACS Goat O600 Roboter-Rasenm\u00e4her ohne Begrenzungskabel, 600 m\u00b2, RTK + Vision Navigation + 4 x Messer-Sets - EasyLifeBro<\/title>\n<meta name=\"description\" content=\"Entdecken Sie smarte Roboter f\u00fcr Zuhause, Garten, Bildung und Sicherheit. Vergleichen Sie Saugroboter, Rasenm\u00e4hroboter, KI-Begleitroboter und mehr bei EasyLifeRobo.\" \/>\n<meta name=\"robots\" content=\"index, follow, max-snippet:-1, max-image-preview:large, max-video-preview:-1\" \/>\n<link rel=\"canonical\" href=\"https:\/\/easyliferobo.com\/de\/product\/ecovacs-goat-o600-roboter-rasenmaeher-ohne-begrenzungskabel-600-m\u00b2-rtk-vision-navigation-4-x-messer-sets\/\" \/>\n<meta property=\"og:locale\" content=\"de_DE\" \/>\n<meta property=\"og:type\" content=\"article\" \/>\n<meta property=\"og:title\" content=\"ECOVACS Goat O600 Roboter-Rasenm\u00e4her ohne Begrenzungskabel, 600 m\u00b2, RTK + Vision Navigation + 4 x Messer-Sets - EasyLifeBro\" \/>\n<meta property=\"og:description\" content=\"Entdecken Sie smarte Roboter f\u00fcr Zuhause, Garten, Bildung und Sicherheit. Vergleichen Sie Saugroboter, Rasenm\u00e4hroboter, KI-Begleitroboter und mehr bei EasyLifeRobo.\" \/>\n<meta property=\"og:url\" content=\"https:\/\/easyliferobo.com\/de\/product\/ecovacs-goat-o600-roboter-rasenmaeher-ohne-begrenzungskabel-600-m\u00b2-rtk-vision-navigation-4-x-messer-sets\/\" \/>\n<meta property=\"og:site_name\" content=\"EasyLifeBro\" \/>\n<meta property=\"article:modified_time\" content=\"2026-02-27T06:06:46+00:00\" \/>\n<meta name=\"twitter:card\" content=\"summary_large_image\" \/>\n<meta name=\"twitter:label1\" content=\"Gesch\u00e4tzte Lesezeit\" \/>\n\t<meta name=\"twitter:data1\" content=\"2\u00a0Minuten\" \/>\n<script type=\"application\/ld+json\" class=\"yoast-schema-graph\">{\"@context\":\"https:\/\/schema.org\",\"@graph\":[{\"@type\":\"WebPage\",\"@id\":\"https:\/\/easyliferobo.com\/de\/product\/ecovacs-goat-o600-roboter-rasenmaeher-ohne-begrenzungskabel-600-m%c2%b2-rtk-vision-navigation-4-x-messer-sets\/\",\"url\":\"https:\/\/easyliferobo.com\/de\/product\/ecovacs-goat-o600-roboter-rasenmaeher-ohne-begrenzungskabel-600-m%c2%b2-rtk-vision-navigation-4-x-messer-sets\/\",\"name\":\"ECOVACS Goat O600 Roboter-Rasenm\u00e4her ohne Begrenzungskabel, 600 m\u00b2, RTK + Vision Navigation + 4 x Messer-Sets - EasyLifeBro\",\"isPartOf\":{\"@id\":\"https:\/\/easyliferobo.com\/de\/#website\"},\"primaryImageOfPage\":{\"@id\":\"https:\/\/easyliferobo.com\/de\/product\/ecovacs-goat-o600-roboter-rasenmaeher-ohne-begrenzungskabel-600-m%c2%b2-rtk-vision-navigation-4-x-messer-sets\/#primaryimage\"},\"image\":{\"@id\":\"https:\/\/easyliferobo.com\/de\/product\/ecovacs-goat-o600-roboter-rasenmaeher-ohne-begrenzungskabel-600-m%c2%b2-rtk-vision-navigation-4-x-messer-sets\/#primaryimage\"},\"thumbnailUrl\":\"https:\/\/easyliferobo.com\/de\/wp-content\/uploads\/2026\/02\/91WYYe1gqiL._AC_SL1500_.jpg\",\"datePublished\":\"2026-02-27T06:06:41+00:00\",\"dateModified\":\"2026-02-27T06:06:46+00:00\",\"description\":\"Entdecken Sie smarte Roboter f\u00fcr Zuhause, Garten, Bildung und Sicherheit. Vergleichen Sie Saugroboter, Rasenm\u00e4hroboter, KI-Begleitroboter und mehr bei EasyLifeRobo.\",\"breadcrumb\":{\"@id\":\"https:\/\/easyliferobo.com\/de\/product\/ecovacs-goat-o600-roboter-rasenmaeher-ohne-begrenzungskabel-600-m%c2%b2-rtk-vision-navigation-4-x-messer-sets\/#breadcrumb\"},\"inLanguage\":\"de\",\"potentialAction\":[{\"@type\":\"ReadAction\",\"target\":[\"https:\/\/easyliferobo.com\/de\/product\/ecovacs-goat-o600-roboter-rasenmaeher-ohne-begrenzungskabel-600-m%c2%b2-rtk-vision-navigation-4-x-messer-sets\/\"]}]},{\"@type\":\"ImageObject\",\"inLanguage\":\"de\",\"@id\":\"https:\/\/easyliferobo.com\/de\/product\/ecovacs-goat-o600-roboter-rasenmaeher-ohne-begrenzungskabel-600-m%c2%b2-rtk-vision-navigation-4-x-messer-sets\/#primaryimage\",\"url\":\"https:\/\/easyliferobo.com\/de\/wp-content\/uploads\/2026\/02\/91WYYe1gqiL._AC_SL1500_.jpg\",\"contentUrl\":\"https:\/\/easyliferobo.com\/de\/wp-content\/uploads\/2026\/02\/91WYYe1gqiL._AC_SL1500_.jpg\",\"width\":1200,\"height\":1500},{\"@type\":\"BreadcrumbList\",\"@id\":\"https:\/\/easyliferobo.com\/de\/product\/ecovacs-goat-o600-roboter-rasenmaeher-ohne-begrenzungskabel-600-m%c2%b2-rtk-vision-navigation-4-x-messer-sets\/#breadcrumb\",\"itemListElement\":[{\"@type\":\"ListItem\",\"position\":1,\"name\":\"Home\",\"item\":\"https:\/\/easyliferobo.com\/de\/\"},{\"@type\":\"ListItem\",\"position\":2,\"name\":\"Shop\",\"item\":\"https:\/\/easyliferobo.com\/de\/shop\/\"},{\"@type\":\"ListItem\",\"position\":3,\"name\":\"ECOVACS Goat O600 Roboter-Rasenm\u00e4h...\"}]},{\"@type\":\"WebSite\",\"@id\":\"https:\/\/easyliferobo.com\/de\/#website\",\"url\":\"https:\/\/easyliferobo.com\/de\/\",\"name\":\"EasyLifeBro\",\"description\":\"Smarte Roboter f\u00fcr Zuhause, Garten &amp; Bildung\",\"publisher\":{\"@id\":\"https:\/\/easyliferobo.com\/de\/#organization\"},\"potentialAction\":[{\"@type\":\"SearchAction\",\"target\":{\"@type\":\"EntryPoint\",\"urlTemplate\":\"https:\/\/easyliferobo.com\/de\/?s={search_term_string}\"},\"query-input\":{\"@type\":\"PropertyValueSpecification\",\"valueRequired\":true,\"valueName\":\"search_term_string\"}}],\"inLanguage\":\"de\"},{\"@type\":\"Organization\",\"@id\":\"https:\/\/easyliferobo.com\/de\/#organization\",\"name\":\"EasyLifeBro\",\"url\":\"https:\/\/easyliferobo.com\/de\/\",\"logo\":{\"@type\":\"ImageObject\",\"inLanguage\":\"de\",\"@id\":\"https:\/\/easyliferobo.com\/de\/#\/schema\/logo\/image\/\",\"url\":\"https:\/\/easyliferobo.com\/de\/wp-content\/uploads\/2026\/02\/Screenshot-2026-02-22-at-2.25.03-PM.png\",\"contentUrl\":\"https:\/\/easyliferobo.com\/de\/wp-content\/uploads\/2026\/02\/Screenshot-2026-02-22-at-2.25.03-PM.png\",\"width\":1858,\"height\":430,\"caption\":\"EasyLifeBro\"},\"image\":{\"@id\":\"https:\/\/easyliferobo.com\/de\/#\/schema\/logo\/image\/\"}}]}<\/script>\n<!-- \/ Yoast SEO plugin. -->","yoast_head_json":{"title":"ECOVACS Goat O600 Roboter-Rasenm\u00e4her ohne Begrenzungskabel, 600 m\u00b2, RTK + Vision Navigation + 4 x Messer-Sets - EasyLifeBro","description":"Entdecken Sie smarte Roboter f\u00fcr Zuhause, Garten, Bildung und Sicherheit. Vergleichen Sie Saugroboter, Rasenm\u00e4hroboter, KI-Begleitroboter und mehr bei EasyLifeRobo.","robots":{"index":"index","follow":"follow","max-snippet":"max-snippet:-1","max-image-preview":"max-image-preview:large","max-video-preview":"max-video-preview:-1"},"canonical":"https:\/\/easyliferobo.com\/de\/product\/ecovacs-goat-o600-roboter-rasenmaeher-ohne-begrenzungskabel-600-m\u00b2-rtk-vision-navigation-4-x-messer-sets\/","og_locale":"de_DE","og_type":"article","og_title":"ECOVACS Goat O600 Roboter-Rasenm\u00e4her ohne Begrenzungskabel, 600 m\u00b2, RTK + Vision Navigation + 4 x Messer-Sets - EasyLifeBro","og_description":"Entdecken Sie smarte Roboter f\u00fcr Zuhause, Garten, Bildung und Sicherheit. Vergleichen Sie Saugroboter, Rasenm\u00e4hroboter, KI-Begleitroboter und mehr bei EasyLifeRobo.","og_url":"https:\/\/easyliferobo.com\/de\/product\/ecovacs-goat-o600-roboter-rasenmaeher-ohne-begrenzungskabel-600-m\u00b2-rtk-vision-navigation-4-x-messer-sets\/","og_site_name":"EasyLifeBro","article_modified_time":"2026-02-27T06:06:46+00:00","twitter_card":"summary_large_image","twitter_misc":{"Gesch\u00e4tzte Lesezeit":"2\u00a0Minuten"},"schema":{"@context":"https:\/\/schema.org","@graph":[{"@type":"WebPage","@id":"https:\/\/easyliferobo.com\/de\/product\/ecovacs-goat-o600-roboter-rasenmaeher-ohne-begrenzungskabel-600-m%c2%b2-rtk-vision-navigation-4-x-messer-sets\/","url":"https:\/\/easyliferobo.com\/de\/product\/ecovacs-goat-o600-roboter-rasenmaeher-ohne-begrenzungskabel-600-m%c2%b2-rtk-vision-navigation-4-x-messer-sets\/","name":"ECOVACS Goat O600 Roboter-Rasenm\u00e4her ohne Begrenzungskabel, 600 m\u00b2, RTK + Vision Navigation + 4 x Messer-Sets - EasyLifeBro","isPartOf":{"@id":"https:\/\/easyliferobo.com\/de\/#website"},"primaryImageOfPage":{"@id":"https:\/\/easyliferobo.com\/de\/product\/ecovacs-goat-o600-roboter-rasenmaeher-ohne-begrenzungskabel-600-m%c2%b2-rtk-vision-navigation-4-x-messer-sets\/#primaryimage"},"image":{"@id":"https:\/\/easyliferobo.com\/de\/product\/ecovacs-goat-o600-roboter-rasenmaeher-ohne-begrenzungskabel-600-m%c2%b2-rtk-vision-navigation-4-x-messer-sets\/#primaryimage"},"thumbnailUrl":"https:\/\/easyliferobo.com\/de\/wp-content\/uploads\/2026\/02\/91WYYe1gqiL._AC_SL1500_.jpg","datePublished":"2026-02-27T06:06:41+00:00","dateModified":"2026-02-27T06:06:46+00:00","description":"Entdecken Sie smarte Roboter f\u00fcr Zuhause, Garten, Bildung und Sicherheit. Vergleichen Sie Saugroboter, Rasenm\u00e4hroboter, KI-Begleitroboter und mehr bei EasyLifeRobo.","breadcrumb":{"@id":"https:\/\/easyliferobo.com\/de\/product\/ecovacs-goat-o600-roboter-rasenmaeher-ohne-begrenzungskabel-600-m%c2%b2-rtk-vision-navigation-4-x-messer-sets\/#breadcrumb"},"inLanguage":"de","potentialAction":[{"@type":"ReadAction","target":["https:\/\/easyliferobo.com\/de\/product\/ecovacs-goat-o600-roboter-rasenmaeher-ohne-begrenzungskabel-600-m%c2%b2-rtk-vision-navigation-4-x-messer-sets\/"]}]},{"@type":"ImageObject","inLanguage":"de","@id":"https:\/\/easyliferobo.com\/de\/product\/ecovacs-goat-o600-roboter-rasenmaeher-ohne-begrenzungskabel-600-m%c2%b2-rtk-vision-navigation-4-x-messer-sets\/#primaryimage","url":"https:\/\/easyliferobo.com\/de\/wp-content\/uploads\/2026\/02\/91WYYe1gqiL._AC_SL1500_.jpg","contentUrl":"https:\/\/easyliferobo.com\/de\/wp-content\/uploads\/2026\/02\/91WYYe1gqiL._AC_SL1500_.jpg","width":1200,"height":1500},{"@type":"BreadcrumbList","@id":"https:\/\/easyliferobo.com\/de\/product\/ecovacs-goat-o600-roboter-rasenmaeher-ohne-begrenzungskabel-600-m%c2%b2-rtk-vision-navigation-4-x-messer-sets\/#breadcrumb","itemListElement":[{"@type":"ListItem","position":1,"name":"Home","item":"https:\/\/easyliferobo.com\/de\/"},{"@type":"ListItem","position":2,"name":"Shop","item":"https:\/\/easyliferobo.com\/de\/shop\/"},{"@type":"ListItem","position":3,"name":"ECOVACS Goat O600 Roboter-Rasenm\u00e4h..."}]},{"@type":"WebSite","@id":"https:\/\/easyliferobo.com\/de\/#website","url":"https:\/\/easyliferobo.com\/de\/","name":"EasyLifeBro","description":"Smarte Roboter f\u00fcr Zuhause, Garten &amp; Bildung","publisher":{"@id":"https:\/\/easyliferobo.com\/de\/#organization"},"potentialAction":[{"@type":"SearchAction","target":{"@type":"EntryPoint","urlTemplate":"https:\/\/easyliferobo.com\/de\/?s={search_term_string}"},"query-input":{"@type":"PropertyValueSpecification","valueRequired":true,"valueName":"search_term_string"}}],"inLanguage":"de"},{"@type":"Organization","@id":"https:\/\/easyliferobo.com\/de\/#organization","name":"EasyLifeBro","url":"https:\/\/easyliferobo.com\/de\/","logo":{"@type":"ImageObject","inLanguage":"de","@id":"https:\/\/easyliferobo.com\/de\/#\/schema\/logo\/image\/","url":"https:\/\/easyliferobo.com\/de\/wp-content\/uploads\/2026\/02\/Screenshot-2026-02-22-at-2.25.03-PM.png","contentUrl":"https:\/\/easyliferobo.com\/de\/wp-content\/uploads\/2026\/02\/Screenshot-2026-02-22-at-2.25.03-PM.png","width":1858,"height":430,"caption":"EasyLifeBro"},"image":{"@id":"https:\/\/easyliferobo.com\/de\/#\/schema\/logo\/image\/"}}]}},"_links":{"self":[{"href":"https:\/\/easyliferobo.com\/de\/wp-json\/wp\/v2\/product\/3125","targetHints":{"allow":["GET"]}}],"collection":[{"href":"https:\/\/easyliferobo.com\/de\/wp-json\/wp\/v2\/product"}],"about":[{"href":"https:\/\/easyliferobo.com\/de\/wp-json\/wp\/v2\/types\/product"}],"replies":[{"embeddable":true,"href":"https:\/\/easyliferobo.com\/de\/wp-json\/wp\/v2\/comments?post=3125"}],"wp:featuredmedia":[{"embeddable":true,"href":"https:\/\/easyliferobo.com\/de\/wp-json\/wp\/v2\/media\/3126"}],"wp:attachment":[{"href":"https:\/\/easyliferobo.com\/de\/wp-json\/wp\/v2\/media?parent=3125"}],"wp:term":[{"taxonomy":"store","embeddable":true,"href":"https:\/\/easyliferobo.com\/de\/wp-json\/wp\/v2\/store?post=3125"},{"taxonomy":"product_brand","embeddable":true,"href":"https:\/\/easyliferobo.com\/de\/wp-json\/wp\/v2\/product_brand?post=3125"},{"taxonomy":"product_cat","embeddable":true,"href":"https:\/\/easyliferobo.com\/de\/wp-json\/wp\/v2\/product_cat?post=3125"},{"taxonomy":"product_tag","embeddable":true,"href":"https:\/\/easyliferobo.com\/de\/wp-json\/wp\/v2\/product_tag?post=3125"}],"curies":[{"name":"wp","href":"https:\/\/api.w.org\/{rel}","templated":true}]}}