
{"id":3114,"date":"2026-02-27T06:05:18","date_gmt":"2026-02-27T06:05:18","guid":{"rendered":"https:\/\/easyliferobo.com\/de\/product\/bosch-home-and-garden-indego-s-500-rasenroboter-mit-18-v-akku-app-funktion-ladestation-inklusive-schnittbreite-19-cm-fuer-rasenflaechen-bis-500-m%c2%b2-im-karton-schwarz-gruen\/"},"modified":"2026-02-27T06:05:37","modified_gmt":"2026-02-27T06:05:37","slug":"bosch-home-and-garden-indego-s-500-rasenroboter-mit-18-v-akku-app-funktion-ladestation-inklusive-schnittbreite-19-cm-fuer-rasenflaechen-bis-500-m%c2%b2-im-karton-schwarz-gruen","status":"publish","type":"product","link":"https:\/\/easyliferobo.com\/de\/product\/bosch-home-and-garden-indego-s-500-rasenroboter-mit-18-v-akku-app-funktion-ladestation-inklusive-schnittbreite-19-cm-fuer-rasenflaechen-bis-500-m%c2%b2-im-karton-schwarz-gruen\/","title":{"rendered":"Bosch Home and Garden Indego S+ 500..."},"content":{"rendered":"<p>\n                                             Von der Marke   <\/p>\n<p>                                              <img decoding=\"async\" alt=\"Markengeschichte\" src=\"https:\/\/images-na.ssl-images-amazon.com\/images\/G\/01\/x-locale\/common\/grey-pixel.gif\" class=\"a-lazy-loaded\" data-src=\"https:\/\/m.media-amazon.com\/images\/S\/aplus-media-library-service-media\/3fabe4b1-df24-439c-be2e-6815a0ee7711.__CR0,0,1464,625_PT0_SX1464_V1___.jpg\"><img decoding=\"async\" alt=\"Markengeschichte\" src=\"https:\/\/m.media-amazon.com\/images\/S\/aplus-media-library-service-media\/3fabe4b1-df24-439c-be2e-6815a0ee7711.__CR0,0,1464,625_PT0_SX1464_V1___.jpg\">  <\/p>\n<p>                                              <img decoding=\"async\" alt=\"\" src=\"https:\/\/images-na.ssl-images-amazon.com\/images\/G\/01\/x-locale\/common\/grey-pixel.gif\" class=\"a-lazy-loaded\" data-src=\"https:\/\/m.media-amazon.com\/images\/S\/aplus-media-library-service-media\/afb29740-76a4-4140-82f5-7004325805a5.__CR0,0,315,145_PT0_SX315_V1___.jpg\"><img decoding=\"async\" alt=\"\" src=\"https:\/\/m.media-amazon.com\/images\/S\/aplus-media-library-service-media\/afb29740-76a4-4140-82f5-7004325805a5.__CR0,0,315,145_PT0_SX315_V1___.jpg\">  <\/p>\n<p>  Bosch, Ihr kompetenter Lieferant f\u00fcr Haus und Garten <\/p>\n<p>  Wir sind kompetent f\u00fcr alle Aufgaben in Ihrem Haus und Garten, vom M\u00e4hen bis zum Reparieren, von der Rasenpflege bis zur Baumpflege. Mit unseren einfach zu bedienenden und leistungsstarken Werkzeugen k\u00f6nnen Sie m\u00fchelos Ihre DIY-Projekte durchf\u00fchren und Spa\u00df haben, Ihren Garten zu pflegen. <\/p>\n<p>  Mach es, liebe es, Bosch! <\/p>\n<h3>  Entdecke mehr <\/h3>\n<p class=\"apm-brand-story-stores-link\">\n<p>                                              <img decoding=\"async\" alt=\"Markengeschichte\" src=\"https:\/\/images-na.ssl-images-amazon.com\/images\/G\/01\/x-locale\/common\/grey-pixel.gif\" class=\"a-lazy-loaded\" data-src=\"https:\/\/m.media-amazon.com\/images\/S\/aplus-media-library-service-media\/51b925c1-d270-4c63-976e-92ad617d8572.__CR0,0,362,453_PT0_SX362_V1___.jpg\"><img decoding=\"async\" alt=\"Markengeschichte\" src=\"https:\/\/m.media-amazon.com\/images\/S\/aplus-media-library-service-media\/51b925c1-d270-4c63-976e-92ad617d8572.__CR0,0,362,453_PT0_SX362_V1___.jpg\">  <\/p>\n<p>                                                         DER Akku f\u00fcr Ihr Zuhause: POWER FOR ALL ALLIANCE                                       <\/p>\n<p> Wir m\u00f6chten Ihre Lebensqualit\u00e4t mit modernster Technologie verbessern.  <\/p>\n<p>  Kein Kabel, keine Grenzen. Ein Akku f\u00fcr alle Werkzeuge. Zusammen mit unseren Partnern bieten wir so viele Anwendungen wie m\u00f6glich f\u00fcr Heimanwender an und erweitern sie kontinuierlich auf neue Lebens- und Nutzungsbereiche. <\/p>\n<p>  Unsere Vision ist eine einzige Batterie f\u00fcr Ihr gesamtes Zuhause, mit maximaler Flexibilit\u00e4t und Komfort. Das ist unser Einsatz f\u00fcr heute und f\u00fcr die Zukunft. <\/p>\n<p>                                                         #LikeABosch                                       <\/p>\n<p> Im Rahmen eines nachhaltigen Rahmens ist unsere T\u00e4tigkeit zu jeder Zeit von Wirtschaft, \u00d6kologie und sozialer Verantwortung gepr\u00e4gt. <\/p>\n<p>  Mit unseren Elektrowerkzeugen k\u00f6nnen Sie aktiv zu einem viel nachhaltigeren Lebensstil und mehr Ressourcenschonung beitragen. <\/p>\n<p>  Mit #LikeABosch zeigen wir Ihnen, wie einfach es ist. Zusammen schaffen wir es. Jeder Schritt, wie klein er auch sein mag, ist wichtig, um zum Schutz unserer Umwelt beizutragen.  <\/p>\n<p>                                                         Langlebigkeit                                       <\/p>\n<p> Dank der Syneon-Technologie bieten unsere kabellosen Werkzeuge optimale Leistung und maximale Akkulaufzeit. <\/p>\n<p>                                                         Trinkwassereinsparung                                       <\/p>\n<p> Verwenden Sie immer noch Leitungswasser zum Gie\u00dfen? Heute gibt es eine bessere L\u00f6sung. Mit der GardenPump 18 k\u00f6nnen Sie mit Regenwasser eine Menge Trinkwasser sparen. <\/p>\n<p>                                                         kompostierung                                       <\/p>\n<p> Mit dem AXT 25 TC Zerkleinerer verwandeln Sie sperrige Gartenabf\u00e4lle ganz einfach in wertvolles Kompostiermaterial. So reduzieren Sie organische Abf\u00e4lle und erhalten einen wertvollen Naturd\u00fcnger. <\/p>\n<p>Systematisch und schnell: Die LogiCut-Technologie kartiert den Rasen und erm\u00f6glicht das M\u00e4hen in effizienten, parallelen Bahnen, sodass der Rasen schneller fertig ist.<br \/>SmartMowing: Der Indego S+ 500 analysiert den Garten, das lokale Wetter und pers\u00f6nliche Vorlieben, um den M\u00e4hplan zu optimieren.<br \/>Mit Amazon Alexa oder Google Assistant, Sprachsteuerung des Indego und mit IFTTT k\u00f6nnen Sie den Indego mit anderen Smart-Ger\u00e4ten im Zuhause verbinden.<br \/>BorderCut f\u00fcr saubere Kanten: Der Indego startet jeden kompletten M\u00e4hvorgang mit BorderCut und sorgt so f\u00fcr saubere Rasenkanten.<br \/>Bew\u00e4ltigen Sie enge Passagen: Geeignet f\u00fcr nur 75 cm breite Passagen zwischen Kabeln (kein F\u00fchrungskabel erforderlich). Akkuladezeit: 60 Minuten.<br \/>Inhalt: Indego S+ 500, Akku 18 V 2,5 Ah, Ladestation und Befestigungsschrauben, Netzteil mit 7 m Kabel, 150 m Begrenzungskabel, Kabelverbinder, 200 Montagewinkel, Karton.<br \/>Hinweis: Dr\u00fccken Sie die Bildschirmbest\u00e4tigungstaste, um das Display zu beleuchten, oder stellen Sie den M\u00e4her in die Ladestation. Der M\u00e4her funktioniert, wenn die interne Batterietemperatur zwischen 5 und 45 Grad liegt. Lassen Sie den M\u00e4her abk\u00fchlen\/aufw\u00e4rmen. Tritt der Fehler h\u00e4ufiger auf, sollten Sie die Ladestation in den Schatten stellen.<\/p>\n<p>[ad_2]<\/p>\n","protected":false},"excerpt":{"rendered":"<p>Von der Marke Bosch, Ihr kompetenter Lieferant f\u00fcr Haus und Garten Wir sind kompetent f\u00fcr alle Aufgaben in Ihrem Haus und Garten, vom M\u00e4hen bis zum Reparieren, von der Rasenpflege bis zur Baumpflege. Mit unseren einfach zu bedienenden und leistungsstarken Werkzeugen k\u00f6nnen Sie m\u00fchelos Ihre DIY-Projekte durchf\u00fchren und Spa\u00df haben, Ihren Garten zu pflegen. Mach [&hellip;]<\/p>\n","protected":false},"featured_media":3115,"comment_status":"open","ping_status":"closed","template":"","meta":{"_aipt_faq_data":""},"store":[],"product_brand":[422],"product_cat":[28],"product_tag":[68],"class_list":{"0":"post-3114","1":"product","2":"type-product","3":"status-publish","4":"has-post-thumbnail","6":"product_brand-bosch","7":"product_cat-trending","8":"product_tag-rasenmaehroboter-mit-gps","10":"first","11":"instock","12":"sale","13":"shipping-taxable","14":"product-type-external"},"yoast_head":"<!-- This site is optimized with the Yoast SEO plugin v27.4 - https:\/\/yoast.com\/product\/yoast-seo-wordpress\/ -->\n<title>Bosch Home and Garden Indego S+ 500 Rasenroboter (mit 18-V-Akku, App-Funktion, Ladestation inklusive, Schnittbreite 19 cm, f\u00fcr Rasenfl\u00e4chen bis 500 m\u00b2, im Karton), Schwarz, Gr\u00fcn - EasyLifeBro<\/title>\n<meta name=\"description\" content=\"Entdecken Sie smarte Roboter f\u00fcr Zuhause, Garten, Bildung und Sicherheit. Vergleichen Sie Saugroboter, Rasenm\u00e4hroboter, KI-Begleitroboter und mehr bei EasyLifeRobo.\" \/>\n<meta name=\"robots\" content=\"index, follow, max-snippet:-1, max-image-preview:large, max-video-preview:-1\" \/>\n<link rel=\"canonical\" href=\"https:\/\/easyliferobo.com\/de\/product\/bosch-home-and-garden-indego-s-500-rasenroboter-mit-18-v-akku-app-funktion-ladestation-inklusive-schnittbreite-19-cm-fuer-rasenflaechen-bis-500-m\u00b2-im-karton-schwarz-gruen\/\" \/>\n<meta property=\"og:locale\" content=\"de_DE\" \/>\n<meta property=\"og:type\" content=\"article\" \/>\n<meta property=\"og:title\" content=\"Bosch Home and Garden Indego S+ 500 Rasenroboter (mit 18-V-Akku, App-Funktion, Ladestation inklusive, Schnittbreite 19 cm, f\u00fcr Rasenfl\u00e4chen bis 500 m\u00b2, im Karton), Schwarz, Gr\u00fcn - EasyLifeBro\" \/>\n<meta property=\"og:description\" content=\"Entdecken Sie smarte Roboter f\u00fcr Zuhause, Garten, Bildung und Sicherheit. Vergleichen Sie Saugroboter, Rasenm\u00e4hroboter, KI-Begleitroboter und mehr bei EasyLifeRobo.\" \/>\n<meta property=\"og:url\" content=\"https:\/\/easyliferobo.com\/de\/product\/bosch-home-and-garden-indego-s-500-rasenroboter-mit-18-v-akku-app-funktion-ladestation-inklusive-schnittbreite-19-cm-fuer-rasenflaechen-bis-500-m\u00b2-im-karton-schwarz-gruen\/\" \/>\n<meta property=\"og:site_name\" content=\"EasyLifeBro\" \/>\n<meta property=\"article:modified_time\" content=\"2026-02-27T06:05:37+00:00\" \/>\n<meta property=\"og:image\" content=\"https:\/\/images-na.ssl-images-amazon.com\/images\/G\/01\/x-locale\/common\/grey-pixel.gif\" \/>\n<meta name=\"twitter:card\" content=\"summary_large_image\" \/>\n<meta name=\"twitter:label1\" content=\"Gesch\u00e4tzte Lesezeit\" \/>\n\t<meta name=\"twitter:data1\" content=\"2\u00a0Minuten\" \/>\n<script type=\"application\/ld+json\" class=\"yoast-schema-graph\">{\"@context\":\"https:\\\/\\\/schema.org\",\"@graph\":[{\"@type\":\"WebPage\",\"@id\":\"https:\\\/\\\/easyliferobo.com\\\/de\\\/product\\\/bosch-home-and-garden-indego-s-500-rasenroboter-mit-18-v-akku-app-funktion-ladestation-inklusive-schnittbreite-19-cm-fuer-rasenflaechen-bis-500-m%c2%b2-im-karton-schwarz-gruen\\\/\",\"url\":\"https:\\\/\\\/easyliferobo.com\\\/de\\\/product\\\/bosch-home-and-garden-indego-s-500-rasenroboter-mit-18-v-akku-app-funktion-ladestation-inklusive-schnittbreite-19-cm-fuer-rasenflaechen-bis-500-m%c2%b2-im-karton-schwarz-gruen\\\/\",\"name\":\"Bosch Home and Garden Indego S+ 500 Rasenroboter (mit 18-V-Akku, App-Funktion, Ladestation inklusive, Schnittbreite 19 cm, f\u00fcr Rasenfl\u00e4chen bis 500 m\u00b2, im Karton), Schwarz, Gr\u00fcn - EasyLifeBro\",\"isPartOf\":{\"@id\":\"https:\\\/\\\/easyliferobo.com\\\/de\\\/#website\"},\"primaryImageOfPage\":{\"@id\":\"https:\\\/\\\/easyliferobo.com\\\/de\\\/product\\\/bosch-home-and-garden-indego-s-500-rasenroboter-mit-18-v-akku-app-funktion-ladestation-inklusive-schnittbreite-19-cm-fuer-rasenflaechen-bis-500-m%c2%b2-im-karton-schwarz-gruen\\\/#primaryimage\"},\"image\":{\"@id\":\"https:\\\/\\\/easyliferobo.com\\\/de\\\/product\\\/bosch-home-and-garden-indego-s-500-rasenroboter-mit-18-v-akku-app-funktion-ladestation-inklusive-schnittbreite-19-cm-fuer-rasenflaechen-bis-500-m%c2%b2-im-karton-schwarz-gruen\\\/#primaryimage\"},\"thumbnailUrl\":\"https:\\\/\\\/easyliferobo.com\\\/de\\\/wp-content\\\/uploads\\\/2026\\\/02\\\/61xo50bnCKL._AC_SL1500_.jpg\",\"datePublished\":\"2026-02-27T06:05:18+00:00\",\"dateModified\":\"2026-02-27T06:05:37+00:00\",\"description\":\"Entdecken Sie smarte Roboter f\u00fcr Zuhause, Garten, Bildung und Sicherheit. Vergleichen Sie Saugroboter, Rasenm\u00e4hroboter, KI-Begleitroboter und mehr bei EasyLifeRobo.\",\"breadcrumb\":{\"@id\":\"https:\\\/\\\/easyliferobo.com\\\/de\\\/product\\\/bosch-home-and-garden-indego-s-500-rasenroboter-mit-18-v-akku-app-funktion-ladestation-inklusive-schnittbreite-19-cm-fuer-rasenflaechen-bis-500-m%c2%b2-im-karton-schwarz-gruen\\\/#breadcrumb\"},\"inLanguage\":\"de\",\"potentialAction\":[{\"@type\":\"ReadAction\",\"target\":[\"https:\\\/\\\/easyliferobo.com\\\/de\\\/product\\\/bosch-home-and-garden-indego-s-500-rasenroboter-mit-18-v-akku-app-funktion-ladestation-inklusive-schnittbreite-19-cm-fuer-rasenflaechen-bis-500-m%c2%b2-im-karton-schwarz-gruen\\\/\"]}]},{\"@type\":\"ImageObject\",\"inLanguage\":\"de\",\"@id\":\"https:\\\/\\\/easyliferobo.com\\\/de\\\/product\\\/bosch-home-and-garden-indego-s-500-rasenroboter-mit-18-v-akku-app-funktion-ladestation-inklusive-schnittbreite-19-cm-fuer-rasenflaechen-bis-500-m%c2%b2-im-karton-schwarz-gruen\\\/#primaryimage\",\"url\":\"https:\\\/\\\/easyliferobo.com\\\/de\\\/wp-content\\\/uploads\\\/2026\\\/02\\\/61xo50bnCKL._AC_SL1500_.jpg\",\"contentUrl\":\"https:\\\/\\\/easyliferobo.com\\\/de\\\/wp-content\\\/uploads\\\/2026\\\/02\\\/61xo50bnCKL._AC_SL1500_.jpg\",\"width\":1340,\"height\":848},{\"@type\":\"BreadcrumbList\",\"@id\":\"https:\\\/\\\/easyliferobo.com\\\/de\\\/product\\\/bosch-home-and-garden-indego-s-500-rasenroboter-mit-18-v-akku-app-funktion-ladestation-inklusive-schnittbreite-19-cm-fuer-rasenflaechen-bis-500-m%c2%b2-im-karton-schwarz-gruen\\\/#breadcrumb\",\"itemListElement\":[{\"@type\":\"ListItem\",\"position\":1,\"name\":\"Home\",\"item\":\"https:\\\/\\\/easyliferobo.com\\\/de\\\/\"},{\"@type\":\"ListItem\",\"position\":2,\"name\":\"Shop\",\"item\":\"https:\\\/\\\/easyliferobo.com\\\/de\\\/shop\\\/\"},{\"@type\":\"ListItem\",\"position\":3,\"name\":\"Bosch Home and Garden Indego S+ 500...\"}]},{\"@type\":\"WebSite\",\"@id\":\"https:\\\/\\\/easyliferobo.com\\\/de\\\/#website\",\"url\":\"https:\\\/\\\/easyliferobo.com\\\/de\\\/\",\"name\":\"EasyLifeBro\",\"description\":\"Smarte Roboter f\u00fcr Zuhause, Garten &amp; Bildung\",\"publisher\":{\"@id\":\"https:\\\/\\\/easyliferobo.com\\\/de\\\/#organization\"},\"potentialAction\":[{\"@type\":\"SearchAction\",\"target\":{\"@type\":\"EntryPoint\",\"urlTemplate\":\"https:\\\/\\\/easyliferobo.com\\\/de\\\/?s={search_term_string}\"},\"query-input\":{\"@type\":\"PropertyValueSpecification\",\"valueRequired\":true,\"valueName\":\"search_term_string\"}}],\"inLanguage\":\"de\"},{\"@type\":\"Organization\",\"@id\":\"https:\\\/\\\/easyliferobo.com\\\/de\\\/#organization\",\"name\":\"EasyLifeBro\",\"url\":\"https:\\\/\\\/easyliferobo.com\\\/de\\\/\",\"logo\":{\"@type\":\"ImageObject\",\"inLanguage\":\"de\",\"@id\":\"https:\\\/\\\/easyliferobo.com\\\/de\\\/#\\\/schema\\\/logo\\\/image\\\/\",\"url\":\"https:\\\/\\\/easyliferobo.com\\\/de\\\/wp-content\\\/uploads\\\/2026\\\/02\\\/Screenshot-2026-02-22-at-2.25.03-PM.png\",\"contentUrl\":\"https:\\\/\\\/easyliferobo.com\\\/de\\\/wp-content\\\/uploads\\\/2026\\\/02\\\/Screenshot-2026-02-22-at-2.25.03-PM.png\",\"width\":1858,\"height\":430,\"caption\":\"EasyLifeBro\"},\"image\":{\"@id\":\"https:\\\/\\\/easyliferobo.com\\\/de\\\/#\\\/schema\\\/logo\\\/image\\\/\"}}]}<\/script>\n<!-- \/ Yoast SEO plugin. -->","yoast_head_json":{"title":"Bosch Home and Garden Indego S+ 500 Rasenroboter (mit 18-V-Akku, App-Funktion, Ladestation inklusive, Schnittbreite 19 cm, f\u00fcr Rasenfl\u00e4chen bis 500 m\u00b2, im Karton), Schwarz, Gr\u00fcn - EasyLifeBro","description":"Entdecken Sie smarte Roboter f\u00fcr Zuhause, Garten, Bildung und Sicherheit. Vergleichen Sie Saugroboter, Rasenm\u00e4hroboter, KI-Begleitroboter und mehr bei EasyLifeRobo.","robots":{"index":"index","follow":"follow","max-snippet":"max-snippet:-1","max-image-preview":"max-image-preview:large","max-video-preview":"max-video-preview:-1"},"canonical":"https:\/\/easyliferobo.com\/de\/product\/bosch-home-and-garden-indego-s-500-rasenroboter-mit-18-v-akku-app-funktion-ladestation-inklusive-schnittbreite-19-cm-fuer-rasenflaechen-bis-500-m\u00b2-im-karton-schwarz-gruen\/","og_locale":"de_DE","og_type":"article","og_title":"Bosch Home and Garden Indego S+ 500 Rasenroboter (mit 18-V-Akku, App-Funktion, Ladestation inklusive, Schnittbreite 19 cm, f\u00fcr Rasenfl\u00e4chen bis 500 m\u00b2, im Karton), Schwarz, Gr\u00fcn - EasyLifeBro","og_description":"Entdecken Sie smarte Roboter f\u00fcr Zuhause, Garten, Bildung und Sicherheit. Vergleichen Sie Saugroboter, Rasenm\u00e4hroboter, KI-Begleitroboter und mehr bei EasyLifeRobo.","og_url":"https:\/\/easyliferobo.com\/de\/product\/bosch-home-and-garden-indego-s-500-rasenroboter-mit-18-v-akku-app-funktion-ladestation-inklusive-schnittbreite-19-cm-fuer-rasenflaechen-bis-500-m\u00b2-im-karton-schwarz-gruen\/","og_site_name":"EasyLifeBro","article_modified_time":"2026-02-27T06:05:37+00:00","og_image":[{"url":"https:\/\/images-na.ssl-images-amazon.com\/images\/G\/01\/x-locale\/common\/grey-pixel.gif","type":"","width":"","height":""}],"twitter_card":"summary_large_image","twitter_misc":{"Gesch\u00e4tzte Lesezeit":"2\u00a0Minuten"},"schema":{"@context":"https:\/\/schema.org","@graph":[{"@type":"WebPage","@id":"https:\/\/easyliferobo.com\/de\/product\/bosch-home-and-garden-indego-s-500-rasenroboter-mit-18-v-akku-app-funktion-ladestation-inklusive-schnittbreite-19-cm-fuer-rasenflaechen-bis-500-m%c2%b2-im-karton-schwarz-gruen\/","url":"https:\/\/easyliferobo.com\/de\/product\/bosch-home-and-garden-indego-s-500-rasenroboter-mit-18-v-akku-app-funktion-ladestation-inklusive-schnittbreite-19-cm-fuer-rasenflaechen-bis-500-m%c2%b2-im-karton-schwarz-gruen\/","name":"Bosch Home and Garden Indego S+ 500 Rasenroboter (mit 18-V-Akku, App-Funktion, Ladestation inklusive, Schnittbreite 19 cm, f\u00fcr Rasenfl\u00e4chen bis 500 m\u00b2, im Karton), Schwarz, Gr\u00fcn - EasyLifeBro","isPartOf":{"@id":"https:\/\/easyliferobo.com\/de\/#website"},"primaryImageOfPage":{"@id":"https:\/\/easyliferobo.com\/de\/product\/bosch-home-and-garden-indego-s-500-rasenroboter-mit-18-v-akku-app-funktion-ladestation-inklusive-schnittbreite-19-cm-fuer-rasenflaechen-bis-500-m%c2%b2-im-karton-schwarz-gruen\/#primaryimage"},"image":{"@id":"https:\/\/easyliferobo.com\/de\/product\/bosch-home-and-garden-indego-s-500-rasenroboter-mit-18-v-akku-app-funktion-ladestation-inklusive-schnittbreite-19-cm-fuer-rasenflaechen-bis-500-m%c2%b2-im-karton-schwarz-gruen\/#primaryimage"},"thumbnailUrl":"https:\/\/easyliferobo.com\/de\/wp-content\/uploads\/2026\/02\/61xo50bnCKL._AC_SL1500_.jpg","datePublished":"2026-02-27T06:05:18+00:00","dateModified":"2026-02-27T06:05:37+00:00","description":"Entdecken Sie smarte Roboter f\u00fcr Zuhause, Garten, Bildung und Sicherheit. Vergleichen Sie Saugroboter, Rasenm\u00e4hroboter, KI-Begleitroboter und mehr bei EasyLifeRobo.","breadcrumb":{"@id":"https:\/\/easyliferobo.com\/de\/product\/bosch-home-and-garden-indego-s-500-rasenroboter-mit-18-v-akku-app-funktion-ladestation-inklusive-schnittbreite-19-cm-fuer-rasenflaechen-bis-500-m%c2%b2-im-karton-schwarz-gruen\/#breadcrumb"},"inLanguage":"de","potentialAction":[{"@type":"ReadAction","target":["https:\/\/easyliferobo.com\/de\/product\/bosch-home-and-garden-indego-s-500-rasenroboter-mit-18-v-akku-app-funktion-ladestation-inklusive-schnittbreite-19-cm-fuer-rasenflaechen-bis-500-m%c2%b2-im-karton-schwarz-gruen\/"]}]},{"@type":"ImageObject","inLanguage":"de","@id":"https:\/\/easyliferobo.com\/de\/product\/bosch-home-and-garden-indego-s-500-rasenroboter-mit-18-v-akku-app-funktion-ladestation-inklusive-schnittbreite-19-cm-fuer-rasenflaechen-bis-500-m%c2%b2-im-karton-schwarz-gruen\/#primaryimage","url":"https:\/\/easyliferobo.com\/de\/wp-content\/uploads\/2026\/02\/61xo50bnCKL._AC_SL1500_.jpg","contentUrl":"https:\/\/easyliferobo.com\/de\/wp-content\/uploads\/2026\/02\/61xo50bnCKL._AC_SL1500_.jpg","width":1340,"height":848},{"@type":"BreadcrumbList","@id":"https:\/\/easyliferobo.com\/de\/product\/bosch-home-and-garden-indego-s-500-rasenroboter-mit-18-v-akku-app-funktion-ladestation-inklusive-schnittbreite-19-cm-fuer-rasenflaechen-bis-500-m%c2%b2-im-karton-schwarz-gruen\/#breadcrumb","itemListElement":[{"@type":"ListItem","position":1,"name":"Home","item":"https:\/\/easyliferobo.com\/de\/"},{"@type":"ListItem","position":2,"name":"Shop","item":"https:\/\/easyliferobo.com\/de\/shop\/"},{"@type":"ListItem","position":3,"name":"Bosch Home and Garden Indego S+ 500..."}]},{"@type":"WebSite","@id":"https:\/\/easyliferobo.com\/de\/#website","url":"https:\/\/easyliferobo.com\/de\/","name":"EasyLifeBro","description":"Smarte Roboter f\u00fcr Zuhause, Garten &amp; Bildung","publisher":{"@id":"https:\/\/easyliferobo.com\/de\/#organization"},"potentialAction":[{"@type":"SearchAction","target":{"@type":"EntryPoint","urlTemplate":"https:\/\/easyliferobo.com\/de\/?s={search_term_string}"},"query-input":{"@type":"PropertyValueSpecification","valueRequired":true,"valueName":"search_term_string"}}],"inLanguage":"de"},{"@type":"Organization","@id":"https:\/\/easyliferobo.com\/de\/#organization","name":"EasyLifeBro","url":"https:\/\/easyliferobo.com\/de\/","logo":{"@type":"ImageObject","inLanguage":"de","@id":"https:\/\/easyliferobo.com\/de\/#\/schema\/logo\/image\/","url":"https:\/\/easyliferobo.com\/de\/wp-content\/uploads\/2026\/02\/Screenshot-2026-02-22-at-2.25.03-PM.png","contentUrl":"https:\/\/easyliferobo.com\/de\/wp-content\/uploads\/2026\/02\/Screenshot-2026-02-22-at-2.25.03-PM.png","width":1858,"height":430,"caption":"EasyLifeBro"},"image":{"@id":"https:\/\/easyliferobo.com\/de\/#\/schema\/logo\/image\/"}}]}},"_links":{"self":[{"href":"https:\/\/easyliferobo.com\/de\/wp-json\/wp\/v2\/product\/3114","targetHints":{"allow":["GET"]}}],"collection":[{"href":"https:\/\/easyliferobo.com\/de\/wp-json\/wp\/v2\/product"}],"about":[{"href":"https:\/\/easyliferobo.com\/de\/wp-json\/wp\/v2\/types\/product"}],"replies":[{"embeddable":true,"href":"https:\/\/easyliferobo.com\/de\/wp-json\/wp\/v2\/comments?post=3114"}],"wp:featuredmedia":[{"embeddable":true,"href":"https:\/\/easyliferobo.com\/de\/wp-json\/wp\/v2\/media\/3115"}],"wp:attachment":[{"href":"https:\/\/easyliferobo.com\/de\/wp-json\/wp\/v2\/media?parent=3114"}],"wp:term":[{"taxonomy":"store","embeddable":true,"href":"https:\/\/easyliferobo.com\/de\/wp-json\/wp\/v2\/store?post=3114"},{"taxonomy":"product_brand","embeddable":true,"href":"https:\/\/easyliferobo.com\/de\/wp-json\/wp\/v2\/product_brand?post=3114"},{"taxonomy":"product_cat","embeddable":true,"href":"https:\/\/easyliferobo.com\/de\/wp-json\/wp\/v2\/product_cat?post=3114"},{"taxonomy":"product_tag","embeddable":true,"href":"https:\/\/easyliferobo.com\/de\/wp-json\/wp\/v2\/product_tag?post=3114"}],"curies":[{"name":"wp","href":"https:\/\/api.w.org\/{rel}","templated":true}]}}