
{"id":3103,"date":"2026-02-27T06:04:07","date_gmt":"2026-02-27T06:04:07","guid":{"rendered":"https:\/\/easyliferobo.com\/de\/product\/lefant-m310-saugroboter-saugroboter-mit-4500-pa-saugleistung-180-minuten-akkulaufzeit-hindernisvermeidung-steuerung-per-wlan-app-geeignet-fuer-tierhaare-und-hartboeden-grau\/"},"modified":"2026-02-27T06:04:27","modified_gmt":"2026-02-27T06:04:27","slug":"lefant-m310-saugroboter-saugroboter-mit-4500-pa-saugleistung-180-minuten-akkulaufzeit-hindernisvermeidung-steuerung-per-wlan-app-geeignet-fuer-tierhaare-und-hartboeden-grau","status":"publish","type":"product","link":"https:\/\/easyliferobo.com\/de\/product\/lefant-m310-saugroboter-saugroboter-mit-4500-pa-saugleistung-180-minuten-akkulaufzeit-hindernisvermeidung-steuerung-per-wlan-app-geeignet-fuer-tierhaare-und-hartboeden-grau\/","title":{"rendered":"LEFANT M310 Saugroboter, Saugrobote..."},"content":{"rendered":"<p>\n                                             Produktbeschreibung   <\/p>\n<p>                                                                                                       <img decoding=\"async\" alt=\"Der Text lautet \u201eLefant M310\u201c. Der schwarze runde Roboter-Staubsauger, der aus verschiedenen Blickwinkeln gezeigt wird, zeigt sein schlankes Profil und seine Reinigungsf\u00e4higkeit auf verschiedenen Oberfl\u00e4chen.\" src=\"https:\/\/images-na.ssl-images-amazon.com\/images\/G\/01\/x-locale\/common\/grey-pixel.gif\" class=\"a-lazy-loaded\" data-src=\"https:\/\/m.media-amazon.com\/images\/S\/aplus-media-library-service-media\/4d9f658d-bea5-4a51-93bf-b23eca3494be.__CR0,0,1464,600_PT0_SX1464_V1___.png\"><img decoding=\"async\" alt=\"Der Text lautet \u201eLefant M310\u201c. Der schwarze runde Roboter-Staubsauger, der aus verschiedenen Blickwinkeln gezeigt wird, zeigt sein schlankes Profil und seine Reinigungsf\u00e4higkeit auf verschiedenen Oberfl\u00e4chen.\" src=\"https:\/\/m.media-amazon.com\/images\/S\/aplus-media-library-service-media\/4d9f658d-bea5-4a51-93bf-b23eca3494be.__CR0,0,1464,600_PT0_SX1464_V1___.png\">                                               <\/p>\n<p>                                                                                                                    <img decoding=\"async\" alt=\"Aplus-Inhaltsbild\" src=\"https:\/\/m.media-amazon.com\/images\/S\/aplus-media-library-service-media\/e4621b06-bf68-41cf-a749-9d19d0f9d735.__CR0,0,1464,600_PT0_SX1464_V1___.png\">                                                    <img decoding=\"async\" alt=\"Aplus-Inhaltsbild\" src=\"https:\/\/m.media-amazon.com\/images\/S\/aplus-media-library-service-media\/8e141a30-900a-4e00-99b3-cd899dd15a59.__CR0,0,1464,600_PT0_SX1464_V1___.png\">                                                    <img decoding=\"async\" alt=\"Aplus-Inhaltsbild\" src=\"https:\/\/m.media-amazon.com\/images\/S\/aplus-media-library-service-media\/ed074df8-5428-4b4c-acfa-d28394cb13d2.__CR0,0,1464,600_PT0_SX1464_V1___.png\">                                                    <img decoding=\"async\" alt=\"Der Text lautet \u201eNettoje l\u00e0 o\u00f9 vous ne pouvez pas\u201c. Zeigt Demonstrationsbilder des Reinigungs- oder Wartungsprozesses in Nahaufnahme.\" src=\"https:\/\/m.media-amazon.com\/images\/S\/aplus-media-library-service-media\/8da16dc8-24f9-4397-bf7f-b070e8612f5d.__CR0,0,1464,600_PT0_SX1464_V1___.png\">                                                    <img decoding=\"async\" alt=\"Aplus-Inhaltsbild\" src=\"https:\/\/m.media-amazon.com\/images\/S\/aplus-media-library-service-media\/f482da7d-4ead-4bef-b810-3ed390aed266.__CR0,0,1464,600_PT0_SX1464_V1___.png\"><br \/>\n                            1 Kantenreinigung 2 Kein Verheddern 3 Wahl der Tiere 4 Schlankes Design 5 HEPA-Filter <\/p>\n<p>                                                                                                                    <img decoding=\"async\" alt=\"Produktaufnahmen in Nahaufnahme, die ein strukturiertes schwarzes zylindrisches Objekt auf einer Holzoberfl\u00e4che in verschiedenen Winkeln und Positionen zeigen.\" src=\"https:\/\/m.media-amazon.com\/images\/S\/aplus-media-library-service-media\/d0ca67fc-8b77-43ab-9c22-97922aff39c7.__CR0,0,1464,600_PT0_SX1464_V1___.png\">                                                    <img decoding=\"async\" alt=\"Aplus-Inhaltsbild\" src=\"https:\/\/m.media-amazon.com\/images\/S\/aplus-media-library-service-media\/d13fe860-c295-4013-a713-18831123d511.__CR0,0,1464,600_PT0_SX1464_V1___.png\">                                                    <img decoding=\"async\" alt=\"Aplus-Inhaltsbild\" src=\"https:\/\/m.media-amazon.com\/images\/S\/aplus-media-library-service-media\/cea7995b-51f5-4122-800f-bca1946e1072.__CR0,0,1464,600_PT0_SX1464_V1___.png\">                                                    <img decoding=\"async\" alt=\"Aplus-Inhaltsbild\" src=\"https:\/\/m.media-amazon.com\/images\/S\/aplus-media-library-service-media\/44cf4835-8345-4678-825e-e29b35142ac7.__CR0,0,1464,600_PT0_SX1464_V1___.png\">                                                    <img decoding=\"async\" alt=\"Aplus-Inhaltsbild\" src=\"https:\/\/m.media-amazon.com\/images\/S\/aplus-media-library-service-media\/7937ce8a-f00b-4420-b9ad-19394b8772e2.__CR0,0,1464,600_PT0_SX1464_V1___.png\"><br \/>\n                            1 PSD-Hindernisvermeidung 2 Lange Laufzeit 3 \u200b\u200bAutomatisches Aufladen 4 Schlank, robust, leise 5 Clevere Reinigung <\/p>\n<p>                                                                                                                    <img decoding=\"async\" alt=\"Der Text lautet \u201e200kg\/440Lbs\u201c, \u201e169.74L\u201c, \u201e58MM\u201c. Die schwarze Hockerbank ist in mehreren Ansichten abgebildet und zeigt Stauraum, Tragf\u00e4higkeit und \u00d6ffnungsmechanismus.\" src=\"https:\/\/m.media-amazon.com\/images\/S\/aplus-media-library-service-media\/660ac738-ca9c-4556-95d7-82b6341c7c4f.__CR0,0,1464,600_PT0_SX1464_V1___.png\">                                                    <img decoding=\"async\" alt=\"Aplus-Inhaltsbild\" src=\"https:\/\/m.media-amazon.com\/images\/S\/aplus-media-library-service-media\/0e798e7f-27da-4859-8abb-cc281de32406.__CR0,0,1464,600_PT0_SX1464_V1___.png\">                                                    <img decoding=\"async\" alt=\"Aplus-Inhaltsbild\" src=\"https:\/\/m.media-amazon.com\/images\/S\/aplus-media-library-service-media\/a9cca669-24af-4b53-8963-a3f87f9a52e5.__CR0,0,1464,600_PT0_SX1464_V1___.png\">                                                    <img decoding=\"async\" alt=\"Aplus-Inhaltsbild\" src=\"https:\/\/m.media-amazon.com\/images\/S\/aplus-media-library-service-media\/fe916510-2bda-49e4-bbef-1b588d4f6994.__CR0,0,1464,600_PT0_SX1464_V1___.png\">                                                    <img decoding=\"async\" alt=\"Aplus-Inhaltsbild\" src=\"https:\/\/m.media-amazon.com\/images\/S\/aplus-media-library-service-media\/1a6e2027-8dbe-40d0-9c7a-86f66b508b80.__CR0,0,1464,600_PT0_SX1464_V1___.png\"><br \/>\n                            1Modus Reinigung 2 Zick-Zack-Reinigung 3 Zuf\u00e4llige Reinigung 4 Kantenreinigung 5 Fleckenentfernung <\/p>\n<p>                                                                                                                    <img decoding=\"async\" alt=\"Aplus-Inhaltsbild\" src=\"https:\/\/m.media-amazon.com\/images\/S\/aplus-media-library-service-media\/ca239d2f-4544-438c-aa03-f83db7751930.__CR0,0,1464,600_PT0_SX1464_V1___.png\">                                                    <img decoding=\"async\" alt=\"Aplus-Inhaltsbild\" src=\"https:\/\/m.media-amazon.com\/images\/S\/aplus-media-library-service-media\/87b09307-1d37-434c-9cc0-ae13a30ba064.__CR0,0,1464,600_PT0_SX1464_V1___.jpg\">                                                    <img decoding=\"async\" alt=\"Aplus-Inhaltsbild\" src=\"https:\/\/m.media-amazon.com\/images\/S\/aplus-media-library-service-media\/97397f99-43fc-43a5-8296-670adb2e5a0b.__CR0,0,1464,600_PT0_SX1464_V1___.jpg\">                                                    <img decoding=\"async\" alt=\"Aplus-Inhaltsbild\" src=\"https:\/\/m.media-amazon.com\/images\/S\/aplus-media-library-service-media\/eb965f15-38b1-4cc4-a426-db87a2f27422.__CR0,0,1464,600_PT0_SX1464_V1___.png\">                                                    <img decoding=\"async\" alt=\"Aplus-Inhaltsbild\" src=\"https:\/\/m.media-amazon.com\/images\/S\/aplus-media-library-service-media\/a40be94c-f385-4453-b49b-fd84c281a91b.__CR0,0,1464,600_PT0_SX1464_V1___.png\"><br \/>\n                            1 Reinigungsmethode 2 Verbindung der App 3 Alexa Verbindung 4 Intelligentes Leben 5 Eigener Kartenbericht <\/p>\n<p>Einzigartige PSD-Hindernisvermeidungstechnologie: Der Roboterstaubsauger LEFANT M310 ist mit der PSD-Hindernisvermeidungstechnologie ausgestattet, die \u00fcber 8 Gruppen von Frontwinkelsensoren verf\u00fcgt, die den Abstand genau messen k\u00f6nnen, um Hindernissen effektiv auszuweichen. Es kann ein Erfassungsfeld von mehr als 180\u00b0 vor dem Roboter ohne tote Winkel bis zu einer Entfernung von mehr als 4 Zentimetern erzeugen. Auch d\u00fcnnere Tisch- und Stuhlbeine k\u00f6nnen Sie problemlos vermeiden, um Ihre sch\u00f6nen M\u00f6bel zu sch\u00fctzen.<br \/>Starke Saugkraft ohne Verheddern: Verabschieden Sie sich von Haarproblemen. Der Roboterstaubsauger M310 nutzt eine b\u00fcrstenlose Saugwalze mit einer starken Saugkraft von 4500 Pa und kombiniert mit zwei Seitenb\u00fcrsten, sodass Haare und Tierhaare nicht h\u00e4ngen bleiben, sondern direkt in den 550 ml fassenden M\u00fcll gelangen. Es entfernt Verfilzungen zu 0 % und absorbiert alle Haar- und Schmutzpartikel, um einen doppelten Reinigungseffekt zu erzielen.<br \/>Hervorragende Akkulaufzeit: Der M310 kann bis zu 180 Minuten ununterbrochen arbeiten. Nach dem Aufladen kann es ca. 30 Minuten lang im Stummschaltungsmodus verwendet werden. 180 Quadratmeter. Der Roboterstaubsauger hat mehr Zeit, jeden Raum gr\u00fcndlich zu reinigen, was sich besonders f\u00fcr Haushalte mit mehreren R\u00e4umen oder Zonen eignet. Dar\u00fcber hinaus kehrt der Roboter zum Laden automatisch zur Ladestation zur\u00fcck, wenn der Akkustand niedrig ist.<br \/>Einfache Steuerung: Mit der Lefan-App k\u00f6nnen Sie Ihren Heimroboter jederzeit und \u00fcberall steuern, Kalender erstellen, die Saugleistung anpassen, Reinigungsmodi ausw\u00e4hlen und Programme einstellen. Dar\u00fcber hinaus k\u00f6nnen Sie mit einfachen Sprachbefehlen \u00fcber Google Assistant oder Alexa mit dem Staubsaugen beginnen. *Hinweis: Nur kompatibel mit 2,4-GHz-WLAN.<br \/>Lieferumfang: LEFANT M310 Saugroboter-Ladestation, Netzteil, 550 ml gro\u00dfer Abfallbeh\u00e4lter, 2 HEPA-Filter, 4 Seitenb\u00fcrsten, Reinigungsb\u00fcrste f\u00fcr den Roboter, Bedienungsanleitung. 12 Monate Qualit\u00e4tsgarantie und 24 Stunden LEFANT-Kundenservice.<\/p>\n<p>[ad_2]<\/p>\n","protected":false},"excerpt":{"rendered":"<p>Produktbeschreibung 1 Kantenreinigung 2 Kein Verheddern 3 Wahl der Tiere 4 Schlankes Design 5 HEPA-Filter 1 PSD-Hindernisvermeidung 2 Lange Laufzeit 3 \u200b\u200bAutomatisches Aufladen 4 Schlank, robust, leise 5 Clevere Reinigung 1Modus Reinigung 2 Zick-Zack-Reinigung 3 Zuf\u00e4llige Reinigung 4 Kantenreinigung 5 Fleckenentfernung 1 Reinigungsmethode 2 Verbindung der App 3 Alexa Verbindung 4 Intelligentes Leben 5 Eigener [&hellip;]<\/p>\n","protected":false},"featured_media":3104,"comment_status":"open","ping_status":"closed","template":"","meta":{"_aipt_faq_data":""},"store":[],"product_brand":[173],"product_cat":[72],"product_tag":[255],"class_list":{"0":"post-3103","1":"product","2":"type-product","3":"status-publish","4":"has-post-thumbnail","6":"product_brand-lefant","7":"product_cat-saugroboter","8":"product_tag-saugroboter-mit-app-steuerung","10":"first","11":"instock","12":"shipping-taxable","13":"product-type-external"},"yoast_head":"<!-- This site is optimized with the Yoast SEO plugin v27.4 - https:\/\/yoast.com\/product\/yoast-seo-wordpress\/ -->\n<title>LEFANT M310 Saugroboter, Saugroboter mit 4500 Pa Saugleistung, 180 Minuten Akkulaufzeit, Hindernisvermeidung, Steuerung per WLAN\/App, geeignet f\u00fcr Tierhaare und Hartb\u00f6den, Grau - EasyLifeBro<\/title>\n<meta name=\"description\" content=\"Entdecken Sie smarte Roboter f\u00fcr Zuhause, Garten, Bildung und Sicherheit. Vergleichen Sie Saugroboter, Rasenm\u00e4hroboter, KI-Begleitroboter und mehr bei EasyLifeRobo.\" \/>\n<meta name=\"robots\" content=\"index, follow, max-snippet:-1, max-image-preview:large, max-video-preview:-1\" \/>\n<link rel=\"canonical\" href=\"https:\/\/easyliferobo.com\/de\/product\/lefant-m310-saugroboter-saugroboter-mit-4500-pa-saugleistung-180-minuten-akkulaufzeit-hindernisvermeidung-steuerung-per-wlan-app-geeignet-fuer-tierhaare-und-hartboeden-grau\/\" \/>\n<meta property=\"og:locale\" content=\"de_DE\" \/>\n<meta property=\"og:type\" content=\"article\" \/>\n<meta property=\"og:title\" content=\"LEFANT M310 Saugroboter, Saugroboter mit 4500 Pa Saugleistung, 180 Minuten Akkulaufzeit, Hindernisvermeidung, Steuerung per WLAN\/App, geeignet f\u00fcr Tierhaare und Hartb\u00f6den, Grau - EasyLifeBro\" \/>\n<meta property=\"og:description\" content=\"Entdecken Sie smarte Roboter f\u00fcr Zuhause, Garten, Bildung und Sicherheit. Vergleichen Sie Saugroboter, Rasenm\u00e4hroboter, KI-Begleitroboter und mehr bei EasyLifeRobo.\" \/>\n<meta property=\"og:url\" content=\"https:\/\/easyliferobo.com\/de\/product\/lefant-m310-saugroboter-saugroboter-mit-4500-pa-saugleistung-180-minuten-akkulaufzeit-hindernisvermeidung-steuerung-per-wlan-app-geeignet-fuer-tierhaare-und-hartboeden-grau\/\" \/>\n<meta property=\"og:site_name\" content=\"EasyLifeBro\" \/>\n<meta property=\"article:modified_time\" content=\"2026-02-27T06:04:27+00:00\" \/>\n<meta property=\"og:image\" content=\"https:\/\/images-na.ssl-images-amazon.com\/images\/G\/01\/x-locale\/common\/grey-pixel.gif\" \/>\n<meta name=\"twitter:card\" content=\"summary_large_image\" \/>\n<meta name=\"twitter:label1\" content=\"Gesch\u00e4tzte Lesezeit\" \/>\n\t<meta name=\"twitter:data1\" content=\"2\u00a0Minuten\" \/>\n<script type=\"application\/ld+json\" class=\"yoast-schema-graph\">{\"@context\":\"https:\\\/\\\/schema.org\",\"@graph\":[{\"@type\":\"WebPage\",\"@id\":\"https:\\\/\\\/easyliferobo.com\\\/de\\\/product\\\/lefant-m310-saugroboter-saugroboter-mit-4500-pa-saugleistung-180-minuten-akkulaufzeit-hindernisvermeidung-steuerung-per-wlan-app-geeignet-fuer-tierhaare-und-hartboeden-grau\\\/\",\"url\":\"https:\\\/\\\/easyliferobo.com\\\/de\\\/product\\\/lefant-m310-saugroboter-saugroboter-mit-4500-pa-saugleistung-180-minuten-akkulaufzeit-hindernisvermeidung-steuerung-per-wlan-app-geeignet-fuer-tierhaare-und-hartboeden-grau\\\/\",\"name\":\"LEFANT M310 Saugroboter, Saugroboter mit 4500 Pa Saugleistung, 180 Minuten Akkulaufzeit, Hindernisvermeidung, Steuerung per WLAN\\\/App, geeignet f\u00fcr Tierhaare und Hartb\u00f6den, Grau - EasyLifeBro\",\"isPartOf\":{\"@id\":\"https:\\\/\\\/easyliferobo.com\\\/de\\\/#website\"},\"primaryImageOfPage\":{\"@id\":\"https:\\\/\\\/easyliferobo.com\\\/de\\\/product\\\/lefant-m310-saugroboter-saugroboter-mit-4500-pa-saugleistung-180-minuten-akkulaufzeit-hindernisvermeidung-steuerung-per-wlan-app-geeignet-fuer-tierhaare-und-hartboeden-grau\\\/#primaryimage\"},\"image\":{\"@id\":\"https:\\\/\\\/easyliferobo.com\\\/de\\\/product\\\/lefant-m310-saugroboter-saugroboter-mit-4500-pa-saugleistung-180-minuten-akkulaufzeit-hindernisvermeidung-steuerung-per-wlan-app-geeignet-fuer-tierhaare-und-hartboeden-grau\\\/#primaryimage\"},\"thumbnailUrl\":\"https:\\\/\\\/easyliferobo.com\\\/de\\\/wp-content\\\/uploads\\\/2026\\\/02\\\/81iNc5xZ1sL._AC_SL1500_.jpg\",\"datePublished\":\"2026-02-27T06:04:07+00:00\",\"dateModified\":\"2026-02-27T06:04:27+00:00\",\"description\":\"Entdecken Sie smarte Roboter f\u00fcr Zuhause, Garten, Bildung und Sicherheit. Vergleichen Sie Saugroboter, Rasenm\u00e4hroboter, KI-Begleitroboter und mehr bei EasyLifeRobo.\",\"breadcrumb\":{\"@id\":\"https:\\\/\\\/easyliferobo.com\\\/de\\\/product\\\/lefant-m310-saugroboter-saugroboter-mit-4500-pa-saugleistung-180-minuten-akkulaufzeit-hindernisvermeidung-steuerung-per-wlan-app-geeignet-fuer-tierhaare-und-hartboeden-grau\\\/#breadcrumb\"},\"inLanguage\":\"de\",\"potentialAction\":[{\"@type\":\"ReadAction\",\"target\":[\"https:\\\/\\\/easyliferobo.com\\\/de\\\/product\\\/lefant-m310-saugroboter-saugroboter-mit-4500-pa-saugleistung-180-minuten-akkulaufzeit-hindernisvermeidung-steuerung-per-wlan-app-geeignet-fuer-tierhaare-und-hartboeden-grau\\\/\"]}]},{\"@type\":\"ImageObject\",\"inLanguage\":\"de\",\"@id\":\"https:\\\/\\\/easyliferobo.com\\\/de\\\/product\\\/lefant-m310-saugroboter-saugroboter-mit-4500-pa-saugleistung-180-minuten-akkulaufzeit-hindernisvermeidung-steuerung-per-wlan-app-geeignet-fuer-tierhaare-und-hartboeden-grau\\\/#primaryimage\",\"url\":\"https:\\\/\\\/easyliferobo.com\\\/de\\\/wp-content\\\/uploads\\\/2026\\\/02\\\/81iNc5xZ1sL._AC_SL1500_.jpg\",\"contentUrl\":\"https:\\\/\\\/easyliferobo.com\\\/de\\\/wp-content\\\/uploads\\\/2026\\\/02\\\/81iNc5xZ1sL._AC_SL1500_.jpg\",\"width\":1418,\"height\":1418},{\"@type\":\"BreadcrumbList\",\"@id\":\"https:\\\/\\\/easyliferobo.com\\\/de\\\/product\\\/lefant-m310-saugroboter-saugroboter-mit-4500-pa-saugleistung-180-minuten-akkulaufzeit-hindernisvermeidung-steuerung-per-wlan-app-geeignet-fuer-tierhaare-und-hartboeden-grau\\\/#breadcrumb\",\"itemListElement\":[{\"@type\":\"ListItem\",\"position\":1,\"name\":\"Home\",\"item\":\"https:\\\/\\\/easyliferobo.com\\\/de\\\/\"},{\"@type\":\"ListItem\",\"position\":2,\"name\":\"Shop\",\"item\":\"https:\\\/\\\/easyliferobo.com\\\/de\\\/shop\\\/\"},{\"@type\":\"ListItem\",\"position\":3,\"name\":\"LEFANT M310 Saugroboter, Saugrobote...\"}]},{\"@type\":\"WebSite\",\"@id\":\"https:\\\/\\\/easyliferobo.com\\\/de\\\/#website\",\"url\":\"https:\\\/\\\/easyliferobo.com\\\/de\\\/\",\"name\":\"EasyLifeBro\",\"description\":\"Smarte Roboter f\u00fcr Zuhause, Garten &amp; Bildung\",\"publisher\":{\"@id\":\"https:\\\/\\\/easyliferobo.com\\\/de\\\/#organization\"},\"potentialAction\":[{\"@type\":\"SearchAction\",\"target\":{\"@type\":\"EntryPoint\",\"urlTemplate\":\"https:\\\/\\\/easyliferobo.com\\\/de\\\/?s={search_term_string}\"},\"query-input\":{\"@type\":\"PropertyValueSpecification\",\"valueRequired\":true,\"valueName\":\"search_term_string\"}}],\"inLanguage\":\"de\"},{\"@type\":\"Organization\",\"@id\":\"https:\\\/\\\/easyliferobo.com\\\/de\\\/#organization\",\"name\":\"EasyLifeBro\",\"url\":\"https:\\\/\\\/easyliferobo.com\\\/de\\\/\",\"logo\":{\"@type\":\"ImageObject\",\"inLanguage\":\"de\",\"@id\":\"https:\\\/\\\/easyliferobo.com\\\/de\\\/#\\\/schema\\\/logo\\\/image\\\/\",\"url\":\"https:\\\/\\\/easyliferobo.com\\\/de\\\/wp-content\\\/uploads\\\/2026\\\/02\\\/Screenshot-2026-02-22-at-2.25.03-PM.png\",\"contentUrl\":\"https:\\\/\\\/easyliferobo.com\\\/de\\\/wp-content\\\/uploads\\\/2026\\\/02\\\/Screenshot-2026-02-22-at-2.25.03-PM.png\",\"width\":1858,\"height\":430,\"caption\":\"EasyLifeBro\"},\"image\":{\"@id\":\"https:\\\/\\\/easyliferobo.com\\\/de\\\/#\\\/schema\\\/logo\\\/image\\\/\"}}]}<\/script>\n<!-- \/ Yoast SEO plugin. -->","yoast_head_json":{"title":"LEFANT M310 Saugroboter, Saugroboter mit 4500 Pa Saugleistung, 180 Minuten Akkulaufzeit, Hindernisvermeidung, Steuerung per WLAN\/App, geeignet f\u00fcr Tierhaare und Hartb\u00f6den, Grau - EasyLifeBro","description":"Entdecken Sie smarte Roboter f\u00fcr Zuhause, Garten, Bildung und Sicherheit. Vergleichen Sie Saugroboter, Rasenm\u00e4hroboter, KI-Begleitroboter und mehr bei EasyLifeRobo.","robots":{"index":"index","follow":"follow","max-snippet":"max-snippet:-1","max-image-preview":"max-image-preview:large","max-video-preview":"max-video-preview:-1"},"canonical":"https:\/\/easyliferobo.com\/de\/product\/lefant-m310-saugroboter-saugroboter-mit-4500-pa-saugleistung-180-minuten-akkulaufzeit-hindernisvermeidung-steuerung-per-wlan-app-geeignet-fuer-tierhaare-und-hartboeden-grau\/","og_locale":"de_DE","og_type":"article","og_title":"LEFANT M310 Saugroboter, Saugroboter mit 4500 Pa Saugleistung, 180 Minuten Akkulaufzeit, Hindernisvermeidung, Steuerung per WLAN\/App, geeignet f\u00fcr Tierhaare und Hartb\u00f6den, Grau - EasyLifeBro","og_description":"Entdecken Sie smarte Roboter f\u00fcr Zuhause, Garten, Bildung und Sicherheit. Vergleichen Sie Saugroboter, Rasenm\u00e4hroboter, KI-Begleitroboter und mehr bei EasyLifeRobo.","og_url":"https:\/\/easyliferobo.com\/de\/product\/lefant-m310-saugroboter-saugroboter-mit-4500-pa-saugleistung-180-minuten-akkulaufzeit-hindernisvermeidung-steuerung-per-wlan-app-geeignet-fuer-tierhaare-und-hartboeden-grau\/","og_site_name":"EasyLifeBro","article_modified_time":"2026-02-27T06:04:27+00:00","og_image":[{"url":"https:\/\/images-na.ssl-images-amazon.com\/images\/G\/01\/x-locale\/common\/grey-pixel.gif","type":"","width":"","height":""}],"twitter_card":"summary_large_image","twitter_misc":{"Gesch\u00e4tzte Lesezeit":"2\u00a0Minuten"},"schema":{"@context":"https:\/\/schema.org","@graph":[{"@type":"WebPage","@id":"https:\/\/easyliferobo.com\/de\/product\/lefant-m310-saugroboter-saugroboter-mit-4500-pa-saugleistung-180-minuten-akkulaufzeit-hindernisvermeidung-steuerung-per-wlan-app-geeignet-fuer-tierhaare-und-hartboeden-grau\/","url":"https:\/\/easyliferobo.com\/de\/product\/lefant-m310-saugroboter-saugroboter-mit-4500-pa-saugleistung-180-minuten-akkulaufzeit-hindernisvermeidung-steuerung-per-wlan-app-geeignet-fuer-tierhaare-und-hartboeden-grau\/","name":"LEFANT M310 Saugroboter, Saugroboter mit 4500 Pa Saugleistung, 180 Minuten Akkulaufzeit, Hindernisvermeidung, Steuerung per WLAN\/App, geeignet f\u00fcr Tierhaare und Hartb\u00f6den, Grau - EasyLifeBro","isPartOf":{"@id":"https:\/\/easyliferobo.com\/de\/#website"},"primaryImageOfPage":{"@id":"https:\/\/easyliferobo.com\/de\/product\/lefant-m310-saugroboter-saugroboter-mit-4500-pa-saugleistung-180-minuten-akkulaufzeit-hindernisvermeidung-steuerung-per-wlan-app-geeignet-fuer-tierhaare-und-hartboeden-grau\/#primaryimage"},"image":{"@id":"https:\/\/easyliferobo.com\/de\/product\/lefant-m310-saugroboter-saugroboter-mit-4500-pa-saugleistung-180-minuten-akkulaufzeit-hindernisvermeidung-steuerung-per-wlan-app-geeignet-fuer-tierhaare-und-hartboeden-grau\/#primaryimage"},"thumbnailUrl":"https:\/\/easyliferobo.com\/de\/wp-content\/uploads\/2026\/02\/81iNc5xZ1sL._AC_SL1500_.jpg","datePublished":"2026-02-27T06:04:07+00:00","dateModified":"2026-02-27T06:04:27+00:00","description":"Entdecken Sie smarte Roboter f\u00fcr Zuhause, Garten, Bildung und Sicherheit. Vergleichen Sie Saugroboter, Rasenm\u00e4hroboter, KI-Begleitroboter und mehr bei EasyLifeRobo.","breadcrumb":{"@id":"https:\/\/easyliferobo.com\/de\/product\/lefant-m310-saugroboter-saugroboter-mit-4500-pa-saugleistung-180-minuten-akkulaufzeit-hindernisvermeidung-steuerung-per-wlan-app-geeignet-fuer-tierhaare-und-hartboeden-grau\/#breadcrumb"},"inLanguage":"de","potentialAction":[{"@type":"ReadAction","target":["https:\/\/easyliferobo.com\/de\/product\/lefant-m310-saugroboter-saugroboter-mit-4500-pa-saugleistung-180-minuten-akkulaufzeit-hindernisvermeidung-steuerung-per-wlan-app-geeignet-fuer-tierhaare-und-hartboeden-grau\/"]}]},{"@type":"ImageObject","inLanguage":"de","@id":"https:\/\/easyliferobo.com\/de\/product\/lefant-m310-saugroboter-saugroboter-mit-4500-pa-saugleistung-180-minuten-akkulaufzeit-hindernisvermeidung-steuerung-per-wlan-app-geeignet-fuer-tierhaare-und-hartboeden-grau\/#primaryimage","url":"https:\/\/easyliferobo.com\/de\/wp-content\/uploads\/2026\/02\/81iNc5xZ1sL._AC_SL1500_.jpg","contentUrl":"https:\/\/easyliferobo.com\/de\/wp-content\/uploads\/2026\/02\/81iNc5xZ1sL._AC_SL1500_.jpg","width":1418,"height":1418},{"@type":"BreadcrumbList","@id":"https:\/\/easyliferobo.com\/de\/product\/lefant-m310-saugroboter-saugroboter-mit-4500-pa-saugleistung-180-minuten-akkulaufzeit-hindernisvermeidung-steuerung-per-wlan-app-geeignet-fuer-tierhaare-und-hartboeden-grau\/#breadcrumb","itemListElement":[{"@type":"ListItem","position":1,"name":"Home","item":"https:\/\/easyliferobo.com\/de\/"},{"@type":"ListItem","position":2,"name":"Shop","item":"https:\/\/easyliferobo.com\/de\/shop\/"},{"@type":"ListItem","position":3,"name":"LEFANT M310 Saugroboter, Saugrobote..."}]},{"@type":"WebSite","@id":"https:\/\/easyliferobo.com\/de\/#website","url":"https:\/\/easyliferobo.com\/de\/","name":"EasyLifeBro","description":"Smarte Roboter f\u00fcr Zuhause, Garten &amp; Bildung","publisher":{"@id":"https:\/\/easyliferobo.com\/de\/#organization"},"potentialAction":[{"@type":"SearchAction","target":{"@type":"EntryPoint","urlTemplate":"https:\/\/easyliferobo.com\/de\/?s={search_term_string}"},"query-input":{"@type":"PropertyValueSpecification","valueRequired":true,"valueName":"search_term_string"}}],"inLanguage":"de"},{"@type":"Organization","@id":"https:\/\/easyliferobo.com\/de\/#organization","name":"EasyLifeBro","url":"https:\/\/easyliferobo.com\/de\/","logo":{"@type":"ImageObject","inLanguage":"de","@id":"https:\/\/easyliferobo.com\/de\/#\/schema\/logo\/image\/","url":"https:\/\/easyliferobo.com\/de\/wp-content\/uploads\/2026\/02\/Screenshot-2026-02-22-at-2.25.03-PM.png","contentUrl":"https:\/\/easyliferobo.com\/de\/wp-content\/uploads\/2026\/02\/Screenshot-2026-02-22-at-2.25.03-PM.png","width":1858,"height":430,"caption":"EasyLifeBro"},"image":{"@id":"https:\/\/easyliferobo.com\/de\/#\/schema\/logo\/image\/"}}]}},"_links":{"self":[{"href":"https:\/\/easyliferobo.com\/de\/wp-json\/wp\/v2\/product\/3103","targetHints":{"allow":["GET"]}}],"collection":[{"href":"https:\/\/easyliferobo.com\/de\/wp-json\/wp\/v2\/product"}],"about":[{"href":"https:\/\/easyliferobo.com\/de\/wp-json\/wp\/v2\/types\/product"}],"replies":[{"embeddable":true,"href":"https:\/\/easyliferobo.com\/de\/wp-json\/wp\/v2\/comments?post=3103"}],"wp:featuredmedia":[{"embeddable":true,"href":"https:\/\/easyliferobo.com\/de\/wp-json\/wp\/v2\/media\/3104"}],"wp:attachment":[{"href":"https:\/\/easyliferobo.com\/de\/wp-json\/wp\/v2\/media?parent=3103"}],"wp:term":[{"taxonomy":"store","embeddable":true,"href":"https:\/\/easyliferobo.com\/de\/wp-json\/wp\/v2\/store?post=3103"},{"taxonomy":"product_brand","embeddable":true,"href":"https:\/\/easyliferobo.com\/de\/wp-json\/wp\/v2\/product_brand?post=3103"},{"taxonomy":"product_cat","embeddable":true,"href":"https:\/\/easyliferobo.com\/de\/wp-json\/wp\/v2\/product_cat?post=3103"},{"taxonomy":"product_tag","embeddable":true,"href":"https:\/\/easyliferobo.com\/de\/wp-json\/wp\/v2\/product_tag?post=3103"}],"curies":[{"name":"wp","href":"https:\/\/api.w.org\/{rel}","templated":true}]}}