
{"id":3094,"date":"2026-02-27T06:02:54","date_gmt":"2026-02-27T06:02:54","guid":{"rendered":"https:\/\/easyliferobo.com\/de\/product\/roborock-q10\/"},"modified":"2026-02-27T06:03:10","modified_gmt":"2026-02-27T06:03:10","slug":"roborock-q10","status":"publish","type":"product","link":"https:\/\/easyliferobo.com\/de\/product\/roborock-q10\/","title":{"rendered":"roborock Q10"},"content":{"rendered":"<p>\n                                             Von der Marke   <\/p>\n<p>                                              <img decoding=\"async\" alt=\"\" src=\"https:\/\/images-na.ssl-images-amazon.com\/images\/G\/01\/x-locale\/common\/grey-pixel.gif\" class=\"a-lazy-loaded\" data-src=\"https:\/\/m.media-amazon.com\/images\/S\/aplus-media-library-service-media\/eef8d969-7c20-4610-bff6-6a91bc683c3e.__CR0,0,1464,625_PT0_SX1464_V1___.jpg\"><img decoding=\"async\" alt=\"\" src=\"https:\/\/m.media-amazon.com\/images\/S\/aplus-media-library-service-media\/eef8d969-7c20-4610-bff6-6a91bc683c3e.__CR0,0,1464,625_PT0_SX1464_V1___.jpg\">  <\/p>\n<p>                                              <img decoding=\"async\" alt=\"\" src=\"https:\/\/images-na.ssl-images-amazon.com\/images\/G\/01\/x-locale\/common\/grey-pixel.gif\" class=\"a-lazy-loaded\" data-src=\"https:\/\/m.media-amazon.com\/images\/S\/aplus-media-library-service-media\/89823498-7fb0-4262-a2a6-7c3b9690c63d.__CR0,0,315,145_PT0_SX315_V1___.jpg\"><img decoding=\"async\" alt=\"\" src=\"https:\/\/m.media-amazon.com\/images\/S\/aplus-media-library-service-media\/89823498-7fb0-4262-a2a6-7c3b9690c63d.__CR0,0,315,145_PT0_SX315_V1___.jpg\">  <\/p>\n<p>  Roborock ist auf die Forschung, Entwicklung und Produktion von Smart-Home-Robotern spezialisiert <\/p>\n<p>  Die Produkte von Roborock arbeiten so effizient, dass Menschen mehr Zeit f\u00fcr Dinge haben, die ihnen wichtig sind, und weniger Zeit mit Hausarbeit verbringen m\u00fcssen. Mit seinen intelligenten Robotern und Akkustaubsaugern bietet das Unternehmen vielf\u00e4ltige Produkte an und m\u00f6chte zu einem komfortableren und entspannteren Lebensstil der Menschen beitragen <\/p>\n<p>                                              <img decoding=\"async\" alt=\"Eine Grafik, die die Anzahl der Menschen auf der Welt zeigt.\" src=\"https:\/\/images-na.ssl-images-amazon.com\/images\/G\/01\/x-locale\/common\/grey-pixel.gif\" class=\"a-lazy-loaded\" data-src=\"https:\/\/m.media-amazon.com\/images\/S\/aplus-media-library-service-media\/e547801e-ddec-445d-8c47-4428d140d106.__CR0,0,362,453_PT0_SX362_V1___.jpg\"><img decoding=\"async\" alt=\"Eine Grafik, die die Anzahl der Menschen auf der Welt zeigt.\" src=\"https:\/\/m.media-amazon.com\/images\/S\/aplus-media-library-service-media\/e547801e-ddec-445d-8c47-4428d140d106.__CR0,0,362,453_PT0_SX362_V1___.jpg\">  <\/p>\n<p>                                              <img decoding=\"async\" alt=\"Roborock-Roboterstaubsauger\" src=\"https:\/\/images-na.ssl-images-amazon.com\/images\/G\/01\/x-locale\/common\/grey-pixel.gif\" class=\"a-lazy-loaded\" data-src=\"https:\/\/m.media-amazon.com\/images\/S\/aplus-media-library-service-media\/a6772a21-24e2-4f2c-a405-2f606f0d0f23.__CR0,0,362,453_PT0_SX362_V1___.jpg\"><img decoding=\"async\" alt=\"Roborock-Roboterstaubsauger\" src=\"https:\/\/m.media-amazon.com\/images\/S\/aplus-media-library-service-media\/a6772a21-24e2-4f2c-a405-2f606f0d0f23.__CR0,0,362,453_PT0_SX362_V1___.jpg\">  <\/p>\n<h3>  Roborock-Roboterstaubsauger <\/h3>\n<h3>  Roborock-Roboterstaubsauger <\/h3>\n<h3>  Roborock Nass- und Trockensauger <\/h3>\n<p>Beeindruckende 10.000 Pa HyperForce-Saugleistung: Mit 10.000 Pa HyperForce-Saugleistung ist dieser fortschrittliche Roboterstaubsauger bestens ger\u00fcstet, um Haare, Staub und Schmutz m\u00fchelos aus tiefen Teppichfasern und schmalen Spalten im Boden zu entfernen \u2013 f\u00fcr eine stets kraftvolle und gr\u00fcndliche Reinigung.<br \/>Duales Anti-Tangle-System: Der Roborock Q10 Dieses fortschrittliche System minimiert Verwicklungen, sodass weniger st\u00e4ndige Wartung erforderlich ist und ein effizienteres und m\u00fcheloseres Reinigungserlebnis erm\u00f6glicht wird.<br \/>GRANDE MOP MIT AUTOLIFTING-SYSTEM: Das AutoLifting Mop-System erkennt Teppiche intelligent und hebt sie automatisch an. Dar\u00fcber hinaus wird der Saugroboter dabei unterst\u00fctzt, Schwellen und Hindernisse mit einer H\u00f6he von bis zu 2 cm m\u00fchelos zu \u00fcberwinden, um eine gr\u00fcndliche und nahtlose Reinigung zu gew\u00e4hrleisten. Genie\u00dfen Sie m\u00fcheloses Wischen und makellose Ergebnisse.<br \/>Intelligente Teppichreinigung: Der Saugroboter mit Saugstation erh\u00f6ht automatisch die Saugleistung, wenn er einen Teppich erkennt, so werden Haare und Schmutz garantiert gr\u00fcndlich entfernt. Dar\u00fcber hinaus k\u00f6nnen Sie mit den anpassbaren Einstellungen die Teppichreinigung priorisieren oder ganz auslassen. Auf diese Weise haben Sie die Reinigung vollst\u00e4ndig unter Ihrer Kontrolle<br \/>Reaktive Tech-Hindernisvermeidung Der Roboterstaubsauger ist mit fortschrittlicher Technologie mit strukturiertem Licht ausgestattet und daher in der Lage, Hindernisse m\u00fchelos zu erkennen und zu umfahren. Somit kommt er auch mit \u00fcberf\u00fcllten R\u00e4umen und verstreuten Gegenst\u00e4nden auf dem Boden problemlos zurecht. Es ist immer gut darauf vorbereitet, Hindernissen auszuweichen und Ihr Zimmer ohne Hindernisse sauber zu halten.<br \/>LiDAR-Navigation und intelligente Vorschl\u00e4ge: Mithilfe der fortschrittlichen LiDAR-Technologie erstellt der Roboterstaubsauger pr\u00e4zise Karten f\u00fcr eine effiziente Reinigung und speichert mehrere Grundrisse, perfekt f\u00fcr mehrst\u00f6ckige H\u00e4user. Mit intelligenter Hindernisvermeidung und anpassbaren No-Go-Zonen profitieren Sie von einer reibungslosen und unterbrechungsfreien Reinigung.<br \/>Roborock-App und Sprachsteuerung durch Drittanbieter: Der Roboterstaubsauger bietet \u00fcber die Roborock-App eine anpassbare Reinigung f\u00fcr jeden Raum und jede Etage, mit der Sie ganz einfach die vollst\u00e4ndige Kontrolle \u00fcbernehmen k\u00f6nnen. Die tempor\u00e4re Reinigungsfunktion hilft Ihnen, Schmutz schnell zu beseitigen, w\u00e4hrend die bodenseitige Navigation f\u00fcr eine effiziente Abdeckung auf engstem Raum sorgt. Profitieren Sie von einer m\u00fchelosen, pr\u00e4zisen Reinigung, die sich Ihrem Lebensstil anpasst.<br \/>Hinweis: F\u00fcr die App-Verbindung ist 2,4-GHz-WLAN erforderlich.<\/p>\n<p>[ad_2]<\/p>\n","protected":false},"excerpt":{"rendered":"<p>Von der Marke Roborock ist auf die Forschung, Entwicklung und Produktion von Smart-Home-Robotern spezialisiert Die Produkte von Roborock arbeiten so effizient, dass Menschen mehr Zeit f\u00fcr Dinge haben, die ihnen wichtig sind, und weniger Zeit mit Hausarbeit verbringen m\u00fcssen. Mit seinen intelligenten Robotern und Akkustaubsaugern bietet das Unternehmen vielf\u00e4ltige Produkte an und m\u00f6chte zu einem [&hellip;]<\/p>\n","protected":false},"featured_media":3095,"comment_status":"open","ping_status":"closed","template":"","meta":{"_aipt_faq_data":""},"store":[],"product_brand":[40],"product_cat":[73],"product_tag":[253],"class_list":{"0":"post-3094","1":"product","2":"type-product","3":"status-publish","4":"has-post-thumbnail","6":"product_brand-roborock","7":"product_cat-wischroboter","8":"product_tag-robuste-wischroboter-fuer-laminat","10":"first","11":"instock","12":"shipping-taxable","13":"product-type-external"},"yoast_head":"<!-- This site is optimized with the Yoast SEO plugin v27.4 - https:\/\/yoast.com\/product\/yoast-seo-wordpress\/ -->\n<title>roborock Q10 - EasyLifeBro<\/title>\n<meta name=\"description\" content=\"Entdecken Sie smarte Roboter f\u00fcr Zuhause, Garten, Bildung und Sicherheit. Vergleichen Sie Saugroboter, Rasenm\u00e4hroboter, KI-Begleitroboter und mehr bei EasyLifeRobo.\" \/>\n<meta name=\"robots\" content=\"index, follow, max-snippet:-1, max-image-preview:large, max-video-preview:-1\" \/>\n<link rel=\"canonical\" href=\"https:\/\/easyliferobo.com\/de\/product\/roborock-q10\/\" \/>\n<meta property=\"og:locale\" content=\"de_DE\" \/>\n<meta property=\"og:type\" content=\"article\" \/>\n<meta property=\"og:title\" content=\"roborock Q10 - EasyLifeBro\" \/>\n<meta property=\"og:description\" content=\"Entdecken Sie smarte Roboter f\u00fcr Zuhause, Garten, Bildung und Sicherheit. Vergleichen Sie Saugroboter, Rasenm\u00e4hroboter, KI-Begleitroboter und mehr bei EasyLifeRobo.\" \/>\n<meta property=\"og:url\" content=\"https:\/\/easyliferobo.com\/de\/product\/roborock-q10\/\" \/>\n<meta property=\"og:site_name\" content=\"EasyLifeBro\" \/>\n<meta property=\"article:modified_time\" content=\"2026-02-27T06:03:10+00:00\" \/>\n<meta property=\"og:image\" content=\"https:\/\/images-na.ssl-images-amazon.com\/images\/G\/01\/x-locale\/common\/grey-pixel.gif\" \/>\n<meta name=\"twitter:card\" content=\"summary_large_image\" \/>\n<meta name=\"twitter:label1\" content=\"Gesch\u00e4tzte Lesezeit\" \/>\n\t<meta name=\"twitter:data1\" content=\"2\u00a0Minuten\" \/>\n<script type=\"application\/ld+json\" class=\"yoast-schema-graph\">{\"@context\":\"https:\\\/\\\/schema.org\",\"@graph\":[{\"@type\":\"WebPage\",\"@id\":\"https:\\\/\\\/easyliferobo.com\\\/de\\\/product\\\/roborock-q10\\\/\",\"url\":\"https:\\\/\\\/easyliferobo.com\\\/de\\\/product\\\/roborock-q10\\\/\",\"name\":\"roborock Q10 - EasyLifeBro\",\"isPartOf\":{\"@id\":\"https:\\\/\\\/easyliferobo.com\\\/de\\\/#website\"},\"primaryImageOfPage\":{\"@id\":\"https:\\\/\\\/easyliferobo.com\\\/de\\\/product\\\/roborock-q10\\\/#primaryimage\"},\"image\":{\"@id\":\"https:\\\/\\\/easyliferobo.com\\\/de\\\/product\\\/roborock-q10\\\/#primaryimage\"},\"thumbnailUrl\":\"https:\\\/\\\/easyliferobo.com\\\/de\\\/wp-content\\\/uploads\\\/2026\\\/02\\\/1772172174_61dRo93wTYL._AC_SL1500_.jpg\",\"datePublished\":\"2026-02-27T06:02:54+00:00\",\"dateModified\":\"2026-02-27T06:03:10+00:00\",\"description\":\"Entdecken Sie smarte Roboter f\u00fcr Zuhause, Garten, Bildung und Sicherheit. Vergleichen Sie Saugroboter, Rasenm\u00e4hroboter, KI-Begleitroboter und mehr bei EasyLifeRobo.\",\"breadcrumb\":{\"@id\":\"https:\\\/\\\/easyliferobo.com\\\/de\\\/product\\\/roborock-q10\\\/#breadcrumb\"},\"inLanguage\":\"de\",\"potentialAction\":[{\"@type\":\"ReadAction\",\"target\":[\"https:\\\/\\\/easyliferobo.com\\\/de\\\/product\\\/roborock-q10\\\/\"]}]},{\"@type\":\"ImageObject\",\"inLanguage\":\"de\",\"@id\":\"https:\\\/\\\/easyliferobo.com\\\/de\\\/product\\\/roborock-q10\\\/#primaryimage\",\"url\":\"https:\\\/\\\/easyliferobo.com\\\/de\\\/wp-content\\\/uploads\\\/2026\\\/02\\\/1772172174_61dRo93wTYL._AC_SL1500_.jpg\",\"contentUrl\":\"https:\\\/\\\/easyliferobo.com\\\/de\\\/wp-content\\\/uploads\\\/2026\\\/02\\\/1772172174_61dRo93wTYL._AC_SL1500_.jpg\",\"width\":1475,\"height\":1405},{\"@type\":\"BreadcrumbList\",\"@id\":\"https:\\\/\\\/easyliferobo.com\\\/de\\\/product\\\/roborock-q10\\\/#breadcrumb\",\"itemListElement\":[{\"@type\":\"ListItem\",\"position\":1,\"name\":\"Home\",\"item\":\"https:\\\/\\\/easyliferobo.com\\\/de\\\/\"},{\"@type\":\"ListItem\",\"position\":2,\"name\":\"Shop\",\"item\":\"https:\\\/\\\/easyliferobo.com\\\/de\\\/shop\\\/\"},{\"@type\":\"ListItem\",\"position\":3,\"name\":\"roborock Q10\"}]},{\"@type\":\"WebSite\",\"@id\":\"https:\\\/\\\/easyliferobo.com\\\/de\\\/#website\",\"url\":\"https:\\\/\\\/easyliferobo.com\\\/de\\\/\",\"name\":\"EasyLifeBro\",\"description\":\"Smarte Roboter f\u00fcr Zuhause, Garten &amp; Bildung\",\"publisher\":{\"@id\":\"https:\\\/\\\/easyliferobo.com\\\/de\\\/#organization\"},\"potentialAction\":[{\"@type\":\"SearchAction\",\"target\":{\"@type\":\"EntryPoint\",\"urlTemplate\":\"https:\\\/\\\/easyliferobo.com\\\/de\\\/?s={search_term_string}\"},\"query-input\":{\"@type\":\"PropertyValueSpecification\",\"valueRequired\":true,\"valueName\":\"search_term_string\"}}],\"inLanguage\":\"de\"},{\"@type\":\"Organization\",\"@id\":\"https:\\\/\\\/easyliferobo.com\\\/de\\\/#organization\",\"name\":\"EasyLifeBro\",\"url\":\"https:\\\/\\\/easyliferobo.com\\\/de\\\/\",\"logo\":{\"@type\":\"ImageObject\",\"inLanguage\":\"de\",\"@id\":\"https:\\\/\\\/easyliferobo.com\\\/de\\\/#\\\/schema\\\/logo\\\/image\\\/\",\"url\":\"https:\\\/\\\/easyliferobo.com\\\/de\\\/wp-content\\\/uploads\\\/2026\\\/02\\\/Screenshot-2026-02-22-at-2.25.03-PM.png\",\"contentUrl\":\"https:\\\/\\\/easyliferobo.com\\\/de\\\/wp-content\\\/uploads\\\/2026\\\/02\\\/Screenshot-2026-02-22-at-2.25.03-PM.png\",\"width\":1858,\"height\":430,\"caption\":\"EasyLifeBro\"},\"image\":{\"@id\":\"https:\\\/\\\/easyliferobo.com\\\/de\\\/#\\\/schema\\\/logo\\\/image\\\/\"}}]}<\/script>\n<!-- \/ Yoast SEO plugin. -->","yoast_head_json":{"title":"roborock Q10 - EasyLifeBro","description":"Entdecken Sie smarte Roboter f\u00fcr Zuhause, Garten, Bildung und Sicherheit. Vergleichen Sie Saugroboter, Rasenm\u00e4hroboter, KI-Begleitroboter und mehr bei EasyLifeRobo.","robots":{"index":"index","follow":"follow","max-snippet":"max-snippet:-1","max-image-preview":"max-image-preview:large","max-video-preview":"max-video-preview:-1"},"canonical":"https:\/\/easyliferobo.com\/de\/product\/roborock-q10\/","og_locale":"de_DE","og_type":"article","og_title":"roborock Q10 - EasyLifeBro","og_description":"Entdecken Sie smarte Roboter f\u00fcr Zuhause, Garten, Bildung und Sicherheit. Vergleichen Sie Saugroboter, Rasenm\u00e4hroboter, KI-Begleitroboter und mehr bei EasyLifeRobo.","og_url":"https:\/\/easyliferobo.com\/de\/product\/roborock-q10\/","og_site_name":"EasyLifeBro","article_modified_time":"2026-02-27T06:03:10+00:00","og_image":[{"url":"https:\/\/images-na.ssl-images-amazon.com\/images\/G\/01\/x-locale\/common\/grey-pixel.gif","type":"","width":"","height":""}],"twitter_card":"summary_large_image","twitter_misc":{"Gesch\u00e4tzte Lesezeit":"2\u00a0Minuten"},"schema":{"@context":"https:\/\/schema.org","@graph":[{"@type":"WebPage","@id":"https:\/\/easyliferobo.com\/de\/product\/roborock-q10\/","url":"https:\/\/easyliferobo.com\/de\/product\/roborock-q10\/","name":"roborock Q10 - EasyLifeBro","isPartOf":{"@id":"https:\/\/easyliferobo.com\/de\/#website"},"primaryImageOfPage":{"@id":"https:\/\/easyliferobo.com\/de\/product\/roborock-q10\/#primaryimage"},"image":{"@id":"https:\/\/easyliferobo.com\/de\/product\/roborock-q10\/#primaryimage"},"thumbnailUrl":"https:\/\/easyliferobo.com\/de\/wp-content\/uploads\/2026\/02\/1772172174_61dRo93wTYL._AC_SL1500_.jpg","datePublished":"2026-02-27T06:02:54+00:00","dateModified":"2026-02-27T06:03:10+00:00","description":"Entdecken Sie smarte Roboter f\u00fcr Zuhause, Garten, Bildung und Sicherheit. Vergleichen Sie Saugroboter, Rasenm\u00e4hroboter, KI-Begleitroboter und mehr bei EasyLifeRobo.","breadcrumb":{"@id":"https:\/\/easyliferobo.com\/de\/product\/roborock-q10\/#breadcrumb"},"inLanguage":"de","potentialAction":[{"@type":"ReadAction","target":["https:\/\/easyliferobo.com\/de\/product\/roborock-q10\/"]}]},{"@type":"ImageObject","inLanguage":"de","@id":"https:\/\/easyliferobo.com\/de\/product\/roborock-q10\/#primaryimage","url":"https:\/\/easyliferobo.com\/de\/wp-content\/uploads\/2026\/02\/1772172174_61dRo93wTYL._AC_SL1500_.jpg","contentUrl":"https:\/\/easyliferobo.com\/de\/wp-content\/uploads\/2026\/02\/1772172174_61dRo93wTYL._AC_SL1500_.jpg","width":1475,"height":1405},{"@type":"BreadcrumbList","@id":"https:\/\/easyliferobo.com\/de\/product\/roborock-q10\/#breadcrumb","itemListElement":[{"@type":"ListItem","position":1,"name":"Home","item":"https:\/\/easyliferobo.com\/de\/"},{"@type":"ListItem","position":2,"name":"Shop","item":"https:\/\/easyliferobo.com\/de\/shop\/"},{"@type":"ListItem","position":3,"name":"roborock Q10"}]},{"@type":"WebSite","@id":"https:\/\/easyliferobo.com\/de\/#website","url":"https:\/\/easyliferobo.com\/de\/","name":"EasyLifeBro","description":"Smarte Roboter f\u00fcr Zuhause, Garten &amp; Bildung","publisher":{"@id":"https:\/\/easyliferobo.com\/de\/#organization"},"potentialAction":[{"@type":"SearchAction","target":{"@type":"EntryPoint","urlTemplate":"https:\/\/easyliferobo.com\/de\/?s={search_term_string}"},"query-input":{"@type":"PropertyValueSpecification","valueRequired":true,"valueName":"search_term_string"}}],"inLanguage":"de"},{"@type":"Organization","@id":"https:\/\/easyliferobo.com\/de\/#organization","name":"EasyLifeBro","url":"https:\/\/easyliferobo.com\/de\/","logo":{"@type":"ImageObject","inLanguage":"de","@id":"https:\/\/easyliferobo.com\/de\/#\/schema\/logo\/image\/","url":"https:\/\/easyliferobo.com\/de\/wp-content\/uploads\/2026\/02\/Screenshot-2026-02-22-at-2.25.03-PM.png","contentUrl":"https:\/\/easyliferobo.com\/de\/wp-content\/uploads\/2026\/02\/Screenshot-2026-02-22-at-2.25.03-PM.png","width":1858,"height":430,"caption":"EasyLifeBro"},"image":{"@id":"https:\/\/easyliferobo.com\/de\/#\/schema\/logo\/image\/"}}]}},"_links":{"self":[{"href":"https:\/\/easyliferobo.com\/de\/wp-json\/wp\/v2\/product\/3094","targetHints":{"allow":["GET"]}}],"collection":[{"href":"https:\/\/easyliferobo.com\/de\/wp-json\/wp\/v2\/product"}],"about":[{"href":"https:\/\/easyliferobo.com\/de\/wp-json\/wp\/v2\/types\/product"}],"replies":[{"embeddable":true,"href":"https:\/\/easyliferobo.com\/de\/wp-json\/wp\/v2\/comments?post=3094"}],"wp:featuredmedia":[{"embeddable":true,"href":"https:\/\/easyliferobo.com\/de\/wp-json\/wp\/v2\/media\/3095"}],"wp:attachment":[{"href":"https:\/\/easyliferobo.com\/de\/wp-json\/wp\/v2\/media?parent=3094"}],"wp:term":[{"taxonomy":"store","embeddable":true,"href":"https:\/\/easyliferobo.com\/de\/wp-json\/wp\/v2\/store?post=3094"},{"taxonomy":"product_brand","embeddable":true,"href":"https:\/\/easyliferobo.com\/de\/wp-json\/wp\/v2\/product_brand?post=3094"},{"taxonomy":"product_cat","embeddable":true,"href":"https:\/\/easyliferobo.com\/de\/wp-json\/wp\/v2\/product_cat?post=3094"},{"taxonomy":"product_tag","embeddable":true,"href":"https:\/\/easyliferobo.com\/de\/wp-json\/wp\/v2\/product_tag?post=3094"}],"curies":[{"name":"wp","href":"https:\/\/api.w.org\/{rel}","templated":true}]}}