
{"id":3074,"date":"2026-02-27T06:00:17","date_gmt":"2026-02-27T06:00:17","guid":{"rendered":"https:\/\/easyliferobo.com\/de\/product\/s2-poolroboter-doppelfiltration-kabelloser-poolstaubsauger-akku-90-minuetige-automatische-reinigung-mit-selbstparkfunktion-poolreiniger-mit-zwei-motoren-fuer-flache-boeden-pools-bis-zu-80-m\/"},"modified":"2026-02-27T06:00:39","modified_gmt":"2026-02-27T06:00:39","slug":"s2-poolroboter-doppelfiltration-kabelloser-poolstaubsauger-akku-90-minuetige-automatische-reinigung-mit-selbstparkfunktion-poolreiniger-mit-zwei-motoren-fuer-flache-boeden-pools-bis-zu-80-m","status":"publish","type":"product","link":"https:\/\/easyliferobo.com\/de\/product\/s2-poolroboter-doppelfiltration-kabelloser-poolstaubsauger-akku-90-minuetige-automatische-reinigung-mit-selbstparkfunktion-poolreiniger-mit-zwei-motoren-fuer-flache-boeden-pools-bis-zu-80-m\/","title":{"rendered":"S2 Poolroboter, Doppelfiltration, k..."},"content":{"rendered":"<p>\n                                             Von der Marke   <\/p>\n<p>                                              <img decoding=\"async\" alt=\"Hinterhof mit gro\u00dfem rechteckigem Swimmingpool, umgeben von Gartenm\u00f6beln und modernem wei\u00dfen Haus mit Glast\u00fcren. B\u00e4ume und gepflegte Landschaftsgestaltung sichtbar.\" src=\"https:\/\/images-na.ssl-images-amazon.com\/images\/G\/01\/x-locale\/common\/grey-pixel.gif\" class=\"a-lazy-loaded\" data-src=\"https:\/\/m.media-amazon.com\/images\/S\/aplus-media-library-service-media\/be487dda-1c18-4755-b9bd-406e94bc1191.__CR0,0,1464,625_PT0_SX1464_V1___.jpg\"><img decoding=\"async\" alt=\"Hinterhof mit gro\u00dfem rechteckigem Swimmingpool, umgeben von Gartenm\u00f6beln und modernem wei\u00dfen Haus mit Glast\u00fcren. B\u00e4ume und gepflegte Landschaftsgestaltung sichtbar.\" src=\"https:\/\/m.media-amazon.com\/images\/S\/aplus-media-library-service-media\/be487dda-1c18-4755-b9bd-406e94bc1191.__CR0,0,1464,625_PT0_SX1464_V1___.jpg\">  <\/p>\n<p>                                              <img decoding=\"async\" alt=\"Textbasierte Werbung f\u00fcr Talosbo, ein Unternehmen, das sich auf Outdoor-Robotik f\u00fcr die Pool- und Gartenpflege spezialisiert hat. Anspruch, intelligente Technologie mit der Natur f\u00fcr eine optimale Pflege zu verbinden.\" src=\"https:\/\/images-na.ssl-images-amazon.com\/images\/G\/01\/x-locale\/common\/grey-pixel.gif\" class=\"a-lazy-loaded\" data-src=\"https:\/\/m.media-amazon.com\/images\/S\/aplus-media-library-service-media\/a790df66-5134-4593-9703-9f9b368bf134.__CR0,0,362,453_PT0_SX362_V1___.jpg\"><img decoding=\"async\" alt=\"Textbasierte Werbung f\u00fcr Talosbo, ein Unternehmen, das sich auf Outdoor-Robotik f\u00fcr die Pool- und Gartenpflege spezialisiert hat. Anspruch, intelligente Technologie mit der Natur f\u00fcr eine optimale Pflege zu verbinden.\" src=\"https:\/\/m.media-amazon.com\/images\/S\/aplus-media-library-service-media\/a790df66-5134-4593-9703-9f9b368bf134.__CR0,0,362,453_PT0_SX362_V1___.jpg\">  <\/p>\n<h3>  2026 Talosbo S2 <\/h3>\n<p>                                                         Wer sind wir?                                       <\/p>\n<p> Talosbo entstand aus einem einfachen Bed\u00fcrfnis heraus: Geben Sie Ihnen Zeit zur\u00fcck, die Sie sonst f\u00fcr die Instandhaltung Ihres Zuhauses aufwenden w\u00fcrden. <\/p>\n<p>                                                         Was machen wir?                                       <\/p>\n<p> Wir statten Menschen mit effizienten L\u00f6sungen f\u00fcr die Pool-, Garten- und Heimpflege aus \u2013 damit sie mehr Zeit mit ihren Lieben verbringen k\u00f6nnen. <\/p>\n<p>                                                         Warum machen wir das?                                       <\/p>\n<p> Mit einer breiten Palette an Roboterl\u00f6sungen wollen wir zum Ma\u00dfstab in der Outdoor-Pflege werden. <\/p>\n<p>Hocheffizientes Doppelfiltersystem: Der S2-Poolroboter verwendet ein neu verbessertes Doppelfiltersystem aus 180 \u03bcm Feinfilter + 40 PPI Filterschaum. Dieses zweistufige Filterdesign kann Bl\u00e4tter, Sand und Feinstaubpartikel auffangen und die Filtereffizienz effektiv verbessern. Das leistungsstarke Filtersystem macht das Wasser klarer, reduziert Filterverstopfungen und verl\u00e4ngert die Lebensdauer des Filters.<br \/>90 Minuten Laufzeit, volle Reichweite: Dieser kabellose Poolsauger verf\u00fcgt \u00fcber einen leistungsstarken Lithium-Akku mit bis zu 90 Minuten Laufzeit und reinigt Poolfl\u00e4chen von ca. 80 m\u00b2 in einem Durchgang. Es ist ideal f\u00fcr oberirdische Pools und Pools mit flachem Boden sowie f\u00fcr runde Pools mit einem Durchmesser von bis zu 5 m oder ovale und rechteckige Pools \u00e4hnlicher Gr\u00f6\u00dfe. Die Saugleistung bleibt w\u00e4hrend der Reinigung konstant.<br \/>Doppelte Antriebskonfiguration und str\u00f6mungsoptimiertes Design: Der S2 Poolsauger Akku verf\u00fcgt \u00fcber einen doppelten Antriebsmotor, zwei B\u00fcrsten und zwei Saug\u00f6ffnungen, bildet eine effiziente Reinigungsstruktur. Mit einer Gesamtabsaugleistung von 1928 GPH werden Schmutzarten effektiv aufgesaugt. Der optimierte Wasserfluss und die Geh\u00e4useform reduzieren den Laufwiderstand im Wasser und sorgen f\u00fcr eine reibungslose Fahrt im Pool.<br \/>Intelligente Stoppautomatik: Wenn der Reinigungsvorgang abgeschlossen ist oder der Akku fast leer ist, f\u00e4hrt der Akku des Poolroboters automatisch an den Beckenrand und stoppt dort. Mit einem Gewicht von nur 3 kg l\u00e4sst es sich leicht entfernen. Er ist mit einer Schnellladung in nur 2,5 Stunden ausgestattet und erf\u00fcllt so effizient den t\u00e4glichen Reinigungsbedarf des Pools.<br \/>Transparentes Design: Durch das transparente Geh\u00e4use des Poolsaugers k\u00f6nnen Sie jederzeit den Verschmutzungsgrad im Inneren \u00fcberpr\u00fcfen. Das gro\u00dfvolumige 2-Liter-Filtersieb reduziert h\u00e4ufige Reinigungsarbeiten. Der Filter sp\u00fclt schnell \u2013 die Wartung ist einfach und unkompliziert.<br \/>Kabelloses Design und Ein-Knopf-Bedienung Dank der Vorteile des kabellosen Designs und der Ein-Knopf-Bedienung geh\u00f6ren Kabelsalat mit dem kabellosen Poolsauger S2 der Vergangenheit an. Es f\u00e4hrt ruhiger, l\u00e4uft stabil und effizient. Keine Installation erforderlich \u2013 einfach in den Pool legen und die Starttaste dr\u00fccken, um die vollautomatische Reinigung zu starten.<\/p>\n<p>[ad_2]<\/p>\n","protected":false},"excerpt":{"rendered":"<p>Von der Marke 2026 Talosbo S2 Wer sind wir? Talosbo entstand aus einem einfachen Bed\u00fcrfnis heraus: Geben Sie Ihnen Zeit zur\u00fcck, die Sie sonst f\u00fcr die Instandhaltung Ihres Zuhauses aufwenden w\u00fcrden. Was machen wir? Wir statten Menschen mit effizienten L\u00f6sungen f\u00fcr die Pool-, Garten- und Heimpflege aus \u2013 damit sie mehr Zeit mit ihren Lieben [&hellip;]<\/p>\n","protected":false},"featured_media":3075,"comment_status":"open","ping_status":"closed","template":"","meta":{"_aipt_faq_data":""},"store":[],"product_brand":[421],"product_cat":[75],"product_tag":[250],"class_list":{"0":"post-3074","1":"product","2":"type-product","3":"status-publish","4":"has-post-thumbnail","6":"product_brand-talosbo","7":"product_cat-poolroboter","8":"product_tag-poolroboter-fuer-grosse-pools","10":"first","11":"instock","12":"shipping-taxable","13":"product-type-external"},"yoast_head":"<!-- This site is optimized with the Yoast SEO plugin v27.4 - https:\/\/yoast.com\/product\/yoast-seo-wordpress\/ -->\n<title>S2 Poolroboter, Doppelfiltration, kabelloser Poolstaubsauger, Akku, 90-min\u00fctige automatische Reinigung mit Selbstparkfunktion, Poolreiniger mit zwei Motoren f\u00fcr flache B\u00f6den, Pools bis zu 80 m\u00b2 - EasyLifeBro<\/title>\n<meta name=\"description\" content=\"Entdecken Sie smarte Roboter f\u00fcr Zuhause, Garten, Bildung und Sicherheit. Vergleichen Sie Saugroboter, Rasenm\u00e4hroboter, KI-Begleitroboter und mehr bei EasyLifeRobo.\" \/>\n<meta name=\"robots\" content=\"index, follow, max-snippet:-1, max-image-preview:large, max-video-preview:-1\" \/>\n<link rel=\"canonical\" href=\"https:\/\/easyliferobo.com\/de\/product\/s2-poolroboter-doppelfiltration-kabelloser-poolstaubsauger-akku-90-minuetige-automatische-reinigung-mit-selbstparkfunktion-poolreiniger-mit-zwei-motoren-fuer-flache-boeden-pools-bis-zu-80-m\/\" \/>\n<meta property=\"og:locale\" content=\"de_DE\" \/>\n<meta property=\"og:type\" content=\"article\" \/>\n<meta property=\"og:title\" content=\"S2 Poolroboter, Doppelfiltration, kabelloser Poolstaubsauger, Akku, 90-min\u00fctige automatische Reinigung mit Selbstparkfunktion, Poolreiniger mit zwei Motoren f\u00fcr flache B\u00f6den, Pools bis zu 80 m\u00b2 - EasyLifeBro\" \/>\n<meta property=\"og:description\" content=\"Entdecken Sie smarte Roboter f\u00fcr Zuhause, Garten, Bildung und Sicherheit. Vergleichen Sie Saugroboter, Rasenm\u00e4hroboter, KI-Begleitroboter und mehr bei EasyLifeRobo.\" \/>\n<meta property=\"og:url\" content=\"https:\/\/easyliferobo.com\/de\/product\/s2-poolroboter-doppelfiltration-kabelloser-poolstaubsauger-akku-90-minuetige-automatische-reinigung-mit-selbstparkfunktion-poolreiniger-mit-zwei-motoren-fuer-flache-boeden-pools-bis-zu-80-m\/\" \/>\n<meta property=\"og:site_name\" content=\"EasyLifeBro\" \/>\n<meta property=\"article:modified_time\" content=\"2026-02-27T06:00:39+00:00\" \/>\n<meta property=\"og:image\" content=\"https:\/\/images-na.ssl-images-amazon.com\/images\/G\/01\/x-locale\/common\/grey-pixel.gif\" \/>\n<meta name=\"twitter:card\" content=\"summary_large_image\" \/>\n<meta name=\"twitter:label1\" content=\"Gesch\u00e4tzte Lesezeit\" \/>\n\t<meta name=\"twitter:data1\" content=\"2\u00a0Minuten\" \/>\n<script type=\"application\/ld+json\" class=\"yoast-schema-graph\">{\"@context\":\"https:\\\/\\\/schema.org\",\"@graph\":[{\"@type\":\"WebPage\",\"@id\":\"https:\\\/\\\/easyliferobo.com\\\/de\\\/product\\\/s2-poolroboter-doppelfiltration-kabelloser-poolstaubsauger-akku-90-minuetige-automatische-reinigung-mit-selbstparkfunktion-poolreiniger-mit-zwei-motoren-fuer-flache-boeden-pools-bis-zu-80-m\\\/\",\"url\":\"https:\\\/\\\/easyliferobo.com\\\/de\\\/product\\\/s2-poolroboter-doppelfiltration-kabelloser-poolstaubsauger-akku-90-minuetige-automatische-reinigung-mit-selbstparkfunktion-poolreiniger-mit-zwei-motoren-fuer-flache-boeden-pools-bis-zu-80-m\\\/\",\"name\":\"S2 Poolroboter, Doppelfiltration, kabelloser Poolstaubsauger, Akku, 90-min\u00fctige automatische Reinigung mit Selbstparkfunktion, Poolreiniger mit zwei Motoren f\u00fcr flache B\u00f6den, Pools bis zu 80 m\u00b2 - EasyLifeBro\",\"isPartOf\":{\"@id\":\"https:\\\/\\\/easyliferobo.com\\\/de\\\/#website\"},\"primaryImageOfPage\":{\"@id\":\"https:\\\/\\\/easyliferobo.com\\\/de\\\/product\\\/s2-poolroboter-doppelfiltration-kabelloser-poolstaubsauger-akku-90-minuetige-automatische-reinigung-mit-selbstparkfunktion-poolreiniger-mit-zwei-motoren-fuer-flache-boeden-pools-bis-zu-80-m\\\/#primaryimage\"},\"image\":{\"@id\":\"https:\\\/\\\/easyliferobo.com\\\/de\\\/product\\\/s2-poolroboter-doppelfiltration-kabelloser-poolstaubsauger-akku-90-minuetige-automatische-reinigung-mit-selbstparkfunktion-poolreiniger-mit-zwei-motoren-fuer-flache-boeden-pools-bis-zu-80-m\\\/#primaryimage\"},\"thumbnailUrl\":\"https:\\\/\\\/easyliferobo.com\\\/de\\\/wp-content\\\/uploads\\\/2026\\\/02\\\/71Km62FxFIL._AC_SL1500_.jpg\",\"datePublished\":\"2026-02-27T06:00:17+00:00\",\"dateModified\":\"2026-02-27T06:00:39+00:00\",\"description\":\"Entdecken Sie smarte Roboter f\u00fcr Zuhause, Garten, Bildung und Sicherheit. Vergleichen Sie Saugroboter, Rasenm\u00e4hroboter, KI-Begleitroboter und mehr bei EasyLifeRobo.\",\"breadcrumb\":{\"@id\":\"https:\\\/\\\/easyliferobo.com\\\/de\\\/product\\\/s2-poolroboter-doppelfiltration-kabelloser-poolstaubsauger-akku-90-minuetige-automatische-reinigung-mit-selbstparkfunktion-poolreiniger-mit-zwei-motoren-fuer-flache-boeden-pools-bis-zu-80-m\\\/#breadcrumb\"},\"inLanguage\":\"de\",\"potentialAction\":[{\"@type\":\"ReadAction\",\"target\":[\"https:\\\/\\\/easyliferobo.com\\\/de\\\/product\\\/s2-poolroboter-doppelfiltration-kabelloser-poolstaubsauger-akku-90-minuetige-automatische-reinigung-mit-selbstparkfunktion-poolreiniger-mit-zwei-motoren-fuer-flache-boeden-pools-bis-zu-80-m\\\/\"]}]},{\"@type\":\"ImageObject\",\"inLanguage\":\"de\",\"@id\":\"https:\\\/\\\/easyliferobo.com\\\/de\\\/product\\\/s2-poolroboter-doppelfiltration-kabelloser-poolstaubsauger-akku-90-minuetige-automatische-reinigung-mit-selbstparkfunktion-poolreiniger-mit-zwei-motoren-fuer-flache-boeden-pools-bis-zu-80-m\\\/#primaryimage\",\"url\":\"https:\\\/\\\/easyliferobo.com\\\/de\\\/wp-content\\\/uploads\\\/2026\\\/02\\\/71Km62FxFIL._AC_SL1500_.jpg\",\"contentUrl\":\"https:\\\/\\\/easyliferobo.com\\\/de\\\/wp-content\\\/uploads\\\/2026\\\/02\\\/71Km62FxFIL._AC_SL1500_.jpg\",\"width\":1500,\"height\":1450},{\"@type\":\"BreadcrumbList\",\"@id\":\"https:\\\/\\\/easyliferobo.com\\\/de\\\/product\\\/s2-poolroboter-doppelfiltration-kabelloser-poolstaubsauger-akku-90-minuetige-automatische-reinigung-mit-selbstparkfunktion-poolreiniger-mit-zwei-motoren-fuer-flache-boeden-pools-bis-zu-80-m\\\/#breadcrumb\",\"itemListElement\":[{\"@type\":\"ListItem\",\"position\":1,\"name\":\"Home\",\"item\":\"https:\\\/\\\/easyliferobo.com\\\/de\\\/\"},{\"@type\":\"ListItem\",\"position\":2,\"name\":\"Shop\",\"item\":\"https:\\\/\\\/easyliferobo.com\\\/de\\\/shop\\\/\"},{\"@type\":\"ListItem\",\"position\":3,\"name\":\"S2 Poolroboter, Doppelfiltration, k...\"}]},{\"@type\":\"WebSite\",\"@id\":\"https:\\\/\\\/easyliferobo.com\\\/de\\\/#website\",\"url\":\"https:\\\/\\\/easyliferobo.com\\\/de\\\/\",\"name\":\"EasyLifeBro\",\"description\":\"Smarte Roboter f\u00fcr Zuhause, Garten &amp; Bildung\",\"publisher\":{\"@id\":\"https:\\\/\\\/easyliferobo.com\\\/de\\\/#organization\"},\"potentialAction\":[{\"@type\":\"SearchAction\",\"target\":{\"@type\":\"EntryPoint\",\"urlTemplate\":\"https:\\\/\\\/easyliferobo.com\\\/de\\\/?s={search_term_string}\"},\"query-input\":{\"@type\":\"PropertyValueSpecification\",\"valueRequired\":true,\"valueName\":\"search_term_string\"}}],\"inLanguage\":\"de\"},{\"@type\":\"Organization\",\"@id\":\"https:\\\/\\\/easyliferobo.com\\\/de\\\/#organization\",\"name\":\"EasyLifeBro\",\"url\":\"https:\\\/\\\/easyliferobo.com\\\/de\\\/\",\"logo\":{\"@type\":\"ImageObject\",\"inLanguage\":\"de\",\"@id\":\"https:\\\/\\\/easyliferobo.com\\\/de\\\/#\\\/schema\\\/logo\\\/image\\\/\",\"url\":\"https:\\\/\\\/easyliferobo.com\\\/de\\\/wp-content\\\/uploads\\\/2026\\\/02\\\/Screenshot-2026-02-22-at-2.25.03-PM.png\",\"contentUrl\":\"https:\\\/\\\/easyliferobo.com\\\/de\\\/wp-content\\\/uploads\\\/2026\\\/02\\\/Screenshot-2026-02-22-at-2.25.03-PM.png\",\"width\":1858,\"height\":430,\"caption\":\"EasyLifeBro\"},\"image\":{\"@id\":\"https:\\\/\\\/easyliferobo.com\\\/de\\\/#\\\/schema\\\/logo\\\/image\\\/\"}}]}<\/script>\n<!-- \/ Yoast SEO plugin. -->","yoast_head_json":{"title":"S2 Poolroboter, Doppelfiltration, kabelloser Poolstaubsauger, Akku, 90-min\u00fctige automatische Reinigung mit Selbstparkfunktion, Poolreiniger mit zwei Motoren f\u00fcr flache B\u00f6den, Pools bis zu 80 m\u00b2 - EasyLifeBro","description":"Entdecken Sie smarte Roboter f\u00fcr Zuhause, Garten, Bildung und Sicherheit. Vergleichen Sie Saugroboter, Rasenm\u00e4hroboter, KI-Begleitroboter und mehr bei EasyLifeRobo.","robots":{"index":"index","follow":"follow","max-snippet":"max-snippet:-1","max-image-preview":"max-image-preview:large","max-video-preview":"max-video-preview:-1"},"canonical":"https:\/\/easyliferobo.com\/de\/product\/s2-poolroboter-doppelfiltration-kabelloser-poolstaubsauger-akku-90-minuetige-automatische-reinigung-mit-selbstparkfunktion-poolreiniger-mit-zwei-motoren-fuer-flache-boeden-pools-bis-zu-80-m\/","og_locale":"de_DE","og_type":"article","og_title":"S2 Poolroboter, Doppelfiltration, kabelloser Poolstaubsauger, Akku, 90-min\u00fctige automatische Reinigung mit Selbstparkfunktion, Poolreiniger mit zwei Motoren f\u00fcr flache B\u00f6den, Pools bis zu 80 m\u00b2 - EasyLifeBro","og_description":"Entdecken Sie smarte Roboter f\u00fcr Zuhause, Garten, Bildung und Sicherheit. Vergleichen Sie Saugroboter, Rasenm\u00e4hroboter, KI-Begleitroboter und mehr bei EasyLifeRobo.","og_url":"https:\/\/easyliferobo.com\/de\/product\/s2-poolroboter-doppelfiltration-kabelloser-poolstaubsauger-akku-90-minuetige-automatische-reinigung-mit-selbstparkfunktion-poolreiniger-mit-zwei-motoren-fuer-flache-boeden-pools-bis-zu-80-m\/","og_site_name":"EasyLifeBro","article_modified_time":"2026-02-27T06:00:39+00:00","og_image":[{"url":"https:\/\/images-na.ssl-images-amazon.com\/images\/G\/01\/x-locale\/common\/grey-pixel.gif","type":"","width":"","height":""}],"twitter_card":"summary_large_image","twitter_misc":{"Gesch\u00e4tzte Lesezeit":"2\u00a0Minuten"},"schema":{"@context":"https:\/\/schema.org","@graph":[{"@type":"WebPage","@id":"https:\/\/easyliferobo.com\/de\/product\/s2-poolroboter-doppelfiltration-kabelloser-poolstaubsauger-akku-90-minuetige-automatische-reinigung-mit-selbstparkfunktion-poolreiniger-mit-zwei-motoren-fuer-flache-boeden-pools-bis-zu-80-m\/","url":"https:\/\/easyliferobo.com\/de\/product\/s2-poolroboter-doppelfiltration-kabelloser-poolstaubsauger-akku-90-minuetige-automatische-reinigung-mit-selbstparkfunktion-poolreiniger-mit-zwei-motoren-fuer-flache-boeden-pools-bis-zu-80-m\/","name":"S2 Poolroboter, Doppelfiltration, kabelloser Poolstaubsauger, Akku, 90-min\u00fctige automatische Reinigung mit Selbstparkfunktion, Poolreiniger mit zwei Motoren f\u00fcr flache B\u00f6den, Pools bis zu 80 m\u00b2 - EasyLifeBro","isPartOf":{"@id":"https:\/\/easyliferobo.com\/de\/#website"},"primaryImageOfPage":{"@id":"https:\/\/easyliferobo.com\/de\/product\/s2-poolroboter-doppelfiltration-kabelloser-poolstaubsauger-akku-90-minuetige-automatische-reinigung-mit-selbstparkfunktion-poolreiniger-mit-zwei-motoren-fuer-flache-boeden-pools-bis-zu-80-m\/#primaryimage"},"image":{"@id":"https:\/\/easyliferobo.com\/de\/product\/s2-poolroboter-doppelfiltration-kabelloser-poolstaubsauger-akku-90-minuetige-automatische-reinigung-mit-selbstparkfunktion-poolreiniger-mit-zwei-motoren-fuer-flache-boeden-pools-bis-zu-80-m\/#primaryimage"},"thumbnailUrl":"https:\/\/easyliferobo.com\/de\/wp-content\/uploads\/2026\/02\/71Km62FxFIL._AC_SL1500_.jpg","datePublished":"2026-02-27T06:00:17+00:00","dateModified":"2026-02-27T06:00:39+00:00","description":"Entdecken Sie smarte Roboter f\u00fcr Zuhause, Garten, Bildung und Sicherheit. Vergleichen Sie Saugroboter, Rasenm\u00e4hroboter, KI-Begleitroboter und mehr bei EasyLifeRobo.","breadcrumb":{"@id":"https:\/\/easyliferobo.com\/de\/product\/s2-poolroboter-doppelfiltration-kabelloser-poolstaubsauger-akku-90-minuetige-automatische-reinigung-mit-selbstparkfunktion-poolreiniger-mit-zwei-motoren-fuer-flache-boeden-pools-bis-zu-80-m\/#breadcrumb"},"inLanguage":"de","potentialAction":[{"@type":"ReadAction","target":["https:\/\/easyliferobo.com\/de\/product\/s2-poolroboter-doppelfiltration-kabelloser-poolstaubsauger-akku-90-minuetige-automatische-reinigung-mit-selbstparkfunktion-poolreiniger-mit-zwei-motoren-fuer-flache-boeden-pools-bis-zu-80-m\/"]}]},{"@type":"ImageObject","inLanguage":"de","@id":"https:\/\/easyliferobo.com\/de\/product\/s2-poolroboter-doppelfiltration-kabelloser-poolstaubsauger-akku-90-minuetige-automatische-reinigung-mit-selbstparkfunktion-poolreiniger-mit-zwei-motoren-fuer-flache-boeden-pools-bis-zu-80-m\/#primaryimage","url":"https:\/\/easyliferobo.com\/de\/wp-content\/uploads\/2026\/02\/71Km62FxFIL._AC_SL1500_.jpg","contentUrl":"https:\/\/easyliferobo.com\/de\/wp-content\/uploads\/2026\/02\/71Km62FxFIL._AC_SL1500_.jpg","width":1500,"height":1450},{"@type":"BreadcrumbList","@id":"https:\/\/easyliferobo.com\/de\/product\/s2-poolroboter-doppelfiltration-kabelloser-poolstaubsauger-akku-90-minuetige-automatische-reinigung-mit-selbstparkfunktion-poolreiniger-mit-zwei-motoren-fuer-flache-boeden-pools-bis-zu-80-m\/#breadcrumb","itemListElement":[{"@type":"ListItem","position":1,"name":"Home","item":"https:\/\/easyliferobo.com\/de\/"},{"@type":"ListItem","position":2,"name":"Shop","item":"https:\/\/easyliferobo.com\/de\/shop\/"},{"@type":"ListItem","position":3,"name":"S2 Poolroboter, Doppelfiltration, k..."}]},{"@type":"WebSite","@id":"https:\/\/easyliferobo.com\/de\/#website","url":"https:\/\/easyliferobo.com\/de\/","name":"EasyLifeBro","description":"Smarte Roboter f\u00fcr Zuhause, Garten &amp; Bildung","publisher":{"@id":"https:\/\/easyliferobo.com\/de\/#organization"},"potentialAction":[{"@type":"SearchAction","target":{"@type":"EntryPoint","urlTemplate":"https:\/\/easyliferobo.com\/de\/?s={search_term_string}"},"query-input":{"@type":"PropertyValueSpecification","valueRequired":true,"valueName":"search_term_string"}}],"inLanguage":"de"},{"@type":"Organization","@id":"https:\/\/easyliferobo.com\/de\/#organization","name":"EasyLifeBro","url":"https:\/\/easyliferobo.com\/de\/","logo":{"@type":"ImageObject","inLanguage":"de","@id":"https:\/\/easyliferobo.com\/de\/#\/schema\/logo\/image\/","url":"https:\/\/easyliferobo.com\/de\/wp-content\/uploads\/2026\/02\/Screenshot-2026-02-22-at-2.25.03-PM.png","contentUrl":"https:\/\/easyliferobo.com\/de\/wp-content\/uploads\/2026\/02\/Screenshot-2026-02-22-at-2.25.03-PM.png","width":1858,"height":430,"caption":"EasyLifeBro"},"image":{"@id":"https:\/\/easyliferobo.com\/de\/#\/schema\/logo\/image\/"}}]}},"_links":{"self":[{"href":"https:\/\/easyliferobo.com\/de\/wp-json\/wp\/v2\/product\/3074","targetHints":{"allow":["GET"]}}],"collection":[{"href":"https:\/\/easyliferobo.com\/de\/wp-json\/wp\/v2\/product"}],"about":[{"href":"https:\/\/easyliferobo.com\/de\/wp-json\/wp\/v2\/types\/product"}],"replies":[{"embeddable":true,"href":"https:\/\/easyliferobo.com\/de\/wp-json\/wp\/v2\/comments?post=3074"}],"wp:featuredmedia":[{"embeddable":true,"href":"https:\/\/easyliferobo.com\/de\/wp-json\/wp\/v2\/media\/3075"}],"wp:attachment":[{"href":"https:\/\/easyliferobo.com\/de\/wp-json\/wp\/v2\/media?parent=3074"}],"wp:term":[{"taxonomy":"store","embeddable":true,"href":"https:\/\/easyliferobo.com\/de\/wp-json\/wp\/v2\/store?post=3074"},{"taxonomy":"product_brand","embeddable":true,"href":"https:\/\/easyliferobo.com\/de\/wp-json\/wp\/v2\/product_brand?post=3074"},{"taxonomy":"product_cat","embeddable":true,"href":"https:\/\/easyliferobo.com\/de\/wp-json\/wp\/v2\/product_cat?post=3074"},{"taxonomy":"product_tag","embeddable":true,"href":"https:\/\/easyliferobo.com\/de\/wp-json\/wp\/v2\/product_tag?post=3074"}],"curies":[{"name":"wp","href":"https:\/\/api.w.org\/{rel}","templated":true}]}}