
{"id":3064,"date":"2026-02-27T05:59:04","date_gmt":"2026-02-27T05:59:04","guid":{"rendered":"https:\/\/easyliferobo.com\/de\/product\/saugroboter-mit-wischfunktion-5000-pa-staubsaugerroboter-3-in-1-mit-180-min-laufzeit-saugroboter-mit-autoteppich-boost-saugroboter-fuer-tierhaare-teppich\/"},"modified":"2026-02-27T05:59:22","modified_gmt":"2026-02-27T05:59:22","slug":"saugroboter-mit-wischfunktion-5000-pa-staubsaugerroboter-3-in-1-mit-180-min-laufzeit-saugroboter-mit-autoteppich-boost-saugroboter-fuer-tierhaare-teppich","status":"publish","type":"product","link":"https:\/\/easyliferobo.com\/de\/product\/saugroboter-mit-wischfunktion-5000-pa-staubsaugerroboter-3-in-1-mit-180-min-laufzeit-saugroboter-mit-autoteppich-boost-saugroboter-fuer-tierhaare-teppich\/","title":{"rendered":"Saugroboter mit Wischfunktion 5000 ..."},"content":{"rendered":"<p>\n                                             Von der Marke   <\/p>\n<p>                                              <img decoding=\"async\" alt=\"Serie von Lifestyle-Bildern, die einen entspannten Wohnraum im Innenbereich mit eingeschaltetem Roboterstaubsauger zeigen, w\u00e4hrend sich die Bewohner mit ihrem Hund auf M\u00f6beln ausruhen.\" src=\"https:\/\/images-na.ssl-images-amazon.com\/images\/G\/01\/x-locale\/common\/grey-pixel.gif\" class=\"a-lazy-loaded\" data-src=\"https:\/\/m.media-amazon.com\/images\/S\/aplus-media-library-service-media\/8eacfc0e-be5b-4cc3-9b83-15f954bc2d49.__CR0,5,2928,1250_PT0_SX1464_V1___.png\"><img decoding=\"async\" alt=\"Serie von Lifestyle-Bildern, die einen entspannten Wohnraum im Innenbereich mit eingeschaltetem Roboterstaubsauger zeigen, w\u00e4hrend sich die Bewohner mit ihrem Hund auf M\u00f6beln ausruhen.\" src=\"https:\/\/m.media-amazon.com\/images\/S\/aplus-media-library-service-media\/8eacfc0e-be5b-4cc3-9b83-15f954bc2d49.__CR0,5,2928,1250_PT0_SX1464_V1___.png\">  <\/p>\n<p>                                              <img decoding=\"async\" alt=\"\" src=\"https:\/\/images-na.ssl-images-amazon.com\/images\/G\/01\/x-locale\/common\/grey-pixel.gif\" class=\"a-lazy-loaded\" data-src=\"https:\/\/m.media-amazon.com\/images\/S\/aplus-media-library-service-media\/c117f636-4733-49c9-a949-313c6ebe996a.__CR0,0,315,145_PT0_SX315_V1___.jpg\"><img decoding=\"async\" alt=\"\" src=\"https:\/\/m.media-amazon.com\/images\/S\/aplus-media-library-service-media\/c117f636-4733-49c9-a949-313c6ebe996a.__CR0,0,315,145_PT0_SX315_V1___.jpg\">  <\/p>\n<p>  Seit \u00fcber einem Jahrzehnt ist UNINELL ein weltweit anerkannter Ma\u00dfstab f\u00fcr Reinigungsger\u00e4te, der sich konsequent auf Qualit\u00e4t und den Einsatz von Technologien konzentriert, um bequeme und komfortable Reinigungserlebnisse zu Hause zu bieten. <\/p>\n<p>  Heute ist UNINELL ein vertrauensw\u00fcrdiger Reinigungsbegleiter in Millionen von Haushalten weltweit und hat sich zum Ziel gesetzt, durch Innovation und Zuverl\u00e4ssigkeit ein besseres Wohnumfeld zu schaffen. <\/p>\n<p>                                              <img decoding=\"async\" alt=\"Aplus-Inhaltsbild\" src=\"https:\/\/images-na.ssl-images-amazon.com\/images\/G\/01\/x-locale\/common\/grey-pixel.gif\" class=\"a-lazy-loaded\" data-src=\"https:\/\/m.media-amazon.com\/images\/S\/aplus-media-library-service-media\/2a8e1cb6-285d-4cf8-92d9-dca929514d43.__CR0,0,1448,1812_PT0_SX362_V1___.png\"><img decoding=\"async\" alt=\"Aplus-Inhaltsbild\" src=\"https:\/\/m.media-amazon.com\/images\/S\/aplus-media-library-service-media\/2a8e1cb6-285d-4cf8-92d9-dca929514d43.__CR0,0,1448,1812_PT0_SX362_V1___.png\">  <\/p>\n<p>                                              <img decoding=\"async\" alt=\"Eine Reihe von Bildern, die einen Roboterstaubsauger in Aktion auf einem hellen Boden zeigen, wobei in einigen Bereichen die Ladestation sichtbar ist. Zeigt die autonomen Navigationsf\u00e4higkeiten des Ger\u00e4ts an.\" src=\"https:\/\/images-na.ssl-images-amazon.com\/images\/G\/01\/x-locale\/common\/grey-pixel.gif\" class=\"a-lazy-loaded\" data-src=\"https:\/\/m.media-amazon.com\/images\/S\/aplus-media-library-service-media\/b11ad4e6-542b-4e39-8361-32ec2f373219.__CR0,0,362,453_PT0_SX362_V1___.jpg\"><img decoding=\"async\" alt=\"Eine Reihe von Bildern, die einen Roboterstaubsauger in Aktion auf einem hellen Boden zeigen, wobei in einigen Bereichen die Ladestation sichtbar ist. Zeigt die autonomen Navigationsf\u00e4higkeiten des Ger\u00e4ts an.\" src=\"https:\/\/m.media-amazon.com\/images\/S\/aplus-media-library-service-media\/b11ad4e6-542b-4e39-8361-32ec2f373219.__CR0,0,362,453_PT0_SX362_V1___.jpg\">  <\/p>\n<p>                                              <img decoding=\"async\" alt=\"Aplus-Inhaltsbild\" src=\"https:\/\/images-na.ssl-images-amazon.com\/images\/G\/01\/x-locale\/common\/grey-pixel.gif\" class=\"a-lazy-loaded\" data-src=\"https:\/\/m.media-amazon.com\/images\/S\/aplus-media-library-service-media\/c509be7f-f8dc-442e-a42c-610496c8e383.__CR0,0,362,453_PT0_SX362_V1___.jpg\"><img decoding=\"async\" alt=\"Aplus-Inhaltsbild\" src=\"https:\/\/m.media-amazon.com\/images\/S\/aplus-media-library-service-media\/c509be7f-f8dc-442e-a42c-610496c8e383.__CR0,0,362,453_PT0_SX362_V1___.jpg\">  <\/p>\n<p>5000 Pa Saugkraft und 3-in-1-Funktion: Der Uninell UR1 Roboterstaubsauger mit Wischfunktion verf\u00fcgt \u00fcber eine starke Saugkraft von 5000 Pa und entfernt effektiv tiefsitzenden Staub, Tierhaare und hartn\u00e4ckige Flecken vom Boden. Er kombiniert Staubsaugen, Kehren und Wischen und verf\u00fcgt \u00fcber drei Saugleistungsstufen und einen verstellbaren Wassertank zur Anpassung an unterschiedliche Bodenarten und Verschmutzungsgrade. F\u00fcr Teppiche, Hartb\u00f6den und zum Entfernen von Tierhaaren.<br \/>Autoteppich-Boost und Anti-Ball-Design: Keine Lust mehr auf fliegende Haare? Dabei hilft Ihnen der Roboterstaubsauger UR1 mit Wischfunktion. Es erkennt Teppiche auf intelligente Weise und erh\u00f6ht sofort die Saugkraft, um festsitzende Tierhaare zu entfernen. Die spezielle V-f\u00f6rmige Anti-Kugel-Rolle verhindert wirksam das Aufwickeln der Haare. Mit einem gro\u00dfz\u00fcgigen 450-ml-Beh\u00e4lter und HEPA-Filter werden 99,9 % der Allergene aufgefangen.<br \/>Ultraflache 7,6 cm und 180 Minuten Laufzeit: Erreichen Sie unzug\u00e4ngliche Stellen. Mit seinem ultraschlanken 7,6-cm-Geh\u00e4use gleitet der Roboterstaubsauger UR1 m\u00fchelos unter Betten, Sofas und Schr\u00e4nken, um versteckten Schmutz zu beseitigen. Ausgestattet mit einem leistungsstarken 2600-mAh-Akku bietet das Kombimodell (Saugen und Wischen) bis zu 180 Minuten Laufzeit pro Ladung und reinigt Fl\u00e4chen von bis zu 200 m\u00b2 \u2013 f\u00fcr eine m\u00fchelose Gesamtreinigung Ihres Zuhauses.<br \/>4 intuitive Steuerungsoptionen und intelligentes automatisches Nachladen: Behalten Sie die volle Kontrolle auf Ihre Weise. Bedienen Sie den UR1 Roboterstaubsauger mit Wischfunktion per Sprachbefehl (Alexa), Smartphone-App (Smartlife- oder Tuya-App), Fernbedienung oder physischen Tasten. Die Fernbedienung erm\u00f6glicht eine einfache, WLAN-freie Bedienung, ideal f\u00fcr Senioren.<br \/>Gyro-Navigation und leise, umfassende Reinigung: effiziente Reinigung in jeder Ecke, leise. Das fortschrittliche Gyroskop-Navigationssystem sorgt daf\u00fcr, dass der Roboterstaubsauger jede Oberfl\u00e4che systematisch abdeckt und keine Flecken hinterl\u00e4sst. Der Roboterstaubsauger UR1 bietet 4 Reinigungsmodi (Auto, Spot, Kanten, Zufall) und arbeitet leise im Hintergrund mit weniger als 50 dB, ohne Ihre Ruhe zu st\u00f6ren.<br \/>Uninell Roboterstaubsauger mit Wischfunktion legen gro\u00dfen Wert auf Produktqualit\u00e4t und Kundenzufriedenheit. Wir bieten 2 Jahre Garantie und lebenslangen technischen Support. Unser Kundendienstteam wird Ihnen innerhalb von 24 Stunden antworten. Wenn Sie Fragen oder Anregungen haben, k\u00f6nnen Sie sich jederzeit gerne an uns wenden. Vielen Dank, dass Sie sich f\u00fcr Uninell entschieden haben<br \/>Vielseitiges Zubeh\u00f6r: 1 x Bedienungsanleitung; 1 x Fernbedienung; 1 x UR1 Roboter; 1 x Ladestation; 1 x Netzteil; 1 x HEPA-Filter; 1 x Seitenb\u00fcrste; 1 x Reinigungsb\u00fcrste; 1 x Wischerhalter (mit Wischtuch); 1 x zus\u00e4tzliches Wischtuch; 2 x AAA-Batterien<\/p>\n<p>[ad_2]<\/p>\n","protected":false},"excerpt":{"rendered":"<p>Von der Marke Seit \u00fcber einem Jahrzehnt ist UNINELL ein weltweit anerkannter Ma\u00dfstab f\u00fcr Reinigungsger\u00e4te, der sich konsequent auf Qualit\u00e4t und den Einsatz von Technologien konzentriert, um bequeme und komfortable Reinigungserlebnisse zu Hause zu bieten. Heute ist UNINELL ein vertrauensw\u00fcrdiger Reinigungsbegleiter in Millionen von Haushalten weltweit und hat sich zum Ziel gesetzt, durch Innovation und [&hellip;]<\/p>\n","protected":false},"featured_media":3065,"comment_status":"open","ping_status":"closed","template":"","meta":{"_aipt_faq_data":""},"store":[],"product_brand":[249],"product_cat":[76],"product_tag":[248],"class_list":{"0":"post-3064","1":"product","2":"type-product","3":"status-publish","4":"has-post-thumbnail","6":"product_brand-uninell","7":"product_cat-staubsauger-roboter-mit-wischfunktion","8":"product_tag-staubsauger-roboter-mit-wischfunktion-app-steuerung","10":"first","11":"instock","12":"sale","13":"shipping-taxable","14":"product-type-external"},"yoast_head":"<!-- This site is optimized with the Yoast SEO plugin v27.0 - https:\/\/yoast.com\/product\/yoast-seo-wordpress\/ -->\n<title>Saugroboter mit Wischfunktion 5000 Pa, Staubsaugerroboter 3 in 1 mit 180 min Laufzeit, Saugroboter mit Autoteppich-Boost, Saugroboter f\u00fcr Tierhaare, Teppich - EasyLifeBro<\/title>\n<meta name=\"description\" content=\"Entdecken Sie smarte Roboter f\u00fcr Zuhause, Garten, Bildung und Sicherheit. Vergleichen Sie Saugroboter, Rasenm\u00e4hroboter, KI-Begleitroboter und mehr bei EasyLifeRobo.\" \/>\n<meta name=\"robots\" content=\"index, follow, max-snippet:-1, max-image-preview:large, max-video-preview:-1\" \/>\n<link rel=\"canonical\" href=\"https:\/\/easyliferobo.com\/de\/product\/saugroboter-mit-wischfunktion-5000-pa-staubsaugerroboter-3-in-1-mit-180-min-laufzeit-saugroboter-mit-autoteppich-boost-saugroboter-fuer-tierhaare-teppich\/\" \/>\n<meta property=\"og:locale\" content=\"de_DE\" \/>\n<meta property=\"og:type\" content=\"article\" \/>\n<meta property=\"og:title\" content=\"Saugroboter mit Wischfunktion 5000 Pa, Staubsaugerroboter 3 in 1 mit 180 min Laufzeit, Saugroboter mit Autoteppich-Boost, Saugroboter f\u00fcr Tierhaare, Teppich - EasyLifeBro\" \/>\n<meta property=\"og:description\" content=\"Entdecken Sie smarte Roboter f\u00fcr Zuhause, Garten, Bildung und Sicherheit. Vergleichen Sie Saugroboter, Rasenm\u00e4hroboter, KI-Begleitroboter und mehr bei EasyLifeRobo.\" \/>\n<meta property=\"og:url\" content=\"https:\/\/easyliferobo.com\/de\/product\/saugroboter-mit-wischfunktion-5000-pa-staubsaugerroboter-3-in-1-mit-180-min-laufzeit-saugroboter-mit-autoteppich-boost-saugroboter-fuer-tierhaare-teppich\/\" \/>\n<meta property=\"og:site_name\" content=\"EasyLifeBro\" \/>\n<meta property=\"article:modified_time\" content=\"2026-02-27T05:59:22+00:00\" \/>\n<meta property=\"og:image\" content=\"https:\/\/images-na.ssl-images-amazon.com\/images\/G\/01\/x-locale\/common\/grey-pixel.gif\" \/>\n<meta name=\"twitter:card\" content=\"summary_large_image\" \/>\n<meta name=\"twitter:label1\" content=\"Gesch\u00e4tzte Lesezeit\" \/>\n\t<meta name=\"twitter:data1\" content=\"2\u00a0Minuten\" \/>\n<script type=\"application\/ld+json\" class=\"yoast-schema-graph\">{\"@context\":\"https:\/\/schema.org\",\"@graph\":[{\"@type\":\"WebPage\",\"@id\":\"https:\/\/easyliferobo.com\/de\/product\/saugroboter-mit-wischfunktion-5000-pa-staubsaugerroboter-3-in-1-mit-180-min-laufzeit-saugroboter-mit-autoteppich-boost-saugroboter-fuer-tierhaare-teppich\/\",\"url\":\"https:\/\/easyliferobo.com\/de\/product\/saugroboter-mit-wischfunktion-5000-pa-staubsaugerroboter-3-in-1-mit-180-min-laufzeit-saugroboter-mit-autoteppich-boost-saugroboter-fuer-tierhaare-teppich\/\",\"name\":\"Saugroboter mit Wischfunktion 5000 Pa, Staubsaugerroboter 3 in 1 mit 180 min Laufzeit, Saugroboter mit Autoteppich-Boost, Saugroboter f\u00fcr Tierhaare, Teppich - EasyLifeBro\",\"isPartOf\":{\"@id\":\"https:\/\/easyliferobo.com\/de\/#website\"},\"primaryImageOfPage\":{\"@id\":\"https:\/\/easyliferobo.com\/de\/product\/saugroboter-mit-wischfunktion-5000-pa-staubsaugerroboter-3-in-1-mit-180-min-laufzeit-saugroboter-mit-autoteppich-boost-saugroboter-fuer-tierhaare-teppich\/#primaryimage\"},\"image\":{\"@id\":\"https:\/\/easyliferobo.com\/de\/product\/saugroboter-mit-wischfunktion-5000-pa-staubsaugerroboter-3-in-1-mit-180-min-laufzeit-saugroboter-mit-autoteppich-boost-saugroboter-fuer-tierhaare-teppich\/#primaryimage\"},\"thumbnailUrl\":\"https:\/\/easyliferobo.com\/de\/wp-content\/uploads\/2026\/02\/81g4zdn1Q3L._AC_SL1500_.jpg\",\"datePublished\":\"2026-02-27T05:59:04+00:00\",\"dateModified\":\"2026-02-27T05:59:22+00:00\",\"description\":\"Entdecken Sie smarte Roboter f\u00fcr Zuhause, Garten, Bildung und Sicherheit. Vergleichen Sie Saugroboter, Rasenm\u00e4hroboter, KI-Begleitroboter und mehr bei EasyLifeRobo.\",\"breadcrumb\":{\"@id\":\"https:\/\/easyliferobo.com\/de\/product\/saugroboter-mit-wischfunktion-5000-pa-staubsaugerroboter-3-in-1-mit-180-min-laufzeit-saugroboter-mit-autoteppich-boost-saugroboter-fuer-tierhaare-teppich\/#breadcrumb\"},\"inLanguage\":\"de\",\"potentialAction\":[{\"@type\":\"ReadAction\",\"target\":[\"https:\/\/easyliferobo.com\/de\/product\/saugroboter-mit-wischfunktion-5000-pa-staubsaugerroboter-3-in-1-mit-180-min-laufzeit-saugroboter-mit-autoteppich-boost-saugroboter-fuer-tierhaare-teppich\/\"]}]},{\"@type\":\"ImageObject\",\"inLanguage\":\"de\",\"@id\":\"https:\/\/easyliferobo.com\/de\/product\/saugroboter-mit-wischfunktion-5000-pa-staubsaugerroboter-3-in-1-mit-180-min-laufzeit-saugroboter-mit-autoteppich-boost-saugroboter-fuer-tierhaare-teppich\/#primaryimage\",\"url\":\"https:\/\/easyliferobo.com\/de\/wp-content\/uploads\/2026\/02\/81g4zdn1Q3L._AC_SL1500_.jpg\",\"contentUrl\":\"https:\/\/easyliferobo.com\/de\/wp-content\/uploads\/2026\/02\/81g4zdn1Q3L._AC_SL1500_.jpg\",\"width\":1500,\"height\":1498},{\"@type\":\"BreadcrumbList\",\"@id\":\"https:\/\/easyliferobo.com\/de\/product\/saugroboter-mit-wischfunktion-5000-pa-staubsaugerroboter-3-in-1-mit-180-min-laufzeit-saugroboter-mit-autoteppich-boost-saugroboter-fuer-tierhaare-teppich\/#breadcrumb\",\"itemListElement\":[{\"@type\":\"ListItem\",\"position\":1,\"name\":\"Home\",\"item\":\"https:\/\/easyliferobo.com\/de\/\"},{\"@type\":\"ListItem\",\"position\":2,\"name\":\"Shop\",\"item\":\"https:\/\/easyliferobo.com\/de\/shop\/\"},{\"@type\":\"ListItem\",\"position\":3,\"name\":\"Saugroboter mit Wischfunktion 5000 ...\"}]},{\"@type\":\"WebSite\",\"@id\":\"https:\/\/easyliferobo.com\/de\/#website\",\"url\":\"https:\/\/easyliferobo.com\/de\/\",\"name\":\"EasyLifeBro\",\"description\":\"Smarte Roboter f\u00fcr Zuhause, Garten &amp; Bildung\",\"publisher\":{\"@id\":\"https:\/\/easyliferobo.com\/de\/#organization\"},\"potentialAction\":[{\"@type\":\"SearchAction\",\"target\":{\"@type\":\"EntryPoint\",\"urlTemplate\":\"https:\/\/easyliferobo.com\/de\/?s={search_term_string}\"},\"query-input\":{\"@type\":\"PropertyValueSpecification\",\"valueRequired\":true,\"valueName\":\"search_term_string\"}}],\"inLanguage\":\"de\"},{\"@type\":\"Organization\",\"@id\":\"https:\/\/easyliferobo.com\/de\/#organization\",\"name\":\"EasyLifeBro\",\"url\":\"https:\/\/easyliferobo.com\/de\/\",\"logo\":{\"@type\":\"ImageObject\",\"inLanguage\":\"de\",\"@id\":\"https:\/\/easyliferobo.com\/de\/#\/schema\/logo\/image\/\",\"url\":\"https:\/\/easyliferobo.com\/de\/wp-content\/uploads\/2026\/02\/Screenshot-2026-02-22-at-2.25.03-PM.png\",\"contentUrl\":\"https:\/\/easyliferobo.com\/de\/wp-content\/uploads\/2026\/02\/Screenshot-2026-02-22-at-2.25.03-PM.png\",\"width\":1858,\"height\":430,\"caption\":\"EasyLifeBro\"},\"image\":{\"@id\":\"https:\/\/easyliferobo.com\/de\/#\/schema\/logo\/image\/\"}}]}<\/script>\n<!-- \/ Yoast SEO plugin. -->","yoast_head_json":{"title":"Saugroboter mit Wischfunktion 5000 Pa, Staubsaugerroboter 3 in 1 mit 180 min Laufzeit, Saugroboter mit Autoteppich-Boost, Saugroboter f\u00fcr Tierhaare, Teppich - EasyLifeBro","description":"Entdecken Sie smarte Roboter f\u00fcr Zuhause, Garten, Bildung und Sicherheit. Vergleichen Sie Saugroboter, Rasenm\u00e4hroboter, KI-Begleitroboter und mehr bei EasyLifeRobo.","robots":{"index":"index","follow":"follow","max-snippet":"max-snippet:-1","max-image-preview":"max-image-preview:large","max-video-preview":"max-video-preview:-1"},"canonical":"https:\/\/easyliferobo.com\/de\/product\/saugroboter-mit-wischfunktion-5000-pa-staubsaugerroboter-3-in-1-mit-180-min-laufzeit-saugroboter-mit-autoteppich-boost-saugroboter-fuer-tierhaare-teppich\/","og_locale":"de_DE","og_type":"article","og_title":"Saugroboter mit Wischfunktion 5000 Pa, Staubsaugerroboter 3 in 1 mit 180 min Laufzeit, Saugroboter mit Autoteppich-Boost, Saugroboter f\u00fcr Tierhaare, Teppich - EasyLifeBro","og_description":"Entdecken Sie smarte Roboter f\u00fcr Zuhause, Garten, Bildung und Sicherheit. Vergleichen Sie Saugroboter, Rasenm\u00e4hroboter, KI-Begleitroboter und mehr bei EasyLifeRobo.","og_url":"https:\/\/easyliferobo.com\/de\/product\/saugroboter-mit-wischfunktion-5000-pa-staubsaugerroboter-3-in-1-mit-180-min-laufzeit-saugroboter-mit-autoteppich-boost-saugroboter-fuer-tierhaare-teppich\/","og_site_name":"EasyLifeBro","article_modified_time":"2026-02-27T05:59:22+00:00","og_image":[{"url":"https:\/\/images-na.ssl-images-amazon.com\/images\/G\/01\/x-locale\/common\/grey-pixel.gif","type":"","width":"","height":""}],"twitter_card":"summary_large_image","twitter_misc":{"Gesch\u00e4tzte Lesezeit":"2\u00a0Minuten"},"schema":{"@context":"https:\/\/schema.org","@graph":[{"@type":"WebPage","@id":"https:\/\/easyliferobo.com\/de\/product\/saugroboter-mit-wischfunktion-5000-pa-staubsaugerroboter-3-in-1-mit-180-min-laufzeit-saugroboter-mit-autoteppich-boost-saugroboter-fuer-tierhaare-teppich\/","url":"https:\/\/easyliferobo.com\/de\/product\/saugroboter-mit-wischfunktion-5000-pa-staubsaugerroboter-3-in-1-mit-180-min-laufzeit-saugroboter-mit-autoteppich-boost-saugroboter-fuer-tierhaare-teppich\/","name":"Saugroboter mit Wischfunktion 5000 Pa, Staubsaugerroboter 3 in 1 mit 180 min Laufzeit, Saugroboter mit Autoteppich-Boost, Saugroboter f\u00fcr Tierhaare, Teppich - EasyLifeBro","isPartOf":{"@id":"https:\/\/easyliferobo.com\/de\/#website"},"primaryImageOfPage":{"@id":"https:\/\/easyliferobo.com\/de\/product\/saugroboter-mit-wischfunktion-5000-pa-staubsaugerroboter-3-in-1-mit-180-min-laufzeit-saugroboter-mit-autoteppich-boost-saugroboter-fuer-tierhaare-teppich\/#primaryimage"},"image":{"@id":"https:\/\/easyliferobo.com\/de\/product\/saugroboter-mit-wischfunktion-5000-pa-staubsaugerroboter-3-in-1-mit-180-min-laufzeit-saugroboter-mit-autoteppich-boost-saugroboter-fuer-tierhaare-teppich\/#primaryimage"},"thumbnailUrl":"https:\/\/easyliferobo.com\/de\/wp-content\/uploads\/2026\/02\/81g4zdn1Q3L._AC_SL1500_.jpg","datePublished":"2026-02-27T05:59:04+00:00","dateModified":"2026-02-27T05:59:22+00:00","description":"Entdecken Sie smarte Roboter f\u00fcr Zuhause, Garten, Bildung und Sicherheit. Vergleichen Sie Saugroboter, Rasenm\u00e4hroboter, KI-Begleitroboter und mehr bei EasyLifeRobo.","breadcrumb":{"@id":"https:\/\/easyliferobo.com\/de\/product\/saugroboter-mit-wischfunktion-5000-pa-staubsaugerroboter-3-in-1-mit-180-min-laufzeit-saugroboter-mit-autoteppich-boost-saugroboter-fuer-tierhaare-teppich\/#breadcrumb"},"inLanguage":"de","potentialAction":[{"@type":"ReadAction","target":["https:\/\/easyliferobo.com\/de\/product\/saugroboter-mit-wischfunktion-5000-pa-staubsaugerroboter-3-in-1-mit-180-min-laufzeit-saugroboter-mit-autoteppich-boost-saugroboter-fuer-tierhaare-teppich\/"]}]},{"@type":"ImageObject","inLanguage":"de","@id":"https:\/\/easyliferobo.com\/de\/product\/saugroboter-mit-wischfunktion-5000-pa-staubsaugerroboter-3-in-1-mit-180-min-laufzeit-saugroboter-mit-autoteppich-boost-saugroboter-fuer-tierhaare-teppich\/#primaryimage","url":"https:\/\/easyliferobo.com\/de\/wp-content\/uploads\/2026\/02\/81g4zdn1Q3L._AC_SL1500_.jpg","contentUrl":"https:\/\/easyliferobo.com\/de\/wp-content\/uploads\/2026\/02\/81g4zdn1Q3L._AC_SL1500_.jpg","width":1500,"height":1498},{"@type":"BreadcrumbList","@id":"https:\/\/easyliferobo.com\/de\/product\/saugroboter-mit-wischfunktion-5000-pa-staubsaugerroboter-3-in-1-mit-180-min-laufzeit-saugroboter-mit-autoteppich-boost-saugroboter-fuer-tierhaare-teppich\/#breadcrumb","itemListElement":[{"@type":"ListItem","position":1,"name":"Home","item":"https:\/\/easyliferobo.com\/de\/"},{"@type":"ListItem","position":2,"name":"Shop","item":"https:\/\/easyliferobo.com\/de\/shop\/"},{"@type":"ListItem","position":3,"name":"Saugroboter mit Wischfunktion 5000 ..."}]},{"@type":"WebSite","@id":"https:\/\/easyliferobo.com\/de\/#website","url":"https:\/\/easyliferobo.com\/de\/","name":"EasyLifeBro","description":"Smarte Roboter f\u00fcr Zuhause, Garten &amp; Bildung","publisher":{"@id":"https:\/\/easyliferobo.com\/de\/#organization"},"potentialAction":[{"@type":"SearchAction","target":{"@type":"EntryPoint","urlTemplate":"https:\/\/easyliferobo.com\/de\/?s={search_term_string}"},"query-input":{"@type":"PropertyValueSpecification","valueRequired":true,"valueName":"search_term_string"}}],"inLanguage":"de"},{"@type":"Organization","@id":"https:\/\/easyliferobo.com\/de\/#organization","name":"EasyLifeBro","url":"https:\/\/easyliferobo.com\/de\/","logo":{"@type":"ImageObject","inLanguage":"de","@id":"https:\/\/easyliferobo.com\/de\/#\/schema\/logo\/image\/","url":"https:\/\/easyliferobo.com\/de\/wp-content\/uploads\/2026\/02\/Screenshot-2026-02-22-at-2.25.03-PM.png","contentUrl":"https:\/\/easyliferobo.com\/de\/wp-content\/uploads\/2026\/02\/Screenshot-2026-02-22-at-2.25.03-PM.png","width":1858,"height":430,"caption":"EasyLifeBro"},"image":{"@id":"https:\/\/easyliferobo.com\/de\/#\/schema\/logo\/image\/"}}]}},"_links":{"self":[{"href":"https:\/\/easyliferobo.com\/de\/wp-json\/wp\/v2\/product\/3064","targetHints":{"allow":["GET"]}}],"collection":[{"href":"https:\/\/easyliferobo.com\/de\/wp-json\/wp\/v2\/product"}],"about":[{"href":"https:\/\/easyliferobo.com\/de\/wp-json\/wp\/v2\/types\/product"}],"replies":[{"embeddable":true,"href":"https:\/\/easyliferobo.com\/de\/wp-json\/wp\/v2\/comments?post=3064"}],"wp:featuredmedia":[{"embeddable":true,"href":"https:\/\/easyliferobo.com\/de\/wp-json\/wp\/v2\/media\/3065"}],"wp:attachment":[{"href":"https:\/\/easyliferobo.com\/de\/wp-json\/wp\/v2\/media?parent=3064"}],"wp:term":[{"taxonomy":"store","embeddable":true,"href":"https:\/\/easyliferobo.com\/de\/wp-json\/wp\/v2\/store?post=3064"},{"taxonomy":"product_brand","embeddable":true,"href":"https:\/\/easyliferobo.com\/de\/wp-json\/wp\/v2\/product_brand?post=3064"},{"taxonomy":"product_cat","embeddable":true,"href":"https:\/\/easyliferobo.com\/de\/wp-json\/wp\/v2\/product_cat?post=3064"},{"taxonomy":"product_tag","embeddable":true,"href":"https:\/\/easyliferobo.com\/de\/wp-json\/wp\/v2\/product_tag?post=3064"}],"curies":[{"name":"wp","href":"https:\/\/api.w.org\/{rel}","templated":true}]}}