
{"id":3055,"date":"2026-02-27T05:58:01","date_gmt":"2026-02-27T05:58:01","guid":{"rendered":"https:\/\/easyliferobo.com\/de\/product\/technik-roboterbauspielzeug-fuer-kinder-5-in-1-roboter-mit-app-ferngesteuertem-technic-wall-robotics-kit-mit-16-led-gesichtsausdruecken-373-teile-rc-programmierbares-roboterspielzeug-geschenk-fuer\/"},"modified":"2026-02-27T05:58:18","modified_gmt":"2026-02-27T05:58:18","slug":"technik-roboterbauspielzeug-fuer-kinder-5-in-1-roboter-mit-app-ferngesteuertem-technic-wall-robotics-kit-mit-16-led-gesichtsausdruecken-373-teile-rc-programmierbares-roboterspielzeug-geschenk-fuer","status":"publish","type":"product","link":"https:\/\/easyliferobo.com\/de\/product\/technik-roboterbauspielzeug-fuer-kinder-5-in-1-roboter-mit-app-ferngesteuertem-technic-wall-robotics-kit-mit-16-led-gesichtsausdruecken-373-teile-rc-programmierbares-roboterspielzeug-geschenk-fuer\/","title":{"rendered":"Technik Roboterbauspielzeug f\u00fcr Ki..."},"content":{"rendered":"<p>\n                                             Produktbeschreibung Das Video zeigt das Produkt im Einsatz. Das Video f\u00fchrt Sie durch die Produkteinrichtung. Das Video vergleicht mehrere Produkte. Das Video zeigt das Auspacken des Produkts. Lego Roboter Kinder Merchant Video<\/p>\n<p>                                                                                                       <img decoding=\"async\" alt=\"Aplus-Inhaltsbild\" src=\"https:\/\/images-na.ssl-images-amazon.com\/images\/G\/01\/x-locale\/common\/grey-pixel.gif\" class=\"a-lazy-loaded\" data-src=\"https:\/\/m.media-amazon.com\/images\/S\/aplus-media-library-service-media\/1519978b-724c-4d0d-8056-806448ac1b48.__CR0,0,1464,600_PT0_SX1464_V1___.jpg\"><img decoding=\"async\" alt=\"Aplus-Inhaltsbild\" src=\"https:\/\/m.media-amazon.com\/images\/S\/aplus-media-library-service-media\/1519978b-724c-4d0d-8056-806448ac1b48.__CR0,0,1464,600_PT0_SX1464_V1___.jpg\">                                               <\/p>\n<p>                                                                                                       <img decoding=\"async\" alt=\"Der Text lautet \u201e5-in-1-Designs: Einfacher Aufbau, anspruchsvolle Umbauten\u201c. Gelber Hintergrund mit einer Folge von Fahrzeugbauschritten mit schwarzen Silhouetten.\" src=\"https:\/\/images-na.ssl-images-amazon.com\/images\/G\/01\/x-locale\/common\/grey-pixel.gif\" class=\"a-lazy-loaded\" data-src=\"https:\/\/m.media-amazon.com\/images\/S\/aplus-media-library-service-media\/3a87a34d-64ee-47df-a6b5-54a3885f463d.__CR0,0,1464,600_PT0_SX1464_V1___.jpg\"><img decoding=\"async\" alt=\"Der Text lautet \u201e5-in-1-Designs: Einfacher Aufbau, anspruchsvolle Umbauten\u201c. Gelber Hintergrund mit einer Folge von Fahrzeugbauschritten mit schwarzen Silhouetten.\" src=\"https:\/\/m.media-amazon.com\/images\/S\/aplus-media-library-service-media\/3a87a34d-64ee-47df-a6b5-54a3885f463d.__CR0,0,1464,600_PT0_SX1464_V1___.jpg\">                                               <\/p>\n<p>                                                                                  <img decoding=\"async\" alt=\"Aplus-Inhaltsbild\" src=\"https:\/\/m.media-amazon.com\/images\/S\/aplus-media-library-service-media\/1ce049dc-a271-4a1c-88e7-a1786df5c1f4.__CR0,0,1464,600_PT0_SX1464_V1___.jpg\">       <\/p>\n<p>                                                                                  <img decoding=\"async\" alt=\"Aplus-Inhaltsbild\" src=\"https:\/\/m.media-amazon.com\/images\/S\/aplus-media-library-service-media\/91696d6a-a75e-4d40-bf7b-d9751beb58b7.__CR0,0,1464,600_PT0_SX1464_V1___.jpg\">       <\/p>\n<p>                                                                                  <img decoding=\"async\" alt=\"Aplus-Inhaltsbild\" src=\"https:\/\/m.media-amazon.com\/images\/S\/aplus-media-library-service-media\/4516514f-2831-4d06-b170-e9a21c9dcf92.__CR0,0,1464,600_PT0_SX1464_V1___.jpg\">       <\/p>\n<p>                                                                                                       <img decoding=\"async\" alt=\"Aplus-Inhaltsbild\" src=\"https:\/\/images-na.ssl-images-amazon.com\/images\/G\/01\/x-locale\/common\/grey-pixel.gif\" class=\"a-lazy-loaded\" data-src=\"https:\/\/m.media-amazon.com\/images\/S\/aplus-media-library-service-media\/5d374185-b4f8-43d2-8a9e-0f67691facb7.__CR0,0,1464,600_PT0_SX1464_V1___.jpg\"><img decoding=\"async\" alt=\"Aplus-Inhaltsbild\" src=\"https:\/\/m.media-amazon.com\/images\/S\/aplus-media-library-service-media\/5d374185-b4f8-43d2-8a9e-0f67691facb7.__CR0,0,1464,600_PT0_SX1464_V1___.jpg\">                                               <\/p>\n<p>                                                                                                       <img decoding=\"async\" alt=\"Der Text lautet \u201eWAS IST IN DER BOX\u201c. Produktpr\u00e4sentation mit mehreren elektronischen Ger\u00e4ten und Zubeh\u00f6r im dunklen Pr\u00e4sentationsstil.\" src=\"https:\/\/images-na.ssl-images-amazon.com\/images\/G\/01\/x-locale\/common\/grey-pixel.gif\" class=\"a-lazy-loaded\" data-src=\"https:\/\/m.media-amazon.com\/images\/S\/aplus-media-library-service-media\/0bd44b0c-6754-4b0e-8ea8-934f148fe7e2.__CR0,0,1464,600_PT0_SX1464_V1___.jpg\"><img decoding=\"async\" alt=\"Der Text lautet \u201eWAS IST IN DER BOX\u201c. Produktpr\u00e4sentation mit mehreren elektronischen Ger\u00e4ten und Zubeh\u00f6r im dunklen Pr\u00e4sentationsstil.\" src=\"https:\/\/m.media-amazon.com\/images\/S\/aplus-media-library-service-media\/0bd44b0c-6754-4b0e-8ea8-934f148fe7e2.__CR0,0,1464,600_PT0_SX1464_V1___.jpg\">                                               <\/p>\n<p>                                                                                                       <img decoding=\"async\" alt=\"Aplus-Inhaltsbild\" src=\"https:\/\/images-na.ssl-images-amazon.com\/images\/G\/01\/x-locale\/common\/grey-pixel.gif\" class=\"a-lazy-loaded\" data-src=\"https:\/\/m.media-amazon.com\/images\/S\/aplus-media-library-service-media\/8d948a78-a2b1-44cb-8e0e-143666ecd1d0.__CR0,0,1464,600_PT0_SX1464_V1___.jpg\"><img decoding=\"async\" alt=\"Aplus-Inhaltsbild\" src=\"https:\/\/m.media-amazon.com\/images\/S\/aplus-media-library-service-media\/8d948a78-a2b1-44cb-8e0e-143666ecd1d0.__CR0,0,1464,600_PT0_SX1464_V1___.jpg\">                                               <\/p>\n<p>5-in-1-Technik-Roboterbausatz f\u00fcr Kinder mit 16 dynamischen LED-Gesichtsausdr\u00fccken: Die digitalen LED-Augen dieses Wand-Emo-Roboters erwecken ihn durch Blinken und 16 ausdrucksstarke Gesichtsausdr\u00fccke zum Leben. Entwerfen und passen Sie f\u00fcnf einzigartige Modelle an: Wandroboter, Hengli-Roboter, Ouli-Roboter, Power-Roboter und Jili-Roboter. Vielseitige Konstruktionsm\u00f6glichkeiten wecken Fantasie und Sch\u00f6pfer auf eine Reise grenzenloser Kreativit\u00e4t. Produktabmessungen: 18 cm x 15 cm x 15 cm<br \/>STEM-Lernen und Gedankenst\u00fcrme: Dieses Technologieroboter-Bauset kombiniert Bausteine, Fernbedienung, App-Steuerung und grundlegende programmierbare Roboter, um die Kreativit\u00e4t von Kindern durch spielerisches Lernen zu f\u00f6rdern. Ferngesteuertes Roboterspielzeug f\u00f6rdert handwerkliches Geschick, Programmierkenntnisse und Fantasie.<br \/>2,4-GHz-Fernbedienung und Bluetooth-App-Steuerung: Der Roboterbausatz l\u00e4sst sich ganz einfach per Fernbedienung oder App steuern und bietet vier Spielmodi: Steuermodus, Fahrmodus, Pfadmodus und STEM-Programmiermodus. Der ferngesteuerte Wandroboter hat eine stabile Konstruktion, eine angemessene Geschwindigkeit, eine sanfte 360-Grad-Drehung und ist robust genug f\u00fcr aktives Spielen.<br \/>Weihnachtsgeschenk f\u00fcr Kinder und Jugendliche: Auf der Suche nach dem idealen Geschenk f\u00fcr einen Teenager? Dieser programmierbare Roboter ist das perfekte Geschenk zum Geburtstag, zu Weihnachten, als Belohnung f\u00fcr Erfolge oder f\u00fcr jeden besonderen Anlass. Durch gemeinsames Bauen und Erkunden kann das Robotikzubeh\u00f6r dazu beitragen, die famili\u00e4re Bindung zu st\u00e4rken und gleichzeitig die Bildschirmzeit der Kinder zu verk\u00fcrzen.<br \/>Einfache Montageanleitung: Der Technic-Roboter f\u00fcr Kinder enth\u00e4lt klare Schritt-f\u00fcr-Schritt-Anleitungen, die es Kindern erm\u00f6glichen, ihn einfach und selbstst\u00e4ndig zusammenzubauen. Ob allein oder gemeinsam mit der Familie \u2013 beim Bau des Roboterbausatzes k\u00f6nnen Kinder Selbstvertrauen entwickeln und wertvolle F\u00e4higkeiten erlernen.<br \/>Lager in Deutschland: Als lokaler deutscher H\u00e4ndler k\u00fcmmern wir uns um verlorenes Zubeh\u00f6r f\u00fcr den Wandroboter. Wir bieten einen hervorragenden Kundenservice, sorgen f\u00fcr die Vollst\u00e4ndigkeit des Robotersets und sorgen f\u00fcr ungest\u00f6rten Spielspa\u00df f\u00fcr Ihr Kind<\/p>\n<p>[ad_2]<\/p>\n","protected":false},"excerpt":{"rendered":"<p>Produktbeschreibung Das Video zeigt das Produkt im Einsatz. Das Video f\u00fchrt Sie durch die Produkteinrichtung. Das Video vergleicht mehrere Produkte. Das Video zeigt das Auspacken des Produkts. Lego Roboter Kinder Merchant Video 5-in-1-Technik-Roboterbausatz f\u00fcr Kinder mit 16 dynamischen LED-Gesichtsausdr\u00fccken: Die digitalen LED-Augen dieses Wand-Emo-Roboters erwecken ihn durch Blinken und 16 ausdrucksstarke Gesichtsausdr\u00fccke zum Leben. Entwerfen [&hellip;]<\/p>\n","protected":false},"featured_media":3056,"comment_status":"open","ping_status":"closed","template":"","meta":{"_aipt_faq_data":""},"store":[],"product_brand":[],"product_cat":[78],"product_tag":[247],"class_list":{"0":"post-3055","1":"product","2":"type-product","3":"status-publish","4":"has-post-thumbnail","6":"product_cat-programmierroboter-fuer-kinder","7":"product_tag-programmierroboter-fuer-kinder-mit-app","9":"first","10":"instock","11":"sale","12":"shipping-taxable","13":"product-type-external"},"yoast_head":"<!-- This site is optimized with the Yoast SEO plugin v27.4 - https:\/\/yoast.com\/product\/yoast-seo-wordpress\/ -->\n<title>Technik Roboterbauspielzeug f\u00fcr Kinder, 5-in-1-Roboter mit App &amp; ferngesteuertem Technic Wall Robotics Kit mit 16 LED-Gesichtsausdr\u00fccken, 373 Teile RC programmierbares Roboterspielzeug Geschenk f\u00fcr 6 7 8 10 - EasyLifeBro<\/title>\n<meta name=\"description\" content=\"Entdecken Sie smarte Roboter f\u00fcr Zuhause, Garten, Bildung und Sicherheit. Vergleichen Sie Saugroboter, Rasenm\u00e4hroboter, KI-Begleitroboter und mehr bei EasyLifeRobo.\" \/>\n<meta name=\"robots\" content=\"index, follow, max-snippet:-1, max-image-preview:large, max-video-preview:-1\" \/>\n<link rel=\"canonical\" href=\"https:\/\/easyliferobo.com\/de\/product\/technik-roboterbauspielzeug-fuer-kinder-5-in-1-roboter-mit-app-ferngesteuertem-technic-wall-robotics-kit-mit-16-led-gesichtsausdruecken-373-teile-rc-programmierbares-roboterspielzeug-geschenk-fuer\/\" \/>\n<meta property=\"og:locale\" content=\"de_DE\" \/>\n<meta property=\"og:type\" content=\"article\" \/>\n<meta property=\"og:title\" content=\"Technik Roboterbauspielzeug f\u00fcr Kinder, 5-in-1-Roboter mit App &amp; ferngesteuertem Technic Wall Robotics Kit mit 16 LED-Gesichtsausdr\u00fccken, 373 Teile RC programmierbares Roboterspielzeug Geschenk f\u00fcr 6 7 8 10 - EasyLifeBro\" \/>\n<meta property=\"og:description\" content=\"Entdecken Sie smarte Roboter f\u00fcr Zuhause, Garten, Bildung und Sicherheit. Vergleichen Sie Saugroboter, Rasenm\u00e4hroboter, KI-Begleitroboter und mehr bei EasyLifeRobo.\" \/>\n<meta property=\"og:url\" content=\"https:\/\/easyliferobo.com\/de\/product\/technik-roboterbauspielzeug-fuer-kinder-5-in-1-roboter-mit-app-ferngesteuertem-technic-wall-robotics-kit-mit-16-led-gesichtsausdruecken-373-teile-rc-programmierbares-roboterspielzeug-geschenk-fuer\/\" \/>\n<meta property=\"og:site_name\" content=\"EasyLifeBro\" \/>\n<meta property=\"article:modified_time\" content=\"2026-02-27T05:58:18+00:00\" \/>\n<meta property=\"og:image\" content=\"https:\/\/images-na.ssl-images-amazon.com\/images\/G\/01\/x-locale\/common\/grey-pixel.gif\" \/>\n<meta name=\"twitter:card\" content=\"summary_large_image\" \/>\n<meta name=\"twitter:label1\" content=\"Gesch\u00e4tzte Lesezeit\" \/>\n\t<meta name=\"twitter:data1\" content=\"2\u00a0Minuten\" \/>\n<script type=\"application\/ld+json\" class=\"yoast-schema-graph\">{\"@context\":\"https:\\\/\\\/schema.org\",\"@graph\":[{\"@type\":\"WebPage\",\"@id\":\"https:\\\/\\\/easyliferobo.com\\\/de\\\/product\\\/technik-roboterbauspielzeug-fuer-kinder-5-in-1-roboter-mit-app-ferngesteuertem-technic-wall-robotics-kit-mit-16-led-gesichtsausdruecken-373-teile-rc-programmierbares-roboterspielzeug-geschenk-fuer\\\/\",\"url\":\"https:\\\/\\\/easyliferobo.com\\\/de\\\/product\\\/technik-roboterbauspielzeug-fuer-kinder-5-in-1-roboter-mit-app-ferngesteuertem-technic-wall-robotics-kit-mit-16-led-gesichtsausdruecken-373-teile-rc-programmierbares-roboterspielzeug-geschenk-fuer\\\/\",\"name\":\"Technik Roboterbauspielzeug f\u00fcr Kinder, 5-in-1-Roboter mit App & ferngesteuertem Technic Wall Robotics Kit mit 16 LED-Gesichtsausdr\u00fccken, 373 Teile RC programmierbares Roboterspielzeug Geschenk f\u00fcr 6 7 8 10 - EasyLifeBro\",\"isPartOf\":{\"@id\":\"https:\\\/\\\/easyliferobo.com\\\/de\\\/#website\"},\"primaryImageOfPage\":{\"@id\":\"https:\\\/\\\/easyliferobo.com\\\/de\\\/product\\\/technik-roboterbauspielzeug-fuer-kinder-5-in-1-roboter-mit-app-ferngesteuertem-technic-wall-robotics-kit-mit-16-led-gesichtsausdruecken-373-teile-rc-programmierbares-roboterspielzeug-geschenk-fuer\\\/#primaryimage\"},\"image\":{\"@id\":\"https:\\\/\\\/easyliferobo.com\\\/de\\\/product\\\/technik-roboterbauspielzeug-fuer-kinder-5-in-1-roboter-mit-app-ferngesteuertem-technic-wall-robotics-kit-mit-16-led-gesichtsausdruecken-373-teile-rc-programmierbares-roboterspielzeug-geschenk-fuer\\\/#primaryimage\"},\"thumbnailUrl\":\"https:\\\/\\\/easyliferobo.com\\\/de\\\/wp-content\\\/uploads\\\/2026\\\/02\\\/81w-53YvMPL._AC_SL1500_.jpg\",\"datePublished\":\"2026-02-27T05:58:01+00:00\",\"dateModified\":\"2026-02-27T05:58:18+00:00\",\"description\":\"Entdecken Sie smarte Roboter f\u00fcr Zuhause, Garten, Bildung und Sicherheit. Vergleichen Sie Saugroboter, Rasenm\u00e4hroboter, KI-Begleitroboter und mehr bei EasyLifeRobo.\",\"breadcrumb\":{\"@id\":\"https:\\\/\\\/easyliferobo.com\\\/de\\\/product\\\/technik-roboterbauspielzeug-fuer-kinder-5-in-1-roboter-mit-app-ferngesteuertem-technic-wall-robotics-kit-mit-16-led-gesichtsausdruecken-373-teile-rc-programmierbares-roboterspielzeug-geschenk-fuer\\\/#breadcrumb\"},\"inLanguage\":\"de\",\"potentialAction\":[{\"@type\":\"ReadAction\",\"target\":[\"https:\\\/\\\/easyliferobo.com\\\/de\\\/product\\\/technik-roboterbauspielzeug-fuer-kinder-5-in-1-roboter-mit-app-ferngesteuertem-technic-wall-robotics-kit-mit-16-led-gesichtsausdruecken-373-teile-rc-programmierbares-roboterspielzeug-geschenk-fuer\\\/\"]}]},{\"@type\":\"ImageObject\",\"inLanguage\":\"de\",\"@id\":\"https:\\\/\\\/easyliferobo.com\\\/de\\\/product\\\/technik-roboterbauspielzeug-fuer-kinder-5-in-1-roboter-mit-app-ferngesteuertem-technic-wall-robotics-kit-mit-16-led-gesichtsausdruecken-373-teile-rc-programmierbares-roboterspielzeug-geschenk-fuer\\\/#primaryimage\",\"url\":\"https:\\\/\\\/easyliferobo.com\\\/de\\\/wp-content\\\/uploads\\\/2026\\\/02\\\/81w-53YvMPL._AC_SL1500_.jpg\",\"contentUrl\":\"https:\\\/\\\/easyliferobo.com\\\/de\\\/wp-content\\\/uploads\\\/2026\\\/02\\\/81w-53YvMPL._AC_SL1500_.jpg\",\"width\":1491,\"height\":1500},{\"@type\":\"BreadcrumbList\",\"@id\":\"https:\\\/\\\/easyliferobo.com\\\/de\\\/product\\\/technik-roboterbauspielzeug-fuer-kinder-5-in-1-roboter-mit-app-ferngesteuertem-technic-wall-robotics-kit-mit-16-led-gesichtsausdruecken-373-teile-rc-programmierbares-roboterspielzeug-geschenk-fuer\\\/#breadcrumb\",\"itemListElement\":[{\"@type\":\"ListItem\",\"position\":1,\"name\":\"Home\",\"item\":\"https:\\\/\\\/easyliferobo.com\\\/de\\\/\"},{\"@type\":\"ListItem\",\"position\":2,\"name\":\"Shop\",\"item\":\"https:\\\/\\\/easyliferobo.com\\\/de\\\/shop\\\/\"},{\"@type\":\"ListItem\",\"position\":3,\"name\":\"Technik Roboterbauspielzeug f\u00fcr Ki...\"}]},{\"@type\":\"WebSite\",\"@id\":\"https:\\\/\\\/easyliferobo.com\\\/de\\\/#website\",\"url\":\"https:\\\/\\\/easyliferobo.com\\\/de\\\/\",\"name\":\"EasyLifeBro\",\"description\":\"Smarte Roboter f\u00fcr Zuhause, Garten &amp; Bildung\",\"publisher\":{\"@id\":\"https:\\\/\\\/easyliferobo.com\\\/de\\\/#organization\"},\"potentialAction\":[{\"@type\":\"SearchAction\",\"target\":{\"@type\":\"EntryPoint\",\"urlTemplate\":\"https:\\\/\\\/easyliferobo.com\\\/de\\\/?s={search_term_string}\"},\"query-input\":{\"@type\":\"PropertyValueSpecification\",\"valueRequired\":true,\"valueName\":\"search_term_string\"}}],\"inLanguage\":\"de\"},{\"@type\":\"Organization\",\"@id\":\"https:\\\/\\\/easyliferobo.com\\\/de\\\/#organization\",\"name\":\"EasyLifeBro\",\"url\":\"https:\\\/\\\/easyliferobo.com\\\/de\\\/\",\"logo\":{\"@type\":\"ImageObject\",\"inLanguage\":\"de\",\"@id\":\"https:\\\/\\\/easyliferobo.com\\\/de\\\/#\\\/schema\\\/logo\\\/image\\\/\",\"url\":\"https:\\\/\\\/easyliferobo.com\\\/de\\\/wp-content\\\/uploads\\\/2026\\\/02\\\/Screenshot-2026-02-22-at-2.25.03-PM.png\",\"contentUrl\":\"https:\\\/\\\/easyliferobo.com\\\/de\\\/wp-content\\\/uploads\\\/2026\\\/02\\\/Screenshot-2026-02-22-at-2.25.03-PM.png\",\"width\":1858,\"height\":430,\"caption\":\"EasyLifeBro\"},\"image\":{\"@id\":\"https:\\\/\\\/easyliferobo.com\\\/de\\\/#\\\/schema\\\/logo\\\/image\\\/\"}}]}<\/script>\n<!-- \/ Yoast SEO plugin. -->","yoast_head_json":{"title":"Technik Roboterbauspielzeug f\u00fcr Kinder, 5-in-1-Roboter mit App & ferngesteuertem Technic Wall Robotics Kit mit 16 LED-Gesichtsausdr\u00fccken, 373 Teile RC programmierbares Roboterspielzeug Geschenk f\u00fcr 6 7 8 10 - EasyLifeBro","description":"Entdecken Sie smarte Roboter f\u00fcr Zuhause, Garten, Bildung und Sicherheit. Vergleichen Sie Saugroboter, Rasenm\u00e4hroboter, KI-Begleitroboter und mehr bei EasyLifeRobo.","robots":{"index":"index","follow":"follow","max-snippet":"max-snippet:-1","max-image-preview":"max-image-preview:large","max-video-preview":"max-video-preview:-1"},"canonical":"https:\/\/easyliferobo.com\/de\/product\/technik-roboterbauspielzeug-fuer-kinder-5-in-1-roboter-mit-app-ferngesteuertem-technic-wall-robotics-kit-mit-16-led-gesichtsausdruecken-373-teile-rc-programmierbares-roboterspielzeug-geschenk-fuer\/","og_locale":"de_DE","og_type":"article","og_title":"Technik Roboterbauspielzeug f\u00fcr Kinder, 5-in-1-Roboter mit App & ferngesteuertem Technic Wall Robotics Kit mit 16 LED-Gesichtsausdr\u00fccken, 373 Teile RC programmierbares Roboterspielzeug Geschenk f\u00fcr 6 7 8 10 - EasyLifeBro","og_description":"Entdecken Sie smarte Roboter f\u00fcr Zuhause, Garten, Bildung und Sicherheit. Vergleichen Sie Saugroboter, Rasenm\u00e4hroboter, KI-Begleitroboter und mehr bei EasyLifeRobo.","og_url":"https:\/\/easyliferobo.com\/de\/product\/technik-roboterbauspielzeug-fuer-kinder-5-in-1-roboter-mit-app-ferngesteuertem-technic-wall-robotics-kit-mit-16-led-gesichtsausdruecken-373-teile-rc-programmierbares-roboterspielzeug-geschenk-fuer\/","og_site_name":"EasyLifeBro","article_modified_time":"2026-02-27T05:58:18+00:00","og_image":[{"url":"https:\/\/images-na.ssl-images-amazon.com\/images\/G\/01\/x-locale\/common\/grey-pixel.gif","type":"","width":"","height":""}],"twitter_card":"summary_large_image","twitter_misc":{"Gesch\u00e4tzte Lesezeit":"2\u00a0Minuten"},"schema":{"@context":"https:\/\/schema.org","@graph":[{"@type":"WebPage","@id":"https:\/\/easyliferobo.com\/de\/product\/technik-roboterbauspielzeug-fuer-kinder-5-in-1-roboter-mit-app-ferngesteuertem-technic-wall-robotics-kit-mit-16-led-gesichtsausdruecken-373-teile-rc-programmierbares-roboterspielzeug-geschenk-fuer\/","url":"https:\/\/easyliferobo.com\/de\/product\/technik-roboterbauspielzeug-fuer-kinder-5-in-1-roboter-mit-app-ferngesteuertem-technic-wall-robotics-kit-mit-16-led-gesichtsausdruecken-373-teile-rc-programmierbares-roboterspielzeug-geschenk-fuer\/","name":"Technik Roboterbauspielzeug f\u00fcr Kinder, 5-in-1-Roboter mit App & ferngesteuertem Technic Wall Robotics Kit mit 16 LED-Gesichtsausdr\u00fccken, 373 Teile RC programmierbares Roboterspielzeug Geschenk f\u00fcr 6 7 8 10 - EasyLifeBro","isPartOf":{"@id":"https:\/\/easyliferobo.com\/de\/#website"},"primaryImageOfPage":{"@id":"https:\/\/easyliferobo.com\/de\/product\/technik-roboterbauspielzeug-fuer-kinder-5-in-1-roboter-mit-app-ferngesteuertem-technic-wall-robotics-kit-mit-16-led-gesichtsausdruecken-373-teile-rc-programmierbares-roboterspielzeug-geschenk-fuer\/#primaryimage"},"image":{"@id":"https:\/\/easyliferobo.com\/de\/product\/technik-roboterbauspielzeug-fuer-kinder-5-in-1-roboter-mit-app-ferngesteuertem-technic-wall-robotics-kit-mit-16-led-gesichtsausdruecken-373-teile-rc-programmierbares-roboterspielzeug-geschenk-fuer\/#primaryimage"},"thumbnailUrl":"https:\/\/easyliferobo.com\/de\/wp-content\/uploads\/2026\/02\/81w-53YvMPL._AC_SL1500_.jpg","datePublished":"2026-02-27T05:58:01+00:00","dateModified":"2026-02-27T05:58:18+00:00","description":"Entdecken Sie smarte Roboter f\u00fcr Zuhause, Garten, Bildung und Sicherheit. Vergleichen Sie Saugroboter, Rasenm\u00e4hroboter, KI-Begleitroboter und mehr bei EasyLifeRobo.","breadcrumb":{"@id":"https:\/\/easyliferobo.com\/de\/product\/technik-roboterbauspielzeug-fuer-kinder-5-in-1-roboter-mit-app-ferngesteuertem-technic-wall-robotics-kit-mit-16-led-gesichtsausdruecken-373-teile-rc-programmierbares-roboterspielzeug-geschenk-fuer\/#breadcrumb"},"inLanguage":"de","potentialAction":[{"@type":"ReadAction","target":["https:\/\/easyliferobo.com\/de\/product\/technik-roboterbauspielzeug-fuer-kinder-5-in-1-roboter-mit-app-ferngesteuertem-technic-wall-robotics-kit-mit-16-led-gesichtsausdruecken-373-teile-rc-programmierbares-roboterspielzeug-geschenk-fuer\/"]}]},{"@type":"ImageObject","inLanguage":"de","@id":"https:\/\/easyliferobo.com\/de\/product\/technik-roboterbauspielzeug-fuer-kinder-5-in-1-roboter-mit-app-ferngesteuertem-technic-wall-robotics-kit-mit-16-led-gesichtsausdruecken-373-teile-rc-programmierbares-roboterspielzeug-geschenk-fuer\/#primaryimage","url":"https:\/\/easyliferobo.com\/de\/wp-content\/uploads\/2026\/02\/81w-53YvMPL._AC_SL1500_.jpg","contentUrl":"https:\/\/easyliferobo.com\/de\/wp-content\/uploads\/2026\/02\/81w-53YvMPL._AC_SL1500_.jpg","width":1491,"height":1500},{"@type":"BreadcrumbList","@id":"https:\/\/easyliferobo.com\/de\/product\/technik-roboterbauspielzeug-fuer-kinder-5-in-1-roboter-mit-app-ferngesteuertem-technic-wall-robotics-kit-mit-16-led-gesichtsausdruecken-373-teile-rc-programmierbares-roboterspielzeug-geschenk-fuer\/#breadcrumb","itemListElement":[{"@type":"ListItem","position":1,"name":"Home","item":"https:\/\/easyliferobo.com\/de\/"},{"@type":"ListItem","position":2,"name":"Shop","item":"https:\/\/easyliferobo.com\/de\/shop\/"},{"@type":"ListItem","position":3,"name":"Technik Roboterbauspielzeug f\u00fcr Ki..."}]},{"@type":"WebSite","@id":"https:\/\/easyliferobo.com\/de\/#website","url":"https:\/\/easyliferobo.com\/de\/","name":"EasyLifeBro","description":"Smarte Roboter f\u00fcr Zuhause, Garten &amp; Bildung","publisher":{"@id":"https:\/\/easyliferobo.com\/de\/#organization"},"potentialAction":[{"@type":"SearchAction","target":{"@type":"EntryPoint","urlTemplate":"https:\/\/easyliferobo.com\/de\/?s={search_term_string}"},"query-input":{"@type":"PropertyValueSpecification","valueRequired":true,"valueName":"search_term_string"}}],"inLanguage":"de"},{"@type":"Organization","@id":"https:\/\/easyliferobo.com\/de\/#organization","name":"EasyLifeBro","url":"https:\/\/easyliferobo.com\/de\/","logo":{"@type":"ImageObject","inLanguage":"de","@id":"https:\/\/easyliferobo.com\/de\/#\/schema\/logo\/image\/","url":"https:\/\/easyliferobo.com\/de\/wp-content\/uploads\/2026\/02\/Screenshot-2026-02-22-at-2.25.03-PM.png","contentUrl":"https:\/\/easyliferobo.com\/de\/wp-content\/uploads\/2026\/02\/Screenshot-2026-02-22-at-2.25.03-PM.png","width":1858,"height":430,"caption":"EasyLifeBro"},"image":{"@id":"https:\/\/easyliferobo.com\/de\/#\/schema\/logo\/image\/"}}]}},"_links":{"self":[{"href":"https:\/\/easyliferobo.com\/de\/wp-json\/wp\/v2\/product\/3055","targetHints":{"allow":["GET"]}}],"collection":[{"href":"https:\/\/easyliferobo.com\/de\/wp-json\/wp\/v2\/product"}],"about":[{"href":"https:\/\/easyliferobo.com\/de\/wp-json\/wp\/v2\/types\/product"}],"replies":[{"embeddable":true,"href":"https:\/\/easyliferobo.com\/de\/wp-json\/wp\/v2\/comments?post=3055"}],"wp:featuredmedia":[{"embeddable":true,"href":"https:\/\/easyliferobo.com\/de\/wp-json\/wp\/v2\/media\/3056"}],"wp:attachment":[{"href":"https:\/\/easyliferobo.com\/de\/wp-json\/wp\/v2\/media?parent=3055"}],"wp:term":[{"taxonomy":"store","embeddable":true,"href":"https:\/\/easyliferobo.com\/de\/wp-json\/wp\/v2\/store?post=3055"},{"taxonomy":"product_brand","embeddable":true,"href":"https:\/\/easyliferobo.com\/de\/wp-json\/wp\/v2\/product_brand?post=3055"},{"taxonomy":"product_cat","embeddable":true,"href":"https:\/\/easyliferobo.com\/de\/wp-json\/wp\/v2\/product_cat?post=3055"},{"taxonomy":"product_tag","embeddable":true,"href":"https:\/\/easyliferobo.com\/de\/wp-json\/wp\/v2\/product_tag?post=3055"}],"curies":[{"name":"wp","href":"https:\/\/api.w.org\/{rel}","templated":true}]}}