
{"id":302,"date":"2026-02-22T09:24:49","date_gmt":"2026-02-22T09:24:49","guid":{"rendered":"https:\/\/easyliferobo.com\/de\/product\/remoking-rc-roboter-kinderspielzeug-roboter-mit-ton-und-licht-spielzeuggeschenk-fuer-jungen-und-maedchen-orange\/"},"modified":"2026-02-22T09:25:03","modified_gmt":"2026-02-22T09:25:03","slug":"remoking-rc-roboter-kinderspielzeug-roboter-mit-ton-und-licht-spielzeuggeschenk-fuer-jungen-und-maedchen-orange","status":"publish","type":"product","link":"https:\/\/easyliferobo.com\/de\/product\/remoking-rc-roboter-kinderspielzeug-roboter-mit-ton-und-licht-spielzeuggeschenk-fuer-jungen-und-maedchen-orange\/","title":{"rendered":"REMOKING RC Roboter Kinderspielzeug..."},"content":{"rendered":"<p>\n                                             Von der Marke   <\/p>\n<p>                                              <img decoding=\"async\" alt=\"Spielzeug\" src=\"https:\/\/images-na.ssl-images-amazon.com\/images\/G\/01\/x-locale\/common\/grey-pixel.gif\" class=\"a-lazy-loaded\" data-src=\"https:\/\/m.media-amazon.com\/images\/S\/aplus-media-library-service-media\/0819f5b7-b3c5-44be-9eaf-af0427c09e0c.__CR0,0,1464,625_PT0_SX1464_V1___.jpg\"><img decoding=\"async\" alt=\"Spielzeug\" src=\"https:\/\/m.media-amazon.com\/images\/S\/aplus-media-library-service-media\/0819f5b7-b3c5-44be-9eaf-af0427c09e0c.__CR0,0,1464,625_PT0_SX1464_V1___.jpg\">  <\/p>\n<h3>  Rollenspielspielzeug f\u00fcr Kinder <\/h3>\n<h3>  Vorschulspielzeug <\/h3>\n<h3>  RC-Spielzeug <\/h3>\n<h3>  Spielzeug f\u00fcr Babys und Kleinkinder <\/h3>\n<p>Einfach zu steuern: Dieser ferngesteuerte Roboter ist ein wunderbares und exquisites Geschenk f\u00fcr Kleinkinder und Kleinkinder jeden Alters. Der Roboter ist einfach zu steuern und kann sich unter der Kontrolle des Kindes vorw\u00e4rts\/r\u00fcckw\u00e4rts und rechts\/links bewegen.<br \/>2,4-GHz-Fernbedienung: Sie verf\u00fcgt \u00fcber ein leistungsstarkes 2,4-GHz-Steuerungssystem, sodass Sie sich keine Sorgen \u00fcber Funkst\u00f6rungen machen m\u00fcssen. Spielen Sie mit Ihren Freunden, um mehr Spielm\u00f6glichkeiten freizuschalten und den Spa\u00df Ihres Kindes zu steigern.<br \/>Interessantes Design: innovatives Design, flexibler Kopf und H\u00e4nde, gro\u00dfe LED-Augen. Der Roboter kann im Demomodus tanzen und Kindern Lachen und Freude bereiten.<br \/>Sicherheitsmaterial: Hergestellt aus hochwertigem, ungiftigem Material, sicher und langlebig. Die Gr\u00f6\u00dfe betr\u00e4gt 4,7 x 4,9 x 3,3 Zoll, was f\u00fcr kleine H\u00e4nde geeignet und sehr gut zu tragen ist. Der Roboter ben\u00f6tigt 3 x AA-Batterien (nicht im Lieferumfang enthalten) und der Controller ben\u00f6tigt 2 AA-Batterien (nicht im Lieferumfang enthalten).<br \/>Das perfekte Geschenk: Dies ist das perfekte Geburtstagsgeschenk, Weihnachtsgeschenk, geeignet f\u00fcr Jungen und M\u00e4dchen ab 6 Jahren, die sich stundenlang daran erinnern und damit interagieren werden.<\/p>\n<p>[ad_2]<\/p>\n","protected":false},"excerpt":{"rendered":"<p>Von der Marke Rollenspielspielzeug f\u00fcr Kinder Vorschulspielzeug RC-Spielzeug Spielzeug f\u00fcr Babys und Kleinkinder Einfach zu steuern: Dieser ferngesteuerte Roboter ist ein wunderbares und exquisites Geschenk f\u00fcr Kleinkinder und Kleinkinder jeden Alters. Der Roboter ist einfach zu steuern und kann sich unter der Kontrolle des Kindes vorw\u00e4rts\/r\u00fcckw\u00e4rts und rechts\/links bewegen.2,4-GHz-Fernbedienung: Sie verf\u00fcgt \u00fcber ein leistungsstarkes 2,4-GHz-Steuerungssystem, [&hellip;]<\/p>\n","protected":false},"featured_media":303,"comment_status":"open","ping_status":"closed","template":"","meta":{"_aipt_faq_data":""},"store":[],"product_brand":[],"product_cat":[90],"product_tag":[131],"class_list":{"0":"post-302","1":"product","2":"type-product","3":"status-publish","4":"has-post-thumbnail","6":"product_cat-tanz-musikroboter","7":"product_tag-tanz-musikroboter-fuer-kinder","9":"first","10":"instock","11":"sale","12":"shipping-taxable","13":"product-type-external"},"yoast_head":"<!-- This site is optimized with the Yoast SEO plugin v27.0 - https:\/\/yoast.com\/product\/yoast-seo-wordpress\/ -->\n<title>REMOKING RC Roboter Kinderspielzeug, Roboter mit Ton und Licht, Spielzeuggeschenk f\u00fcr Jungen und M\u00e4dchen (Orange) - EasyLifeBro<\/title>\n<meta name=\"description\" content=\"Entdecken Sie smarte Roboter f\u00fcr Zuhause, Garten, Bildung und Sicherheit. Vergleichen Sie Saugroboter, Rasenm\u00e4hroboter, KI-Begleitroboter und mehr bei EasyLifeRobo.\" \/>\n<meta name=\"robots\" content=\"index, follow, max-snippet:-1, max-image-preview:large, max-video-preview:-1\" \/>\n<link rel=\"canonical\" href=\"https:\/\/easyliferobo.com\/de\/product\/remoking-rc-roboter-kinderspielzeug-roboter-mit-ton-und-licht-spielzeuggeschenk-fuer-jungen-und-maedchen-orange\/\" \/>\n<meta property=\"og:locale\" content=\"de_DE\" \/>\n<meta property=\"og:type\" content=\"article\" \/>\n<meta property=\"og:title\" content=\"REMOKING RC Roboter Kinderspielzeug, Roboter mit Ton und Licht, Spielzeuggeschenk f\u00fcr Jungen und M\u00e4dchen (Orange) - EasyLifeBro\" \/>\n<meta property=\"og:description\" content=\"Entdecken Sie smarte Roboter f\u00fcr Zuhause, Garten, Bildung und Sicherheit. Vergleichen Sie Saugroboter, Rasenm\u00e4hroboter, KI-Begleitroboter und mehr bei EasyLifeRobo.\" \/>\n<meta property=\"og:url\" content=\"https:\/\/easyliferobo.com\/de\/product\/remoking-rc-roboter-kinderspielzeug-roboter-mit-ton-und-licht-spielzeuggeschenk-fuer-jungen-und-maedchen-orange\/\" \/>\n<meta property=\"og:site_name\" content=\"EasyLifeBro\" \/>\n<meta property=\"article:modified_time\" content=\"2026-02-22T09:25:03+00:00\" \/>\n<meta property=\"og:image\" content=\"https:\/\/easyliferobo.com\/de\/wp-content\/uploads\/2026\/02\/619pui9rbJL._AC_SL1200_.jpg\" \/>\n\t<meta property=\"og:image:width\" content=\"1200\" \/>\n\t<meta property=\"og:image:height\" content=\"1116\" \/>\n\t<meta property=\"og:image:type\" content=\"image\/jpeg\" \/>\n<meta name=\"twitter:card\" content=\"summary_large_image\" \/>\n<meta name=\"twitter:label1\" content=\"Gesch\u00e4tzte Lesezeit\" \/>\n\t<meta name=\"twitter:data1\" content=\"1\u00a0Minute\" \/>\n<script type=\"application\/ld+json\" class=\"yoast-schema-graph\">{\"@context\":\"https:\/\/schema.org\",\"@graph\":[{\"@type\":\"WebPage\",\"@id\":\"https:\/\/easyliferobo.com\/de\/product\/remoking-rc-roboter-kinderspielzeug-roboter-mit-ton-und-licht-spielzeuggeschenk-fuer-jungen-und-maedchen-orange\/\",\"url\":\"https:\/\/easyliferobo.com\/de\/product\/remoking-rc-roboter-kinderspielzeug-roboter-mit-ton-und-licht-spielzeuggeschenk-fuer-jungen-und-maedchen-orange\/\",\"name\":\"REMOKING RC Roboter Kinderspielzeug, Roboter mit Ton und Licht, Spielzeuggeschenk f\u00fcr Jungen und M\u00e4dchen (Orange) - EasyLifeBro\",\"isPartOf\":{\"@id\":\"https:\/\/easyliferobo.com\/de\/#website\"},\"primaryImageOfPage\":{\"@id\":\"https:\/\/easyliferobo.com\/de\/product\/remoking-rc-roboter-kinderspielzeug-roboter-mit-ton-und-licht-spielzeuggeschenk-fuer-jungen-und-maedchen-orange\/#primaryimage\"},\"image\":{\"@id\":\"https:\/\/easyliferobo.com\/de\/product\/remoking-rc-roboter-kinderspielzeug-roboter-mit-ton-und-licht-spielzeuggeschenk-fuer-jungen-und-maedchen-orange\/#primaryimage\"},\"thumbnailUrl\":\"https:\/\/easyliferobo.com\/de\/wp-content\/uploads\/2026\/02\/619pui9rbJL._AC_SL1200_.jpg\",\"datePublished\":\"2026-02-22T09:24:49+00:00\",\"dateModified\":\"2026-02-22T09:25:03+00:00\",\"description\":\"Entdecken Sie smarte Roboter f\u00fcr Zuhause, Garten, Bildung und Sicherheit. Vergleichen Sie Saugroboter, Rasenm\u00e4hroboter, KI-Begleitroboter und mehr bei EasyLifeRobo.\",\"breadcrumb\":{\"@id\":\"https:\/\/easyliferobo.com\/de\/product\/remoking-rc-roboter-kinderspielzeug-roboter-mit-ton-und-licht-spielzeuggeschenk-fuer-jungen-und-maedchen-orange\/#breadcrumb\"},\"inLanguage\":\"de\",\"potentialAction\":[{\"@type\":\"ReadAction\",\"target\":[\"https:\/\/easyliferobo.com\/de\/product\/remoking-rc-roboter-kinderspielzeug-roboter-mit-ton-und-licht-spielzeuggeschenk-fuer-jungen-und-maedchen-orange\/\"]}]},{\"@type\":\"ImageObject\",\"inLanguage\":\"de\",\"@id\":\"https:\/\/easyliferobo.com\/de\/product\/remoking-rc-roboter-kinderspielzeug-roboter-mit-ton-und-licht-spielzeuggeschenk-fuer-jungen-und-maedchen-orange\/#primaryimage\",\"url\":\"https:\/\/easyliferobo.com\/de\/wp-content\/uploads\/2026\/02\/619pui9rbJL._AC_SL1200_.jpg\",\"contentUrl\":\"https:\/\/easyliferobo.com\/de\/wp-content\/uploads\/2026\/02\/619pui9rbJL._AC_SL1200_.jpg\",\"width\":1200,\"height\":1116},{\"@type\":\"BreadcrumbList\",\"@id\":\"https:\/\/easyliferobo.com\/de\/product\/remoking-rc-roboter-kinderspielzeug-roboter-mit-ton-und-licht-spielzeuggeschenk-fuer-jungen-und-maedchen-orange\/#breadcrumb\",\"itemListElement\":[{\"@type\":\"ListItem\",\"position\":1,\"name\":\"Home\",\"item\":\"https:\/\/easyliferobo.com\/de\/\"},{\"@type\":\"ListItem\",\"position\":2,\"name\":\"Shop\",\"item\":\"https:\/\/easyliferobo.com\/de\/shop\/\"},{\"@type\":\"ListItem\",\"position\":3,\"name\":\"REMOKING RC Roboter Kinderspielzeug...\"}]},{\"@type\":\"WebSite\",\"@id\":\"https:\/\/easyliferobo.com\/de\/#website\",\"url\":\"https:\/\/easyliferobo.com\/de\/\",\"name\":\"EasyLifeBro\",\"description\":\"Smarte Roboter f\u00fcr Zuhause, Garten &amp; Bildung\",\"publisher\":{\"@id\":\"https:\/\/easyliferobo.com\/de\/#organization\"},\"potentialAction\":[{\"@type\":\"SearchAction\",\"target\":{\"@type\":\"EntryPoint\",\"urlTemplate\":\"https:\/\/easyliferobo.com\/de\/?s={search_term_string}\"},\"query-input\":{\"@type\":\"PropertyValueSpecification\",\"valueRequired\":true,\"valueName\":\"search_term_string\"}}],\"inLanguage\":\"de\"},{\"@type\":\"Organization\",\"@id\":\"https:\/\/easyliferobo.com\/de\/#organization\",\"name\":\"EasyLifeBro\",\"url\":\"https:\/\/easyliferobo.com\/de\/\",\"logo\":{\"@type\":\"ImageObject\",\"inLanguage\":\"de\",\"@id\":\"https:\/\/easyliferobo.com\/de\/#\/schema\/logo\/image\/\",\"url\":\"https:\/\/easyliferobo.com\/de\/wp-content\/uploads\/2026\/02\/Screenshot-2026-02-22-at-2.25.03-PM.png\",\"contentUrl\":\"https:\/\/easyliferobo.com\/de\/wp-content\/uploads\/2026\/02\/Screenshot-2026-02-22-at-2.25.03-PM.png\",\"width\":1858,\"height\":430,\"caption\":\"EasyLifeBro\"},\"image\":{\"@id\":\"https:\/\/easyliferobo.com\/de\/#\/schema\/logo\/image\/\"}}]}<\/script>\n<!-- \/ Yoast SEO plugin. -->","yoast_head_json":{"title":"REMOKING RC Roboter Kinderspielzeug, Roboter mit Ton und Licht, Spielzeuggeschenk f\u00fcr Jungen und M\u00e4dchen (Orange) - EasyLifeBro","description":"Entdecken Sie smarte Roboter f\u00fcr Zuhause, Garten, Bildung und Sicherheit. Vergleichen Sie Saugroboter, Rasenm\u00e4hroboter, KI-Begleitroboter und mehr bei EasyLifeRobo.","robots":{"index":"index","follow":"follow","max-snippet":"max-snippet:-1","max-image-preview":"max-image-preview:large","max-video-preview":"max-video-preview:-1"},"canonical":"https:\/\/easyliferobo.com\/de\/product\/remoking-rc-roboter-kinderspielzeug-roboter-mit-ton-und-licht-spielzeuggeschenk-fuer-jungen-und-maedchen-orange\/","og_locale":"de_DE","og_type":"article","og_title":"REMOKING RC Roboter Kinderspielzeug, Roboter mit Ton und Licht, Spielzeuggeschenk f\u00fcr Jungen und M\u00e4dchen (Orange) - EasyLifeBro","og_description":"Entdecken Sie smarte Roboter f\u00fcr Zuhause, Garten, Bildung und Sicherheit. Vergleichen Sie Saugroboter, Rasenm\u00e4hroboter, KI-Begleitroboter und mehr bei EasyLifeRobo.","og_url":"https:\/\/easyliferobo.com\/de\/product\/remoking-rc-roboter-kinderspielzeug-roboter-mit-ton-und-licht-spielzeuggeschenk-fuer-jungen-und-maedchen-orange\/","og_site_name":"EasyLifeBro","article_modified_time":"2026-02-22T09:25:03+00:00","og_image":[{"width":1200,"height":1116,"url":"https:\/\/easyliferobo.com\/de\/wp-content\/uploads\/2026\/02\/619pui9rbJL._AC_SL1200_.jpg","type":"image\/jpeg"}],"twitter_card":"summary_large_image","twitter_misc":{"Gesch\u00e4tzte Lesezeit":"1\u00a0Minute"},"schema":{"@context":"https:\/\/schema.org","@graph":[{"@type":"WebPage","@id":"https:\/\/easyliferobo.com\/de\/product\/remoking-rc-roboter-kinderspielzeug-roboter-mit-ton-und-licht-spielzeuggeschenk-fuer-jungen-und-maedchen-orange\/","url":"https:\/\/easyliferobo.com\/de\/product\/remoking-rc-roboter-kinderspielzeug-roboter-mit-ton-und-licht-spielzeuggeschenk-fuer-jungen-und-maedchen-orange\/","name":"REMOKING RC Roboter Kinderspielzeug, Roboter mit Ton und Licht, Spielzeuggeschenk f\u00fcr Jungen und M\u00e4dchen (Orange) - EasyLifeBro","isPartOf":{"@id":"https:\/\/easyliferobo.com\/de\/#website"},"primaryImageOfPage":{"@id":"https:\/\/easyliferobo.com\/de\/product\/remoking-rc-roboter-kinderspielzeug-roboter-mit-ton-und-licht-spielzeuggeschenk-fuer-jungen-und-maedchen-orange\/#primaryimage"},"image":{"@id":"https:\/\/easyliferobo.com\/de\/product\/remoking-rc-roboter-kinderspielzeug-roboter-mit-ton-und-licht-spielzeuggeschenk-fuer-jungen-und-maedchen-orange\/#primaryimage"},"thumbnailUrl":"https:\/\/easyliferobo.com\/de\/wp-content\/uploads\/2026\/02\/619pui9rbJL._AC_SL1200_.jpg","datePublished":"2026-02-22T09:24:49+00:00","dateModified":"2026-02-22T09:25:03+00:00","description":"Entdecken Sie smarte Roboter f\u00fcr Zuhause, Garten, Bildung und Sicherheit. Vergleichen Sie Saugroboter, Rasenm\u00e4hroboter, KI-Begleitroboter und mehr bei EasyLifeRobo.","breadcrumb":{"@id":"https:\/\/easyliferobo.com\/de\/product\/remoking-rc-roboter-kinderspielzeug-roboter-mit-ton-und-licht-spielzeuggeschenk-fuer-jungen-und-maedchen-orange\/#breadcrumb"},"inLanguage":"de","potentialAction":[{"@type":"ReadAction","target":["https:\/\/easyliferobo.com\/de\/product\/remoking-rc-roboter-kinderspielzeug-roboter-mit-ton-und-licht-spielzeuggeschenk-fuer-jungen-und-maedchen-orange\/"]}]},{"@type":"ImageObject","inLanguage":"de","@id":"https:\/\/easyliferobo.com\/de\/product\/remoking-rc-roboter-kinderspielzeug-roboter-mit-ton-und-licht-spielzeuggeschenk-fuer-jungen-und-maedchen-orange\/#primaryimage","url":"https:\/\/easyliferobo.com\/de\/wp-content\/uploads\/2026\/02\/619pui9rbJL._AC_SL1200_.jpg","contentUrl":"https:\/\/easyliferobo.com\/de\/wp-content\/uploads\/2026\/02\/619pui9rbJL._AC_SL1200_.jpg","width":1200,"height":1116},{"@type":"BreadcrumbList","@id":"https:\/\/easyliferobo.com\/de\/product\/remoking-rc-roboter-kinderspielzeug-roboter-mit-ton-und-licht-spielzeuggeschenk-fuer-jungen-und-maedchen-orange\/#breadcrumb","itemListElement":[{"@type":"ListItem","position":1,"name":"Home","item":"https:\/\/easyliferobo.com\/de\/"},{"@type":"ListItem","position":2,"name":"Shop","item":"https:\/\/easyliferobo.com\/de\/shop\/"},{"@type":"ListItem","position":3,"name":"REMOKING RC Roboter Kinderspielzeug..."}]},{"@type":"WebSite","@id":"https:\/\/easyliferobo.com\/de\/#website","url":"https:\/\/easyliferobo.com\/de\/","name":"EasyLifeBro","description":"Smarte Roboter f\u00fcr Zuhause, Garten &amp; Bildung","publisher":{"@id":"https:\/\/easyliferobo.com\/de\/#organization"},"potentialAction":[{"@type":"SearchAction","target":{"@type":"EntryPoint","urlTemplate":"https:\/\/easyliferobo.com\/de\/?s={search_term_string}"},"query-input":{"@type":"PropertyValueSpecification","valueRequired":true,"valueName":"search_term_string"}}],"inLanguage":"de"},{"@type":"Organization","@id":"https:\/\/easyliferobo.com\/de\/#organization","name":"EasyLifeBro","url":"https:\/\/easyliferobo.com\/de\/","logo":{"@type":"ImageObject","inLanguage":"de","@id":"https:\/\/easyliferobo.com\/de\/#\/schema\/logo\/image\/","url":"https:\/\/easyliferobo.com\/de\/wp-content\/uploads\/2026\/02\/Screenshot-2026-02-22-at-2.25.03-PM.png","contentUrl":"https:\/\/easyliferobo.com\/de\/wp-content\/uploads\/2026\/02\/Screenshot-2026-02-22-at-2.25.03-PM.png","width":1858,"height":430,"caption":"EasyLifeBro"},"image":{"@id":"https:\/\/easyliferobo.com\/de\/#\/schema\/logo\/image\/"}}]}},"_links":{"self":[{"href":"https:\/\/easyliferobo.com\/de\/wp-json\/wp\/v2\/product\/302","targetHints":{"allow":["GET"]}}],"collection":[{"href":"https:\/\/easyliferobo.com\/de\/wp-json\/wp\/v2\/product"}],"about":[{"href":"https:\/\/easyliferobo.com\/de\/wp-json\/wp\/v2\/types\/product"}],"replies":[{"embeddable":true,"href":"https:\/\/easyliferobo.com\/de\/wp-json\/wp\/v2\/comments?post=302"}],"wp:featuredmedia":[{"embeddable":true,"href":"https:\/\/easyliferobo.com\/de\/wp-json\/wp\/v2\/media\/303"}],"wp:attachment":[{"href":"https:\/\/easyliferobo.com\/de\/wp-json\/wp\/v2\/media?parent=302"}],"wp:term":[{"taxonomy":"store","embeddable":true,"href":"https:\/\/easyliferobo.com\/de\/wp-json\/wp\/v2\/store?post=302"},{"taxonomy":"product_brand","embeddable":true,"href":"https:\/\/easyliferobo.com\/de\/wp-json\/wp\/v2\/product_brand?post=302"},{"taxonomy":"product_cat","embeddable":true,"href":"https:\/\/easyliferobo.com\/de\/wp-json\/wp\/v2\/product_cat?post=302"},{"taxonomy":"product_tag","embeddable":true,"href":"https:\/\/easyliferobo.com\/de\/wp-json\/wp\/v2\/product_tag?post=302"}],"curies":[{"name":"wp","href":"https:\/\/api.w.org\/{rel}","templated":true}]}}