
{"id":2994,"date":"2026-02-27T05:48:31","date_gmt":"2026-02-27T05:48:31","guid":{"rendered":"https:\/\/easyliferobo.com\/de\/product\/worx-wa0825-vision-garage-fuer-landroid-vision-maehroboter-klappbares-vordach-schutz-vor-wind-laub-regen-und-sonnenlicht-einfache-montage\/"},"modified":"2026-02-27T05:48:40","modified_gmt":"2026-02-27T05:48:40","slug":"worx-wa0825-vision-garage-fuer-landroid-vision-maehroboter-klappbares-vordach-schutz-vor-wind-laub-regen-und-sonnenlicht-einfache-montage","status":"publish","type":"product","link":"https:\/\/easyliferobo.com\/de\/product\/worx-wa0825-vision-garage-fuer-landroid-vision-maehroboter-klappbares-vordach-schutz-vor-wind-laub-regen-und-sonnenlicht-einfache-montage\/","title":{"rendered":"WORX WA0825 Vision Garage f\u00fcr Land..."},"content":{"rendered":"<p>    <span>Die WORX Rasenm\u00e4hergarage aus Metall und Kunststoff ist schnell und einfach aufgebaut und bietet sicheren und stabilen Halt. Dank des modernen und schlichten Designs passt die Robotergarage in jede Garteneinrichtung und das aufklappbare Dach bietet jederzeit volle Zug\u00e4nglichkeit des Bedienfelds. Erh\u00f6ht die Lebensdauer des M\u00e4hroboters: Nachdem der Landroid Vision M\u00e4hroboter seine Arbeit im Garten erledigt hat, findet er in diesem Unterstand zusammen mit seiner Ladestation Schutz vor Regen und Sonne. Das Carport-\u00dcberdachung sorgt daf\u00fcr, dass weder starker Wind noch direkte Sonneneinstrahlung dem M\u00e4hroboter etwas anhaben k\u00f6nnen \u2013 f\u00fcr l\u00e4ngere Freude am flei\u00dfigen Gartenhelfer. <\/span><br \/>Erh\u00f6ht die Lebensdauer des M\u00e4hroboters: Nachdem der Landroid Vision M\u00e4hroboter seine Arbeit im Garten erledigt hat, findet er in diesem Unterstand zusammen mit seiner Ladestation Schutz vor Regen und Sonne<br \/>Das Carport-\u00dcberdachung sorgt daf\u00fcr, dass weder starker Wind noch direkte Sonneneinstrahlung dem M\u00e4hroboter etwas anhaben k\u00f6nnen \u2013 f\u00fcr l\u00e4ngere Freude am flei\u00dfigen Gartenhelfer<br \/>Dank des modernen und schlichten Designs passt die Robotergarage in jede Garteneinrichtung und das aufklappbare Dach bietet jederzeit volle Zug\u00e4nglichkeit des Bedienfelds<br \/>Die WORX Rasenm\u00e4hergarage aus Metall und Kunststoff ist schnell und einfach aufgebaut und bietet sicheren und stabilen Halt<br \/>Worx Original Vision Garage \u2013 Genie\u00dfen Sie h\u00f6chste Qualit\u00e4t und volle Kompatibilit\u00e4t mit allen Vision-Modellen! Sch\u00fctzt Ihren M\u00e4hroboter zuverl\u00e4ssig vor Witterungseinfl\u00fcssen und verl\u00e4ngert seine Lebensdauer<\/p>\n<p>[ad_2]<\/p>\n","protected":false},"excerpt":{"rendered":"<p>Die WORX Rasenm\u00e4hergarage aus Metall und Kunststoff ist schnell und einfach aufgebaut und bietet sicheren und stabilen Halt. Dank des modernen und schlichten Designs passt die Robotergarage in jede Garteneinrichtung und das aufklappbare Dach bietet jederzeit volle Zug\u00e4nglichkeit des Bedienfelds. Erh\u00f6ht die Lebensdauer des M\u00e4hroboters: Nachdem der Landroid Vision M\u00e4hroboter seine Arbeit im Garten erledigt [&hellip;]<\/p>\n","protected":false},"featured_media":2995,"comment_status":"open","ping_status":"closed","template":"","meta":{"_aipt_faq_data":""},"store":[],"product_brand":[135],"product_cat":[86],"product_tag":[237],"class_list":{"0":"post-2994","1":"product","2":"type-product","3":"status-publish","4":"has-post-thumbnail","6":"product_brand-worx","7":"product_cat-zubehoer-fuer-rasenmaehroboter","8":"product_tag-zubehoer-fuer-rasenmaehroboter-ladestation","10":"first","11":"instock","12":"shipping-taxable","13":"product-type-external"},"yoast_head":"<!-- This site is optimized with the Yoast SEO plugin v27.4 - https:\/\/yoast.com\/product\/yoast-seo-wordpress\/ -->\n<title>WORX WA0825 Vision Garage f\u00fcr Landroid Vision M\u00e4hroboter, klappbares Vordach, Schutz vor Wind, Laub, Regen und Sonnenlicht, einfache Montage - EasyLifeBro<\/title>\n<meta name=\"description\" content=\"Entdecken Sie smarte Roboter f\u00fcr Zuhause, Garten, Bildung und Sicherheit. Vergleichen Sie Saugroboter, Rasenm\u00e4hroboter, KI-Begleitroboter und mehr bei EasyLifeRobo.\" \/>\n<meta name=\"robots\" content=\"index, follow, max-snippet:-1, max-image-preview:large, max-video-preview:-1\" \/>\n<link rel=\"canonical\" href=\"https:\/\/easyliferobo.com\/de\/product\/worx-wa0825-vision-garage-fuer-landroid-vision-maehroboter-klappbares-vordach-schutz-vor-wind-laub-regen-und-sonnenlicht-einfache-montage\/\" \/>\n<meta property=\"og:locale\" content=\"de_DE\" \/>\n<meta property=\"og:type\" content=\"article\" \/>\n<meta property=\"og:title\" content=\"WORX WA0825 Vision Garage f\u00fcr Landroid Vision M\u00e4hroboter, klappbares Vordach, Schutz vor Wind, Laub, Regen und Sonnenlicht, einfache Montage - EasyLifeBro\" \/>\n<meta property=\"og:description\" content=\"Entdecken Sie smarte Roboter f\u00fcr Zuhause, Garten, Bildung und Sicherheit. Vergleichen Sie Saugroboter, Rasenm\u00e4hroboter, KI-Begleitroboter und mehr bei EasyLifeRobo.\" \/>\n<meta property=\"og:url\" content=\"https:\/\/easyliferobo.com\/de\/product\/worx-wa0825-vision-garage-fuer-landroid-vision-maehroboter-klappbares-vordach-schutz-vor-wind-laub-regen-und-sonnenlicht-einfache-montage\/\" \/>\n<meta property=\"og:site_name\" content=\"EasyLifeBro\" \/>\n<meta property=\"article:modified_time\" content=\"2026-02-27T05:48:40+00:00\" \/>\n<meta name=\"twitter:card\" content=\"summary_large_image\" \/>\n<meta name=\"twitter:label1\" content=\"Gesch\u00e4tzte Lesezeit\" \/>\n\t<meta name=\"twitter:data1\" content=\"1\u00a0Minute\" \/>\n<script type=\"application\/ld+json\" class=\"yoast-schema-graph\">{\"@context\":\"https:\\\/\\\/schema.org\",\"@graph\":[{\"@type\":\"WebPage\",\"@id\":\"https:\\\/\\\/easyliferobo.com\\\/de\\\/product\\\/worx-wa0825-vision-garage-fuer-landroid-vision-maehroboter-klappbares-vordach-schutz-vor-wind-laub-regen-und-sonnenlicht-einfache-montage\\\/\",\"url\":\"https:\\\/\\\/easyliferobo.com\\\/de\\\/product\\\/worx-wa0825-vision-garage-fuer-landroid-vision-maehroboter-klappbares-vordach-schutz-vor-wind-laub-regen-und-sonnenlicht-einfache-montage\\\/\",\"name\":\"WORX WA0825 Vision Garage f\u00fcr Landroid Vision M\u00e4hroboter, klappbares Vordach, Schutz vor Wind, Laub, Regen und Sonnenlicht, einfache Montage - EasyLifeBro\",\"isPartOf\":{\"@id\":\"https:\\\/\\\/easyliferobo.com\\\/de\\\/#website\"},\"primaryImageOfPage\":{\"@id\":\"https:\\\/\\\/easyliferobo.com\\\/de\\\/product\\\/worx-wa0825-vision-garage-fuer-landroid-vision-maehroboter-klappbares-vordach-schutz-vor-wind-laub-regen-und-sonnenlicht-einfache-montage\\\/#primaryimage\"},\"image\":{\"@id\":\"https:\\\/\\\/easyliferobo.com\\\/de\\\/product\\\/worx-wa0825-vision-garage-fuer-landroid-vision-maehroboter-klappbares-vordach-schutz-vor-wind-laub-regen-und-sonnenlicht-einfache-montage\\\/#primaryimage\"},\"thumbnailUrl\":\"https:\\\/\\\/easyliferobo.com\\\/de\\\/wp-content\\\/uploads\\\/2026\\\/02\\\/51mpg1U41rL._AC_SL1500_.jpg\",\"datePublished\":\"2026-02-27T05:48:31+00:00\",\"dateModified\":\"2026-02-27T05:48:40+00:00\",\"description\":\"Entdecken Sie smarte Roboter f\u00fcr Zuhause, Garten, Bildung und Sicherheit. Vergleichen Sie Saugroboter, Rasenm\u00e4hroboter, KI-Begleitroboter und mehr bei EasyLifeRobo.\",\"breadcrumb\":{\"@id\":\"https:\\\/\\\/easyliferobo.com\\\/de\\\/product\\\/worx-wa0825-vision-garage-fuer-landroid-vision-maehroboter-klappbares-vordach-schutz-vor-wind-laub-regen-und-sonnenlicht-einfache-montage\\\/#breadcrumb\"},\"inLanguage\":\"de\",\"potentialAction\":[{\"@type\":\"ReadAction\",\"target\":[\"https:\\\/\\\/easyliferobo.com\\\/de\\\/product\\\/worx-wa0825-vision-garage-fuer-landroid-vision-maehroboter-klappbares-vordach-schutz-vor-wind-laub-regen-und-sonnenlicht-einfache-montage\\\/\"]}]},{\"@type\":\"ImageObject\",\"inLanguage\":\"de\",\"@id\":\"https:\\\/\\\/easyliferobo.com\\\/de\\\/product\\\/worx-wa0825-vision-garage-fuer-landroid-vision-maehroboter-klappbares-vordach-schutz-vor-wind-laub-regen-und-sonnenlicht-einfache-montage\\\/#primaryimage\",\"url\":\"https:\\\/\\\/easyliferobo.com\\\/de\\\/wp-content\\\/uploads\\\/2026\\\/02\\\/51mpg1U41rL._AC_SL1500_.jpg\",\"contentUrl\":\"https:\\\/\\\/easyliferobo.com\\\/de\\\/wp-content\\\/uploads\\\/2026\\\/02\\\/51mpg1U41rL._AC_SL1500_.jpg\",\"width\":1500,\"height\":999},{\"@type\":\"BreadcrumbList\",\"@id\":\"https:\\\/\\\/easyliferobo.com\\\/de\\\/product\\\/worx-wa0825-vision-garage-fuer-landroid-vision-maehroboter-klappbares-vordach-schutz-vor-wind-laub-regen-und-sonnenlicht-einfache-montage\\\/#breadcrumb\",\"itemListElement\":[{\"@type\":\"ListItem\",\"position\":1,\"name\":\"Home\",\"item\":\"https:\\\/\\\/easyliferobo.com\\\/de\\\/\"},{\"@type\":\"ListItem\",\"position\":2,\"name\":\"Shop\",\"item\":\"https:\\\/\\\/easyliferobo.com\\\/de\\\/shop\\\/\"},{\"@type\":\"ListItem\",\"position\":3,\"name\":\"WORX WA0825 Vision Garage f\u00fcr Land...\"}]},{\"@type\":\"WebSite\",\"@id\":\"https:\\\/\\\/easyliferobo.com\\\/de\\\/#website\",\"url\":\"https:\\\/\\\/easyliferobo.com\\\/de\\\/\",\"name\":\"EasyLifeBro\",\"description\":\"Smarte Roboter f\u00fcr Zuhause, Garten &amp; Bildung\",\"publisher\":{\"@id\":\"https:\\\/\\\/easyliferobo.com\\\/de\\\/#organization\"},\"potentialAction\":[{\"@type\":\"SearchAction\",\"target\":{\"@type\":\"EntryPoint\",\"urlTemplate\":\"https:\\\/\\\/easyliferobo.com\\\/de\\\/?s={search_term_string}\"},\"query-input\":{\"@type\":\"PropertyValueSpecification\",\"valueRequired\":true,\"valueName\":\"search_term_string\"}}],\"inLanguage\":\"de\"},{\"@type\":\"Organization\",\"@id\":\"https:\\\/\\\/easyliferobo.com\\\/de\\\/#organization\",\"name\":\"EasyLifeBro\",\"url\":\"https:\\\/\\\/easyliferobo.com\\\/de\\\/\",\"logo\":{\"@type\":\"ImageObject\",\"inLanguage\":\"de\",\"@id\":\"https:\\\/\\\/easyliferobo.com\\\/de\\\/#\\\/schema\\\/logo\\\/image\\\/\",\"url\":\"https:\\\/\\\/easyliferobo.com\\\/de\\\/wp-content\\\/uploads\\\/2026\\\/02\\\/Screenshot-2026-02-22-at-2.25.03-PM.png\",\"contentUrl\":\"https:\\\/\\\/easyliferobo.com\\\/de\\\/wp-content\\\/uploads\\\/2026\\\/02\\\/Screenshot-2026-02-22-at-2.25.03-PM.png\",\"width\":1858,\"height\":430,\"caption\":\"EasyLifeBro\"},\"image\":{\"@id\":\"https:\\\/\\\/easyliferobo.com\\\/de\\\/#\\\/schema\\\/logo\\\/image\\\/\"}}]}<\/script>\n<!-- \/ Yoast SEO plugin. -->","yoast_head_json":{"title":"WORX WA0825 Vision Garage f\u00fcr Landroid Vision M\u00e4hroboter, klappbares Vordach, Schutz vor Wind, Laub, Regen und Sonnenlicht, einfache Montage - EasyLifeBro","description":"Entdecken Sie smarte Roboter f\u00fcr Zuhause, Garten, Bildung und Sicherheit. Vergleichen Sie Saugroboter, Rasenm\u00e4hroboter, KI-Begleitroboter und mehr bei EasyLifeRobo.","robots":{"index":"index","follow":"follow","max-snippet":"max-snippet:-1","max-image-preview":"max-image-preview:large","max-video-preview":"max-video-preview:-1"},"canonical":"https:\/\/easyliferobo.com\/de\/product\/worx-wa0825-vision-garage-fuer-landroid-vision-maehroboter-klappbares-vordach-schutz-vor-wind-laub-regen-und-sonnenlicht-einfache-montage\/","og_locale":"de_DE","og_type":"article","og_title":"WORX WA0825 Vision Garage f\u00fcr Landroid Vision M\u00e4hroboter, klappbares Vordach, Schutz vor Wind, Laub, Regen und Sonnenlicht, einfache Montage - EasyLifeBro","og_description":"Entdecken Sie smarte Roboter f\u00fcr Zuhause, Garten, Bildung und Sicherheit. Vergleichen Sie Saugroboter, Rasenm\u00e4hroboter, KI-Begleitroboter und mehr bei EasyLifeRobo.","og_url":"https:\/\/easyliferobo.com\/de\/product\/worx-wa0825-vision-garage-fuer-landroid-vision-maehroboter-klappbares-vordach-schutz-vor-wind-laub-regen-und-sonnenlicht-einfache-montage\/","og_site_name":"EasyLifeBro","article_modified_time":"2026-02-27T05:48:40+00:00","twitter_card":"summary_large_image","twitter_misc":{"Gesch\u00e4tzte Lesezeit":"1\u00a0Minute"},"schema":{"@context":"https:\/\/schema.org","@graph":[{"@type":"WebPage","@id":"https:\/\/easyliferobo.com\/de\/product\/worx-wa0825-vision-garage-fuer-landroid-vision-maehroboter-klappbares-vordach-schutz-vor-wind-laub-regen-und-sonnenlicht-einfache-montage\/","url":"https:\/\/easyliferobo.com\/de\/product\/worx-wa0825-vision-garage-fuer-landroid-vision-maehroboter-klappbares-vordach-schutz-vor-wind-laub-regen-und-sonnenlicht-einfache-montage\/","name":"WORX WA0825 Vision Garage f\u00fcr Landroid Vision M\u00e4hroboter, klappbares Vordach, Schutz vor Wind, Laub, Regen und Sonnenlicht, einfache Montage - EasyLifeBro","isPartOf":{"@id":"https:\/\/easyliferobo.com\/de\/#website"},"primaryImageOfPage":{"@id":"https:\/\/easyliferobo.com\/de\/product\/worx-wa0825-vision-garage-fuer-landroid-vision-maehroboter-klappbares-vordach-schutz-vor-wind-laub-regen-und-sonnenlicht-einfache-montage\/#primaryimage"},"image":{"@id":"https:\/\/easyliferobo.com\/de\/product\/worx-wa0825-vision-garage-fuer-landroid-vision-maehroboter-klappbares-vordach-schutz-vor-wind-laub-regen-und-sonnenlicht-einfache-montage\/#primaryimage"},"thumbnailUrl":"https:\/\/easyliferobo.com\/de\/wp-content\/uploads\/2026\/02\/51mpg1U41rL._AC_SL1500_.jpg","datePublished":"2026-02-27T05:48:31+00:00","dateModified":"2026-02-27T05:48:40+00:00","description":"Entdecken Sie smarte Roboter f\u00fcr Zuhause, Garten, Bildung und Sicherheit. Vergleichen Sie Saugroboter, Rasenm\u00e4hroboter, KI-Begleitroboter und mehr bei EasyLifeRobo.","breadcrumb":{"@id":"https:\/\/easyliferobo.com\/de\/product\/worx-wa0825-vision-garage-fuer-landroid-vision-maehroboter-klappbares-vordach-schutz-vor-wind-laub-regen-und-sonnenlicht-einfache-montage\/#breadcrumb"},"inLanguage":"de","potentialAction":[{"@type":"ReadAction","target":["https:\/\/easyliferobo.com\/de\/product\/worx-wa0825-vision-garage-fuer-landroid-vision-maehroboter-klappbares-vordach-schutz-vor-wind-laub-regen-und-sonnenlicht-einfache-montage\/"]}]},{"@type":"ImageObject","inLanguage":"de","@id":"https:\/\/easyliferobo.com\/de\/product\/worx-wa0825-vision-garage-fuer-landroid-vision-maehroboter-klappbares-vordach-schutz-vor-wind-laub-regen-und-sonnenlicht-einfache-montage\/#primaryimage","url":"https:\/\/easyliferobo.com\/de\/wp-content\/uploads\/2026\/02\/51mpg1U41rL._AC_SL1500_.jpg","contentUrl":"https:\/\/easyliferobo.com\/de\/wp-content\/uploads\/2026\/02\/51mpg1U41rL._AC_SL1500_.jpg","width":1500,"height":999},{"@type":"BreadcrumbList","@id":"https:\/\/easyliferobo.com\/de\/product\/worx-wa0825-vision-garage-fuer-landroid-vision-maehroboter-klappbares-vordach-schutz-vor-wind-laub-regen-und-sonnenlicht-einfache-montage\/#breadcrumb","itemListElement":[{"@type":"ListItem","position":1,"name":"Home","item":"https:\/\/easyliferobo.com\/de\/"},{"@type":"ListItem","position":2,"name":"Shop","item":"https:\/\/easyliferobo.com\/de\/shop\/"},{"@type":"ListItem","position":3,"name":"WORX WA0825 Vision Garage f\u00fcr Land..."}]},{"@type":"WebSite","@id":"https:\/\/easyliferobo.com\/de\/#website","url":"https:\/\/easyliferobo.com\/de\/","name":"EasyLifeBro","description":"Smarte Roboter f\u00fcr Zuhause, Garten &amp; Bildung","publisher":{"@id":"https:\/\/easyliferobo.com\/de\/#organization"},"potentialAction":[{"@type":"SearchAction","target":{"@type":"EntryPoint","urlTemplate":"https:\/\/easyliferobo.com\/de\/?s={search_term_string}"},"query-input":{"@type":"PropertyValueSpecification","valueRequired":true,"valueName":"search_term_string"}}],"inLanguage":"de"},{"@type":"Organization","@id":"https:\/\/easyliferobo.com\/de\/#organization","name":"EasyLifeBro","url":"https:\/\/easyliferobo.com\/de\/","logo":{"@type":"ImageObject","inLanguage":"de","@id":"https:\/\/easyliferobo.com\/de\/#\/schema\/logo\/image\/","url":"https:\/\/easyliferobo.com\/de\/wp-content\/uploads\/2026\/02\/Screenshot-2026-02-22-at-2.25.03-PM.png","contentUrl":"https:\/\/easyliferobo.com\/de\/wp-content\/uploads\/2026\/02\/Screenshot-2026-02-22-at-2.25.03-PM.png","width":1858,"height":430,"caption":"EasyLifeBro"},"image":{"@id":"https:\/\/easyliferobo.com\/de\/#\/schema\/logo\/image\/"}}]}},"_links":{"self":[{"href":"https:\/\/easyliferobo.com\/de\/wp-json\/wp\/v2\/product\/2994","targetHints":{"allow":["GET"]}}],"collection":[{"href":"https:\/\/easyliferobo.com\/de\/wp-json\/wp\/v2\/product"}],"about":[{"href":"https:\/\/easyliferobo.com\/de\/wp-json\/wp\/v2\/types\/product"}],"replies":[{"embeddable":true,"href":"https:\/\/easyliferobo.com\/de\/wp-json\/wp\/v2\/comments?post=2994"}],"wp:featuredmedia":[{"embeddable":true,"href":"https:\/\/easyliferobo.com\/de\/wp-json\/wp\/v2\/media\/2995"}],"wp:attachment":[{"href":"https:\/\/easyliferobo.com\/de\/wp-json\/wp\/v2\/media?parent=2994"}],"wp:term":[{"taxonomy":"store","embeddable":true,"href":"https:\/\/easyliferobo.com\/de\/wp-json\/wp\/v2\/store?post=2994"},{"taxonomy":"product_brand","embeddable":true,"href":"https:\/\/easyliferobo.com\/de\/wp-json\/wp\/v2\/product_brand?post=2994"},{"taxonomy":"product_cat","embeddable":true,"href":"https:\/\/easyliferobo.com\/de\/wp-json\/wp\/v2\/product_cat?post=2994"},{"taxonomy":"product_tag","embeddable":true,"href":"https:\/\/easyliferobo.com\/de\/wp-json\/wp\/v2\/product_tag?post=2994"}],"curies":[{"name":"wp","href":"https:\/\/api.w.org\/{rel}","templated":true}]}}