
{"id":2984,"date":"2026-02-27T05:46:48","date_gmt":"2026-02-27T05:46:48","guid":{"rendered":"https:\/\/easyliferobo.com\/de\/product\/redkey-e6-saugroboter-mit-7000-pa-saugleistung-dynamischer-navigation-bis-zu-170-minuten-laufzeit-saugroboter-mit-ladestation-fernbedienung-und-app-ideal-fuer-tierhaare\/"},"modified":"2026-02-27T05:47:07","modified_gmt":"2026-02-27T05:47:07","slug":"redkey-e6-saugroboter-mit-7000-pa-saugleistung-dynamischer-navigation-bis-zu-170-minuten-laufzeit-saugroboter-mit-ladestation-fernbedienung-und-app-ideal-fuer-tierhaare","status":"publish","type":"product","link":"https:\/\/easyliferobo.com\/de\/product\/redkey-e6-saugroboter-mit-7000-pa-saugleistung-dynamischer-navigation-bis-zu-170-minuten-laufzeit-saugroboter-mit-ladestation-fernbedienung-und-app-ideal-fuer-tierhaare\/","title":{"rendered":"Redkey E6 Saugroboter mit 7000 Pa S..."},"content":{"rendered":"<p>\n                                             Von der Marke   <\/p>\n<p>                                              <img decoding=\"async\" alt=\"Aplus-Inhaltsbild\" src=\"https:\/\/images-na.ssl-images-amazon.com\/images\/G\/01\/x-locale\/common\/grey-pixel.gif\" class=\"a-lazy-loaded\" data-src=\"https:\/\/m.media-amazon.com\/images\/S\/aplus-media-library-service-media\/bfa03a13-f6c9-4c71-a5b0-b95fbcf51a98.__CR0,0,1464,625_PT0_SX1464_V1___.png\"><img decoding=\"async\" alt=\"Aplus-Inhaltsbild\" src=\"https:\/\/m.media-amazon.com\/images\/S\/aplus-media-library-service-media\/bfa03a13-f6c9-4c71-a5b0-b95fbcf51a98.__CR0,0,1464,625_PT0_SX1464_V1___.png\">  <\/p>\n<p>                                              <img decoding=\"async\" alt=\"\" src=\"https:\/\/images-na.ssl-images-amazon.com\/images\/G\/01\/x-locale\/common\/grey-pixel.gif\" class=\"a-lazy-loaded\" data-src=\"https:\/\/m.media-amazon.com\/images\/S\/aplus-media-library-service-media\/0e41a331-025f-4ac0-8cbe-8ed5cc30417c.__CR0,0,630,290_PT0_SX315_V1___.jpg\"><img decoding=\"async\" alt=\"\" src=\"https:\/\/m.media-amazon.com\/images\/S\/aplus-media-library-service-media\/0e41a331-025f-4ac0-8cbe-8ed5cc30417c.__CR0,0,630,290_PT0_SX315_V1___.jpg\">  <\/p>\n<h3>  Markenmission: <\/h3>\n<p>  Redkey ist eine Marke, die sich der Reinigung und Pflege des Zuhauses verschrieben hat. Sie \u00fcberschreitet die Grenzen der traditionellen Reinigung und bietet den Nutzern ein au\u00dfergew\u00f6hnliches Reinigungserlebnis. <\/p>\n<p>  Markenwerte: Qualit\u00e4t \u2013 Hergestellt aus hochwertigen Materialien f\u00fcr langlebige und stabile Leistung. Benutzererlebnis \u2013 Zuverl\u00e4ssige L\u00f6sungen und eine reibungslose Nutzung f\u00fcr ein sorgenfreies Reinigungserlebnis <\/p>\n<h3>  Redkey <\/h3>\n<p>                                              <img decoding=\"async\" alt=\"Aplus-Inhaltsbild\" src=\"https:\/\/images-na.ssl-images-amazon.com\/images\/G\/01\/x-locale\/common\/grey-pixel.gif\" class=\"a-lazy-loaded\" data-src=\"https:\/\/m.media-amazon.com\/images\/S\/aplus-media-library-service-media\/844ead74-181e-4c31-a3b6-5651af547fb2.__CR0,0,362,453_PT0_SX362_V1___.jpg\"><img decoding=\"async\" alt=\"Aplus-Inhaltsbild\" src=\"https:\/\/m.media-amazon.com\/images\/S\/aplus-media-library-service-media\/844ead74-181e-4c31-a3b6-5651af547fb2.__CR0,0,362,453_PT0_SX362_V1___.jpg\">  <\/p>\n<p>Starke 7000 Pa Saugkraft und 3 Reinigungsstufen: Mit einer starken Saugkraft von 7000 Pa und einem effizienten 3-Stufen-Reinigungssystem entfernt der Redkey E6 zuverl\u00e4ssig Tierhaare, Kr\u00fcmel und Staub. Die innovative Schabertechnik mit Schwebeschaber erreicht selbst tiefe Fugen und Teppichkanten \u2013 ideal bei unebenen B\u00f6den und gr\u00fcndlicher Reinigung.<br \/>Intelligente Navigation und Schutz durch Sensoren: Dank dynamischer Zickzack-Navigation reinigt der Roboter systematisch und effizient, anstatt wahllos durch den Raum zu fahren. Pr\u00e4zise Sensoren verhindern St\u00fcrze auf Treppen sowie Kollisionen mit M\u00f6beln und W\u00e4nden \u2013 f\u00fcr eine sichere und schonende Reinigung in Ihrem Zuhause.<br \/>Einfache Steuerung per App und Fernbedienung: In nur drei Schritten wird der E6 mit der App verbunden. Mit der App k\u00f6nnen Sie Reinigungspl\u00e4ne erstellen, Modi wechseln und die Saugleistung individuell anpassen. Dar\u00fcber hinaus ist eine Fernbedienung erh\u00e4ltlich, sodass der Saugroboter auch ohne WLAN oder Smartphone bequem bedient werden kann. Sie k\u00f6nnen den Staubsaugerroboter auch \u00fcber Google Assistant oder Alexa steuern.<br \/>Kompaktes Design und gro\u00dfe Staubbox: Mit einer H\u00f6he von nur 7,5 cm gelangt der Staubsaugerroboter problemlos unter Betten, Sofas und andere M\u00f6bel. Die gro\u00dfz\u00fcgige Staubbox mit 600 ml Fassungsverm\u00f6gen nimmt jede Menge Schmutz auf, w\u00e4hrend das dreifache HEPA-Filtersystem feine Staubpartikel zuverl\u00e4ssig zur\u00fcckh\u00e4lt und so f\u00fcr saubere Raumluft sorgt.<br \/>Lange Laufzeit und automatisches Laden: Im leisen Modus erreicht der Redkey E6 eine Laufzeit von bis zu 170 Minuten und reinigt so gro\u00dfe Wohnbereiche in einem Durchgang. Sobald der Akkustand sinkt oder die Reinigung abgeschlossen ist, kehrt das Ger\u00e4t automatisch zur Ladestation zur\u00fcck und ist sofort f\u00fcr den n\u00e4chsten Einsatz bereit.<br \/>Lieferumfang: 1 x Roboterstaubsauger E6, 2 x Seitenb\u00fcrsten, 2 x Filter, 1 x Staubbeh\u00e4lter, 1 x Fernbedienung, 1 x Reinigungsb\u00fcrste, 1 x Ladestation und Netzteil, 1 x Bedienungsanleitung. 12 Monate Garantie und sorgenfreier Kundendienst.<\/p>\n<p>[ad_2]<\/p>\n","protected":false},"excerpt":{"rendered":"<p>Von der Marke Markenmission: Redkey ist eine Marke, die sich der Reinigung und Pflege des Zuhauses verschrieben hat. Sie \u00fcberschreitet die Grenzen der traditionellen Reinigung und bietet den Nutzern ein au\u00dfergew\u00f6hnliches Reinigungserlebnis. Markenwerte: Qualit\u00e4t \u2013 Hergestellt aus hochwertigen Materialien f\u00fcr langlebige und stabile Leistung. Benutzererlebnis \u2013 Zuverl\u00e4ssige L\u00f6sungen und eine reibungslose Nutzung f\u00fcr ein sorgenfreies [&hellip;]<\/p>\n","protected":false},"featured_media":2985,"comment_status":"open","ping_status":"closed","template":"","meta":{"_aipt_faq_data":""},"store":[],"product_brand":[418],"product_cat":[88],"product_tag":[235],"class_list":{"0":"post-2984","1":"product","2":"type-product","3":"status-publish","4":"has-post-thumbnail","6":"product_brand-redkey","7":"product_cat-interaktive-spielzeugroboter","8":"product_tag-interaktive-spielzeugroboter-programmierbar","10":"first","11":"instock","12":"shipping-taxable","13":"product-type-external"},"yoast_head":"<!-- This site is optimized with the Yoast SEO plugin v27.0 - https:\/\/yoast.com\/product\/yoast-seo-wordpress\/ -->\n<title>Redkey E6 Saugroboter mit 7000 Pa Saugleistung, dynamischer Navigation, bis zu 170 Minuten Laufzeit, Saugroboter mit Ladestation, Fernbedienung und App, ideal f\u00fcr Tierhaare - EasyLifeBro<\/title>\n<meta name=\"description\" content=\"Entdecken Sie smarte Roboter f\u00fcr Zuhause, Garten, Bildung und Sicherheit. Vergleichen Sie Saugroboter, Rasenm\u00e4hroboter, KI-Begleitroboter und mehr bei EasyLifeRobo.\" \/>\n<meta name=\"robots\" content=\"index, follow, max-snippet:-1, max-image-preview:large, max-video-preview:-1\" \/>\n<link rel=\"canonical\" href=\"https:\/\/easyliferobo.com\/de\/product\/redkey-e6-saugroboter-mit-7000-pa-saugleistung-dynamischer-navigation-bis-zu-170-minuten-laufzeit-saugroboter-mit-ladestation-fernbedienung-und-app-ideal-fuer-tierhaare\/\" \/>\n<meta property=\"og:locale\" content=\"de_DE\" \/>\n<meta property=\"og:type\" content=\"article\" \/>\n<meta property=\"og:title\" content=\"Redkey E6 Saugroboter mit 7000 Pa Saugleistung, dynamischer Navigation, bis zu 170 Minuten Laufzeit, Saugroboter mit Ladestation, Fernbedienung und App, ideal f\u00fcr Tierhaare - EasyLifeBro\" \/>\n<meta property=\"og:description\" content=\"Entdecken Sie smarte Roboter f\u00fcr Zuhause, Garten, Bildung und Sicherheit. Vergleichen Sie Saugroboter, Rasenm\u00e4hroboter, KI-Begleitroboter und mehr bei EasyLifeRobo.\" \/>\n<meta property=\"og:url\" content=\"https:\/\/easyliferobo.com\/de\/product\/redkey-e6-saugroboter-mit-7000-pa-saugleistung-dynamischer-navigation-bis-zu-170-minuten-laufzeit-saugroboter-mit-ladestation-fernbedienung-und-app-ideal-fuer-tierhaare\/\" \/>\n<meta property=\"og:site_name\" content=\"EasyLifeBro\" \/>\n<meta property=\"article:modified_time\" content=\"2026-02-27T05:47:07+00:00\" \/>\n<meta property=\"og:image\" content=\"https:\/\/images-na.ssl-images-amazon.com\/images\/G\/01\/x-locale\/common\/grey-pixel.gif\" \/>\n<meta name=\"twitter:card\" content=\"summary_large_image\" \/>\n<meta name=\"twitter:label1\" content=\"Gesch\u00e4tzte Lesezeit\" \/>\n\t<meta name=\"twitter:data1\" content=\"2\u00a0Minuten\" \/>\n<script type=\"application\/ld+json\" class=\"yoast-schema-graph\">{\"@context\":\"https:\/\/schema.org\",\"@graph\":[{\"@type\":\"WebPage\",\"@id\":\"https:\/\/easyliferobo.com\/de\/product\/redkey-e6-saugroboter-mit-7000-pa-saugleistung-dynamischer-navigation-bis-zu-170-minuten-laufzeit-saugroboter-mit-ladestation-fernbedienung-und-app-ideal-fuer-tierhaare\/\",\"url\":\"https:\/\/easyliferobo.com\/de\/product\/redkey-e6-saugroboter-mit-7000-pa-saugleistung-dynamischer-navigation-bis-zu-170-minuten-laufzeit-saugroboter-mit-ladestation-fernbedienung-und-app-ideal-fuer-tierhaare\/\",\"name\":\"Redkey E6 Saugroboter mit 7000 Pa Saugleistung, dynamischer Navigation, bis zu 170 Minuten Laufzeit, Saugroboter mit Ladestation, Fernbedienung und App, ideal f\u00fcr Tierhaare - EasyLifeBro\",\"isPartOf\":{\"@id\":\"https:\/\/easyliferobo.com\/de\/#website\"},\"primaryImageOfPage\":{\"@id\":\"https:\/\/easyliferobo.com\/de\/product\/redkey-e6-saugroboter-mit-7000-pa-saugleistung-dynamischer-navigation-bis-zu-170-minuten-laufzeit-saugroboter-mit-ladestation-fernbedienung-und-app-ideal-fuer-tierhaare\/#primaryimage\"},\"image\":{\"@id\":\"https:\/\/easyliferobo.com\/de\/product\/redkey-e6-saugroboter-mit-7000-pa-saugleistung-dynamischer-navigation-bis-zu-170-minuten-laufzeit-saugroboter-mit-ladestation-fernbedienung-und-app-ideal-fuer-tierhaare\/#primaryimage\"},\"thumbnailUrl\":\"https:\/\/easyliferobo.com\/de\/wp-content\/uploads\/2026\/02\/613Sq-7lnQL._AC_SL1500_.jpg\",\"datePublished\":\"2026-02-27T05:46:48+00:00\",\"dateModified\":\"2026-02-27T05:47:07+00:00\",\"description\":\"Entdecken Sie smarte Roboter f\u00fcr Zuhause, Garten, Bildung und Sicherheit. Vergleichen Sie Saugroboter, Rasenm\u00e4hroboter, KI-Begleitroboter und mehr bei EasyLifeRobo.\",\"breadcrumb\":{\"@id\":\"https:\/\/easyliferobo.com\/de\/product\/redkey-e6-saugroboter-mit-7000-pa-saugleistung-dynamischer-navigation-bis-zu-170-minuten-laufzeit-saugroboter-mit-ladestation-fernbedienung-und-app-ideal-fuer-tierhaare\/#breadcrumb\"},\"inLanguage\":\"de\",\"potentialAction\":[{\"@type\":\"ReadAction\",\"target\":[\"https:\/\/easyliferobo.com\/de\/product\/redkey-e6-saugroboter-mit-7000-pa-saugleistung-dynamischer-navigation-bis-zu-170-minuten-laufzeit-saugroboter-mit-ladestation-fernbedienung-und-app-ideal-fuer-tierhaare\/\"]}]},{\"@type\":\"ImageObject\",\"inLanguage\":\"de\",\"@id\":\"https:\/\/easyliferobo.com\/de\/product\/redkey-e6-saugroboter-mit-7000-pa-saugleistung-dynamischer-navigation-bis-zu-170-minuten-laufzeit-saugroboter-mit-ladestation-fernbedienung-und-app-ideal-fuer-tierhaare\/#primaryimage\",\"url\":\"https:\/\/easyliferobo.com\/de\/wp-content\/uploads\/2026\/02\/613Sq-7lnQL._AC_SL1500_.jpg\",\"contentUrl\":\"https:\/\/easyliferobo.com\/de\/wp-content\/uploads\/2026\/02\/613Sq-7lnQL._AC_SL1500_.jpg\",\"width\":1301,\"height\":1395},{\"@type\":\"BreadcrumbList\",\"@id\":\"https:\/\/easyliferobo.com\/de\/product\/redkey-e6-saugroboter-mit-7000-pa-saugleistung-dynamischer-navigation-bis-zu-170-minuten-laufzeit-saugroboter-mit-ladestation-fernbedienung-und-app-ideal-fuer-tierhaare\/#breadcrumb\",\"itemListElement\":[{\"@type\":\"ListItem\",\"position\":1,\"name\":\"Home\",\"item\":\"https:\/\/easyliferobo.com\/de\/\"},{\"@type\":\"ListItem\",\"position\":2,\"name\":\"Shop\",\"item\":\"https:\/\/easyliferobo.com\/de\/shop\/\"},{\"@type\":\"ListItem\",\"position\":3,\"name\":\"Redkey E6 Saugroboter mit 7000 Pa S...\"}]},{\"@type\":\"WebSite\",\"@id\":\"https:\/\/easyliferobo.com\/de\/#website\",\"url\":\"https:\/\/easyliferobo.com\/de\/\",\"name\":\"EasyLifeBro\",\"description\":\"Smarte Roboter f\u00fcr Zuhause, Garten &amp; Bildung\",\"publisher\":{\"@id\":\"https:\/\/easyliferobo.com\/de\/#organization\"},\"potentialAction\":[{\"@type\":\"SearchAction\",\"target\":{\"@type\":\"EntryPoint\",\"urlTemplate\":\"https:\/\/easyliferobo.com\/de\/?s={search_term_string}\"},\"query-input\":{\"@type\":\"PropertyValueSpecification\",\"valueRequired\":true,\"valueName\":\"search_term_string\"}}],\"inLanguage\":\"de\"},{\"@type\":\"Organization\",\"@id\":\"https:\/\/easyliferobo.com\/de\/#organization\",\"name\":\"EasyLifeBro\",\"url\":\"https:\/\/easyliferobo.com\/de\/\",\"logo\":{\"@type\":\"ImageObject\",\"inLanguage\":\"de\",\"@id\":\"https:\/\/easyliferobo.com\/de\/#\/schema\/logo\/image\/\",\"url\":\"https:\/\/easyliferobo.com\/de\/wp-content\/uploads\/2026\/02\/Screenshot-2026-02-22-at-2.25.03-PM.png\",\"contentUrl\":\"https:\/\/easyliferobo.com\/de\/wp-content\/uploads\/2026\/02\/Screenshot-2026-02-22-at-2.25.03-PM.png\",\"width\":1858,\"height\":430,\"caption\":\"EasyLifeBro\"},\"image\":{\"@id\":\"https:\/\/easyliferobo.com\/de\/#\/schema\/logo\/image\/\"}}]}<\/script>\n<!-- \/ Yoast SEO plugin. -->","yoast_head_json":{"title":"Redkey E6 Saugroboter mit 7000 Pa Saugleistung, dynamischer Navigation, bis zu 170 Minuten Laufzeit, Saugroboter mit Ladestation, Fernbedienung und App, ideal f\u00fcr Tierhaare - EasyLifeBro","description":"Entdecken Sie smarte Roboter f\u00fcr Zuhause, Garten, Bildung und Sicherheit. Vergleichen Sie Saugroboter, Rasenm\u00e4hroboter, KI-Begleitroboter und mehr bei EasyLifeRobo.","robots":{"index":"index","follow":"follow","max-snippet":"max-snippet:-1","max-image-preview":"max-image-preview:large","max-video-preview":"max-video-preview:-1"},"canonical":"https:\/\/easyliferobo.com\/de\/product\/redkey-e6-saugroboter-mit-7000-pa-saugleistung-dynamischer-navigation-bis-zu-170-minuten-laufzeit-saugroboter-mit-ladestation-fernbedienung-und-app-ideal-fuer-tierhaare\/","og_locale":"de_DE","og_type":"article","og_title":"Redkey E6 Saugroboter mit 7000 Pa Saugleistung, dynamischer Navigation, bis zu 170 Minuten Laufzeit, Saugroboter mit Ladestation, Fernbedienung und App, ideal f\u00fcr Tierhaare - EasyLifeBro","og_description":"Entdecken Sie smarte Roboter f\u00fcr Zuhause, Garten, Bildung und Sicherheit. Vergleichen Sie Saugroboter, Rasenm\u00e4hroboter, KI-Begleitroboter und mehr bei EasyLifeRobo.","og_url":"https:\/\/easyliferobo.com\/de\/product\/redkey-e6-saugroboter-mit-7000-pa-saugleistung-dynamischer-navigation-bis-zu-170-minuten-laufzeit-saugroboter-mit-ladestation-fernbedienung-und-app-ideal-fuer-tierhaare\/","og_site_name":"EasyLifeBro","article_modified_time":"2026-02-27T05:47:07+00:00","og_image":[{"url":"https:\/\/images-na.ssl-images-amazon.com\/images\/G\/01\/x-locale\/common\/grey-pixel.gif","type":"","width":"","height":""}],"twitter_card":"summary_large_image","twitter_misc":{"Gesch\u00e4tzte Lesezeit":"2\u00a0Minuten"},"schema":{"@context":"https:\/\/schema.org","@graph":[{"@type":"WebPage","@id":"https:\/\/easyliferobo.com\/de\/product\/redkey-e6-saugroboter-mit-7000-pa-saugleistung-dynamischer-navigation-bis-zu-170-minuten-laufzeit-saugroboter-mit-ladestation-fernbedienung-und-app-ideal-fuer-tierhaare\/","url":"https:\/\/easyliferobo.com\/de\/product\/redkey-e6-saugroboter-mit-7000-pa-saugleistung-dynamischer-navigation-bis-zu-170-minuten-laufzeit-saugroboter-mit-ladestation-fernbedienung-und-app-ideal-fuer-tierhaare\/","name":"Redkey E6 Saugroboter mit 7000 Pa Saugleistung, dynamischer Navigation, bis zu 170 Minuten Laufzeit, Saugroboter mit Ladestation, Fernbedienung und App, ideal f\u00fcr Tierhaare - EasyLifeBro","isPartOf":{"@id":"https:\/\/easyliferobo.com\/de\/#website"},"primaryImageOfPage":{"@id":"https:\/\/easyliferobo.com\/de\/product\/redkey-e6-saugroboter-mit-7000-pa-saugleistung-dynamischer-navigation-bis-zu-170-minuten-laufzeit-saugroboter-mit-ladestation-fernbedienung-und-app-ideal-fuer-tierhaare\/#primaryimage"},"image":{"@id":"https:\/\/easyliferobo.com\/de\/product\/redkey-e6-saugroboter-mit-7000-pa-saugleistung-dynamischer-navigation-bis-zu-170-minuten-laufzeit-saugroboter-mit-ladestation-fernbedienung-und-app-ideal-fuer-tierhaare\/#primaryimage"},"thumbnailUrl":"https:\/\/easyliferobo.com\/de\/wp-content\/uploads\/2026\/02\/613Sq-7lnQL._AC_SL1500_.jpg","datePublished":"2026-02-27T05:46:48+00:00","dateModified":"2026-02-27T05:47:07+00:00","description":"Entdecken Sie smarte Roboter f\u00fcr Zuhause, Garten, Bildung und Sicherheit. Vergleichen Sie Saugroboter, Rasenm\u00e4hroboter, KI-Begleitroboter und mehr bei EasyLifeRobo.","breadcrumb":{"@id":"https:\/\/easyliferobo.com\/de\/product\/redkey-e6-saugroboter-mit-7000-pa-saugleistung-dynamischer-navigation-bis-zu-170-minuten-laufzeit-saugroboter-mit-ladestation-fernbedienung-und-app-ideal-fuer-tierhaare\/#breadcrumb"},"inLanguage":"de","potentialAction":[{"@type":"ReadAction","target":["https:\/\/easyliferobo.com\/de\/product\/redkey-e6-saugroboter-mit-7000-pa-saugleistung-dynamischer-navigation-bis-zu-170-minuten-laufzeit-saugroboter-mit-ladestation-fernbedienung-und-app-ideal-fuer-tierhaare\/"]}]},{"@type":"ImageObject","inLanguage":"de","@id":"https:\/\/easyliferobo.com\/de\/product\/redkey-e6-saugroboter-mit-7000-pa-saugleistung-dynamischer-navigation-bis-zu-170-minuten-laufzeit-saugroboter-mit-ladestation-fernbedienung-und-app-ideal-fuer-tierhaare\/#primaryimage","url":"https:\/\/easyliferobo.com\/de\/wp-content\/uploads\/2026\/02\/613Sq-7lnQL._AC_SL1500_.jpg","contentUrl":"https:\/\/easyliferobo.com\/de\/wp-content\/uploads\/2026\/02\/613Sq-7lnQL._AC_SL1500_.jpg","width":1301,"height":1395},{"@type":"BreadcrumbList","@id":"https:\/\/easyliferobo.com\/de\/product\/redkey-e6-saugroboter-mit-7000-pa-saugleistung-dynamischer-navigation-bis-zu-170-minuten-laufzeit-saugroboter-mit-ladestation-fernbedienung-und-app-ideal-fuer-tierhaare\/#breadcrumb","itemListElement":[{"@type":"ListItem","position":1,"name":"Home","item":"https:\/\/easyliferobo.com\/de\/"},{"@type":"ListItem","position":2,"name":"Shop","item":"https:\/\/easyliferobo.com\/de\/shop\/"},{"@type":"ListItem","position":3,"name":"Redkey E6 Saugroboter mit 7000 Pa S..."}]},{"@type":"WebSite","@id":"https:\/\/easyliferobo.com\/de\/#website","url":"https:\/\/easyliferobo.com\/de\/","name":"EasyLifeBro","description":"Smarte Roboter f\u00fcr Zuhause, Garten &amp; Bildung","publisher":{"@id":"https:\/\/easyliferobo.com\/de\/#organization"},"potentialAction":[{"@type":"SearchAction","target":{"@type":"EntryPoint","urlTemplate":"https:\/\/easyliferobo.com\/de\/?s={search_term_string}"},"query-input":{"@type":"PropertyValueSpecification","valueRequired":true,"valueName":"search_term_string"}}],"inLanguage":"de"},{"@type":"Organization","@id":"https:\/\/easyliferobo.com\/de\/#organization","name":"EasyLifeBro","url":"https:\/\/easyliferobo.com\/de\/","logo":{"@type":"ImageObject","inLanguage":"de","@id":"https:\/\/easyliferobo.com\/de\/#\/schema\/logo\/image\/","url":"https:\/\/easyliferobo.com\/de\/wp-content\/uploads\/2026\/02\/Screenshot-2026-02-22-at-2.25.03-PM.png","contentUrl":"https:\/\/easyliferobo.com\/de\/wp-content\/uploads\/2026\/02\/Screenshot-2026-02-22-at-2.25.03-PM.png","width":1858,"height":430,"caption":"EasyLifeBro"},"image":{"@id":"https:\/\/easyliferobo.com\/de\/#\/schema\/logo\/image\/"}}]}},"_links":{"self":[{"href":"https:\/\/easyliferobo.com\/de\/wp-json\/wp\/v2\/product\/2984","targetHints":{"allow":["GET"]}}],"collection":[{"href":"https:\/\/easyliferobo.com\/de\/wp-json\/wp\/v2\/product"}],"about":[{"href":"https:\/\/easyliferobo.com\/de\/wp-json\/wp\/v2\/types\/product"}],"replies":[{"embeddable":true,"href":"https:\/\/easyliferobo.com\/de\/wp-json\/wp\/v2\/comments?post=2984"}],"wp:featuredmedia":[{"embeddable":true,"href":"https:\/\/easyliferobo.com\/de\/wp-json\/wp\/v2\/media\/2985"}],"wp:attachment":[{"href":"https:\/\/easyliferobo.com\/de\/wp-json\/wp\/v2\/media?parent=2984"}],"wp:term":[{"taxonomy":"store","embeddable":true,"href":"https:\/\/easyliferobo.com\/de\/wp-json\/wp\/v2\/store?post=2984"},{"taxonomy":"product_brand","embeddable":true,"href":"https:\/\/easyliferobo.com\/de\/wp-json\/wp\/v2\/product_brand?post=2984"},{"taxonomy":"product_cat","embeddable":true,"href":"https:\/\/easyliferobo.com\/de\/wp-json\/wp\/v2\/product_cat?post=2984"},{"taxonomy":"product_tag","embeddable":true,"href":"https:\/\/easyliferobo.com\/de\/wp-json\/wp\/v2\/product_tag?post=2984"}],"curies":[{"name":"wp","href":"https:\/\/api.w.org\/{rel}","templated":true}]}}