
{"id":2975,"date":"2026-02-27T05:45:23","date_gmt":"2026-02-27T05:45:23","guid":{"rendered":"https:\/\/easyliferobo.com\/de\/product\/roboter-fuer-kinder-ferngesteuerter-spielzeugroboter-mit-soundeffekten-programmierbar-roboter-mit-fernbedienung-robo-programmierbar\/"},"modified":"2026-02-27T05:45:50","modified_gmt":"2026-02-27T05:45:50","slug":"roboter-fuer-kinder-ferngesteuerter-spielzeugroboter-mit-soundeffekten-programmierbar-roboter-mit-fernbedienung-robo-programmierbar","status":"publish","type":"product","link":"https:\/\/easyliferobo.com\/de\/product\/roboter-fuer-kinder-ferngesteuerter-spielzeugroboter-mit-soundeffekten-programmierbar-roboter-mit-fernbedienung-robo-programmierbar\/","title":{"rendered":"Roboter f\u00fcr Kinder: Ferngesteuerte..."},"content":{"rendered":"<p>    <span>Zur\u00fcck in die Zukunft: Kindertr\u00e4ume erf\u00fcllen und f\u00fcr Spa\u00df sorgen <br \/>Auszeichnungen \/ Rezensionen \/ Pressestimmen: <br \/>Bestenz.de (22.01.): Fazit: \u201eMan kann viel Spa\u00df haben, viel lernen und wird kognitiv gefordert.\u201c <br \/>Der Spielgef\u00e4hrte aus der Zukunft: Der vielseitige Roboter tanzt, l\u00e4uft, f\u00e4hrt, dreht sich und spricht \u2013 und Ihr Kind \u00fcbernimmt die Kontrolle. Dank der Fernbedienung oder per Handgesten ist die Steuerung sehr einfach. Auch Papa wehrt sich nicht dagegen. <br \/>Spa\u00df ohne Grenzen: Winken Sie dem kleinen Kameraden zu oder programmieren Sie seine Schritte im Voraus. Sohn oder Tochter befehlen, was sie tun sollen \u2013 sich im Takt der Musik bewegen, an Hindernissen vorbeigehen und vieles mehr. <br \/>Effekte wie bei Science-Fiction-Klassikern: Bei jeder Bewegung des Roboters h\u00f6rst du coole Ger\u00e4usche \u2013 egal, ob er an Metallgelenken greift oder Schaltkreise piepst. Dazu leuchten seine Augen und blinken rot. Kindertr\u00e4ume werden wahr! <br \/>Ausdrucksstark, h\u00f6flich und nie langweilig: Der Roboter gr\u00fc\u00dft gut auf Englisch, singt und liest auf Wunsch spannende Geschichten vor. Ihre Kinder lernen spielerisch, w\u00e4hrend sie gemeinsam mit Ihrem Spielkameraden das n\u00e4chste Weltraumabenteuer bestehen! <br \/>Zubeh\u00f6r- und Mitbestellempfehlungen: <br \/>Batterien: B00JR8ZV5U, B00ARIWQCK<\/span>    <br \/>Vielseitiger Spielgef\u00e4hrte. Einfache Steuerung per Fernbedienung oder Gesten. Endloser Spa\u00df. Automatische Licht- und Soundeffekte<br \/>Spazierg\u00e4nge, T\u00e4nze und Fahrten, begleitet von Soundeffekten in alle Richtungen. Erz\u00e4hlt und spricht auf Englisch: liest 5 Fabeln. Steuerung auch per Handgesten dank 2 Infrarotsensoren. Stromversorgung Fernbedienung: 2 AAA\/Micro-Batterien (nicht im Lieferumfang enthalten)<br \/>Bis zu 30 Schritte programmierbar. 2 LED-Augen hinter dem Visier: leuchten beim Sprechen, Tanzen und Laufen. Ein\/Aus, Standby-Taste und Gestensensor am Roboterk\u00f6rper. Abmessungen des Roboters: 28 x 17 x 8,5 cm, Gewicht: 393 g<br \/>Spielt 13 bekannte Melodien und Kinderlieder. Volle Steuerung per Fernbedienung mit bis zu 8 Metern Reichweite. Stromversorgung Roboter: integrierter LiPo-Akku mit 350 mAh, bis zu 120 Minuten Laufzeit, Aufladung \u00fcber USB (USB-Netzteil bitte bestellen). Ma\u00dfe der Fernbedienung: 7,5 x 13 x 2,5 cm, Gewicht: 58 g<br \/>Roboter inklusive Fernbedienung, USB-Ladekabel und deutscher Anleitung. Robo \u2013 Au\u00dferdem relevant oder passend zu: programmierbar, ferngesteuert, Fernbedienung, Fernbedienung, Geschenkideen, Spielzeug, Induktion, Geschenke, Geschenk, Figuren, Spiele, Smart, Spiel, RC<\/p>\n<p>[ad_2]<\/p>\n","protected":false},"excerpt":{"rendered":"<p>Zur\u00fcck in die Zukunft: Kindertr\u00e4ume erf\u00fcllen und f\u00fcr Spa\u00df sorgen Auszeichnungen \/ Rezensionen \/ Pressestimmen: Bestenz.de (22.01.): Fazit: \u201eMan kann viel Spa\u00df haben, viel lernen und wird kognitiv gefordert.\u201c Der Spielgef\u00e4hrte aus der Zukunft: Der vielseitige Roboter tanzt, l\u00e4uft, f\u00e4hrt, dreht sich und spricht \u2013 und Ihr Kind \u00fcbernimmt die Kontrolle. Dank der Fernbedienung oder [&hellip;]<\/p>\n","protected":false},"featured_media":2976,"comment_status":"open","ping_status":"closed","template":"","meta":{"_aipt_faq_data":""},"store":[],"product_brand":[],"product_cat":[89],"product_tag":[233],"class_list":{"0":"post-2975","1":"product","2":"type-product","3":"status-publish","4":"has-post-thumbnail","6":"product_cat-roboter-mit-fernbedienung","7":"product_tag-roboter-mit-fernbedienung-programmierbar","9":"first","10":"instock","11":"sale","12":"shipping-taxable","13":"product-type-external"},"yoast_head":"<!-- This site is optimized with the Yoast SEO plugin v27.0 - https:\/\/yoast.com\/product\/yoast-seo-wordpress\/ -->\n<title>Roboter f\u00fcr Kinder: Ferngesteuerter Spielzeugroboter mit Soundeffekten, programmierbar (Roboter mit Fernbedienung, Robo, programmierbar) - EasyLifeBro<\/title>\n<meta name=\"description\" content=\"Entdecken Sie smarte Roboter f\u00fcr Zuhause, Garten, Bildung und Sicherheit. Vergleichen Sie Saugroboter, Rasenm\u00e4hroboter, KI-Begleitroboter und mehr bei EasyLifeRobo.\" \/>\n<meta name=\"robots\" content=\"index, follow, max-snippet:-1, max-image-preview:large, max-video-preview:-1\" \/>\n<link rel=\"canonical\" href=\"https:\/\/easyliferobo.com\/de\/product\/roboter-fuer-kinder-ferngesteuerter-spielzeugroboter-mit-soundeffekten-programmierbar-roboter-mit-fernbedienung-robo-programmierbar\/\" \/>\n<meta property=\"og:locale\" content=\"de_DE\" \/>\n<meta property=\"og:type\" content=\"article\" \/>\n<meta property=\"og:title\" content=\"Roboter f\u00fcr Kinder: Ferngesteuerter Spielzeugroboter mit Soundeffekten, programmierbar (Roboter mit Fernbedienung, Robo, programmierbar) - EasyLifeBro\" \/>\n<meta property=\"og:description\" content=\"Entdecken Sie smarte Roboter f\u00fcr Zuhause, Garten, Bildung und Sicherheit. Vergleichen Sie Saugroboter, Rasenm\u00e4hroboter, KI-Begleitroboter und mehr bei EasyLifeRobo.\" \/>\n<meta property=\"og:url\" content=\"https:\/\/easyliferobo.com\/de\/product\/roboter-fuer-kinder-ferngesteuerter-spielzeugroboter-mit-soundeffekten-programmierbar-roboter-mit-fernbedienung-robo-programmierbar\/\" \/>\n<meta property=\"og:site_name\" content=\"EasyLifeBro\" \/>\n<meta property=\"article:modified_time\" content=\"2026-02-27T05:45:50+00:00\" \/>\n<meta name=\"twitter:card\" content=\"summary_large_image\" \/>\n<meta name=\"twitter:label1\" content=\"Gesch\u00e4tzte Lesezeit\" \/>\n\t<meta name=\"twitter:data1\" content=\"2\u00a0Minuten\" \/>\n<script type=\"application\/ld+json\" class=\"yoast-schema-graph\">{\"@context\":\"https:\/\/schema.org\",\"@graph\":[{\"@type\":\"WebPage\",\"@id\":\"https:\/\/easyliferobo.com\/de\/product\/roboter-fuer-kinder-ferngesteuerter-spielzeugroboter-mit-soundeffekten-programmierbar-roboter-mit-fernbedienung-robo-programmierbar\/\",\"url\":\"https:\/\/easyliferobo.com\/de\/product\/roboter-fuer-kinder-ferngesteuerter-spielzeugroboter-mit-soundeffekten-programmierbar-roboter-mit-fernbedienung-robo-programmierbar\/\",\"name\":\"Roboter f\u00fcr Kinder: Ferngesteuerter Spielzeugroboter mit Soundeffekten, programmierbar (Roboter mit Fernbedienung, Robo, programmierbar) - EasyLifeBro\",\"isPartOf\":{\"@id\":\"https:\/\/easyliferobo.com\/de\/#website\"},\"primaryImageOfPage\":{\"@id\":\"https:\/\/easyliferobo.com\/de\/product\/roboter-fuer-kinder-ferngesteuerter-spielzeugroboter-mit-soundeffekten-programmierbar-roboter-mit-fernbedienung-robo-programmierbar\/#primaryimage\"},\"image\":{\"@id\":\"https:\/\/easyliferobo.com\/de\/product\/roboter-fuer-kinder-ferngesteuerter-spielzeugroboter-mit-soundeffekten-programmierbar-roboter-mit-fernbedienung-robo-programmierbar\/#primaryimage\"},\"thumbnailUrl\":\"https:\/\/easyliferobo.com\/de\/wp-content\/uploads\/2026\/02\/617CNIyMTYL._AC_SL1300_.jpg\",\"datePublished\":\"2026-02-27T05:45:23+00:00\",\"dateModified\":\"2026-02-27T05:45:50+00:00\",\"description\":\"Entdecken Sie smarte Roboter f\u00fcr Zuhause, Garten, Bildung und Sicherheit. Vergleichen Sie Saugroboter, Rasenm\u00e4hroboter, KI-Begleitroboter und mehr bei EasyLifeRobo.\",\"breadcrumb\":{\"@id\":\"https:\/\/easyliferobo.com\/de\/product\/roboter-fuer-kinder-ferngesteuerter-spielzeugroboter-mit-soundeffekten-programmierbar-roboter-mit-fernbedienung-robo-programmierbar\/#breadcrumb\"},\"inLanguage\":\"de\",\"potentialAction\":[{\"@type\":\"ReadAction\",\"target\":[\"https:\/\/easyliferobo.com\/de\/product\/roboter-fuer-kinder-ferngesteuerter-spielzeugroboter-mit-soundeffekten-programmierbar-roboter-mit-fernbedienung-robo-programmierbar\/\"]}]},{\"@type\":\"ImageObject\",\"inLanguage\":\"de\",\"@id\":\"https:\/\/easyliferobo.com\/de\/product\/roboter-fuer-kinder-ferngesteuerter-spielzeugroboter-mit-soundeffekten-programmierbar-roboter-mit-fernbedienung-robo-programmierbar\/#primaryimage\",\"url\":\"https:\/\/easyliferobo.com\/de\/wp-content\/uploads\/2026\/02\/617CNIyMTYL._AC_SL1300_.jpg\",\"contentUrl\":\"https:\/\/easyliferobo.com\/de\/wp-content\/uploads\/2026\/02\/617CNIyMTYL._AC_SL1300_.jpg\",\"width\":1285,\"height\":1169},{\"@type\":\"BreadcrumbList\",\"@id\":\"https:\/\/easyliferobo.com\/de\/product\/roboter-fuer-kinder-ferngesteuerter-spielzeugroboter-mit-soundeffekten-programmierbar-roboter-mit-fernbedienung-robo-programmierbar\/#breadcrumb\",\"itemListElement\":[{\"@type\":\"ListItem\",\"position\":1,\"name\":\"Home\",\"item\":\"https:\/\/easyliferobo.com\/de\/\"},{\"@type\":\"ListItem\",\"position\":2,\"name\":\"Shop\",\"item\":\"https:\/\/easyliferobo.com\/de\/shop\/\"},{\"@type\":\"ListItem\",\"position\":3,\"name\":\"Roboter f\u00fcr Kinder: Ferngesteuerte...\"}]},{\"@type\":\"WebSite\",\"@id\":\"https:\/\/easyliferobo.com\/de\/#website\",\"url\":\"https:\/\/easyliferobo.com\/de\/\",\"name\":\"EasyLifeBro\",\"description\":\"Smarte Roboter f\u00fcr Zuhause, Garten &amp; Bildung\",\"publisher\":{\"@id\":\"https:\/\/easyliferobo.com\/de\/#organization\"},\"potentialAction\":[{\"@type\":\"SearchAction\",\"target\":{\"@type\":\"EntryPoint\",\"urlTemplate\":\"https:\/\/easyliferobo.com\/de\/?s={search_term_string}\"},\"query-input\":{\"@type\":\"PropertyValueSpecification\",\"valueRequired\":true,\"valueName\":\"search_term_string\"}}],\"inLanguage\":\"de\"},{\"@type\":\"Organization\",\"@id\":\"https:\/\/easyliferobo.com\/de\/#organization\",\"name\":\"EasyLifeBro\",\"url\":\"https:\/\/easyliferobo.com\/de\/\",\"logo\":{\"@type\":\"ImageObject\",\"inLanguage\":\"de\",\"@id\":\"https:\/\/easyliferobo.com\/de\/#\/schema\/logo\/image\/\",\"url\":\"https:\/\/easyliferobo.com\/de\/wp-content\/uploads\/2026\/02\/Screenshot-2026-02-22-at-2.25.03-PM.png\",\"contentUrl\":\"https:\/\/easyliferobo.com\/de\/wp-content\/uploads\/2026\/02\/Screenshot-2026-02-22-at-2.25.03-PM.png\",\"width\":1858,\"height\":430,\"caption\":\"EasyLifeBro\"},\"image\":{\"@id\":\"https:\/\/easyliferobo.com\/de\/#\/schema\/logo\/image\/\"}}]}<\/script>\n<!-- \/ Yoast SEO plugin. -->","yoast_head_json":{"title":"Roboter f\u00fcr Kinder: Ferngesteuerter Spielzeugroboter mit Soundeffekten, programmierbar (Roboter mit Fernbedienung, Robo, programmierbar) - EasyLifeBro","description":"Entdecken Sie smarte Roboter f\u00fcr Zuhause, Garten, Bildung und Sicherheit. Vergleichen Sie Saugroboter, Rasenm\u00e4hroboter, KI-Begleitroboter und mehr bei EasyLifeRobo.","robots":{"index":"index","follow":"follow","max-snippet":"max-snippet:-1","max-image-preview":"max-image-preview:large","max-video-preview":"max-video-preview:-1"},"canonical":"https:\/\/easyliferobo.com\/de\/product\/roboter-fuer-kinder-ferngesteuerter-spielzeugroboter-mit-soundeffekten-programmierbar-roboter-mit-fernbedienung-robo-programmierbar\/","og_locale":"de_DE","og_type":"article","og_title":"Roboter f\u00fcr Kinder: Ferngesteuerter Spielzeugroboter mit Soundeffekten, programmierbar (Roboter mit Fernbedienung, Robo, programmierbar) - EasyLifeBro","og_description":"Entdecken Sie smarte Roboter f\u00fcr Zuhause, Garten, Bildung und Sicherheit. Vergleichen Sie Saugroboter, Rasenm\u00e4hroboter, KI-Begleitroboter und mehr bei EasyLifeRobo.","og_url":"https:\/\/easyliferobo.com\/de\/product\/roboter-fuer-kinder-ferngesteuerter-spielzeugroboter-mit-soundeffekten-programmierbar-roboter-mit-fernbedienung-robo-programmierbar\/","og_site_name":"EasyLifeBro","article_modified_time":"2026-02-27T05:45:50+00:00","twitter_card":"summary_large_image","twitter_misc":{"Gesch\u00e4tzte Lesezeit":"2\u00a0Minuten"},"schema":{"@context":"https:\/\/schema.org","@graph":[{"@type":"WebPage","@id":"https:\/\/easyliferobo.com\/de\/product\/roboter-fuer-kinder-ferngesteuerter-spielzeugroboter-mit-soundeffekten-programmierbar-roboter-mit-fernbedienung-robo-programmierbar\/","url":"https:\/\/easyliferobo.com\/de\/product\/roboter-fuer-kinder-ferngesteuerter-spielzeugroboter-mit-soundeffekten-programmierbar-roboter-mit-fernbedienung-robo-programmierbar\/","name":"Roboter f\u00fcr Kinder: Ferngesteuerter Spielzeugroboter mit Soundeffekten, programmierbar (Roboter mit Fernbedienung, Robo, programmierbar) - EasyLifeBro","isPartOf":{"@id":"https:\/\/easyliferobo.com\/de\/#website"},"primaryImageOfPage":{"@id":"https:\/\/easyliferobo.com\/de\/product\/roboter-fuer-kinder-ferngesteuerter-spielzeugroboter-mit-soundeffekten-programmierbar-roboter-mit-fernbedienung-robo-programmierbar\/#primaryimage"},"image":{"@id":"https:\/\/easyliferobo.com\/de\/product\/roboter-fuer-kinder-ferngesteuerter-spielzeugroboter-mit-soundeffekten-programmierbar-roboter-mit-fernbedienung-robo-programmierbar\/#primaryimage"},"thumbnailUrl":"https:\/\/easyliferobo.com\/de\/wp-content\/uploads\/2026\/02\/617CNIyMTYL._AC_SL1300_.jpg","datePublished":"2026-02-27T05:45:23+00:00","dateModified":"2026-02-27T05:45:50+00:00","description":"Entdecken Sie smarte Roboter f\u00fcr Zuhause, Garten, Bildung und Sicherheit. Vergleichen Sie Saugroboter, Rasenm\u00e4hroboter, KI-Begleitroboter und mehr bei EasyLifeRobo.","breadcrumb":{"@id":"https:\/\/easyliferobo.com\/de\/product\/roboter-fuer-kinder-ferngesteuerter-spielzeugroboter-mit-soundeffekten-programmierbar-roboter-mit-fernbedienung-robo-programmierbar\/#breadcrumb"},"inLanguage":"de","potentialAction":[{"@type":"ReadAction","target":["https:\/\/easyliferobo.com\/de\/product\/roboter-fuer-kinder-ferngesteuerter-spielzeugroboter-mit-soundeffekten-programmierbar-roboter-mit-fernbedienung-robo-programmierbar\/"]}]},{"@type":"ImageObject","inLanguage":"de","@id":"https:\/\/easyliferobo.com\/de\/product\/roboter-fuer-kinder-ferngesteuerter-spielzeugroboter-mit-soundeffekten-programmierbar-roboter-mit-fernbedienung-robo-programmierbar\/#primaryimage","url":"https:\/\/easyliferobo.com\/de\/wp-content\/uploads\/2026\/02\/617CNIyMTYL._AC_SL1300_.jpg","contentUrl":"https:\/\/easyliferobo.com\/de\/wp-content\/uploads\/2026\/02\/617CNIyMTYL._AC_SL1300_.jpg","width":1285,"height":1169},{"@type":"BreadcrumbList","@id":"https:\/\/easyliferobo.com\/de\/product\/roboter-fuer-kinder-ferngesteuerter-spielzeugroboter-mit-soundeffekten-programmierbar-roboter-mit-fernbedienung-robo-programmierbar\/#breadcrumb","itemListElement":[{"@type":"ListItem","position":1,"name":"Home","item":"https:\/\/easyliferobo.com\/de\/"},{"@type":"ListItem","position":2,"name":"Shop","item":"https:\/\/easyliferobo.com\/de\/shop\/"},{"@type":"ListItem","position":3,"name":"Roboter f\u00fcr Kinder: Ferngesteuerte..."}]},{"@type":"WebSite","@id":"https:\/\/easyliferobo.com\/de\/#website","url":"https:\/\/easyliferobo.com\/de\/","name":"EasyLifeBro","description":"Smarte Roboter f\u00fcr Zuhause, Garten &amp; Bildung","publisher":{"@id":"https:\/\/easyliferobo.com\/de\/#organization"},"potentialAction":[{"@type":"SearchAction","target":{"@type":"EntryPoint","urlTemplate":"https:\/\/easyliferobo.com\/de\/?s={search_term_string}"},"query-input":{"@type":"PropertyValueSpecification","valueRequired":true,"valueName":"search_term_string"}}],"inLanguage":"de"},{"@type":"Organization","@id":"https:\/\/easyliferobo.com\/de\/#organization","name":"EasyLifeBro","url":"https:\/\/easyliferobo.com\/de\/","logo":{"@type":"ImageObject","inLanguage":"de","@id":"https:\/\/easyliferobo.com\/de\/#\/schema\/logo\/image\/","url":"https:\/\/easyliferobo.com\/de\/wp-content\/uploads\/2026\/02\/Screenshot-2026-02-22-at-2.25.03-PM.png","contentUrl":"https:\/\/easyliferobo.com\/de\/wp-content\/uploads\/2026\/02\/Screenshot-2026-02-22-at-2.25.03-PM.png","width":1858,"height":430,"caption":"EasyLifeBro"},"image":{"@id":"https:\/\/easyliferobo.com\/de\/#\/schema\/logo\/image\/"}}]}},"_links":{"self":[{"href":"https:\/\/easyliferobo.com\/de\/wp-json\/wp\/v2\/product\/2975","targetHints":{"allow":["GET"]}}],"collection":[{"href":"https:\/\/easyliferobo.com\/de\/wp-json\/wp\/v2\/product"}],"about":[{"href":"https:\/\/easyliferobo.com\/de\/wp-json\/wp\/v2\/types\/product"}],"replies":[{"embeddable":true,"href":"https:\/\/easyliferobo.com\/de\/wp-json\/wp\/v2\/comments?post=2975"}],"wp:featuredmedia":[{"embeddable":true,"href":"https:\/\/easyliferobo.com\/de\/wp-json\/wp\/v2\/media\/2976"}],"wp:attachment":[{"href":"https:\/\/easyliferobo.com\/de\/wp-json\/wp\/v2\/media?parent=2975"}],"wp:term":[{"taxonomy":"store","embeddable":true,"href":"https:\/\/easyliferobo.com\/de\/wp-json\/wp\/v2\/store?post=2975"},{"taxonomy":"product_brand","embeddable":true,"href":"https:\/\/easyliferobo.com\/de\/wp-json\/wp\/v2\/product_brand?post=2975"},{"taxonomy":"product_cat","embeddable":true,"href":"https:\/\/easyliferobo.com\/de\/wp-json\/wp\/v2\/product_cat?post=2975"},{"taxonomy":"product_tag","embeddable":true,"href":"https:\/\/easyliferobo.com\/de\/wp-json\/wp\/v2\/product_tag?post=2975"}],"curies":[{"name":"wp","href":"https:\/\/api.w.org\/{rel}","templated":true}]}}