
{"id":2966,"date":"2026-02-27T05:44:18","date_gmt":"2026-02-27T05:44:18","guid":{"rendered":"https:\/\/easyliferobo.com\/de\/product\/tintenroboter-spielzeug-musik-roboter-mit-sechs-krallen-blinkende-led-tanzmaschine-elektrisches-singspielzeug-bunte-lichtleistung-spielloesung-fuer-sie-dynamisch-geschenk\/"},"modified":"2026-02-27T05:44:34","modified_gmt":"2026-02-27T05:44:34","slug":"tintenroboter-spielzeug-musik-roboter-mit-sechs-krallen-blinkende-led-tanzmaschine-elektrisches-singspielzeug-bunte-lichtleistung-spielloesung-fuer-sie-dynamisch-geschenk","status":"publish","type":"product","link":"https:\/\/easyliferobo.com\/de\/product\/tintenroboter-spielzeug-musik-roboter-mit-sechs-krallen-blinkende-led-tanzmaschine-elektrisches-singspielzeug-bunte-lichtleistung-spielloesung-fuer-sie-dynamisch-geschenk\/","title":{"rendered":"Tintenroboter-Spielzeug \u2013 Musik-R..."},"content":{"rendered":"<p>    <span>Unser tanzendes Roboterspielzeug in Oktopusform mit intelligentem Sensor ist ideal! Seine LED-Leuchten blinken mit den \u00c4nderungen des melodischen Rhythmus und kratzen Ihnen nicht an den Fingern. <br \/>Spezifikation <br \/>Gr\u00f6\u00dfe des Produkts: ca. 17 x 13,5 cm. <br \/>Material: ABS-Kunststoff. <br \/>Ben\u00f6tigt 3 AA-Batterien (nicht im Lieferumfang enthalten). <br \/>Im Lieferumfang enthalten: <br \/>1 x Spielzeug-Roboter mit Musik in Oktopusform<\/span>    <br \/>Unverwechselbares Aussehen: F\u00fcgen Sie dem Lernen des Spiels eine neue Dimension hinzu, mit diesem musikalischen Roboter-Spielzeug mit faszinierendem Sechs-Klauen-Design und interaktiver Bewegung, die Kreativit\u00e4t und Fantasie in jedem lustigen Rhythmus f\u00f6rdert.<br \/>Verbesserter r\u00e4umlicher Kognition: F\u00f6rdern Sie die Lernreise Ihres Kindes mit unserem musikalischen Roboterspielzeug. Seine automatischen Richtungs-, Tanz- und Gehf\u00e4higkeiten sowie die hervorragende Hinderniserkennung durch den intelligenten Sensor unterst\u00fctzen r\u00e4umliche Kognition und Probleml\u00f6sungsf\u00e4higkeiten.<br \/>Interaktives Erlebnis: Dieser musikalische Roboter mit Lichtern und Schatten pr\u00e4sentiert das Wunder des Rhythmus und des Tanzes und inspiriert Kreativit\u00e4t und Fantasie in jedem Rhythmus. Die LED-Lichter blinken und leuchten als Reaktion auf die Musik und bieten eine einzigartige und aufregende Art zu lernen und zu spielen.<br \/>Zuverl\u00e4ssige Konstruktion: Hergestellt aus zuverl\u00e4ssigem ABS, bietet dieses musikalische Roboter-Spielzeug eine lange Lebensdauer, garantiert ein reibungsloses und gratfreies Erlebnis, das Ihnen nicht an den Fingern kratzt, perfekt f\u00fcr Spiele.<br \/>F\u00f6rdern Sie famili\u00e4re Bindungen: Ideal als Urlaubsgeschenk oder als Partygeschenk, unser besonderes musikalisches Roboterspielzeug weckt mehr Spa\u00df und Lernm\u00f6glichkeiten und ermutigt gleichzeitig die Eltern und ermutigt sie, bei Anl\u00e4ssen zusammen zu spielen und zu tanzen.<\/p>\n<p>[ad_2]<\/p>\n","protected":false},"excerpt":{"rendered":"<p>Unser tanzendes Roboterspielzeug in Oktopusform mit intelligentem Sensor ist ideal! Seine LED-Leuchten blinken mit den \u00c4nderungen des melodischen Rhythmus und kratzen Ihnen nicht an den Fingern. Spezifikation Gr\u00f6\u00dfe des Produkts: ca. 17 x 13,5 cm. Material: ABS-Kunststoff. Ben\u00f6tigt 3 AA-Batterien (nicht im Lieferumfang enthalten). Im Lieferumfang enthalten: 1 x Spielzeug-Roboter mit Musik in Oktopusform Unverwechselbares [&hellip;]<\/p>\n","protected":false},"featured_media":2967,"comment_status":"open","ping_status":"closed","template":"","meta":{"_aipt_faq_data":""},"store":[],"product_brand":[],"product_cat":[90],"product_tag":[232],"class_list":{"0":"post-2966","1":"product","2":"type-product","3":"status-publish","4":"has-post-thumbnail","6":"product_cat-tanz-musikroboter","7":"product_tag-interaktive-tanz-musikroboter","9":"first","10":"instock","11":"shipping-taxable","12":"product-type-external"},"yoast_head":"<!-- This site is optimized with the Yoast SEO plugin v27.4 - https:\/\/yoast.com\/product\/yoast-seo-wordpress\/ -->\n<title>Tintenroboter-Spielzeug \u2013 Musik-Roboter mit sechs Krallen, blinkende LED-Tanzmaschine, elektrisches Singspielzeug, bunte Lichtleistung | Spiell\u00f6sung f\u00fcr sie dynamisch, Geschenk - EasyLifeBro<\/title>\n<meta name=\"description\" content=\"Entdecken Sie smarte Roboter f\u00fcr Zuhause, Garten, Bildung und Sicherheit. Vergleichen Sie Saugroboter, Rasenm\u00e4hroboter, KI-Begleitroboter und mehr bei EasyLifeRobo.\" \/>\n<meta name=\"robots\" content=\"index, follow, max-snippet:-1, max-image-preview:large, max-video-preview:-1\" \/>\n<link rel=\"canonical\" href=\"https:\/\/easyliferobo.com\/de\/product\/tintenroboter-spielzeug-musik-roboter-mit-sechs-krallen-blinkende-led-tanzmaschine-elektrisches-singspielzeug-bunte-lichtleistung-spielloesung-fuer-sie-dynamisch-geschenk\/\" \/>\n<meta property=\"og:locale\" content=\"de_DE\" \/>\n<meta property=\"og:type\" content=\"article\" \/>\n<meta property=\"og:title\" content=\"Tintenroboter-Spielzeug \u2013 Musik-Roboter mit sechs Krallen, blinkende LED-Tanzmaschine, elektrisches Singspielzeug, bunte Lichtleistung | Spiell\u00f6sung f\u00fcr sie dynamisch, Geschenk - EasyLifeBro\" \/>\n<meta property=\"og:description\" content=\"Entdecken Sie smarte Roboter f\u00fcr Zuhause, Garten, Bildung und Sicherheit. Vergleichen Sie Saugroboter, Rasenm\u00e4hroboter, KI-Begleitroboter und mehr bei EasyLifeRobo.\" \/>\n<meta property=\"og:url\" content=\"https:\/\/easyliferobo.com\/de\/product\/tintenroboter-spielzeug-musik-roboter-mit-sechs-krallen-blinkende-led-tanzmaschine-elektrisches-singspielzeug-bunte-lichtleistung-spielloesung-fuer-sie-dynamisch-geschenk\/\" \/>\n<meta property=\"og:site_name\" content=\"EasyLifeBro\" \/>\n<meta property=\"article:modified_time\" content=\"2026-02-27T05:44:34+00:00\" \/>\n<meta name=\"twitter:card\" content=\"summary_large_image\" \/>\n<meta name=\"twitter:label1\" content=\"Gesch\u00e4tzte Lesezeit\" \/>\n\t<meta name=\"twitter:data1\" content=\"1\u00a0Minute\" \/>\n<script type=\"application\/ld+json\" class=\"yoast-schema-graph\">{\"@context\":\"https:\\\/\\\/schema.org\",\"@graph\":[{\"@type\":\"WebPage\",\"@id\":\"https:\\\/\\\/easyliferobo.com\\\/de\\\/product\\\/tintenroboter-spielzeug-musik-roboter-mit-sechs-krallen-blinkende-led-tanzmaschine-elektrisches-singspielzeug-bunte-lichtleistung-spielloesung-fuer-sie-dynamisch-geschenk\\\/\",\"url\":\"https:\\\/\\\/easyliferobo.com\\\/de\\\/product\\\/tintenroboter-spielzeug-musik-roboter-mit-sechs-krallen-blinkende-led-tanzmaschine-elektrisches-singspielzeug-bunte-lichtleistung-spielloesung-fuer-sie-dynamisch-geschenk\\\/\",\"name\":\"Tintenroboter-Spielzeug \u2013 Musik-Roboter mit sechs Krallen, blinkende LED-Tanzmaschine, elektrisches Singspielzeug, bunte Lichtleistung | Spiell\u00f6sung f\u00fcr sie dynamisch, Geschenk - EasyLifeBro\",\"isPartOf\":{\"@id\":\"https:\\\/\\\/easyliferobo.com\\\/de\\\/#website\"},\"primaryImageOfPage\":{\"@id\":\"https:\\\/\\\/easyliferobo.com\\\/de\\\/product\\\/tintenroboter-spielzeug-musik-roboter-mit-sechs-krallen-blinkende-led-tanzmaschine-elektrisches-singspielzeug-bunte-lichtleistung-spielloesung-fuer-sie-dynamisch-geschenk\\\/#primaryimage\"},\"image\":{\"@id\":\"https:\\\/\\\/easyliferobo.com\\\/de\\\/product\\\/tintenroboter-spielzeug-musik-roboter-mit-sechs-krallen-blinkende-led-tanzmaschine-elektrisches-singspielzeug-bunte-lichtleistung-spielloesung-fuer-sie-dynamisch-geschenk\\\/#primaryimage\"},\"thumbnailUrl\":\"https:\\\/\\\/easyliferobo.com\\\/de\\\/wp-content\\\/uploads\\\/2026\\\/02\\\/61o1UEAuWuL._AC_SL1500_.jpg\",\"datePublished\":\"2026-02-27T05:44:18+00:00\",\"dateModified\":\"2026-02-27T05:44:34+00:00\",\"description\":\"Entdecken Sie smarte Roboter f\u00fcr Zuhause, Garten, Bildung und Sicherheit. Vergleichen Sie Saugroboter, Rasenm\u00e4hroboter, KI-Begleitroboter und mehr bei EasyLifeRobo.\",\"breadcrumb\":{\"@id\":\"https:\\\/\\\/easyliferobo.com\\\/de\\\/product\\\/tintenroboter-spielzeug-musik-roboter-mit-sechs-krallen-blinkende-led-tanzmaschine-elektrisches-singspielzeug-bunte-lichtleistung-spielloesung-fuer-sie-dynamisch-geschenk\\\/#breadcrumb\"},\"inLanguage\":\"de\",\"potentialAction\":[{\"@type\":\"ReadAction\",\"target\":[\"https:\\\/\\\/easyliferobo.com\\\/de\\\/product\\\/tintenroboter-spielzeug-musik-roboter-mit-sechs-krallen-blinkende-led-tanzmaschine-elektrisches-singspielzeug-bunte-lichtleistung-spielloesung-fuer-sie-dynamisch-geschenk\\\/\"]}]},{\"@type\":\"ImageObject\",\"inLanguage\":\"de\",\"@id\":\"https:\\\/\\\/easyliferobo.com\\\/de\\\/product\\\/tintenroboter-spielzeug-musik-roboter-mit-sechs-krallen-blinkende-led-tanzmaschine-elektrisches-singspielzeug-bunte-lichtleistung-spielloesung-fuer-sie-dynamisch-geschenk\\\/#primaryimage\",\"url\":\"https:\\\/\\\/easyliferobo.com\\\/de\\\/wp-content\\\/uploads\\\/2026\\\/02\\\/61o1UEAuWuL._AC_SL1500_.jpg\",\"contentUrl\":\"https:\\\/\\\/easyliferobo.com\\\/de\\\/wp-content\\\/uploads\\\/2026\\\/02\\\/61o1UEAuWuL._AC_SL1500_.jpg\",\"width\":1055,\"height\":1406},{\"@type\":\"BreadcrumbList\",\"@id\":\"https:\\\/\\\/easyliferobo.com\\\/de\\\/product\\\/tintenroboter-spielzeug-musik-roboter-mit-sechs-krallen-blinkende-led-tanzmaschine-elektrisches-singspielzeug-bunte-lichtleistung-spielloesung-fuer-sie-dynamisch-geschenk\\\/#breadcrumb\",\"itemListElement\":[{\"@type\":\"ListItem\",\"position\":1,\"name\":\"Home\",\"item\":\"https:\\\/\\\/easyliferobo.com\\\/de\\\/\"},{\"@type\":\"ListItem\",\"position\":2,\"name\":\"Shop\",\"item\":\"https:\\\/\\\/easyliferobo.com\\\/de\\\/shop\\\/\"},{\"@type\":\"ListItem\",\"position\":3,\"name\":\"Tintenroboter-Spielzeug \u2013 Musik-R...\"}]},{\"@type\":\"WebSite\",\"@id\":\"https:\\\/\\\/easyliferobo.com\\\/de\\\/#website\",\"url\":\"https:\\\/\\\/easyliferobo.com\\\/de\\\/\",\"name\":\"EasyLifeBro\",\"description\":\"Smarte Roboter f\u00fcr Zuhause, Garten &amp; Bildung\",\"publisher\":{\"@id\":\"https:\\\/\\\/easyliferobo.com\\\/de\\\/#organization\"},\"potentialAction\":[{\"@type\":\"SearchAction\",\"target\":{\"@type\":\"EntryPoint\",\"urlTemplate\":\"https:\\\/\\\/easyliferobo.com\\\/de\\\/?s={search_term_string}\"},\"query-input\":{\"@type\":\"PropertyValueSpecification\",\"valueRequired\":true,\"valueName\":\"search_term_string\"}}],\"inLanguage\":\"de\"},{\"@type\":\"Organization\",\"@id\":\"https:\\\/\\\/easyliferobo.com\\\/de\\\/#organization\",\"name\":\"EasyLifeBro\",\"url\":\"https:\\\/\\\/easyliferobo.com\\\/de\\\/\",\"logo\":{\"@type\":\"ImageObject\",\"inLanguage\":\"de\",\"@id\":\"https:\\\/\\\/easyliferobo.com\\\/de\\\/#\\\/schema\\\/logo\\\/image\\\/\",\"url\":\"https:\\\/\\\/easyliferobo.com\\\/de\\\/wp-content\\\/uploads\\\/2026\\\/02\\\/Screenshot-2026-02-22-at-2.25.03-PM.png\",\"contentUrl\":\"https:\\\/\\\/easyliferobo.com\\\/de\\\/wp-content\\\/uploads\\\/2026\\\/02\\\/Screenshot-2026-02-22-at-2.25.03-PM.png\",\"width\":1858,\"height\":430,\"caption\":\"EasyLifeBro\"},\"image\":{\"@id\":\"https:\\\/\\\/easyliferobo.com\\\/de\\\/#\\\/schema\\\/logo\\\/image\\\/\"}}]}<\/script>\n<!-- \/ Yoast SEO plugin. -->","yoast_head_json":{"title":"Tintenroboter-Spielzeug \u2013 Musik-Roboter mit sechs Krallen, blinkende LED-Tanzmaschine, elektrisches Singspielzeug, bunte Lichtleistung | Spiell\u00f6sung f\u00fcr sie dynamisch, Geschenk - EasyLifeBro","description":"Entdecken Sie smarte Roboter f\u00fcr Zuhause, Garten, Bildung und Sicherheit. Vergleichen Sie Saugroboter, Rasenm\u00e4hroboter, KI-Begleitroboter und mehr bei EasyLifeRobo.","robots":{"index":"index","follow":"follow","max-snippet":"max-snippet:-1","max-image-preview":"max-image-preview:large","max-video-preview":"max-video-preview:-1"},"canonical":"https:\/\/easyliferobo.com\/de\/product\/tintenroboter-spielzeug-musik-roboter-mit-sechs-krallen-blinkende-led-tanzmaschine-elektrisches-singspielzeug-bunte-lichtleistung-spielloesung-fuer-sie-dynamisch-geschenk\/","og_locale":"de_DE","og_type":"article","og_title":"Tintenroboter-Spielzeug \u2013 Musik-Roboter mit sechs Krallen, blinkende LED-Tanzmaschine, elektrisches Singspielzeug, bunte Lichtleistung | Spiell\u00f6sung f\u00fcr sie dynamisch, Geschenk - EasyLifeBro","og_description":"Entdecken Sie smarte Roboter f\u00fcr Zuhause, Garten, Bildung und Sicherheit. Vergleichen Sie Saugroboter, Rasenm\u00e4hroboter, KI-Begleitroboter und mehr bei EasyLifeRobo.","og_url":"https:\/\/easyliferobo.com\/de\/product\/tintenroboter-spielzeug-musik-roboter-mit-sechs-krallen-blinkende-led-tanzmaschine-elektrisches-singspielzeug-bunte-lichtleistung-spielloesung-fuer-sie-dynamisch-geschenk\/","og_site_name":"EasyLifeBro","article_modified_time":"2026-02-27T05:44:34+00:00","twitter_card":"summary_large_image","twitter_misc":{"Gesch\u00e4tzte Lesezeit":"1\u00a0Minute"},"schema":{"@context":"https:\/\/schema.org","@graph":[{"@type":"WebPage","@id":"https:\/\/easyliferobo.com\/de\/product\/tintenroboter-spielzeug-musik-roboter-mit-sechs-krallen-blinkende-led-tanzmaschine-elektrisches-singspielzeug-bunte-lichtleistung-spielloesung-fuer-sie-dynamisch-geschenk\/","url":"https:\/\/easyliferobo.com\/de\/product\/tintenroboter-spielzeug-musik-roboter-mit-sechs-krallen-blinkende-led-tanzmaschine-elektrisches-singspielzeug-bunte-lichtleistung-spielloesung-fuer-sie-dynamisch-geschenk\/","name":"Tintenroboter-Spielzeug \u2013 Musik-Roboter mit sechs Krallen, blinkende LED-Tanzmaschine, elektrisches Singspielzeug, bunte Lichtleistung | Spiell\u00f6sung f\u00fcr sie dynamisch, Geschenk - EasyLifeBro","isPartOf":{"@id":"https:\/\/easyliferobo.com\/de\/#website"},"primaryImageOfPage":{"@id":"https:\/\/easyliferobo.com\/de\/product\/tintenroboter-spielzeug-musik-roboter-mit-sechs-krallen-blinkende-led-tanzmaschine-elektrisches-singspielzeug-bunte-lichtleistung-spielloesung-fuer-sie-dynamisch-geschenk\/#primaryimage"},"image":{"@id":"https:\/\/easyliferobo.com\/de\/product\/tintenroboter-spielzeug-musik-roboter-mit-sechs-krallen-blinkende-led-tanzmaschine-elektrisches-singspielzeug-bunte-lichtleistung-spielloesung-fuer-sie-dynamisch-geschenk\/#primaryimage"},"thumbnailUrl":"https:\/\/easyliferobo.com\/de\/wp-content\/uploads\/2026\/02\/61o1UEAuWuL._AC_SL1500_.jpg","datePublished":"2026-02-27T05:44:18+00:00","dateModified":"2026-02-27T05:44:34+00:00","description":"Entdecken Sie smarte Roboter f\u00fcr Zuhause, Garten, Bildung und Sicherheit. Vergleichen Sie Saugroboter, Rasenm\u00e4hroboter, KI-Begleitroboter und mehr bei EasyLifeRobo.","breadcrumb":{"@id":"https:\/\/easyliferobo.com\/de\/product\/tintenroboter-spielzeug-musik-roboter-mit-sechs-krallen-blinkende-led-tanzmaschine-elektrisches-singspielzeug-bunte-lichtleistung-spielloesung-fuer-sie-dynamisch-geschenk\/#breadcrumb"},"inLanguage":"de","potentialAction":[{"@type":"ReadAction","target":["https:\/\/easyliferobo.com\/de\/product\/tintenroboter-spielzeug-musik-roboter-mit-sechs-krallen-blinkende-led-tanzmaschine-elektrisches-singspielzeug-bunte-lichtleistung-spielloesung-fuer-sie-dynamisch-geschenk\/"]}]},{"@type":"ImageObject","inLanguage":"de","@id":"https:\/\/easyliferobo.com\/de\/product\/tintenroboter-spielzeug-musik-roboter-mit-sechs-krallen-blinkende-led-tanzmaschine-elektrisches-singspielzeug-bunte-lichtleistung-spielloesung-fuer-sie-dynamisch-geschenk\/#primaryimage","url":"https:\/\/easyliferobo.com\/de\/wp-content\/uploads\/2026\/02\/61o1UEAuWuL._AC_SL1500_.jpg","contentUrl":"https:\/\/easyliferobo.com\/de\/wp-content\/uploads\/2026\/02\/61o1UEAuWuL._AC_SL1500_.jpg","width":1055,"height":1406},{"@type":"BreadcrumbList","@id":"https:\/\/easyliferobo.com\/de\/product\/tintenroboter-spielzeug-musik-roboter-mit-sechs-krallen-blinkende-led-tanzmaschine-elektrisches-singspielzeug-bunte-lichtleistung-spielloesung-fuer-sie-dynamisch-geschenk\/#breadcrumb","itemListElement":[{"@type":"ListItem","position":1,"name":"Home","item":"https:\/\/easyliferobo.com\/de\/"},{"@type":"ListItem","position":2,"name":"Shop","item":"https:\/\/easyliferobo.com\/de\/shop\/"},{"@type":"ListItem","position":3,"name":"Tintenroboter-Spielzeug \u2013 Musik-R..."}]},{"@type":"WebSite","@id":"https:\/\/easyliferobo.com\/de\/#website","url":"https:\/\/easyliferobo.com\/de\/","name":"EasyLifeBro","description":"Smarte Roboter f\u00fcr Zuhause, Garten &amp; Bildung","publisher":{"@id":"https:\/\/easyliferobo.com\/de\/#organization"},"potentialAction":[{"@type":"SearchAction","target":{"@type":"EntryPoint","urlTemplate":"https:\/\/easyliferobo.com\/de\/?s={search_term_string}"},"query-input":{"@type":"PropertyValueSpecification","valueRequired":true,"valueName":"search_term_string"}}],"inLanguage":"de"},{"@type":"Organization","@id":"https:\/\/easyliferobo.com\/de\/#organization","name":"EasyLifeBro","url":"https:\/\/easyliferobo.com\/de\/","logo":{"@type":"ImageObject","inLanguage":"de","@id":"https:\/\/easyliferobo.com\/de\/#\/schema\/logo\/image\/","url":"https:\/\/easyliferobo.com\/de\/wp-content\/uploads\/2026\/02\/Screenshot-2026-02-22-at-2.25.03-PM.png","contentUrl":"https:\/\/easyliferobo.com\/de\/wp-content\/uploads\/2026\/02\/Screenshot-2026-02-22-at-2.25.03-PM.png","width":1858,"height":430,"caption":"EasyLifeBro"},"image":{"@id":"https:\/\/easyliferobo.com\/de\/#\/schema\/logo\/image\/"}}]}},"_links":{"self":[{"href":"https:\/\/easyliferobo.com\/de\/wp-json\/wp\/v2\/product\/2966","targetHints":{"allow":["GET"]}}],"collection":[{"href":"https:\/\/easyliferobo.com\/de\/wp-json\/wp\/v2\/product"}],"about":[{"href":"https:\/\/easyliferobo.com\/de\/wp-json\/wp\/v2\/types\/product"}],"replies":[{"embeddable":true,"href":"https:\/\/easyliferobo.com\/de\/wp-json\/wp\/v2\/comments?post=2966"}],"wp:featuredmedia":[{"embeddable":true,"href":"https:\/\/easyliferobo.com\/de\/wp-json\/wp\/v2\/media\/2967"}],"wp:attachment":[{"href":"https:\/\/easyliferobo.com\/de\/wp-json\/wp\/v2\/media?parent=2966"}],"wp:term":[{"taxonomy":"store","embeddable":true,"href":"https:\/\/easyliferobo.com\/de\/wp-json\/wp\/v2\/store?post=2966"},{"taxonomy":"product_brand","embeddable":true,"href":"https:\/\/easyliferobo.com\/de\/wp-json\/wp\/v2\/product_brand?post=2966"},{"taxonomy":"product_cat","embeddable":true,"href":"https:\/\/easyliferobo.com\/de\/wp-json\/wp\/v2\/product_cat?post=2966"},{"taxonomy":"product_tag","embeddable":true,"href":"https:\/\/easyliferobo.com\/de\/wp-json\/wp\/v2\/product_tag?post=2966"}],"curies":[{"name":"wp","href":"https:\/\/api.w.org\/{rel}","templated":true}]}}