
{"id":2958,"date":"2026-02-27T05:43:03","date_gmt":"2026-02-27T05:43:03","guid":{"rendered":"https:\/\/easyliferobo.com\/de\/product\/xtrem-bots-robbie-roboter-kinder-ab-6-jahren-roboter-spielzeug-roboter-programmierbar-50-bewegungen-und-ferngesteuertes-spielzeug-ab-5-jahren-jungen-geschenk-junge-5-jahre\/"},"modified":"2026-02-27T05:43:17","modified_gmt":"2026-02-27T05:43:17","slug":"xtrem-bots-robbie-roboter-kinder-ab-6-jahren-roboter-spielzeug-roboter-programmierbar-50-bewegungen-und-ferngesteuertes-spielzeug-ab-5-jahren-jungen-geschenk-junge-5-jahre","status":"publish","type":"product","link":"https:\/\/easyliferobo.com\/de\/product\/xtrem-bots-robbie-roboter-kinder-ab-6-jahren-roboter-spielzeug-roboter-programmierbar-50-bewegungen-und-ferngesteuertes-spielzeug-ab-5-jahren-jungen-geschenk-junge-5-jahre\/","title":{"rendered":"Xtrem Bots &#8211; Robbie Roboter K..."},"content":{"rendered":"<p>\n                                             Von der Marke   <\/p>\n<p>                                              <img decoding=\"async\" alt=\"ein blauer Hintergrund mit einer Platine\" src=\"https:\/\/images-na.ssl-images-amazon.com\/images\/G\/01\/x-locale\/common\/grey-pixel.gif\" class=\"a-lazy-loaded\" data-src=\"https:\/\/m.media-amazon.com\/images\/S\/aplus-media-library-service-media\/082ef859-a290-4027-973e-1d953ae1aec7.__CR0,0,1464,625_PT0_SX1464_V1___.jpg\"><img decoding=\"async\" alt=\"ein blauer Hintergrund mit einer Platine\" src=\"https:\/\/m.media-amazon.com\/images\/S\/aplus-media-library-service-media\/082ef859-a290-4027-973e-1d953ae1aec7.__CR0,0,1464,625_PT0_SX1464_V1___.jpg\">  <\/p>\n<h3>  Action-Roboter <\/h3>\n<h3>  Roboterprogrammierung <\/h3>\n<h3>  Gr\u00fcne Energie <\/h3>\n<h3>  Haustiere <\/h3>\n<h3>  Mein erster Roboter <\/h3>\n<p>Programmierbarer Roboter: Programmieren Sie Roboterkinder bis zu 50 Bewegungen mit Robbie, einem der ferngesteuerten Kinderroboter-Spielzeuge Xtrem Bots. Dieses Roboterspielzeug verf\u00fcgt dank seiner 26 blauen LEDs \u00fcber bis zu 20 Gesichtsausdr\u00fccke.<br \/>Gestensteuerung: Dieser Kinderroboter kann dank \u201eSmart Control\u201c mit der Fernbedienung oder mit Ihren Gesten gesteuert werden. Er ist ein guter elektronischer Roboter f\u00fcr Kinder ab 6 Jahren, da er \u00fcber Richtungsbewegungen, Geschwindigkeit, Tanzmodus und Lautst\u00e4rkeregelung verf\u00fcgt.<br \/>Ger\u00e4usche und Lichter: Diese Spielzeugroboter f\u00fcr Kinder machen Roboterger\u00e4usche und verf\u00fcgen \u00fcber rosafarbene LED-Lichter. Mit diesen Lichtern erzeugen die Roboter unterschiedliche Gesichtsausdr\u00fccke f\u00fcr Kinder ab 6 Jahren.<br \/>Gute Qualit\u00e4t: Die Materialien dieses programmierbaren Roboters f\u00fcr Kinder sind von sehr guter Qualit\u00e4t. Au\u00dferdem ist er ein sehr sicherer ferngesteuerter Roboter, da er abgerundete Kanten hat. Roboterkinder. Die Batterie des ferngesteuerten Roboters f\u00fcr Kinder ist im Lieferumfang enthalten, f\u00fcr die Funksteuerung werden jedoch zwei Batterien ben\u00f6tigt, die aus Gr\u00fcnden der Transportsicherheit nicht im Lieferumfang enthalten sind.<br \/>Geschenke f\u00fcr Kinder: Roboterkinder ab 5 Jahren sind ein lustiges und lehrreiches Geschenk f\u00fcr alle Jungen und M\u00e4dchen. Diese Roboterspielzeuge sind ideal, um mit dem Programmieren zu beginnen und die Welt der Roboter kennenzulernen.<\/p>\n<p>[ad_2]<\/p>\n","protected":false},"excerpt":{"rendered":"<p>Von der Marke Action-Roboter Roboterprogrammierung Gr\u00fcne Energie Haustiere Mein erster Roboter Programmierbarer Roboter: Programmieren Sie Roboterkinder bis zu 50 Bewegungen mit Robbie, einem der ferngesteuerten Kinderroboter-Spielzeuge Xtrem Bots. Dieses Roboterspielzeug verf\u00fcgt dank seiner 26 blauen LEDs \u00fcber bis zu 20 Gesichtsausdr\u00fccke.Gestensteuerung: Dieser Kinderroboter kann dank \u201eSmart Control\u201c mit der Fernbedienung oder mit Ihren Gesten gesteuert [&hellip;]<\/p>\n","protected":false},"featured_media":2959,"comment_status":"open","ping_status":"closed","template":"","meta":{"_aipt_faq_data":""},"store":[],"product_brand":[],"product_cat":[91],"product_tag":[231],"class_list":{"0":"post-2958","1":"product","2":"type-product","3":"status-publish","4":"has-post-thumbnail","6":"product_cat-programmierbares-spielzeug","7":"product_tag-programmierbares-spielzeug-ab-6-jahren","9":"first","10":"instock","11":"sale","12":"shipping-taxable","13":"product-type-external"},"yoast_head":"<!-- This site is optimized with the Yoast SEO plugin v27.4 - https:\/\/yoast.com\/product\/yoast-seo-wordpress\/ -->\n<title>Xtrem Bots - Robbie Roboter Kinder ab 6 Jahren Roboter Spielzeug Roboter programmierbar 50 Bewegungen und ferngesteuertes Spielzeug ab 5 Jahren Jungen Geschenk Junge 5 Jahre - EasyLifeBro<\/title>\n<meta name=\"description\" content=\"Entdecken Sie smarte Roboter f\u00fcr Zuhause, Garten, Bildung und Sicherheit. Vergleichen Sie Saugroboter, Rasenm\u00e4hroboter, KI-Begleitroboter und mehr bei EasyLifeRobo.\" \/>\n<meta name=\"robots\" content=\"index, follow, max-snippet:-1, max-image-preview:large, max-video-preview:-1\" \/>\n<link rel=\"canonical\" href=\"https:\/\/easyliferobo.com\/de\/product\/xtrem-bots-robbie-roboter-kinder-ab-6-jahren-roboter-spielzeug-roboter-programmierbar-50-bewegungen-und-ferngesteuertes-spielzeug-ab-5-jahren-jungen-geschenk-junge-5-jahre\/\" \/>\n<meta property=\"og:locale\" content=\"de_DE\" \/>\n<meta property=\"og:type\" content=\"article\" \/>\n<meta property=\"og:title\" content=\"Xtrem Bots - Robbie Roboter Kinder ab 6 Jahren Roboter Spielzeug Roboter programmierbar 50 Bewegungen und ferngesteuertes Spielzeug ab 5 Jahren Jungen Geschenk Junge 5 Jahre - EasyLifeBro\" \/>\n<meta property=\"og:description\" content=\"Entdecken Sie smarte Roboter f\u00fcr Zuhause, Garten, Bildung und Sicherheit. Vergleichen Sie Saugroboter, Rasenm\u00e4hroboter, KI-Begleitroboter und mehr bei EasyLifeRobo.\" \/>\n<meta property=\"og:url\" content=\"https:\/\/easyliferobo.com\/de\/product\/xtrem-bots-robbie-roboter-kinder-ab-6-jahren-roboter-spielzeug-roboter-programmierbar-50-bewegungen-und-ferngesteuertes-spielzeug-ab-5-jahren-jungen-geschenk-junge-5-jahre\/\" \/>\n<meta property=\"og:site_name\" content=\"EasyLifeBro\" \/>\n<meta property=\"article:modified_time\" content=\"2026-02-27T05:43:17+00:00\" \/>\n<meta property=\"og:image\" content=\"https:\/\/images-na.ssl-images-amazon.com\/images\/G\/01\/x-locale\/common\/grey-pixel.gif\" \/>\n<meta name=\"twitter:card\" content=\"summary_large_image\" \/>\n<meta name=\"twitter:label1\" content=\"Gesch\u00e4tzte Lesezeit\" \/>\n\t<meta name=\"twitter:data1\" content=\"1\u00a0Minute\" \/>\n<script type=\"application\/ld+json\" class=\"yoast-schema-graph\">{\"@context\":\"https:\\\/\\\/schema.org\",\"@graph\":[{\"@type\":\"WebPage\",\"@id\":\"https:\\\/\\\/easyliferobo.com\\\/de\\\/product\\\/xtrem-bots-robbie-roboter-kinder-ab-6-jahren-roboter-spielzeug-roboter-programmierbar-50-bewegungen-und-ferngesteuertes-spielzeug-ab-5-jahren-jungen-geschenk-junge-5-jahre\\\/\",\"url\":\"https:\\\/\\\/easyliferobo.com\\\/de\\\/product\\\/xtrem-bots-robbie-roboter-kinder-ab-6-jahren-roboter-spielzeug-roboter-programmierbar-50-bewegungen-und-ferngesteuertes-spielzeug-ab-5-jahren-jungen-geschenk-junge-5-jahre\\\/\",\"name\":\"Xtrem Bots - Robbie Roboter Kinder ab 6 Jahren Roboter Spielzeug Roboter programmierbar 50 Bewegungen und ferngesteuertes Spielzeug ab 5 Jahren Jungen Geschenk Junge 5 Jahre - EasyLifeBro\",\"isPartOf\":{\"@id\":\"https:\\\/\\\/easyliferobo.com\\\/de\\\/#website\"},\"primaryImageOfPage\":{\"@id\":\"https:\\\/\\\/easyliferobo.com\\\/de\\\/product\\\/xtrem-bots-robbie-roboter-kinder-ab-6-jahren-roboter-spielzeug-roboter-programmierbar-50-bewegungen-und-ferngesteuertes-spielzeug-ab-5-jahren-jungen-geschenk-junge-5-jahre\\\/#primaryimage\"},\"image\":{\"@id\":\"https:\\\/\\\/easyliferobo.com\\\/de\\\/product\\\/xtrem-bots-robbie-roboter-kinder-ab-6-jahren-roboter-spielzeug-roboter-programmierbar-50-bewegungen-und-ferngesteuertes-spielzeug-ab-5-jahren-jungen-geschenk-junge-5-jahre\\\/#primaryimage\"},\"thumbnailUrl\":\"https:\\\/\\\/easyliferobo.com\\\/de\\\/wp-content\\\/uploads\\\/2026\\\/02\\\/1772170983_61SZMFbAz1L._AC_SL1500_.jpg\",\"datePublished\":\"2026-02-27T05:43:03+00:00\",\"dateModified\":\"2026-02-27T05:43:17+00:00\",\"description\":\"Entdecken Sie smarte Roboter f\u00fcr Zuhause, Garten, Bildung und Sicherheit. Vergleichen Sie Saugroboter, Rasenm\u00e4hroboter, KI-Begleitroboter und mehr bei EasyLifeRobo.\",\"breadcrumb\":{\"@id\":\"https:\\\/\\\/easyliferobo.com\\\/de\\\/product\\\/xtrem-bots-robbie-roboter-kinder-ab-6-jahren-roboter-spielzeug-roboter-programmierbar-50-bewegungen-und-ferngesteuertes-spielzeug-ab-5-jahren-jungen-geschenk-junge-5-jahre\\\/#breadcrumb\"},\"inLanguage\":\"de\",\"potentialAction\":[{\"@type\":\"ReadAction\",\"target\":[\"https:\\\/\\\/easyliferobo.com\\\/de\\\/product\\\/xtrem-bots-robbie-roboter-kinder-ab-6-jahren-roboter-spielzeug-roboter-programmierbar-50-bewegungen-und-ferngesteuertes-spielzeug-ab-5-jahren-jungen-geschenk-junge-5-jahre\\\/\"]}]},{\"@type\":\"ImageObject\",\"inLanguage\":\"de\",\"@id\":\"https:\\\/\\\/easyliferobo.com\\\/de\\\/product\\\/xtrem-bots-robbie-roboter-kinder-ab-6-jahren-roboter-spielzeug-roboter-programmierbar-50-bewegungen-und-ferngesteuertes-spielzeug-ab-5-jahren-jungen-geschenk-junge-5-jahre\\\/#primaryimage\",\"url\":\"https:\\\/\\\/easyliferobo.com\\\/de\\\/wp-content\\\/uploads\\\/2026\\\/02\\\/1772170983_61SZMFbAz1L._AC_SL1500_.jpg\",\"contentUrl\":\"https:\\\/\\\/easyliferobo.com\\\/de\\\/wp-content\\\/uploads\\\/2026\\\/02\\\/1772170983_61SZMFbAz1L._AC_SL1500_.jpg\",\"width\":1357,\"height\":1369},{\"@type\":\"BreadcrumbList\",\"@id\":\"https:\\\/\\\/easyliferobo.com\\\/de\\\/product\\\/xtrem-bots-robbie-roboter-kinder-ab-6-jahren-roboter-spielzeug-roboter-programmierbar-50-bewegungen-und-ferngesteuertes-spielzeug-ab-5-jahren-jungen-geschenk-junge-5-jahre\\\/#breadcrumb\",\"itemListElement\":[{\"@type\":\"ListItem\",\"position\":1,\"name\":\"Home\",\"item\":\"https:\\\/\\\/easyliferobo.com\\\/de\\\/\"},{\"@type\":\"ListItem\",\"position\":2,\"name\":\"Shop\",\"item\":\"https:\\\/\\\/easyliferobo.com\\\/de\\\/shop\\\/\"},{\"@type\":\"ListItem\",\"position\":3,\"name\":\"Xtrem Bots &#8211; Robbie Roboter K...\"}]},{\"@type\":\"WebSite\",\"@id\":\"https:\\\/\\\/easyliferobo.com\\\/de\\\/#website\",\"url\":\"https:\\\/\\\/easyliferobo.com\\\/de\\\/\",\"name\":\"EasyLifeBro\",\"description\":\"Smarte Roboter f\u00fcr Zuhause, Garten &amp; Bildung\",\"publisher\":{\"@id\":\"https:\\\/\\\/easyliferobo.com\\\/de\\\/#organization\"},\"potentialAction\":[{\"@type\":\"SearchAction\",\"target\":{\"@type\":\"EntryPoint\",\"urlTemplate\":\"https:\\\/\\\/easyliferobo.com\\\/de\\\/?s={search_term_string}\"},\"query-input\":{\"@type\":\"PropertyValueSpecification\",\"valueRequired\":true,\"valueName\":\"search_term_string\"}}],\"inLanguage\":\"de\"},{\"@type\":\"Organization\",\"@id\":\"https:\\\/\\\/easyliferobo.com\\\/de\\\/#organization\",\"name\":\"EasyLifeBro\",\"url\":\"https:\\\/\\\/easyliferobo.com\\\/de\\\/\",\"logo\":{\"@type\":\"ImageObject\",\"inLanguage\":\"de\",\"@id\":\"https:\\\/\\\/easyliferobo.com\\\/de\\\/#\\\/schema\\\/logo\\\/image\\\/\",\"url\":\"https:\\\/\\\/easyliferobo.com\\\/de\\\/wp-content\\\/uploads\\\/2026\\\/02\\\/Screenshot-2026-02-22-at-2.25.03-PM.png\",\"contentUrl\":\"https:\\\/\\\/easyliferobo.com\\\/de\\\/wp-content\\\/uploads\\\/2026\\\/02\\\/Screenshot-2026-02-22-at-2.25.03-PM.png\",\"width\":1858,\"height\":430,\"caption\":\"EasyLifeBro\"},\"image\":{\"@id\":\"https:\\\/\\\/easyliferobo.com\\\/de\\\/#\\\/schema\\\/logo\\\/image\\\/\"}}]}<\/script>\n<!-- \/ Yoast SEO plugin. -->","yoast_head_json":{"title":"Xtrem Bots - Robbie Roboter Kinder ab 6 Jahren Roboter Spielzeug Roboter programmierbar 50 Bewegungen und ferngesteuertes Spielzeug ab 5 Jahren Jungen Geschenk Junge 5 Jahre - EasyLifeBro","description":"Entdecken Sie smarte Roboter f\u00fcr Zuhause, Garten, Bildung und Sicherheit. Vergleichen Sie Saugroboter, Rasenm\u00e4hroboter, KI-Begleitroboter und mehr bei EasyLifeRobo.","robots":{"index":"index","follow":"follow","max-snippet":"max-snippet:-1","max-image-preview":"max-image-preview:large","max-video-preview":"max-video-preview:-1"},"canonical":"https:\/\/easyliferobo.com\/de\/product\/xtrem-bots-robbie-roboter-kinder-ab-6-jahren-roboter-spielzeug-roboter-programmierbar-50-bewegungen-und-ferngesteuertes-spielzeug-ab-5-jahren-jungen-geschenk-junge-5-jahre\/","og_locale":"de_DE","og_type":"article","og_title":"Xtrem Bots - Robbie Roboter Kinder ab 6 Jahren Roboter Spielzeug Roboter programmierbar 50 Bewegungen und ferngesteuertes Spielzeug ab 5 Jahren Jungen Geschenk Junge 5 Jahre - EasyLifeBro","og_description":"Entdecken Sie smarte Roboter f\u00fcr Zuhause, Garten, Bildung und Sicherheit. Vergleichen Sie Saugroboter, Rasenm\u00e4hroboter, KI-Begleitroboter und mehr bei EasyLifeRobo.","og_url":"https:\/\/easyliferobo.com\/de\/product\/xtrem-bots-robbie-roboter-kinder-ab-6-jahren-roboter-spielzeug-roboter-programmierbar-50-bewegungen-und-ferngesteuertes-spielzeug-ab-5-jahren-jungen-geschenk-junge-5-jahre\/","og_site_name":"EasyLifeBro","article_modified_time":"2026-02-27T05:43:17+00:00","og_image":[{"url":"https:\/\/images-na.ssl-images-amazon.com\/images\/G\/01\/x-locale\/common\/grey-pixel.gif","type":"","width":"","height":""}],"twitter_card":"summary_large_image","twitter_misc":{"Gesch\u00e4tzte Lesezeit":"1\u00a0Minute"},"schema":{"@context":"https:\/\/schema.org","@graph":[{"@type":"WebPage","@id":"https:\/\/easyliferobo.com\/de\/product\/xtrem-bots-robbie-roboter-kinder-ab-6-jahren-roboter-spielzeug-roboter-programmierbar-50-bewegungen-und-ferngesteuertes-spielzeug-ab-5-jahren-jungen-geschenk-junge-5-jahre\/","url":"https:\/\/easyliferobo.com\/de\/product\/xtrem-bots-robbie-roboter-kinder-ab-6-jahren-roboter-spielzeug-roboter-programmierbar-50-bewegungen-und-ferngesteuertes-spielzeug-ab-5-jahren-jungen-geschenk-junge-5-jahre\/","name":"Xtrem Bots - Robbie Roboter Kinder ab 6 Jahren Roboter Spielzeug Roboter programmierbar 50 Bewegungen und ferngesteuertes Spielzeug ab 5 Jahren Jungen Geschenk Junge 5 Jahre - EasyLifeBro","isPartOf":{"@id":"https:\/\/easyliferobo.com\/de\/#website"},"primaryImageOfPage":{"@id":"https:\/\/easyliferobo.com\/de\/product\/xtrem-bots-robbie-roboter-kinder-ab-6-jahren-roboter-spielzeug-roboter-programmierbar-50-bewegungen-und-ferngesteuertes-spielzeug-ab-5-jahren-jungen-geschenk-junge-5-jahre\/#primaryimage"},"image":{"@id":"https:\/\/easyliferobo.com\/de\/product\/xtrem-bots-robbie-roboter-kinder-ab-6-jahren-roboter-spielzeug-roboter-programmierbar-50-bewegungen-und-ferngesteuertes-spielzeug-ab-5-jahren-jungen-geschenk-junge-5-jahre\/#primaryimage"},"thumbnailUrl":"https:\/\/easyliferobo.com\/de\/wp-content\/uploads\/2026\/02\/1772170983_61SZMFbAz1L._AC_SL1500_.jpg","datePublished":"2026-02-27T05:43:03+00:00","dateModified":"2026-02-27T05:43:17+00:00","description":"Entdecken Sie smarte Roboter f\u00fcr Zuhause, Garten, Bildung und Sicherheit. Vergleichen Sie Saugroboter, Rasenm\u00e4hroboter, KI-Begleitroboter und mehr bei EasyLifeRobo.","breadcrumb":{"@id":"https:\/\/easyliferobo.com\/de\/product\/xtrem-bots-robbie-roboter-kinder-ab-6-jahren-roboter-spielzeug-roboter-programmierbar-50-bewegungen-und-ferngesteuertes-spielzeug-ab-5-jahren-jungen-geschenk-junge-5-jahre\/#breadcrumb"},"inLanguage":"de","potentialAction":[{"@type":"ReadAction","target":["https:\/\/easyliferobo.com\/de\/product\/xtrem-bots-robbie-roboter-kinder-ab-6-jahren-roboter-spielzeug-roboter-programmierbar-50-bewegungen-und-ferngesteuertes-spielzeug-ab-5-jahren-jungen-geschenk-junge-5-jahre\/"]}]},{"@type":"ImageObject","inLanguage":"de","@id":"https:\/\/easyliferobo.com\/de\/product\/xtrem-bots-robbie-roboter-kinder-ab-6-jahren-roboter-spielzeug-roboter-programmierbar-50-bewegungen-und-ferngesteuertes-spielzeug-ab-5-jahren-jungen-geschenk-junge-5-jahre\/#primaryimage","url":"https:\/\/easyliferobo.com\/de\/wp-content\/uploads\/2026\/02\/1772170983_61SZMFbAz1L._AC_SL1500_.jpg","contentUrl":"https:\/\/easyliferobo.com\/de\/wp-content\/uploads\/2026\/02\/1772170983_61SZMFbAz1L._AC_SL1500_.jpg","width":1357,"height":1369},{"@type":"BreadcrumbList","@id":"https:\/\/easyliferobo.com\/de\/product\/xtrem-bots-robbie-roboter-kinder-ab-6-jahren-roboter-spielzeug-roboter-programmierbar-50-bewegungen-und-ferngesteuertes-spielzeug-ab-5-jahren-jungen-geschenk-junge-5-jahre\/#breadcrumb","itemListElement":[{"@type":"ListItem","position":1,"name":"Home","item":"https:\/\/easyliferobo.com\/de\/"},{"@type":"ListItem","position":2,"name":"Shop","item":"https:\/\/easyliferobo.com\/de\/shop\/"},{"@type":"ListItem","position":3,"name":"Xtrem Bots &#8211; Robbie Roboter K..."}]},{"@type":"WebSite","@id":"https:\/\/easyliferobo.com\/de\/#website","url":"https:\/\/easyliferobo.com\/de\/","name":"EasyLifeBro","description":"Smarte Roboter f\u00fcr Zuhause, Garten &amp; Bildung","publisher":{"@id":"https:\/\/easyliferobo.com\/de\/#organization"},"potentialAction":[{"@type":"SearchAction","target":{"@type":"EntryPoint","urlTemplate":"https:\/\/easyliferobo.com\/de\/?s={search_term_string}"},"query-input":{"@type":"PropertyValueSpecification","valueRequired":true,"valueName":"search_term_string"}}],"inLanguage":"de"},{"@type":"Organization","@id":"https:\/\/easyliferobo.com\/de\/#organization","name":"EasyLifeBro","url":"https:\/\/easyliferobo.com\/de\/","logo":{"@type":"ImageObject","inLanguage":"de","@id":"https:\/\/easyliferobo.com\/de\/#\/schema\/logo\/image\/","url":"https:\/\/easyliferobo.com\/de\/wp-content\/uploads\/2026\/02\/Screenshot-2026-02-22-at-2.25.03-PM.png","contentUrl":"https:\/\/easyliferobo.com\/de\/wp-content\/uploads\/2026\/02\/Screenshot-2026-02-22-at-2.25.03-PM.png","width":1858,"height":430,"caption":"EasyLifeBro"},"image":{"@id":"https:\/\/easyliferobo.com\/de\/#\/schema\/logo\/image\/"}}]}},"_links":{"self":[{"href":"https:\/\/easyliferobo.com\/de\/wp-json\/wp\/v2\/product\/2958","targetHints":{"allow":["GET"]}}],"collection":[{"href":"https:\/\/easyliferobo.com\/de\/wp-json\/wp\/v2\/product"}],"about":[{"href":"https:\/\/easyliferobo.com\/de\/wp-json\/wp\/v2\/types\/product"}],"replies":[{"embeddable":true,"href":"https:\/\/easyliferobo.com\/de\/wp-json\/wp\/v2\/comments?post=2958"}],"wp:featuredmedia":[{"embeddable":true,"href":"https:\/\/easyliferobo.com\/de\/wp-json\/wp\/v2\/media\/2959"}],"wp:attachment":[{"href":"https:\/\/easyliferobo.com\/de\/wp-json\/wp\/v2\/media?parent=2958"}],"wp:term":[{"taxonomy":"store","embeddable":true,"href":"https:\/\/easyliferobo.com\/de\/wp-json\/wp\/v2\/store?post=2958"},{"taxonomy":"product_brand","embeddable":true,"href":"https:\/\/easyliferobo.com\/de\/wp-json\/wp\/v2\/product_brand?post=2958"},{"taxonomy":"product_cat","embeddable":true,"href":"https:\/\/easyliferobo.com\/de\/wp-json\/wp\/v2\/product_cat?post=2958"},{"taxonomy":"product_tag","embeddable":true,"href":"https:\/\/easyliferobo.com\/de\/wp-json\/wp\/v2\/product_tag?post=2958"}],"curies":[{"name":"wp","href":"https:\/\/api.w.org\/{rel}","templated":true}]}}