
{"id":294,"date":"2026-02-22T09:23:52","date_gmt":"2026-02-22T09:23:52","guid":{"rendered":"https:\/\/easyliferobo.com\/de\/product\/makeblock-mbot-ranger-roboter-3-in-1-programmierbarer-roboterbausatz-codiertes-spielzeug-3-formen-mit-me-auriga-bluetooth-version-programmierbares-roboterspielzeug-geschenk-fuer-kinder\/"},"modified":"2026-02-22T23:35:39","modified_gmt":"2026-02-22T23:35:39","slug":"makeblock-mbot-ranger-roboter-3-in-1-programmierbarer-roboterbausatz-codiertes-spielzeug-3-formen-mit-me-auriga-bluetooth-version-programmierbares-roboterspielzeug-geschenk-fuer-kinder","status":"publish","type":"product","link":"https:\/\/easyliferobo.com\/de\/product\/makeblock-mbot-ranger-roboter-3-in-1-programmierbarer-roboterbausatz-codiertes-spielzeug-3-formen-mit-me-auriga-bluetooth-version-programmierbares-roboterspielzeug-geschenk-fuer-kinder\/","title":{"rendered":"Makeblock mBot Ranger Roboter, 3-in..."},"content":{"rendered":"<p>\n                                             Von der Marke   <\/p>\n<p>                                              <img decoding=\"async\" alt=\"Makeblcok-Markengeschichte\" src=\"https:\/\/images-na.ssl-images-amazon.com\/images\/G\/01\/x-locale\/common\/grey-pixel.gif\" class=\"a-lazy-loaded\" data-src=\"https:\/\/m.media-amazon.com\/images\/S\/aplus-media-library-service-media\/4faf8972-7ef0-4260-bd06-acf82ed3ad23.__CR0,0,1464,625_PT0_SX1464_V1___.jpg\"><img decoding=\"async\" alt=\"Makeblcok-Markengeschichte\" src=\"https:\/\/m.media-amazon.com\/images\/S\/aplus-media-library-service-media\/4faf8972-7ef0-4260-bd06-acf82ed3ad23.__CR0,0,1464,625_PT0_SX1464_V1___.jpg\">  <\/p>\n<p>                                              <img decoding=\"async\" alt=\"Makeblock-Geschichte der Marke\" src=\"https:\/\/images-na.ssl-images-amazon.com\/images\/G\/01\/x-locale\/common\/grey-pixel.gif\" class=\"a-lazy-loaded\" data-src=\"https:\/\/m.media-amazon.com\/images\/S\/aplus-media-library-service-media\/dc1539e0-1bb6-44c4-aa81-12721abc9539.__CR0,0,362,453_PT0_SX362_V1___.jpg\"><img decoding=\"async\" alt=\"Makeblock-Geschichte der Marke\" src=\"https:\/\/m.media-amazon.com\/images\/S\/aplus-media-library-service-media\/dc1539e0-1bb6-44c4-aa81-12721abc9539.__CR0,0,362,453_PT0_SX362_V1___.jpg\">  <\/p>\n<p>                                              <img decoding=\"async\" alt=\"Makeblock-Markengeschichte\" src=\"https:\/\/images-na.ssl-images-amazon.com\/images\/G\/01\/x-locale\/common\/grey-pixel.gif\" class=\"a-lazy-loaded\" data-src=\"https:\/\/m.media-amazon.com\/images\/S\/aplus-media-library-service-media\/ec8a1e57-8b03-49ba-a190-f0d249844255.__CR0,0,362,453_PT0_SX362_V1___.jpg\"><img decoding=\"async\" alt=\"Makeblock-Markengeschichte\" src=\"https:\/\/m.media-amazon.com\/images\/S\/aplus-media-library-service-media\/ec8a1e57-8b03-49ba-a190-f0d249844255.__CR0,0,362,453_PT0_SX362_V1___.jpg\">  <\/p>\n<p>                                              <img decoding=\"async\" alt=\"Makeblock-Markengeschichte\" src=\"https:\/\/images-na.ssl-images-amazon.com\/images\/G\/01\/x-locale\/common\/grey-pixel.gif\" class=\"a-lazy-loaded\" data-src=\"https:\/\/m.media-amazon.com\/images\/S\/aplus-media-library-service-media\/9104e942-18dd-469e-9c22-27037a60bc0f.__CR0,0,362,453_PT0_SX362_V1___.jpg\"><img decoding=\"async\" alt=\"Makeblock-Markengeschichte\" src=\"https:\/\/m.media-amazon.com\/images\/S\/aplus-media-library-service-media\/9104e942-18dd-469e-9c22-27037a60bc0f.__CR0,0,362,453_PT0_SX362_V1___.jpg\">  <\/p>\n<h3>  Geeignet f\u00fcr Kinder ab 4 Jahren <\/h3>\n<p class=\"apm-brand-story-stores-link\">\n<h3>  Geeignet f\u00fcr Kinder ab 6 Jahren <\/h3>\n<p class=\"apm-brand-story-stores-link\">\n<h3>  Geeignet f\u00fcr Kinder ab 8 Jahren <\/h3>\n<p class=\"apm-brand-story-stores-link\">\n<h3>  Ab 12 Jahren <\/h3>\n<p class=\"apm-brand-story-stores-link\">\n<p>1) Mit dem kleinen Ranger-Roboter macht das Programmieren Spa\u00df und regt Kinder zum kreativen und interaktiven Spielen an. F\u00fcr Kinder, die sich f\u00fcr Elektronik, Robotik und Programmierung interessieren, ist der Ranger-Roboter ein tolles Geschenk, um ihnen Kenntnisse in der Elektronik, Baurobotik und Programmiererfahrung zu vermitteln.<br \/>3) 6 integrierte Sensoren f\u00fcr Erweiterungsfunktionen: Lichtsensor, Ultraschallsensor, Linienverfolgungssensor, Gyroskop, Temperatursensor und Schallsensor, die erweiterte Funktionen wie Hindernisvermeidung, Linienverfolgung, Balance usw. erm\u00f6glichen.<br \/>2) Starkes Motherboard: Die neueste Version des Me Auriga Motherboards basiert auf der Opensource-Plattform Arduino Mega 2560. Es unterst\u00fctzt nicht die 5 integrierten Sensoren, verf\u00fcgt aber auch \u00fcber 10 weitere Ports, um weitere gew\u00fcnschte Funktionen zu erweitern.<br \/>&#8211; &#8211; &#8211;<br \/>4) Unbegrenzte Erweiterung: mBot Ranger ist mit 10 mBot-Erweiterungsschnittstellen zum Anschluss von mehr als 40 Elektronikmodulen ausgestattet (12 Elektronikmodule im Kit).<\/p>\n<p>[ad_2]<\/p>\n","protected":false},"excerpt":{"rendered":"<p>Von der Marke Geeignet f\u00fcr Kinder ab 4 Jahren Geeignet f\u00fcr Kinder ab 6 Jahren Geeignet f\u00fcr Kinder ab 8 Jahren Ab 12 Jahren 1) Mit dem kleinen Ranger-Roboter macht das Programmieren Spa\u00df und regt Kinder zum kreativen und interaktiven Spielen an. F\u00fcr Kinder, die sich f\u00fcr Elektronik, Robotik und Programmierung interessieren, ist der Ranger-Roboter [&hellip;]<\/p>\n","protected":false},"featured_media":295,"comment_status":"open","ping_status":"closed","template":"","meta":{"_aipt_faq_data":""},"store":[],"product_brand":[],"product_cat":[91],"product_tag":[130],"class_list":{"0":"post-294","1":"product","2":"type-product","3":"status-publish","4":"has-post-thumbnail","6":"product_cat-programmierbares-spielzeug","7":"product_tag-programmierbares-spielzeug-fuer-kinder","9":"first","10":"instock","11":"sale","12":"shipping-taxable","13":"product-type-external"},"yoast_head":"<!-- This site is optimized with the Yoast SEO plugin v27.0 - https:\/\/yoast.com\/product\/yoast-seo-wordpress\/ -->\n<title>Makeblock mBot Ranger Roboter, 3-in-1 programmierbarer Roboterbausatz, codiertes Spielzeug, 3 Formen mit Me Auriga, Bluetooth-Version, programmierbares Roboterspielzeug, Geschenk f\u00fcr Kinder. - EasyLifeBro<\/title>\n<meta name=\"description\" content=\"Entdecken Sie smarte Roboter f\u00fcr Zuhause, Garten, Bildung und Sicherheit. Vergleichen Sie Saugroboter, Rasenm\u00e4hroboter, KI-Begleitroboter und mehr bei EasyLifeRobo.\" \/>\n<meta name=\"robots\" content=\"index, follow, max-snippet:-1, max-image-preview:large, max-video-preview:-1\" \/>\n<link rel=\"canonical\" href=\"https:\/\/easyliferobo.com\/de\/product\/makeblock-mbot-ranger-roboter-3-in-1-programmierbarer-roboterbausatz-codiertes-spielzeug-3-formen-mit-me-auriga-bluetooth-version-programmierbares-roboterspielzeug-geschenk-fuer-kinder\/\" \/>\n<meta property=\"og:locale\" content=\"de_DE\" \/>\n<meta property=\"og:type\" content=\"article\" \/>\n<meta property=\"og:title\" content=\"Makeblock mBot Ranger Roboter, 3-in-1 programmierbarer Roboterbausatz, codiertes Spielzeug, 3 Formen mit Me Auriga, Bluetooth-Version, programmierbares Roboterspielzeug, Geschenk f\u00fcr Kinder. - EasyLifeBro\" \/>\n<meta property=\"og:description\" content=\"Entdecken Sie smarte Roboter f\u00fcr Zuhause, Garten, Bildung und Sicherheit. Vergleichen Sie Saugroboter, Rasenm\u00e4hroboter, KI-Begleitroboter und mehr bei EasyLifeRobo.\" \/>\n<meta property=\"og:url\" content=\"https:\/\/easyliferobo.com\/de\/product\/makeblock-mbot-ranger-roboter-3-in-1-programmierbarer-roboterbausatz-codiertes-spielzeug-3-formen-mit-me-auriga-bluetooth-version-programmierbares-roboterspielzeug-geschenk-fuer-kinder\/\" \/>\n<meta property=\"og:site_name\" content=\"EasyLifeBro\" \/>\n<meta property=\"article:modified_time\" content=\"2026-02-22T23:35:39+00:00\" \/>\n<meta property=\"og:image\" content=\"https:\/\/easyliferobo.com\/de\/wp-content\/uploads\/2026\/02\/81Zd9UoqkmL._AC_SL1500_.jpg\" \/>\n\t<meta property=\"og:image:width\" content=\"1500\" \/>\n\t<meta property=\"og:image:height\" content=\"1407\" \/>\n\t<meta property=\"og:image:type\" content=\"image\/jpeg\" \/>\n<meta name=\"twitter:card\" content=\"summary_large_image\" \/>\n<meta name=\"twitter:label1\" content=\"Gesch\u00e4tzte Lesezeit\" \/>\n\t<meta name=\"twitter:data1\" content=\"1\u00a0Minute\" \/>\n<script type=\"application\/ld+json\" class=\"yoast-schema-graph\">{\"@context\":\"https:\/\/schema.org\",\"@graph\":[{\"@type\":\"WebPage\",\"@id\":\"https:\/\/easyliferobo.com\/de\/product\/makeblock-mbot-ranger-roboter-3-in-1-programmierbarer-roboterbausatz-codiertes-spielzeug-3-formen-mit-me-auriga-bluetooth-version-programmierbares-roboterspielzeug-geschenk-fuer-kinder\/\",\"url\":\"https:\/\/easyliferobo.com\/de\/product\/makeblock-mbot-ranger-roboter-3-in-1-programmierbarer-roboterbausatz-codiertes-spielzeug-3-formen-mit-me-auriga-bluetooth-version-programmierbares-roboterspielzeug-geschenk-fuer-kinder\/\",\"name\":\"Makeblock mBot Ranger Roboter, 3-in-1 programmierbarer Roboterbausatz, codiertes Spielzeug, 3 Formen mit Me Auriga, Bluetooth-Version, programmierbares Roboterspielzeug, Geschenk f\u00fcr Kinder. - EasyLifeBro\",\"isPartOf\":{\"@id\":\"https:\/\/easyliferobo.com\/de\/#website\"},\"primaryImageOfPage\":{\"@id\":\"https:\/\/easyliferobo.com\/de\/product\/makeblock-mbot-ranger-roboter-3-in-1-programmierbarer-roboterbausatz-codiertes-spielzeug-3-formen-mit-me-auriga-bluetooth-version-programmierbares-roboterspielzeug-geschenk-fuer-kinder\/#primaryimage\"},\"image\":{\"@id\":\"https:\/\/easyliferobo.com\/de\/product\/makeblock-mbot-ranger-roboter-3-in-1-programmierbarer-roboterbausatz-codiertes-spielzeug-3-formen-mit-me-auriga-bluetooth-version-programmierbares-roboterspielzeug-geschenk-fuer-kinder\/#primaryimage\"},\"thumbnailUrl\":\"https:\/\/easyliferobo.com\/de\/wp-content\/uploads\/2026\/02\/81Zd9UoqkmL._AC_SL1500_.jpg\",\"datePublished\":\"2026-02-22T09:23:52+00:00\",\"dateModified\":\"2026-02-22T23:35:39+00:00\",\"description\":\"Entdecken Sie smarte Roboter f\u00fcr Zuhause, Garten, Bildung und Sicherheit. Vergleichen Sie Saugroboter, Rasenm\u00e4hroboter, KI-Begleitroboter und mehr bei EasyLifeRobo.\",\"breadcrumb\":{\"@id\":\"https:\/\/easyliferobo.com\/de\/product\/makeblock-mbot-ranger-roboter-3-in-1-programmierbarer-roboterbausatz-codiertes-spielzeug-3-formen-mit-me-auriga-bluetooth-version-programmierbares-roboterspielzeug-geschenk-fuer-kinder\/#breadcrumb\"},\"inLanguage\":\"de\",\"potentialAction\":[{\"@type\":\"ReadAction\",\"target\":[\"https:\/\/easyliferobo.com\/de\/product\/makeblock-mbot-ranger-roboter-3-in-1-programmierbarer-roboterbausatz-codiertes-spielzeug-3-formen-mit-me-auriga-bluetooth-version-programmierbares-roboterspielzeug-geschenk-fuer-kinder\/\"]}]},{\"@type\":\"ImageObject\",\"inLanguage\":\"de\",\"@id\":\"https:\/\/easyliferobo.com\/de\/product\/makeblock-mbot-ranger-roboter-3-in-1-programmierbarer-roboterbausatz-codiertes-spielzeug-3-formen-mit-me-auriga-bluetooth-version-programmierbares-roboterspielzeug-geschenk-fuer-kinder\/#primaryimage\",\"url\":\"https:\/\/easyliferobo.com\/de\/wp-content\/uploads\/2026\/02\/81Zd9UoqkmL._AC_SL1500_.jpg\",\"contentUrl\":\"https:\/\/easyliferobo.com\/de\/wp-content\/uploads\/2026\/02\/81Zd9UoqkmL._AC_SL1500_.jpg\",\"width\":1500,\"height\":1407},{\"@type\":\"BreadcrumbList\",\"@id\":\"https:\/\/easyliferobo.com\/de\/product\/makeblock-mbot-ranger-roboter-3-in-1-programmierbarer-roboterbausatz-codiertes-spielzeug-3-formen-mit-me-auriga-bluetooth-version-programmierbares-roboterspielzeug-geschenk-fuer-kinder\/#breadcrumb\",\"itemListElement\":[{\"@type\":\"ListItem\",\"position\":1,\"name\":\"Home\",\"item\":\"https:\/\/easyliferobo.com\/de\/\"},{\"@type\":\"ListItem\",\"position\":2,\"name\":\"Shop\",\"item\":\"https:\/\/easyliferobo.com\/de\/shop\/\"},{\"@type\":\"ListItem\",\"position\":3,\"name\":\"Makeblock mBot Ranger Roboter, 3-in...\"}]},{\"@type\":\"WebSite\",\"@id\":\"https:\/\/easyliferobo.com\/de\/#website\",\"url\":\"https:\/\/easyliferobo.com\/de\/\",\"name\":\"EasyLifeBro\",\"description\":\"Smarte Roboter f\u00fcr Zuhause, Garten &amp; Bildung\",\"publisher\":{\"@id\":\"https:\/\/easyliferobo.com\/de\/#organization\"},\"potentialAction\":[{\"@type\":\"SearchAction\",\"target\":{\"@type\":\"EntryPoint\",\"urlTemplate\":\"https:\/\/easyliferobo.com\/de\/?s={search_term_string}\"},\"query-input\":{\"@type\":\"PropertyValueSpecification\",\"valueRequired\":true,\"valueName\":\"search_term_string\"}}],\"inLanguage\":\"de\"},{\"@type\":\"Organization\",\"@id\":\"https:\/\/easyliferobo.com\/de\/#organization\",\"name\":\"EasyLifeBro\",\"url\":\"https:\/\/easyliferobo.com\/de\/\",\"logo\":{\"@type\":\"ImageObject\",\"inLanguage\":\"de\",\"@id\":\"https:\/\/easyliferobo.com\/de\/#\/schema\/logo\/image\/\",\"url\":\"https:\/\/easyliferobo.com\/de\/wp-content\/uploads\/2026\/02\/Screenshot-2026-02-22-at-2.25.03-PM.png\",\"contentUrl\":\"https:\/\/easyliferobo.com\/de\/wp-content\/uploads\/2026\/02\/Screenshot-2026-02-22-at-2.25.03-PM.png\",\"width\":1858,\"height\":430,\"caption\":\"EasyLifeBro\"},\"image\":{\"@id\":\"https:\/\/easyliferobo.com\/de\/#\/schema\/logo\/image\/\"}}]}<\/script>\n<!-- \/ Yoast SEO plugin. -->","yoast_head_json":{"title":"Makeblock mBot Ranger Roboter, 3-in-1 programmierbarer Roboterbausatz, codiertes Spielzeug, 3 Formen mit Me Auriga, Bluetooth-Version, programmierbares Roboterspielzeug, Geschenk f\u00fcr Kinder. - EasyLifeBro","description":"Entdecken Sie smarte Roboter f\u00fcr Zuhause, Garten, Bildung und Sicherheit. Vergleichen Sie Saugroboter, Rasenm\u00e4hroboter, KI-Begleitroboter und mehr bei EasyLifeRobo.","robots":{"index":"index","follow":"follow","max-snippet":"max-snippet:-1","max-image-preview":"max-image-preview:large","max-video-preview":"max-video-preview:-1"},"canonical":"https:\/\/easyliferobo.com\/de\/product\/makeblock-mbot-ranger-roboter-3-in-1-programmierbarer-roboterbausatz-codiertes-spielzeug-3-formen-mit-me-auriga-bluetooth-version-programmierbares-roboterspielzeug-geschenk-fuer-kinder\/","og_locale":"de_DE","og_type":"article","og_title":"Makeblock mBot Ranger Roboter, 3-in-1 programmierbarer Roboterbausatz, codiertes Spielzeug, 3 Formen mit Me Auriga, Bluetooth-Version, programmierbares Roboterspielzeug, Geschenk f\u00fcr Kinder. - EasyLifeBro","og_description":"Entdecken Sie smarte Roboter f\u00fcr Zuhause, Garten, Bildung und Sicherheit. Vergleichen Sie Saugroboter, Rasenm\u00e4hroboter, KI-Begleitroboter und mehr bei EasyLifeRobo.","og_url":"https:\/\/easyliferobo.com\/de\/product\/makeblock-mbot-ranger-roboter-3-in-1-programmierbarer-roboterbausatz-codiertes-spielzeug-3-formen-mit-me-auriga-bluetooth-version-programmierbares-roboterspielzeug-geschenk-fuer-kinder\/","og_site_name":"EasyLifeBro","article_modified_time":"2026-02-22T23:35:39+00:00","og_image":[{"width":1500,"height":1407,"url":"https:\/\/easyliferobo.com\/de\/wp-content\/uploads\/2026\/02\/81Zd9UoqkmL._AC_SL1500_.jpg","type":"image\/jpeg"}],"twitter_card":"summary_large_image","twitter_misc":{"Gesch\u00e4tzte Lesezeit":"1\u00a0Minute"},"schema":{"@context":"https:\/\/schema.org","@graph":[{"@type":"WebPage","@id":"https:\/\/easyliferobo.com\/de\/product\/makeblock-mbot-ranger-roboter-3-in-1-programmierbarer-roboterbausatz-codiertes-spielzeug-3-formen-mit-me-auriga-bluetooth-version-programmierbares-roboterspielzeug-geschenk-fuer-kinder\/","url":"https:\/\/easyliferobo.com\/de\/product\/makeblock-mbot-ranger-roboter-3-in-1-programmierbarer-roboterbausatz-codiertes-spielzeug-3-formen-mit-me-auriga-bluetooth-version-programmierbares-roboterspielzeug-geschenk-fuer-kinder\/","name":"Makeblock mBot Ranger Roboter, 3-in-1 programmierbarer Roboterbausatz, codiertes Spielzeug, 3 Formen mit Me Auriga, Bluetooth-Version, programmierbares Roboterspielzeug, Geschenk f\u00fcr Kinder. - EasyLifeBro","isPartOf":{"@id":"https:\/\/easyliferobo.com\/de\/#website"},"primaryImageOfPage":{"@id":"https:\/\/easyliferobo.com\/de\/product\/makeblock-mbot-ranger-roboter-3-in-1-programmierbarer-roboterbausatz-codiertes-spielzeug-3-formen-mit-me-auriga-bluetooth-version-programmierbares-roboterspielzeug-geschenk-fuer-kinder\/#primaryimage"},"image":{"@id":"https:\/\/easyliferobo.com\/de\/product\/makeblock-mbot-ranger-roboter-3-in-1-programmierbarer-roboterbausatz-codiertes-spielzeug-3-formen-mit-me-auriga-bluetooth-version-programmierbares-roboterspielzeug-geschenk-fuer-kinder\/#primaryimage"},"thumbnailUrl":"https:\/\/easyliferobo.com\/de\/wp-content\/uploads\/2026\/02\/81Zd9UoqkmL._AC_SL1500_.jpg","datePublished":"2026-02-22T09:23:52+00:00","dateModified":"2026-02-22T23:35:39+00:00","description":"Entdecken Sie smarte Roboter f\u00fcr Zuhause, Garten, Bildung und Sicherheit. Vergleichen Sie Saugroboter, Rasenm\u00e4hroboter, KI-Begleitroboter und mehr bei EasyLifeRobo.","breadcrumb":{"@id":"https:\/\/easyliferobo.com\/de\/product\/makeblock-mbot-ranger-roboter-3-in-1-programmierbarer-roboterbausatz-codiertes-spielzeug-3-formen-mit-me-auriga-bluetooth-version-programmierbares-roboterspielzeug-geschenk-fuer-kinder\/#breadcrumb"},"inLanguage":"de","potentialAction":[{"@type":"ReadAction","target":["https:\/\/easyliferobo.com\/de\/product\/makeblock-mbot-ranger-roboter-3-in-1-programmierbarer-roboterbausatz-codiertes-spielzeug-3-formen-mit-me-auriga-bluetooth-version-programmierbares-roboterspielzeug-geschenk-fuer-kinder\/"]}]},{"@type":"ImageObject","inLanguage":"de","@id":"https:\/\/easyliferobo.com\/de\/product\/makeblock-mbot-ranger-roboter-3-in-1-programmierbarer-roboterbausatz-codiertes-spielzeug-3-formen-mit-me-auriga-bluetooth-version-programmierbares-roboterspielzeug-geschenk-fuer-kinder\/#primaryimage","url":"https:\/\/easyliferobo.com\/de\/wp-content\/uploads\/2026\/02\/81Zd9UoqkmL._AC_SL1500_.jpg","contentUrl":"https:\/\/easyliferobo.com\/de\/wp-content\/uploads\/2026\/02\/81Zd9UoqkmL._AC_SL1500_.jpg","width":1500,"height":1407},{"@type":"BreadcrumbList","@id":"https:\/\/easyliferobo.com\/de\/product\/makeblock-mbot-ranger-roboter-3-in-1-programmierbarer-roboterbausatz-codiertes-spielzeug-3-formen-mit-me-auriga-bluetooth-version-programmierbares-roboterspielzeug-geschenk-fuer-kinder\/#breadcrumb","itemListElement":[{"@type":"ListItem","position":1,"name":"Home","item":"https:\/\/easyliferobo.com\/de\/"},{"@type":"ListItem","position":2,"name":"Shop","item":"https:\/\/easyliferobo.com\/de\/shop\/"},{"@type":"ListItem","position":3,"name":"Makeblock mBot Ranger Roboter, 3-in..."}]},{"@type":"WebSite","@id":"https:\/\/easyliferobo.com\/de\/#website","url":"https:\/\/easyliferobo.com\/de\/","name":"EasyLifeBro","description":"Smarte Roboter f\u00fcr Zuhause, Garten &amp; Bildung","publisher":{"@id":"https:\/\/easyliferobo.com\/de\/#organization"},"potentialAction":[{"@type":"SearchAction","target":{"@type":"EntryPoint","urlTemplate":"https:\/\/easyliferobo.com\/de\/?s={search_term_string}"},"query-input":{"@type":"PropertyValueSpecification","valueRequired":true,"valueName":"search_term_string"}}],"inLanguage":"de"},{"@type":"Organization","@id":"https:\/\/easyliferobo.com\/de\/#organization","name":"EasyLifeBro","url":"https:\/\/easyliferobo.com\/de\/","logo":{"@type":"ImageObject","inLanguage":"de","@id":"https:\/\/easyliferobo.com\/de\/#\/schema\/logo\/image\/","url":"https:\/\/easyliferobo.com\/de\/wp-content\/uploads\/2026\/02\/Screenshot-2026-02-22-at-2.25.03-PM.png","contentUrl":"https:\/\/easyliferobo.com\/de\/wp-content\/uploads\/2026\/02\/Screenshot-2026-02-22-at-2.25.03-PM.png","width":1858,"height":430,"caption":"EasyLifeBro"},"image":{"@id":"https:\/\/easyliferobo.com\/de\/#\/schema\/logo\/image\/"}}]}},"_links":{"self":[{"href":"https:\/\/easyliferobo.com\/de\/wp-json\/wp\/v2\/product\/294","targetHints":{"allow":["GET"]}}],"collection":[{"href":"https:\/\/easyliferobo.com\/de\/wp-json\/wp\/v2\/product"}],"about":[{"href":"https:\/\/easyliferobo.com\/de\/wp-json\/wp\/v2\/types\/product"}],"replies":[{"embeddable":true,"href":"https:\/\/easyliferobo.com\/de\/wp-json\/wp\/v2\/comments?post=294"}],"wp:featuredmedia":[{"embeddable":true,"href":"https:\/\/easyliferobo.com\/de\/wp-json\/wp\/v2\/media\/295"}],"wp:attachment":[{"href":"https:\/\/easyliferobo.com\/de\/wp-json\/wp\/v2\/media?parent=294"}],"wp:term":[{"taxonomy":"store","embeddable":true,"href":"https:\/\/easyliferobo.com\/de\/wp-json\/wp\/v2\/store?post=294"},{"taxonomy":"product_brand","embeddable":true,"href":"https:\/\/easyliferobo.com\/de\/wp-json\/wp\/v2\/product_brand?post=294"},{"taxonomy":"product_cat","embeddable":true,"href":"https:\/\/easyliferobo.com\/de\/wp-json\/wp\/v2\/product_cat?post=294"},{"taxonomy":"product_tag","embeddable":true,"href":"https:\/\/easyliferobo.com\/de\/wp-json\/wp\/v2\/product_tag?post=294"}],"curies":[{"name":"wp","href":"https:\/\/api.w.org\/{rel}","templated":true}]}}