
{"id":2927,"date":"2026-02-27T05:36:42","date_gmt":"2026-02-27T05:36:42","guid":{"rendered":"https:\/\/easyliferobo.com\/de\/product\/elektrische-steuerungs-und-automatisierungstechnik-grundlagen-programmierbare-kleinsteuerungen-praxisorientierte-sps-programmierung-de-fachwissen\/"},"modified":"2026-02-27T05:36:44","modified_gmt":"2026-02-27T05:36:44","slug":"elektrische-steuerungs-und-automatisierungstechnik-grundlagen-programmierbare-kleinsteuerungen-praxisorientierte-sps-programmierung-de-fachwissen","status":"publish","type":"product","link":"https:\/\/easyliferobo.com\/de\/product\/elektrische-steuerungs-und-automatisierungstechnik-grundlagen-programmierbare-kleinsteuerungen-praxisorientierte-sps-programmierung-de-fachwissen\/","title":{"rendered":"Elektrische Steuerungs- und Automat..."},"content":{"rendered":"<p>  Grundlage dieses Fachbuchs ist die intensive Besch\u00e4ftigung mit der \u201eElektrischen Steuerungs- und Automatisierungstechnik\u201c und deren praktische Umsetzung in unterschiedlichsten Anwendungen. Im Fokus steht dabei die Projektierung und Programmierung speicherprogrammierbarer Steuerungssysteme (SPS). Seine zentralen Themen sind \u2022 Grund- und Zeitfunktionen \u2022 Ausg\u00e4nge mit Speicherverhalten \u2022 Projektierung elektrischer Antriebe \u2022 Bausteinarten in der SPS-Projektierung \u2022 SPS-Baugruppen und zyklische Programmbearbeitung \u2022 Wort- und Analogwertverarbeitung mit SPS \u2022 Ablaufsteuerungen \u2022 Sicherheit in elektrischen Steuerungsanlagen Um einen praktischen Zugang zu den komplexen L\u00f6sungsans\u00e4tzen f\u00fcr elektrische Steuerungs- und Automatisierungsaufgaben zu bieten, liegen allen Kapiteln ausgew\u00e4hlter Praxissituationen zugrunde. F\u00fcr die Projekte von Steuerungsaufgaben werden jeweils mehrere L\u00f6sungsans\u00e4tze verglichen, in ihrer Funktionalit\u00e4t erkl\u00e4rt und mit unterschiedlichen Softwarepaketen oder auch mit konventionellen Sch\u00fctzsteuerungen dargestellt. Das Buch dient damit nicht nur Schul- und Studienlekt\u00fcre, sondern auch Leitfaden und Ideenspeicher f\u00fcr verschiedene berufspraktische Anwendungen der elektrischen Steuerungs- und Automatisierungstechnik. Es spiegelt und erkl\u00e4rt in verst\u00e4ndlicher und grundlegender Form den aktuellen Stand der Technik.    <br \/>Herausgeber \u200f : \u200e H\u00fcthig       <br \/> Erscheinungsdatum \u200f : \u200e 21. November 2024       <br \/> Auflage \u200f : \u200e 1. Auflage 2024       <br \/> Sprache \u200f : \u200e Deutsch   <br \/> Druckl\u00e4nge \u200f : \u200e 258 Seiten       <br \/> ISBN-10 \u200f : \u200e 3810106577       <br \/> ISBN-13 \u200f : \u200e 978-3810106575       <br \/> Abmessungen \u200f : \u200e 16,8 x 1,5 x 24 cm       <br \/>       Bestseller-Rang: 769.050 in B\u00fcchern (siehe Top 100 in B\u00fcchern) 1.173 in Engineering Sonstiges. 1.414 in Elektrotechnik und Elektronik (B\u00fccher) 1.970 in Referenzen zum technischen Schreiben      <br \/>  Kundenrezensionen: 5,0 5,0 von 5 Sternen (2) var dpAcrHasRegisteredArcLinkClickAction; P.when(&#8218;A&#8216;, &#8218;ready&#8216;).execute(function(A) { if (dpAcrHasRegisteredArcLinkClickAction !== true) { dpAcrHasRegisteredArcLinkClickAction = true; A.declarative( &#8218;acrLink-click-metrics&#8216;, &#8218;click&#8216;, { &#8222;allowLinkDefault&#8220;: true }, function (event) { if (window.ue) { ue.count(&#8222;acrLinkClickCount&#8220;, (ue.count(&#8222;acrLinkClickCount&#8220;) || 0) + 1 } } }); P.when(&#8218;A&#8216;, &#8218;cf&#8216;).execute(function(A) { A.declarative(&#8218;acrStarsLink-click-metrics&#8216;, &#8218;click&#8216;, { &#8222;allowLinkDefault&#8220; : true }, function(event){ if(window.ue) { ue.count(&#8222;acrStarsLinkWithPopoverClickCount&#8220;, (ue.count(&#8222;acrStarsLinkWithPopoverClickCount&#8220;) || 0) + 1); } }); });                          <br \/>[ad_2]<\/p>\n","protected":false},"excerpt":{"rendered":"<p>Grundlage dieses Fachbuchs ist die intensive Besch\u00e4ftigung mit der \u201eElektrischen Steuerungs- und Automatisierungstechnik\u201c und deren praktische Umsetzung in unterschiedlichsten Anwendungen. Im Fokus steht dabei die Projektierung und Programmierung speicherprogrammierbarer Steuerungssysteme (SPS). Seine zentralen Themen sind \u2022 Grund- und Zeitfunktionen \u2022 Ausg\u00e4nge mit Speicherverhalten \u2022 Projektierung elektrischer Antriebe \u2022 Bausteinarten in der SPS-Projektierung \u2022 SPS-Baugruppen und [&hellip;]<\/p>\n","protected":false},"featured_media":2928,"comment_status":"open","ping_status":"closed","template":"","meta":{"_aipt_faq_data":""},"store":[],"product_brand":[],"product_cat":[98],"product_tag":[274],"class_list":{"0":"post-2927","1":"product","2":"type-product","3":"status-publish","4":"has-post-thumbnail","6":"product_cat-industrieroboter","7":"product_tag-industrieroboter-steuerungssysteme","9":"first","10":"instock","11":"shipping-taxable","12":"product-type-external"},"yoast_head":"<!-- This site is optimized with the Yoast SEO plugin v27.4 - https:\/\/yoast.com\/product\/yoast-seo-wordpress\/ -->\n<title>Elektrische Steuerungs- und Automatisierungstechnik: Grundlagen, programmierbare Kleinsteuerungen, praxisorientierte SPS-Programmierung (de-Fachwissen) - EasyLifeBro<\/title>\n<meta name=\"description\" content=\"Entdecken Sie smarte Roboter f\u00fcr Zuhause, Garten, Bildung und Sicherheit. Vergleichen Sie Saugroboter, Rasenm\u00e4hroboter, KI-Begleitroboter und mehr bei EasyLifeRobo.\" \/>\n<meta name=\"robots\" content=\"index, follow, max-snippet:-1, max-image-preview:large, max-video-preview:-1\" \/>\n<link rel=\"canonical\" href=\"https:\/\/easyliferobo.com\/de\/product\/elektrische-steuerungs-und-automatisierungstechnik-grundlagen-programmierbare-kleinsteuerungen-praxisorientierte-sps-programmierung-de-fachwissen\/\" \/>\n<meta property=\"og:locale\" content=\"de_DE\" \/>\n<meta property=\"og:type\" content=\"article\" \/>\n<meta property=\"og:title\" content=\"Elektrische Steuerungs- und Automatisierungstechnik: Grundlagen, programmierbare Kleinsteuerungen, praxisorientierte SPS-Programmierung (de-Fachwissen) - EasyLifeBro\" \/>\n<meta property=\"og:description\" content=\"Entdecken Sie smarte Roboter f\u00fcr Zuhause, Garten, Bildung und Sicherheit. Vergleichen Sie Saugroboter, Rasenm\u00e4hroboter, KI-Begleitroboter und mehr bei EasyLifeRobo.\" \/>\n<meta property=\"og:url\" content=\"https:\/\/easyliferobo.com\/de\/product\/elektrische-steuerungs-und-automatisierungstechnik-grundlagen-programmierbare-kleinsteuerungen-praxisorientierte-sps-programmierung-de-fachwissen\/\" \/>\n<meta property=\"og:site_name\" content=\"EasyLifeBro\" \/>\n<meta property=\"article:modified_time\" content=\"2026-02-27T05:36:44+00:00\" \/>\n<meta name=\"twitter:card\" content=\"summary_large_image\" \/>\n<meta name=\"twitter:label1\" content=\"Gesch\u00e4tzte Lesezeit\" \/>\n\t<meta name=\"twitter:data1\" content=\"1\u00a0Minute\" \/>\n<script type=\"application\/ld+json\" class=\"yoast-schema-graph\">{\"@context\":\"https:\\\/\\\/schema.org\",\"@graph\":[{\"@type\":\"WebPage\",\"@id\":\"https:\\\/\\\/easyliferobo.com\\\/de\\\/product\\\/elektrische-steuerungs-und-automatisierungstechnik-grundlagen-programmierbare-kleinsteuerungen-praxisorientierte-sps-programmierung-de-fachwissen\\\/\",\"url\":\"https:\\\/\\\/easyliferobo.com\\\/de\\\/product\\\/elektrische-steuerungs-und-automatisierungstechnik-grundlagen-programmierbare-kleinsteuerungen-praxisorientierte-sps-programmierung-de-fachwissen\\\/\",\"name\":\"Elektrische Steuerungs- und Automatisierungstechnik: Grundlagen, programmierbare Kleinsteuerungen, praxisorientierte SPS-Programmierung (de-Fachwissen) - EasyLifeBro\",\"isPartOf\":{\"@id\":\"https:\\\/\\\/easyliferobo.com\\\/de\\\/#website\"},\"primaryImageOfPage\":{\"@id\":\"https:\\\/\\\/easyliferobo.com\\\/de\\\/product\\\/elektrische-steuerungs-und-automatisierungstechnik-grundlagen-programmierbare-kleinsteuerungen-praxisorientierte-sps-programmierung-de-fachwissen\\\/#primaryimage\"},\"image\":{\"@id\":\"https:\\\/\\\/easyliferobo.com\\\/de\\\/product\\\/elektrische-steuerungs-und-automatisierungstechnik-grundlagen-programmierbare-kleinsteuerungen-praxisorientierte-sps-programmierung-de-fachwissen\\\/#primaryimage\"},\"thumbnailUrl\":\"https:\\\/\\\/easyliferobo.com\\\/de\\\/wp-content\\\/uploads\\\/2026\\\/02\\\/01QFb8SNuTL.gif\",\"datePublished\":\"2026-02-27T05:36:42+00:00\",\"dateModified\":\"2026-02-27T05:36:44+00:00\",\"description\":\"Entdecken Sie smarte Roboter f\u00fcr Zuhause, Garten, Bildung und Sicherheit. Vergleichen Sie Saugroboter, Rasenm\u00e4hroboter, KI-Begleitroboter und mehr bei EasyLifeRobo.\",\"breadcrumb\":{\"@id\":\"https:\\\/\\\/easyliferobo.com\\\/de\\\/product\\\/elektrische-steuerungs-und-automatisierungstechnik-grundlagen-programmierbare-kleinsteuerungen-praxisorientierte-sps-programmierung-de-fachwissen\\\/#breadcrumb\"},\"inLanguage\":\"de\",\"potentialAction\":[{\"@type\":\"ReadAction\",\"target\":[\"https:\\\/\\\/easyliferobo.com\\\/de\\\/product\\\/elektrische-steuerungs-und-automatisierungstechnik-grundlagen-programmierbare-kleinsteuerungen-praxisorientierte-sps-programmierung-de-fachwissen\\\/\"]}]},{\"@type\":\"ImageObject\",\"inLanguage\":\"de\",\"@id\":\"https:\\\/\\\/easyliferobo.com\\\/de\\\/product\\\/elektrische-steuerungs-und-automatisierungstechnik-grundlagen-programmierbare-kleinsteuerungen-praxisorientierte-sps-programmierung-de-fachwissen\\\/#primaryimage\",\"url\":\"https:\\\/\\\/easyliferobo.com\\\/de\\\/wp-content\\\/uploads\\\/2026\\\/02\\\/01QFb8SNuTL.gif\",\"contentUrl\":\"https:\\\/\\\/easyliferobo.com\\\/de\\\/wp-content\\\/uploads\\\/2026\\\/02\\\/01QFb8SNuTL.gif\",\"width\":60,\"height\":40},{\"@type\":\"BreadcrumbList\",\"@id\":\"https:\\\/\\\/easyliferobo.com\\\/de\\\/product\\\/elektrische-steuerungs-und-automatisierungstechnik-grundlagen-programmierbare-kleinsteuerungen-praxisorientierte-sps-programmierung-de-fachwissen\\\/#breadcrumb\",\"itemListElement\":[{\"@type\":\"ListItem\",\"position\":1,\"name\":\"Home\",\"item\":\"https:\\\/\\\/easyliferobo.com\\\/de\\\/\"},{\"@type\":\"ListItem\",\"position\":2,\"name\":\"Shop\",\"item\":\"https:\\\/\\\/easyliferobo.com\\\/de\\\/shop\\\/\"},{\"@type\":\"ListItem\",\"position\":3,\"name\":\"Elektrische Steuerungs- und Automat...\"}]},{\"@type\":\"WebSite\",\"@id\":\"https:\\\/\\\/easyliferobo.com\\\/de\\\/#website\",\"url\":\"https:\\\/\\\/easyliferobo.com\\\/de\\\/\",\"name\":\"EasyLifeBro\",\"description\":\"Smarte Roboter f\u00fcr Zuhause, Garten &amp; Bildung\",\"publisher\":{\"@id\":\"https:\\\/\\\/easyliferobo.com\\\/de\\\/#organization\"},\"potentialAction\":[{\"@type\":\"SearchAction\",\"target\":{\"@type\":\"EntryPoint\",\"urlTemplate\":\"https:\\\/\\\/easyliferobo.com\\\/de\\\/?s={search_term_string}\"},\"query-input\":{\"@type\":\"PropertyValueSpecification\",\"valueRequired\":true,\"valueName\":\"search_term_string\"}}],\"inLanguage\":\"de\"},{\"@type\":\"Organization\",\"@id\":\"https:\\\/\\\/easyliferobo.com\\\/de\\\/#organization\",\"name\":\"EasyLifeBro\",\"url\":\"https:\\\/\\\/easyliferobo.com\\\/de\\\/\",\"logo\":{\"@type\":\"ImageObject\",\"inLanguage\":\"de\",\"@id\":\"https:\\\/\\\/easyliferobo.com\\\/de\\\/#\\\/schema\\\/logo\\\/image\\\/\",\"url\":\"https:\\\/\\\/easyliferobo.com\\\/de\\\/wp-content\\\/uploads\\\/2026\\\/02\\\/Screenshot-2026-02-22-at-2.25.03-PM.png\",\"contentUrl\":\"https:\\\/\\\/easyliferobo.com\\\/de\\\/wp-content\\\/uploads\\\/2026\\\/02\\\/Screenshot-2026-02-22-at-2.25.03-PM.png\",\"width\":1858,\"height\":430,\"caption\":\"EasyLifeBro\"},\"image\":{\"@id\":\"https:\\\/\\\/easyliferobo.com\\\/de\\\/#\\\/schema\\\/logo\\\/image\\\/\"}}]}<\/script>\n<!-- \/ Yoast SEO plugin. -->","yoast_head_json":{"title":"Elektrische Steuerungs- und Automatisierungstechnik: Grundlagen, programmierbare Kleinsteuerungen, praxisorientierte SPS-Programmierung (de-Fachwissen) - EasyLifeBro","description":"Entdecken Sie smarte Roboter f\u00fcr Zuhause, Garten, Bildung und Sicherheit. Vergleichen Sie Saugroboter, Rasenm\u00e4hroboter, KI-Begleitroboter und mehr bei EasyLifeRobo.","robots":{"index":"index","follow":"follow","max-snippet":"max-snippet:-1","max-image-preview":"max-image-preview:large","max-video-preview":"max-video-preview:-1"},"canonical":"https:\/\/easyliferobo.com\/de\/product\/elektrische-steuerungs-und-automatisierungstechnik-grundlagen-programmierbare-kleinsteuerungen-praxisorientierte-sps-programmierung-de-fachwissen\/","og_locale":"de_DE","og_type":"article","og_title":"Elektrische Steuerungs- und Automatisierungstechnik: Grundlagen, programmierbare Kleinsteuerungen, praxisorientierte SPS-Programmierung (de-Fachwissen) - EasyLifeBro","og_description":"Entdecken Sie smarte Roboter f\u00fcr Zuhause, Garten, Bildung und Sicherheit. Vergleichen Sie Saugroboter, Rasenm\u00e4hroboter, KI-Begleitroboter und mehr bei EasyLifeRobo.","og_url":"https:\/\/easyliferobo.com\/de\/product\/elektrische-steuerungs-und-automatisierungstechnik-grundlagen-programmierbare-kleinsteuerungen-praxisorientierte-sps-programmierung-de-fachwissen\/","og_site_name":"EasyLifeBro","article_modified_time":"2026-02-27T05:36:44+00:00","twitter_card":"summary_large_image","twitter_misc":{"Gesch\u00e4tzte Lesezeit":"1\u00a0Minute"},"schema":{"@context":"https:\/\/schema.org","@graph":[{"@type":"WebPage","@id":"https:\/\/easyliferobo.com\/de\/product\/elektrische-steuerungs-und-automatisierungstechnik-grundlagen-programmierbare-kleinsteuerungen-praxisorientierte-sps-programmierung-de-fachwissen\/","url":"https:\/\/easyliferobo.com\/de\/product\/elektrische-steuerungs-und-automatisierungstechnik-grundlagen-programmierbare-kleinsteuerungen-praxisorientierte-sps-programmierung-de-fachwissen\/","name":"Elektrische Steuerungs- und Automatisierungstechnik: Grundlagen, programmierbare Kleinsteuerungen, praxisorientierte SPS-Programmierung (de-Fachwissen) - EasyLifeBro","isPartOf":{"@id":"https:\/\/easyliferobo.com\/de\/#website"},"primaryImageOfPage":{"@id":"https:\/\/easyliferobo.com\/de\/product\/elektrische-steuerungs-und-automatisierungstechnik-grundlagen-programmierbare-kleinsteuerungen-praxisorientierte-sps-programmierung-de-fachwissen\/#primaryimage"},"image":{"@id":"https:\/\/easyliferobo.com\/de\/product\/elektrische-steuerungs-und-automatisierungstechnik-grundlagen-programmierbare-kleinsteuerungen-praxisorientierte-sps-programmierung-de-fachwissen\/#primaryimage"},"thumbnailUrl":"https:\/\/easyliferobo.com\/de\/wp-content\/uploads\/2026\/02\/01QFb8SNuTL.gif","datePublished":"2026-02-27T05:36:42+00:00","dateModified":"2026-02-27T05:36:44+00:00","description":"Entdecken Sie smarte Roboter f\u00fcr Zuhause, Garten, Bildung und Sicherheit. Vergleichen Sie Saugroboter, Rasenm\u00e4hroboter, KI-Begleitroboter und mehr bei EasyLifeRobo.","breadcrumb":{"@id":"https:\/\/easyliferobo.com\/de\/product\/elektrische-steuerungs-und-automatisierungstechnik-grundlagen-programmierbare-kleinsteuerungen-praxisorientierte-sps-programmierung-de-fachwissen\/#breadcrumb"},"inLanguage":"de","potentialAction":[{"@type":"ReadAction","target":["https:\/\/easyliferobo.com\/de\/product\/elektrische-steuerungs-und-automatisierungstechnik-grundlagen-programmierbare-kleinsteuerungen-praxisorientierte-sps-programmierung-de-fachwissen\/"]}]},{"@type":"ImageObject","inLanguage":"de","@id":"https:\/\/easyliferobo.com\/de\/product\/elektrische-steuerungs-und-automatisierungstechnik-grundlagen-programmierbare-kleinsteuerungen-praxisorientierte-sps-programmierung-de-fachwissen\/#primaryimage","url":"https:\/\/easyliferobo.com\/de\/wp-content\/uploads\/2026\/02\/01QFb8SNuTL.gif","contentUrl":"https:\/\/easyliferobo.com\/de\/wp-content\/uploads\/2026\/02\/01QFb8SNuTL.gif","width":60,"height":40},{"@type":"BreadcrumbList","@id":"https:\/\/easyliferobo.com\/de\/product\/elektrische-steuerungs-und-automatisierungstechnik-grundlagen-programmierbare-kleinsteuerungen-praxisorientierte-sps-programmierung-de-fachwissen\/#breadcrumb","itemListElement":[{"@type":"ListItem","position":1,"name":"Home","item":"https:\/\/easyliferobo.com\/de\/"},{"@type":"ListItem","position":2,"name":"Shop","item":"https:\/\/easyliferobo.com\/de\/shop\/"},{"@type":"ListItem","position":3,"name":"Elektrische Steuerungs- und Automat..."}]},{"@type":"WebSite","@id":"https:\/\/easyliferobo.com\/de\/#website","url":"https:\/\/easyliferobo.com\/de\/","name":"EasyLifeBro","description":"Smarte Roboter f\u00fcr Zuhause, Garten &amp; Bildung","publisher":{"@id":"https:\/\/easyliferobo.com\/de\/#organization"},"potentialAction":[{"@type":"SearchAction","target":{"@type":"EntryPoint","urlTemplate":"https:\/\/easyliferobo.com\/de\/?s={search_term_string}"},"query-input":{"@type":"PropertyValueSpecification","valueRequired":true,"valueName":"search_term_string"}}],"inLanguage":"de"},{"@type":"Organization","@id":"https:\/\/easyliferobo.com\/de\/#organization","name":"EasyLifeBro","url":"https:\/\/easyliferobo.com\/de\/","logo":{"@type":"ImageObject","inLanguage":"de","@id":"https:\/\/easyliferobo.com\/de\/#\/schema\/logo\/image\/","url":"https:\/\/easyliferobo.com\/de\/wp-content\/uploads\/2026\/02\/Screenshot-2026-02-22-at-2.25.03-PM.png","contentUrl":"https:\/\/easyliferobo.com\/de\/wp-content\/uploads\/2026\/02\/Screenshot-2026-02-22-at-2.25.03-PM.png","width":1858,"height":430,"caption":"EasyLifeBro"},"image":{"@id":"https:\/\/easyliferobo.com\/de\/#\/schema\/logo\/image\/"}}]}},"_links":{"self":[{"href":"https:\/\/easyliferobo.com\/de\/wp-json\/wp\/v2\/product\/2927","targetHints":{"allow":["GET"]}}],"collection":[{"href":"https:\/\/easyliferobo.com\/de\/wp-json\/wp\/v2\/product"}],"about":[{"href":"https:\/\/easyliferobo.com\/de\/wp-json\/wp\/v2\/types\/product"}],"replies":[{"embeddable":true,"href":"https:\/\/easyliferobo.com\/de\/wp-json\/wp\/v2\/comments?post=2927"}],"wp:featuredmedia":[{"embeddable":true,"href":"https:\/\/easyliferobo.com\/de\/wp-json\/wp\/v2\/media\/2928"}],"wp:attachment":[{"href":"https:\/\/easyliferobo.com\/de\/wp-json\/wp\/v2\/media?parent=2927"}],"wp:term":[{"taxonomy":"store","embeddable":true,"href":"https:\/\/easyliferobo.com\/de\/wp-json\/wp\/v2\/store?post=2927"},{"taxonomy":"product_brand","embeddable":true,"href":"https:\/\/easyliferobo.com\/de\/wp-json\/wp\/v2\/product_brand?post=2927"},{"taxonomy":"product_cat","embeddable":true,"href":"https:\/\/easyliferobo.com\/de\/wp-json\/wp\/v2\/product_cat?post=2927"},{"taxonomy":"product_tag","embeddable":true,"href":"https:\/\/easyliferobo.com\/de\/wp-json\/wp\/v2\/product_tag?post=2927"}],"curies":[{"name":"wp","href":"https:\/\/api.w.org\/{rel}","templated":true}]}}