
{"id":2919,"date":"2026-02-27T05:35:37","date_gmt":"2026-02-27T05:35:37","guid":{"rendered":"https:\/\/easyliferobo.com\/de\/product\/roboterarm-bausatz-roboterspielzeug-experimente-fuer-kinder-ab-8-jahren-2-in-1-roboterauto-mit-elektronischer-programmierung-und-fernbedienung-stem-kinderspielzeug-geburtstagsgeschenke-fuer-kinde\/"},"modified":"2026-02-27T05:35:51","modified_gmt":"2026-02-27T05:35:51","slug":"roboterarm-bausatz-roboterspielzeug-experimente-fuer-kinder-ab-8-jahren-2-in-1-roboterauto-mit-elektronischer-programmierung-und-fernbedienung-stem-kinderspielzeug-geburtstagsgeschenke-fuer-kinde","status":"publish","type":"product","link":"https:\/\/easyliferobo.com\/de\/product\/roboterarm-bausatz-roboterspielzeug-experimente-fuer-kinder-ab-8-jahren-2-in-1-roboterauto-mit-elektronischer-programmierung-und-fernbedienung-stem-kinderspielzeug-geburtstagsgeschenke-fuer-kinde\/","title":{"rendered":"Roboterarm-Bausatz, Roboterspielzeu..."},"content":{"rendered":"<p>\n                                             Produktbeschreibung: Das perfekte Lernset Roboter Bausatz f\u00fcr Kinder    <\/p>\n<p class=\"aplus-p2\">  Dieser Roboterarm Bausatz ist nicht nur ein lustiges Spielzeug, sondern auch ein umfassendes Lehrmittel. <\/p>\n<p class=\"aplus-p2\">  Roboter Bausatz die STEM Ausbildung f\u00f6rdern, praktische Fertigkeiten f\u00f6rdern, die Kreativit\u00e4t steigern, Teamarbeitsf\u00e4higkeiten verbessern und Computerprogrammierf\u00e4higkeiten verbessern und gleichzeitig Unterhaltung und Lernen effektiv kombinieren. F\u00fcr Kinder bringen solche Spielzeuge nicht nur Freude, sondern vermitteln auch wertvolle Kenntnisse und F\u00e4higkeiten f\u00fcr ihre zuk\u00fcnftige Entwicklung. <\/p>\n<p>Das Video zeigt das Produkt im Einsatz. Das Video f\u00fchrt Sie durch die Produkteinrichtung. Das Video vergleicht mehrere Produkte. Das Video zeigt das Auspacken des Produkts. Roboter Bausatz f\u00fcr Kinder Merchant video Das perfekte Lernset Roboter Bausatz f\u00fcr Kinder    <\/p>\n<p class=\"aplus-p2\">  Dieser Roboterarm Bausatz ist nicht nur ein lustiges Spielzeug, sondern auch ein umfassendes Lehrmittel. <\/p>\n<p class=\"aplus-p2\">  Roboter Bausatz die STEM Ausbildung f\u00f6rdern, praktische Fertigkeiten f\u00f6rdern, die Kreativit\u00e4t steigern, Teamarbeitsf\u00e4higkeiten verbessern und Computerprogrammierf\u00e4higkeiten verbessern und gleichzeitig Unterhaltung und Lernen effektiv kombinieren. F\u00fcr Kinder bringen solche Spielzeuge nicht nur Freude, sondern vermitteln auch wertvolle Kenntnisse und F\u00e4higkeiten f\u00fcr ihre zuk\u00fcnftige Entwicklung. <\/p>\n<p>Das Video zeigt das Produkt im Einsatz. Das Video f\u00fchrt Sie durch die Produkteinrichtung. Das Video vergleicht mehrere Produkte. Das Video zeigt das Auspacken des Produkts. Roboter Bausatz f\u00fcr Kinder Merchant Video<\/p>\n<p>                                                                                                       <img decoding=\"async\" alt=\"Ein Roboterarmspielzeug auf Stufen mit einer Greifkralle. Das metallgraue Ger\u00e4t verf\u00fcgt \u00fcber einen ausziehbaren Arm und scheint einen Bausatz f\u00fcr Kinder zu sein, die sich f\u00fcr Robotik eignen\" src=\"https:\/\/images-na.ssl-images-amazon.com\/images\/G\/01\/x-locale\/common\/grey-pixel.gif\" class=\"a-lazy-loaded\" data-src=\"https:\/\/m.media-amazon.com\/images\/S\/aplus-media-library-service-media\/d227bf40-7c11-4c97-993b-f293fbaf2629.__CR0,0,1464,600_PT0_SX1464_V1___.jpg\"><img decoding=\"async\" alt=\"Ein Roboterarmspielzeug auf Stufen mit einer Greifkralle. Das metallgraue Ger\u00e4t verf\u00fcgt \u00fcber einen ausziehbaren Arm und scheint einen Bausatz f\u00fcr Kinder zu sein, die sich f\u00fcr Robotik eignen\" src=\"https:\/\/m.media-amazon.com\/images\/S\/aplus-media-library-service-media\/d227bf40-7c11-4c97-993b-f293fbaf2629.__CR0,0,1464,600_PT0_SX1464_V1___.jpg\">                                               <\/p>\n<p>                                                                                                       <img decoding=\"async\" alt=\"Ferngesteuertes Kettenfahrzeug mit ausziehbarem Roboterarm. Wird in verschiedenen Umgebungen gezeigt: drinnen, drau\u00dfen auf Sand und auf einer Tischplatte. Verf\u00fcgt \u00fcber profilierte R\u00e4der und einen verstellbaren Greifarm\" src=\"https:\/\/images-na.ssl-images-amazon.com\/images\/G\/01\/x-locale\/common\/grey-pixel.gif\" class=\"a-lazy-loaded\" data-src=\"https:\/\/m.media-amazon.com\/images\/S\/aplus-media-library-service-media\/5c08151a-1abf-45f7-b90b-dc5ca1b92536.__CR0,0,1464,600_PT0_SX1464_V1___.jpg\"><img decoding=\"async\" alt=\"Ferngesteuertes Kettenfahrzeug mit ausziehbarem Roboterarm. Wird in verschiedenen Umgebungen gezeigt: drinnen, drau\u00dfen auf Sand und auf einer Tischplatte. Verf\u00fcgt \u00fcber profilierte R\u00e4der und einen verstellbaren Greifarm\" src=\"https:\/\/m.media-amazon.com\/images\/S\/aplus-media-library-service-media\/5c08151a-1abf-45f7-b90b-dc5ca1b92536.__CR0,0,1464,600_PT0_SX1464_V1___.jpg\">                                               <\/p>\n<h3 class=\"a-text-center aplus-h1 a-text-bold\">  VANLINNY Roboter Bausatz f\u00fcr Kinder <\/h3>\n<p>                         Zum Warenkorb hinzuf\u00fcgen Zum Warenkorb hinzuf\u00fcgen Kundenrezensionen \u2014 3,0 von 5 Sternen 7 3,8 von 5 Sternen 4 4,0 von 5 Sternen 32 1,0 von 5 Sternen 1 4,0 von 5 Sternen 32 Preis \u2014 \u2014 \u2014 \u2014 69,99 \u20ac69,99 \u20ac 69,99 \u20ac69,99 \u20ac Ideales STEM-Geschenk \u2714 \u2714 \u2714 \u2714 \u2714 \u2714 Selbst zusammenbauen \u2714 \u2714 \u2714 \u2714 \u2714 \u2714 Funkfernbedienung steuerbar\u200b \u2714 \u2714 \u2714 \u2714 \u2714 \u2714 Ideales Weihnachtsgeschenk\u200b \u2714 \u2714 \u2714 \u2714 \u2714 \u2714 Ideales Geburtstagsgeschenk\u200b \u2714 \u2714 \u2714 \u2714 \u2714 \u2714       <\/p>\n<p>Roboterbausatz 2 in 1: Dieses elektronische Roboterarmset ist eine Kombination aus einem intelligenten Roboterauto und einem Roboterarm, mit dem Kinder Designkonzepte in Spielen erlernen, den Spa\u00df am Lernen erleben und MINT-F\u00e4higkeiten verbessern k\u00f6nnen<br \/>Auto-Roboterspielzeug f\u00fcr Kinder: Dieses beliebte Wissenschaftsset f\u00fcr Kinder im Alter von 8 bis 12 Jahren kann sich in mehreren Winkeln bewegen, der Roboterarm kann sich frei heben und senken und verf\u00fcgt \u00fcber Funktionen wie Greifen, Programmieren und Simulieren von Ger\u00e4uschen<br \/>Vielf\u00e4ltiges Zubeh\u00f6r und super Fernbedienungsfunktion: Das DIY-Roboter-Kit wird mit Batterien, USB-Ladekabel, DIY-Werkzeugen und einer Fernbedienung geliefert, die \u00fcber gro\u00dfe Entfernungen (30-50 Meter) verwendet werden kann.<br \/>Materialsicherheit: Das Produkt besteht aus ABS und einer Aluminiumlegierung; Die sicheren Inhaltsstoffe erm\u00f6glichen eine sichere Verwendung und machen es zum besten Geschenk f\u00fcr Kinder<br \/>VANLINNY-Garantie: Wenn Sie innerhalb von 18 Monaten nach dem Kauf Probleme mit Ihrem Artikel haben, machen Sie sich keine Sorgen und kontaktieren Sie uns; Wir werden unser Bestes tun, um die beste L\u00f6sung anzubieten. Gerne kaufen<\/p>\n<p>[ad_2]<\/p>\n","protected":false},"excerpt":{"rendered":"<p>Produktbeschreibung: Das perfekte Lernset Roboter Bausatz f\u00fcr Kinder Dieser Roboterarm Bausatz ist nicht nur ein lustiges Spielzeug, sondern auch ein umfassendes Lehrmittel. Roboter Bausatz die STEM Ausbildung f\u00f6rdern, praktische Fertigkeiten f\u00f6rdern, die Kreativit\u00e4t steigern, Teamarbeitsf\u00e4higkeiten verbessern und Computerprogrammierf\u00e4higkeiten verbessern und gleichzeitig Unterhaltung und Lernen effektiv kombinieren. F\u00fcr Kinder bringen solche Spielzeuge nicht nur Freude, sondern [&hellip;]<\/p>\n","protected":false},"featured_media":2920,"comment_status":"open","ping_status":"closed","template":"","meta":{"_aipt_faq_data":""},"store":[],"product_brand":[],"product_cat":[99],"product_tag":[224],"class_list":{"0":"post-2919","1":"product","2":"type-product","3":"status-publish","4":"has-post-thumbnail","6":"product_cat-tisch-roboterarme","7":"product_tag-tisch-roboterarme-diy-bausatz","9":"first","10":"instock","11":"shipping-taxable","12":"product-type-external"},"yoast_head":"<!-- This site is optimized with the Yoast SEO plugin v27.4 - https:\/\/yoast.com\/product\/yoast-seo-wordpress\/ -->\n<title>Roboterarm-Bausatz, Roboterspielzeug, Experimente f\u00fcr Kinder ab 8 Jahren, 2-in-1-Roboterauto mit elektronischer Programmierung und Fernbedienung, STEM-Kinderspielzeug, Geburtstagsgeschenke f\u00fcr Kinder - EasyLifeBro<\/title>\n<meta name=\"description\" content=\"Entdecken Sie smarte Roboter f\u00fcr Zuhause, Garten, Bildung und Sicherheit. Vergleichen Sie Saugroboter, Rasenm\u00e4hroboter, KI-Begleitroboter und mehr bei EasyLifeRobo.\" \/>\n<meta name=\"robots\" content=\"index, follow, max-snippet:-1, max-image-preview:large, max-video-preview:-1\" \/>\n<link rel=\"canonical\" href=\"https:\/\/easyliferobo.com\/de\/product\/roboterarm-bausatz-roboterspielzeug-experimente-fuer-kinder-ab-8-jahren-2-in-1-roboterauto-mit-elektronischer-programmierung-und-fernbedienung-stem-kinderspielzeug-geburtstagsgeschenke-fuer-kinde\/\" \/>\n<meta property=\"og:locale\" content=\"de_DE\" \/>\n<meta property=\"og:type\" content=\"article\" \/>\n<meta property=\"og:title\" content=\"Roboterarm-Bausatz, Roboterspielzeug, Experimente f\u00fcr Kinder ab 8 Jahren, 2-in-1-Roboterauto mit elektronischer Programmierung und Fernbedienung, STEM-Kinderspielzeug, Geburtstagsgeschenke f\u00fcr Kinder - EasyLifeBro\" \/>\n<meta property=\"og:description\" content=\"Entdecken Sie smarte Roboter f\u00fcr Zuhause, Garten, Bildung und Sicherheit. Vergleichen Sie Saugroboter, Rasenm\u00e4hroboter, KI-Begleitroboter und mehr bei EasyLifeRobo.\" \/>\n<meta property=\"og:url\" content=\"https:\/\/easyliferobo.com\/de\/product\/roboterarm-bausatz-roboterspielzeug-experimente-fuer-kinder-ab-8-jahren-2-in-1-roboterauto-mit-elektronischer-programmierung-und-fernbedienung-stem-kinderspielzeug-geburtstagsgeschenke-fuer-kinde\/\" \/>\n<meta property=\"og:site_name\" content=\"EasyLifeBro\" \/>\n<meta property=\"article:modified_time\" content=\"2026-02-27T05:35:51+00:00\" \/>\n<meta property=\"og:image\" content=\"https:\/\/images-na.ssl-images-amazon.com\/images\/G\/01\/x-locale\/common\/grey-pixel.gif\" \/>\n<meta name=\"twitter:card\" content=\"summary_large_image\" \/>\n<meta name=\"twitter:label1\" content=\"Gesch\u00e4tzte Lesezeit\" \/>\n\t<meta name=\"twitter:data1\" content=\"2\u00a0Minuten\" \/>\n<script type=\"application\/ld+json\" class=\"yoast-schema-graph\">{\"@context\":\"https:\\\/\\\/schema.org\",\"@graph\":[{\"@type\":\"WebPage\",\"@id\":\"https:\\\/\\\/easyliferobo.com\\\/de\\\/product\\\/roboterarm-bausatz-roboterspielzeug-experimente-fuer-kinder-ab-8-jahren-2-in-1-roboterauto-mit-elektronischer-programmierung-und-fernbedienung-stem-kinderspielzeug-geburtstagsgeschenke-fuer-kinde\\\/\",\"url\":\"https:\\\/\\\/easyliferobo.com\\\/de\\\/product\\\/roboterarm-bausatz-roboterspielzeug-experimente-fuer-kinder-ab-8-jahren-2-in-1-roboterauto-mit-elektronischer-programmierung-und-fernbedienung-stem-kinderspielzeug-geburtstagsgeschenke-fuer-kinde\\\/\",\"name\":\"Roboterarm-Bausatz, Roboterspielzeug, Experimente f\u00fcr Kinder ab 8 Jahren, 2-in-1-Roboterauto mit elektronischer Programmierung und Fernbedienung, STEM-Kinderspielzeug, Geburtstagsgeschenke f\u00fcr Kinder - EasyLifeBro\",\"isPartOf\":{\"@id\":\"https:\\\/\\\/easyliferobo.com\\\/de\\\/#website\"},\"primaryImageOfPage\":{\"@id\":\"https:\\\/\\\/easyliferobo.com\\\/de\\\/product\\\/roboterarm-bausatz-roboterspielzeug-experimente-fuer-kinder-ab-8-jahren-2-in-1-roboterauto-mit-elektronischer-programmierung-und-fernbedienung-stem-kinderspielzeug-geburtstagsgeschenke-fuer-kinde\\\/#primaryimage\"},\"image\":{\"@id\":\"https:\\\/\\\/easyliferobo.com\\\/de\\\/product\\\/roboterarm-bausatz-roboterspielzeug-experimente-fuer-kinder-ab-8-jahren-2-in-1-roboterauto-mit-elektronischer-programmierung-und-fernbedienung-stem-kinderspielzeug-geburtstagsgeschenke-fuer-kinde\\\/#primaryimage\"},\"thumbnailUrl\":\"https:\\\/\\\/easyliferobo.com\\\/de\\\/wp-content\\\/uploads\\\/2026\\\/02\\\/71YSWbV1ILL._AC_SL1500_.jpg\",\"datePublished\":\"2026-02-27T05:35:37+00:00\",\"dateModified\":\"2026-02-27T05:35:51+00:00\",\"description\":\"Entdecken Sie smarte Roboter f\u00fcr Zuhause, Garten, Bildung und Sicherheit. Vergleichen Sie Saugroboter, Rasenm\u00e4hroboter, KI-Begleitroboter und mehr bei EasyLifeRobo.\",\"breadcrumb\":{\"@id\":\"https:\\\/\\\/easyliferobo.com\\\/de\\\/product\\\/roboterarm-bausatz-roboterspielzeug-experimente-fuer-kinder-ab-8-jahren-2-in-1-roboterauto-mit-elektronischer-programmierung-und-fernbedienung-stem-kinderspielzeug-geburtstagsgeschenke-fuer-kinde\\\/#breadcrumb\"},\"inLanguage\":\"de\",\"potentialAction\":[{\"@type\":\"ReadAction\",\"target\":[\"https:\\\/\\\/easyliferobo.com\\\/de\\\/product\\\/roboterarm-bausatz-roboterspielzeug-experimente-fuer-kinder-ab-8-jahren-2-in-1-roboterauto-mit-elektronischer-programmierung-und-fernbedienung-stem-kinderspielzeug-geburtstagsgeschenke-fuer-kinde\\\/\"]}]},{\"@type\":\"ImageObject\",\"inLanguage\":\"de\",\"@id\":\"https:\\\/\\\/easyliferobo.com\\\/de\\\/product\\\/roboterarm-bausatz-roboterspielzeug-experimente-fuer-kinder-ab-8-jahren-2-in-1-roboterauto-mit-elektronischer-programmierung-und-fernbedienung-stem-kinderspielzeug-geburtstagsgeschenke-fuer-kinde\\\/#primaryimage\",\"url\":\"https:\\\/\\\/easyliferobo.com\\\/de\\\/wp-content\\\/uploads\\\/2026\\\/02\\\/71YSWbV1ILL._AC_SL1500_.jpg\",\"contentUrl\":\"https:\\\/\\\/easyliferobo.com\\\/de\\\/wp-content\\\/uploads\\\/2026\\\/02\\\/71YSWbV1ILL._AC_SL1500_.jpg\",\"width\":1487,\"height\":1500},{\"@type\":\"BreadcrumbList\",\"@id\":\"https:\\\/\\\/easyliferobo.com\\\/de\\\/product\\\/roboterarm-bausatz-roboterspielzeug-experimente-fuer-kinder-ab-8-jahren-2-in-1-roboterauto-mit-elektronischer-programmierung-und-fernbedienung-stem-kinderspielzeug-geburtstagsgeschenke-fuer-kinde\\\/#breadcrumb\",\"itemListElement\":[{\"@type\":\"ListItem\",\"position\":1,\"name\":\"Home\",\"item\":\"https:\\\/\\\/easyliferobo.com\\\/de\\\/\"},{\"@type\":\"ListItem\",\"position\":2,\"name\":\"Shop\",\"item\":\"https:\\\/\\\/easyliferobo.com\\\/de\\\/shop\\\/\"},{\"@type\":\"ListItem\",\"position\":3,\"name\":\"Roboterarm-Bausatz, Roboterspielzeu...\"}]},{\"@type\":\"WebSite\",\"@id\":\"https:\\\/\\\/easyliferobo.com\\\/de\\\/#website\",\"url\":\"https:\\\/\\\/easyliferobo.com\\\/de\\\/\",\"name\":\"EasyLifeBro\",\"description\":\"Smarte Roboter f\u00fcr Zuhause, Garten &amp; Bildung\",\"publisher\":{\"@id\":\"https:\\\/\\\/easyliferobo.com\\\/de\\\/#organization\"},\"potentialAction\":[{\"@type\":\"SearchAction\",\"target\":{\"@type\":\"EntryPoint\",\"urlTemplate\":\"https:\\\/\\\/easyliferobo.com\\\/de\\\/?s={search_term_string}\"},\"query-input\":{\"@type\":\"PropertyValueSpecification\",\"valueRequired\":true,\"valueName\":\"search_term_string\"}}],\"inLanguage\":\"de\"},{\"@type\":\"Organization\",\"@id\":\"https:\\\/\\\/easyliferobo.com\\\/de\\\/#organization\",\"name\":\"EasyLifeBro\",\"url\":\"https:\\\/\\\/easyliferobo.com\\\/de\\\/\",\"logo\":{\"@type\":\"ImageObject\",\"inLanguage\":\"de\",\"@id\":\"https:\\\/\\\/easyliferobo.com\\\/de\\\/#\\\/schema\\\/logo\\\/image\\\/\",\"url\":\"https:\\\/\\\/easyliferobo.com\\\/de\\\/wp-content\\\/uploads\\\/2026\\\/02\\\/Screenshot-2026-02-22-at-2.25.03-PM.png\",\"contentUrl\":\"https:\\\/\\\/easyliferobo.com\\\/de\\\/wp-content\\\/uploads\\\/2026\\\/02\\\/Screenshot-2026-02-22-at-2.25.03-PM.png\",\"width\":1858,\"height\":430,\"caption\":\"EasyLifeBro\"},\"image\":{\"@id\":\"https:\\\/\\\/easyliferobo.com\\\/de\\\/#\\\/schema\\\/logo\\\/image\\\/\"}}]}<\/script>\n<!-- \/ Yoast SEO plugin. -->","yoast_head_json":{"title":"Roboterarm-Bausatz, Roboterspielzeug, Experimente f\u00fcr Kinder ab 8 Jahren, 2-in-1-Roboterauto mit elektronischer Programmierung und Fernbedienung, STEM-Kinderspielzeug, Geburtstagsgeschenke f\u00fcr Kinder - EasyLifeBro","description":"Entdecken Sie smarte Roboter f\u00fcr Zuhause, Garten, Bildung und Sicherheit. Vergleichen Sie Saugroboter, Rasenm\u00e4hroboter, KI-Begleitroboter und mehr bei EasyLifeRobo.","robots":{"index":"index","follow":"follow","max-snippet":"max-snippet:-1","max-image-preview":"max-image-preview:large","max-video-preview":"max-video-preview:-1"},"canonical":"https:\/\/easyliferobo.com\/de\/product\/roboterarm-bausatz-roboterspielzeug-experimente-fuer-kinder-ab-8-jahren-2-in-1-roboterauto-mit-elektronischer-programmierung-und-fernbedienung-stem-kinderspielzeug-geburtstagsgeschenke-fuer-kinde\/","og_locale":"de_DE","og_type":"article","og_title":"Roboterarm-Bausatz, Roboterspielzeug, Experimente f\u00fcr Kinder ab 8 Jahren, 2-in-1-Roboterauto mit elektronischer Programmierung und Fernbedienung, STEM-Kinderspielzeug, Geburtstagsgeschenke f\u00fcr Kinder - EasyLifeBro","og_description":"Entdecken Sie smarte Roboter f\u00fcr Zuhause, Garten, Bildung und Sicherheit. Vergleichen Sie Saugroboter, Rasenm\u00e4hroboter, KI-Begleitroboter und mehr bei EasyLifeRobo.","og_url":"https:\/\/easyliferobo.com\/de\/product\/roboterarm-bausatz-roboterspielzeug-experimente-fuer-kinder-ab-8-jahren-2-in-1-roboterauto-mit-elektronischer-programmierung-und-fernbedienung-stem-kinderspielzeug-geburtstagsgeschenke-fuer-kinde\/","og_site_name":"EasyLifeBro","article_modified_time":"2026-02-27T05:35:51+00:00","og_image":[{"url":"https:\/\/images-na.ssl-images-amazon.com\/images\/G\/01\/x-locale\/common\/grey-pixel.gif","type":"","width":"","height":""}],"twitter_card":"summary_large_image","twitter_misc":{"Gesch\u00e4tzte Lesezeit":"2\u00a0Minuten"},"schema":{"@context":"https:\/\/schema.org","@graph":[{"@type":"WebPage","@id":"https:\/\/easyliferobo.com\/de\/product\/roboterarm-bausatz-roboterspielzeug-experimente-fuer-kinder-ab-8-jahren-2-in-1-roboterauto-mit-elektronischer-programmierung-und-fernbedienung-stem-kinderspielzeug-geburtstagsgeschenke-fuer-kinde\/","url":"https:\/\/easyliferobo.com\/de\/product\/roboterarm-bausatz-roboterspielzeug-experimente-fuer-kinder-ab-8-jahren-2-in-1-roboterauto-mit-elektronischer-programmierung-und-fernbedienung-stem-kinderspielzeug-geburtstagsgeschenke-fuer-kinde\/","name":"Roboterarm-Bausatz, Roboterspielzeug, Experimente f\u00fcr Kinder ab 8 Jahren, 2-in-1-Roboterauto mit elektronischer Programmierung und Fernbedienung, STEM-Kinderspielzeug, Geburtstagsgeschenke f\u00fcr Kinder - EasyLifeBro","isPartOf":{"@id":"https:\/\/easyliferobo.com\/de\/#website"},"primaryImageOfPage":{"@id":"https:\/\/easyliferobo.com\/de\/product\/roboterarm-bausatz-roboterspielzeug-experimente-fuer-kinder-ab-8-jahren-2-in-1-roboterauto-mit-elektronischer-programmierung-und-fernbedienung-stem-kinderspielzeug-geburtstagsgeschenke-fuer-kinde\/#primaryimage"},"image":{"@id":"https:\/\/easyliferobo.com\/de\/product\/roboterarm-bausatz-roboterspielzeug-experimente-fuer-kinder-ab-8-jahren-2-in-1-roboterauto-mit-elektronischer-programmierung-und-fernbedienung-stem-kinderspielzeug-geburtstagsgeschenke-fuer-kinde\/#primaryimage"},"thumbnailUrl":"https:\/\/easyliferobo.com\/de\/wp-content\/uploads\/2026\/02\/71YSWbV1ILL._AC_SL1500_.jpg","datePublished":"2026-02-27T05:35:37+00:00","dateModified":"2026-02-27T05:35:51+00:00","description":"Entdecken Sie smarte Roboter f\u00fcr Zuhause, Garten, Bildung und Sicherheit. Vergleichen Sie Saugroboter, Rasenm\u00e4hroboter, KI-Begleitroboter und mehr bei EasyLifeRobo.","breadcrumb":{"@id":"https:\/\/easyliferobo.com\/de\/product\/roboterarm-bausatz-roboterspielzeug-experimente-fuer-kinder-ab-8-jahren-2-in-1-roboterauto-mit-elektronischer-programmierung-und-fernbedienung-stem-kinderspielzeug-geburtstagsgeschenke-fuer-kinde\/#breadcrumb"},"inLanguage":"de","potentialAction":[{"@type":"ReadAction","target":["https:\/\/easyliferobo.com\/de\/product\/roboterarm-bausatz-roboterspielzeug-experimente-fuer-kinder-ab-8-jahren-2-in-1-roboterauto-mit-elektronischer-programmierung-und-fernbedienung-stem-kinderspielzeug-geburtstagsgeschenke-fuer-kinde\/"]}]},{"@type":"ImageObject","inLanguage":"de","@id":"https:\/\/easyliferobo.com\/de\/product\/roboterarm-bausatz-roboterspielzeug-experimente-fuer-kinder-ab-8-jahren-2-in-1-roboterauto-mit-elektronischer-programmierung-und-fernbedienung-stem-kinderspielzeug-geburtstagsgeschenke-fuer-kinde\/#primaryimage","url":"https:\/\/easyliferobo.com\/de\/wp-content\/uploads\/2026\/02\/71YSWbV1ILL._AC_SL1500_.jpg","contentUrl":"https:\/\/easyliferobo.com\/de\/wp-content\/uploads\/2026\/02\/71YSWbV1ILL._AC_SL1500_.jpg","width":1487,"height":1500},{"@type":"BreadcrumbList","@id":"https:\/\/easyliferobo.com\/de\/product\/roboterarm-bausatz-roboterspielzeug-experimente-fuer-kinder-ab-8-jahren-2-in-1-roboterauto-mit-elektronischer-programmierung-und-fernbedienung-stem-kinderspielzeug-geburtstagsgeschenke-fuer-kinde\/#breadcrumb","itemListElement":[{"@type":"ListItem","position":1,"name":"Home","item":"https:\/\/easyliferobo.com\/de\/"},{"@type":"ListItem","position":2,"name":"Shop","item":"https:\/\/easyliferobo.com\/de\/shop\/"},{"@type":"ListItem","position":3,"name":"Roboterarm-Bausatz, Roboterspielzeu..."}]},{"@type":"WebSite","@id":"https:\/\/easyliferobo.com\/de\/#website","url":"https:\/\/easyliferobo.com\/de\/","name":"EasyLifeBro","description":"Smarte Roboter f\u00fcr Zuhause, Garten &amp; Bildung","publisher":{"@id":"https:\/\/easyliferobo.com\/de\/#organization"},"potentialAction":[{"@type":"SearchAction","target":{"@type":"EntryPoint","urlTemplate":"https:\/\/easyliferobo.com\/de\/?s={search_term_string}"},"query-input":{"@type":"PropertyValueSpecification","valueRequired":true,"valueName":"search_term_string"}}],"inLanguage":"de"},{"@type":"Organization","@id":"https:\/\/easyliferobo.com\/de\/#organization","name":"EasyLifeBro","url":"https:\/\/easyliferobo.com\/de\/","logo":{"@type":"ImageObject","inLanguage":"de","@id":"https:\/\/easyliferobo.com\/de\/#\/schema\/logo\/image\/","url":"https:\/\/easyliferobo.com\/de\/wp-content\/uploads\/2026\/02\/Screenshot-2026-02-22-at-2.25.03-PM.png","contentUrl":"https:\/\/easyliferobo.com\/de\/wp-content\/uploads\/2026\/02\/Screenshot-2026-02-22-at-2.25.03-PM.png","width":1858,"height":430,"caption":"EasyLifeBro"},"image":{"@id":"https:\/\/easyliferobo.com\/de\/#\/schema\/logo\/image\/"}}]}},"_links":{"self":[{"href":"https:\/\/easyliferobo.com\/de\/wp-json\/wp\/v2\/product\/2919","targetHints":{"allow":["GET"]}}],"collection":[{"href":"https:\/\/easyliferobo.com\/de\/wp-json\/wp\/v2\/product"}],"about":[{"href":"https:\/\/easyliferobo.com\/de\/wp-json\/wp\/v2\/types\/product"}],"replies":[{"embeddable":true,"href":"https:\/\/easyliferobo.com\/de\/wp-json\/wp\/v2\/comments?post=2919"}],"wp:featuredmedia":[{"embeddable":true,"href":"https:\/\/easyliferobo.com\/de\/wp-json\/wp\/v2\/media\/2920"}],"wp:attachment":[{"href":"https:\/\/easyliferobo.com\/de\/wp-json\/wp\/v2\/media?parent=2919"}],"wp:term":[{"taxonomy":"store","embeddable":true,"href":"https:\/\/easyliferobo.com\/de\/wp-json\/wp\/v2\/store?post=2919"},{"taxonomy":"product_brand","embeddable":true,"href":"https:\/\/easyliferobo.com\/de\/wp-json\/wp\/v2\/product_brand?post=2919"},{"taxonomy":"product_cat","embeddable":true,"href":"https:\/\/easyliferobo.com\/de\/wp-json\/wp\/v2\/product_cat?post=2919"},{"taxonomy":"product_tag","embeddable":true,"href":"https:\/\/easyliferobo.com\/de\/wp-json\/wp\/v2\/product_tag?post=2919"}],"curies":[{"name":"wp","href":"https:\/\/api.w.org\/{rel}","templated":true}]}}