
{"id":2911,"date":"2026-02-27T05:33:40","date_gmt":"2026-02-27T05:33:40","guid":{"rendered":"https:\/\/easyliferobo.com\/de\/product\/greifer-5-stufiger-teleskopgreifer-60-104-cm-leichter-greifer-und-muellzange-zum-aufnehmen-von-gegenstaenden-greifarm-als-hilfsmittel\/"},"modified":"2026-02-27T05:33:53","modified_gmt":"2026-02-27T05:33:53","slug":"greifer-5-stufiger-teleskopgreifer-60-104-cm-leichter-greifer-und-muellzange-zum-aufnehmen-von-gegenstaenden-greifarm-als-hilfsmittel","status":"publish","type":"product","link":"https:\/\/easyliferobo.com\/de\/product\/greifer-5-stufiger-teleskopgreifer-60-104-cm-leichter-greifer-und-muellzange-zum-aufnehmen-von-gegenstaenden-greifarm-als-hilfsmittel\/","title":{"rendered":"Greifer, 5-stufiger Teleskopgreifer..."},"content":{"rendered":"<p>\n                                             Produktbeschreibung   <\/p>\n<p>                                                                             <img decoding=\"async\" alt=\"Der Text lautet \u201eF\u00fcr Sie entworfen\u201c. Blaues, ausziehbares Greifwerkzeug mit ausf\u00fchrlicher Teilebeschriftung, einschlie\u00dflich Griff und Verl\u00e4ngerungsmechanismus\" src=\"https:\/\/images-na.ssl-images-amazon.com\/images\/G\/01\/x-locale\/common\/grey-pixel.gif\" class=\"a-spacing-base a-lazy-loaded\" data-src=\"https:\/\/m.media-amazon.com\/images\/S\/aplus-media-library-service-media\/6af72483-a547-4203-a6ee-66aa89e3c267.__CR0,0,970,600_PT0_SX970_V1___.jpg\"><img decoding=\"async\" alt=\"Der Text lautet \u201eF\u00fcr Sie entworfen\u201c. Blaues, ausziehbares Greifwerkzeug mit ausf\u00fchrlicher Teilebeschriftung, einschlie\u00dflich Griff und Verl\u00e4ngerungsmechanismus\" src=\"https:\/\/m.media-amazon.com\/images\/S\/aplus-media-library-service-media\/6af72483-a547-4203-a6ee-66aa89e3c267.__CR0,0,970,600_PT0_SX970_V1___.jpg\">                                                                    <\/p>\n<p>                                                                             <img decoding=\"async\" alt=\"Der Text lautet \u201e5-stufiges teleskopisch verstellbares Greifwerkzeug\u201c. Produktdiagramm, das verschiedene L\u00e4ngeneinstellungen eines ausziehbaren Greifwerkzeugs mit blauen Griffen zeigt.\" src=\"https:\/\/images-na.ssl-images-amazon.com\/images\/G\/01\/x-locale\/common\/grey-pixel.gif\" class=\"a-spacing-base a-lazy-loaded\" data-src=\"https:\/\/m.media-amazon.com\/images\/S\/aplus-media-library-service-media\/7a881914-4596-4367-9814-0f7e020bd3e7.__CR0,0,970,600_PT0_SX970_V1___.jpg\"><img decoding=\"async\" alt=\"Der Text lautet \u201e5-stufiges teleskopisch verstellbares Greifwerkzeug\u201c. Produktdiagramm, das verschiedene L\u00e4ngeneinstellungen eines ausziehbaren Greifwerkzeugs mit blauen Griffen zeigt.\" src=\"https:\/\/m.media-amazon.com\/images\/S\/aplus-media-library-service-media\/7a881914-4596-4367-9814-0f7e020bd3e7.__CR0,0,970,600_PT0_SX970_V1___.jpg\">                                                                    <\/p>\n<p>                                                                             <img decoding=\"async\" alt=\"Aplus-Inhaltsbild\" src=\"https:\/\/images-na.ssl-images-amazon.com\/images\/G\/01\/x-locale\/common\/grey-pixel.gif\" class=\"a-spacing-base a-lazy-loaded\" data-src=\"https:\/\/m.media-amazon.com\/images\/S\/aplus-media-library-service-media\/a6de42fd-e9b7-4a7a-9f29-92bcfc5c1139.__CR0,0,970,600_PT0_SX970_V1___.jpg\"><img decoding=\"async\" alt=\"Aplus-Inhaltsbild\" src=\"https:\/\/m.media-amazon.com\/images\/S\/aplus-media-library-service-media\/a6de42fd-e9b7-4a7a-9f29-92bcfc5c1139.__CR0,0,970,600_PT0_SX970_V1___.jpg\">                                                                    <\/p>\n<p>                                                                             <img decoding=\"async\" alt=\"Technisches Diagramm, das mehrere Ansichten eines blauen ergonomischen Fahrradsitz- oder Satteldesigns mit orangefarbenen Informationsfeldern zeigt, die verschiedene Funktionen hervorheben.\" src=\"https:\/\/images-na.ssl-images-amazon.com\/images\/G\/01\/x-locale\/common\/grey-pixel.gif\" class=\"a-spacing-base a-lazy-loaded\" data-src=\"https:\/\/m.media-amazon.com\/images\/S\/aplus-media-library-service-media\/16fe5f18-72da-4901-97e5-8bf322a8a87f.__CR0,0,970,600_PT0_SX970_V1___.jpg\"><img decoding=\"async\" alt=\"Technisches Diagramm, das mehrere Ansichten eines blauen ergonomischen Fahrradsitz- oder Satteldesigns mit orangefarbenen Informationsfeldern zeigt, die verschiedene Funktionen hervorheben.\" src=\"https:\/\/m.media-amazon.com\/images\/S\/aplus-media-library-service-media\/16fe5f18-72da-4901-97e5-8bf322a8a87f.__CR0,0,970,600_PT0_SX970_V1___.jpg\">                                                                    <\/p>\n<p>                                                                             <img decoding=\"async\" alt=\"Collage aus sechs Bildern, die verschiedene Verwendungsm\u00f6glichkeiten eines Teleskopstangenwerkzeugs zum Reinigen und Erreichen hochgelegener Stellen zeigen.\" src=\"https:\/\/images-na.ssl-images-amazon.com\/images\/G\/01\/x-locale\/common\/grey-pixel.gif\" class=\"a-spacing-base a-lazy-loaded\" data-src=\"https:\/\/m.media-amazon.com\/images\/S\/aplus-media-library-service-media\/15dd5cbe-da2e-405f-8102-d97858978fd5.__CR0,0,970,600_PT0_SX970_V1___.jpg\"><img decoding=\"async\" alt=\"Collage aus sechs Bildern, die verschiedene Verwendungsm\u00f6glichkeiten eines Teleskopstangenwerkzeugs zum Reinigen und Erreichen hochgelegener Stellen zeigen.\" src=\"https:\/\/m.media-amazon.com\/images\/S\/aplus-media-library-service-media\/15dd5cbe-da2e-405f-8102-d97858978fd5.__CR0,0,970,600_PT0_SX970_V1___.jpg\">                                                                    <\/p>\n<p>                                                                             <img decoding=\"async\" alt=\"Aplus-Inhaltsbild\" src=\"https:\/\/images-na.ssl-images-amazon.com\/images\/G\/01\/x-locale\/common\/grey-pixel.gif\" class=\"a-spacing-base a-lazy-loaded\" data-src=\"https:\/\/m.media-amazon.com\/images\/S\/aplus-media-library-service-media\/442753fc-973d-40a8-8ddf-bd8c2f56ef3b.__CR0,0,970,600_PT0_SX970_V1___.jpg\"><img decoding=\"async\" alt=\"Aplus-Inhaltsbild\" src=\"https:\/\/m.media-amazon.com\/images\/S\/aplus-media-library-service-media\/442753fc-973d-40a8-8ddf-bd8c2f56ef3b.__CR0,0,970,600_PT0_SX970_V1___.jpg\">                                                                    <\/p>\n<p>                                                                             <img decoding=\"async\" alt=\"Aplus-Inhaltsbild\" src=\"https:\/\/images-na.ssl-images-amazon.com\/images\/G\/01\/x-locale\/common\/grey-pixel.gif\" class=\"a-spacing-base a-lazy-loaded\" data-src=\"https:\/\/m.media-amazon.com\/images\/S\/aplus-media-library-service-media\/383b7bf5-59db-415e-a965-eefbd6953e8e.__CR0,0,970,600_PT0_SX970_V1___.jpg\"><img decoding=\"async\" alt=\"Aplus-Inhaltsbild\" src=\"https:\/\/m.media-amazon.com\/images\/S\/aplus-media-library-service-media\/383b7bf5-59db-415e-a965-eefbd6953e8e.__CR0,0,970,600_PT0_SX970_V1___.jpg\">                                                                    <\/p>\n<p>  Verpackungsabmessungen \u200f : \u200e 44,29 x 13,1 x 3,4 cm; 220 g   <br \/> Hersteller \u200f : \u200e FGRHY   <br \/> ASIN \u200f : \u200e B0FRDLYV9S   <br \/> Modellnummer des Artikels \u200f : \u200e F02-Blue-1   <br \/> Herkunftsland \u200f : \u200e China   <br \/>  Kundenrezensionen: 4,5 4,5 von 5 Sternen (381) var dpAcrHasRegisteredArcLinkClickAction; P.when(&#8218;A&#8216;, &#8218;ready&#8216;).execute(function(A) { if (dpAcrHasRegisteredArcLinkClickAction !== true) { dpAcrHasRegisteredArcLinkClickAction = true; A.declarative( &#8218;acrLink-click-metrics&#8216;, &#8218;click&#8216;, { &#8222;allowLinkDefault&#8220;: true }, function (event) { if (window.ue) { ue.count(&#8222;acrLinkClickCount&#8220;, (ue.count(&#8222;acrLinkClickCount&#8220;) || 0) + 1 } } }); P.when(&#8218;A&#8216;, &#8218;cf&#8216;).execute(function(A) { A.declarative(&#8218;acrStarsLink-click-metrics&#8216;, &#8218;click&#8216;, { &#8222;allowLinkDefault&#8220; : true }, function(event){ if(window.ue) { ue.count(&#8222;acrStarsLinkWithPopoverClickCount&#8220;, (ue.count(&#8222;acrStarsLinkWithPopoverClickCount&#8220;) || 0) + 1); } }); });                          <br \/>\u30105-Stufen-Teleskopdesign \u2013 Der perfekte Greifarm f\u00fcr jede K\u00f6rpergr\u00f6\u00dfe\u3011\u200b\u200b Passen Sie die L\u00e4nge dieser vielseitigen Hebehilfe einfach auf f\u00fcnf pr\u00e4zise L\u00e4ngen an (60, 70, 80, 91, 104 cm). Diese ma\u00dfgeschneiderte L\u00f6sung macht mehrere Werkzeuge \u00fcberfl\u00fcssig und ist ideal f\u00fcr jedes Familienmitglied \u2013 ob als Greifhilfe f\u00fcr Kinder, Senioren, Menschen mit Behinderungen oder gro\u00dfe Erwachsene. Perfekt f\u00fcr unz\u00e4hlige Situationen, vom Aufheben von Spielzeug bis zum Obstpfl\u00fccken. \u200b<br \/>Stabile 4-Zoll-Backe mit 360\u00b0-Drehung \u2013 Greifer und Greifer f\u00fcr jeden Einsatz: Die gro\u00dfe, stabile Greifbacke mit rutschfester Oberfl\u00e4che umfasst Gegenst\u00e4nde aller Art vom M\u00fcllgreifer bis zum Werkzeug sicher. Der um 360\u00b0 drehbare Kopf sorgt f\u00fcr maximale Man\u00f6vrierf\u00e4higkeit auf engstem Raum. Diese Teleskop-Greifzange ist das ideale Werkzeug f\u00fcr Garten, Haushalt und Werkstatt.<br \/>Eingebauter Magnet \u2013 der intelligente Helfer nach der Operation: Der starke Magnet am Ende des Greifers hebt metallische Gegenst\u00e4nde wie N\u00e4gel oder Schl\u00fcssel m\u00fchelos vom Boden. Ein besonders stabiles und sicheres Hilfsmittel nach H\u00fcftoperationen oder anderen Operationen, die ein Beugen unm\u00f6glich machen. Die Reichweite von \u00fcber einem Meter schont den R\u00fccken.<br \/>Leichtbauweise und hohe Belastbarkeit \u2013 bis zu 1,8 kg sicher transportieren: Aus hochwertiger Aluminiumlegierung gefertigt, ist dieser Greifarm erstaunlich leicht und dennoch unglaublich stabil. Es kann bis zu 2 Pfund horizontal heben und bis zu 4 Pfund vertikal tragen \u2013 die stabile L\u00f6sung f\u00fcr alle t\u00e4glichen Aufgaben.<br \/>Ihre Komplettl\u00f6sung f\u00fcr Haus und Garten \u2013 der vielseitige Laubgreifer und Helfer: Das ultimative Werkzeug f\u00fcr Haus und Garten. Ob als Laubgreifer im Herbst, als M\u00fcllzange im Garten, als M\u00fcllsammler f\u00fcr heruntergefallene Gegenst\u00e4nde oder als Aufsammelhilfe im Haushalt \u2013 diese Greifhilfe f\u00fcr Senioren und die ganze Familie f\u00f6rdert Unabh\u00e4ngigkeit und Sicherheit. Ideal auch f\u00fcr Kinder, um spielerisch im Haushalt mitzuhelfen. Ein unverzichtbares Werkzeug f\u00fcr den t\u00e4glichen Gebrauch.<\/p>\n<p>[ad_2]<\/p>\n","protected":false},"excerpt":{"rendered":"<p>Produktbeschreibung Verpackungsabmessungen \u200f : \u200e 44,29 x 13,1 x 3,4 cm; 220 g Hersteller \u200f : \u200e FGRHY ASIN \u200f : \u200e B0FRDLYV9S Modellnummer des Artikels \u200f : \u200e F02-Blue-1 Herkunftsland \u200f : \u200e China Kundenrezensionen: 4,5 4,5 von 5 Sternen (381) var dpAcrHasRegisteredArcLinkClickAction; P.when(&#8218;A&#8216;, &#8218;ready&#8216;).execute(function(A) { if (dpAcrHasRegisteredArcLinkClickAction !== true) { dpAcrHasRegisteredArcLinkClickAction = true; [&hellip;]<\/p>\n","protected":false},"featured_media":2912,"comment_status":"open","ping_status":"closed","template":"","meta":{"_aipt_faq_data":""},"store":[],"product_brand":[],"product_cat":[100],"product_tag":[223],"class_list":{"0":"post-2911","1":"product","2":"type-product","3":"status-publish","4":"has-post-thumbnail","6":"product_cat-greifer-zubehoer","7":"product_tag-greifer-zubehoer-industriequalitaet","9":"first","10":"instock","11":"shipping-taxable","12":"product-type-external"},"yoast_head":"<!-- This site is optimized with the Yoast SEO plugin v27.4 - https:\/\/yoast.com\/product\/yoast-seo-wordpress\/ -->\n<title>Greifer, 5-stufiger Teleskopgreifer (60-104 cm), leichter Greifer und M\u00fcllzange zum Aufnehmen von Gegenst\u00e4nden, Greifarm als Hilfsmittel - EasyLifeBro<\/title>\n<meta name=\"description\" content=\"Entdecken Sie smarte Roboter f\u00fcr Zuhause, Garten, Bildung und Sicherheit. Vergleichen Sie Saugroboter, Rasenm\u00e4hroboter, KI-Begleitroboter und mehr bei EasyLifeRobo.\" \/>\n<meta name=\"robots\" content=\"index, follow, max-snippet:-1, max-image-preview:large, max-video-preview:-1\" \/>\n<link rel=\"canonical\" href=\"https:\/\/easyliferobo.com\/de\/product\/greifer-5-stufiger-teleskopgreifer-60-104-cm-leichter-greifer-und-muellzange-zum-aufnehmen-von-gegenstaenden-greifarm-als-hilfsmittel\/\" \/>\n<meta property=\"og:locale\" content=\"de_DE\" \/>\n<meta property=\"og:type\" content=\"article\" \/>\n<meta property=\"og:title\" content=\"Greifer, 5-stufiger Teleskopgreifer (60-104 cm), leichter Greifer und M\u00fcllzange zum Aufnehmen von Gegenst\u00e4nden, Greifarm als Hilfsmittel - EasyLifeBro\" \/>\n<meta property=\"og:description\" content=\"Entdecken Sie smarte Roboter f\u00fcr Zuhause, Garten, Bildung und Sicherheit. Vergleichen Sie Saugroboter, Rasenm\u00e4hroboter, KI-Begleitroboter und mehr bei EasyLifeRobo.\" \/>\n<meta property=\"og:url\" content=\"https:\/\/easyliferobo.com\/de\/product\/greifer-5-stufiger-teleskopgreifer-60-104-cm-leichter-greifer-und-muellzange-zum-aufnehmen-von-gegenstaenden-greifarm-als-hilfsmittel\/\" \/>\n<meta property=\"og:site_name\" content=\"EasyLifeBro\" \/>\n<meta property=\"article:modified_time\" content=\"2026-02-27T05:33:53+00:00\" \/>\n<meta property=\"og:image\" content=\"https:\/\/images-na.ssl-images-amazon.com\/images\/G\/01\/x-locale\/common\/grey-pixel.gif\" \/>\n<meta name=\"twitter:card\" content=\"summary_large_image\" \/>\n<meta name=\"twitter:label1\" content=\"Gesch\u00e4tzte Lesezeit\" \/>\n\t<meta name=\"twitter:data1\" content=\"2\u00a0Minuten\" \/>\n<script type=\"application\/ld+json\" class=\"yoast-schema-graph\">{\"@context\":\"https:\\\/\\\/schema.org\",\"@graph\":[{\"@type\":\"WebPage\",\"@id\":\"https:\\\/\\\/easyliferobo.com\\\/de\\\/product\\\/greifer-5-stufiger-teleskopgreifer-60-104-cm-leichter-greifer-und-muellzange-zum-aufnehmen-von-gegenstaenden-greifarm-als-hilfsmittel\\\/\",\"url\":\"https:\\\/\\\/easyliferobo.com\\\/de\\\/product\\\/greifer-5-stufiger-teleskopgreifer-60-104-cm-leichter-greifer-und-muellzange-zum-aufnehmen-von-gegenstaenden-greifarm-als-hilfsmittel\\\/\",\"name\":\"Greifer, 5-stufiger Teleskopgreifer (60-104 cm), leichter Greifer und M\u00fcllzange zum Aufnehmen von Gegenst\u00e4nden, Greifarm als Hilfsmittel - EasyLifeBro\",\"isPartOf\":{\"@id\":\"https:\\\/\\\/easyliferobo.com\\\/de\\\/#website\"},\"primaryImageOfPage\":{\"@id\":\"https:\\\/\\\/easyliferobo.com\\\/de\\\/product\\\/greifer-5-stufiger-teleskopgreifer-60-104-cm-leichter-greifer-und-muellzange-zum-aufnehmen-von-gegenstaenden-greifarm-als-hilfsmittel\\\/#primaryimage\"},\"image\":{\"@id\":\"https:\\\/\\\/easyliferobo.com\\\/de\\\/product\\\/greifer-5-stufiger-teleskopgreifer-60-104-cm-leichter-greifer-und-muellzange-zum-aufnehmen-von-gegenstaenden-greifarm-als-hilfsmittel\\\/#primaryimage\"},\"thumbnailUrl\":\"https:\\\/\\\/easyliferobo.com\\\/de\\\/wp-content\\\/uploads\\\/2026\\\/02\\\/51TO80Xo4mL._AC_SL1500_.jpg\",\"datePublished\":\"2026-02-27T05:33:40+00:00\",\"dateModified\":\"2026-02-27T05:33:53+00:00\",\"description\":\"Entdecken Sie smarte Roboter f\u00fcr Zuhause, Garten, Bildung und Sicherheit. Vergleichen Sie Saugroboter, Rasenm\u00e4hroboter, KI-Begleitroboter und mehr bei EasyLifeRobo.\",\"breadcrumb\":{\"@id\":\"https:\\\/\\\/easyliferobo.com\\\/de\\\/product\\\/greifer-5-stufiger-teleskopgreifer-60-104-cm-leichter-greifer-und-muellzange-zum-aufnehmen-von-gegenstaenden-greifarm-als-hilfsmittel\\\/#breadcrumb\"},\"inLanguage\":\"de\",\"potentialAction\":[{\"@type\":\"ReadAction\",\"target\":[\"https:\\\/\\\/easyliferobo.com\\\/de\\\/product\\\/greifer-5-stufiger-teleskopgreifer-60-104-cm-leichter-greifer-und-muellzange-zum-aufnehmen-von-gegenstaenden-greifarm-als-hilfsmittel\\\/\"]}]},{\"@type\":\"ImageObject\",\"inLanguage\":\"de\",\"@id\":\"https:\\\/\\\/easyliferobo.com\\\/de\\\/product\\\/greifer-5-stufiger-teleskopgreifer-60-104-cm-leichter-greifer-und-muellzange-zum-aufnehmen-von-gegenstaenden-greifarm-als-hilfsmittel\\\/#primaryimage\",\"url\":\"https:\\\/\\\/easyliferobo.com\\\/de\\\/wp-content\\\/uploads\\\/2026\\\/02\\\/51TO80Xo4mL._AC_SL1500_.jpg\",\"contentUrl\":\"https:\\\/\\\/easyliferobo.com\\\/de\\\/wp-content\\\/uploads\\\/2026\\\/02\\\/51TO80Xo4mL._AC_SL1500_.jpg\",\"width\":1404,\"height\":1500},{\"@type\":\"BreadcrumbList\",\"@id\":\"https:\\\/\\\/easyliferobo.com\\\/de\\\/product\\\/greifer-5-stufiger-teleskopgreifer-60-104-cm-leichter-greifer-und-muellzange-zum-aufnehmen-von-gegenstaenden-greifarm-als-hilfsmittel\\\/#breadcrumb\",\"itemListElement\":[{\"@type\":\"ListItem\",\"position\":1,\"name\":\"Home\",\"item\":\"https:\\\/\\\/easyliferobo.com\\\/de\\\/\"},{\"@type\":\"ListItem\",\"position\":2,\"name\":\"Shop\",\"item\":\"https:\\\/\\\/easyliferobo.com\\\/de\\\/shop\\\/\"},{\"@type\":\"ListItem\",\"position\":3,\"name\":\"Greifer, 5-stufiger Teleskopgreifer...\"}]},{\"@type\":\"WebSite\",\"@id\":\"https:\\\/\\\/easyliferobo.com\\\/de\\\/#website\",\"url\":\"https:\\\/\\\/easyliferobo.com\\\/de\\\/\",\"name\":\"EasyLifeBro\",\"description\":\"Smarte Roboter f\u00fcr Zuhause, Garten &amp; Bildung\",\"publisher\":{\"@id\":\"https:\\\/\\\/easyliferobo.com\\\/de\\\/#organization\"},\"potentialAction\":[{\"@type\":\"SearchAction\",\"target\":{\"@type\":\"EntryPoint\",\"urlTemplate\":\"https:\\\/\\\/easyliferobo.com\\\/de\\\/?s={search_term_string}\"},\"query-input\":{\"@type\":\"PropertyValueSpecification\",\"valueRequired\":true,\"valueName\":\"search_term_string\"}}],\"inLanguage\":\"de\"},{\"@type\":\"Organization\",\"@id\":\"https:\\\/\\\/easyliferobo.com\\\/de\\\/#organization\",\"name\":\"EasyLifeBro\",\"url\":\"https:\\\/\\\/easyliferobo.com\\\/de\\\/\",\"logo\":{\"@type\":\"ImageObject\",\"inLanguage\":\"de\",\"@id\":\"https:\\\/\\\/easyliferobo.com\\\/de\\\/#\\\/schema\\\/logo\\\/image\\\/\",\"url\":\"https:\\\/\\\/easyliferobo.com\\\/de\\\/wp-content\\\/uploads\\\/2026\\\/02\\\/Screenshot-2026-02-22-at-2.25.03-PM.png\",\"contentUrl\":\"https:\\\/\\\/easyliferobo.com\\\/de\\\/wp-content\\\/uploads\\\/2026\\\/02\\\/Screenshot-2026-02-22-at-2.25.03-PM.png\",\"width\":1858,\"height\":430,\"caption\":\"EasyLifeBro\"},\"image\":{\"@id\":\"https:\\\/\\\/easyliferobo.com\\\/de\\\/#\\\/schema\\\/logo\\\/image\\\/\"}}]}<\/script>\n<!-- \/ Yoast SEO plugin. -->","yoast_head_json":{"title":"Greifer, 5-stufiger Teleskopgreifer (60-104 cm), leichter Greifer und M\u00fcllzange zum Aufnehmen von Gegenst\u00e4nden, Greifarm als Hilfsmittel - EasyLifeBro","description":"Entdecken Sie smarte Roboter f\u00fcr Zuhause, Garten, Bildung und Sicherheit. Vergleichen Sie Saugroboter, Rasenm\u00e4hroboter, KI-Begleitroboter und mehr bei EasyLifeRobo.","robots":{"index":"index","follow":"follow","max-snippet":"max-snippet:-1","max-image-preview":"max-image-preview:large","max-video-preview":"max-video-preview:-1"},"canonical":"https:\/\/easyliferobo.com\/de\/product\/greifer-5-stufiger-teleskopgreifer-60-104-cm-leichter-greifer-und-muellzange-zum-aufnehmen-von-gegenstaenden-greifarm-als-hilfsmittel\/","og_locale":"de_DE","og_type":"article","og_title":"Greifer, 5-stufiger Teleskopgreifer (60-104 cm), leichter Greifer und M\u00fcllzange zum Aufnehmen von Gegenst\u00e4nden, Greifarm als Hilfsmittel - EasyLifeBro","og_description":"Entdecken Sie smarte Roboter f\u00fcr Zuhause, Garten, Bildung und Sicherheit. Vergleichen Sie Saugroboter, Rasenm\u00e4hroboter, KI-Begleitroboter und mehr bei EasyLifeRobo.","og_url":"https:\/\/easyliferobo.com\/de\/product\/greifer-5-stufiger-teleskopgreifer-60-104-cm-leichter-greifer-und-muellzange-zum-aufnehmen-von-gegenstaenden-greifarm-als-hilfsmittel\/","og_site_name":"EasyLifeBro","article_modified_time":"2026-02-27T05:33:53+00:00","og_image":[{"url":"https:\/\/images-na.ssl-images-amazon.com\/images\/G\/01\/x-locale\/common\/grey-pixel.gif","type":"","width":"","height":""}],"twitter_card":"summary_large_image","twitter_misc":{"Gesch\u00e4tzte Lesezeit":"2\u00a0Minuten"},"schema":{"@context":"https:\/\/schema.org","@graph":[{"@type":"WebPage","@id":"https:\/\/easyliferobo.com\/de\/product\/greifer-5-stufiger-teleskopgreifer-60-104-cm-leichter-greifer-und-muellzange-zum-aufnehmen-von-gegenstaenden-greifarm-als-hilfsmittel\/","url":"https:\/\/easyliferobo.com\/de\/product\/greifer-5-stufiger-teleskopgreifer-60-104-cm-leichter-greifer-und-muellzange-zum-aufnehmen-von-gegenstaenden-greifarm-als-hilfsmittel\/","name":"Greifer, 5-stufiger Teleskopgreifer (60-104 cm), leichter Greifer und M\u00fcllzange zum Aufnehmen von Gegenst\u00e4nden, Greifarm als Hilfsmittel - EasyLifeBro","isPartOf":{"@id":"https:\/\/easyliferobo.com\/de\/#website"},"primaryImageOfPage":{"@id":"https:\/\/easyliferobo.com\/de\/product\/greifer-5-stufiger-teleskopgreifer-60-104-cm-leichter-greifer-und-muellzange-zum-aufnehmen-von-gegenstaenden-greifarm-als-hilfsmittel\/#primaryimage"},"image":{"@id":"https:\/\/easyliferobo.com\/de\/product\/greifer-5-stufiger-teleskopgreifer-60-104-cm-leichter-greifer-und-muellzange-zum-aufnehmen-von-gegenstaenden-greifarm-als-hilfsmittel\/#primaryimage"},"thumbnailUrl":"https:\/\/easyliferobo.com\/de\/wp-content\/uploads\/2026\/02\/51TO80Xo4mL._AC_SL1500_.jpg","datePublished":"2026-02-27T05:33:40+00:00","dateModified":"2026-02-27T05:33:53+00:00","description":"Entdecken Sie smarte Roboter f\u00fcr Zuhause, Garten, Bildung und Sicherheit. Vergleichen Sie Saugroboter, Rasenm\u00e4hroboter, KI-Begleitroboter und mehr bei EasyLifeRobo.","breadcrumb":{"@id":"https:\/\/easyliferobo.com\/de\/product\/greifer-5-stufiger-teleskopgreifer-60-104-cm-leichter-greifer-und-muellzange-zum-aufnehmen-von-gegenstaenden-greifarm-als-hilfsmittel\/#breadcrumb"},"inLanguage":"de","potentialAction":[{"@type":"ReadAction","target":["https:\/\/easyliferobo.com\/de\/product\/greifer-5-stufiger-teleskopgreifer-60-104-cm-leichter-greifer-und-muellzange-zum-aufnehmen-von-gegenstaenden-greifarm-als-hilfsmittel\/"]}]},{"@type":"ImageObject","inLanguage":"de","@id":"https:\/\/easyliferobo.com\/de\/product\/greifer-5-stufiger-teleskopgreifer-60-104-cm-leichter-greifer-und-muellzange-zum-aufnehmen-von-gegenstaenden-greifarm-als-hilfsmittel\/#primaryimage","url":"https:\/\/easyliferobo.com\/de\/wp-content\/uploads\/2026\/02\/51TO80Xo4mL._AC_SL1500_.jpg","contentUrl":"https:\/\/easyliferobo.com\/de\/wp-content\/uploads\/2026\/02\/51TO80Xo4mL._AC_SL1500_.jpg","width":1404,"height":1500},{"@type":"BreadcrumbList","@id":"https:\/\/easyliferobo.com\/de\/product\/greifer-5-stufiger-teleskopgreifer-60-104-cm-leichter-greifer-und-muellzange-zum-aufnehmen-von-gegenstaenden-greifarm-als-hilfsmittel\/#breadcrumb","itemListElement":[{"@type":"ListItem","position":1,"name":"Home","item":"https:\/\/easyliferobo.com\/de\/"},{"@type":"ListItem","position":2,"name":"Shop","item":"https:\/\/easyliferobo.com\/de\/shop\/"},{"@type":"ListItem","position":3,"name":"Greifer, 5-stufiger Teleskopgreifer..."}]},{"@type":"WebSite","@id":"https:\/\/easyliferobo.com\/de\/#website","url":"https:\/\/easyliferobo.com\/de\/","name":"EasyLifeBro","description":"Smarte Roboter f\u00fcr Zuhause, Garten &amp; Bildung","publisher":{"@id":"https:\/\/easyliferobo.com\/de\/#organization"},"potentialAction":[{"@type":"SearchAction","target":{"@type":"EntryPoint","urlTemplate":"https:\/\/easyliferobo.com\/de\/?s={search_term_string}"},"query-input":{"@type":"PropertyValueSpecification","valueRequired":true,"valueName":"search_term_string"}}],"inLanguage":"de"},{"@type":"Organization","@id":"https:\/\/easyliferobo.com\/de\/#organization","name":"EasyLifeBro","url":"https:\/\/easyliferobo.com\/de\/","logo":{"@type":"ImageObject","inLanguage":"de","@id":"https:\/\/easyliferobo.com\/de\/#\/schema\/logo\/image\/","url":"https:\/\/easyliferobo.com\/de\/wp-content\/uploads\/2026\/02\/Screenshot-2026-02-22-at-2.25.03-PM.png","contentUrl":"https:\/\/easyliferobo.com\/de\/wp-content\/uploads\/2026\/02\/Screenshot-2026-02-22-at-2.25.03-PM.png","width":1858,"height":430,"caption":"EasyLifeBro"},"image":{"@id":"https:\/\/easyliferobo.com\/de\/#\/schema\/logo\/image\/"}}]}},"_links":{"self":[{"href":"https:\/\/easyliferobo.com\/de\/wp-json\/wp\/v2\/product\/2911","targetHints":{"allow":["GET"]}}],"collection":[{"href":"https:\/\/easyliferobo.com\/de\/wp-json\/wp\/v2\/product"}],"about":[{"href":"https:\/\/easyliferobo.com\/de\/wp-json\/wp\/v2\/types\/product"}],"replies":[{"embeddable":true,"href":"https:\/\/easyliferobo.com\/de\/wp-json\/wp\/v2\/comments?post=2911"}],"wp:featuredmedia":[{"embeddable":true,"href":"https:\/\/easyliferobo.com\/de\/wp-json\/wp\/v2\/media\/2912"}],"wp:attachment":[{"href":"https:\/\/easyliferobo.com\/de\/wp-json\/wp\/v2\/media?parent=2911"}],"wp:term":[{"taxonomy":"store","embeddable":true,"href":"https:\/\/easyliferobo.com\/de\/wp-json\/wp\/v2\/store?post=2911"},{"taxonomy":"product_brand","embeddable":true,"href":"https:\/\/easyliferobo.com\/de\/wp-json\/wp\/v2\/product_brand?post=2911"},{"taxonomy":"product_cat","embeddable":true,"href":"https:\/\/easyliferobo.com\/de\/wp-json\/wp\/v2\/product_cat?post=2911"},{"taxonomy":"product_tag","embeddable":true,"href":"https:\/\/easyliferobo.com\/de\/wp-json\/wp\/v2\/product_tag?post=2911"}],"curies":[{"name":"wp","href":"https:\/\/api.w.org\/{rel}","templated":true}]}}