
{"id":2904,"date":"2026-02-27T05:32:31","date_gmt":"2026-02-27T05:32:31","guid":{"rendered":"https:\/\/easyliferobo.com\/de\/product\/azdelivery-smart-tracking-robot-2wd-kit-diy-lernroboter-auto-2wd-ultraschallsensormodul-infrarot-fernbedienung-starter-kit-inklusive-e-book\/"},"modified":"2026-02-27T05:32:44","modified_gmt":"2026-02-27T05:32:44","slug":"azdelivery-smart-tracking-robot-2wd-kit-diy-lernroboter-auto-2wd-ultraschallsensormodul-infrarot-fernbedienung-starter-kit-inklusive-e-book","status":"publish","type":"product","link":"https:\/\/easyliferobo.com\/de\/product\/azdelivery-smart-tracking-robot-2wd-kit-diy-lernroboter-auto-2wd-ultraschallsensormodul-infrarot-fernbedienung-starter-kit-inklusive-e-book\/","title":{"rendered":"AZDelivery Smart Tracking Robot 2WD..."},"content":{"rendered":"<p>\n                                             Produktbeschreibung   <\/p>\n<p>                                                                             <img decoding=\"async\" alt=\"Banner\" src=\"https:\/\/images-na.ssl-images-amazon.com\/images\/G\/01\/x-locale\/common\/grey-pixel.gif\" class=\"a-spacing-base a-lazy-loaded\" data-src=\"https:\/\/m.media-amazon.com\/images\/S\/aplus-media-library-service-media\/6710c5a1-0391-4e18-9739-c6839b2c20cd.__CR0,0,970,600_PT0_SX970_V1___.jpg\"><img decoding=\"async\" alt=\"Banner\" src=\"https:\/\/m.media-amazon.com\/images\/S\/aplus-media-library-service-media\/6710c5a1-0391-4e18-9739-c6839b2c20cd.__CR0,0,970,600_PT0_SX970_V1___.jpg\">                                                                     <\/p>\n<p class=\"a-spacing-base\">  Das AZDelivery Smart Robot Car Kit ist perfekt f\u00fcr lehrreiche Projekte f\u00fcr Kinder und Jugendliche, aber auch f\u00fcr komplizierte Projekte f\u00fcr erfahrene Maker. Es ist super einfach zu montieren, auch wenn Sie ein Anf\u00e4nger in der Mikroelektronik sind. <\/p>\n<p>                                                                             <img decoding=\"async\" alt=\"np002-main\" src=\"https:\/\/images-na.ssl-images-amazon.com\/images\/G\/01\/x-locale\/common\/grey-pixel.gif\" class=\"a-spacing-base a-lazy-loaded\" data-src=\"https:\/\/m.media-amazon.com\/images\/S\/aplus-media-library-service-media\/4b023cbb-ebcf-4131-8a4f-9855d0b945b8.__CR0,0,1940,1200_PT0_SX970_V1___.jpg\"><img decoding=\"async\" alt=\"np002-main\" src=\"https:\/\/m.media-amazon.com\/images\/S\/aplus-media-library-service-media\/4b023cbb-ebcf-4131-8a4f-9855d0b945b8.__CR0,0,1940,1200_PT0_SX970_V1___.jpg\">                                                                    <\/p>\n<p class=\"apm-text-center\">\n<p>                                                    Komponentenliste                                       AZ-ATmega328-Board1 Stk. USB-Kabel1 Stk. V5.0 Erweiterungsplatine1 Stk. L298N Motortreiber Platine1 Stk. Ultraschallsensor1 Stk. Ultraschall-Halterung     <\/p>\n<p class=\"apm-text-center\">\n<p>                                                                                 1 Stk. Servomotor1 Stk. Servomotor-Befestigungsplatte2 Stk. Motor2 Stk. Rad1 Stk. Fernbedienung ohne Knopfzelle1 Stk. IR-Empf\u00e4nger-Modul     <\/p>\n<p class=\"apm-text-center\">\n<p>                                                                                 1 Stk. Geh\u00e4use f\u00fcr 18650 Zellen1 Stk. Acrylplatten2 Beutel Schrauben und Muttern f\u00fcr jedes Teil1 Stk. 20pin FF Jumper Br\u00fccken1 Stk. Schraubendreher2 Stk. Kabelbinder     <\/p>\n<h3 class=\"a-spacing-small\"> Weitere Details zum Produkt  <\/h3>\n<p class=\"apm-text-center\">\n                                                      <img decoding=\"async\" alt=\"np002-1\" src=\"https:\/\/images-na.ssl-images-amazon.com\/images\/G\/01\/x-locale\/common\/grey-pixel.gif\" class=\"a-spacing-mini a-lazy-loaded\" data-src=\"https:\/\/m.media-amazon.com\/images\/S\/aplus-media-library-service-media\/aeda0bc6-8f37-4a88-9885-6dab5382d67b.__CR0,0,1600,1600_PT0_SX300_V1___.jpg\"><img decoding=\"async\" alt=\"np002-1\" src=\"https:\/\/m.media-amazon.com\/images\/S\/aplus-media-library-service-media\/aeda0bc6-8f37-4a88-9885-6dab5382d67b.__CR0,0,1600,1600_PT0_SX300_V1___.jpg\">  <\/p>\n<p>                                                    Einzelheiten:                                        Hindernisse umfahrenLeichtere Installation, die schnelle Einstieg in Projekte erm\u00f6glichtIR-SteuerungSchrauben und Muttern sind in diesem Roboter Bausatz enthaltenServo-MotorDas Produkt ben\u00f6tigt 18650 Akkus f\u00fcr den Bausatz sowie eine Knopfzelle f\u00fcr die Fernbedienung, diese sind nicht im Lieferumfang enthalten     <\/p>\n<p class=\"apm-text-center\">\n                                                      <img decoding=\"async\" alt=\"np002-2\" src=\"https:\/\/images-na.ssl-images-amazon.com\/images\/G\/01\/x-locale\/common\/grey-pixel.gif\" class=\"a-spacing-mini a-lazy-loaded\" data-src=\"https:\/\/m.media-amazon.com\/images\/S\/aplus-media-library-service-media\/39736cf2-9aaf-4734-8fe3-162f787f9c09.__CR0,0,1600,1600_PT0_SX300_V1___.jpg\"><img decoding=\"async\" alt=\"np002-2\" src=\"https:\/\/m.media-amazon.com\/images\/S\/aplus-media-library-service-media\/39736cf2-9aaf-4734-8fe3-162f787f9c09.__CR0,0,1600,1600_PT0_SX300_V1___.jpg\">  <\/p>\n<p>                                                    Edukativ und einfach                                       <\/p>\n<p> Dieses DIY Robot Kit ist sowohl f\u00fcr Jugendliche als auch f\u00fcr erfahrene Maker geeignet und erm\u00f6glicht einen schnellen Einstieg in die Mikroelektronik und Robotik. <\/p>\n<p class=\"apm-text-center\">\n                                                      <img decoding=\"async\" alt=\"002\" src=\"https:\/\/images-na.ssl-images-amazon.com\/images\/G\/01\/x-locale\/common\/grey-pixel.gif\" class=\"a-spacing-mini a-lazy-loaded\" data-src=\"https:\/\/m.media-amazon.com\/images\/S\/aplus-media-library-service-media\/02e54231-60de-4843-b923-8e4022757988.__CR0,0,1600,1600_PT0_SX300_V1___.jpg\"><img decoding=\"async\" alt=\"002\" src=\"https:\/\/m.media-amazon.com\/images\/S\/aplus-media-library-service-media\/02e54231-60de-4843-b923-8e4022757988.__CR0,0,1600,1600_PT0_SX300_V1___.jpg\">  <\/p>\n<p>                                                    Schnellstart-Anleitung                                       <\/p>\n<p> Dieses Produkt enth\u00e4lt ein E-Book, das n\u00fctzliche Informationen \u00fcber den Beginn Ihres Projekts enth\u00e4lt, es hilft bei einer schnellen Einrichtung und spart Zeit im Konfigurationsprozess. Wir bieten eine Reihe von Anwendungsbeispielen, vollst\u00e4ndige Installationsanweisungen und Bibliotheken. <\/p>\n<h3 class=\"a-spacing-small\">  \u00dcber AZ-Lieferung  <\/h3>\n<p class=\"apm-text-center\">\n                                                      <img decoding=\"async\" alt=\"1\" src=\"https:\/\/images-na.ssl-images-amazon.com\/images\/G\/01\/x-locale\/common\/grey-pixel.gif\" class=\"a-spacing-mini a-lazy-loaded\" data-src=\"https:\/\/m.media-amazon.com\/images\/S\/aplus-media\/sc\/2463a2e6-d5dc-49a6-84af-3437706e0b37.__CR0,0,2500,2500_PT0_SX300_V1___.jpg\"><img decoding=\"async\" alt=\"1\" src=\"https:\/\/m.media-amazon.com\/images\/S\/aplus-media\/sc\/2463a2e6-d5dc-49a6-84af-3437706e0b37.__CR0,0,2500,2500_PT0_SX300_V1___.jpg\">  <\/p>\n<p>                                                    Spannende DIY-Projekte                                       <\/p>\n<p> In unseren Blogs finden Sie viele Bastel-Projekte zu den Themen Programmieren und Mikroelektronik. W\u00f6chentlich stellen wir Ihnen neue DIY-Ideen und Produktanwendungen vor. <\/p>\n<p class=\"apm-text-center\">\n                                                      <img decoding=\"async\" alt=\"2\" src=\"https:\/\/images-na.ssl-images-amazon.com\/images\/G\/01\/x-locale\/common\/grey-pixel.gif\" class=\"a-spacing-mini a-lazy-loaded\" data-src=\"https:\/\/m.media-amazon.com\/images\/S\/aplus-media\/sc\/ae6fa150-0bd8-4755-89ec-758e40cbd5b5.__CR1,0,2500,2500_PT0_SX300_V1___.jpg\"><img decoding=\"async\" alt=\"2\" src=\"https:\/\/m.media-amazon.com\/images\/S\/aplus-media\/sc\/ae6fa150-0bd8-4755-89ec-758e40cbd5b5.__CR1,0,2500,2500_PT0_SX300_V1___.jpg\">  <\/p>\n<p>                                                    Unterst\u00fctzung von unseren Experten                                       <\/p>\n<p> Alle technischen Details zu den Produkten finden Sie in unseren E-Books und Blog-Beitr\u00e4gen. F\u00fcr weitere Fragen steht Ihnen unser Tech-Support zur Verf\u00fcgung. <\/p>\n<p class=\"apm-text-center\">\n                                                      <img decoding=\"async\" alt=\"3\" src=\"https:\/\/images-na.ssl-images-amazon.com\/images\/G\/01\/x-locale\/common\/grey-pixel.gif\" class=\"a-spacing-mini a-lazy-loaded\" data-src=\"https:\/\/m.media-amazon.com\/images\/S\/aplus-media\/sc\/3776f779-6a06-4bc7-b6a2-3e5d0b7a2cc8.__CR1,0,2500,2500_PT0_SX300_V1___.jpg\"><img decoding=\"async\" alt=\"3\" src=\"https:\/\/m.media-amazon.com\/images\/S\/aplus-media\/sc\/3776f779-6a06-4bc7-b6a2-3e5d0b7a2cc8.__CR1,0,2500,2500_PT0_SX300_V1___.jpg\">  <\/p>\n<p>                                                    Schneller und sicherer Versand                                       <\/p>\n<p> Da die Zufriedenheit unserer Kunden und Ihr Vertrauen f\u00fcr uns h\u00f6chste Priorit\u00e4t haben, bieten wir stets eine schnelle, sichere und zuverl\u00e4ssige Lieferung mit den h\u00f6chsten Qualit\u00e4tsstandards an. <\/p>\n<p>Der Elektrosatz enth\u00e4lt das Chassis, einen Controller, einen Ultraschallsensor HC-SR04, eine V5.0-Erweiterungsplatine, 2 Gleichstrommotoren und weitere Sensoren und Module. Dieses intelligente Roboterauto-Set ist sowohl f\u00fcr Anf\u00e4nger als auch f\u00fcr Fortgeschrittene perfekt.<br \/>Dieses Wagenset enth\u00e4lt Module zum spielerischen Erlernen technischer Prinzipien wie Ultraschall-Hindernisvermeidung oder IR-Linienverfolgung.<br \/>Dank der detaillierten Installationsmethoden des Roboter-Bausatzautos ist die Installation einfach und nicht zeitaufw\u00e4ndig<br \/>Perfekt als DIY-Kit f\u00fcr Teenager und Neueinsteiger sowie f\u00fcr erfahrene Bastler mit einem umfangreichen Anwendungsspektrum.<br \/>\u2705 Dieses Produkt enth\u00e4lt ein E-Book, das n\u00fctzliche Informationen zum Beginn Ihres Projekts enth\u00e4lt, es bei einer schnellen Einrichtung hilft und Zeit beim Konfigurationsprozess spart. Wir bieten eine Reihe von Anwendungsbeispielen, komplette Installationsanleitungen und Bibliotheken.<\/p>\n<p>[ad_2]<\/p>\n","protected":false},"excerpt":{"rendered":"<p>Produktbeschreibung Das AZDelivery Smart Robot Car Kit ist perfekt f\u00fcr lehrreiche Projekte f\u00fcr Kinder und Jugendliche, aber auch f\u00fcr komplizierte Projekte f\u00fcr erfahrene Maker. Es ist super einfach zu montieren, auch wenn Sie ein Anf\u00e4nger in der Mikroelektronik sind. Komponentenliste AZ-ATmega328-Board1 Stk. USB-Kabel1 Stk. V5.0 Erweiterungsplatine1 Stk. L298N Motortreiber Platine1 Stk. Ultraschallsensor1 Stk. Ultraschall-Halterung 1 [&hellip;]<\/p>\n","protected":false},"featured_media":2905,"comment_status":"open","ping_status":"closed","template":"","meta":{"_aipt_faq_data":""},"store":[],"product_brand":[411],"product_cat":[101],"product_tag":[221],"class_list":{"0":"post-2904","1":"product","2":"type-product","3":"status-publish","4":"has-post-thumbnail","6":"product_brand-azdelivery","7":"product_cat-diy-automatisierungskits","8":"product_tag-diy-automatisierungskits-fuer-roboter","10":"first","11":"instock","12":"shipping-taxable","13":"product-type-external"},"yoast_head":"<!-- This site is optimized with the Yoast SEO plugin v27.0 - https:\/\/yoast.com\/product\/yoast-seo-wordpress\/ -->\n<title>AZDelivery Smart Tracking Robot 2WD Kit DIY Lernroboter Auto 2WD Ultraschallsensormodul Infrarot-Fernbedienung Starter Kit, inklusive E-Book - EasyLifeBro<\/title>\n<meta name=\"description\" content=\"Entdecken Sie smarte Roboter f\u00fcr Zuhause, Garten, Bildung und Sicherheit. Vergleichen Sie Saugroboter, Rasenm\u00e4hroboter, KI-Begleitroboter und mehr bei EasyLifeRobo.\" \/>\n<meta name=\"robots\" content=\"index, follow, max-snippet:-1, max-image-preview:large, max-video-preview:-1\" \/>\n<link rel=\"canonical\" href=\"https:\/\/easyliferobo.com\/de\/product\/azdelivery-smart-tracking-robot-2wd-kit-diy-lernroboter-auto-2wd-ultraschallsensormodul-infrarot-fernbedienung-starter-kit-inklusive-e-book\/\" \/>\n<meta property=\"og:locale\" content=\"de_DE\" \/>\n<meta property=\"og:type\" content=\"article\" \/>\n<meta property=\"og:title\" content=\"AZDelivery Smart Tracking Robot 2WD Kit DIY Lernroboter Auto 2WD Ultraschallsensormodul Infrarot-Fernbedienung Starter Kit, inklusive E-Book - EasyLifeBro\" \/>\n<meta property=\"og:description\" content=\"Entdecken Sie smarte Roboter f\u00fcr Zuhause, Garten, Bildung und Sicherheit. Vergleichen Sie Saugroboter, Rasenm\u00e4hroboter, KI-Begleitroboter und mehr bei EasyLifeRobo.\" \/>\n<meta property=\"og:url\" content=\"https:\/\/easyliferobo.com\/de\/product\/azdelivery-smart-tracking-robot-2wd-kit-diy-lernroboter-auto-2wd-ultraschallsensormodul-infrarot-fernbedienung-starter-kit-inklusive-e-book\/\" \/>\n<meta property=\"og:site_name\" content=\"EasyLifeBro\" \/>\n<meta property=\"article:modified_time\" content=\"2026-02-27T05:32:44+00:00\" \/>\n<meta property=\"og:image\" content=\"https:\/\/images-na.ssl-images-amazon.com\/images\/G\/01\/x-locale\/common\/grey-pixel.gif\" \/>\n<meta name=\"twitter:card\" content=\"summary_large_image\" \/>\n<meta name=\"twitter:label1\" content=\"Gesch\u00e4tzte Lesezeit\" \/>\n\t<meta name=\"twitter:data1\" content=\"2\u00a0Minuten\" \/>\n<script type=\"application\/ld+json\" class=\"yoast-schema-graph\">{\"@context\":\"https:\/\/schema.org\",\"@graph\":[{\"@type\":\"WebPage\",\"@id\":\"https:\/\/easyliferobo.com\/de\/product\/azdelivery-smart-tracking-robot-2wd-kit-diy-lernroboter-auto-2wd-ultraschallsensormodul-infrarot-fernbedienung-starter-kit-inklusive-e-book\/\",\"url\":\"https:\/\/easyliferobo.com\/de\/product\/azdelivery-smart-tracking-robot-2wd-kit-diy-lernroboter-auto-2wd-ultraschallsensormodul-infrarot-fernbedienung-starter-kit-inklusive-e-book\/\",\"name\":\"AZDelivery Smart Tracking Robot 2WD Kit DIY Lernroboter Auto 2WD Ultraschallsensormodul Infrarot-Fernbedienung Starter Kit, inklusive E-Book - EasyLifeBro\",\"isPartOf\":{\"@id\":\"https:\/\/easyliferobo.com\/de\/#website\"},\"primaryImageOfPage\":{\"@id\":\"https:\/\/easyliferobo.com\/de\/product\/azdelivery-smart-tracking-robot-2wd-kit-diy-lernroboter-auto-2wd-ultraschallsensormodul-infrarot-fernbedienung-starter-kit-inklusive-e-book\/#primaryimage\"},\"image\":{\"@id\":\"https:\/\/easyliferobo.com\/de\/product\/azdelivery-smart-tracking-robot-2wd-kit-diy-lernroboter-auto-2wd-ultraschallsensormodul-infrarot-fernbedienung-starter-kit-inklusive-e-book\/#primaryimage\"},\"thumbnailUrl\":\"https:\/\/easyliferobo.com\/de\/wp-content\/uploads\/2026\/02\/713zNQsEnJL._AC_SL1500_.jpg\",\"datePublished\":\"2026-02-27T05:32:31+00:00\",\"dateModified\":\"2026-02-27T05:32:44+00:00\",\"description\":\"Entdecken Sie smarte Roboter f\u00fcr Zuhause, Garten, Bildung und Sicherheit. Vergleichen Sie Saugroboter, Rasenm\u00e4hroboter, KI-Begleitroboter und mehr bei EasyLifeRobo.\",\"breadcrumb\":{\"@id\":\"https:\/\/easyliferobo.com\/de\/product\/azdelivery-smart-tracking-robot-2wd-kit-diy-lernroboter-auto-2wd-ultraschallsensormodul-infrarot-fernbedienung-starter-kit-inklusive-e-book\/#breadcrumb\"},\"inLanguage\":\"de\",\"potentialAction\":[{\"@type\":\"ReadAction\",\"target\":[\"https:\/\/easyliferobo.com\/de\/product\/azdelivery-smart-tracking-robot-2wd-kit-diy-lernroboter-auto-2wd-ultraschallsensormodul-infrarot-fernbedienung-starter-kit-inklusive-e-book\/\"]}]},{\"@type\":\"ImageObject\",\"inLanguage\":\"de\",\"@id\":\"https:\/\/easyliferobo.com\/de\/product\/azdelivery-smart-tracking-robot-2wd-kit-diy-lernroboter-auto-2wd-ultraschallsensormodul-infrarot-fernbedienung-starter-kit-inklusive-e-book\/#primaryimage\",\"url\":\"https:\/\/easyliferobo.com\/de\/wp-content\/uploads\/2026\/02\/713zNQsEnJL._AC_SL1500_.jpg\",\"contentUrl\":\"https:\/\/easyliferobo.com\/de\/wp-content\/uploads\/2026\/02\/713zNQsEnJL._AC_SL1500_.jpg\",\"width\":1453,\"height\":1208},{\"@type\":\"BreadcrumbList\",\"@id\":\"https:\/\/easyliferobo.com\/de\/product\/azdelivery-smart-tracking-robot-2wd-kit-diy-lernroboter-auto-2wd-ultraschallsensormodul-infrarot-fernbedienung-starter-kit-inklusive-e-book\/#breadcrumb\",\"itemListElement\":[{\"@type\":\"ListItem\",\"position\":1,\"name\":\"Home\",\"item\":\"https:\/\/easyliferobo.com\/de\/\"},{\"@type\":\"ListItem\",\"position\":2,\"name\":\"Shop\",\"item\":\"https:\/\/easyliferobo.com\/de\/shop\/\"},{\"@type\":\"ListItem\",\"position\":3,\"name\":\"AZDelivery Smart Tracking Robot 2WD...\"}]},{\"@type\":\"WebSite\",\"@id\":\"https:\/\/easyliferobo.com\/de\/#website\",\"url\":\"https:\/\/easyliferobo.com\/de\/\",\"name\":\"EasyLifeBro\",\"description\":\"Smarte Roboter f\u00fcr Zuhause, Garten &amp; Bildung\",\"publisher\":{\"@id\":\"https:\/\/easyliferobo.com\/de\/#organization\"},\"potentialAction\":[{\"@type\":\"SearchAction\",\"target\":{\"@type\":\"EntryPoint\",\"urlTemplate\":\"https:\/\/easyliferobo.com\/de\/?s={search_term_string}\"},\"query-input\":{\"@type\":\"PropertyValueSpecification\",\"valueRequired\":true,\"valueName\":\"search_term_string\"}}],\"inLanguage\":\"de\"},{\"@type\":\"Organization\",\"@id\":\"https:\/\/easyliferobo.com\/de\/#organization\",\"name\":\"EasyLifeBro\",\"url\":\"https:\/\/easyliferobo.com\/de\/\",\"logo\":{\"@type\":\"ImageObject\",\"inLanguage\":\"de\",\"@id\":\"https:\/\/easyliferobo.com\/de\/#\/schema\/logo\/image\/\",\"url\":\"https:\/\/easyliferobo.com\/de\/wp-content\/uploads\/2026\/02\/Screenshot-2026-02-22-at-2.25.03-PM.png\",\"contentUrl\":\"https:\/\/easyliferobo.com\/de\/wp-content\/uploads\/2026\/02\/Screenshot-2026-02-22-at-2.25.03-PM.png\",\"width\":1858,\"height\":430,\"caption\":\"EasyLifeBro\"},\"image\":{\"@id\":\"https:\/\/easyliferobo.com\/de\/#\/schema\/logo\/image\/\"}}]}<\/script>\n<!-- \/ Yoast SEO plugin. -->","yoast_head_json":{"title":"AZDelivery Smart Tracking Robot 2WD Kit DIY Lernroboter Auto 2WD Ultraschallsensormodul Infrarot-Fernbedienung Starter Kit, inklusive E-Book - EasyLifeBro","description":"Entdecken Sie smarte Roboter f\u00fcr Zuhause, Garten, Bildung und Sicherheit. Vergleichen Sie Saugroboter, Rasenm\u00e4hroboter, KI-Begleitroboter und mehr bei EasyLifeRobo.","robots":{"index":"index","follow":"follow","max-snippet":"max-snippet:-1","max-image-preview":"max-image-preview:large","max-video-preview":"max-video-preview:-1"},"canonical":"https:\/\/easyliferobo.com\/de\/product\/azdelivery-smart-tracking-robot-2wd-kit-diy-lernroboter-auto-2wd-ultraschallsensormodul-infrarot-fernbedienung-starter-kit-inklusive-e-book\/","og_locale":"de_DE","og_type":"article","og_title":"AZDelivery Smart Tracking Robot 2WD Kit DIY Lernroboter Auto 2WD Ultraschallsensormodul Infrarot-Fernbedienung Starter Kit, inklusive E-Book - EasyLifeBro","og_description":"Entdecken Sie smarte Roboter f\u00fcr Zuhause, Garten, Bildung und Sicherheit. Vergleichen Sie Saugroboter, Rasenm\u00e4hroboter, KI-Begleitroboter und mehr bei EasyLifeRobo.","og_url":"https:\/\/easyliferobo.com\/de\/product\/azdelivery-smart-tracking-robot-2wd-kit-diy-lernroboter-auto-2wd-ultraschallsensormodul-infrarot-fernbedienung-starter-kit-inklusive-e-book\/","og_site_name":"EasyLifeBro","article_modified_time":"2026-02-27T05:32:44+00:00","og_image":[{"url":"https:\/\/images-na.ssl-images-amazon.com\/images\/G\/01\/x-locale\/common\/grey-pixel.gif","type":"","width":"","height":""}],"twitter_card":"summary_large_image","twitter_misc":{"Gesch\u00e4tzte Lesezeit":"2\u00a0Minuten"},"schema":{"@context":"https:\/\/schema.org","@graph":[{"@type":"WebPage","@id":"https:\/\/easyliferobo.com\/de\/product\/azdelivery-smart-tracking-robot-2wd-kit-diy-lernroboter-auto-2wd-ultraschallsensormodul-infrarot-fernbedienung-starter-kit-inklusive-e-book\/","url":"https:\/\/easyliferobo.com\/de\/product\/azdelivery-smart-tracking-robot-2wd-kit-diy-lernroboter-auto-2wd-ultraschallsensormodul-infrarot-fernbedienung-starter-kit-inklusive-e-book\/","name":"AZDelivery Smart Tracking Robot 2WD Kit DIY Lernroboter Auto 2WD Ultraschallsensormodul Infrarot-Fernbedienung Starter Kit, inklusive E-Book - EasyLifeBro","isPartOf":{"@id":"https:\/\/easyliferobo.com\/de\/#website"},"primaryImageOfPage":{"@id":"https:\/\/easyliferobo.com\/de\/product\/azdelivery-smart-tracking-robot-2wd-kit-diy-lernroboter-auto-2wd-ultraschallsensormodul-infrarot-fernbedienung-starter-kit-inklusive-e-book\/#primaryimage"},"image":{"@id":"https:\/\/easyliferobo.com\/de\/product\/azdelivery-smart-tracking-robot-2wd-kit-diy-lernroboter-auto-2wd-ultraschallsensormodul-infrarot-fernbedienung-starter-kit-inklusive-e-book\/#primaryimage"},"thumbnailUrl":"https:\/\/easyliferobo.com\/de\/wp-content\/uploads\/2026\/02\/713zNQsEnJL._AC_SL1500_.jpg","datePublished":"2026-02-27T05:32:31+00:00","dateModified":"2026-02-27T05:32:44+00:00","description":"Entdecken Sie smarte Roboter f\u00fcr Zuhause, Garten, Bildung und Sicherheit. Vergleichen Sie Saugroboter, Rasenm\u00e4hroboter, KI-Begleitroboter und mehr bei EasyLifeRobo.","breadcrumb":{"@id":"https:\/\/easyliferobo.com\/de\/product\/azdelivery-smart-tracking-robot-2wd-kit-diy-lernroboter-auto-2wd-ultraschallsensormodul-infrarot-fernbedienung-starter-kit-inklusive-e-book\/#breadcrumb"},"inLanguage":"de","potentialAction":[{"@type":"ReadAction","target":["https:\/\/easyliferobo.com\/de\/product\/azdelivery-smart-tracking-robot-2wd-kit-diy-lernroboter-auto-2wd-ultraschallsensormodul-infrarot-fernbedienung-starter-kit-inklusive-e-book\/"]}]},{"@type":"ImageObject","inLanguage":"de","@id":"https:\/\/easyliferobo.com\/de\/product\/azdelivery-smart-tracking-robot-2wd-kit-diy-lernroboter-auto-2wd-ultraschallsensormodul-infrarot-fernbedienung-starter-kit-inklusive-e-book\/#primaryimage","url":"https:\/\/easyliferobo.com\/de\/wp-content\/uploads\/2026\/02\/713zNQsEnJL._AC_SL1500_.jpg","contentUrl":"https:\/\/easyliferobo.com\/de\/wp-content\/uploads\/2026\/02\/713zNQsEnJL._AC_SL1500_.jpg","width":1453,"height":1208},{"@type":"BreadcrumbList","@id":"https:\/\/easyliferobo.com\/de\/product\/azdelivery-smart-tracking-robot-2wd-kit-diy-lernroboter-auto-2wd-ultraschallsensormodul-infrarot-fernbedienung-starter-kit-inklusive-e-book\/#breadcrumb","itemListElement":[{"@type":"ListItem","position":1,"name":"Home","item":"https:\/\/easyliferobo.com\/de\/"},{"@type":"ListItem","position":2,"name":"Shop","item":"https:\/\/easyliferobo.com\/de\/shop\/"},{"@type":"ListItem","position":3,"name":"AZDelivery Smart Tracking Robot 2WD..."}]},{"@type":"WebSite","@id":"https:\/\/easyliferobo.com\/de\/#website","url":"https:\/\/easyliferobo.com\/de\/","name":"EasyLifeBro","description":"Smarte Roboter f\u00fcr Zuhause, Garten &amp; Bildung","publisher":{"@id":"https:\/\/easyliferobo.com\/de\/#organization"},"potentialAction":[{"@type":"SearchAction","target":{"@type":"EntryPoint","urlTemplate":"https:\/\/easyliferobo.com\/de\/?s={search_term_string}"},"query-input":{"@type":"PropertyValueSpecification","valueRequired":true,"valueName":"search_term_string"}}],"inLanguage":"de"},{"@type":"Organization","@id":"https:\/\/easyliferobo.com\/de\/#organization","name":"EasyLifeBro","url":"https:\/\/easyliferobo.com\/de\/","logo":{"@type":"ImageObject","inLanguage":"de","@id":"https:\/\/easyliferobo.com\/de\/#\/schema\/logo\/image\/","url":"https:\/\/easyliferobo.com\/de\/wp-content\/uploads\/2026\/02\/Screenshot-2026-02-22-at-2.25.03-PM.png","contentUrl":"https:\/\/easyliferobo.com\/de\/wp-content\/uploads\/2026\/02\/Screenshot-2026-02-22-at-2.25.03-PM.png","width":1858,"height":430,"caption":"EasyLifeBro"},"image":{"@id":"https:\/\/easyliferobo.com\/de\/#\/schema\/logo\/image\/"}}]}},"_links":{"self":[{"href":"https:\/\/easyliferobo.com\/de\/wp-json\/wp\/v2\/product\/2904","targetHints":{"allow":["GET"]}}],"collection":[{"href":"https:\/\/easyliferobo.com\/de\/wp-json\/wp\/v2\/product"}],"about":[{"href":"https:\/\/easyliferobo.com\/de\/wp-json\/wp\/v2\/types\/product"}],"replies":[{"embeddable":true,"href":"https:\/\/easyliferobo.com\/de\/wp-json\/wp\/v2\/comments?post=2904"}],"wp:featuredmedia":[{"embeddable":true,"href":"https:\/\/easyliferobo.com\/de\/wp-json\/wp\/v2\/media\/2905"}],"wp:attachment":[{"href":"https:\/\/easyliferobo.com\/de\/wp-json\/wp\/v2\/media?parent=2904"}],"wp:term":[{"taxonomy":"store","embeddable":true,"href":"https:\/\/easyliferobo.com\/de\/wp-json\/wp\/v2\/store?post=2904"},{"taxonomy":"product_brand","embeddable":true,"href":"https:\/\/easyliferobo.com\/de\/wp-json\/wp\/v2\/product_brand?post=2904"},{"taxonomy":"product_cat","embeddable":true,"href":"https:\/\/easyliferobo.com\/de\/wp-json\/wp\/v2\/product_cat?post=2904"},{"taxonomy":"product_tag","embeddable":true,"href":"https:\/\/easyliferobo.com\/de\/wp-json\/wp\/v2\/product_tag?post=2904"}],"curies":[{"name":"wp","href":"https:\/\/api.w.org\/{rel}","templated":true}]}}