
{"id":2895,"date":"2026-02-27T05:30:37","date_gmt":"2026-02-27T05:30:37","guid":{"rendered":"https:\/\/easyliferobo.com\/de\/product\/dji-mini-5-pro-fly-more-combo-mit-dji-rc-n3-c0-zertifiziert-drohne-mit-kamera-1-zoll-cmos-4k-drohne-fuer-anfaenger-mit-omnidirektionaler-hinderniserkennung-activetrack-360-225-gimbal\/"},"modified":"2026-02-27T05:30:51","modified_gmt":"2026-02-27T05:30:51","slug":"dji-mini-5-pro-fly-more-combo-mit-dji-rc-n3-c0-zertifiziert-drohne-mit-kamera-1-zoll-cmos-4k-drohne-fuer-anfaenger-mit-omnidirektionaler-hinderniserkennung-activetrack-360-225-gimbal","status":"publish","type":"product","link":"https:\/\/easyliferobo.com\/de\/product\/dji-mini-5-pro-fly-more-combo-mit-dji-rc-n3-c0-zertifiziert-drohne-mit-kamera-1-zoll-cmos-4k-drohne-fuer-anfaenger-mit-omnidirektionaler-hinderniserkennung-activetrack-360-225-gimbal\/","title":{"rendered":"DJI Mini 5 Pro Fly More Combo mit D..."},"content":{"rendered":"<p>\n                                             Von der Marke   <\/p>\n<p>                                              <img decoding=\"async\" alt=\"Der Text lautet: \u201eSparen Sie bis zu 45 %\u201c. mit Bildern gr\u00fcner und metallischer Geschenkboxen oder -pakete vor beigem Hintergrund.\" src=\"https:\/\/images-na.ssl-images-amazon.com\/images\/G\/01\/x-locale\/common\/grey-pixel.gif\" class=\"a-lazy-loaded\" data-src=\"https:\/\/m.media-amazon.com\/images\/S\/aplus-media-library-service-media\/03e5d0b8-3d8a-48c9-ad4a-44f028e65c80.__CR0,0,2928,1250_PT0_SX1464_V1___.jpg\"><img decoding=\"async\" alt=\"Der Text lautet: \u201eSparen Sie bis zu 45 %\u201c. mit Bildern gr\u00fcner und metallischer Geschenkboxen oder -pakete vor beigem Hintergrund.\" src=\"https:\/\/m.media-amazon.com\/images\/S\/aplus-media-library-service-media\/03e5d0b8-3d8a-48c9-ad4a-44f028e65c80.__CR0,0,2928,1250_PT0_SX1464_V1___.jpg\">  <\/p>\n<h3>  Weihnachtshighlights <\/h3>\n<p class=\"apm-brand-story-stores-link\">\n<p>                                              <img decoding=\"async\" alt=\"100 % nagelneu\" src=\"https:\/\/images-na.ssl-images-amazon.com\/images\/G\/01\/x-locale\/common\/grey-pixel.gif\" class=\"a-lazy-loaded\" data-src=\"https:\/\/m.media-amazon.com\/images\/S\/aplus-media-library-service-media\/eadfba29-206f-4b93-83d2-d4991faa9053.__CR0,0,724,906_PT0_SX362_V1___.jpg\"><img decoding=\"async\" alt=\"100 % nagelneu\" src=\"https:\/\/m.media-amazon.com\/images\/S\/aplus-media-library-service-media\/eadfba29-206f-4b93-83d2-d4991faa9053.__CR0,0,724,906_PT0_SX362_V1___.jpg\">  <\/p>\n<h3>  DJI NEO 2 <\/h3>\n<p class=\"apm-brand-story-stores-link\">\n<h3>  Kameradrohnen <\/h3>\n<p class=\"apm-brand-story-stores-link\">\n<h3>  Roboterstaubsauger <\/h3>\n<p class=\"apm-brand-story-stores-link\">\n<h3>  Gimbals und Kameras <\/h3>\n<p class=\"apm-brand-story-stores-link\">\n<h3>  Tragbares Kraftwerk <\/h3>\n<p class=\"apm-brand-story-stores-link\">\n<h3>  DJI Mic-Serie <\/h3>\n<p class=\"apm-brand-story-stores-link\">\n<h3>  Professionelle Gimbals <\/h3>\n<p class=\"apm-brand-story-stores-link\">\n<h3>  Zubeh\u00f6r <\/h3>\n<p class=\"apm-brand-story-stores-link\">\n<p>Ultraleichtes, faltbares Design im Taschenformat \u2013 C0-zertifiziert f\u00fcr einfaches Fliegen, diese kompakte und faltbare Drohne passt problemlos in jede Tasche und bietet 42 GB internen Speicher (7).<br \/>1-Zoll-CMOS mit 4K\/60fps HDR-Video \u2013 Der 1-Zoll-CMOS-Sensor erfasst HDR-Videos in 4K\/60fps mit scharfen Details und lebendigen Farben und sorgt so f\u00fcr atemberaubend hochwertige Aufnahmen.<br \/>Echte vertikale Aufnahmen und flexible 225\u00b0-Gimbal-Rotation \u2013 Machen Sie kreative Aufnahmen mit einem Gimbal, der echte vertikale Aufnahmen und 225\u00b0-Rollrotation aus verschiedenen Winkeln und H\u00f6hen erm\u00f6glicht.<br \/>Omnidirektionale Hinderniserkennung bei Nacht (2) \u2013 Nach vorne gerichtete LiDAR- und Bildsensoren erkennen Hindernisse in alle Richtungen und erh\u00f6hen so die Sicherheit bei Nachtfl\u00fcgen und bei der R\u00fcckkehr zum Startpunkt.<br \/>Verbessertes ActiveTrack 360\u00b0 (3) \u2013 Anpassbare Tracking-Modi und verbesserte Stabilit\u00e4t sorgen daf\u00fcr, dass die Motive im Fokus bleiben, mit schnellerer Reaktion, sichererer Fahrleistung und mehr.<br \/>Verl\u00e4ngerte Akkulaufzeit \u2013 Genie\u00dfen Sie bis zu 36 Minuten Flugzeit (4) mit der Intelligent Flight Battery, und drei Akkus k\u00f6nnen per Schnellladung in etwa 115 Minuten (4) aufgeladen werden.<br \/>Enth\u00e4lt die DJI Mini 5 Pro, die DJI RC-N3-Fernbedienung, drei Batterien, Ersatzpropeller, eine Ladestation, ND-Filter und vieles mehr f\u00fcr Ihre t\u00e4glichen kreativen Abenteuer.<br \/>Aufgrund eines Kompatibilit\u00e4tsproblems wurde die DJI Fly-App aus dem Google Play Store entfernt. Besuchen Sie die offizielle DJI-Website, um das Benutzerhandbuch und die neueste DJI Fly-App herunterzuladen.<br \/>Bitte pr\u00fcfen Sie die \u00f6rtlichen Vorschriften, bevor Sie nachts fliegen. In bestimmten L\u00e4ndern oder Regionen k\u00f6nnen entsprechende Genehmigungen erforderlich sein.<\/p>\n<p>[ad_2]<\/p>\n","protected":false},"excerpt":{"rendered":"<p>Von der Marke Weihnachtshighlights DJI NEO 2 Kameradrohnen Roboterstaubsauger Gimbals und Kameras Tragbares Kraftwerk DJI Mic-Serie Professionelle Gimbals Zubeh\u00f6r Ultraleichtes, faltbares Design im Taschenformat \u2013 C0-zertifiziert f\u00fcr einfaches Fliegen, diese kompakte und faltbare Drohne passt problemlos in jede Tasche und bietet 42 GB internen Speicher (7).1-Zoll-CMOS mit 4K\/60fps HDR-Video \u2013 Der 1-Zoll-CMOS-Sensor erfasst HDR-Videos in [&hellip;]<\/p>\n","protected":false},"featured_media":2896,"comment_status":"open","ping_status":"closed","template":"","meta":{"_aipt_faq_data":""},"store":[],"product_brand":[165],"product_cat":[103],"product_tag":[219],"class_list":{"0":"post-2895","1":"product","2":"type-product","3":"status-publish","4":"has-post-thumbnail","6":"product_brand-dji","7":"product_cat-kamera-drohnen","8":"product_tag-kamera-drohnen-fuer-luftaufnahmen","10":"first","11":"instock","12":"sale","13":"shipping-taxable","14":"product-type-external"},"yoast_head":"<!-- This site is optimized with the Yoast SEO plugin v27.4 - https:\/\/yoast.com\/product\/yoast-seo-wordpress\/ -->\n<title>DJI Mini 5 Pro Fly More Combo mit DJI RC-N3, C0-zertifiziert, Drohne mit Kamera, 1-Zoll-CMOS, 4K-Drohne f\u00fcr Anf\u00e4nger mit omnidirektionaler Hinderniserkennung, ActiveTrack 360\u00b0, 225\u00b0 Gimbal-Rotation - EasyLifeBro<\/title>\n<meta name=\"description\" content=\"Entdecken Sie smarte Roboter f\u00fcr Zuhause, Garten, Bildung und Sicherheit. Vergleichen Sie Saugroboter, Rasenm\u00e4hroboter, KI-Begleitroboter und mehr bei EasyLifeRobo.\" \/>\n<meta name=\"robots\" content=\"index, follow, max-snippet:-1, max-image-preview:large, max-video-preview:-1\" \/>\n<link rel=\"canonical\" href=\"https:\/\/easyliferobo.com\/de\/product\/dji-mini-5-pro-fly-more-combo-mit-dji-rc-n3-c0-zertifiziert-drohne-mit-kamera-1-zoll-cmos-4k-drohne-fuer-anfaenger-mit-omnidirektionaler-hinderniserkennung-activetrack-360-225-gimbal\/\" \/>\n<meta property=\"og:locale\" content=\"de_DE\" \/>\n<meta property=\"og:type\" content=\"article\" \/>\n<meta property=\"og:title\" content=\"DJI Mini 5 Pro Fly More Combo mit DJI RC-N3, C0-zertifiziert, Drohne mit Kamera, 1-Zoll-CMOS, 4K-Drohne f\u00fcr Anf\u00e4nger mit omnidirektionaler Hinderniserkennung, ActiveTrack 360\u00b0, 225\u00b0 Gimbal-Rotation - EasyLifeBro\" \/>\n<meta property=\"og:description\" content=\"Entdecken Sie smarte Roboter f\u00fcr Zuhause, Garten, Bildung und Sicherheit. Vergleichen Sie Saugroboter, Rasenm\u00e4hroboter, KI-Begleitroboter und mehr bei EasyLifeRobo.\" \/>\n<meta property=\"og:url\" content=\"https:\/\/easyliferobo.com\/de\/product\/dji-mini-5-pro-fly-more-combo-mit-dji-rc-n3-c0-zertifiziert-drohne-mit-kamera-1-zoll-cmos-4k-drohne-fuer-anfaenger-mit-omnidirektionaler-hinderniserkennung-activetrack-360-225-gimbal\/\" \/>\n<meta property=\"og:site_name\" content=\"EasyLifeBro\" \/>\n<meta property=\"article:modified_time\" content=\"2026-02-27T05:30:51+00:00\" \/>\n<meta property=\"og:image\" content=\"https:\/\/images-na.ssl-images-amazon.com\/images\/G\/01\/x-locale\/common\/grey-pixel.gif\" \/>\n<meta name=\"twitter:card\" content=\"summary_large_image\" \/>\n<meta name=\"twitter:label1\" content=\"Gesch\u00e4tzte Lesezeit\" \/>\n\t<meta name=\"twitter:data1\" content=\"1\u00a0Minute\" \/>\n<script type=\"application\/ld+json\" class=\"yoast-schema-graph\">{\"@context\":\"https:\\\/\\\/schema.org\",\"@graph\":[{\"@type\":\"WebPage\",\"@id\":\"https:\\\/\\\/easyliferobo.com\\\/de\\\/product\\\/dji-mini-5-pro-fly-more-combo-mit-dji-rc-n3-c0-zertifiziert-drohne-mit-kamera-1-zoll-cmos-4k-drohne-fuer-anfaenger-mit-omnidirektionaler-hinderniserkennung-activetrack-360-225-gimbal\\\/\",\"url\":\"https:\\\/\\\/easyliferobo.com\\\/de\\\/product\\\/dji-mini-5-pro-fly-more-combo-mit-dji-rc-n3-c0-zertifiziert-drohne-mit-kamera-1-zoll-cmos-4k-drohne-fuer-anfaenger-mit-omnidirektionaler-hinderniserkennung-activetrack-360-225-gimbal\\\/\",\"name\":\"DJI Mini 5 Pro Fly More Combo mit DJI RC-N3, C0-zertifiziert, Drohne mit Kamera, 1-Zoll-CMOS, 4K-Drohne f\u00fcr Anf\u00e4nger mit omnidirektionaler Hinderniserkennung, ActiveTrack 360\u00b0, 225\u00b0 Gimbal-Rotation - EasyLifeBro\",\"isPartOf\":{\"@id\":\"https:\\\/\\\/easyliferobo.com\\\/de\\\/#website\"},\"primaryImageOfPage\":{\"@id\":\"https:\\\/\\\/easyliferobo.com\\\/de\\\/product\\\/dji-mini-5-pro-fly-more-combo-mit-dji-rc-n3-c0-zertifiziert-drohne-mit-kamera-1-zoll-cmos-4k-drohne-fuer-anfaenger-mit-omnidirektionaler-hinderniserkennung-activetrack-360-225-gimbal\\\/#primaryimage\"},\"image\":{\"@id\":\"https:\\\/\\\/easyliferobo.com\\\/de\\\/product\\\/dji-mini-5-pro-fly-more-combo-mit-dji-rc-n3-c0-zertifiziert-drohne-mit-kamera-1-zoll-cmos-4k-drohne-fuer-anfaenger-mit-omnidirektionaler-hinderniserkennung-activetrack-360-225-gimbal\\\/#primaryimage\"},\"thumbnailUrl\":\"https:\\\/\\\/easyliferobo.com\\\/de\\\/wp-content\\\/uploads\\\/2026\\\/02\\\/61thpv9gvKL._AC_SL1500_.jpg\",\"datePublished\":\"2026-02-27T05:30:37+00:00\",\"dateModified\":\"2026-02-27T05:30:51+00:00\",\"description\":\"Entdecken Sie smarte Roboter f\u00fcr Zuhause, Garten, Bildung und Sicherheit. Vergleichen Sie Saugroboter, Rasenm\u00e4hroboter, KI-Begleitroboter und mehr bei EasyLifeRobo.\",\"breadcrumb\":{\"@id\":\"https:\\\/\\\/easyliferobo.com\\\/de\\\/product\\\/dji-mini-5-pro-fly-more-combo-mit-dji-rc-n3-c0-zertifiziert-drohne-mit-kamera-1-zoll-cmos-4k-drohne-fuer-anfaenger-mit-omnidirektionaler-hinderniserkennung-activetrack-360-225-gimbal\\\/#breadcrumb\"},\"inLanguage\":\"de\",\"potentialAction\":[{\"@type\":\"ReadAction\",\"target\":[\"https:\\\/\\\/easyliferobo.com\\\/de\\\/product\\\/dji-mini-5-pro-fly-more-combo-mit-dji-rc-n3-c0-zertifiziert-drohne-mit-kamera-1-zoll-cmos-4k-drohne-fuer-anfaenger-mit-omnidirektionaler-hinderniserkennung-activetrack-360-225-gimbal\\\/\"]}]},{\"@type\":\"ImageObject\",\"inLanguage\":\"de\",\"@id\":\"https:\\\/\\\/easyliferobo.com\\\/de\\\/product\\\/dji-mini-5-pro-fly-more-combo-mit-dji-rc-n3-c0-zertifiziert-drohne-mit-kamera-1-zoll-cmos-4k-drohne-fuer-anfaenger-mit-omnidirektionaler-hinderniserkennung-activetrack-360-225-gimbal\\\/#primaryimage\",\"url\":\"https:\\\/\\\/easyliferobo.com\\\/de\\\/wp-content\\\/uploads\\\/2026\\\/02\\\/61thpv9gvKL._AC_SL1500_.jpg\",\"contentUrl\":\"https:\\\/\\\/easyliferobo.com\\\/de\\\/wp-content\\\/uploads\\\/2026\\\/02\\\/61thpv9gvKL._AC_SL1500_.jpg\",\"width\":1500,\"height\":1209},{\"@type\":\"BreadcrumbList\",\"@id\":\"https:\\\/\\\/easyliferobo.com\\\/de\\\/product\\\/dji-mini-5-pro-fly-more-combo-mit-dji-rc-n3-c0-zertifiziert-drohne-mit-kamera-1-zoll-cmos-4k-drohne-fuer-anfaenger-mit-omnidirektionaler-hinderniserkennung-activetrack-360-225-gimbal\\\/#breadcrumb\",\"itemListElement\":[{\"@type\":\"ListItem\",\"position\":1,\"name\":\"Home\",\"item\":\"https:\\\/\\\/easyliferobo.com\\\/de\\\/\"},{\"@type\":\"ListItem\",\"position\":2,\"name\":\"Shop\",\"item\":\"https:\\\/\\\/easyliferobo.com\\\/de\\\/shop\\\/\"},{\"@type\":\"ListItem\",\"position\":3,\"name\":\"DJI Mini 5 Pro Fly More Combo mit D...\"}]},{\"@type\":\"WebSite\",\"@id\":\"https:\\\/\\\/easyliferobo.com\\\/de\\\/#website\",\"url\":\"https:\\\/\\\/easyliferobo.com\\\/de\\\/\",\"name\":\"EasyLifeBro\",\"description\":\"Smarte Roboter f\u00fcr Zuhause, Garten &amp; Bildung\",\"publisher\":{\"@id\":\"https:\\\/\\\/easyliferobo.com\\\/de\\\/#organization\"},\"potentialAction\":[{\"@type\":\"SearchAction\",\"target\":{\"@type\":\"EntryPoint\",\"urlTemplate\":\"https:\\\/\\\/easyliferobo.com\\\/de\\\/?s={search_term_string}\"},\"query-input\":{\"@type\":\"PropertyValueSpecification\",\"valueRequired\":true,\"valueName\":\"search_term_string\"}}],\"inLanguage\":\"de\"},{\"@type\":\"Organization\",\"@id\":\"https:\\\/\\\/easyliferobo.com\\\/de\\\/#organization\",\"name\":\"EasyLifeBro\",\"url\":\"https:\\\/\\\/easyliferobo.com\\\/de\\\/\",\"logo\":{\"@type\":\"ImageObject\",\"inLanguage\":\"de\",\"@id\":\"https:\\\/\\\/easyliferobo.com\\\/de\\\/#\\\/schema\\\/logo\\\/image\\\/\",\"url\":\"https:\\\/\\\/easyliferobo.com\\\/de\\\/wp-content\\\/uploads\\\/2026\\\/02\\\/Screenshot-2026-02-22-at-2.25.03-PM.png\",\"contentUrl\":\"https:\\\/\\\/easyliferobo.com\\\/de\\\/wp-content\\\/uploads\\\/2026\\\/02\\\/Screenshot-2026-02-22-at-2.25.03-PM.png\",\"width\":1858,\"height\":430,\"caption\":\"EasyLifeBro\"},\"image\":{\"@id\":\"https:\\\/\\\/easyliferobo.com\\\/de\\\/#\\\/schema\\\/logo\\\/image\\\/\"}}]}<\/script>\n<!-- \/ Yoast SEO plugin. -->","yoast_head_json":{"title":"DJI Mini 5 Pro Fly More Combo mit DJI RC-N3, C0-zertifiziert, Drohne mit Kamera, 1-Zoll-CMOS, 4K-Drohne f\u00fcr Anf\u00e4nger mit omnidirektionaler Hinderniserkennung, ActiveTrack 360\u00b0, 225\u00b0 Gimbal-Rotation - EasyLifeBro","description":"Entdecken Sie smarte Roboter f\u00fcr Zuhause, Garten, Bildung und Sicherheit. Vergleichen Sie Saugroboter, Rasenm\u00e4hroboter, KI-Begleitroboter und mehr bei EasyLifeRobo.","robots":{"index":"index","follow":"follow","max-snippet":"max-snippet:-1","max-image-preview":"max-image-preview:large","max-video-preview":"max-video-preview:-1"},"canonical":"https:\/\/easyliferobo.com\/de\/product\/dji-mini-5-pro-fly-more-combo-mit-dji-rc-n3-c0-zertifiziert-drohne-mit-kamera-1-zoll-cmos-4k-drohne-fuer-anfaenger-mit-omnidirektionaler-hinderniserkennung-activetrack-360-225-gimbal\/","og_locale":"de_DE","og_type":"article","og_title":"DJI Mini 5 Pro Fly More Combo mit DJI RC-N3, C0-zertifiziert, Drohne mit Kamera, 1-Zoll-CMOS, 4K-Drohne f\u00fcr Anf\u00e4nger mit omnidirektionaler Hinderniserkennung, ActiveTrack 360\u00b0, 225\u00b0 Gimbal-Rotation - EasyLifeBro","og_description":"Entdecken Sie smarte Roboter f\u00fcr Zuhause, Garten, Bildung und Sicherheit. Vergleichen Sie Saugroboter, Rasenm\u00e4hroboter, KI-Begleitroboter und mehr bei EasyLifeRobo.","og_url":"https:\/\/easyliferobo.com\/de\/product\/dji-mini-5-pro-fly-more-combo-mit-dji-rc-n3-c0-zertifiziert-drohne-mit-kamera-1-zoll-cmos-4k-drohne-fuer-anfaenger-mit-omnidirektionaler-hinderniserkennung-activetrack-360-225-gimbal\/","og_site_name":"EasyLifeBro","article_modified_time":"2026-02-27T05:30:51+00:00","og_image":[{"url":"https:\/\/images-na.ssl-images-amazon.com\/images\/G\/01\/x-locale\/common\/grey-pixel.gif","type":"","width":"","height":""}],"twitter_card":"summary_large_image","twitter_misc":{"Gesch\u00e4tzte Lesezeit":"1\u00a0Minute"},"schema":{"@context":"https:\/\/schema.org","@graph":[{"@type":"WebPage","@id":"https:\/\/easyliferobo.com\/de\/product\/dji-mini-5-pro-fly-more-combo-mit-dji-rc-n3-c0-zertifiziert-drohne-mit-kamera-1-zoll-cmos-4k-drohne-fuer-anfaenger-mit-omnidirektionaler-hinderniserkennung-activetrack-360-225-gimbal\/","url":"https:\/\/easyliferobo.com\/de\/product\/dji-mini-5-pro-fly-more-combo-mit-dji-rc-n3-c0-zertifiziert-drohne-mit-kamera-1-zoll-cmos-4k-drohne-fuer-anfaenger-mit-omnidirektionaler-hinderniserkennung-activetrack-360-225-gimbal\/","name":"DJI Mini 5 Pro Fly More Combo mit DJI RC-N3, C0-zertifiziert, Drohne mit Kamera, 1-Zoll-CMOS, 4K-Drohne f\u00fcr Anf\u00e4nger mit omnidirektionaler Hinderniserkennung, ActiveTrack 360\u00b0, 225\u00b0 Gimbal-Rotation - EasyLifeBro","isPartOf":{"@id":"https:\/\/easyliferobo.com\/de\/#website"},"primaryImageOfPage":{"@id":"https:\/\/easyliferobo.com\/de\/product\/dji-mini-5-pro-fly-more-combo-mit-dji-rc-n3-c0-zertifiziert-drohne-mit-kamera-1-zoll-cmos-4k-drohne-fuer-anfaenger-mit-omnidirektionaler-hinderniserkennung-activetrack-360-225-gimbal\/#primaryimage"},"image":{"@id":"https:\/\/easyliferobo.com\/de\/product\/dji-mini-5-pro-fly-more-combo-mit-dji-rc-n3-c0-zertifiziert-drohne-mit-kamera-1-zoll-cmos-4k-drohne-fuer-anfaenger-mit-omnidirektionaler-hinderniserkennung-activetrack-360-225-gimbal\/#primaryimage"},"thumbnailUrl":"https:\/\/easyliferobo.com\/de\/wp-content\/uploads\/2026\/02\/61thpv9gvKL._AC_SL1500_.jpg","datePublished":"2026-02-27T05:30:37+00:00","dateModified":"2026-02-27T05:30:51+00:00","description":"Entdecken Sie smarte Roboter f\u00fcr Zuhause, Garten, Bildung und Sicherheit. Vergleichen Sie Saugroboter, Rasenm\u00e4hroboter, KI-Begleitroboter und mehr bei EasyLifeRobo.","breadcrumb":{"@id":"https:\/\/easyliferobo.com\/de\/product\/dji-mini-5-pro-fly-more-combo-mit-dji-rc-n3-c0-zertifiziert-drohne-mit-kamera-1-zoll-cmos-4k-drohne-fuer-anfaenger-mit-omnidirektionaler-hinderniserkennung-activetrack-360-225-gimbal\/#breadcrumb"},"inLanguage":"de","potentialAction":[{"@type":"ReadAction","target":["https:\/\/easyliferobo.com\/de\/product\/dji-mini-5-pro-fly-more-combo-mit-dji-rc-n3-c0-zertifiziert-drohne-mit-kamera-1-zoll-cmos-4k-drohne-fuer-anfaenger-mit-omnidirektionaler-hinderniserkennung-activetrack-360-225-gimbal\/"]}]},{"@type":"ImageObject","inLanguage":"de","@id":"https:\/\/easyliferobo.com\/de\/product\/dji-mini-5-pro-fly-more-combo-mit-dji-rc-n3-c0-zertifiziert-drohne-mit-kamera-1-zoll-cmos-4k-drohne-fuer-anfaenger-mit-omnidirektionaler-hinderniserkennung-activetrack-360-225-gimbal\/#primaryimage","url":"https:\/\/easyliferobo.com\/de\/wp-content\/uploads\/2026\/02\/61thpv9gvKL._AC_SL1500_.jpg","contentUrl":"https:\/\/easyliferobo.com\/de\/wp-content\/uploads\/2026\/02\/61thpv9gvKL._AC_SL1500_.jpg","width":1500,"height":1209},{"@type":"BreadcrumbList","@id":"https:\/\/easyliferobo.com\/de\/product\/dji-mini-5-pro-fly-more-combo-mit-dji-rc-n3-c0-zertifiziert-drohne-mit-kamera-1-zoll-cmos-4k-drohne-fuer-anfaenger-mit-omnidirektionaler-hinderniserkennung-activetrack-360-225-gimbal\/#breadcrumb","itemListElement":[{"@type":"ListItem","position":1,"name":"Home","item":"https:\/\/easyliferobo.com\/de\/"},{"@type":"ListItem","position":2,"name":"Shop","item":"https:\/\/easyliferobo.com\/de\/shop\/"},{"@type":"ListItem","position":3,"name":"DJI Mini 5 Pro Fly More Combo mit D..."}]},{"@type":"WebSite","@id":"https:\/\/easyliferobo.com\/de\/#website","url":"https:\/\/easyliferobo.com\/de\/","name":"EasyLifeBro","description":"Smarte Roboter f\u00fcr Zuhause, Garten &amp; Bildung","publisher":{"@id":"https:\/\/easyliferobo.com\/de\/#organization"},"potentialAction":[{"@type":"SearchAction","target":{"@type":"EntryPoint","urlTemplate":"https:\/\/easyliferobo.com\/de\/?s={search_term_string}"},"query-input":{"@type":"PropertyValueSpecification","valueRequired":true,"valueName":"search_term_string"}}],"inLanguage":"de"},{"@type":"Organization","@id":"https:\/\/easyliferobo.com\/de\/#organization","name":"EasyLifeBro","url":"https:\/\/easyliferobo.com\/de\/","logo":{"@type":"ImageObject","inLanguage":"de","@id":"https:\/\/easyliferobo.com\/de\/#\/schema\/logo\/image\/","url":"https:\/\/easyliferobo.com\/de\/wp-content\/uploads\/2026\/02\/Screenshot-2026-02-22-at-2.25.03-PM.png","contentUrl":"https:\/\/easyliferobo.com\/de\/wp-content\/uploads\/2026\/02\/Screenshot-2026-02-22-at-2.25.03-PM.png","width":1858,"height":430,"caption":"EasyLifeBro"},"image":{"@id":"https:\/\/easyliferobo.com\/de\/#\/schema\/logo\/image\/"}}]}},"_links":{"self":[{"href":"https:\/\/easyliferobo.com\/de\/wp-json\/wp\/v2\/product\/2895","targetHints":{"allow":["GET"]}}],"collection":[{"href":"https:\/\/easyliferobo.com\/de\/wp-json\/wp\/v2\/product"}],"about":[{"href":"https:\/\/easyliferobo.com\/de\/wp-json\/wp\/v2\/types\/product"}],"replies":[{"embeddable":true,"href":"https:\/\/easyliferobo.com\/de\/wp-json\/wp\/v2\/comments?post=2895"}],"wp:featuredmedia":[{"embeddable":true,"href":"https:\/\/easyliferobo.com\/de\/wp-json\/wp\/v2\/media\/2896"}],"wp:attachment":[{"href":"https:\/\/easyliferobo.com\/de\/wp-json\/wp\/v2\/media?parent=2895"}],"wp:term":[{"taxonomy":"store","embeddable":true,"href":"https:\/\/easyliferobo.com\/de\/wp-json\/wp\/v2\/store?post=2895"},{"taxonomy":"product_brand","embeddable":true,"href":"https:\/\/easyliferobo.com\/de\/wp-json\/wp\/v2\/product_brand?post=2895"},{"taxonomy":"product_cat","embeddable":true,"href":"https:\/\/easyliferobo.com\/de\/wp-json\/wp\/v2\/product_cat?post=2895"},{"taxonomy":"product_tag","embeddable":true,"href":"https:\/\/easyliferobo.com\/de\/wp-json\/wp\/v2\/product_tag?post=2895"}],"curies":[{"name":"wp","href":"https:\/\/api.w.org\/{rel}","templated":true}]}}