
{"id":2877,"date":"2026-02-27T05:26:31","date_gmt":"2026-02-27T05:26:31","guid":{"rendered":"https:\/\/easyliferobo.com\/de\/product\/mini-drohne-fuer-kinderspielzeug-ab-6-7-8-9-10-jahren-jungen-rc-flugzeug-spielzeugdrohne-fuer-kinder-und-anfaenger-mit-led-lichtern-geschenke-fuer-jungen-und-maedchen-im-innen-und-aussenbereich\/"},"modified":"2026-02-27T05:26:45","modified_gmt":"2026-02-27T05:26:45","slug":"mini-drohne-fuer-kinderspielzeug-ab-6-7-8-9-10-jahren-jungen-rc-flugzeug-spielzeugdrohne-fuer-kinder-und-anfaenger-mit-led-lichtern-geschenke-fuer-jungen-und-maedchen-im-innen-und-aussenbereich","status":"publish","type":"product","link":"https:\/\/easyliferobo.com\/de\/product\/mini-drohne-fuer-kinderspielzeug-ab-6-7-8-9-10-jahren-jungen-rc-flugzeug-spielzeugdrohne-fuer-kinder-und-anfaenger-mit-led-lichtern-geschenke-fuer-jungen-und-maedchen-im-innen-und-aussenbereich\/","title":{"rendered":"Mini-Drohne f\u00fcr Kinderspielzeug ab..."},"content":{"rendered":"<p>\n                                             Produktbeschreibung   <\/p>\n<p>                                                                                                       <img decoding=\"async\" alt=\"Werbung f\u00fcr Spielzeugdrohnen von Korffe Kinder-Drohne, die einen kleinen blau-rosafarbenen Quadcopter mit LED-Leuchten zeigt\" src=\"https:\/\/images-na.ssl-images-amazon.com\/images\/G\/01\/x-locale\/common\/grey-pixel.gif\" class=\"a-lazy-loaded\" data-src=\"https:\/\/m.media-amazon.com\/images\/S\/aplus-media-library-service-media\/ededf61e-5645-4d28-a4b6-208b48fea747.__CR0,0,1464,600_PT0_SX1464_V1___.jpg\"><img decoding=\"async\" alt=\"Werbung f\u00fcr Spielzeugdrohnen von Korffe Kinder-Drohne, die einen kleinen blau-rosafarbenen Quadcopter mit LED-Leuchten zeigt\" src=\"https:\/\/m.media-amazon.com\/images\/S\/aplus-media-library-service-media\/ededf61e-5645-4d28-a4b6-208b48fea747.__CR0,0,1464,600_PT0_SX1464_V1___.jpg\">                                               <\/p>\n<p>                                                                                                       <img decoding=\"async\" alt=\"eine Frau, die mit einer Fernbedienung in der Hand auf einer Couch sitzt.\" src=\"https:\/\/images-na.ssl-images-amazon.com\/images\/G\/01\/x-locale\/common\/grey-pixel.gif\" class=\"a-lazy-loaded\" data-src=\"https:\/\/m.media-amazon.com\/images\/S\/aplus-media-library-service-media\/f35d3d3d-c96b-4fd3-819b-015fea650adb.__CR0,0,1464,600_PT0_SX1464_V1___.jpg\"><img decoding=\"async\" alt=\"eine Frau, die mit einer Fernbedienung in der Hand auf einer Couch sitzt.\" src=\"https:\/\/m.media-amazon.com\/images\/S\/aplus-media-library-service-media\/f35d3d3d-c96b-4fd3-819b-015fea650adb.__CR0,0,1464,600_PT0_SX1464_V1___.jpg\">                                               <\/p>\n<p>                                                                                                       <img decoding=\"async\" alt=\"Ein Kind, das in einem Wohnzimmer ein Videospiel spielt.\" src=\"https:\/\/images-na.ssl-images-amazon.com\/images\/G\/01\/x-locale\/common\/grey-pixel.gif\" class=\"a-lazy-loaded\" data-src=\"https:\/\/m.media-amazon.com\/images\/S\/aplus-media-library-service-media\/7127c25d-de24-496a-b48a-805e31667184.__CR0,0,1464,600_PT0_SX1464_V1___.jpg\"><img decoding=\"async\" alt=\"Ein Kind, das in einem Wohnzimmer ein Videospiel spielt.\" src=\"https:\/\/m.media-amazon.com\/images\/S\/aplus-media-library-service-media\/7127c25d-de24-496a-b48a-805e31667184.__CR0,0,1464,600_PT0_SX1464_V1___.jpg\">                                               <\/p>\n<p>                                                                                  <img decoding=\"async\" alt=\"1\" src=\"https:\/\/m.media-amazon.com\/images\/S\/aplus-media-library-service-media\/2837e0cd-f65d-4273-ae86-c5900444775c.__CR0,0,1464,600_PT0_SX1464_V1___.jpg\">       <\/p>\n<p>                                                                                  <img decoding=\"async\" alt=\"Fliegende Drohne mit vier beleuchteten Propellern, die bunten Lichter aussenden. Text \u201e6 bunte Lichter\u201c (6 bunte Lichter) sichtbar. Die Drohne scheint in Innenr\u00e4umen in Bewegung zu sein\" src=\"https:\/\/m.media-amazon.com\/images\/S\/aplus-media-library-service-media\/d6c165d0-0e08-472b-b947-e60d2db51add.__CR0,0,1464,600_PT0_SX1464_V1___.jpg\">       <\/p>\n<p>                                                                                  <img decoding=\"async\" alt=\"Drei Drohnen, die mit unterschiedlicher Geschwindigkeit \u00fcber H\u00e4user fliegen. Eine Fernbedienung ist sichtbar. Der Text weist auf einstellbare Geschwindigkeitseinstellungen in Deutsch hin.\" src=\"https:\/\/m.media-amazon.com\/images\/S\/aplus-media-library-service-media\/b2a7e31f-00fc-45ab-b24b-96c962b2dd15.__CR0,0,1464,600_PT0_SX1464_V1___.jpg\">       <\/p>\n<p>                                                                <img decoding=\"async\" alt=\"Mini-Drohnenset f\u00fcr Kinder mit Fernbedienung, Bedienungsanleitung, USB-Kabel, Drohne und Ersatzteilen auf orangefarbenem Hintergrund.\" src=\"https:\/\/images-na.ssl-images-amazon.com\/images\/G\/01\/x-locale\/common\/grey-pixel.gif\" class=\"a-lazy-loaded\" data-src=\"https:\/\/m.media-amazon.com\/images\/S\/aplus-media-library-service-media\/1cdf458a-9479-42bb-bfca-aa56b1a51577.__CR0,0,800,600_PT0_SX800_V1___.jpg\"><img decoding=\"async\" alt=\"Mini-Drohnenset f\u00fcr Kinder mit Fernbedienung, Bedienungsanleitung, USB-Kabel, Drohne und Ersatzteilen auf orangefarbenem Hintergrund.\" src=\"https:\/\/m.media-amazon.com\/images\/S\/aplus-media-library-service-media\/1cdf458a-9479-42bb-bfca-aa56b1a51577.__CR0,0,800,600_PT0_SX800_V1___.jpg\">                                    Modellnummer: SQN-051                                          <\/p>\n<h3 class=\"aplus-h1 aplus-module-1-heading a-text-bold\"> Korffe Mini Drohne f\u00fcr Kinder <\/h3>\n<p class=\"aplus-p2 aplus-module-1-description\">  Chargen-Nr.: PO20240701001 <\/p>\n<p class=\"aplus-p2 aplus-module-1-description\">  Herstellungsdatum: 01.07.2024 <\/p>\n<p class=\"aplus-p2 aplus-module-1-description\">  Frequenzband: 2,4 GHz <\/p>\n<p class=\"aplus-p2 aplus-module-1-description\">  Maximale \u00fcbertragene Funkfrequenzleistung: 10 dBm <\/p>\n<p>                                                                                                       <img decoding=\"async\" alt=\"Drohnenzubeh\u00f6r-Set auf orangefarbenem und blauem Hintergrund. Inklusive Fernbedienung, Mini-Drohne, Batterien und Propeller\" src=\"https:\/\/images-na.ssl-images-amazon.com\/images\/G\/01\/x-locale\/common\/grey-pixel.gif\" class=\"a-lazy-loaded\" data-src=\"https:\/\/m.media-amazon.com\/images\/S\/aplus-media-library-service-media\/91f3630b-1a2d-45d0-8848-31271de7b91b.__CR0,0,1464,600_PT0_SX1464_V1___.jpg\"><img decoding=\"async\" alt=\"Drohnenzubeh\u00f6r-Set auf orangefarbenem und blauem Hintergrund. Inklusive Fernbedienung, Mini-Drohne, Batterien und Propeller\" src=\"https:\/\/m.media-amazon.com\/images\/S\/aplus-media-library-service-media\/91f3630b-1a2d-45d0-8848-31271de7b91b.__CR0,0,1464,600_PT0_SX1464_V1___.jpg\">                                               <\/p>\n<p>                                                                                                       <img decoding=\"async\" alt=\"1\" src=\"https:\/\/images-na.ssl-images-amazon.com\/images\/G\/01\/x-locale\/common\/grey-pixel.gif\" class=\"a-lazy-loaded\" data-src=\"https:\/\/m.media-amazon.com\/images\/S\/aplus-media-library-service-media\/0adf704e-6705-419b-8447-98636d1d7c38.__CR0,0,1464,600_PT0_SX1464_V1___.jpg\"><img decoding=\"async\" alt=\"1\" src=\"https:\/\/m.media-amazon.com\/images\/S\/aplus-media-library-service-media\/0adf704e-6705-419b-8447-98636d1d7c38.__CR0,0,1464,600_PT0_SX1464_V1___.jpg\">                                               <\/p>\n<p>Bunte Lichter: Die Mini-Drohne f\u00fcr Kinder von Korffe verf\u00fcgt \u00fcber 6 Arten von einstellbaren bunten Lichtern, ganz nach Ihren W\u00fcnschen oder nutzen Sie die Szene, um jederzeit zu verschiedenen Lichtern zu wechseln, und Freunde, um ein Drohnen-Luftrennen zu starten, in einem 360\u00b0-Flip gleichzeitig beim Umschalten der Lichter, Sie werden das Lob von Freunden ernten. In der Dunkelheit der Nacht ist die Pracht der Lichter noch sch\u00f6ner.<br \/>Geeignet f\u00fcr Kinder und Anf\u00e4nger: einfach zu bedienen, eine Taste zum Starten und Landen, einzigartiges Design-Erscheinungsbild, Kunstflugfunktion mit einer Taste: 360-Grad-Flip, Ringflug, Alarm bei niedrigem Batteriestand, Geschwindigkeitsanpassung mit drei G\u00e4ngen, Kinder k\u00f6nnen sich schrittweise in der Bedienung qualifizieren, verschiedene Schwierigkeiten bei der Bedienung der Drohnenf\u00e4higkeiten erlernen, um die H\u00e4nde der Kinder auf die F\u00e4higkeit der H\u00e4nde zu konzentrieren.<br \/>Batterielebensdauer: Korffe Mini-Drohne kann 30 Minuten lang ununterbrochen verwendet werden, 3 St\u00fcck Korffe Mini-Drohne-Akkus kostenlos, kann jede Batterie f\u00fcr 10 Minuten Drohne verwenden, kein Grund zur Sorge \u00fcber die Unterbrechung des Spa\u00dfes, neue aktualisierte Sicherheitsbatterien mit hoher Kapazit\u00e4t, begleitet das Kind, um jede Minute des Gl\u00fccks zu verbringen, geeignete Geschenke f\u00fcr Kinder im Alter von 6\u201316 Jahren, er (sie) wird eine unvergessliche Zeit haben. Gl\u00fcckliche Zeit.<br \/>Sicherheit und Haltbarkeit: Die Mini-Drohne von Korffe ist neu aufger\u00fcstet, Sie m\u00fcssen sich keine Sorgen \u00fcber Sch\u00e4den durch die Fl\u00fcgelkollision machen. Wir haben Ihnen 8 Fl\u00fcgel in zwei verschiedenen Farben gegeben. Basteln Sie Ihre Lieblingsfarben manuell, um Ihre eigene Drohne zu erstellen. Das abnehmbare Fl\u00fcgeldesign erm\u00f6glicht es Ihnen, die Haarverfilzungen an den Fl\u00fcgeln rechtzeitig zu entfernen, sodass Ihre Drohne aufgrund von Verfilzungen nicht mehr fliegen kann, was die Lebensdauer der Drohne erheblich verl\u00e4ngert.<br \/>100 % Kundendienstqualit\u00e4t: In der Verpackung finden Sie eine umfassende, klare und leicht verst\u00e4ndliche Bedienungsanleitung. Bei Fragen oder Problemen kontaktieren Sie uns bitte. Wir garantieren, dass wir Ihr Problem innerhalb von 24 Stunden l\u00f6sen, um sicherzustellen, dass unsere Kunden mit unserem Kundenservice zu 100 % zufrieden sind. Hinweis: Die Handfernbedienung ben\u00f6tigt drei AAA-Batterien (nicht im Lieferumfang enthalten)<\/p>\n<p>[ad_2]<\/p>\n","protected":false},"excerpt":{"rendered":"<p>Produktbeschreibung Modellnummer: SQN-051 Korffe Mini Drohne f\u00fcr Kinder Chargen-Nr.: PO20240701001 Herstellungsdatum: 01.07.2024 Frequenzband: 2,4 GHz Maximale \u00fcbertragene Funkfrequenzleistung: 10 dBm Bunte Lichter: Die Mini-Drohne f\u00fcr Kinder von Korffe verf\u00fcgt \u00fcber 6 Arten von einstellbaren bunten Lichtern, ganz nach Ihren W\u00fcnschen oder nutzen Sie die Szene, um jederzeit zu verschiedenen Lichtern zu wechseln, und Freunde, um [&hellip;]<\/p>\n","protected":false},"featured_media":2878,"comment_status":"open","ping_status":"closed","template":"","meta":{"_aipt_faq_data":""},"store":[],"product_brand":[416],"product_cat":[105],"product_tag":[216],"class_list":{"0":"post-2877","1":"product","2":"type-product","3":"status-publish","4":"has-post-thumbnail","6":"product_brand-korffe","7":"product_cat-mini-drohnen","8":"product_tag-mini-drohnen-fuer-anfaenger","10":"first","11":"instock","12":"sale","13":"shipping-taxable","14":"product-type-external"},"yoast_head":"<!-- This site is optimized with the Yoast SEO plugin v27.4 - https:\/\/yoast.com\/product\/yoast-seo-wordpress\/ -->\n<title>Mini-Drohne f\u00fcr Kinderspielzeug ab 6 7 8 9 10+ Jahren Jungen, RC-Flugzeug-Spielzeugdrohne f\u00fcr Kinder und Anf\u00e4nger mit LED-Lichtern, Geschenke f\u00fcr Jungen und M\u00e4dchen im Innen- und Au\u00dfenbereich - EasyLifeBro<\/title>\n<meta name=\"description\" content=\"Entdecken Sie smarte Roboter f\u00fcr Zuhause, Garten, Bildung und Sicherheit. Vergleichen Sie Saugroboter, Rasenm\u00e4hroboter, KI-Begleitroboter und mehr bei EasyLifeRobo.\" \/>\n<meta name=\"robots\" content=\"index, follow, max-snippet:-1, max-image-preview:large, max-video-preview:-1\" \/>\n<link rel=\"canonical\" href=\"https:\/\/easyliferobo.com\/de\/product\/mini-drohne-fuer-kinderspielzeug-ab-6-7-8-9-10-jahren-jungen-rc-flugzeug-spielzeugdrohne-fuer-kinder-und-anfaenger-mit-led-lichtern-geschenke-fuer-jungen-und-maedchen-im-innen-und-aussenbereich\/\" \/>\n<meta property=\"og:locale\" content=\"de_DE\" \/>\n<meta property=\"og:type\" content=\"article\" \/>\n<meta property=\"og:title\" content=\"Mini-Drohne f\u00fcr Kinderspielzeug ab 6 7 8 9 10+ Jahren Jungen, RC-Flugzeug-Spielzeugdrohne f\u00fcr Kinder und Anf\u00e4nger mit LED-Lichtern, Geschenke f\u00fcr Jungen und M\u00e4dchen im Innen- und Au\u00dfenbereich - EasyLifeBro\" \/>\n<meta property=\"og:description\" content=\"Entdecken Sie smarte Roboter f\u00fcr Zuhause, Garten, Bildung und Sicherheit. Vergleichen Sie Saugroboter, Rasenm\u00e4hroboter, KI-Begleitroboter und mehr bei EasyLifeRobo.\" \/>\n<meta property=\"og:url\" content=\"https:\/\/easyliferobo.com\/de\/product\/mini-drohne-fuer-kinderspielzeug-ab-6-7-8-9-10-jahren-jungen-rc-flugzeug-spielzeugdrohne-fuer-kinder-und-anfaenger-mit-led-lichtern-geschenke-fuer-jungen-und-maedchen-im-innen-und-aussenbereich\/\" \/>\n<meta property=\"og:site_name\" content=\"EasyLifeBro\" \/>\n<meta property=\"article:modified_time\" content=\"2026-02-27T05:26:45+00:00\" \/>\n<meta property=\"og:image\" content=\"https:\/\/images-na.ssl-images-amazon.com\/images\/G\/01\/x-locale\/common\/grey-pixel.gif\" \/>\n<meta name=\"twitter:card\" content=\"summary_large_image\" \/>\n<meta name=\"twitter:label1\" content=\"Gesch\u00e4tzte Lesezeit\" \/>\n\t<meta name=\"twitter:data1\" content=\"2\u00a0Minuten\" \/>\n<script type=\"application\/ld+json\" class=\"yoast-schema-graph\">{\"@context\":\"https:\\\/\\\/schema.org\",\"@graph\":[{\"@type\":\"WebPage\",\"@id\":\"https:\\\/\\\/easyliferobo.com\\\/de\\\/product\\\/mini-drohne-fuer-kinderspielzeug-ab-6-7-8-9-10-jahren-jungen-rc-flugzeug-spielzeugdrohne-fuer-kinder-und-anfaenger-mit-led-lichtern-geschenke-fuer-jungen-und-maedchen-im-innen-und-aussenbereich\\\/\",\"url\":\"https:\\\/\\\/easyliferobo.com\\\/de\\\/product\\\/mini-drohne-fuer-kinderspielzeug-ab-6-7-8-9-10-jahren-jungen-rc-flugzeug-spielzeugdrohne-fuer-kinder-und-anfaenger-mit-led-lichtern-geschenke-fuer-jungen-und-maedchen-im-innen-und-aussenbereich\\\/\",\"name\":\"Mini-Drohne f\u00fcr Kinderspielzeug ab 6 7 8 9 10+ Jahren Jungen, RC-Flugzeug-Spielzeugdrohne f\u00fcr Kinder und Anf\u00e4nger mit LED-Lichtern, Geschenke f\u00fcr Jungen und M\u00e4dchen im Innen- und Au\u00dfenbereich - EasyLifeBro\",\"isPartOf\":{\"@id\":\"https:\\\/\\\/easyliferobo.com\\\/de\\\/#website\"},\"primaryImageOfPage\":{\"@id\":\"https:\\\/\\\/easyliferobo.com\\\/de\\\/product\\\/mini-drohne-fuer-kinderspielzeug-ab-6-7-8-9-10-jahren-jungen-rc-flugzeug-spielzeugdrohne-fuer-kinder-und-anfaenger-mit-led-lichtern-geschenke-fuer-jungen-und-maedchen-im-innen-und-aussenbereich\\\/#primaryimage\"},\"image\":{\"@id\":\"https:\\\/\\\/easyliferobo.com\\\/de\\\/product\\\/mini-drohne-fuer-kinderspielzeug-ab-6-7-8-9-10-jahren-jungen-rc-flugzeug-spielzeugdrohne-fuer-kinder-und-anfaenger-mit-led-lichtern-geschenke-fuer-jungen-und-maedchen-im-innen-und-aussenbereich\\\/#primaryimage\"},\"thumbnailUrl\":\"https:\\\/\\\/easyliferobo.com\\\/de\\\/wp-content\\\/uploads\\\/2026\\\/02\\\/71bif92zgxL._AC_SL1500_.jpg\",\"datePublished\":\"2026-02-27T05:26:31+00:00\",\"dateModified\":\"2026-02-27T05:26:45+00:00\",\"description\":\"Entdecken Sie smarte Roboter f\u00fcr Zuhause, Garten, Bildung und Sicherheit. Vergleichen Sie Saugroboter, Rasenm\u00e4hroboter, KI-Begleitroboter und mehr bei EasyLifeRobo.\",\"breadcrumb\":{\"@id\":\"https:\\\/\\\/easyliferobo.com\\\/de\\\/product\\\/mini-drohne-fuer-kinderspielzeug-ab-6-7-8-9-10-jahren-jungen-rc-flugzeug-spielzeugdrohne-fuer-kinder-und-anfaenger-mit-led-lichtern-geschenke-fuer-jungen-und-maedchen-im-innen-und-aussenbereich\\\/#breadcrumb\"},\"inLanguage\":\"de\",\"potentialAction\":[{\"@type\":\"ReadAction\",\"target\":[\"https:\\\/\\\/easyliferobo.com\\\/de\\\/product\\\/mini-drohne-fuer-kinderspielzeug-ab-6-7-8-9-10-jahren-jungen-rc-flugzeug-spielzeugdrohne-fuer-kinder-und-anfaenger-mit-led-lichtern-geschenke-fuer-jungen-und-maedchen-im-innen-und-aussenbereich\\\/\"]}]},{\"@type\":\"ImageObject\",\"inLanguage\":\"de\",\"@id\":\"https:\\\/\\\/easyliferobo.com\\\/de\\\/product\\\/mini-drohne-fuer-kinderspielzeug-ab-6-7-8-9-10-jahren-jungen-rc-flugzeug-spielzeugdrohne-fuer-kinder-und-anfaenger-mit-led-lichtern-geschenke-fuer-jungen-und-maedchen-im-innen-und-aussenbereich\\\/#primaryimage\",\"url\":\"https:\\\/\\\/easyliferobo.com\\\/de\\\/wp-content\\\/uploads\\\/2026\\\/02\\\/71bif92zgxL._AC_SL1500_.jpg\",\"contentUrl\":\"https:\\\/\\\/easyliferobo.com\\\/de\\\/wp-content\\\/uploads\\\/2026\\\/02\\\/71bif92zgxL._AC_SL1500_.jpg\",\"width\":1500,\"height\":1500},{\"@type\":\"BreadcrumbList\",\"@id\":\"https:\\\/\\\/easyliferobo.com\\\/de\\\/product\\\/mini-drohne-fuer-kinderspielzeug-ab-6-7-8-9-10-jahren-jungen-rc-flugzeug-spielzeugdrohne-fuer-kinder-und-anfaenger-mit-led-lichtern-geschenke-fuer-jungen-und-maedchen-im-innen-und-aussenbereich\\\/#breadcrumb\",\"itemListElement\":[{\"@type\":\"ListItem\",\"position\":1,\"name\":\"Home\",\"item\":\"https:\\\/\\\/easyliferobo.com\\\/de\\\/\"},{\"@type\":\"ListItem\",\"position\":2,\"name\":\"Shop\",\"item\":\"https:\\\/\\\/easyliferobo.com\\\/de\\\/shop\\\/\"},{\"@type\":\"ListItem\",\"position\":3,\"name\":\"Mini-Drohne f\u00fcr Kinderspielzeug ab...\"}]},{\"@type\":\"WebSite\",\"@id\":\"https:\\\/\\\/easyliferobo.com\\\/de\\\/#website\",\"url\":\"https:\\\/\\\/easyliferobo.com\\\/de\\\/\",\"name\":\"EasyLifeBro\",\"description\":\"Smarte Roboter f\u00fcr Zuhause, Garten &amp; Bildung\",\"publisher\":{\"@id\":\"https:\\\/\\\/easyliferobo.com\\\/de\\\/#organization\"},\"potentialAction\":[{\"@type\":\"SearchAction\",\"target\":{\"@type\":\"EntryPoint\",\"urlTemplate\":\"https:\\\/\\\/easyliferobo.com\\\/de\\\/?s={search_term_string}\"},\"query-input\":{\"@type\":\"PropertyValueSpecification\",\"valueRequired\":true,\"valueName\":\"search_term_string\"}}],\"inLanguage\":\"de\"},{\"@type\":\"Organization\",\"@id\":\"https:\\\/\\\/easyliferobo.com\\\/de\\\/#organization\",\"name\":\"EasyLifeBro\",\"url\":\"https:\\\/\\\/easyliferobo.com\\\/de\\\/\",\"logo\":{\"@type\":\"ImageObject\",\"inLanguage\":\"de\",\"@id\":\"https:\\\/\\\/easyliferobo.com\\\/de\\\/#\\\/schema\\\/logo\\\/image\\\/\",\"url\":\"https:\\\/\\\/easyliferobo.com\\\/de\\\/wp-content\\\/uploads\\\/2026\\\/02\\\/Screenshot-2026-02-22-at-2.25.03-PM.png\",\"contentUrl\":\"https:\\\/\\\/easyliferobo.com\\\/de\\\/wp-content\\\/uploads\\\/2026\\\/02\\\/Screenshot-2026-02-22-at-2.25.03-PM.png\",\"width\":1858,\"height\":430,\"caption\":\"EasyLifeBro\"},\"image\":{\"@id\":\"https:\\\/\\\/easyliferobo.com\\\/de\\\/#\\\/schema\\\/logo\\\/image\\\/\"}}]}<\/script>\n<!-- \/ Yoast SEO plugin. -->","yoast_head_json":{"title":"Mini-Drohne f\u00fcr Kinderspielzeug ab 6 7 8 9 10+ Jahren Jungen, RC-Flugzeug-Spielzeugdrohne f\u00fcr Kinder und Anf\u00e4nger mit LED-Lichtern, Geschenke f\u00fcr Jungen und M\u00e4dchen im Innen- und Au\u00dfenbereich - EasyLifeBro","description":"Entdecken Sie smarte Roboter f\u00fcr Zuhause, Garten, Bildung und Sicherheit. Vergleichen Sie Saugroboter, Rasenm\u00e4hroboter, KI-Begleitroboter und mehr bei EasyLifeRobo.","robots":{"index":"index","follow":"follow","max-snippet":"max-snippet:-1","max-image-preview":"max-image-preview:large","max-video-preview":"max-video-preview:-1"},"canonical":"https:\/\/easyliferobo.com\/de\/product\/mini-drohne-fuer-kinderspielzeug-ab-6-7-8-9-10-jahren-jungen-rc-flugzeug-spielzeugdrohne-fuer-kinder-und-anfaenger-mit-led-lichtern-geschenke-fuer-jungen-und-maedchen-im-innen-und-aussenbereich\/","og_locale":"de_DE","og_type":"article","og_title":"Mini-Drohne f\u00fcr Kinderspielzeug ab 6 7 8 9 10+ Jahren Jungen, RC-Flugzeug-Spielzeugdrohne f\u00fcr Kinder und Anf\u00e4nger mit LED-Lichtern, Geschenke f\u00fcr Jungen und M\u00e4dchen im Innen- und Au\u00dfenbereich - EasyLifeBro","og_description":"Entdecken Sie smarte Roboter f\u00fcr Zuhause, Garten, Bildung und Sicherheit. Vergleichen Sie Saugroboter, Rasenm\u00e4hroboter, KI-Begleitroboter und mehr bei EasyLifeRobo.","og_url":"https:\/\/easyliferobo.com\/de\/product\/mini-drohne-fuer-kinderspielzeug-ab-6-7-8-9-10-jahren-jungen-rc-flugzeug-spielzeugdrohne-fuer-kinder-und-anfaenger-mit-led-lichtern-geschenke-fuer-jungen-und-maedchen-im-innen-und-aussenbereich\/","og_site_name":"EasyLifeBro","article_modified_time":"2026-02-27T05:26:45+00:00","og_image":[{"url":"https:\/\/images-na.ssl-images-amazon.com\/images\/G\/01\/x-locale\/common\/grey-pixel.gif","type":"","width":"","height":""}],"twitter_card":"summary_large_image","twitter_misc":{"Gesch\u00e4tzte Lesezeit":"2\u00a0Minuten"},"schema":{"@context":"https:\/\/schema.org","@graph":[{"@type":"WebPage","@id":"https:\/\/easyliferobo.com\/de\/product\/mini-drohne-fuer-kinderspielzeug-ab-6-7-8-9-10-jahren-jungen-rc-flugzeug-spielzeugdrohne-fuer-kinder-und-anfaenger-mit-led-lichtern-geschenke-fuer-jungen-und-maedchen-im-innen-und-aussenbereich\/","url":"https:\/\/easyliferobo.com\/de\/product\/mini-drohne-fuer-kinderspielzeug-ab-6-7-8-9-10-jahren-jungen-rc-flugzeug-spielzeugdrohne-fuer-kinder-und-anfaenger-mit-led-lichtern-geschenke-fuer-jungen-und-maedchen-im-innen-und-aussenbereich\/","name":"Mini-Drohne f\u00fcr Kinderspielzeug ab 6 7 8 9 10+ Jahren Jungen, RC-Flugzeug-Spielzeugdrohne f\u00fcr Kinder und Anf\u00e4nger mit LED-Lichtern, Geschenke f\u00fcr Jungen und M\u00e4dchen im Innen- und Au\u00dfenbereich - EasyLifeBro","isPartOf":{"@id":"https:\/\/easyliferobo.com\/de\/#website"},"primaryImageOfPage":{"@id":"https:\/\/easyliferobo.com\/de\/product\/mini-drohne-fuer-kinderspielzeug-ab-6-7-8-9-10-jahren-jungen-rc-flugzeug-spielzeugdrohne-fuer-kinder-und-anfaenger-mit-led-lichtern-geschenke-fuer-jungen-und-maedchen-im-innen-und-aussenbereich\/#primaryimage"},"image":{"@id":"https:\/\/easyliferobo.com\/de\/product\/mini-drohne-fuer-kinderspielzeug-ab-6-7-8-9-10-jahren-jungen-rc-flugzeug-spielzeugdrohne-fuer-kinder-und-anfaenger-mit-led-lichtern-geschenke-fuer-jungen-und-maedchen-im-innen-und-aussenbereich\/#primaryimage"},"thumbnailUrl":"https:\/\/easyliferobo.com\/de\/wp-content\/uploads\/2026\/02\/71bif92zgxL._AC_SL1500_.jpg","datePublished":"2026-02-27T05:26:31+00:00","dateModified":"2026-02-27T05:26:45+00:00","description":"Entdecken Sie smarte Roboter f\u00fcr Zuhause, Garten, Bildung und Sicherheit. Vergleichen Sie Saugroboter, Rasenm\u00e4hroboter, KI-Begleitroboter und mehr bei EasyLifeRobo.","breadcrumb":{"@id":"https:\/\/easyliferobo.com\/de\/product\/mini-drohne-fuer-kinderspielzeug-ab-6-7-8-9-10-jahren-jungen-rc-flugzeug-spielzeugdrohne-fuer-kinder-und-anfaenger-mit-led-lichtern-geschenke-fuer-jungen-und-maedchen-im-innen-und-aussenbereich\/#breadcrumb"},"inLanguage":"de","potentialAction":[{"@type":"ReadAction","target":["https:\/\/easyliferobo.com\/de\/product\/mini-drohne-fuer-kinderspielzeug-ab-6-7-8-9-10-jahren-jungen-rc-flugzeug-spielzeugdrohne-fuer-kinder-und-anfaenger-mit-led-lichtern-geschenke-fuer-jungen-und-maedchen-im-innen-und-aussenbereich\/"]}]},{"@type":"ImageObject","inLanguage":"de","@id":"https:\/\/easyliferobo.com\/de\/product\/mini-drohne-fuer-kinderspielzeug-ab-6-7-8-9-10-jahren-jungen-rc-flugzeug-spielzeugdrohne-fuer-kinder-und-anfaenger-mit-led-lichtern-geschenke-fuer-jungen-und-maedchen-im-innen-und-aussenbereich\/#primaryimage","url":"https:\/\/easyliferobo.com\/de\/wp-content\/uploads\/2026\/02\/71bif92zgxL._AC_SL1500_.jpg","contentUrl":"https:\/\/easyliferobo.com\/de\/wp-content\/uploads\/2026\/02\/71bif92zgxL._AC_SL1500_.jpg","width":1500,"height":1500},{"@type":"BreadcrumbList","@id":"https:\/\/easyliferobo.com\/de\/product\/mini-drohne-fuer-kinderspielzeug-ab-6-7-8-9-10-jahren-jungen-rc-flugzeug-spielzeugdrohne-fuer-kinder-und-anfaenger-mit-led-lichtern-geschenke-fuer-jungen-und-maedchen-im-innen-und-aussenbereich\/#breadcrumb","itemListElement":[{"@type":"ListItem","position":1,"name":"Home","item":"https:\/\/easyliferobo.com\/de\/"},{"@type":"ListItem","position":2,"name":"Shop","item":"https:\/\/easyliferobo.com\/de\/shop\/"},{"@type":"ListItem","position":3,"name":"Mini-Drohne f\u00fcr Kinderspielzeug ab..."}]},{"@type":"WebSite","@id":"https:\/\/easyliferobo.com\/de\/#website","url":"https:\/\/easyliferobo.com\/de\/","name":"EasyLifeBro","description":"Smarte Roboter f\u00fcr Zuhause, Garten &amp; Bildung","publisher":{"@id":"https:\/\/easyliferobo.com\/de\/#organization"},"potentialAction":[{"@type":"SearchAction","target":{"@type":"EntryPoint","urlTemplate":"https:\/\/easyliferobo.com\/de\/?s={search_term_string}"},"query-input":{"@type":"PropertyValueSpecification","valueRequired":true,"valueName":"search_term_string"}}],"inLanguage":"de"},{"@type":"Organization","@id":"https:\/\/easyliferobo.com\/de\/#organization","name":"EasyLifeBro","url":"https:\/\/easyliferobo.com\/de\/","logo":{"@type":"ImageObject","inLanguage":"de","@id":"https:\/\/easyliferobo.com\/de\/#\/schema\/logo\/image\/","url":"https:\/\/easyliferobo.com\/de\/wp-content\/uploads\/2026\/02\/Screenshot-2026-02-22-at-2.25.03-PM.png","contentUrl":"https:\/\/easyliferobo.com\/de\/wp-content\/uploads\/2026\/02\/Screenshot-2026-02-22-at-2.25.03-PM.png","width":1858,"height":430,"caption":"EasyLifeBro"},"image":{"@id":"https:\/\/easyliferobo.com\/de\/#\/schema\/logo\/image\/"}}]}},"_links":{"self":[{"href":"https:\/\/easyliferobo.com\/de\/wp-json\/wp\/v2\/product\/2877","targetHints":{"allow":["GET"]}}],"collection":[{"href":"https:\/\/easyliferobo.com\/de\/wp-json\/wp\/v2\/product"}],"about":[{"href":"https:\/\/easyliferobo.com\/de\/wp-json\/wp\/v2\/types\/product"}],"replies":[{"embeddable":true,"href":"https:\/\/easyliferobo.com\/de\/wp-json\/wp\/v2\/comments?post=2877"}],"wp:featuredmedia":[{"embeddable":true,"href":"https:\/\/easyliferobo.com\/de\/wp-json\/wp\/v2\/media\/2878"}],"wp:attachment":[{"href":"https:\/\/easyliferobo.com\/de\/wp-json\/wp\/v2\/media?parent=2877"}],"wp:term":[{"taxonomy":"store","embeddable":true,"href":"https:\/\/easyliferobo.com\/de\/wp-json\/wp\/v2\/store?post=2877"},{"taxonomy":"product_brand","embeddable":true,"href":"https:\/\/easyliferobo.com\/de\/wp-json\/wp\/v2\/product_brand?post=2877"},{"taxonomy":"product_cat","embeddable":true,"href":"https:\/\/easyliferobo.com\/de\/wp-json\/wp\/v2\/product_cat?post=2877"},{"taxonomy":"product_tag","embeddable":true,"href":"https:\/\/easyliferobo.com\/de\/wp-json\/wp\/v2\/product_tag?post=2877"}],"curies":[{"name":"wp","href":"https:\/\/api.w.org\/{rel}","templated":true}]}}