
{"id":2852,"date":"2026-02-27T05:21:32","date_gmt":"2026-02-27T05:21:32","guid":{"rendered":"https:\/\/easyliferobo.com\/de\/product\/schlaganfall-rehabilitationsgeraete-roboter-handmassagegeraete-fuer-arthritis-mit-einstellbaren-trainingsmodi-und-fingerbeugungsuebungen-groesse-m-farbe-linke-hand\/"},"modified":"2026-02-27T05:21:47","modified_gmt":"2026-02-27T05:21:47","slug":"schlaganfall-rehabilitationsgeraete-roboter-handmassagegeraete-fuer-arthritis-mit-einstellbaren-trainingsmodi-und-fingerbeugungsuebungen-groesse-m-farbe-linke-hand","status":"publish","type":"product","link":"https:\/\/easyliferobo.com\/de\/product\/schlaganfall-rehabilitationsgeraete-roboter-handmassagegeraete-fuer-arthritis-mit-einstellbaren-trainingsmodi-und-fingerbeugungsuebungen-groesse-m-farbe-linke-hand\/","title":{"rendered":"Schlaganfall-Rehabilitationsger\u00e4te..."},"content":{"rendered":"<p>    <span>1.Produktspezifikationen: <br \/>Name: Reha-Trainingshandschuhe. <br \/>Farbe: orange Farbe. <br \/>Gewicht: 1 kg. <br \/>Bedienung: einstellbare Trainingszeit, einfache Steuerung, selbstst\u00e4ndiges Training. <br \/>2. Produkt-Highlights: <br \/>Fortschrittliche Schlaganfall-Rehabilitationstechnologie, Schmerzmanagement und verbesserte Durchblutung, leicht und tragbar, mehrere Trainingsmodi <br \/>Warum sollten Sie sich f\u00fcr diesen Reha-Roboterhandschuh entscheiden? Beschleunigen Sie die Genesung. Sein innovatives Design, seine Tragbarkeit und seine zahlreichen Trainingsmodi machen es zu einem Muss f\u00fcr alle, die eine effektive und bequeme Rehabilitation zu Hause suchen. <\/span><br \/>Umfassende Optimierung: Nach der Analyse vieler Produkte haben wir diesen Rehabilitationshandschuh f\u00fcr Schlaganfallpatienten zur Erholung von Handfunktionsst\u00f6rungen verbessert und bieten eine umfassende L\u00f6sung f\u00fcr die Handbehandlung und Schmerzbehandlung. Es ist mit einem Ersatz-Luftpumpenmotor mit starker Leistung ausgestattet, um eine langfristig hohe Leistung und einen stabilen Betrieb sowie einen stabilen Betriebsbetrieb und einen stabilen Betriebsbetrieb zu gew\u00e4hrleisten<br \/>Merkmale von kabellosen Spiegelhandschuhen: Mehrere Trainingsmodi, kabellose Spiegelhandschuhe k\u00f6nnen eine synchrone Bewegung zwischen gesunden H\u00e4nden und betroffenen H\u00e4nden erreichen, Gehirnneuronen stimulieren und die Genesung beschleunigen. Es kann auch ein fingerorientiertes Training durchgef\u00fchrt werden, das die Umgestaltung der Gehirnfunktion f\u00f6rdern und die Wiederherstellung der Handfunktion beschleunigen kann<br \/>Intelligentes Design: Der intelligente Touchscreen (HD-Display) verwendet intelligente Chips und kann streng gesteuert werden. Mit benutzerfreundlichen Bedienelementen und einstellbaren Trainingszeiten, drei Befehlsmodi, Start- und Stopptasten, sensibler Reaktion und stabilem Betrieb, sanftem Training ohne Verletzungen der H\u00e4nde<br \/>Bequem und schnell: Die Ein-Knopf-Einstellung ist einfach zu bedienen. Auch \u00e4ltere Nutzer k\u00f6nnen ohne die Unterst\u00fctzung von Profis selbstst\u00e4ndig Rehabilitations\u00fcbungen durchf\u00fchren. Die Bedienung ist einfach und ein direkter Zugriff per Knopfdruck m\u00f6glich. Dar\u00fcber hinaus ist dieser Handschuh einfach zu tragen und bequem f\u00fcr den Heimgebrauch. Es eignet sich sehr gut f\u00fcr Patienten, die nicht h\u00e4ufig ins Rehabilitationszentrum gehen k\u00f6nnen<br \/>Bedeutende Ergebnisse: Das Konfrontationstraining verbessert die Handflexibilit\u00e4t und Muskelkraft, die Umgestaltung des Ged\u00e4chtnisses stimuliert den Griff des Fingergriffs und stimuliert die Verbindung zwischen Gehirn und Hand durch Strecken der Faust, um den Effekt der Linderung von Steifheit zu erzielen, ahmt den Handgarten nach und stimuliert die Bewegungen der Hand, stimuliert die Handsteifheit und f\u00f6rdert die Durchblutung und f\u00f6rdert die Durchblutung<\/p>\n<p>[ad_2]<\/p>\n","protected":false},"excerpt":{"rendered":"<p>1.Produktspezifikationen: Name: Reha-Trainingshandschuhe. Farbe: orange Farbe. Gewicht: 1 kg. Bedienung: einstellbare Trainingszeit, einfache Steuerung, selbstst\u00e4ndiges Training. 2. Produkt-Highlights: Fortschrittliche Schlaganfall-Rehabilitationstechnologie, Schmerzmanagement und verbesserte Durchblutung, leicht und tragbar, mehrere Trainingsmodi Warum sollten Sie sich f\u00fcr diesen Reha-Roboterhandschuh entscheiden? Beschleunigen Sie die Genesung. Sein innovatives Design, seine Tragbarkeit und seine zahlreichen Trainingsmodi machen es zu einem Muss [&hellip;]<\/p>\n","protected":false},"featured_media":2853,"comment_status":"open","ping_status":"closed","template":"","meta":{"_aipt_faq_data":""},"store":[],"product_brand":[415],"product_cat":[109],"product_tag":[264],"class_list":{"0":"post-2852","1":"product","2":"type-product","3":"status-publish","4":"has-post-thumbnail","6":"product_brand-sjmdmzd","7":"product_cat-therapieroboter","8":"product_tag-intelligente-therapieroboter-geraete","10":"first","11":"instock","12":"shipping-taxable","13":"product-type-external"},"yoast_head":"<!-- This site is optimized with the Yoast SEO plugin v27.0 - https:\/\/yoast.com\/product\/yoast-seo-wordpress\/ -->\n<title>Schlaganfall-Rehabilitationsger\u00e4te, Roboter-Handmassageger\u00e4te f\u00fcr Arthritis mit einstellbaren Trainingsmodi und Fingerbeugungs\u00fcbungen (Gr\u00f6\u00dfe: M, Farbe: Linke Hand) - EasyLifeBro<\/title>\n<meta name=\"description\" content=\"Entdecken Sie smarte Roboter f\u00fcr Zuhause, Garten, Bildung und Sicherheit. Vergleichen Sie Saugroboter, Rasenm\u00e4hroboter, KI-Begleitroboter und mehr bei EasyLifeRobo.\" \/>\n<meta name=\"robots\" content=\"index, follow, max-snippet:-1, max-image-preview:large, max-video-preview:-1\" \/>\n<link rel=\"canonical\" href=\"https:\/\/easyliferobo.com\/de\/product\/schlaganfall-rehabilitationsgeraete-roboter-handmassagegeraete-fuer-arthritis-mit-einstellbaren-trainingsmodi-und-fingerbeugungsuebungen-groesse-m-farbe-linke-hand\/\" \/>\n<meta property=\"og:locale\" content=\"de_DE\" \/>\n<meta property=\"og:type\" content=\"article\" \/>\n<meta property=\"og:title\" content=\"Schlaganfall-Rehabilitationsger\u00e4te, Roboter-Handmassageger\u00e4te f\u00fcr Arthritis mit einstellbaren Trainingsmodi und Fingerbeugungs\u00fcbungen (Gr\u00f6\u00dfe: M, Farbe: Linke Hand) - EasyLifeBro\" \/>\n<meta property=\"og:description\" content=\"Entdecken Sie smarte Roboter f\u00fcr Zuhause, Garten, Bildung und Sicherheit. Vergleichen Sie Saugroboter, Rasenm\u00e4hroboter, KI-Begleitroboter und mehr bei EasyLifeRobo.\" \/>\n<meta property=\"og:url\" content=\"https:\/\/easyliferobo.com\/de\/product\/schlaganfall-rehabilitationsgeraete-roboter-handmassagegeraete-fuer-arthritis-mit-einstellbaren-trainingsmodi-und-fingerbeugungsuebungen-groesse-m-farbe-linke-hand\/\" \/>\n<meta property=\"og:site_name\" content=\"EasyLifeBro\" \/>\n<meta property=\"article:modified_time\" content=\"2026-02-27T05:21:47+00:00\" \/>\n<meta name=\"twitter:card\" content=\"summary_large_image\" \/>\n<meta name=\"twitter:label1\" content=\"Gesch\u00e4tzte Lesezeit\" \/>\n\t<meta name=\"twitter:data1\" content=\"2\u00a0Minuten\" \/>\n<script type=\"application\/ld+json\" class=\"yoast-schema-graph\">{\"@context\":\"https:\/\/schema.org\",\"@graph\":[{\"@type\":\"WebPage\",\"@id\":\"https:\/\/easyliferobo.com\/de\/product\/schlaganfall-rehabilitationsgeraete-roboter-handmassagegeraete-fuer-arthritis-mit-einstellbaren-trainingsmodi-und-fingerbeugungsuebungen-groesse-m-farbe-linke-hand\/\",\"url\":\"https:\/\/easyliferobo.com\/de\/product\/schlaganfall-rehabilitationsgeraete-roboter-handmassagegeraete-fuer-arthritis-mit-einstellbaren-trainingsmodi-und-fingerbeugungsuebungen-groesse-m-farbe-linke-hand\/\",\"name\":\"Schlaganfall-Rehabilitationsger\u00e4te, Roboter-Handmassageger\u00e4te f\u00fcr Arthritis mit einstellbaren Trainingsmodi und Fingerbeugungs\u00fcbungen (Gr\u00f6\u00dfe: M, Farbe: Linke Hand) - EasyLifeBro\",\"isPartOf\":{\"@id\":\"https:\/\/easyliferobo.com\/de\/#website\"},\"primaryImageOfPage\":{\"@id\":\"https:\/\/easyliferobo.com\/de\/product\/schlaganfall-rehabilitationsgeraete-roboter-handmassagegeraete-fuer-arthritis-mit-einstellbaren-trainingsmodi-und-fingerbeugungsuebungen-groesse-m-farbe-linke-hand\/#primaryimage\"},\"image\":{\"@id\":\"https:\/\/easyliferobo.com\/de\/product\/schlaganfall-rehabilitationsgeraete-roboter-handmassagegeraete-fuer-arthritis-mit-einstellbaren-trainingsmodi-und-fingerbeugungsuebungen-groesse-m-farbe-linke-hand\/#primaryimage\"},\"thumbnailUrl\":\"https:\/\/easyliferobo.com\/de\/wp-content\/uploads\/2026\/02\/61ARV9vffBL._AC_SL1001_.jpg\",\"datePublished\":\"2026-02-27T05:21:32+00:00\",\"dateModified\":\"2026-02-27T05:21:47+00:00\",\"description\":\"Entdecken Sie smarte Roboter f\u00fcr Zuhause, Garten, Bildung und Sicherheit. Vergleichen Sie Saugroboter, Rasenm\u00e4hroboter, KI-Begleitroboter und mehr bei EasyLifeRobo.\",\"breadcrumb\":{\"@id\":\"https:\/\/easyliferobo.com\/de\/product\/schlaganfall-rehabilitationsgeraete-roboter-handmassagegeraete-fuer-arthritis-mit-einstellbaren-trainingsmodi-und-fingerbeugungsuebungen-groesse-m-farbe-linke-hand\/#breadcrumb\"},\"inLanguage\":\"de\",\"potentialAction\":[{\"@type\":\"ReadAction\",\"target\":[\"https:\/\/easyliferobo.com\/de\/product\/schlaganfall-rehabilitationsgeraete-roboter-handmassagegeraete-fuer-arthritis-mit-einstellbaren-trainingsmodi-und-fingerbeugungsuebungen-groesse-m-farbe-linke-hand\/\"]}]},{\"@type\":\"ImageObject\",\"inLanguage\":\"de\",\"@id\":\"https:\/\/easyliferobo.com\/de\/product\/schlaganfall-rehabilitationsgeraete-roboter-handmassagegeraete-fuer-arthritis-mit-einstellbaren-trainingsmodi-und-fingerbeugungsuebungen-groesse-m-farbe-linke-hand\/#primaryimage\",\"url\":\"https:\/\/easyliferobo.com\/de\/wp-content\/uploads\/2026\/02\/61ARV9vffBL._AC_SL1001_.jpg\",\"contentUrl\":\"https:\/\/easyliferobo.com\/de\/wp-content\/uploads\/2026\/02\/61ARV9vffBL._AC_SL1001_.jpg\",\"width\":986,\"height\":928},{\"@type\":\"BreadcrumbList\",\"@id\":\"https:\/\/easyliferobo.com\/de\/product\/schlaganfall-rehabilitationsgeraete-roboter-handmassagegeraete-fuer-arthritis-mit-einstellbaren-trainingsmodi-und-fingerbeugungsuebungen-groesse-m-farbe-linke-hand\/#breadcrumb\",\"itemListElement\":[{\"@type\":\"ListItem\",\"position\":1,\"name\":\"Home\",\"item\":\"https:\/\/easyliferobo.com\/de\/\"},{\"@type\":\"ListItem\",\"position\":2,\"name\":\"Shop\",\"item\":\"https:\/\/easyliferobo.com\/de\/shop\/\"},{\"@type\":\"ListItem\",\"position\":3,\"name\":\"Schlaganfall-Rehabilitationsger\u00e4te...\"}]},{\"@type\":\"WebSite\",\"@id\":\"https:\/\/easyliferobo.com\/de\/#website\",\"url\":\"https:\/\/easyliferobo.com\/de\/\",\"name\":\"EasyLifeBro\",\"description\":\"Smarte Roboter f\u00fcr Zuhause, Garten &amp; Bildung\",\"publisher\":{\"@id\":\"https:\/\/easyliferobo.com\/de\/#organization\"},\"potentialAction\":[{\"@type\":\"SearchAction\",\"target\":{\"@type\":\"EntryPoint\",\"urlTemplate\":\"https:\/\/easyliferobo.com\/de\/?s={search_term_string}\"},\"query-input\":{\"@type\":\"PropertyValueSpecification\",\"valueRequired\":true,\"valueName\":\"search_term_string\"}}],\"inLanguage\":\"de\"},{\"@type\":\"Organization\",\"@id\":\"https:\/\/easyliferobo.com\/de\/#organization\",\"name\":\"EasyLifeBro\",\"url\":\"https:\/\/easyliferobo.com\/de\/\",\"logo\":{\"@type\":\"ImageObject\",\"inLanguage\":\"de\",\"@id\":\"https:\/\/easyliferobo.com\/de\/#\/schema\/logo\/image\/\",\"url\":\"https:\/\/easyliferobo.com\/de\/wp-content\/uploads\/2026\/02\/Screenshot-2026-02-22-at-2.25.03-PM.png\",\"contentUrl\":\"https:\/\/easyliferobo.com\/de\/wp-content\/uploads\/2026\/02\/Screenshot-2026-02-22-at-2.25.03-PM.png\",\"width\":1858,\"height\":430,\"caption\":\"EasyLifeBro\"},\"image\":{\"@id\":\"https:\/\/easyliferobo.com\/de\/#\/schema\/logo\/image\/\"}}]}<\/script>\n<!-- \/ Yoast SEO plugin. -->","yoast_head_json":{"title":"Schlaganfall-Rehabilitationsger\u00e4te, Roboter-Handmassageger\u00e4te f\u00fcr Arthritis mit einstellbaren Trainingsmodi und Fingerbeugungs\u00fcbungen (Gr\u00f6\u00dfe: M, Farbe: Linke Hand) - EasyLifeBro","description":"Entdecken Sie smarte Roboter f\u00fcr Zuhause, Garten, Bildung und Sicherheit. Vergleichen Sie Saugroboter, Rasenm\u00e4hroboter, KI-Begleitroboter und mehr bei EasyLifeRobo.","robots":{"index":"index","follow":"follow","max-snippet":"max-snippet:-1","max-image-preview":"max-image-preview:large","max-video-preview":"max-video-preview:-1"},"canonical":"https:\/\/easyliferobo.com\/de\/product\/schlaganfall-rehabilitationsgeraete-roboter-handmassagegeraete-fuer-arthritis-mit-einstellbaren-trainingsmodi-und-fingerbeugungsuebungen-groesse-m-farbe-linke-hand\/","og_locale":"de_DE","og_type":"article","og_title":"Schlaganfall-Rehabilitationsger\u00e4te, Roboter-Handmassageger\u00e4te f\u00fcr Arthritis mit einstellbaren Trainingsmodi und Fingerbeugungs\u00fcbungen (Gr\u00f6\u00dfe: M, Farbe: Linke Hand) - EasyLifeBro","og_description":"Entdecken Sie smarte Roboter f\u00fcr Zuhause, Garten, Bildung und Sicherheit. Vergleichen Sie Saugroboter, Rasenm\u00e4hroboter, KI-Begleitroboter und mehr bei EasyLifeRobo.","og_url":"https:\/\/easyliferobo.com\/de\/product\/schlaganfall-rehabilitationsgeraete-roboter-handmassagegeraete-fuer-arthritis-mit-einstellbaren-trainingsmodi-und-fingerbeugungsuebungen-groesse-m-farbe-linke-hand\/","og_site_name":"EasyLifeBro","article_modified_time":"2026-02-27T05:21:47+00:00","twitter_card":"summary_large_image","twitter_misc":{"Gesch\u00e4tzte Lesezeit":"2\u00a0Minuten"},"schema":{"@context":"https:\/\/schema.org","@graph":[{"@type":"WebPage","@id":"https:\/\/easyliferobo.com\/de\/product\/schlaganfall-rehabilitationsgeraete-roboter-handmassagegeraete-fuer-arthritis-mit-einstellbaren-trainingsmodi-und-fingerbeugungsuebungen-groesse-m-farbe-linke-hand\/","url":"https:\/\/easyliferobo.com\/de\/product\/schlaganfall-rehabilitationsgeraete-roboter-handmassagegeraete-fuer-arthritis-mit-einstellbaren-trainingsmodi-und-fingerbeugungsuebungen-groesse-m-farbe-linke-hand\/","name":"Schlaganfall-Rehabilitationsger\u00e4te, Roboter-Handmassageger\u00e4te f\u00fcr Arthritis mit einstellbaren Trainingsmodi und Fingerbeugungs\u00fcbungen (Gr\u00f6\u00dfe: M, Farbe: Linke Hand) - EasyLifeBro","isPartOf":{"@id":"https:\/\/easyliferobo.com\/de\/#website"},"primaryImageOfPage":{"@id":"https:\/\/easyliferobo.com\/de\/product\/schlaganfall-rehabilitationsgeraete-roboter-handmassagegeraete-fuer-arthritis-mit-einstellbaren-trainingsmodi-und-fingerbeugungsuebungen-groesse-m-farbe-linke-hand\/#primaryimage"},"image":{"@id":"https:\/\/easyliferobo.com\/de\/product\/schlaganfall-rehabilitationsgeraete-roboter-handmassagegeraete-fuer-arthritis-mit-einstellbaren-trainingsmodi-und-fingerbeugungsuebungen-groesse-m-farbe-linke-hand\/#primaryimage"},"thumbnailUrl":"https:\/\/easyliferobo.com\/de\/wp-content\/uploads\/2026\/02\/61ARV9vffBL._AC_SL1001_.jpg","datePublished":"2026-02-27T05:21:32+00:00","dateModified":"2026-02-27T05:21:47+00:00","description":"Entdecken Sie smarte Roboter f\u00fcr Zuhause, Garten, Bildung und Sicherheit. Vergleichen Sie Saugroboter, Rasenm\u00e4hroboter, KI-Begleitroboter und mehr bei EasyLifeRobo.","breadcrumb":{"@id":"https:\/\/easyliferobo.com\/de\/product\/schlaganfall-rehabilitationsgeraete-roboter-handmassagegeraete-fuer-arthritis-mit-einstellbaren-trainingsmodi-und-fingerbeugungsuebungen-groesse-m-farbe-linke-hand\/#breadcrumb"},"inLanguage":"de","potentialAction":[{"@type":"ReadAction","target":["https:\/\/easyliferobo.com\/de\/product\/schlaganfall-rehabilitationsgeraete-roboter-handmassagegeraete-fuer-arthritis-mit-einstellbaren-trainingsmodi-und-fingerbeugungsuebungen-groesse-m-farbe-linke-hand\/"]}]},{"@type":"ImageObject","inLanguage":"de","@id":"https:\/\/easyliferobo.com\/de\/product\/schlaganfall-rehabilitationsgeraete-roboter-handmassagegeraete-fuer-arthritis-mit-einstellbaren-trainingsmodi-und-fingerbeugungsuebungen-groesse-m-farbe-linke-hand\/#primaryimage","url":"https:\/\/easyliferobo.com\/de\/wp-content\/uploads\/2026\/02\/61ARV9vffBL._AC_SL1001_.jpg","contentUrl":"https:\/\/easyliferobo.com\/de\/wp-content\/uploads\/2026\/02\/61ARV9vffBL._AC_SL1001_.jpg","width":986,"height":928},{"@type":"BreadcrumbList","@id":"https:\/\/easyliferobo.com\/de\/product\/schlaganfall-rehabilitationsgeraete-roboter-handmassagegeraete-fuer-arthritis-mit-einstellbaren-trainingsmodi-und-fingerbeugungsuebungen-groesse-m-farbe-linke-hand\/#breadcrumb","itemListElement":[{"@type":"ListItem","position":1,"name":"Home","item":"https:\/\/easyliferobo.com\/de\/"},{"@type":"ListItem","position":2,"name":"Shop","item":"https:\/\/easyliferobo.com\/de\/shop\/"},{"@type":"ListItem","position":3,"name":"Schlaganfall-Rehabilitationsger\u00e4te..."}]},{"@type":"WebSite","@id":"https:\/\/easyliferobo.com\/de\/#website","url":"https:\/\/easyliferobo.com\/de\/","name":"EasyLifeBro","description":"Smarte Roboter f\u00fcr Zuhause, Garten &amp; Bildung","publisher":{"@id":"https:\/\/easyliferobo.com\/de\/#organization"},"potentialAction":[{"@type":"SearchAction","target":{"@type":"EntryPoint","urlTemplate":"https:\/\/easyliferobo.com\/de\/?s={search_term_string}"},"query-input":{"@type":"PropertyValueSpecification","valueRequired":true,"valueName":"search_term_string"}}],"inLanguage":"de"},{"@type":"Organization","@id":"https:\/\/easyliferobo.com\/de\/#organization","name":"EasyLifeBro","url":"https:\/\/easyliferobo.com\/de\/","logo":{"@type":"ImageObject","inLanguage":"de","@id":"https:\/\/easyliferobo.com\/de\/#\/schema\/logo\/image\/","url":"https:\/\/easyliferobo.com\/de\/wp-content\/uploads\/2026\/02\/Screenshot-2026-02-22-at-2.25.03-PM.png","contentUrl":"https:\/\/easyliferobo.com\/de\/wp-content\/uploads\/2026\/02\/Screenshot-2026-02-22-at-2.25.03-PM.png","width":1858,"height":430,"caption":"EasyLifeBro"},"image":{"@id":"https:\/\/easyliferobo.com\/de\/#\/schema\/logo\/image\/"}}]}},"_links":{"self":[{"href":"https:\/\/easyliferobo.com\/de\/wp-json\/wp\/v2\/product\/2852","targetHints":{"allow":["GET"]}}],"collection":[{"href":"https:\/\/easyliferobo.com\/de\/wp-json\/wp\/v2\/product"}],"about":[{"href":"https:\/\/easyliferobo.com\/de\/wp-json\/wp\/v2\/types\/product"}],"replies":[{"embeddable":true,"href":"https:\/\/easyliferobo.com\/de\/wp-json\/wp\/v2\/comments?post=2852"}],"wp:featuredmedia":[{"embeddable":true,"href":"https:\/\/easyliferobo.com\/de\/wp-json\/wp\/v2\/media\/2853"}],"wp:attachment":[{"href":"https:\/\/easyliferobo.com\/de\/wp-json\/wp\/v2\/media?parent=2852"}],"wp:term":[{"taxonomy":"store","embeddable":true,"href":"https:\/\/easyliferobo.com\/de\/wp-json\/wp\/v2\/store?post=2852"},{"taxonomy":"product_brand","embeddable":true,"href":"https:\/\/easyliferobo.com\/de\/wp-json\/wp\/v2\/product_brand?post=2852"},{"taxonomy":"product_cat","embeddable":true,"href":"https:\/\/easyliferobo.com\/de\/wp-json\/wp\/v2\/product_cat?post=2852"},{"taxonomy":"product_tag","embeddable":true,"href":"https:\/\/easyliferobo.com\/de\/wp-json\/wp\/v2\/product_tag?post=2852"}],"curies":[{"name":"wp","href":"https:\/\/api.w.org\/{rel}","templated":true}]}}