
{"id":2838,"date":"2026-02-27T05:17:10","date_gmt":"2026-02-27T05:17:10","guid":{"rendered":"https:\/\/easyliferobo.com\/de\/product\/remoking-intelligentes-roboter-kinderspielzeug-interaktives-roboter-lernspielzeug-geschenke-fuer-jungen-und-maedchen-touch-steuerung-sprachaufzeichnung-sprachaufzeichnung-sprechen-tanzen-musik-3\/"},"modified":"2026-02-27T05:17:23","modified_gmt":"2026-02-27T05:17:23","slug":"remoking-intelligentes-roboter-kinderspielzeug-interaktives-roboter-lernspielzeug-geschenke-fuer-jungen-und-maedchen-touch-steuerung-sprachaufzeichnung-sprachaufzeichnung-sprechen-tanzen-musik-3","status":"publish","type":"product","link":"https:\/\/easyliferobo.com\/de\/product\/remoking-intelligentes-roboter-kinderspielzeug-interaktives-roboter-lernspielzeug-geschenke-fuer-jungen-und-maedchen-touch-steuerung-sprachaufzeichnung-sprachaufzeichnung-sprechen-tanzen-musik-3\/","title":{"rendered":"REMOKING Intelligentes Roboter-Kind..."},"content":{"rendered":"<p>\n                                             Von der Marke   <\/p>\n<p>                                              <img decoding=\"async\" alt=\"Spielzeug\" src=\"https:\/\/images-na.ssl-images-amazon.com\/images\/G\/01\/x-locale\/common\/grey-pixel.gif\" class=\"a-lazy-loaded\" data-src=\"https:\/\/m.media-amazon.com\/images\/S\/aplus-media-library-service-media\/0819f5b7-b3c5-44be-9eaf-af0427c09e0c.__CR0,0,1464,625_PT0_SX1464_V1___.jpg\"><img decoding=\"async\" alt=\"Spielzeug\" src=\"https:\/\/m.media-amazon.com\/images\/S\/aplus-media-library-service-media\/0819f5b7-b3c5-44be-9eaf-af0427c09e0c.__CR0,0,1464,625_PT0_SX1464_V1___.jpg\">  <\/p>\n<h3>  Rollenspielspielzeug f\u00fcr Kinder <\/h3>\n<h3>  Vorschulspielzeug <\/h3>\n<h3>  RC-Spielzeug <\/h3>\n<h3>  Spielzeug f\u00fcr Babys und Kleinkinder <\/h3>\n<p>Roboterspielzeug: Roboter mit LED-Augen, kann singen, tanzen. Leicht zu transportieren, sodass Sie \u00fcberall spielen k\u00f6nnen.<br \/>Touch-Steuerung und Sprachsteuerung: Der Roboter kann vorw\u00e4rts und r\u00fcckw\u00e4rts gehen, nach links und rechts drehen, wenn Sie die Ber\u00fchrungspunkte dr\u00fccken. Sie k\u00f6nnen den Roboter bestellen, wenn sich der Roboter im sprachgesteuerten Modus befindet. Der Roboter reagiert entsprechend auf Ihren Befehl.<br \/>Sprachaufzeichnung: Der Roboter verf\u00fcgt \u00fcber einen Aufnahmemodus. Ihre Stimme und Ihr Lachen k\u00f6nnen jederzeit aufgezeichnet und abgespielt werden. Halten Sie Ihr Gl\u00fcck fest und teilen Sie es. Es macht mehr Spa\u00df, mit Ihrem Partner zu spielen.<br \/>Wiederholen: Dr\u00fccken Sie lange auf den oberen Ber\u00fchrungspunkt, um in den Wiederholungsmodus f\u00fcr Stimmen zu wechseln. Dieses coole Roboterspielzeug f\u00fcr Kinder kann alles wiederholen, was Sie sagen. Ermutigen Sie Ihr Baby, es auszusprechen. Sowohl lehrreich als auch unterhaltsam!<br \/>Ideales Geschenk und sichere Materialien: Hergestellt aus hochwertigem ABS-Kunststoff, langlebig, ungiftig und geschmacksneutral. Die Oberfl\u00e4che ist glatt und schadet Kindern beim Spielen nicht. Ideales Geburtstagsgeschenk, Weihnachtsgeschenk.<\/p>\n<p>[ad_2]<\/p>\n","protected":false},"excerpt":{"rendered":"<p>Von der Marke Rollenspielspielzeug f\u00fcr Kinder Vorschulspielzeug RC-Spielzeug Spielzeug f\u00fcr Babys und Kleinkinder Roboterspielzeug: Roboter mit LED-Augen, kann singen, tanzen. Leicht zu transportieren, sodass Sie \u00fcberall spielen k\u00f6nnen.Touch-Steuerung und Sprachsteuerung: Der Roboter kann vorw\u00e4rts und r\u00fcckw\u00e4rts gehen, nach links und rechts drehen, wenn Sie die Ber\u00fchrungspunkte dr\u00fccken. Sie k\u00f6nnen den Roboter bestellen, wenn sich der [&hellip;]<\/p>\n","protected":false},"featured_media":2839,"comment_status":"open","ping_status":"closed","template":"","meta":{"_aipt_faq_data":""},"store":[],"product_brand":[],"product_cat":[111],"product_tag":[311],"class_list":{"0":"post-2838","1":"product","2":"type-product","3":"status-publish","4":"has-post-thumbnail","6":"product_cat-pflegeassistenz-roboter","7":"product_tag-pflegeassistenz-roboter-mit-sprachsteuerung","9":"first","10":"instock","11":"shipping-taxable","12":"product-type-external"},"yoast_head":"<!-- This site is optimized with the Yoast SEO plugin v27.0 - https:\/\/yoast.com\/product\/yoast-seo-wordpress\/ -->\n<title>REMOKING Intelligentes Roboter-Kinderspielzeug, interaktives Roboter-Lernspielzeug, Geschenke f\u00fcr Jungen und M\u00e4dchen, Touch-Steuerung, Sprachaufzeichnung, Sprachaufzeichnung, Sprechen, Tanzen, Musik, Gr\u00fcn - EasyLifeBro<\/title>\n<meta name=\"description\" content=\"Entdecken Sie smarte Roboter f\u00fcr Zuhause, Garten, Bildung und Sicherheit. Vergleichen Sie Saugroboter, Rasenm\u00e4hroboter, KI-Begleitroboter und mehr bei EasyLifeRobo.\" \/>\n<meta name=\"robots\" content=\"index, follow, max-snippet:-1, max-image-preview:large, max-video-preview:-1\" \/>\n<link rel=\"canonical\" href=\"https:\/\/easyliferobo.com\/de\/product\/remoking-intelligentes-roboter-kinderspielzeug-interaktives-roboter-lernspielzeug-geschenke-fuer-jungen-und-maedchen-touch-steuerung-sprachaufzeichnung-sprachaufzeichnung-sprechen-tanzen-musik-3\/\" \/>\n<meta property=\"og:locale\" content=\"de_DE\" \/>\n<meta property=\"og:type\" content=\"article\" \/>\n<meta property=\"og:title\" content=\"REMOKING Intelligentes Roboter-Kinderspielzeug, interaktives Roboter-Lernspielzeug, Geschenke f\u00fcr Jungen und M\u00e4dchen, Touch-Steuerung, Sprachaufzeichnung, Sprachaufzeichnung, Sprechen, Tanzen, Musik, Gr\u00fcn - EasyLifeBro\" \/>\n<meta property=\"og:description\" content=\"Entdecken Sie smarte Roboter f\u00fcr Zuhause, Garten, Bildung und Sicherheit. Vergleichen Sie Saugroboter, Rasenm\u00e4hroboter, KI-Begleitroboter und mehr bei EasyLifeRobo.\" \/>\n<meta property=\"og:url\" content=\"https:\/\/easyliferobo.com\/de\/product\/remoking-intelligentes-roboter-kinderspielzeug-interaktives-roboter-lernspielzeug-geschenke-fuer-jungen-und-maedchen-touch-steuerung-sprachaufzeichnung-sprachaufzeichnung-sprechen-tanzen-musik-3\/\" \/>\n<meta property=\"og:site_name\" content=\"EasyLifeBro\" \/>\n<meta property=\"article:modified_time\" content=\"2026-02-27T05:17:23+00:00\" \/>\n<meta property=\"og:image\" content=\"https:\/\/images-na.ssl-images-amazon.com\/images\/G\/01\/x-locale\/common\/grey-pixel.gif\" \/>\n<meta name=\"twitter:card\" content=\"summary_large_image\" \/>\n<meta name=\"twitter:label1\" content=\"Gesch\u00e4tzte Lesezeit\" \/>\n\t<meta name=\"twitter:data1\" content=\"1\u00a0Minute\" \/>\n<script type=\"application\/ld+json\" class=\"yoast-schema-graph\">{\"@context\":\"https:\/\/schema.org\",\"@graph\":[{\"@type\":\"WebPage\",\"@id\":\"https:\/\/easyliferobo.com\/de\/product\/remoking-intelligentes-roboter-kinderspielzeug-interaktives-roboter-lernspielzeug-geschenke-fuer-jungen-und-maedchen-touch-steuerung-sprachaufzeichnung-sprachaufzeichnung-sprechen-tanzen-musik-3\/\",\"url\":\"https:\/\/easyliferobo.com\/de\/product\/remoking-intelligentes-roboter-kinderspielzeug-interaktives-roboter-lernspielzeug-geschenke-fuer-jungen-und-maedchen-touch-steuerung-sprachaufzeichnung-sprachaufzeichnung-sprechen-tanzen-musik-3\/\",\"name\":\"REMOKING Intelligentes Roboter-Kinderspielzeug, interaktives Roboter-Lernspielzeug, Geschenke f\u00fcr Jungen und M\u00e4dchen, Touch-Steuerung, Sprachaufzeichnung, Sprachaufzeichnung, Sprechen, Tanzen, Musik, Gr\u00fcn - EasyLifeBro\",\"isPartOf\":{\"@id\":\"https:\/\/easyliferobo.com\/de\/#website\"},\"primaryImageOfPage\":{\"@id\":\"https:\/\/easyliferobo.com\/de\/product\/remoking-intelligentes-roboter-kinderspielzeug-interaktives-roboter-lernspielzeug-geschenke-fuer-jungen-und-maedchen-touch-steuerung-sprachaufzeichnung-sprachaufzeichnung-sprechen-tanzen-musik-3\/#primaryimage\"},\"image\":{\"@id\":\"https:\/\/easyliferobo.com\/de\/product\/remoking-intelligentes-roboter-kinderspielzeug-interaktives-roboter-lernspielzeug-geschenke-fuer-jungen-und-maedchen-touch-steuerung-sprachaufzeichnung-sprachaufzeichnung-sprechen-tanzen-musik-3\/#primaryimage\"},\"thumbnailUrl\":\"https:\/\/easyliferobo.com\/de\/wp-content\/uploads\/2026\/02\/61RZLfGHDJL._AC_SL1200_.jpg\",\"datePublished\":\"2026-02-27T05:17:10+00:00\",\"dateModified\":\"2026-02-27T05:17:23+00:00\",\"description\":\"Entdecken Sie smarte Roboter f\u00fcr Zuhause, Garten, Bildung und Sicherheit. Vergleichen Sie Saugroboter, Rasenm\u00e4hroboter, KI-Begleitroboter und mehr bei EasyLifeRobo.\",\"breadcrumb\":{\"@id\":\"https:\/\/easyliferobo.com\/de\/product\/remoking-intelligentes-roboter-kinderspielzeug-interaktives-roboter-lernspielzeug-geschenke-fuer-jungen-und-maedchen-touch-steuerung-sprachaufzeichnung-sprachaufzeichnung-sprechen-tanzen-musik-3\/#breadcrumb\"},\"inLanguage\":\"de\",\"potentialAction\":[{\"@type\":\"ReadAction\",\"target\":[\"https:\/\/easyliferobo.com\/de\/product\/remoking-intelligentes-roboter-kinderspielzeug-interaktives-roboter-lernspielzeug-geschenke-fuer-jungen-und-maedchen-touch-steuerung-sprachaufzeichnung-sprachaufzeichnung-sprechen-tanzen-musik-3\/\"]}]},{\"@type\":\"ImageObject\",\"inLanguage\":\"de\",\"@id\":\"https:\/\/easyliferobo.com\/de\/product\/remoking-intelligentes-roboter-kinderspielzeug-interaktives-roboter-lernspielzeug-geschenke-fuer-jungen-und-maedchen-touch-steuerung-sprachaufzeichnung-sprachaufzeichnung-sprechen-tanzen-musik-3\/#primaryimage\",\"url\":\"https:\/\/easyliferobo.com\/de\/wp-content\/uploads\/2026\/02\/61RZLfGHDJL._AC_SL1200_.jpg\",\"contentUrl\":\"https:\/\/easyliferobo.com\/de\/wp-content\/uploads\/2026\/02\/61RZLfGHDJL._AC_SL1200_.jpg\",\"width\":926,\"height\":1116},{\"@type\":\"BreadcrumbList\",\"@id\":\"https:\/\/easyliferobo.com\/de\/product\/remoking-intelligentes-roboter-kinderspielzeug-interaktives-roboter-lernspielzeug-geschenke-fuer-jungen-und-maedchen-touch-steuerung-sprachaufzeichnung-sprachaufzeichnung-sprechen-tanzen-musik-3\/#breadcrumb\",\"itemListElement\":[{\"@type\":\"ListItem\",\"position\":1,\"name\":\"Home\",\"item\":\"https:\/\/easyliferobo.com\/de\/\"},{\"@type\":\"ListItem\",\"position\":2,\"name\":\"Shop\",\"item\":\"https:\/\/easyliferobo.com\/de\/shop\/\"},{\"@type\":\"ListItem\",\"position\":3,\"name\":\"REMOKING Intelligentes Roboter-Kind...\"}]},{\"@type\":\"WebSite\",\"@id\":\"https:\/\/easyliferobo.com\/de\/#website\",\"url\":\"https:\/\/easyliferobo.com\/de\/\",\"name\":\"EasyLifeBro\",\"description\":\"Smarte Roboter f\u00fcr Zuhause, Garten &amp; Bildung\",\"publisher\":{\"@id\":\"https:\/\/easyliferobo.com\/de\/#organization\"},\"potentialAction\":[{\"@type\":\"SearchAction\",\"target\":{\"@type\":\"EntryPoint\",\"urlTemplate\":\"https:\/\/easyliferobo.com\/de\/?s={search_term_string}\"},\"query-input\":{\"@type\":\"PropertyValueSpecification\",\"valueRequired\":true,\"valueName\":\"search_term_string\"}}],\"inLanguage\":\"de\"},{\"@type\":\"Organization\",\"@id\":\"https:\/\/easyliferobo.com\/de\/#organization\",\"name\":\"EasyLifeBro\",\"url\":\"https:\/\/easyliferobo.com\/de\/\",\"logo\":{\"@type\":\"ImageObject\",\"inLanguage\":\"de\",\"@id\":\"https:\/\/easyliferobo.com\/de\/#\/schema\/logo\/image\/\",\"url\":\"https:\/\/easyliferobo.com\/de\/wp-content\/uploads\/2026\/02\/Screenshot-2026-02-22-at-2.25.03-PM.png\",\"contentUrl\":\"https:\/\/easyliferobo.com\/de\/wp-content\/uploads\/2026\/02\/Screenshot-2026-02-22-at-2.25.03-PM.png\",\"width\":1858,\"height\":430,\"caption\":\"EasyLifeBro\"},\"image\":{\"@id\":\"https:\/\/easyliferobo.com\/de\/#\/schema\/logo\/image\/\"}}]}<\/script>\n<!-- \/ Yoast SEO plugin. -->","yoast_head_json":{"title":"REMOKING Intelligentes Roboter-Kinderspielzeug, interaktives Roboter-Lernspielzeug, Geschenke f\u00fcr Jungen und M\u00e4dchen, Touch-Steuerung, Sprachaufzeichnung, Sprachaufzeichnung, Sprechen, Tanzen, Musik, Gr\u00fcn - EasyLifeBro","description":"Entdecken Sie smarte Roboter f\u00fcr Zuhause, Garten, Bildung und Sicherheit. Vergleichen Sie Saugroboter, Rasenm\u00e4hroboter, KI-Begleitroboter und mehr bei EasyLifeRobo.","robots":{"index":"index","follow":"follow","max-snippet":"max-snippet:-1","max-image-preview":"max-image-preview:large","max-video-preview":"max-video-preview:-1"},"canonical":"https:\/\/easyliferobo.com\/de\/product\/remoking-intelligentes-roboter-kinderspielzeug-interaktives-roboter-lernspielzeug-geschenke-fuer-jungen-und-maedchen-touch-steuerung-sprachaufzeichnung-sprachaufzeichnung-sprechen-tanzen-musik-3\/","og_locale":"de_DE","og_type":"article","og_title":"REMOKING Intelligentes Roboter-Kinderspielzeug, interaktives Roboter-Lernspielzeug, Geschenke f\u00fcr Jungen und M\u00e4dchen, Touch-Steuerung, Sprachaufzeichnung, Sprachaufzeichnung, Sprechen, Tanzen, Musik, Gr\u00fcn - EasyLifeBro","og_description":"Entdecken Sie smarte Roboter f\u00fcr Zuhause, Garten, Bildung und Sicherheit. Vergleichen Sie Saugroboter, Rasenm\u00e4hroboter, KI-Begleitroboter und mehr bei EasyLifeRobo.","og_url":"https:\/\/easyliferobo.com\/de\/product\/remoking-intelligentes-roboter-kinderspielzeug-interaktives-roboter-lernspielzeug-geschenke-fuer-jungen-und-maedchen-touch-steuerung-sprachaufzeichnung-sprachaufzeichnung-sprechen-tanzen-musik-3\/","og_site_name":"EasyLifeBro","article_modified_time":"2026-02-27T05:17:23+00:00","og_image":[{"url":"https:\/\/images-na.ssl-images-amazon.com\/images\/G\/01\/x-locale\/common\/grey-pixel.gif","type":"","width":"","height":""}],"twitter_card":"summary_large_image","twitter_misc":{"Gesch\u00e4tzte Lesezeit":"1\u00a0Minute"},"schema":{"@context":"https:\/\/schema.org","@graph":[{"@type":"WebPage","@id":"https:\/\/easyliferobo.com\/de\/product\/remoking-intelligentes-roboter-kinderspielzeug-interaktives-roboter-lernspielzeug-geschenke-fuer-jungen-und-maedchen-touch-steuerung-sprachaufzeichnung-sprachaufzeichnung-sprechen-tanzen-musik-3\/","url":"https:\/\/easyliferobo.com\/de\/product\/remoking-intelligentes-roboter-kinderspielzeug-interaktives-roboter-lernspielzeug-geschenke-fuer-jungen-und-maedchen-touch-steuerung-sprachaufzeichnung-sprachaufzeichnung-sprechen-tanzen-musik-3\/","name":"REMOKING Intelligentes Roboter-Kinderspielzeug, interaktives Roboter-Lernspielzeug, Geschenke f\u00fcr Jungen und M\u00e4dchen, Touch-Steuerung, Sprachaufzeichnung, Sprachaufzeichnung, Sprechen, Tanzen, Musik, Gr\u00fcn - EasyLifeBro","isPartOf":{"@id":"https:\/\/easyliferobo.com\/de\/#website"},"primaryImageOfPage":{"@id":"https:\/\/easyliferobo.com\/de\/product\/remoking-intelligentes-roboter-kinderspielzeug-interaktives-roboter-lernspielzeug-geschenke-fuer-jungen-und-maedchen-touch-steuerung-sprachaufzeichnung-sprachaufzeichnung-sprechen-tanzen-musik-3\/#primaryimage"},"image":{"@id":"https:\/\/easyliferobo.com\/de\/product\/remoking-intelligentes-roboter-kinderspielzeug-interaktives-roboter-lernspielzeug-geschenke-fuer-jungen-und-maedchen-touch-steuerung-sprachaufzeichnung-sprachaufzeichnung-sprechen-tanzen-musik-3\/#primaryimage"},"thumbnailUrl":"https:\/\/easyliferobo.com\/de\/wp-content\/uploads\/2026\/02\/61RZLfGHDJL._AC_SL1200_.jpg","datePublished":"2026-02-27T05:17:10+00:00","dateModified":"2026-02-27T05:17:23+00:00","description":"Entdecken Sie smarte Roboter f\u00fcr Zuhause, Garten, Bildung und Sicherheit. Vergleichen Sie Saugroboter, Rasenm\u00e4hroboter, KI-Begleitroboter und mehr bei EasyLifeRobo.","breadcrumb":{"@id":"https:\/\/easyliferobo.com\/de\/product\/remoking-intelligentes-roboter-kinderspielzeug-interaktives-roboter-lernspielzeug-geschenke-fuer-jungen-und-maedchen-touch-steuerung-sprachaufzeichnung-sprachaufzeichnung-sprechen-tanzen-musik-3\/#breadcrumb"},"inLanguage":"de","potentialAction":[{"@type":"ReadAction","target":["https:\/\/easyliferobo.com\/de\/product\/remoking-intelligentes-roboter-kinderspielzeug-interaktives-roboter-lernspielzeug-geschenke-fuer-jungen-und-maedchen-touch-steuerung-sprachaufzeichnung-sprachaufzeichnung-sprechen-tanzen-musik-3\/"]}]},{"@type":"ImageObject","inLanguage":"de","@id":"https:\/\/easyliferobo.com\/de\/product\/remoking-intelligentes-roboter-kinderspielzeug-interaktives-roboter-lernspielzeug-geschenke-fuer-jungen-und-maedchen-touch-steuerung-sprachaufzeichnung-sprachaufzeichnung-sprechen-tanzen-musik-3\/#primaryimage","url":"https:\/\/easyliferobo.com\/de\/wp-content\/uploads\/2026\/02\/61RZLfGHDJL._AC_SL1200_.jpg","contentUrl":"https:\/\/easyliferobo.com\/de\/wp-content\/uploads\/2026\/02\/61RZLfGHDJL._AC_SL1200_.jpg","width":926,"height":1116},{"@type":"BreadcrumbList","@id":"https:\/\/easyliferobo.com\/de\/product\/remoking-intelligentes-roboter-kinderspielzeug-interaktives-roboter-lernspielzeug-geschenke-fuer-jungen-und-maedchen-touch-steuerung-sprachaufzeichnung-sprachaufzeichnung-sprechen-tanzen-musik-3\/#breadcrumb","itemListElement":[{"@type":"ListItem","position":1,"name":"Home","item":"https:\/\/easyliferobo.com\/de\/"},{"@type":"ListItem","position":2,"name":"Shop","item":"https:\/\/easyliferobo.com\/de\/shop\/"},{"@type":"ListItem","position":3,"name":"REMOKING Intelligentes Roboter-Kind..."}]},{"@type":"WebSite","@id":"https:\/\/easyliferobo.com\/de\/#website","url":"https:\/\/easyliferobo.com\/de\/","name":"EasyLifeBro","description":"Smarte Roboter f\u00fcr Zuhause, Garten &amp; Bildung","publisher":{"@id":"https:\/\/easyliferobo.com\/de\/#organization"},"potentialAction":[{"@type":"SearchAction","target":{"@type":"EntryPoint","urlTemplate":"https:\/\/easyliferobo.com\/de\/?s={search_term_string}"},"query-input":{"@type":"PropertyValueSpecification","valueRequired":true,"valueName":"search_term_string"}}],"inLanguage":"de"},{"@type":"Organization","@id":"https:\/\/easyliferobo.com\/de\/#organization","name":"EasyLifeBro","url":"https:\/\/easyliferobo.com\/de\/","logo":{"@type":"ImageObject","inLanguage":"de","@id":"https:\/\/easyliferobo.com\/de\/#\/schema\/logo\/image\/","url":"https:\/\/easyliferobo.com\/de\/wp-content\/uploads\/2026\/02\/Screenshot-2026-02-22-at-2.25.03-PM.png","contentUrl":"https:\/\/easyliferobo.com\/de\/wp-content\/uploads\/2026\/02\/Screenshot-2026-02-22-at-2.25.03-PM.png","width":1858,"height":430,"caption":"EasyLifeBro"},"image":{"@id":"https:\/\/easyliferobo.com\/de\/#\/schema\/logo\/image\/"}}]}},"_links":{"self":[{"href":"https:\/\/easyliferobo.com\/de\/wp-json\/wp\/v2\/product\/2838","targetHints":{"allow":["GET"]}}],"collection":[{"href":"https:\/\/easyliferobo.com\/de\/wp-json\/wp\/v2\/product"}],"about":[{"href":"https:\/\/easyliferobo.com\/de\/wp-json\/wp\/v2\/types\/product"}],"replies":[{"embeddable":true,"href":"https:\/\/easyliferobo.com\/de\/wp-json\/wp\/v2\/comments?post=2838"}],"wp:featuredmedia":[{"embeddable":true,"href":"https:\/\/easyliferobo.com\/de\/wp-json\/wp\/v2\/media\/2839"}],"wp:attachment":[{"href":"https:\/\/easyliferobo.com\/de\/wp-json\/wp\/v2\/media?parent=2838"}],"wp:term":[{"taxonomy":"store","embeddable":true,"href":"https:\/\/easyliferobo.com\/de\/wp-json\/wp\/v2\/store?post=2838"},{"taxonomy":"product_brand","embeddable":true,"href":"https:\/\/easyliferobo.com\/de\/wp-json\/wp\/v2\/product_brand?post=2838"},{"taxonomy":"product_cat","embeddable":true,"href":"https:\/\/easyliferobo.com\/de\/wp-json\/wp\/v2\/product_cat?post=2838"},{"taxonomy":"product_tag","embeddable":true,"href":"https:\/\/easyliferobo.com\/de\/wp-json\/wp\/v2\/product_tag?post=2838"}],"curies":[{"name":"wp","href":"https:\/\/api.w.org\/{rel}","templated":true}]}}