
{"id":2828,"date":"2026-02-27T05:15:41","date_gmt":"2026-02-27T05:15:41","guid":{"rendered":"https:\/\/easyliferobo.com\/de\/product\/luqeeg-bewegliche-haustierkamera-autoaufladung-und-verfolgung-menschlicher-haustiererkennung-zwei-wege-audio-videoaufzeichnung-mobiler-indoor-ueberwachungsroboter-fuer-hunde-katzen-kinder\/"},"modified":"2026-02-27T05:15:58","modified_gmt":"2026-02-27T05:15:58","slug":"luqeeg-bewegliche-haustierkamera-autoaufladung-und-verfolgung-menschlicher-haustiererkennung-zwei-wege-audio-videoaufzeichnung-mobiler-indoor-ueberwachungsroboter-fuer-hunde-katzen-kinder","status":"publish","type":"product","link":"https:\/\/easyliferobo.com\/de\/product\/luqeeg-bewegliche-haustierkamera-autoaufladung-und-verfolgung-menschlicher-haustiererkennung-zwei-wege-audio-videoaufzeichnung-mobiler-indoor-ueberwachungsroboter-fuer-hunde-katzen-kinder\/","title":{"rendered":"Luqeeg Bewegliche Haustierkamera, A..."},"content":{"rendered":"<p>    <span>Spezifikation: <br \/>Artikeltyp: bewegliche PET-Kamera. <br \/>Gr\u00f6\u00dfe: ca. 110 x 100 x 95 mm \/ 4,33 x 3,94 x 3,74 Zoll. <br \/>Bildschirm: 12 Arten der Emoticon-Anzeige. <br \/>Software: Unterst\u00fctzung f\u00fcr die Tuya-App. <br \/>Kleine Speicherkartenerweiterung: \u2264 512G. <br \/>Netzwerkprotokoll: 2,4G 5G Mobilkamera (BT Single Mode + 2,4G WiFi + 5GWIFI B1, B3, B4 Modus + 2,4G. F\u00fcr Ingenic T32NQ <br \/>Sensorinformationen: Passend f\u00fcr CV2003 <br \/>Schl\u00fcssel: Netzschalter, Reset-Taste. <br \/>Kameraspezifikation: Fokussierl\u00e4nge: ca. 3,11 mm \/ 0,12 Zoll \u00b1 5 %. <br \/>Pixel: 2 MP. <br \/>Kameraweitwinkel: H (horizontal) 121\u00b0, V (vertikal) 60\u00b0, D (diagonal) 154\u00b0. <br \/>Fotospezifikationen: HD 1920 x 1080, SD 640 x 360. <br \/>Videospezifikationen: 1920 x 1080, 15 FPS, H.265. <br \/>Wiedergabe: HD 1920 x 1080. <br \/>Algorithmus mit geringer Latenz: unterst\u00fctzt. <br \/>Kompensation der Bildunterbrechung: unterst\u00fctzt. <br \/>Datenschutzmodus: unterst\u00fctzt. <br \/>Fokussierentfernung: ca. 60 cm \/ 23,6 Zoll. <br \/>PET-Erkennung: Unterst\u00fctzt Erkennung und Verfolgung. <br \/>Erkennung des menschlichen K\u00f6rpers: Fremde k\u00f6nnen Erinnerungen ausl\u00f6sen. Einfarbiges Licht steuerbar <br \/>Batteriekapazit\u00e4t: 2600 mAh Li-Ionen-Akku. <br \/>Empfangsentfernung: ca. 8 m. <br \/>Anzahl der Lautsprecher\/Leistung: 8 Ohm\/1 W. <br \/>Fernbedienung: Unterst\u00fctzung <br \/>Geh\u00e4usematerial: ABS <br \/>Bewegungserkennung: unterst\u00fctzt. <br \/>Shake-System verhindern, unterst\u00fctzen, verhindern Algorithmus. 15\u00b0. <br \/>Kollisionsverhinderungsfunktion: Infrarotkollision verhindern. M3 <br \/>Gewicht: ca. 585 g. <br \/>Paketliste: <br \/>1 * Roboterkamera <br \/>1 * Basis <br \/>1 x Bedienungsanleitung (evtl. nicht in deutscher Sprache). <br \/>1 * Zubeh\u00f6r <br \/>Notiz: <br \/>Enth\u00e4lt keine Speicherkarte. <br \/><\/span>    <br \/>Mobile 360\u00b0-\u00dcberwachung des gesamten Hauses: Dieser intelligente mobile Roboter verf\u00fcgt \u00fcber ein Raddesign, kann eine Verbindung zu 2,4\/5-GHz-WLAN herstellen und \u00fcber eine mobile Anwendung ferngesteuert werden. Kann um 360\u00b0 gedreht werden und ist nur 4,33 Zoll hoch, sodass Sie Ihre gesamte h\u00e4usliche Umgebung vollst\u00e4ndig inspizieren k\u00f6nnen. Verabschieden Sie sich von festen Perspektiven und blinden Flecken. Bietet Echtzeit\u00fcberwachung von 1080p, um sicherzustellen, dass Sie keinen Moment Ihrer Unterhaltung haben<br \/>Begleitung von Haustieren: Mobile Roboter k\u00f6nnen die Neugier von Haustieren wecken. Dieser Kameraroboter verf\u00fcgt \u00fcber viele interaktive Funktionen rund um Haustiere, darunter auch lustige Spiele, sodass Haustiere damit spielen k\u00f6nnen, auch wenn sie alleine zu Hause sind. Ausgestattet mit einem eingebauten Mikrofon und Lautsprecher f\u00fcr zwei T\u00f6ne. Es hilft beim Loslassen von Haustieren und stoppt sofort gef\u00e4hrliche Verhaltensweisen wie Streiche oder Vandalismus<br \/>Intelligente Bedienung und Statusbenachrichtigung: Diese intelligente PET-Kamera ist mit einer Bewegungserkennungsfunktion ausgestattet und sendet Anwendungsbenachrichtigungen, um Sie an Aktivit\u00e4ten Ihres Haustiers und verschiedene Situationen zu erinnern. Angetrieben von wiederaufladbaren Batterien kehrt es bei niedrigem Batteriestand automatisch \u00fcber die intelligente Infrarot-Scan-Sensortechnologie zur Ladestation zur\u00fcck, um sicherzustellen, dass es immer f\u00fcr den Ladevorgang vorbereitet ist<br \/>Videoaufzeichnung: Die Indoor-Verkehrskamera hat die Funktionen verbessert und liefert auch in v\u00f6llig dunkler Umgebung klare Schwarzwei\u00dfvideos, um sicherzustellen, dass keine spannenden Momente verpasst werden. Unterst\u00fctzt die lokale Speicherung, kann kontinuierlich Videos aufzeichnen und wiederholen und verf\u00fcgt \u00fcber eine Fotofunktion, um die sichere Aufbewahrung wichtiger Szenen zu gew\u00e4hrleisten<br \/>Multiszenario-Einsatz: Kann nicht nur als Hundekamera und Katzenkamera verwendet werden, sondern auch als Baby\u00fcberwachungsroboter und f\u00fcr \u00e4ltere Menschen, die sich zu Weihnachten oder Tierliebhabern freuen, kann er nahtlos in gemeinsamen Innenr\u00e4umen wie Wohnzimmern, B\u00fcros, Kinderg\u00e4rten und Tierpl\u00e4tzen eingesetzt werden. Senden Sie Echtzeit-Video- und Ton-Feedback direkt an Ihr Smartphone, sodass Sie sich jederzeit und \u00fcberall keine Sorgen machen m\u00fcssen<\/p>\n<p>[ad_2]<\/p>\n","protected":false},"excerpt":{"rendered":"<p>Spezifikation: Artikeltyp: bewegliche PET-Kamera. Gr\u00f6\u00dfe: ca. 110 x 100 x 95 mm \/ 4,33 x 3,94 x 3,74 Zoll. Bildschirm: 12 Arten der Emoticon-Anzeige. Software: Unterst\u00fctzung f\u00fcr die Tuya-App. Kleine Speicherkartenerweiterung: \u2264 512G. Netzwerkprotokoll: 2,4G 5G Mobilkamera (BT Single Mode + 2,4G WiFi + 5GWIFI B1, B3, B4 Modus + 2,4G. F\u00fcr Ingenic T32NQ Sensorinformationen: [&hellip;]<\/p>\n","protected":false},"featured_media":2829,"comment_status":"open","ping_status":"closed","template":"","meta":{"_aipt_faq_data":""},"store":[],"product_brand":[414],"product_cat":[113],"product_tag":[208],"class_list":{"0":"post-2828","1":"product","2":"type-product","3":"status-publish","4":"has-post-thumbnail","6":"product_brand-luqeeg","7":"product_cat-ueberwachungsroboter","8":"product_tag-mobile-ueberwachungsroboter-fuer-innenraeume","10":"first","11":"instock","12":"shipping-taxable","13":"product-type-external"},"yoast_head":"<!-- This site is optimized with the Yoast SEO plugin v27.0 - https:\/\/yoast.com\/product\/yoast-seo-wordpress\/ -->\n<title>Luqeeg Bewegliche Haustierkamera, Autoaufladung und Verfolgung menschlicher Haustiererkennung, Zwei-Wege-Audio-Videoaufzeichnung, mobiler Indoor-\u00dcberwachungsroboter f\u00fcr Hunde, Katzen, Kinder - EasyLifeBro<\/title>\n<meta name=\"description\" content=\"Entdecken Sie smarte Roboter f\u00fcr Zuhause, Garten, Bildung und Sicherheit. Vergleichen Sie Saugroboter, Rasenm\u00e4hroboter, KI-Begleitroboter und mehr bei EasyLifeRobo.\" \/>\n<meta name=\"robots\" content=\"index, follow, max-snippet:-1, max-image-preview:large, max-video-preview:-1\" \/>\n<link rel=\"canonical\" href=\"https:\/\/easyliferobo.com\/de\/product\/luqeeg-bewegliche-haustierkamera-autoaufladung-und-verfolgung-menschlicher-haustiererkennung-zwei-wege-audio-videoaufzeichnung-mobiler-indoor-ueberwachungsroboter-fuer-hunde-katzen-kinder\/\" \/>\n<meta property=\"og:locale\" content=\"de_DE\" \/>\n<meta property=\"og:type\" content=\"article\" \/>\n<meta property=\"og:title\" content=\"Luqeeg Bewegliche Haustierkamera, Autoaufladung und Verfolgung menschlicher Haustiererkennung, Zwei-Wege-Audio-Videoaufzeichnung, mobiler Indoor-\u00dcberwachungsroboter f\u00fcr Hunde, Katzen, Kinder - EasyLifeBro\" \/>\n<meta property=\"og:description\" content=\"Entdecken Sie smarte Roboter f\u00fcr Zuhause, Garten, Bildung und Sicherheit. Vergleichen Sie Saugroboter, Rasenm\u00e4hroboter, KI-Begleitroboter und mehr bei EasyLifeRobo.\" \/>\n<meta property=\"og:url\" content=\"https:\/\/easyliferobo.com\/de\/product\/luqeeg-bewegliche-haustierkamera-autoaufladung-und-verfolgung-menschlicher-haustiererkennung-zwei-wege-audio-videoaufzeichnung-mobiler-indoor-ueberwachungsroboter-fuer-hunde-katzen-kinder\/\" \/>\n<meta property=\"og:site_name\" content=\"EasyLifeBro\" \/>\n<meta property=\"article:modified_time\" content=\"2026-02-27T05:15:58+00:00\" \/>\n<meta name=\"twitter:card\" content=\"summary_large_image\" \/>\n<meta name=\"twitter:label1\" content=\"Gesch\u00e4tzte Lesezeit\" \/>\n\t<meta name=\"twitter:data1\" content=\"2\u00a0Minuten\" \/>\n<script type=\"application\/ld+json\" class=\"yoast-schema-graph\">{\"@context\":\"https:\/\/schema.org\",\"@graph\":[{\"@type\":\"WebPage\",\"@id\":\"https:\/\/easyliferobo.com\/de\/product\/luqeeg-bewegliche-haustierkamera-autoaufladung-und-verfolgung-menschlicher-haustiererkennung-zwei-wege-audio-videoaufzeichnung-mobiler-indoor-ueberwachungsroboter-fuer-hunde-katzen-kinder\/\",\"url\":\"https:\/\/easyliferobo.com\/de\/product\/luqeeg-bewegliche-haustierkamera-autoaufladung-und-verfolgung-menschlicher-haustiererkennung-zwei-wege-audio-videoaufzeichnung-mobiler-indoor-ueberwachungsroboter-fuer-hunde-katzen-kinder\/\",\"name\":\"Luqeeg Bewegliche Haustierkamera, Autoaufladung und Verfolgung menschlicher Haustiererkennung, Zwei-Wege-Audio-Videoaufzeichnung, mobiler Indoor-\u00dcberwachungsroboter f\u00fcr Hunde, Katzen, Kinder - EasyLifeBro\",\"isPartOf\":{\"@id\":\"https:\/\/easyliferobo.com\/de\/#website\"},\"primaryImageOfPage\":{\"@id\":\"https:\/\/easyliferobo.com\/de\/product\/luqeeg-bewegliche-haustierkamera-autoaufladung-und-verfolgung-menschlicher-haustiererkennung-zwei-wege-audio-videoaufzeichnung-mobiler-indoor-ueberwachungsroboter-fuer-hunde-katzen-kinder\/#primaryimage\"},\"image\":{\"@id\":\"https:\/\/easyliferobo.com\/de\/product\/luqeeg-bewegliche-haustierkamera-autoaufladung-und-verfolgung-menschlicher-haustiererkennung-zwei-wege-audio-videoaufzeichnung-mobiler-indoor-ueberwachungsroboter-fuer-hunde-katzen-kinder\/#primaryimage\"},\"thumbnailUrl\":\"https:\/\/easyliferobo.com\/de\/wp-content\/uploads\/2026\/02\/51bF4fNthmL._AC_SL1500_.jpg\",\"datePublished\":\"2026-02-27T05:15:41+00:00\",\"dateModified\":\"2026-02-27T05:15:58+00:00\",\"description\":\"Entdecken Sie smarte Roboter f\u00fcr Zuhause, Garten, Bildung und Sicherheit. Vergleichen Sie Saugroboter, Rasenm\u00e4hroboter, KI-Begleitroboter und mehr bei EasyLifeRobo.\",\"breadcrumb\":{\"@id\":\"https:\/\/easyliferobo.com\/de\/product\/luqeeg-bewegliche-haustierkamera-autoaufladung-und-verfolgung-menschlicher-haustiererkennung-zwei-wege-audio-videoaufzeichnung-mobiler-indoor-ueberwachungsroboter-fuer-hunde-katzen-kinder\/#breadcrumb\"},\"inLanguage\":\"de\",\"potentialAction\":[{\"@type\":\"ReadAction\",\"target\":[\"https:\/\/easyliferobo.com\/de\/product\/luqeeg-bewegliche-haustierkamera-autoaufladung-und-verfolgung-menschlicher-haustiererkennung-zwei-wege-audio-videoaufzeichnung-mobiler-indoor-ueberwachungsroboter-fuer-hunde-katzen-kinder\/\"]}]},{\"@type\":\"ImageObject\",\"inLanguage\":\"de\",\"@id\":\"https:\/\/easyliferobo.com\/de\/product\/luqeeg-bewegliche-haustierkamera-autoaufladung-und-verfolgung-menschlicher-haustiererkennung-zwei-wege-audio-videoaufzeichnung-mobiler-indoor-ueberwachungsroboter-fuer-hunde-katzen-kinder\/#primaryimage\",\"url\":\"https:\/\/easyliferobo.com\/de\/wp-content\/uploads\/2026\/02\/51bF4fNthmL._AC_SL1500_.jpg\",\"contentUrl\":\"https:\/\/easyliferobo.com\/de\/wp-content\/uploads\/2026\/02\/51bF4fNthmL._AC_SL1500_.jpg\",\"width\":1500,\"height\":905},{\"@type\":\"BreadcrumbList\",\"@id\":\"https:\/\/easyliferobo.com\/de\/product\/luqeeg-bewegliche-haustierkamera-autoaufladung-und-verfolgung-menschlicher-haustiererkennung-zwei-wege-audio-videoaufzeichnung-mobiler-indoor-ueberwachungsroboter-fuer-hunde-katzen-kinder\/#breadcrumb\",\"itemListElement\":[{\"@type\":\"ListItem\",\"position\":1,\"name\":\"Home\",\"item\":\"https:\/\/easyliferobo.com\/de\/\"},{\"@type\":\"ListItem\",\"position\":2,\"name\":\"Shop\",\"item\":\"https:\/\/easyliferobo.com\/de\/shop\/\"},{\"@type\":\"ListItem\",\"position\":3,\"name\":\"Luqeeg Bewegliche Haustierkamera, A...\"}]},{\"@type\":\"WebSite\",\"@id\":\"https:\/\/easyliferobo.com\/de\/#website\",\"url\":\"https:\/\/easyliferobo.com\/de\/\",\"name\":\"EasyLifeBro\",\"description\":\"Smarte Roboter f\u00fcr Zuhause, Garten &amp; Bildung\",\"publisher\":{\"@id\":\"https:\/\/easyliferobo.com\/de\/#organization\"},\"potentialAction\":[{\"@type\":\"SearchAction\",\"target\":{\"@type\":\"EntryPoint\",\"urlTemplate\":\"https:\/\/easyliferobo.com\/de\/?s={search_term_string}\"},\"query-input\":{\"@type\":\"PropertyValueSpecification\",\"valueRequired\":true,\"valueName\":\"search_term_string\"}}],\"inLanguage\":\"de\"},{\"@type\":\"Organization\",\"@id\":\"https:\/\/easyliferobo.com\/de\/#organization\",\"name\":\"EasyLifeBro\",\"url\":\"https:\/\/easyliferobo.com\/de\/\",\"logo\":{\"@type\":\"ImageObject\",\"inLanguage\":\"de\",\"@id\":\"https:\/\/easyliferobo.com\/de\/#\/schema\/logo\/image\/\",\"url\":\"https:\/\/easyliferobo.com\/de\/wp-content\/uploads\/2026\/02\/Screenshot-2026-02-22-at-2.25.03-PM.png\",\"contentUrl\":\"https:\/\/easyliferobo.com\/de\/wp-content\/uploads\/2026\/02\/Screenshot-2026-02-22-at-2.25.03-PM.png\",\"width\":1858,\"height\":430,\"caption\":\"EasyLifeBro\"},\"image\":{\"@id\":\"https:\/\/easyliferobo.com\/de\/#\/schema\/logo\/image\/\"}}]}<\/script>\n<!-- \/ Yoast SEO plugin. -->","yoast_head_json":{"title":"Luqeeg Bewegliche Haustierkamera, Autoaufladung und Verfolgung menschlicher Haustiererkennung, Zwei-Wege-Audio-Videoaufzeichnung, mobiler Indoor-\u00dcberwachungsroboter f\u00fcr Hunde, Katzen, Kinder - EasyLifeBro","description":"Entdecken Sie smarte Roboter f\u00fcr Zuhause, Garten, Bildung und Sicherheit. Vergleichen Sie Saugroboter, Rasenm\u00e4hroboter, KI-Begleitroboter und mehr bei EasyLifeRobo.","robots":{"index":"index","follow":"follow","max-snippet":"max-snippet:-1","max-image-preview":"max-image-preview:large","max-video-preview":"max-video-preview:-1"},"canonical":"https:\/\/easyliferobo.com\/de\/product\/luqeeg-bewegliche-haustierkamera-autoaufladung-und-verfolgung-menschlicher-haustiererkennung-zwei-wege-audio-videoaufzeichnung-mobiler-indoor-ueberwachungsroboter-fuer-hunde-katzen-kinder\/","og_locale":"de_DE","og_type":"article","og_title":"Luqeeg Bewegliche Haustierkamera, Autoaufladung und Verfolgung menschlicher Haustiererkennung, Zwei-Wege-Audio-Videoaufzeichnung, mobiler Indoor-\u00dcberwachungsroboter f\u00fcr Hunde, Katzen, Kinder - EasyLifeBro","og_description":"Entdecken Sie smarte Roboter f\u00fcr Zuhause, Garten, Bildung und Sicherheit. Vergleichen Sie Saugroboter, Rasenm\u00e4hroboter, KI-Begleitroboter und mehr bei EasyLifeRobo.","og_url":"https:\/\/easyliferobo.com\/de\/product\/luqeeg-bewegliche-haustierkamera-autoaufladung-und-verfolgung-menschlicher-haustiererkennung-zwei-wege-audio-videoaufzeichnung-mobiler-indoor-ueberwachungsroboter-fuer-hunde-katzen-kinder\/","og_site_name":"EasyLifeBro","article_modified_time":"2026-02-27T05:15:58+00:00","twitter_card":"summary_large_image","twitter_misc":{"Gesch\u00e4tzte Lesezeit":"2\u00a0Minuten"},"schema":{"@context":"https:\/\/schema.org","@graph":[{"@type":"WebPage","@id":"https:\/\/easyliferobo.com\/de\/product\/luqeeg-bewegliche-haustierkamera-autoaufladung-und-verfolgung-menschlicher-haustiererkennung-zwei-wege-audio-videoaufzeichnung-mobiler-indoor-ueberwachungsroboter-fuer-hunde-katzen-kinder\/","url":"https:\/\/easyliferobo.com\/de\/product\/luqeeg-bewegliche-haustierkamera-autoaufladung-und-verfolgung-menschlicher-haustiererkennung-zwei-wege-audio-videoaufzeichnung-mobiler-indoor-ueberwachungsroboter-fuer-hunde-katzen-kinder\/","name":"Luqeeg Bewegliche Haustierkamera, Autoaufladung und Verfolgung menschlicher Haustiererkennung, Zwei-Wege-Audio-Videoaufzeichnung, mobiler Indoor-\u00dcberwachungsroboter f\u00fcr Hunde, Katzen, Kinder - EasyLifeBro","isPartOf":{"@id":"https:\/\/easyliferobo.com\/de\/#website"},"primaryImageOfPage":{"@id":"https:\/\/easyliferobo.com\/de\/product\/luqeeg-bewegliche-haustierkamera-autoaufladung-und-verfolgung-menschlicher-haustiererkennung-zwei-wege-audio-videoaufzeichnung-mobiler-indoor-ueberwachungsroboter-fuer-hunde-katzen-kinder\/#primaryimage"},"image":{"@id":"https:\/\/easyliferobo.com\/de\/product\/luqeeg-bewegliche-haustierkamera-autoaufladung-und-verfolgung-menschlicher-haustiererkennung-zwei-wege-audio-videoaufzeichnung-mobiler-indoor-ueberwachungsroboter-fuer-hunde-katzen-kinder\/#primaryimage"},"thumbnailUrl":"https:\/\/easyliferobo.com\/de\/wp-content\/uploads\/2026\/02\/51bF4fNthmL._AC_SL1500_.jpg","datePublished":"2026-02-27T05:15:41+00:00","dateModified":"2026-02-27T05:15:58+00:00","description":"Entdecken Sie smarte Roboter f\u00fcr Zuhause, Garten, Bildung und Sicherheit. Vergleichen Sie Saugroboter, Rasenm\u00e4hroboter, KI-Begleitroboter und mehr bei EasyLifeRobo.","breadcrumb":{"@id":"https:\/\/easyliferobo.com\/de\/product\/luqeeg-bewegliche-haustierkamera-autoaufladung-und-verfolgung-menschlicher-haustiererkennung-zwei-wege-audio-videoaufzeichnung-mobiler-indoor-ueberwachungsroboter-fuer-hunde-katzen-kinder\/#breadcrumb"},"inLanguage":"de","potentialAction":[{"@type":"ReadAction","target":["https:\/\/easyliferobo.com\/de\/product\/luqeeg-bewegliche-haustierkamera-autoaufladung-und-verfolgung-menschlicher-haustiererkennung-zwei-wege-audio-videoaufzeichnung-mobiler-indoor-ueberwachungsroboter-fuer-hunde-katzen-kinder\/"]}]},{"@type":"ImageObject","inLanguage":"de","@id":"https:\/\/easyliferobo.com\/de\/product\/luqeeg-bewegliche-haustierkamera-autoaufladung-und-verfolgung-menschlicher-haustiererkennung-zwei-wege-audio-videoaufzeichnung-mobiler-indoor-ueberwachungsroboter-fuer-hunde-katzen-kinder\/#primaryimage","url":"https:\/\/easyliferobo.com\/de\/wp-content\/uploads\/2026\/02\/51bF4fNthmL._AC_SL1500_.jpg","contentUrl":"https:\/\/easyliferobo.com\/de\/wp-content\/uploads\/2026\/02\/51bF4fNthmL._AC_SL1500_.jpg","width":1500,"height":905},{"@type":"BreadcrumbList","@id":"https:\/\/easyliferobo.com\/de\/product\/luqeeg-bewegliche-haustierkamera-autoaufladung-und-verfolgung-menschlicher-haustiererkennung-zwei-wege-audio-videoaufzeichnung-mobiler-indoor-ueberwachungsroboter-fuer-hunde-katzen-kinder\/#breadcrumb","itemListElement":[{"@type":"ListItem","position":1,"name":"Home","item":"https:\/\/easyliferobo.com\/de\/"},{"@type":"ListItem","position":2,"name":"Shop","item":"https:\/\/easyliferobo.com\/de\/shop\/"},{"@type":"ListItem","position":3,"name":"Luqeeg Bewegliche Haustierkamera, A..."}]},{"@type":"WebSite","@id":"https:\/\/easyliferobo.com\/de\/#website","url":"https:\/\/easyliferobo.com\/de\/","name":"EasyLifeBro","description":"Smarte Roboter f\u00fcr Zuhause, Garten &amp; Bildung","publisher":{"@id":"https:\/\/easyliferobo.com\/de\/#organization"},"potentialAction":[{"@type":"SearchAction","target":{"@type":"EntryPoint","urlTemplate":"https:\/\/easyliferobo.com\/de\/?s={search_term_string}"},"query-input":{"@type":"PropertyValueSpecification","valueRequired":true,"valueName":"search_term_string"}}],"inLanguage":"de"},{"@type":"Organization","@id":"https:\/\/easyliferobo.com\/de\/#organization","name":"EasyLifeBro","url":"https:\/\/easyliferobo.com\/de\/","logo":{"@type":"ImageObject","inLanguage":"de","@id":"https:\/\/easyliferobo.com\/de\/#\/schema\/logo\/image\/","url":"https:\/\/easyliferobo.com\/de\/wp-content\/uploads\/2026\/02\/Screenshot-2026-02-22-at-2.25.03-PM.png","contentUrl":"https:\/\/easyliferobo.com\/de\/wp-content\/uploads\/2026\/02\/Screenshot-2026-02-22-at-2.25.03-PM.png","width":1858,"height":430,"caption":"EasyLifeBro"},"image":{"@id":"https:\/\/easyliferobo.com\/de\/#\/schema\/logo\/image\/"}}]}},"_links":{"self":[{"href":"https:\/\/easyliferobo.com\/de\/wp-json\/wp\/v2\/product\/2828","targetHints":{"allow":["GET"]}}],"collection":[{"href":"https:\/\/easyliferobo.com\/de\/wp-json\/wp\/v2\/product"}],"about":[{"href":"https:\/\/easyliferobo.com\/de\/wp-json\/wp\/v2\/types\/product"}],"replies":[{"embeddable":true,"href":"https:\/\/easyliferobo.com\/de\/wp-json\/wp\/v2\/comments?post=2828"}],"wp:featuredmedia":[{"embeddable":true,"href":"https:\/\/easyliferobo.com\/de\/wp-json\/wp\/v2\/media\/2829"}],"wp:attachment":[{"href":"https:\/\/easyliferobo.com\/de\/wp-json\/wp\/v2\/media?parent=2828"}],"wp:term":[{"taxonomy":"store","embeddable":true,"href":"https:\/\/easyliferobo.com\/de\/wp-json\/wp\/v2\/store?post=2828"},{"taxonomy":"product_brand","embeddable":true,"href":"https:\/\/easyliferobo.com\/de\/wp-json\/wp\/v2\/product_brand?post=2828"},{"taxonomy":"product_cat","embeddable":true,"href":"https:\/\/easyliferobo.com\/de\/wp-json\/wp\/v2\/product_cat?post=2828"},{"taxonomy":"product_tag","embeddable":true,"href":"https:\/\/easyliferobo.com\/de\/wp-json\/wp\/v2\/product_tag?post=2828"}],"curies":[{"name":"wp","href":"https:\/\/api.w.org\/{rel}","templated":true}]}}