
{"id":2812,"date":"2026-02-27T05:12:51","date_gmt":"2026-02-27T05:12:51","guid":{"rendered":"https:\/\/easyliferobo.com\/de\/product\/kinderkamera-3\/"},"modified":"2026-02-27T05:13:07","modified_gmt":"2026-02-27T05:13:07","slug":"kinderkamera-3","status":"publish","type":"product","link":"https:\/\/easyliferobo.com\/de\/product\/kinderkamera-3\/","title":{"rendered":"Kinderkamera"},"content":{"rendered":"<p>\n                                             Von der Marke   <\/p>\n<p>                                              <img decoding=\"async\" alt=\"\" src=\"https:\/\/images-na.ssl-images-amazon.com\/images\/G\/01\/x-locale\/common\/grey-pixel.gif\" class=\"a-lazy-loaded\" data-src=\"https:\/\/m.media-amazon.com\/images\/S\/aplus-media-library-service-media\/f7fbc08f-8cdb-482a-bb05-6861d91d7ba1.__CR0,0,1464,625_PT0_SX1464_V1___.jpg\"><img decoding=\"async\" alt=\"\" src=\"https:\/\/m.media-amazon.com\/images\/S\/aplus-media-library-service-media\/f7fbc08f-8cdb-482a-bb05-6861d91d7ba1.__CR0,0,1464,625_PT0_SX1464_V1___.jpg\">  <\/p>\n<h3>  Die Zeitkapsel f\u00fcr Ihre Kinder <\/h3>\n<p>  Sehr gut geeignet f\u00fcr Kinder im Alter von 4 bis 10 Jahren, die sehr neugierig sind, ist auch ein sehr gutes Geschenk. <\/p>\n<p>                                              <img decoding=\"async\" alt=\"\" src=\"https:\/\/images-na.ssl-images-amazon.com\/images\/G\/01\/x-locale\/common\/grey-pixel.gif\" class=\"a-lazy-loaded\" data-src=\"https:\/\/m.media-amazon.com\/images\/S\/aplus-media-library-service-media\/0920c69d-00b8-4feb-802c-55630035e4e7.__CR0,356,2458,1131_PT0_SX315_V1___.png\"><img decoding=\"async\" alt=\"\" src=\"https:\/\/m.media-amazon.com\/images\/S\/aplus-media-library-service-media\/0920c69d-00b8-4feb-802c-55630035e4e7.__CR0,356,2458,1131_PT0_SX315_V1___.png\">  <\/p>\n<p>  ARNSSIEN ist davon \u00fcberzeugt, dass Kinderkameras entsprechend den Bed\u00fcrfnissen von Kindern entwickelt werden m\u00fcssen. Kinder stehen an erster Stelle, damit sie durch die Kameras zu Kreativit\u00e4t und Interesse an der Fotografie angeregt werden k\u00f6nnen. <\/p>\n<p>  Kinder brauchen Kameras, mit denen sie frei und bequem fotografieren, sich offen ausdr\u00fccken, etwas erschaffen und mit eigenen Augen eine wunderbare Welt entdecken k\u00f6nnen. <\/p>\n<p>                                                         Speziell f\u00fcr Kinder entwickelt                                       <\/p>\n<p> Die Kinderkameramarke ARNSSIEN hat sich zum Ziel gesetzt, Kindern im Alter von 4-10 Jahren die M\u00f6glichkeit zu geben, die Welt, wie sie sie sehen, bequem und einfach durch unsere Kameras einzufangen. <\/p>\n<p>                                                         Unsere sch\u00f6ne Vision                                       <\/p>\n<p> \u201eARNSSIEN\u201c hofft, dass Kinder Freude an diesen Kameras haben und ihre eigenen gl\u00fccklichen Momente festhalten und speichern k\u00f6nnen. <\/p>\n<p>                                                         Ultimativer Service f\u00fcr Sie                                       <\/p>\n<p> ARNSSIEN Children&#8217;s Cameras m\u00f6chte sicherstellen, dass die Bed\u00fcrfnisse unserer Kunden mit dem bestm\u00f6glichen Serviceerlebnis und langen R\u00fcckgabegarantien erf\u00fcllt werden. <\/p>\n<h3>  ARNSSIEN KINDERKAMERA <\/h3>\n<h3>  ARNSSIEN KINDERKAMERA <\/h3>\n<h3>  Sofortdruck einer Kinderkamera  <\/h3>\n<p>                                              <img decoding=\"async\" alt=\"\" src=\"https:\/\/images-na.ssl-images-amazon.com\/images\/G\/01\/x-locale\/common\/grey-pixel.gif\" class=\"a-lazy-loaded\" data-src=\"https:\/\/m.media-amazon.com\/images\/S\/aplus-media-library-service-media\/ffafe605-7a45-4cd9-8fe2-4a323a9c7992.__CR153,0,599,750_PT0_SX362_V1___.jpg\"><img decoding=\"async\" alt=\"\" src=\"https:\/\/m.media-amazon.com\/images\/S\/aplus-media-library-service-media\/ffafe605-7a45-4cd9-8fe2-4a323a9c7992.__CR153,0,599,750_PT0_SX362_V1___.jpg\">  <\/p>\n<h3>  ARNSSIEN KINDERKAMERA <\/h3>\n<p>  Stellen Sie die Erfahrungen des Kindes als erste Voraussetzung ein. Bieten Sie eine exquisite Geschenkverpackung. <\/p>\n<p>                                              <img decoding=\"async\" alt=\"\" src=\"https:\/\/images-na.ssl-images-amazon.com\/images\/G\/01\/x-locale\/common\/grey-pixel.gif\" class=\"a-lazy-loaded\" data-src=\"https:\/\/m.media-amazon.com\/images\/S\/aplus-media-library-service-media\/31d2c9ed-143f-48a6-bffc-a3ce6b18e1f9.__CR450,0,599,750_PT0_SX362_V1___.jpg\"><img decoding=\"async\" alt=\"\" src=\"https:\/\/m.media-amazon.com\/images\/S\/aplus-media-library-service-media\/31d2c9ed-143f-48a6-bffc-a3ce6b18e1f9.__CR450,0,599,750_PT0_SX362_V1___.jpg\">  <\/p>\n<h3>  Wird es meinem Kind gefallen? <\/h3>\n<p>  Ihre Kinder werden sie sicherlich lieben. Es sieht s\u00fc\u00df aus und hat viele Funktionen! <\/p>\n<p>                                              <img decoding=\"async\" alt=\"\" src=\"https:\/\/images-na.ssl-images-amazon.com\/images\/G\/01\/x-locale\/common\/grey-pixel.gif\" class=\"a-lazy-loaded\" data-src=\"https:\/\/m.media-amazon.com\/images\/S\/aplus-media-library-service-media\/c8bc62bb-12fd-43db-a792-d1544fe7a267.__CR512,0,599,750_PT0_SX362_V1___.jpg\"><img decoding=\"async\" alt=\"\" src=\"https:\/\/m.media-amazon.com\/images\/S\/aplus-media-library-service-media\/c8bc62bb-12fd-43db-a792-d1544fe7a267.__CR512,0,599,750_PT0_SX362_V1___.jpg\">  <\/p>\n<h3>  Warum es w\u00e4hlen? <\/h3>\n<p>  Weihnachtsgeschenk und Geburtstagsgeschenk. Ein \u00dcberraschungsgeschenk macht den Alltag bunter <\/p>\n<h3>  1080P-Sofortbildkamera f\u00fcr Kinder <\/h3>\n<p>                                              <img decoding=\"async\" alt=\"Bunte Partyszene mit gelben, rosa und blauen Dekorationen, Luftballons und festlichen Utensilien auf blauem Hintergrund.\" src=\"https:\/\/images-na.ssl-images-amazon.com\/images\/G\/01\/x-locale\/common\/grey-pixel.gif\" class=\"a-lazy-loaded\" data-src=\"https:\/\/m.media-amazon.com\/images\/S\/aplus-media-library-service-media\/ca7c1277-5bfa-44b0-b4e5-a8d5e8b70334.__CR349,0,502,628_PT0_SX362_V1___.jpeg\"><img decoding=\"async\" alt=\"Bunte Partyszene mit gelben, rosa und blauen Dekorationen, Luftballons und festlichen Utensilien auf blauem Hintergrund.\" src=\"https:\/\/m.media-amazon.com\/images\/S\/aplus-media-library-service-media\/ca7c1277-5bfa-44b0-b4e5-a8d5e8b70334.__CR349,0,502,628_PT0_SX362_V1___.jpeg\">  <\/p>\n<h3>  Digitalkamera mit zwei Bildschirmen <\/h3>\n<h3>  Kinderhandy-Smartphone <\/h3>\n<p>Aufmerksamer Kundenservice: Wenn Sie bei der Verwendung Ihrer ARNSSIEN-Kinderkamera Probleme haben, W\u00fcnsche haben oder in irgendeiner Weise unzufrieden sind, z\u00f6gern Sie nicht, uns dies mitzuteilen, und wir werden Ihnen zeitnah professionelle Unterst\u00fctzung bieten.<br \/>2,4-Zoll-IPS-Bildschirm und mehr Komfort: Die Kompaktkamera ist mit einem 2,4-Zoll-IPS-HD-Bildschirm ausgestattet, der ein klares und feines 1080P-Bild zeigt. Das verbesserte und vergr\u00f6\u00dferte Knopfdesign ist besser f\u00fcr kleine Kinderh\u00e4nde geeignet und einfach zu bedienen, sodass das Kind jeden Moment gerne aufzeichnet.<br \/>180\u00b0 drehbares Objektiv und mehr Spa\u00df: Das 180\u00b0 drehbare Objektiv der Kinderkamera ist flexibler und interessanter, was Aufnahmen aus verschiedenen Winkeln erm\u00f6glicht. Drehen Sie einfach das Objektiv und Ihr Kind kann problemlos den Selbstportr\u00e4tmodus nutzen.<br \/>14 Lautsprecher und mehr Optionen: Die 32-GB-TF-Karte unterst\u00fctzt das Hochladen von Bildern und Videos sowie das Herunterladen von Musik und M\u00e4rchen. Das Design mit 14 Lautsprecherl\u00f6chern ist in Bezug auf unterschiedliche Lautst\u00e4rken besser f\u00fcr die Bed\u00fcrfnisse von Kindern geeignet. Sollten Sie Probleme beim Hoch- oder Herunterladen von Dateien haben, teilen Sie uns dies bitte jederzeit mit. Wir helfen Ihnen gerne weiter.<br \/>31 lustige Rahmen und 10 Puzzlespiele: Der gro\u00dfe 1000-mAh-Akku bietet eine Akkulaufzeit von 2\u20134 Stunden; 10 Arten von Puzzlespielen regen das Denken der Kinder an und f\u00f6rdern ihr logisches Denken; Obwohl die Pixel nicht so klar sind wie bei einer Digitalkamera, reicht die 1080P-Aufl\u00f6sung aus, um die Bed\u00fcrfnisse von Kindern zu erf\u00fcllen. 31 Arten lustiger Bilderrahmen und Filter machen Kinderfotos interessanter.<\/p>\n<p>[ad_2]<\/p>\n","protected":false},"excerpt":{"rendered":"<p>Von der Marke Die Zeitkapsel f\u00fcr Ihre Kinder Sehr gut geeignet f\u00fcr Kinder im Alter von 4 bis 10 Jahren, die sehr neugierig sind, ist auch ein sehr gutes Geschenk. ARNSSIEN ist davon \u00fcberzeugt, dass Kinderkameras entsprechend den Bed\u00fcrfnissen von Kindern entwickelt werden m\u00fcssen. Kinder stehen an erster Stelle, damit sie durch die Kameras zu [&hellip;]<\/p>\n","protected":false},"featured_media":2813,"comment_status":"open","ping_status":"closed","template":"","meta":{"_aipt_faq_data":""},"store":[],"product_brand":[352],"product_cat":[115],"product_tag":[151],"class_list":{"0":"post-2812","1":"product","2":"type-product","3":"status-publish","4":"has-post-thumbnail","6":"product_brand-arnssien","7":"product_cat-patrouillenroboter","8":"product_tag-patrouillenroboter-mit-kamera","10":"first","11":"instock","12":"sale","13":"shipping-taxable","14":"product-type-external"},"yoast_head":"<!-- This site is optimized with the Yoast SEO plugin v27.4 - https:\/\/yoast.com\/product\/yoast-seo-wordpress\/ -->\n<title>Kinderkamera - EasyLifeBro<\/title>\n<meta name=\"description\" content=\"Entdecken Sie smarte Roboter f\u00fcr Zuhause, Garten, Bildung und Sicherheit. Vergleichen Sie Saugroboter, Rasenm\u00e4hroboter, KI-Begleitroboter und mehr bei EasyLifeRobo.\" \/>\n<meta name=\"robots\" content=\"index, follow, max-snippet:-1, max-image-preview:large, max-video-preview:-1\" \/>\n<link rel=\"canonical\" href=\"https:\/\/easyliferobo.com\/de\/product\/kinderkamera-3\/\" \/>\n<meta property=\"og:locale\" content=\"de_DE\" \/>\n<meta property=\"og:type\" content=\"article\" \/>\n<meta property=\"og:title\" content=\"Kinderkamera - EasyLifeBro\" \/>\n<meta property=\"og:description\" content=\"Entdecken Sie smarte Roboter f\u00fcr Zuhause, Garten, Bildung und Sicherheit. Vergleichen Sie Saugroboter, Rasenm\u00e4hroboter, KI-Begleitroboter und mehr bei EasyLifeRobo.\" \/>\n<meta property=\"og:url\" content=\"https:\/\/easyliferobo.com\/de\/product\/kinderkamera-3\/\" \/>\n<meta property=\"og:site_name\" content=\"EasyLifeBro\" \/>\n<meta property=\"article:modified_time\" content=\"2026-02-27T05:13:07+00:00\" \/>\n<meta property=\"og:image\" content=\"https:\/\/images-na.ssl-images-amazon.com\/images\/G\/01\/x-locale\/common\/grey-pixel.gif\" \/>\n<meta name=\"twitter:card\" content=\"summary_large_image\" \/>\n<meta name=\"twitter:label1\" content=\"Gesch\u00e4tzte Lesezeit\" \/>\n\t<meta name=\"twitter:data1\" content=\"2\u00a0Minuten\" \/>\n<script type=\"application\/ld+json\" class=\"yoast-schema-graph\">{\"@context\":\"https:\\\/\\\/schema.org\",\"@graph\":[{\"@type\":\"WebPage\",\"@id\":\"https:\\\/\\\/easyliferobo.com\\\/de\\\/product\\\/kinderkamera-3\\\/\",\"url\":\"https:\\\/\\\/easyliferobo.com\\\/de\\\/product\\\/kinderkamera-3\\\/\",\"name\":\"Kinderkamera - EasyLifeBro\",\"isPartOf\":{\"@id\":\"https:\\\/\\\/easyliferobo.com\\\/de\\\/#website\"},\"primaryImageOfPage\":{\"@id\":\"https:\\\/\\\/easyliferobo.com\\\/de\\\/product\\\/kinderkamera-3\\\/#primaryimage\"},\"image\":{\"@id\":\"https:\\\/\\\/easyliferobo.com\\\/de\\\/product\\\/kinderkamera-3\\\/#primaryimage\"},\"thumbnailUrl\":\"https:\\\/\\\/easyliferobo.com\\\/de\\\/wp-content\\\/uploads\\\/2026\\\/02\\\/819MMPNVjL._AC_SL1500_.jpg\",\"datePublished\":\"2026-02-27T05:12:51+00:00\",\"dateModified\":\"2026-02-27T05:13:07+00:00\",\"description\":\"Entdecken Sie smarte Roboter f\u00fcr Zuhause, Garten, Bildung und Sicherheit. Vergleichen Sie Saugroboter, Rasenm\u00e4hroboter, KI-Begleitroboter und mehr bei EasyLifeRobo.\",\"breadcrumb\":{\"@id\":\"https:\\\/\\\/easyliferobo.com\\\/de\\\/product\\\/kinderkamera-3\\\/#breadcrumb\"},\"inLanguage\":\"de\",\"potentialAction\":[{\"@type\":\"ReadAction\",\"target\":[\"https:\\\/\\\/easyliferobo.com\\\/de\\\/product\\\/kinderkamera-3\\\/\"]}]},{\"@type\":\"ImageObject\",\"inLanguage\":\"de\",\"@id\":\"https:\\\/\\\/easyliferobo.com\\\/de\\\/product\\\/kinderkamera-3\\\/#primaryimage\",\"url\":\"https:\\\/\\\/easyliferobo.com\\\/de\\\/wp-content\\\/uploads\\\/2026\\\/02\\\/819MMPNVjL._AC_SL1500_.jpg\",\"contentUrl\":\"https:\\\/\\\/easyliferobo.com\\\/de\\\/wp-content\\\/uploads\\\/2026\\\/02\\\/819MMPNVjL._AC_SL1500_.jpg\",\"width\":1500,\"height\":1495},{\"@type\":\"BreadcrumbList\",\"@id\":\"https:\\\/\\\/easyliferobo.com\\\/de\\\/product\\\/kinderkamera-3\\\/#breadcrumb\",\"itemListElement\":[{\"@type\":\"ListItem\",\"position\":1,\"name\":\"Home\",\"item\":\"https:\\\/\\\/easyliferobo.com\\\/de\\\/\"},{\"@type\":\"ListItem\",\"position\":2,\"name\":\"Shop\",\"item\":\"https:\\\/\\\/easyliferobo.com\\\/de\\\/shop\\\/\"},{\"@type\":\"ListItem\",\"position\":3,\"name\":\"Kinderkamera\"}]},{\"@type\":\"WebSite\",\"@id\":\"https:\\\/\\\/easyliferobo.com\\\/de\\\/#website\",\"url\":\"https:\\\/\\\/easyliferobo.com\\\/de\\\/\",\"name\":\"EasyLifeBro\",\"description\":\"Smarte Roboter f\u00fcr Zuhause, Garten &amp; Bildung\",\"publisher\":{\"@id\":\"https:\\\/\\\/easyliferobo.com\\\/de\\\/#organization\"},\"potentialAction\":[{\"@type\":\"SearchAction\",\"target\":{\"@type\":\"EntryPoint\",\"urlTemplate\":\"https:\\\/\\\/easyliferobo.com\\\/de\\\/?s={search_term_string}\"},\"query-input\":{\"@type\":\"PropertyValueSpecification\",\"valueRequired\":true,\"valueName\":\"search_term_string\"}}],\"inLanguage\":\"de\"},{\"@type\":\"Organization\",\"@id\":\"https:\\\/\\\/easyliferobo.com\\\/de\\\/#organization\",\"name\":\"EasyLifeBro\",\"url\":\"https:\\\/\\\/easyliferobo.com\\\/de\\\/\",\"logo\":{\"@type\":\"ImageObject\",\"inLanguage\":\"de\",\"@id\":\"https:\\\/\\\/easyliferobo.com\\\/de\\\/#\\\/schema\\\/logo\\\/image\\\/\",\"url\":\"https:\\\/\\\/easyliferobo.com\\\/de\\\/wp-content\\\/uploads\\\/2026\\\/02\\\/Screenshot-2026-02-22-at-2.25.03-PM.png\",\"contentUrl\":\"https:\\\/\\\/easyliferobo.com\\\/de\\\/wp-content\\\/uploads\\\/2026\\\/02\\\/Screenshot-2026-02-22-at-2.25.03-PM.png\",\"width\":1858,\"height\":430,\"caption\":\"EasyLifeBro\"},\"image\":{\"@id\":\"https:\\\/\\\/easyliferobo.com\\\/de\\\/#\\\/schema\\\/logo\\\/image\\\/\"}}]}<\/script>\n<!-- \/ Yoast SEO plugin. -->","yoast_head_json":{"title":"Kinderkamera - EasyLifeBro","description":"Entdecken Sie smarte Roboter f\u00fcr Zuhause, Garten, Bildung und Sicherheit. Vergleichen Sie Saugroboter, Rasenm\u00e4hroboter, KI-Begleitroboter und mehr bei EasyLifeRobo.","robots":{"index":"index","follow":"follow","max-snippet":"max-snippet:-1","max-image-preview":"max-image-preview:large","max-video-preview":"max-video-preview:-1"},"canonical":"https:\/\/easyliferobo.com\/de\/product\/kinderkamera-3\/","og_locale":"de_DE","og_type":"article","og_title":"Kinderkamera - EasyLifeBro","og_description":"Entdecken Sie smarte Roboter f\u00fcr Zuhause, Garten, Bildung und Sicherheit. Vergleichen Sie Saugroboter, Rasenm\u00e4hroboter, KI-Begleitroboter und mehr bei EasyLifeRobo.","og_url":"https:\/\/easyliferobo.com\/de\/product\/kinderkamera-3\/","og_site_name":"EasyLifeBro","article_modified_time":"2026-02-27T05:13:07+00:00","og_image":[{"url":"https:\/\/images-na.ssl-images-amazon.com\/images\/G\/01\/x-locale\/common\/grey-pixel.gif","type":"","width":"","height":""}],"twitter_card":"summary_large_image","twitter_misc":{"Gesch\u00e4tzte Lesezeit":"2\u00a0Minuten"},"schema":{"@context":"https:\/\/schema.org","@graph":[{"@type":"WebPage","@id":"https:\/\/easyliferobo.com\/de\/product\/kinderkamera-3\/","url":"https:\/\/easyliferobo.com\/de\/product\/kinderkamera-3\/","name":"Kinderkamera - EasyLifeBro","isPartOf":{"@id":"https:\/\/easyliferobo.com\/de\/#website"},"primaryImageOfPage":{"@id":"https:\/\/easyliferobo.com\/de\/product\/kinderkamera-3\/#primaryimage"},"image":{"@id":"https:\/\/easyliferobo.com\/de\/product\/kinderkamera-3\/#primaryimage"},"thumbnailUrl":"https:\/\/easyliferobo.com\/de\/wp-content\/uploads\/2026\/02\/819MMPNVjL._AC_SL1500_.jpg","datePublished":"2026-02-27T05:12:51+00:00","dateModified":"2026-02-27T05:13:07+00:00","description":"Entdecken Sie smarte Roboter f\u00fcr Zuhause, Garten, Bildung und Sicherheit. Vergleichen Sie Saugroboter, Rasenm\u00e4hroboter, KI-Begleitroboter und mehr bei EasyLifeRobo.","breadcrumb":{"@id":"https:\/\/easyliferobo.com\/de\/product\/kinderkamera-3\/#breadcrumb"},"inLanguage":"de","potentialAction":[{"@type":"ReadAction","target":["https:\/\/easyliferobo.com\/de\/product\/kinderkamera-3\/"]}]},{"@type":"ImageObject","inLanguage":"de","@id":"https:\/\/easyliferobo.com\/de\/product\/kinderkamera-3\/#primaryimage","url":"https:\/\/easyliferobo.com\/de\/wp-content\/uploads\/2026\/02\/819MMPNVjL._AC_SL1500_.jpg","contentUrl":"https:\/\/easyliferobo.com\/de\/wp-content\/uploads\/2026\/02\/819MMPNVjL._AC_SL1500_.jpg","width":1500,"height":1495},{"@type":"BreadcrumbList","@id":"https:\/\/easyliferobo.com\/de\/product\/kinderkamera-3\/#breadcrumb","itemListElement":[{"@type":"ListItem","position":1,"name":"Home","item":"https:\/\/easyliferobo.com\/de\/"},{"@type":"ListItem","position":2,"name":"Shop","item":"https:\/\/easyliferobo.com\/de\/shop\/"},{"@type":"ListItem","position":3,"name":"Kinderkamera"}]},{"@type":"WebSite","@id":"https:\/\/easyliferobo.com\/de\/#website","url":"https:\/\/easyliferobo.com\/de\/","name":"EasyLifeBro","description":"Smarte Roboter f\u00fcr Zuhause, Garten &amp; Bildung","publisher":{"@id":"https:\/\/easyliferobo.com\/de\/#organization"},"potentialAction":[{"@type":"SearchAction","target":{"@type":"EntryPoint","urlTemplate":"https:\/\/easyliferobo.com\/de\/?s={search_term_string}"},"query-input":{"@type":"PropertyValueSpecification","valueRequired":true,"valueName":"search_term_string"}}],"inLanguage":"de"},{"@type":"Organization","@id":"https:\/\/easyliferobo.com\/de\/#organization","name":"EasyLifeBro","url":"https:\/\/easyliferobo.com\/de\/","logo":{"@type":"ImageObject","inLanguage":"de","@id":"https:\/\/easyliferobo.com\/de\/#\/schema\/logo\/image\/","url":"https:\/\/easyliferobo.com\/de\/wp-content\/uploads\/2026\/02\/Screenshot-2026-02-22-at-2.25.03-PM.png","contentUrl":"https:\/\/easyliferobo.com\/de\/wp-content\/uploads\/2026\/02\/Screenshot-2026-02-22-at-2.25.03-PM.png","width":1858,"height":430,"caption":"EasyLifeBro"},"image":{"@id":"https:\/\/easyliferobo.com\/de\/#\/schema\/logo\/image\/"}}]}},"_links":{"self":[{"href":"https:\/\/easyliferobo.com\/de\/wp-json\/wp\/v2\/product\/2812","targetHints":{"allow":["GET"]}}],"collection":[{"href":"https:\/\/easyliferobo.com\/de\/wp-json\/wp\/v2\/product"}],"about":[{"href":"https:\/\/easyliferobo.com\/de\/wp-json\/wp\/v2\/types\/product"}],"replies":[{"embeddable":true,"href":"https:\/\/easyliferobo.com\/de\/wp-json\/wp\/v2\/comments?post=2812"}],"wp:featuredmedia":[{"embeddable":true,"href":"https:\/\/easyliferobo.com\/de\/wp-json\/wp\/v2\/media\/2813"}],"wp:attachment":[{"href":"https:\/\/easyliferobo.com\/de\/wp-json\/wp\/v2\/media?parent=2812"}],"wp:term":[{"taxonomy":"store","embeddable":true,"href":"https:\/\/easyliferobo.com\/de\/wp-json\/wp\/v2\/store?post=2812"},{"taxonomy":"product_brand","embeddable":true,"href":"https:\/\/easyliferobo.com\/de\/wp-json\/wp\/v2\/product_brand?post=2812"},{"taxonomy":"product_cat","embeddable":true,"href":"https:\/\/easyliferobo.com\/de\/wp-json\/wp\/v2\/product_cat?post=2812"},{"taxonomy":"product_tag","embeddable":true,"href":"https:\/\/easyliferobo.com\/de\/wp-json\/wp\/v2\/product_tag?post=2812"}],"curies":[{"name":"wp","href":"https:\/\/api.w.org\/{rel}","templated":true}]}}