
{"id":2794,"date":"2026-02-27T05:09:39","date_gmt":"2026-02-27T05:09:39","guid":{"rendered":"https:\/\/easyliferobo.com\/de\/product\/monsga-saugroboter-mit-wischfunktion-4000-pa-saug-und-wischroboter-3-in-1-mit-2-buersten-140-minuten-laufzeit-staubsaugerroboter-mit-autoteppich-boost-fuer-tierhaare-teppichboeden\/"},"modified":"2026-02-27T05:09:55","modified_gmt":"2026-02-27T05:09:55","slug":"monsga-saugroboter-mit-wischfunktion-4000-pa-saug-und-wischroboter-3-in-1-mit-2-buersten-140-minuten-laufzeit-staubsaugerroboter-mit-autoteppich-boost-fuer-tierhaare-teppichboeden","status":"publish","type":"product","link":"https:\/\/easyliferobo.com\/de\/product\/monsga-saugroboter-mit-wischfunktion-4000-pa-saug-und-wischroboter-3-in-1-mit-2-buersten-140-minuten-laufzeit-staubsaugerroboter-mit-autoteppich-boost-fuer-tierhaare-teppichboeden\/","title":{"rendered":"MONSGA Saugroboter mit Wischfunktio..."},"content":{"rendered":"<p>\n                                             Produktbeschreibung MONSGA Saug- und Wischroboter 3 in 1 mit 4000PA Saugkraft mit 2 B\u00fcrsten                                            <img decoding=\"async\" alt=\"Der Text lautet \u201eMONSCA\u201c und \u201eMR1 Staubsauger- und Mopproboter-Kombination\u201c. Produktschnittstelle mit mehreren kreisf\u00f6rmigen Symbolen f\u00fcr Roboter-Vakuumsteuerungen vor dunklem Hintergrund.\" src=\"https:\/\/images-na.ssl-images-amazon.com\/images\/G\/01\/x-locale\/common\/grey-pixel.gif\" class=\"a-lazy-loaded\" data-src=\"https:\/\/m.media-amazon.com\/images\/S\/aplus-media-library-service-media\/50b446b5-0994-4efd-9ff5-be653f021308.__CR0,0,1464,600_PT0_SX1464_V1___.png\"><img decoding=\"async\" alt=\"Der Text lautet \u201eMONSCA\u201c und \u201eMR1 Staubsauger- und Mopproboter-Kombination\u201c. Produktschnittstelle mit mehreren kreisf\u00f6rmigen Symbolen f\u00fcr Roboter-Vakuumsteuerungen vor dunklem Hintergrund.\" src=\"https:\/\/m.media-amazon.com\/images\/S\/aplus-media-library-service-media\/50b446b5-0994-4efd-9ff5-be653f021308.__CR0,0,1464,600_PT0_SX1464_V1___.png\">                                               <\/p>\n<p>                                                                                                                    <img decoding=\"async\" alt=\"Aplus-Inhaltsbild\" src=\"https:\/\/m.media-amazon.com\/images\/S\/aplus-media-library-service-media\/9be8a79e-ca20-496d-9f7d-60de875fbc7e.__CR0,0,1464,600_PT0_SX1464_V1___.png\">                                                    <img decoding=\"async\" alt=\"Der Text lautet \u201e4000PA starke Absaugung\u201c. Dunkles Werbebild, das Vakuumtechnik mit violetten Lichteffekten und technischen Designelementen zeigt.\" src=\"https:\/\/m.media-amazon.com\/images\/S\/aplus-media-library-service-media\/7dbb78e6-a89a-4627-9fae-57d32ef82cd4.__CR0,0,1464,600_PT0_SX1464_V1___.png\">                                                    <img decoding=\"async\" alt=\"Aplus-Inhaltsbild\" src=\"https:\/\/m.media-amazon.com\/images\/S\/aplus-media-library-service-media\/4478de32-c4d2-4a1f-84d8-b3cf70904b46.__CR0,0,1464,600_PT0_SX1464_V1___.png\">                                                    <img decoding=\"async\" alt=\"Aplus-Inhaltsbild\" src=\"https:\/\/m.media-amazon.com\/images\/S\/aplus-media-library-service-media\/ed499737-f52e-4f61-a853-f2269a6a25b3.__CR0,0,1464,600_PT0_SX1464_V1___.png\">                                                    <img decoding=\"async\" alt=\"Aplus-Inhaltsbild\" src=\"https:\/\/m.media-amazon.com\/images\/S\/aplus-media-library-service-media\/4c0725c4-3e52-4a7d-8130-069bfacf1319.__CR0,0,1464,600_PT0_SX1464_V1___.png\"><br \/>\n                            1 Saugen &#038; Wischen in Einem 2 4000PA Saugkraft 3 Anti-Wickel-B\u00fcrsten 4 Saugkraft-Boost Teppich 5 Auto R\u00fcckkehrLadung <\/p>\n<p>                                                                                                                    <img decoding=\"async\" alt=\"Der Text lautet \u201eAPP-Steuerung\u201c. Screenshots der Benutzeroberfl\u00e4che der mobilen App zeigen ein lila und wei\u00dfes Design mit mehreren Men\u00fcbildschirmen und Einstellungsfeldern.\" src=\"https:\/\/m.media-amazon.com\/images\/S\/aplus-media-library-service-media\/e713c88a-4557-416b-81b2-1a336058d236.__CR0,0,1464,600_PT0_SX1464_V1___.png\">                                                    <img decoding=\"async\" alt=\"Aplus-Inhaltsbild\" src=\"https:\/\/m.media-amazon.com\/images\/S\/aplus-media-library-service-media\/648bd838-9413-4aa6-99bd-899c37d1a71a.__CR0,0,1464,600_PT0_SX1464_V1___.png\">                                                    <img decoding=\"async\" alt=\"Aplus-Inhaltsbild\" src=\"https:\/\/m.media-amazon.com\/images\/S\/aplus-media-library-service-media\/2a89b7b7-d14c-45f7-8cb6-038dbe15d3b1.__CR0,0,1464,600_PT0_SX1464_V1___.png\">                                                    <img decoding=\"async\" alt=\"Aplus-Inhaltsbild\" src=\"https:\/\/m.media-amazon.com\/images\/S\/aplus-media-library-service-media\/93ca7882-eed4-4ac2-a728-78e172067697.__CR0,0,1464,600_PT0_SX1464_V1___.png\">                                                    <img decoding=\"async\" alt=\"Aplus-Inhaltsbild\" src=\"https:\/\/m.media-amazon.com\/images\/S\/aplus-media-library-service-media\/7f3178d1-d320-4e17-8182-735986ac8162.__CR0,0,1464,600_PT0_SX1464_V1___.png\"><br \/>\n                            1 APP-Steuerung 2 Roboter mit Fernsteuerung 3 Sprachbefehlstart 4 Tastensteuerung 5 Zeitgesteuerte Reinigung <\/p>\n<p>                                                                                                                <img decoding=\"async\" alt=\"Aplus-Inhaltsbild\" src=\"https:\/\/m.media-amazon.com\/images\/S\/aplus-media-library-service-media\/f04d2de8-0853-4c2a-819a-04887faf1805.__CR0,0,1464,600_PT0_SX1464_V1___.png\">                                                    <img decoding=\"async\" alt=\"Aplus-Inhaltsbild\" src=\"https:\/\/m.media-amazon.com\/images\/S\/aplus-media-library-service-media\/0433efd0-1246-46f4-90b9-d1ccdda2986d.__CR0,0,1464,600_PT0_SX1464_V1___.png\">                                                    <img decoding=\"async\" alt=\"Aplus-Inhaltsbild\" src=\"https:\/\/m.media-amazon.com\/images\/S\/aplus-media-library-service-media\/c0f8c4f0-8541-4d0d-bab1-9d18f1544932.__CR0,0,1464,600_PT0_SX1464_V1___.png\"><br \/>\n                            1 7,6 cm Ultraflach 2 Intelligente Sensoren 3 Mehrere Reinigungsmodi Wie verbinde ich mich mit APP f\u00fcr MR1 Saugroboter?                                            <img decoding=\"async\" alt=\"Aplus-Inhaltsbild\" src=\"https:\/\/images-na.ssl-images-amazon.com\/images\/G\/01\/x-locale\/common\/grey-pixel.gif\" class=\"a-lazy-loaded\" data-src=\"https:\/\/m.media-amazon.com\/images\/S\/aplus-media-library-service-media\/8339683c-4200-4f57-8319-fcf798c2461f.__CR0,0,1464,600_PT0_SX1464_V1___.png\"><img decoding=\"async\" alt=\"Aplus-Inhaltsbild\" src=\"https:\/\/m.media-amazon.com\/images\/S\/aplus-media-library-service-media\/8339683c-4200-4f57-8319-fcf798c2461f.__CR0,0,1464,600_PT0_SX1464_V1___.png\">                                               <\/p>\n<p>3-in-1 Saugen und Wischen: Dieser MR1 Roboterstaubsauger mit Wischfunktion vereint Kehren, Staubsaugen und Wischen in einem Ger\u00e4t. Ausgestattet mit dreistufiger Saugleistung und Wassertankregulierung. Einfacher Wechsel zwischen nur Saugen, nur Wischen oder Saugen und Wischen \u2013 ideal f\u00fcr verschiedene B\u00f6den. P99999 B\u00f6den) und Verschmutzungsgrad<br \/>4000 Pa Kraftsicher: Der Saugroboter MR1 \u00fcberzeugt mit 4000 Pa starker Saugkraft \u2013 dank zweier innovativer Seitenb\u00fcrsten wird Schmutz effizient in die Mitte geleitet und gr\u00fcndlicher aufgesaugt als bei herk\u00f6mmlichen Modellen. Diese clevere Kombination aus Hochleistungssaugern und intelligenter B\u00fcrsttechnologie macht den MR1 besonders effektiv f\u00fcr Teppiche, Ecken und schwer zug\u00e4ngliche Stellen, sodass Sie makellose Sauberkeit genie\u00dfen k\u00f6nnen \u2013 ohne Kompromisse<br \/>120 Minuten Reinigungs- und Reinigungszeit: Der MONSGA Staubsaugerroboter bietet eine Laufzeit von 140 Minuten und reinigt bis zu 137 m\u00b2 mit einer einzigen Ladung \u2013 ideal f\u00fcr gro\u00dfe Wohnbereiche oder die Reinigung mehrerer R\u00e4ume. Wenn der Akkustand unter 15 % liegt, kehrt er automatisch zur Ladestation zur\u00fcck, sodass er immer f\u00fcr den n\u00e4chsten Einsatz bereit ist. Keine l\u00e4stigen Unterbrechungen mehr durch leere Batterien<br \/>Einfach zu reinigen und zu verwenden: MONSGA MR1 Roboterstaubsauger verbindet sich mit der Smartlife\/Tuya-App und bietet vier Reinigungsmodi \u2013 Punktreinigung, Kantenreinigung, manuelle Steuerung und intelligente Automatik. . Dank der Kompatibilit\u00e4t mit Alexa und Google Home k\u00f6nnen Sie es v\u00f6llig freih\u00e4ndig steuern! Durch die mitgelieferte Fernbedienung ist es besonders benutzerfreundlich f\u00fcr Senioren, technisch unaffine Haushalte oder R\u00e4ume ohne Internetzugang<br \/>Extrem einfach und sauber: Der MONSGA Saug-Wischroboter mit nur 7,8 cm H\u00f6he gleitet m\u00fchelos unter Betten, Sofas und M\u00f6beln \u2013 f\u00fcr eine nahtlose Reinigung auch in schwer zug\u00e4nglichen Ecken. Die integrierte Wischfunktion sorgt f\u00fcr hygienische Sauberkeit auf allen Hartb\u00f6den \u2013 ohne manuellen Aufwand<br \/>Vollst\u00e4ndige Kontrolle \u00fcber Ihren Saugroboter aus der Ferne \u2013 passen Sie Einstellungen an, planen Sie Reinigungen und behalten Sie den Akkustand, den Reinigungspfad und den Filterstatus in Echtzeit im Auge. Die einfache Wochenplanung spart Zeit und garantiert ein stets sauberes Zuhause ohne manuellen Aufwand. Die intuitive App-Oberfl\u00e4che erm\u00f6glicht ma\u00dfgeschneiderte Reinigungsprofile f\u00fcr Ihre individuellen Wohnbed\u00fcrfnisse<br \/>Automatische Reinigungsfunktion: Der MR1 Saugroboter mit Wischfunktion \u00fcberwindet m\u00fchelos 2,3 cm hohe Schwellen, Teppiche und Kabel, ohne h\u00e4ngenzubleiben. Sein intelligenter Teppichsensor erkennt Teppiche sofort und erh\u00f6ht die Saugleistung automatisch auf das Maximum \u2013 f\u00fcr eine gr\u00fcndliche Reinigung von hartn\u00e4ckigem Schmutz und Tierhaaren. Hochsensible Sensoren erkennen Treppen und Hindernisse millimetergenau \u2013 f\u00fcr perfekten Absturzschutz und ein sicheres Reinigungserlebnis ohne Risiko<br \/>MONSGA Roboterstaubsauger versprechen 24 Monate Garantie und sorgenfreien Kundenservice. 1 x Roboterstaubsauger, 1 x 2-in-1-Wassertank, 4 x Seitenb\u00fcrsten, 2 x HEPA-Filter, 2 x Wischer, 1 x Netzteil, 1 x Fernbedienung, 1 x Reinigungsb\u00fcrste, 1 x Reinigungsb\u00fcrste, 1 x Benutzerhandbuch (nicht in englischer Sprache).<\/p>\n<p>[ad_2]<\/p>\n","protected":false},"excerpt":{"rendered":"<p>Produktbeschreibung MONSGA Saug- und Wischroboter 3 in 1 mit 4000PA Saugkraft mit 2 B\u00fcrsten 1 Saugen &#038; Wischen in Einem 2 4000PA Saugkraft 3 Anti-Wickel-B\u00fcrsten 4 Saugkraft-Boost Teppich 5 Auto R\u00fcckkehrLadung 1 APP-Steuerung 2 Roboter mit Fernsteuerung 3 Sprachbefehlstart 4 Tastensteuerung 5 Zeitgesteuerte Reinigung 1 7,6 cm Ultraflach 2 Intelligente Sensoren 3 Mehrere Reinigungsmodi Wie [&hellip;]<\/p>\n","protected":false},"featured_media":2795,"comment_status":"open","ping_status":"closed","template":"","meta":{"_aipt_faq_data":""},"store":[],"product_brand":[304],"product_cat":[28],"product_tag":[39],"class_list":{"0":"post-2794","1":"product","2":"type-product","3":"status-publish","4":"has-post-thumbnail","6":"product_brand-monsga","7":"product_cat-trending","8":"product_tag-saugroboter-mit-wischfunktion","10":"first","11":"instock","12":"shipping-taxable","13":"product-type-external"},"yoast_head":"<!-- This site is optimized with the Yoast SEO plugin v27.4 - https:\/\/yoast.com\/product\/yoast-seo-wordpress\/ -->\n<title>MONSGA Saugroboter mit Wischfunktion 4000 PA, Saug- und Wischroboter 3 in 1 mit 2 B\u00fcrsten, 140 Minuten Laufzeit, Staubsaugerroboter mit Autoteppich-Boost f\u00fcr Tierhaare, Teppichb\u00f6den - EasyLifeBro<\/title>\n<meta name=\"description\" content=\"Entdecken Sie smarte Roboter f\u00fcr Zuhause, Garten, Bildung und Sicherheit. Vergleichen Sie Saugroboter, Rasenm\u00e4hroboter, KI-Begleitroboter und mehr bei EasyLifeRobo.\" \/>\n<meta name=\"robots\" content=\"index, follow, max-snippet:-1, max-image-preview:large, max-video-preview:-1\" \/>\n<link rel=\"canonical\" href=\"https:\/\/easyliferobo.com\/de\/product\/monsga-saugroboter-mit-wischfunktion-4000-pa-saug-und-wischroboter-3-in-1-mit-2-buersten-140-minuten-laufzeit-staubsaugerroboter-mit-autoteppich-boost-fuer-tierhaare-teppichboeden\/\" \/>\n<meta property=\"og:locale\" content=\"de_DE\" \/>\n<meta property=\"og:type\" content=\"article\" \/>\n<meta property=\"og:title\" content=\"MONSGA Saugroboter mit Wischfunktion 4000 PA, Saug- und Wischroboter 3 in 1 mit 2 B\u00fcrsten, 140 Minuten Laufzeit, Staubsaugerroboter mit Autoteppich-Boost f\u00fcr Tierhaare, Teppichb\u00f6den - EasyLifeBro\" \/>\n<meta property=\"og:description\" content=\"Entdecken Sie smarte Roboter f\u00fcr Zuhause, Garten, Bildung und Sicherheit. Vergleichen Sie Saugroboter, Rasenm\u00e4hroboter, KI-Begleitroboter und mehr bei EasyLifeRobo.\" \/>\n<meta property=\"og:url\" content=\"https:\/\/easyliferobo.com\/de\/product\/monsga-saugroboter-mit-wischfunktion-4000-pa-saug-und-wischroboter-3-in-1-mit-2-buersten-140-minuten-laufzeit-staubsaugerroboter-mit-autoteppich-boost-fuer-tierhaare-teppichboeden\/\" \/>\n<meta property=\"og:site_name\" content=\"EasyLifeBro\" \/>\n<meta property=\"article:modified_time\" content=\"2026-02-27T05:09:55+00:00\" \/>\n<meta property=\"og:image\" content=\"https:\/\/images-na.ssl-images-amazon.com\/images\/G\/01\/x-locale\/common\/grey-pixel.gif\" \/>\n<meta name=\"twitter:card\" content=\"summary_large_image\" \/>\n<meta name=\"twitter:label1\" content=\"Gesch\u00e4tzte Lesezeit\" \/>\n\t<meta name=\"twitter:data1\" content=\"2\u00a0Minuten\" \/>\n<script type=\"application\/ld+json\" class=\"yoast-schema-graph\">{\"@context\":\"https:\\\/\\\/schema.org\",\"@graph\":[{\"@type\":\"WebPage\",\"@id\":\"https:\\\/\\\/easyliferobo.com\\\/de\\\/product\\\/monsga-saugroboter-mit-wischfunktion-4000-pa-saug-und-wischroboter-3-in-1-mit-2-buersten-140-minuten-laufzeit-staubsaugerroboter-mit-autoteppich-boost-fuer-tierhaare-teppichboeden\\\/\",\"url\":\"https:\\\/\\\/easyliferobo.com\\\/de\\\/product\\\/monsga-saugroboter-mit-wischfunktion-4000-pa-saug-und-wischroboter-3-in-1-mit-2-buersten-140-minuten-laufzeit-staubsaugerroboter-mit-autoteppich-boost-fuer-tierhaare-teppichboeden\\\/\",\"name\":\"MONSGA Saugroboter mit Wischfunktion 4000 PA, Saug- und Wischroboter 3 in 1 mit 2 B\u00fcrsten, 140 Minuten Laufzeit, Staubsaugerroboter mit Autoteppich-Boost f\u00fcr Tierhaare, Teppichb\u00f6den - EasyLifeBro\",\"isPartOf\":{\"@id\":\"https:\\\/\\\/easyliferobo.com\\\/de\\\/#website\"},\"primaryImageOfPage\":{\"@id\":\"https:\\\/\\\/easyliferobo.com\\\/de\\\/product\\\/monsga-saugroboter-mit-wischfunktion-4000-pa-saug-und-wischroboter-3-in-1-mit-2-buersten-140-minuten-laufzeit-staubsaugerroboter-mit-autoteppich-boost-fuer-tierhaare-teppichboeden\\\/#primaryimage\"},\"image\":{\"@id\":\"https:\\\/\\\/easyliferobo.com\\\/de\\\/product\\\/monsga-saugroboter-mit-wischfunktion-4000-pa-saug-und-wischroboter-3-in-1-mit-2-buersten-140-minuten-laufzeit-staubsaugerroboter-mit-autoteppich-boost-fuer-tierhaare-teppichboeden\\\/#primaryimage\"},\"thumbnailUrl\":\"https:\\\/\\\/easyliferobo.com\\\/de\\\/wp-content\\\/uploads\\\/2026\\\/02\\\/71WcgmlpUtL._AC_SL1500_.jpg\",\"datePublished\":\"2026-02-27T05:09:39+00:00\",\"dateModified\":\"2026-02-27T05:09:55+00:00\",\"description\":\"Entdecken Sie smarte Roboter f\u00fcr Zuhause, Garten, Bildung und Sicherheit. Vergleichen Sie Saugroboter, Rasenm\u00e4hroboter, KI-Begleitroboter und mehr bei EasyLifeRobo.\",\"breadcrumb\":{\"@id\":\"https:\\\/\\\/easyliferobo.com\\\/de\\\/product\\\/monsga-saugroboter-mit-wischfunktion-4000-pa-saug-und-wischroboter-3-in-1-mit-2-buersten-140-minuten-laufzeit-staubsaugerroboter-mit-autoteppich-boost-fuer-tierhaare-teppichboeden\\\/#breadcrumb\"},\"inLanguage\":\"de\",\"potentialAction\":[{\"@type\":\"ReadAction\",\"target\":[\"https:\\\/\\\/easyliferobo.com\\\/de\\\/product\\\/monsga-saugroboter-mit-wischfunktion-4000-pa-saug-und-wischroboter-3-in-1-mit-2-buersten-140-minuten-laufzeit-staubsaugerroboter-mit-autoteppich-boost-fuer-tierhaare-teppichboeden\\\/\"]}]},{\"@type\":\"ImageObject\",\"inLanguage\":\"de\",\"@id\":\"https:\\\/\\\/easyliferobo.com\\\/de\\\/product\\\/monsga-saugroboter-mit-wischfunktion-4000-pa-saug-und-wischroboter-3-in-1-mit-2-buersten-140-minuten-laufzeit-staubsaugerroboter-mit-autoteppich-boost-fuer-tierhaare-teppichboeden\\\/#primaryimage\",\"url\":\"https:\\\/\\\/easyliferobo.com\\\/de\\\/wp-content\\\/uploads\\\/2026\\\/02\\\/71WcgmlpUtL._AC_SL1500_.jpg\",\"contentUrl\":\"https:\\\/\\\/easyliferobo.com\\\/de\\\/wp-content\\\/uploads\\\/2026\\\/02\\\/71WcgmlpUtL._AC_SL1500_.jpg\",\"width\":1400,\"height\":1500},{\"@type\":\"BreadcrumbList\",\"@id\":\"https:\\\/\\\/easyliferobo.com\\\/de\\\/product\\\/monsga-saugroboter-mit-wischfunktion-4000-pa-saug-und-wischroboter-3-in-1-mit-2-buersten-140-minuten-laufzeit-staubsaugerroboter-mit-autoteppich-boost-fuer-tierhaare-teppichboeden\\\/#breadcrumb\",\"itemListElement\":[{\"@type\":\"ListItem\",\"position\":1,\"name\":\"Home\",\"item\":\"https:\\\/\\\/easyliferobo.com\\\/de\\\/\"},{\"@type\":\"ListItem\",\"position\":2,\"name\":\"Shop\",\"item\":\"https:\\\/\\\/easyliferobo.com\\\/de\\\/shop\\\/\"},{\"@type\":\"ListItem\",\"position\":3,\"name\":\"MONSGA Saugroboter mit Wischfunktio...\"}]},{\"@type\":\"WebSite\",\"@id\":\"https:\\\/\\\/easyliferobo.com\\\/de\\\/#website\",\"url\":\"https:\\\/\\\/easyliferobo.com\\\/de\\\/\",\"name\":\"EasyLifeBro\",\"description\":\"Smarte Roboter f\u00fcr Zuhause, Garten &amp; Bildung\",\"publisher\":{\"@id\":\"https:\\\/\\\/easyliferobo.com\\\/de\\\/#organization\"},\"potentialAction\":[{\"@type\":\"SearchAction\",\"target\":{\"@type\":\"EntryPoint\",\"urlTemplate\":\"https:\\\/\\\/easyliferobo.com\\\/de\\\/?s={search_term_string}\"},\"query-input\":{\"@type\":\"PropertyValueSpecification\",\"valueRequired\":true,\"valueName\":\"search_term_string\"}}],\"inLanguage\":\"de\"},{\"@type\":\"Organization\",\"@id\":\"https:\\\/\\\/easyliferobo.com\\\/de\\\/#organization\",\"name\":\"EasyLifeBro\",\"url\":\"https:\\\/\\\/easyliferobo.com\\\/de\\\/\",\"logo\":{\"@type\":\"ImageObject\",\"inLanguage\":\"de\",\"@id\":\"https:\\\/\\\/easyliferobo.com\\\/de\\\/#\\\/schema\\\/logo\\\/image\\\/\",\"url\":\"https:\\\/\\\/easyliferobo.com\\\/de\\\/wp-content\\\/uploads\\\/2026\\\/02\\\/Screenshot-2026-02-22-at-2.25.03-PM.png\",\"contentUrl\":\"https:\\\/\\\/easyliferobo.com\\\/de\\\/wp-content\\\/uploads\\\/2026\\\/02\\\/Screenshot-2026-02-22-at-2.25.03-PM.png\",\"width\":1858,\"height\":430,\"caption\":\"EasyLifeBro\"},\"image\":{\"@id\":\"https:\\\/\\\/easyliferobo.com\\\/de\\\/#\\\/schema\\\/logo\\\/image\\\/\"}}]}<\/script>\n<!-- \/ Yoast SEO plugin. -->","yoast_head_json":{"title":"MONSGA Saugroboter mit Wischfunktion 4000 PA, Saug- und Wischroboter 3 in 1 mit 2 B\u00fcrsten, 140 Minuten Laufzeit, Staubsaugerroboter mit Autoteppich-Boost f\u00fcr Tierhaare, Teppichb\u00f6den - EasyLifeBro","description":"Entdecken Sie smarte Roboter f\u00fcr Zuhause, Garten, Bildung und Sicherheit. Vergleichen Sie Saugroboter, Rasenm\u00e4hroboter, KI-Begleitroboter und mehr bei EasyLifeRobo.","robots":{"index":"index","follow":"follow","max-snippet":"max-snippet:-1","max-image-preview":"max-image-preview:large","max-video-preview":"max-video-preview:-1"},"canonical":"https:\/\/easyliferobo.com\/de\/product\/monsga-saugroboter-mit-wischfunktion-4000-pa-saug-und-wischroboter-3-in-1-mit-2-buersten-140-minuten-laufzeit-staubsaugerroboter-mit-autoteppich-boost-fuer-tierhaare-teppichboeden\/","og_locale":"de_DE","og_type":"article","og_title":"MONSGA Saugroboter mit Wischfunktion 4000 PA, Saug- und Wischroboter 3 in 1 mit 2 B\u00fcrsten, 140 Minuten Laufzeit, Staubsaugerroboter mit Autoteppich-Boost f\u00fcr Tierhaare, Teppichb\u00f6den - EasyLifeBro","og_description":"Entdecken Sie smarte Roboter f\u00fcr Zuhause, Garten, Bildung und Sicherheit. Vergleichen Sie Saugroboter, Rasenm\u00e4hroboter, KI-Begleitroboter und mehr bei EasyLifeRobo.","og_url":"https:\/\/easyliferobo.com\/de\/product\/monsga-saugroboter-mit-wischfunktion-4000-pa-saug-und-wischroboter-3-in-1-mit-2-buersten-140-minuten-laufzeit-staubsaugerroboter-mit-autoteppich-boost-fuer-tierhaare-teppichboeden\/","og_site_name":"EasyLifeBro","article_modified_time":"2026-02-27T05:09:55+00:00","og_image":[{"url":"https:\/\/images-na.ssl-images-amazon.com\/images\/G\/01\/x-locale\/common\/grey-pixel.gif","type":"","width":"","height":""}],"twitter_card":"summary_large_image","twitter_misc":{"Gesch\u00e4tzte Lesezeit":"2\u00a0Minuten"},"schema":{"@context":"https:\/\/schema.org","@graph":[{"@type":"WebPage","@id":"https:\/\/easyliferobo.com\/de\/product\/monsga-saugroboter-mit-wischfunktion-4000-pa-saug-und-wischroboter-3-in-1-mit-2-buersten-140-minuten-laufzeit-staubsaugerroboter-mit-autoteppich-boost-fuer-tierhaare-teppichboeden\/","url":"https:\/\/easyliferobo.com\/de\/product\/monsga-saugroboter-mit-wischfunktion-4000-pa-saug-und-wischroboter-3-in-1-mit-2-buersten-140-minuten-laufzeit-staubsaugerroboter-mit-autoteppich-boost-fuer-tierhaare-teppichboeden\/","name":"MONSGA Saugroboter mit Wischfunktion 4000 PA, Saug- und Wischroboter 3 in 1 mit 2 B\u00fcrsten, 140 Minuten Laufzeit, Staubsaugerroboter mit Autoteppich-Boost f\u00fcr Tierhaare, Teppichb\u00f6den - EasyLifeBro","isPartOf":{"@id":"https:\/\/easyliferobo.com\/de\/#website"},"primaryImageOfPage":{"@id":"https:\/\/easyliferobo.com\/de\/product\/monsga-saugroboter-mit-wischfunktion-4000-pa-saug-und-wischroboter-3-in-1-mit-2-buersten-140-minuten-laufzeit-staubsaugerroboter-mit-autoteppich-boost-fuer-tierhaare-teppichboeden\/#primaryimage"},"image":{"@id":"https:\/\/easyliferobo.com\/de\/product\/monsga-saugroboter-mit-wischfunktion-4000-pa-saug-und-wischroboter-3-in-1-mit-2-buersten-140-minuten-laufzeit-staubsaugerroboter-mit-autoteppich-boost-fuer-tierhaare-teppichboeden\/#primaryimage"},"thumbnailUrl":"https:\/\/easyliferobo.com\/de\/wp-content\/uploads\/2026\/02\/71WcgmlpUtL._AC_SL1500_.jpg","datePublished":"2026-02-27T05:09:39+00:00","dateModified":"2026-02-27T05:09:55+00:00","description":"Entdecken Sie smarte Roboter f\u00fcr Zuhause, Garten, Bildung und Sicherheit. Vergleichen Sie Saugroboter, Rasenm\u00e4hroboter, KI-Begleitroboter und mehr bei EasyLifeRobo.","breadcrumb":{"@id":"https:\/\/easyliferobo.com\/de\/product\/monsga-saugroboter-mit-wischfunktion-4000-pa-saug-und-wischroboter-3-in-1-mit-2-buersten-140-minuten-laufzeit-staubsaugerroboter-mit-autoteppich-boost-fuer-tierhaare-teppichboeden\/#breadcrumb"},"inLanguage":"de","potentialAction":[{"@type":"ReadAction","target":["https:\/\/easyliferobo.com\/de\/product\/monsga-saugroboter-mit-wischfunktion-4000-pa-saug-und-wischroboter-3-in-1-mit-2-buersten-140-minuten-laufzeit-staubsaugerroboter-mit-autoteppich-boost-fuer-tierhaare-teppichboeden\/"]}]},{"@type":"ImageObject","inLanguage":"de","@id":"https:\/\/easyliferobo.com\/de\/product\/monsga-saugroboter-mit-wischfunktion-4000-pa-saug-und-wischroboter-3-in-1-mit-2-buersten-140-minuten-laufzeit-staubsaugerroboter-mit-autoteppich-boost-fuer-tierhaare-teppichboeden\/#primaryimage","url":"https:\/\/easyliferobo.com\/de\/wp-content\/uploads\/2026\/02\/71WcgmlpUtL._AC_SL1500_.jpg","contentUrl":"https:\/\/easyliferobo.com\/de\/wp-content\/uploads\/2026\/02\/71WcgmlpUtL._AC_SL1500_.jpg","width":1400,"height":1500},{"@type":"BreadcrumbList","@id":"https:\/\/easyliferobo.com\/de\/product\/monsga-saugroboter-mit-wischfunktion-4000-pa-saug-und-wischroboter-3-in-1-mit-2-buersten-140-minuten-laufzeit-staubsaugerroboter-mit-autoteppich-boost-fuer-tierhaare-teppichboeden\/#breadcrumb","itemListElement":[{"@type":"ListItem","position":1,"name":"Home","item":"https:\/\/easyliferobo.com\/de\/"},{"@type":"ListItem","position":2,"name":"Shop","item":"https:\/\/easyliferobo.com\/de\/shop\/"},{"@type":"ListItem","position":3,"name":"MONSGA Saugroboter mit Wischfunktio..."}]},{"@type":"WebSite","@id":"https:\/\/easyliferobo.com\/de\/#website","url":"https:\/\/easyliferobo.com\/de\/","name":"EasyLifeBro","description":"Smarte Roboter f\u00fcr Zuhause, Garten &amp; Bildung","publisher":{"@id":"https:\/\/easyliferobo.com\/de\/#organization"},"potentialAction":[{"@type":"SearchAction","target":{"@type":"EntryPoint","urlTemplate":"https:\/\/easyliferobo.com\/de\/?s={search_term_string}"},"query-input":{"@type":"PropertyValueSpecification","valueRequired":true,"valueName":"search_term_string"}}],"inLanguage":"de"},{"@type":"Organization","@id":"https:\/\/easyliferobo.com\/de\/#organization","name":"EasyLifeBro","url":"https:\/\/easyliferobo.com\/de\/","logo":{"@type":"ImageObject","inLanguage":"de","@id":"https:\/\/easyliferobo.com\/de\/#\/schema\/logo\/image\/","url":"https:\/\/easyliferobo.com\/de\/wp-content\/uploads\/2026\/02\/Screenshot-2026-02-22-at-2.25.03-PM.png","contentUrl":"https:\/\/easyliferobo.com\/de\/wp-content\/uploads\/2026\/02\/Screenshot-2026-02-22-at-2.25.03-PM.png","width":1858,"height":430,"caption":"EasyLifeBro"},"image":{"@id":"https:\/\/easyliferobo.com\/de\/#\/schema\/logo\/image\/"}}]}},"_links":{"self":[{"href":"https:\/\/easyliferobo.com\/de\/wp-json\/wp\/v2\/product\/2794","targetHints":{"allow":["GET"]}}],"collection":[{"href":"https:\/\/easyliferobo.com\/de\/wp-json\/wp\/v2\/product"}],"about":[{"href":"https:\/\/easyliferobo.com\/de\/wp-json\/wp\/v2\/types\/product"}],"replies":[{"embeddable":true,"href":"https:\/\/easyliferobo.com\/de\/wp-json\/wp\/v2\/comments?post=2794"}],"wp:featuredmedia":[{"embeddable":true,"href":"https:\/\/easyliferobo.com\/de\/wp-json\/wp\/v2\/media\/2795"}],"wp:attachment":[{"href":"https:\/\/easyliferobo.com\/de\/wp-json\/wp\/v2\/media?parent=2794"}],"wp:term":[{"taxonomy":"store","embeddable":true,"href":"https:\/\/easyliferobo.com\/de\/wp-json\/wp\/v2\/store?post=2794"},{"taxonomy":"product_brand","embeddable":true,"href":"https:\/\/easyliferobo.com\/de\/wp-json\/wp\/v2\/product_brand?post=2794"},{"taxonomy":"product_cat","embeddable":true,"href":"https:\/\/easyliferobo.com\/de\/wp-json\/wp\/v2\/product_cat?post=2794"},{"taxonomy":"product_tag","embeddable":true,"href":"https:\/\/easyliferobo.com\/de\/wp-json\/wp\/v2\/product_tag?post=2794"}],"curies":[{"name":"wp","href":"https:\/\/api.w.org\/{rel}","templated":true}]}}