
{"id":279,"date":"2026-02-22T09:22:43","date_gmt":"2026-02-22T09:22:43","guid":{"rendered":"https:\/\/easyliferobo.com\/de\/product\/makeblock-mbot-2-programmierbare-roboter-fuer-kinder-ki-roboterspielzeug-mit-wifi-fernbedienung-mit-scratch-und-python-kompatibel-intelligentes-stem-kit-geschenk-fuer-kinder-ab-8-jahren\/"},"modified":"2026-02-22T09:22:58","modified_gmt":"2026-02-22T09:22:58","slug":"makeblock-mbot-2-programmierbare-roboter-fuer-kinder-ki-roboterspielzeug-mit-wifi-fernbedienung-mit-scratch-und-python-kompatibel-intelligentes-stem-kit-geschenk-fuer-kinder-ab-8-jahren","status":"publish","type":"product","link":"https:\/\/easyliferobo.com\/de\/product\/makeblock-mbot-2-programmierbare-roboter-fuer-kinder-ki-roboterspielzeug-mit-wifi-fernbedienung-mit-scratch-und-python-kompatibel-intelligentes-stem-kit-geschenk-fuer-kinder-ab-8-jahren\/","title":{"rendered":"Makeblock mBot 2 programmierbare Ro..."},"content":{"rendered":"<p>\n                                             Von der Marke   <\/p>\n<p>                                              <img decoding=\"async\" alt=\"Makeblcok-Markengeschichte\" src=\"https:\/\/images-na.ssl-images-amazon.com\/images\/G\/01\/x-locale\/common\/grey-pixel.gif\" class=\"a-lazy-loaded\" data-src=\"https:\/\/m.media-amazon.com\/images\/S\/aplus-media-library-service-media\/4faf8972-7ef0-4260-bd06-acf82ed3ad23.__CR0,0,1464,625_PT0_SX1464_V1___.jpg\"><img decoding=\"async\" alt=\"Makeblcok-Markengeschichte\" src=\"https:\/\/m.media-amazon.com\/images\/S\/aplus-media-library-service-media\/4faf8972-7ef0-4260-bd06-acf82ed3ad23.__CR0,0,1464,625_PT0_SX1464_V1___.jpg\">  <\/p>\n<p>                                              <img decoding=\"async\" alt=\"Makeblock-Geschichte der Marke\" src=\"https:\/\/images-na.ssl-images-amazon.com\/images\/G\/01\/x-locale\/common\/grey-pixel.gif\" class=\"a-lazy-loaded\" data-src=\"https:\/\/m.media-amazon.com\/images\/S\/aplus-media-library-service-media\/dc1539e0-1bb6-44c4-aa81-12721abc9539.__CR0,0,362,453_PT0_SX362_V1___.jpg\"><img decoding=\"async\" alt=\"Makeblock-Geschichte der Marke\" src=\"https:\/\/m.media-amazon.com\/images\/S\/aplus-media-library-service-media\/dc1539e0-1bb6-44c4-aa81-12721abc9539.__CR0,0,362,453_PT0_SX362_V1___.jpg\">  <\/p>\n<p>                                              <img decoding=\"async\" alt=\"Makeblock-Markengeschichte\" src=\"https:\/\/images-na.ssl-images-amazon.com\/images\/G\/01\/x-locale\/common\/grey-pixel.gif\" class=\"a-lazy-loaded\" data-src=\"https:\/\/m.media-amazon.com\/images\/S\/aplus-media-library-service-media\/ec8a1e57-8b03-49ba-a190-f0d249844255.__CR0,0,362,453_PT0_SX362_V1___.jpg\"><img decoding=\"async\" alt=\"Makeblock-Markengeschichte\" src=\"https:\/\/m.media-amazon.com\/images\/S\/aplus-media-library-service-media\/ec8a1e57-8b03-49ba-a190-f0d249844255.__CR0,0,362,453_PT0_SX362_V1___.jpg\">  <\/p>\n<p>                                              <img decoding=\"async\" alt=\"Makeblock-Markengeschichte\" src=\"https:\/\/images-na.ssl-images-amazon.com\/images\/G\/01\/x-locale\/common\/grey-pixel.gif\" class=\"a-lazy-loaded\" data-src=\"https:\/\/m.media-amazon.com\/images\/S\/aplus-media-library-service-media\/9104e942-18dd-469e-9c22-27037a60bc0f.__CR0,0,362,453_PT0_SX362_V1___.jpg\"><img decoding=\"async\" alt=\"Makeblock-Markengeschichte\" src=\"https:\/\/m.media-amazon.com\/images\/S\/aplus-media-library-service-media\/9104e942-18dd-469e-9c22-27037a60bc0f.__CR0,0,362,453_PT0_SX362_V1___.jpg\">  <\/p>\n<h3>  Geeignet f\u00fcr Kinder ab 4 Jahren <\/h3>\n<p class=\"apm-brand-story-stores-link\">\n<h3>  Geeignet f\u00fcr Kinder ab 6 Jahren <\/h3>\n<p class=\"apm-brand-story-stores-link\">\n<h3>  Geeignet f\u00fcr Kinder ab 8 Jahren <\/h3>\n<p class=\"apm-brand-story-stores-link\">\n<h3>  Ab 12 Jahren <\/h3>\n<p class=\"apm-brand-story-stores-link\">\n<p>Makeblock mBot 2: Als MINT-Spielzeug verf\u00fcgt mBot 2 \u00fcber drei Ebenen: Bauen, Erkennen und Schaffen. Dieser programmierbare Roboter lernt spielerisch und erm\u00f6glicht es Kindern, Scratch- und Python-Programmierung, elektronische Baugruppen und Robotikf\u00e4higkeiten auf intuitivere Weise zu erlernen. Es verbessert die Hand-Auge-Koordination, Konzentration, das logische Denken und die Kreativit\u00e4t von Kindern vom Bauen bis zum Spielen.<br \/>Mehr Funktionen, mehr Spa\u00df: Zus\u00e4tzlich zu den Grundfunktionen wie Linienverfolgung, Hindernisvermeidung, Objektverfolgung und mobiler App wird die Spielbarkeit von mBot 2 deutlich gesteigert; Dieser Codierroboter ist sprachgesteuert, kann h\u00f6ren, sich erinnern und sprechen. Sprachbefehle werden unterst\u00fctzt, z. B. vorw\u00e4rts, tanzen. Durch Mikrofon- und Scratch-Programmierung kann die Aufnahmefunktion implementiert werden. Erweitern Sie Ihre Fantasie, um mehr Spielm\u00f6glichkeiten zu schaffen!<br \/>CyberPi: Mit diesem multifunktionalen Motherboard verf\u00fcgt CyberPi \u00fcber einen integrierten Ultraschallsensor, einen Empf\u00e4nger und ein WiFi-Modul, sodass sich mBot 2 mit dem Internet verbinden kann und Kinder mehr \u00fcber das Internet der Dinge erfahren. Und f\u00fcr Lehrer erm\u00f6glicht das WiFi-Modul die Verbindung dieses Multi-Coding-Roboters, um Aufgaben gemeinsam zu erledigen, und vereinfacht den Unterricht durch die gleichzeitige Verwendung derselben Programmierung.<br \/>Bauen mit Kind: Die Bauzeit dient dazu, dass Sie und Ihr Kind gemeinsam lernen und sich besser kennenlernen. Mit Hilfe der Installation auf der Homepage hilft der 30-min\u00fctige Aufbau den Kindern, mehr \u00fcber die Roboterkomponenten und den mechanischen Aufbau des Spielzeugs zu erfahren.<br \/>Klare Anleitung: F\u00fcr den Bau werden ein ausf\u00fchrliches Papierhandbuch und eine elektronische Ausgabe angeboten. Die mobile Makeblock-App hilft Kindern, mBot 2 wahrzunehmen. Mblock-Programmiersoftware und bis zu 37 Lektionen werden ebenfalls bereitgestellt, damit Kinder lernen, wie sie Scratch oder Python zum Programmieren verwenden, um weitere Funktionen f\u00fcr ihren Roboterbausatz zu erstellen.<\/p>\n<p>[ad_2]<\/p>\n","protected":false},"excerpt":{"rendered":"<p>Von der Marke Geeignet f\u00fcr Kinder ab 4 Jahren Geeignet f\u00fcr Kinder ab 6 Jahren Geeignet f\u00fcr Kinder ab 8 Jahren Ab 12 Jahren Makeblock mBot 2: Als MINT-Spielzeug verf\u00fcgt mBot 2 \u00fcber drei Ebenen: Bauen, Erkennen und Schaffen. Dieser programmierbare Roboter lernt spielerisch und erm\u00f6glicht es Kindern, Scratch- und Python-Programmierung, elektronische Baugruppen und Robotikf\u00e4higkeiten [&hellip;]<\/p>\n","protected":false},"featured_media":280,"comment_status":"open","ping_status":"closed","template":"","meta":{"_aipt_faq_data":""},"store":[],"product_brand":[],"product_cat":[94],"product_tag":[128],"class_list":{"0":"post-279","1":"product","2":"type-product","3":"status-publish","4":"has-post-thumbnail","6":"product_cat-roboter-haustiere","7":"product_tag-roboter-haustiere-interaktive-spielzeug","9":"first","10":"instock","11":"sale","12":"shipping-taxable","13":"product-type-external"},"yoast_head":"<!-- This site is optimized with the Yoast SEO plugin v27.4 - https:\/\/yoast.com\/product\/yoast-seo-wordpress\/ -->\n<title>Makeblock mBot 2 programmierbare Roboter f\u00fcr Kinder, KI-Roboterspielzeug mit WiFi-Fernbedienung, mit Scratch- und Python-kompatibel, intelligentes STEM-Kit, Geschenk f\u00fcr Kinder ab 8 Jahren - EasyLifeBro<\/title>\n<meta name=\"description\" content=\"Entdecken Sie smarte Roboter f\u00fcr Zuhause, Garten, Bildung und Sicherheit. Vergleichen Sie Saugroboter, Rasenm\u00e4hroboter, KI-Begleitroboter und mehr bei EasyLifeRobo.\" \/>\n<meta name=\"robots\" content=\"index, follow, max-snippet:-1, max-image-preview:large, max-video-preview:-1\" \/>\n<link rel=\"canonical\" href=\"https:\/\/easyliferobo.com\/de\/product\/makeblock-mbot-2-programmierbare-roboter-fuer-kinder-ki-roboterspielzeug-mit-wifi-fernbedienung-mit-scratch-und-python-kompatibel-intelligentes-stem-kit-geschenk-fuer-kinder-ab-8-jahren\/\" \/>\n<meta property=\"og:locale\" content=\"de_DE\" \/>\n<meta property=\"og:type\" content=\"article\" \/>\n<meta property=\"og:title\" content=\"Makeblock mBot 2 programmierbare Roboter f\u00fcr Kinder, KI-Roboterspielzeug mit WiFi-Fernbedienung, mit Scratch- und Python-kompatibel, intelligentes STEM-Kit, Geschenk f\u00fcr Kinder ab 8 Jahren - EasyLifeBro\" \/>\n<meta property=\"og:description\" content=\"Entdecken Sie smarte Roboter f\u00fcr Zuhause, Garten, Bildung und Sicherheit. Vergleichen Sie Saugroboter, Rasenm\u00e4hroboter, KI-Begleitroboter und mehr bei EasyLifeRobo.\" \/>\n<meta property=\"og:url\" content=\"https:\/\/easyliferobo.com\/de\/product\/makeblock-mbot-2-programmierbare-roboter-fuer-kinder-ki-roboterspielzeug-mit-wifi-fernbedienung-mit-scratch-und-python-kompatibel-intelligentes-stem-kit-geschenk-fuer-kinder-ab-8-jahren\/\" \/>\n<meta property=\"og:site_name\" content=\"EasyLifeBro\" \/>\n<meta property=\"article:modified_time\" content=\"2026-02-22T09:22:58+00:00\" \/>\n<meta property=\"og:image\" content=\"https:\/\/easyliferobo.com\/de\/wp-content\/uploads\/2026\/02\/719DsB3J2L._AC_SL1500_.jpg\" \/>\n\t<meta property=\"og:image:width\" content=\"1483\" \/>\n\t<meta property=\"og:image:height\" content=\"1500\" \/>\n\t<meta property=\"og:image:type\" content=\"image\/jpeg\" \/>\n<meta name=\"twitter:card\" content=\"summary_large_image\" \/>\n<meta name=\"twitter:label1\" content=\"Gesch\u00e4tzte Lesezeit\" \/>\n\t<meta name=\"twitter:data1\" content=\"1\u00a0Minute\" \/>\n<script type=\"application\/ld+json\" class=\"yoast-schema-graph\">{\"@context\":\"https:\\\/\\\/schema.org\",\"@graph\":[{\"@type\":\"WebPage\",\"@id\":\"https:\\\/\\\/easyliferobo.com\\\/de\\\/product\\\/makeblock-mbot-2-programmierbare-roboter-fuer-kinder-ki-roboterspielzeug-mit-wifi-fernbedienung-mit-scratch-und-python-kompatibel-intelligentes-stem-kit-geschenk-fuer-kinder-ab-8-jahren\\\/\",\"url\":\"https:\\\/\\\/easyliferobo.com\\\/de\\\/product\\\/makeblock-mbot-2-programmierbare-roboter-fuer-kinder-ki-roboterspielzeug-mit-wifi-fernbedienung-mit-scratch-und-python-kompatibel-intelligentes-stem-kit-geschenk-fuer-kinder-ab-8-jahren\\\/\",\"name\":\"Makeblock mBot 2 programmierbare Roboter f\u00fcr Kinder, KI-Roboterspielzeug mit WiFi-Fernbedienung, mit Scratch- und Python-kompatibel, intelligentes STEM-Kit, Geschenk f\u00fcr Kinder ab 8 Jahren - EasyLifeBro\",\"isPartOf\":{\"@id\":\"https:\\\/\\\/easyliferobo.com\\\/de\\\/#website\"},\"primaryImageOfPage\":{\"@id\":\"https:\\\/\\\/easyliferobo.com\\\/de\\\/product\\\/makeblock-mbot-2-programmierbare-roboter-fuer-kinder-ki-roboterspielzeug-mit-wifi-fernbedienung-mit-scratch-und-python-kompatibel-intelligentes-stem-kit-geschenk-fuer-kinder-ab-8-jahren\\\/#primaryimage\"},\"image\":{\"@id\":\"https:\\\/\\\/easyliferobo.com\\\/de\\\/product\\\/makeblock-mbot-2-programmierbare-roboter-fuer-kinder-ki-roboterspielzeug-mit-wifi-fernbedienung-mit-scratch-und-python-kompatibel-intelligentes-stem-kit-geschenk-fuer-kinder-ab-8-jahren\\\/#primaryimage\"},\"thumbnailUrl\":\"https:\\\/\\\/easyliferobo.com\\\/de\\\/wp-content\\\/uploads\\\/2026\\\/02\\\/719DsB3J2L._AC_SL1500_.jpg\",\"datePublished\":\"2026-02-22T09:22:43+00:00\",\"dateModified\":\"2026-02-22T09:22:58+00:00\",\"description\":\"Entdecken Sie smarte Roboter f\u00fcr Zuhause, Garten, Bildung und Sicherheit. Vergleichen Sie Saugroboter, Rasenm\u00e4hroboter, KI-Begleitroboter und mehr bei EasyLifeRobo.\",\"breadcrumb\":{\"@id\":\"https:\\\/\\\/easyliferobo.com\\\/de\\\/product\\\/makeblock-mbot-2-programmierbare-roboter-fuer-kinder-ki-roboterspielzeug-mit-wifi-fernbedienung-mit-scratch-und-python-kompatibel-intelligentes-stem-kit-geschenk-fuer-kinder-ab-8-jahren\\\/#breadcrumb\"},\"inLanguage\":\"de\",\"potentialAction\":[{\"@type\":\"ReadAction\",\"target\":[\"https:\\\/\\\/easyliferobo.com\\\/de\\\/product\\\/makeblock-mbot-2-programmierbare-roboter-fuer-kinder-ki-roboterspielzeug-mit-wifi-fernbedienung-mit-scratch-und-python-kompatibel-intelligentes-stem-kit-geschenk-fuer-kinder-ab-8-jahren\\\/\"]}]},{\"@type\":\"ImageObject\",\"inLanguage\":\"de\",\"@id\":\"https:\\\/\\\/easyliferobo.com\\\/de\\\/product\\\/makeblock-mbot-2-programmierbare-roboter-fuer-kinder-ki-roboterspielzeug-mit-wifi-fernbedienung-mit-scratch-und-python-kompatibel-intelligentes-stem-kit-geschenk-fuer-kinder-ab-8-jahren\\\/#primaryimage\",\"url\":\"https:\\\/\\\/easyliferobo.com\\\/de\\\/wp-content\\\/uploads\\\/2026\\\/02\\\/719DsB3J2L._AC_SL1500_.jpg\",\"contentUrl\":\"https:\\\/\\\/easyliferobo.com\\\/de\\\/wp-content\\\/uploads\\\/2026\\\/02\\\/719DsB3J2L._AC_SL1500_.jpg\",\"width\":1483,\"height\":1500},{\"@type\":\"BreadcrumbList\",\"@id\":\"https:\\\/\\\/easyliferobo.com\\\/de\\\/product\\\/makeblock-mbot-2-programmierbare-roboter-fuer-kinder-ki-roboterspielzeug-mit-wifi-fernbedienung-mit-scratch-und-python-kompatibel-intelligentes-stem-kit-geschenk-fuer-kinder-ab-8-jahren\\\/#breadcrumb\",\"itemListElement\":[{\"@type\":\"ListItem\",\"position\":1,\"name\":\"Home\",\"item\":\"https:\\\/\\\/easyliferobo.com\\\/de\\\/\"},{\"@type\":\"ListItem\",\"position\":2,\"name\":\"Shop\",\"item\":\"https:\\\/\\\/easyliferobo.com\\\/de\\\/shop\\\/\"},{\"@type\":\"ListItem\",\"position\":3,\"name\":\"Makeblock mBot 2 programmierbare Ro...\"}]},{\"@type\":\"WebSite\",\"@id\":\"https:\\\/\\\/easyliferobo.com\\\/de\\\/#website\",\"url\":\"https:\\\/\\\/easyliferobo.com\\\/de\\\/\",\"name\":\"EasyLifeBro\",\"description\":\"Smarte Roboter f\u00fcr Zuhause, Garten &amp; Bildung\",\"publisher\":{\"@id\":\"https:\\\/\\\/easyliferobo.com\\\/de\\\/#organization\"},\"potentialAction\":[{\"@type\":\"SearchAction\",\"target\":{\"@type\":\"EntryPoint\",\"urlTemplate\":\"https:\\\/\\\/easyliferobo.com\\\/de\\\/?s={search_term_string}\"},\"query-input\":{\"@type\":\"PropertyValueSpecification\",\"valueRequired\":true,\"valueName\":\"search_term_string\"}}],\"inLanguage\":\"de\"},{\"@type\":\"Organization\",\"@id\":\"https:\\\/\\\/easyliferobo.com\\\/de\\\/#organization\",\"name\":\"EasyLifeBro\",\"url\":\"https:\\\/\\\/easyliferobo.com\\\/de\\\/\",\"logo\":{\"@type\":\"ImageObject\",\"inLanguage\":\"de\",\"@id\":\"https:\\\/\\\/easyliferobo.com\\\/de\\\/#\\\/schema\\\/logo\\\/image\\\/\",\"url\":\"https:\\\/\\\/easyliferobo.com\\\/de\\\/wp-content\\\/uploads\\\/2026\\\/02\\\/Screenshot-2026-02-22-at-2.25.03-PM.png\",\"contentUrl\":\"https:\\\/\\\/easyliferobo.com\\\/de\\\/wp-content\\\/uploads\\\/2026\\\/02\\\/Screenshot-2026-02-22-at-2.25.03-PM.png\",\"width\":1858,\"height\":430,\"caption\":\"EasyLifeBro\"},\"image\":{\"@id\":\"https:\\\/\\\/easyliferobo.com\\\/de\\\/#\\\/schema\\\/logo\\\/image\\\/\"}}]}<\/script>\n<!-- \/ Yoast SEO plugin. -->","yoast_head_json":{"title":"Makeblock mBot 2 programmierbare Roboter f\u00fcr Kinder, KI-Roboterspielzeug mit WiFi-Fernbedienung, mit Scratch- und Python-kompatibel, intelligentes STEM-Kit, Geschenk f\u00fcr Kinder ab 8 Jahren - EasyLifeBro","description":"Entdecken Sie smarte Roboter f\u00fcr Zuhause, Garten, Bildung und Sicherheit. Vergleichen Sie Saugroboter, Rasenm\u00e4hroboter, KI-Begleitroboter und mehr bei EasyLifeRobo.","robots":{"index":"index","follow":"follow","max-snippet":"max-snippet:-1","max-image-preview":"max-image-preview:large","max-video-preview":"max-video-preview:-1"},"canonical":"https:\/\/easyliferobo.com\/de\/product\/makeblock-mbot-2-programmierbare-roboter-fuer-kinder-ki-roboterspielzeug-mit-wifi-fernbedienung-mit-scratch-und-python-kompatibel-intelligentes-stem-kit-geschenk-fuer-kinder-ab-8-jahren\/","og_locale":"de_DE","og_type":"article","og_title":"Makeblock mBot 2 programmierbare Roboter f\u00fcr Kinder, KI-Roboterspielzeug mit WiFi-Fernbedienung, mit Scratch- und Python-kompatibel, intelligentes STEM-Kit, Geschenk f\u00fcr Kinder ab 8 Jahren - EasyLifeBro","og_description":"Entdecken Sie smarte Roboter f\u00fcr Zuhause, Garten, Bildung und Sicherheit. Vergleichen Sie Saugroboter, Rasenm\u00e4hroboter, KI-Begleitroboter und mehr bei EasyLifeRobo.","og_url":"https:\/\/easyliferobo.com\/de\/product\/makeblock-mbot-2-programmierbare-roboter-fuer-kinder-ki-roboterspielzeug-mit-wifi-fernbedienung-mit-scratch-und-python-kompatibel-intelligentes-stem-kit-geschenk-fuer-kinder-ab-8-jahren\/","og_site_name":"EasyLifeBro","article_modified_time":"2026-02-22T09:22:58+00:00","og_image":[{"width":1483,"height":1500,"url":"https:\/\/easyliferobo.com\/de\/wp-content\/uploads\/2026\/02\/719DsB3J2L._AC_SL1500_.jpg","type":"image\/jpeg"}],"twitter_card":"summary_large_image","twitter_misc":{"Gesch\u00e4tzte Lesezeit":"1\u00a0Minute"},"schema":{"@context":"https:\/\/schema.org","@graph":[{"@type":"WebPage","@id":"https:\/\/easyliferobo.com\/de\/product\/makeblock-mbot-2-programmierbare-roboter-fuer-kinder-ki-roboterspielzeug-mit-wifi-fernbedienung-mit-scratch-und-python-kompatibel-intelligentes-stem-kit-geschenk-fuer-kinder-ab-8-jahren\/","url":"https:\/\/easyliferobo.com\/de\/product\/makeblock-mbot-2-programmierbare-roboter-fuer-kinder-ki-roboterspielzeug-mit-wifi-fernbedienung-mit-scratch-und-python-kompatibel-intelligentes-stem-kit-geschenk-fuer-kinder-ab-8-jahren\/","name":"Makeblock mBot 2 programmierbare Roboter f\u00fcr Kinder, KI-Roboterspielzeug mit WiFi-Fernbedienung, mit Scratch- und Python-kompatibel, intelligentes STEM-Kit, Geschenk f\u00fcr Kinder ab 8 Jahren - EasyLifeBro","isPartOf":{"@id":"https:\/\/easyliferobo.com\/de\/#website"},"primaryImageOfPage":{"@id":"https:\/\/easyliferobo.com\/de\/product\/makeblock-mbot-2-programmierbare-roboter-fuer-kinder-ki-roboterspielzeug-mit-wifi-fernbedienung-mit-scratch-und-python-kompatibel-intelligentes-stem-kit-geschenk-fuer-kinder-ab-8-jahren\/#primaryimage"},"image":{"@id":"https:\/\/easyliferobo.com\/de\/product\/makeblock-mbot-2-programmierbare-roboter-fuer-kinder-ki-roboterspielzeug-mit-wifi-fernbedienung-mit-scratch-und-python-kompatibel-intelligentes-stem-kit-geschenk-fuer-kinder-ab-8-jahren\/#primaryimage"},"thumbnailUrl":"https:\/\/easyliferobo.com\/de\/wp-content\/uploads\/2026\/02\/719DsB3J2L._AC_SL1500_.jpg","datePublished":"2026-02-22T09:22:43+00:00","dateModified":"2026-02-22T09:22:58+00:00","description":"Entdecken Sie smarte Roboter f\u00fcr Zuhause, Garten, Bildung und Sicherheit. Vergleichen Sie Saugroboter, Rasenm\u00e4hroboter, KI-Begleitroboter und mehr bei EasyLifeRobo.","breadcrumb":{"@id":"https:\/\/easyliferobo.com\/de\/product\/makeblock-mbot-2-programmierbare-roboter-fuer-kinder-ki-roboterspielzeug-mit-wifi-fernbedienung-mit-scratch-und-python-kompatibel-intelligentes-stem-kit-geschenk-fuer-kinder-ab-8-jahren\/#breadcrumb"},"inLanguage":"de","potentialAction":[{"@type":"ReadAction","target":["https:\/\/easyliferobo.com\/de\/product\/makeblock-mbot-2-programmierbare-roboter-fuer-kinder-ki-roboterspielzeug-mit-wifi-fernbedienung-mit-scratch-und-python-kompatibel-intelligentes-stem-kit-geschenk-fuer-kinder-ab-8-jahren\/"]}]},{"@type":"ImageObject","inLanguage":"de","@id":"https:\/\/easyliferobo.com\/de\/product\/makeblock-mbot-2-programmierbare-roboter-fuer-kinder-ki-roboterspielzeug-mit-wifi-fernbedienung-mit-scratch-und-python-kompatibel-intelligentes-stem-kit-geschenk-fuer-kinder-ab-8-jahren\/#primaryimage","url":"https:\/\/easyliferobo.com\/de\/wp-content\/uploads\/2026\/02\/719DsB3J2L._AC_SL1500_.jpg","contentUrl":"https:\/\/easyliferobo.com\/de\/wp-content\/uploads\/2026\/02\/719DsB3J2L._AC_SL1500_.jpg","width":1483,"height":1500},{"@type":"BreadcrumbList","@id":"https:\/\/easyliferobo.com\/de\/product\/makeblock-mbot-2-programmierbare-roboter-fuer-kinder-ki-roboterspielzeug-mit-wifi-fernbedienung-mit-scratch-und-python-kompatibel-intelligentes-stem-kit-geschenk-fuer-kinder-ab-8-jahren\/#breadcrumb","itemListElement":[{"@type":"ListItem","position":1,"name":"Home","item":"https:\/\/easyliferobo.com\/de\/"},{"@type":"ListItem","position":2,"name":"Shop","item":"https:\/\/easyliferobo.com\/de\/shop\/"},{"@type":"ListItem","position":3,"name":"Makeblock mBot 2 programmierbare Ro..."}]},{"@type":"WebSite","@id":"https:\/\/easyliferobo.com\/de\/#website","url":"https:\/\/easyliferobo.com\/de\/","name":"EasyLifeBro","description":"Smarte Roboter f\u00fcr Zuhause, Garten &amp; Bildung","publisher":{"@id":"https:\/\/easyliferobo.com\/de\/#organization"},"potentialAction":[{"@type":"SearchAction","target":{"@type":"EntryPoint","urlTemplate":"https:\/\/easyliferobo.com\/de\/?s={search_term_string}"},"query-input":{"@type":"PropertyValueSpecification","valueRequired":true,"valueName":"search_term_string"}}],"inLanguage":"de"},{"@type":"Organization","@id":"https:\/\/easyliferobo.com\/de\/#organization","name":"EasyLifeBro","url":"https:\/\/easyliferobo.com\/de\/","logo":{"@type":"ImageObject","inLanguage":"de","@id":"https:\/\/easyliferobo.com\/de\/#\/schema\/logo\/image\/","url":"https:\/\/easyliferobo.com\/de\/wp-content\/uploads\/2026\/02\/Screenshot-2026-02-22-at-2.25.03-PM.png","contentUrl":"https:\/\/easyliferobo.com\/de\/wp-content\/uploads\/2026\/02\/Screenshot-2026-02-22-at-2.25.03-PM.png","width":1858,"height":430,"caption":"EasyLifeBro"},"image":{"@id":"https:\/\/easyliferobo.com\/de\/#\/schema\/logo\/image\/"}}]}},"_links":{"self":[{"href":"https:\/\/easyliferobo.com\/de\/wp-json\/wp\/v2\/product\/279","targetHints":{"allow":["GET"]}}],"collection":[{"href":"https:\/\/easyliferobo.com\/de\/wp-json\/wp\/v2\/product"}],"about":[{"href":"https:\/\/easyliferobo.com\/de\/wp-json\/wp\/v2\/types\/product"}],"replies":[{"embeddable":true,"href":"https:\/\/easyliferobo.com\/de\/wp-json\/wp\/v2\/comments?post=279"}],"wp:featuredmedia":[{"embeddable":true,"href":"https:\/\/easyliferobo.com\/de\/wp-json\/wp\/v2\/media\/280"}],"wp:attachment":[{"href":"https:\/\/easyliferobo.com\/de\/wp-json\/wp\/v2\/media?parent=279"}],"wp:term":[{"taxonomy":"store","embeddable":true,"href":"https:\/\/easyliferobo.com\/de\/wp-json\/wp\/v2\/store?post=279"},{"taxonomy":"product_brand","embeddable":true,"href":"https:\/\/easyliferobo.com\/de\/wp-json\/wp\/v2\/product_brand?post=279"},{"taxonomy":"product_cat","embeddable":true,"href":"https:\/\/easyliferobo.com\/de\/wp-json\/wp\/v2\/product_cat?post=279"},{"taxonomy":"product_tag","embeddable":true,"href":"https:\/\/easyliferobo.com\/de\/wp-json\/wp\/v2\/product_tag?post=279"}],"curies":[{"name":"wp","href":"https:\/\/api.w.org\/{rel}","templated":true}]}}