
{"id":2784,"date":"2026-02-27T05:08:03","date_gmt":"2026-02-27T05:08:03","guid":{"rendered":"https:\/\/easyliferobo.com\/de\/product\/roborock-q10-s5-roboter-staubsauger-mit-wischfunktion-10-000-pa-hyperforce-saugkraft-duales-anti-tangle-system-automatisches-heben-des-wischens-ideal-fuer-tierhaare-teppiche-hartboeden-weiss\/"},"modified":"2026-02-27T05:08:20","modified_gmt":"2026-02-27T05:08:20","slug":"roborock-q10-s5-roboter-staubsauger-mit-wischfunktion-10-000-pa-hyperforce-saugkraft-duales-anti-tangle-system-automatisches-heben-des-wischens-ideal-fuer-tierhaare-teppiche-hartboeden-weiss","status":"publish","type":"product","link":"https:\/\/easyliferobo.com\/de\/product\/roborock-q10-s5-roboter-staubsauger-mit-wischfunktion-10-000-pa-hyperforce-saugkraft-duales-anti-tangle-system-automatisches-heben-des-wischens-ideal-fuer-tierhaare-teppiche-hartboeden-weiss\/","title":{"rendered":"roborock Q10 S5 Roboter-Staubsauger..."},"content":{"rendered":"<p>\n                                             Von der Marke   <\/p>\n<p>                                              <img decoding=\"async\" alt=\"\" src=\"https:\/\/images-na.ssl-images-amazon.com\/images\/G\/01\/x-locale\/common\/grey-pixel.gif\" class=\"a-lazy-loaded\" data-src=\"https:\/\/m.media-amazon.com\/images\/S\/aplus-media-library-service-media\/eef8d969-7c20-4610-bff6-6a91bc683c3e.__CR0,0,1464,625_PT0_SX1464_V1___.jpg\"><img decoding=\"async\" alt=\"\" src=\"https:\/\/m.media-amazon.com\/images\/S\/aplus-media-library-service-media\/eef8d969-7c20-4610-bff6-6a91bc683c3e.__CR0,0,1464,625_PT0_SX1464_V1___.jpg\">  <\/p>\n<p>                                              <img decoding=\"async\" alt=\"\" src=\"https:\/\/images-na.ssl-images-amazon.com\/images\/G\/01\/x-locale\/common\/grey-pixel.gif\" class=\"a-lazy-loaded\" data-src=\"https:\/\/m.media-amazon.com\/images\/S\/aplus-media-library-service-media\/89823498-7fb0-4262-a2a6-7c3b9690c63d.__CR0,0,315,145_PT0_SX315_V1___.jpg\"><img decoding=\"async\" alt=\"\" src=\"https:\/\/m.media-amazon.com\/images\/S\/aplus-media-library-service-media\/89823498-7fb0-4262-a2a6-7c3b9690c63d.__CR0,0,315,145_PT0_SX315_V1___.jpg\">  <\/p>\n<p>  Roborock ist auf die Forschung, Entwicklung und Produktion von Smart-Home-Robotern spezialisiert <\/p>\n<p>  Die Produkte von Roborock arbeiten so effizient, dass Menschen mehr Zeit f\u00fcr Dinge haben, die ihnen wichtig sind, und weniger Zeit mit Hausarbeit verbringen m\u00fcssen. Mit seinen intelligenten Robotern und Akkustaubsaugern bietet das Unternehmen vielf\u00e4ltige Produkte an und m\u00f6chte zu einem komfortableren und entspannteren Lebensstil der Menschen beitragen <\/p>\n<p>                                              <img decoding=\"async\" alt=\"Eine Grafik, die die Anzahl der Menschen auf der Welt zeigt.\" src=\"https:\/\/images-na.ssl-images-amazon.com\/images\/G\/01\/x-locale\/common\/grey-pixel.gif\" class=\"a-lazy-loaded\" data-src=\"https:\/\/m.media-amazon.com\/images\/S\/aplus-media-library-service-media\/e547801e-ddec-445d-8c47-4428d140d106.__CR0,0,362,453_PT0_SX362_V1___.jpg\"><img decoding=\"async\" alt=\"Eine Grafik, die die Anzahl der Menschen auf der Welt zeigt.\" src=\"https:\/\/m.media-amazon.com\/images\/S\/aplus-media-library-service-media\/e547801e-ddec-445d-8c47-4428d140d106.__CR0,0,362,453_PT0_SX362_V1___.jpg\">  <\/p>\n<p>                                              <img decoding=\"async\" alt=\"Roborock-Roboterstaubsauger\" src=\"https:\/\/images-na.ssl-images-amazon.com\/images\/G\/01\/x-locale\/common\/grey-pixel.gif\" class=\"a-lazy-loaded\" data-src=\"https:\/\/m.media-amazon.com\/images\/S\/aplus-media-library-service-media\/a6772a21-24e2-4f2c-a405-2f606f0d0f23.__CR0,0,362,453_PT0_SX362_V1___.jpg\"><img decoding=\"async\" alt=\"Roborock-Roboterstaubsauger\" src=\"https:\/\/m.media-amazon.com\/images\/S\/aplus-media-library-service-media\/a6772a21-24e2-4f2c-a405-2f606f0d0f23.__CR0,0,362,453_PT0_SX362_V1___.jpg\">  <\/p>\n<h3>  Roborock-Roboterstaubsauger <\/h3>\n<h3>  Roborock-Roboterstaubsauger <\/h3>\n<h3>  Roborock Nass- und Trockensauger <\/h3>\n<p>HyperForce-Saugkraft \u2013 Mit einer beeindruckenden Saugkraft von 10.000 Pa ist dieses leistungsstarke System in der Lage, Haare und Schmutz aus Bodenspalten und tief in Teppichen zu entfernen.<br \/>Duales Anti-Tangle-Design: Ausgestattet mit einer Anti-Tangle-Hauptb\u00fcrste von JawScrapers Comb und einer Anti-Tangle-Seitenb\u00fcrste sorgt dieses fortschrittliche System f\u00fcr einen reibungsloseren Betrieb und weniger Wartung.<br \/>Auto-Lift-Wischsystem Das Auto-Lift-Wischsystem passt sich automatisch an Teppiche an und sorgt so f\u00fcr eine m\u00fchelose und gr\u00fcndliche Reinigung. Genie\u00dfen Sie effizientes, m\u00fcheloses Wischen f\u00fcr stets makellose Ergebnisse.<br \/>VibraRise 2.0-Wischsystem Das VibraRise 2.0-Vibrationswischsystem nutzt fortschrittliche Vibrationstechnologie, um hartn\u00e4ckige Flecken m\u00fchelos zu entfernen. Es entfernt hartn\u00e4ckigen Schmutz effizient und hinterl\u00e4sst Ihre B\u00f6den makellos.<br \/>PreciSense LiDAR-Navigation: Das LiDAR-basierte Navigationssystem scannt 360\u00b0 und erstellt gleichzeitig detaillierte Karten f\u00fcr die effizienteste Routennavigation. Es speichert auch mehrere Karten f\u00fcr mehrere Ebenen.<br \/>Reaktive Tech-Hindernisvermeidung \u2013 Angetrieben durch strukturiertes Licht erkennt und umgeht dieses fortschrittliche System m\u00fchelos Hindernisse, selbst in \u00fcberf\u00fcllten R\u00e4umen mit verstreuten Objekten auf dem Boden.<br \/>No-Go-Zonen: Vermeiden Sie Unterbrechungen mit der intelligenten Navigation, die empfindliche Bereiche wie unter St\u00fchlen und Tischen erkennt und automatisch No-Go-Zonen vorschl\u00e4gt, damit die Reinigung reibungslos verl\u00e4uft.<br \/>Hinweis: F\u00fcr die App-Verbindung ist 2,4-GHz-WLAN erforderlich.<\/p>\n<p>[ad_2]<\/p>\n","protected":false},"excerpt":{"rendered":"<p>Von der Marke Roborock ist auf die Forschung, Entwicklung und Produktion von Smart-Home-Robotern spezialisiert Die Produkte von Roborock arbeiten so effizient, dass Menschen mehr Zeit f\u00fcr Dinge haben, die ihnen wichtig sind, und weniger Zeit mit Hausarbeit verbringen m\u00fcssen. Mit seinen intelligenten Robotern und Akkustaubsaugern bietet das Unternehmen vielf\u00e4ltige Produkte an und m\u00f6chte zu einem [&hellip;]<\/p>\n","protected":false},"featured_media":2785,"comment_status":"open","ping_status":"closed","template":"","meta":{"_aipt_faq_data":""},"store":[],"product_brand":[40],"product_cat":[72],"product_tag":[202],"class_list":{"0":"post-2784","1":"product","2":"type-product","3":"status-publish","4":"has-post-thumbnail","6":"product_brand-roborock","7":"product_cat-saugroboter","8":"product_tag-saugroboter-fuer-allergiker","10":"first","11":"instock","12":"sale","13":"shipping-taxable","14":"product-type-external"},"yoast_head":"<!-- This site is optimized with the Yoast SEO plugin v27.0 - https:\/\/yoast.com\/product\/yoast-seo-wordpress\/ -->\n<title>roborock Q10 S5 Roboter-Staubsauger mit Wischfunktion, 10.000 Pa HyperForce-Saugkraft, duales Anti-Tangle-System, automatisches Heben des Wischens, ideal f\u00fcr Tierhaare, Teppiche, Hartb\u00f6den (wei\u00df) - EasyLifeBro<\/title>\n<meta name=\"description\" content=\"Entdecken Sie smarte Roboter f\u00fcr Zuhause, Garten, Bildung und Sicherheit. Vergleichen Sie Saugroboter, Rasenm\u00e4hroboter, KI-Begleitroboter und mehr bei EasyLifeRobo.\" \/>\n<meta name=\"robots\" content=\"index, follow, max-snippet:-1, max-image-preview:large, max-video-preview:-1\" \/>\n<link rel=\"canonical\" href=\"https:\/\/easyliferobo.com\/de\/product\/roborock-q10-s5-roboter-staubsauger-mit-wischfunktion-10-000-pa-hyperforce-saugkraft-duales-anti-tangle-system-automatisches-heben-des-wischens-ideal-fuer-tierhaare-teppiche-hartboeden-weiss\/\" \/>\n<meta property=\"og:locale\" content=\"de_DE\" \/>\n<meta property=\"og:type\" content=\"article\" \/>\n<meta property=\"og:title\" content=\"roborock Q10 S5 Roboter-Staubsauger mit Wischfunktion, 10.000 Pa HyperForce-Saugkraft, duales Anti-Tangle-System, automatisches Heben des Wischens, ideal f\u00fcr Tierhaare, Teppiche, Hartb\u00f6den (wei\u00df) - EasyLifeBro\" \/>\n<meta property=\"og:description\" content=\"Entdecken Sie smarte Roboter f\u00fcr Zuhause, Garten, Bildung und Sicherheit. Vergleichen Sie Saugroboter, Rasenm\u00e4hroboter, KI-Begleitroboter und mehr bei EasyLifeRobo.\" \/>\n<meta property=\"og:url\" content=\"https:\/\/easyliferobo.com\/de\/product\/roborock-q10-s5-roboter-staubsauger-mit-wischfunktion-10-000-pa-hyperforce-saugkraft-duales-anti-tangle-system-automatisches-heben-des-wischens-ideal-fuer-tierhaare-teppiche-hartboeden-weiss\/\" \/>\n<meta property=\"og:site_name\" content=\"EasyLifeBro\" \/>\n<meta property=\"article:modified_time\" content=\"2026-02-27T05:08:20+00:00\" \/>\n<meta property=\"og:image\" content=\"https:\/\/images-na.ssl-images-amazon.com\/images\/G\/01\/x-locale\/common\/grey-pixel.gif\" \/>\n<meta name=\"twitter:card\" content=\"summary_large_image\" \/>\n<meta name=\"twitter:label1\" content=\"Gesch\u00e4tzte Lesezeit\" \/>\n\t<meta name=\"twitter:data1\" content=\"1\u00a0Minute\" \/>\n<script type=\"application\/ld+json\" class=\"yoast-schema-graph\">{\"@context\":\"https:\/\/schema.org\",\"@graph\":[{\"@type\":\"WebPage\",\"@id\":\"https:\/\/easyliferobo.com\/de\/product\/roborock-q10-s5-roboter-staubsauger-mit-wischfunktion-10-000-pa-hyperforce-saugkraft-duales-anti-tangle-system-automatisches-heben-des-wischens-ideal-fuer-tierhaare-teppiche-hartboeden-weiss\/\",\"url\":\"https:\/\/easyliferobo.com\/de\/product\/roborock-q10-s5-roboter-staubsauger-mit-wischfunktion-10-000-pa-hyperforce-saugkraft-duales-anti-tangle-system-automatisches-heben-des-wischens-ideal-fuer-tierhaare-teppiche-hartboeden-weiss\/\",\"name\":\"roborock Q10 S5 Roboter-Staubsauger mit Wischfunktion, 10.000 Pa HyperForce-Saugkraft, duales Anti-Tangle-System, automatisches Heben des Wischens, ideal f\u00fcr Tierhaare, Teppiche, Hartb\u00f6den (wei\u00df) - EasyLifeBro\",\"isPartOf\":{\"@id\":\"https:\/\/easyliferobo.com\/de\/#website\"},\"primaryImageOfPage\":{\"@id\":\"https:\/\/easyliferobo.com\/de\/product\/roborock-q10-s5-roboter-staubsauger-mit-wischfunktion-10-000-pa-hyperforce-saugkraft-duales-anti-tangle-system-automatisches-heben-des-wischens-ideal-fuer-tierhaare-teppiche-hartboeden-weiss\/#primaryimage\"},\"image\":{\"@id\":\"https:\/\/easyliferobo.com\/de\/product\/roborock-q10-s5-roboter-staubsauger-mit-wischfunktion-10-000-pa-hyperforce-saugkraft-duales-anti-tangle-system-automatisches-heben-des-wischens-ideal-fuer-tierhaare-teppiche-hartboeden-weiss\/#primaryimage\"},\"thumbnailUrl\":\"https:\/\/easyliferobo.com\/de\/wp-content\/uploads\/2026\/02\/61tqUxFkZCL._AC_SL1500_.jpg\",\"datePublished\":\"2026-02-27T05:08:03+00:00\",\"dateModified\":\"2026-02-27T05:08:20+00:00\",\"description\":\"Entdecken Sie smarte Roboter f\u00fcr Zuhause, Garten, Bildung und Sicherheit. Vergleichen Sie Saugroboter, Rasenm\u00e4hroboter, KI-Begleitroboter und mehr bei EasyLifeRobo.\",\"breadcrumb\":{\"@id\":\"https:\/\/easyliferobo.com\/de\/product\/roborock-q10-s5-roboter-staubsauger-mit-wischfunktion-10-000-pa-hyperforce-saugkraft-duales-anti-tangle-system-automatisches-heben-des-wischens-ideal-fuer-tierhaare-teppiche-hartboeden-weiss\/#breadcrumb\"},\"inLanguage\":\"de\",\"potentialAction\":[{\"@type\":\"ReadAction\",\"target\":[\"https:\/\/easyliferobo.com\/de\/product\/roborock-q10-s5-roboter-staubsauger-mit-wischfunktion-10-000-pa-hyperforce-saugkraft-duales-anti-tangle-system-automatisches-heben-des-wischens-ideal-fuer-tierhaare-teppiche-hartboeden-weiss\/\"]}]},{\"@type\":\"ImageObject\",\"inLanguage\":\"de\",\"@id\":\"https:\/\/easyliferobo.com\/de\/product\/roborock-q10-s5-roboter-staubsauger-mit-wischfunktion-10-000-pa-hyperforce-saugkraft-duales-anti-tangle-system-automatisches-heben-des-wischens-ideal-fuer-tierhaare-teppiche-hartboeden-weiss\/#primaryimage\",\"url\":\"https:\/\/easyliferobo.com\/de\/wp-content\/uploads\/2026\/02\/61tqUxFkZCL._AC_SL1500_.jpg\",\"contentUrl\":\"https:\/\/easyliferobo.com\/de\/wp-content\/uploads\/2026\/02\/61tqUxFkZCL._AC_SL1500_.jpg\",\"width\":1279,\"height\":1316},{\"@type\":\"BreadcrumbList\",\"@id\":\"https:\/\/easyliferobo.com\/de\/product\/roborock-q10-s5-roboter-staubsauger-mit-wischfunktion-10-000-pa-hyperforce-saugkraft-duales-anti-tangle-system-automatisches-heben-des-wischens-ideal-fuer-tierhaare-teppiche-hartboeden-weiss\/#breadcrumb\",\"itemListElement\":[{\"@type\":\"ListItem\",\"position\":1,\"name\":\"Home\",\"item\":\"https:\/\/easyliferobo.com\/de\/\"},{\"@type\":\"ListItem\",\"position\":2,\"name\":\"Shop\",\"item\":\"https:\/\/easyliferobo.com\/de\/shop\/\"},{\"@type\":\"ListItem\",\"position\":3,\"name\":\"roborock Q10 S5 Roboter-Staubsauger...\"}]},{\"@type\":\"WebSite\",\"@id\":\"https:\/\/easyliferobo.com\/de\/#website\",\"url\":\"https:\/\/easyliferobo.com\/de\/\",\"name\":\"EasyLifeBro\",\"description\":\"Smarte Roboter f\u00fcr Zuhause, Garten &amp; Bildung\",\"publisher\":{\"@id\":\"https:\/\/easyliferobo.com\/de\/#organization\"},\"potentialAction\":[{\"@type\":\"SearchAction\",\"target\":{\"@type\":\"EntryPoint\",\"urlTemplate\":\"https:\/\/easyliferobo.com\/de\/?s={search_term_string}\"},\"query-input\":{\"@type\":\"PropertyValueSpecification\",\"valueRequired\":true,\"valueName\":\"search_term_string\"}}],\"inLanguage\":\"de\"},{\"@type\":\"Organization\",\"@id\":\"https:\/\/easyliferobo.com\/de\/#organization\",\"name\":\"EasyLifeBro\",\"url\":\"https:\/\/easyliferobo.com\/de\/\",\"logo\":{\"@type\":\"ImageObject\",\"inLanguage\":\"de\",\"@id\":\"https:\/\/easyliferobo.com\/de\/#\/schema\/logo\/image\/\",\"url\":\"https:\/\/easyliferobo.com\/de\/wp-content\/uploads\/2026\/02\/Screenshot-2026-02-22-at-2.25.03-PM.png\",\"contentUrl\":\"https:\/\/easyliferobo.com\/de\/wp-content\/uploads\/2026\/02\/Screenshot-2026-02-22-at-2.25.03-PM.png\",\"width\":1858,\"height\":430,\"caption\":\"EasyLifeBro\"},\"image\":{\"@id\":\"https:\/\/easyliferobo.com\/de\/#\/schema\/logo\/image\/\"}}]}<\/script>\n<!-- \/ Yoast SEO plugin. -->","yoast_head_json":{"title":"roborock Q10 S5 Roboter-Staubsauger mit Wischfunktion, 10.000 Pa HyperForce-Saugkraft, duales Anti-Tangle-System, automatisches Heben des Wischens, ideal f\u00fcr Tierhaare, Teppiche, Hartb\u00f6den (wei\u00df) - EasyLifeBro","description":"Entdecken Sie smarte Roboter f\u00fcr Zuhause, Garten, Bildung und Sicherheit. Vergleichen Sie Saugroboter, Rasenm\u00e4hroboter, KI-Begleitroboter und mehr bei EasyLifeRobo.","robots":{"index":"index","follow":"follow","max-snippet":"max-snippet:-1","max-image-preview":"max-image-preview:large","max-video-preview":"max-video-preview:-1"},"canonical":"https:\/\/easyliferobo.com\/de\/product\/roborock-q10-s5-roboter-staubsauger-mit-wischfunktion-10-000-pa-hyperforce-saugkraft-duales-anti-tangle-system-automatisches-heben-des-wischens-ideal-fuer-tierhaare-teppiche-hartboeden-weiss\/","og_locale":"de_DE","og_type":"article","og_title":"roborock Q10 S5 Roboter-Staubsauger mit Wischfunktion, 10.000 Pa HyperForce-Saugkraft, duales Anti-Tangle-System, automatisches Heben des Wischens, ideal f\u00fcr Tierhaare, Teppiche, Hartb\u00f6den (wei\u00df) - EasyLifeBro","og_description":"Entdecken Sie smarte Roboter f\u00fcr Zuhause, Garten, Bildung und Sicherheit. Vergleichen Sie Saugroboter, Rasenm\u00e4hroboter, KI-Begleitroboter und mehr bei EasyLifeRobo.","og_url":"https:\/\/easyliferobo.com\/de\/product\/roborock-q10-s5-roboter-staubsauger-mit-wischfunktion-10-000-pa-hyperforce-saugkraft-duales-anti-tangle-system-automatisches-heben-des-wischens-ideal-fuer-tierhaare-teppiche-hartboeden-weiss\/","og_site_name":"EasyLifeBro","article_modified_time":"2026-02-27T05:08:20+00:00","og_image":[{"url":"https:\/\/images-na.ssl-images-amazon.com\/images\/G\/01\/x-locale\/common\/grey-pixel.gif","type":"","width":"","height":""}],"twitter_card":"summary_large_image","twitter_misc":{"Gesch\u00e4tzte Lesezeit":"1\u00a0Minute"},"schema":{"@context":"https:\/\/schema.org","@graph":[{"@type":"WebPage","@id":"https:\/\/easyliferobo.com\/de\/product\/roborock-q10-s5-roboter-staubsauger-mit-wischfunktion-10-000-pa-hyperforce-saugkraft-duales-anti-tangle-system-automatisches-heben-des-wischens-ideal-fuer-tierhaare-teppiche-hartboeden-weiss\/","url":"https:\/\/easyliferobo.com\/de\/product\/roborock-q10-s5-roboter-staubsauger-mit-wischfunktion-10-000-pa-hyperforce-saugkraft-duales-anti-tangle-system-automatisches-heben-des-wischens-ideal-fuer-tierhaare-teppiche-hartboeden-weiss\/","name":"roborock Q10 S5 Roboter-Staubsauger mit Wischfunktion, 10.000 Pa HyperForce-Saugkraft, duales Anti-Tangle-System, automatisches Heben des Wischens, ideal f\u00fcr Tierhaare, Teppiche, Hartb\u00f6den (wei\u00df) - EasyLifeBro","isPartOf":{"@id":"https:\/\/easyliferobo.com\/de\/#website"},"primaryImageOfPage":{"@id":"https:\/\/easyliferobo.com\/de\/product\/roborock-q10-s5-roboter-staubsauger-mit-wischfunktion-10-000-pa-hyperforce-saugkraft-duales-anti-tangle-system-automatisches-heben-des-wischens-ideal-fuer-tierhaare-teppiche-hartboeden-weiss\/#primaryimage"},"image":{"@id":"https:\/\/easyliferobo.com\/de\/product\/roborock-q10-s5-roboter-staubsauger-mit-wischfunktion-10-000-pa-hyperforce-saugkraft-duales-anti-tangle-system-automatisches-heben-des-wischens-ideal-fuer-tierhaare-teppiche-hartboeden-weiss\/#primaryimage"},"thumbnailUrl":"https:\/\/easyliferobo.com\/de\/wp-content\/uploads\/2026\/02\/61tqUxFkZCL._AC_SL1500_.jpg","datePublished":"2026-02-27T05:08:03+00:00","dateModified":"2026-02-27T05:08:20+00:00","description":"Entdecken Sie smarte Roboter f\u00fcr Zuhause, Garten, Bildung und Sicherheit. Vergleichen Sie Saugroboter, Rasenm\u00e4hroboter, KI-Begleitroboter und mehr bei EasyLifeRobo.","breadcrumb":{"@id":"https:\/\/easyliferobo.com\/de\/product\/roborock-q10-s5-roboter-staubsauger-mit-wischfunktion-10-000-pa-hyperforce-saugkraft-duales-anti-tangle-system-automatisches-heben-des-wischens-ideal-fuer-tierhaare-teppiche-hartboeden-weiss\/#breadcrumb"},"inLanguage":"de","potentialAction":[{"@type":"ReadAction","target":["https:\/\/easyliferobo.com\/de\/product\/roborock-q10-s5-roboter-staubsauger-mit-wischfunktion-10-000-pa-hyperforce-saugkraft-duales-anti-tangle-system-automatisches-heben-des-wischens-ideal-fuer-tierhaare-teppiche-hartboeden-weiss\/"]}]},{"@type":"ImageObject","inLanguage":"de","@id":"https:\/\/easyliferobo.com\/de\/product\/roborock-q10-s5-roboter-staubsauger-mit-wischfunktion-10-000-pa-hyperforce-saugkraft-duales-anti-tangle-system-automatisches-heben-des-wischens-ideal-fuer-tierhaare-teppiche-hartboeden-weiss\/#primaryimage","url":"https:\/\/easyliferobo.com\/de\/wp-content\/uploads\/2026\/02\/61tqUxFkZCL._AC_SL1500_.jpg","contentUrl":"https:\/\/easyliferobo.com\/de\/wp-content\/uploads\/2026\/02\/61tqUxFkZCL._AC_SL1500_.jpg","width":1279,"height":1316},{"@type":"BreadcrumbList","@id":"https:\/\/easyliferobo.com\/de\/product\/roborock-q10-s5-roboter-staubsauger-mit-wischfunktion-10-000-pa-hyperforce-saugkraft-duales-anti-tangle-system-automatisches-heben-des-wischens-ideal-fuer-tierhaare-teppiche-hartboeden-weiss\/#breadcrumb","itemListElement":[{"@type":"ListItem","position":1,"name":"Home","item":"https:\/\/easyliferobo.com\/de\/"},{"@type":"ListItem","position":2,"name":"Shop","item":"https:\/\/easyliferobo.com\/de\/shop\/"},{"@type":"ListItem","position":3,"name":"roborock Q10 S5 Roboter-Staubsauger..."}]},{"@type":"WebSite","@id":"https:\/\/easyliferobo.com\/de\/#website","url":"https:\/\/easyliferobo.com\/de\/","name":"EasyLifeBro","description":"Smarte Roboter f\u00fcr Zuhause, Garten &amp; Bildung","publisher":{"@id":"https:\/\/easyliferobo.com\/de\/#organization"},"potentialAction":[{"@type":"SearchAction","target":{"@type":"EntryPoint","urlTemplate":"https:\/\/easyliferobo.com\/de\/?s={search_term_string}"},"query-input":{"@type":"PropertyValueSpecification","valueRequired":true,"valueName":"search_term_string"}}],"inLanguage":"de"},{"@type":"Organization","@id":"https:\/\/easyliferobo.com\/de\/#organization","name":"EasyLifeBro","url":"https:\/\/easyliferobo.com\/de\/","logo":{"@type":"ImageObject","inLanguage":"de","@id":"https:\/\/easyliferobo.com\/de\/#\/schema\/logo\/image\/","url":"https:\/\/easyliferobo.com\/de\/wp-content\/uploads\/2026\/02\/Screenshot-2026-02-22-at-2.25.03-PM.png","contentUrl":"https:\/\/easyliferobo.com\/de\/wp-content\/uploads\/2026\/02\/Screenshot-2026-02-22-at-2.25.03-PM.png","width":1858,"height":430,"caption":"EasyLifeBro"},"image":{"@id":"https:\/\/easyliferobo.com\/de\/#\/schema\/logo\/image\/"}}]}},"_links":{"self":[{"href":"https:\/\/easyliferobo.com\/de\/wp-json\/wp\/v2\/product\/2784","targetHints":{"allow":["GET"]}}],"collection":[{"href":"https:\/\/easyliferobo.com\/de\/wp-json\/wp\/v2\/product"}],"about":[{"href":"https:\/\/easyliferobo.com\/de\/wp-json\/wp\/v2\/types\/product"}],"replies":[{"embeddable":true,"href":"https:\/\/easyliferobo.com\/de\/wp-json\/wp\/v2\/comments?post=2784"}],"wp:featuredmedia":[{"embeddable":true,"href":"https:\/\/easyliferobo.com\/de\/wp-json\/wp\/v2\/media\/2785"}],"wp:attachment":[{"href":"https:\/\/easyliferobo.com\/de\/wp-json\/wp\/v2\/media?parent=2784"}],"wp:term":[{"taxonomy":"store","embeddable":true,"href":"https:\/\/easyliferobo.com\/de\/wp-json\/wp\/v2\/store?post=2784"},{"taxonomy":"product_brand","embeddable":true,"href":"https:\/\/easyliferobo.com\/de\/wp-json\/wp\/v2\/product_brand?post=2784"},{"taxonomy":"product_cat","embeddable":true,"href":"https:\/\/easyliferobo.com\/de\/wp-json\/wp\/v2\/product_cat?post=2784"},{"taxonomy":"product_tag","embeddable":true,"href":"https:\/\/easyliferobo.com\/de\/wp-json\/wp\/v2\/product_tag?post=2784"}],"curies":[{"name":"wp","href":"https:\/\/api.w.org\/{rel}","templated":true}]}}