
{"id":2774,"date":"2026-02-27T05:06:41","date_gmt":"2026-02-27T05:06:41","guid":{"rendered":"https:\/\/easyliferobo.com\/de\/product\/hp-smart-tank-5105-all-in-one-drucker-farbe-fuer-zuhause-und-heimbuero-kopieren-kabellos-grosser-druckertank-drucken-von-smartphone-oder-tablet-scannen-in-pdf\/"},"modified":"2026-02-27T05:06:59","modified_gmt":"2026-02-27T05:06:59","slug":"hp-smart-tank-5105-all-in-one-drucker-farbe-fuer-zuhause-und-heimbuero-kopieren-kabellos-grosser-druckertank-drucken-von-smartphone-oder-tablet-scannen-in-pdf","status":"publish","type":"product","link":"https:\/\/easyliferobo.com\/de\/product\/hp-smart-tank-5105-all-in-one-drucker-farbe-fuer-zuhause-und-heimbuero-kopieren-kabellos-grosser-druckertank-drucken-von-smartphone-oder-tablet-scannen-in-pdf\/","title":{"rendered":"HP Smart Tank 5105 All-in-One-Druck..."},"content":{"rendered":"<p>\n                                             Von der Marke   <\/p>\n<p>                                              <img decoding=\"async\" alt=\"Der Text lautet \u201eBis zu 3 Jahre Druck inklusive HP Smart Tank-Druckern\u201c. Die Produktpalette von HP-Druckern wird mit blauen geometrischen Designelementen dargestellt.\" src=\"https:\/\/images-na.ssl-images-amazon.com\/images\/G\/01\/x-locale\/common\/grey-pixel.gif\" class=\"a-lazy-loaded\" data-src=\"https:\/\/m.media-amazon.com\/images\/S\/aplus-media-library-service-media\/2f0e2be8-bc2a-4aed-8ca0-ef2617bf49bd.__CR0,0,1464,625_PT0_SX1464_V1___.jpg\"><img decoding=\"async\" alt=\"Der Text lautet \u201eBis zu 3 Jahre Druck inklusive HP Smart Tank-Druckern\u201c. Die Produktpalette von HP-Druckern wird mit blauen geometrischen Designelementen dargestellt.\" src=\"https:\/\/m.media-amazon.com\/images\/S\/aplus-media-library-service-media\/2f0e2be8-bc2a-4aed-8ca0-ef2617bf49bd.__CR0,0,1464,625_PT0_SX1464_V1___.jpg\">  <\/p>\n<p>                                              <img decoding=\"async\" alt=\"Der Text lautet \u201eHP Smart Tank\u201c. Marketingbilder mit blauen Akzenten, die die Nutzung des Druckers zu Hause zeigen.\" src=\"https:\/\/images-na.ssl-images-amazon.com\/images\/G\/01\/x-locale\/common\/grey-pixel.gif\" class=\"a-lazy-loaded\" data-src=\"https:\/\/m.media-amazon.com\/images\/S\/aplus-media-library-service-media\/0b98a604-d060-49bf-a009-1ad9d591edae.__CR0,0,362,453_PT0_SX362_V1___.jpg\"><img decoding=\"async\" alt=\"Der Text lautet \u201eHP Smart Tank\u201c. Marketingbilder mit blauen Akzenten, die die Nutzung des Druckers zu Hause zeigen.\" src=\"https:\/\/m.media-amazon.com\/images\/S\/aplus-media-library-service-media\/0b98a604-d060-49bf-a009-1ad9d591edae.__CR0,0,362,453_PT0_SX362_V1___.jpg\">  <\/p>\n<h3>  Original HP Patronen <\/h3>\n<p class=\"apm-brand-story-stores-link\">\n<p>                                              <img decoding=\"async\" alt=\"Der Text lautet \u201eQualit\u00e0 dell&#39;inchiostro\u201c und \u201eoriginale HP\u201c. Produktaufnahmen von HP Druckerpatronen und Flaschen in den Farben Cyan, Magenta, Gelb und Schwarz.\" src=\"https:\/\/images-na.ssl-images-amazon.com\/images\/G\/01\/x-locale\/common\/grey-pixel.gif\" class=\"a-lazy-loaded\" data-src=\"https:\/\/m.media-amazon.com\/images\/S\/aplus-media-library-service-media\/2287a389-99b7-4e0b-84f9-cbc76048ea04.__CR0,0,362,453_PT0_SX362_V1___.jpg\"><img decoding=\"async\" alt=\"Der Text lautet \u201eQualit\u00e0 dell&#39;inchiostro\u201c und \u201eoriginale HP\u201c. Produktaufnahmen von HP Druckerpatronen und Flaschen in den Farben Cyan, Magenta, Gelb und Schwarz.\" src=\"https:\/\/m.media-amazon.com\/images\/S\/aplus-media-library-service-media\/2287a389-99b7-4e0b-84f9-cbc76048ea04.__CR0,0,362,453_PT0_SX362_V1___.jpg\">  <\/p>\n<p>                                              <img decoding=\"async\" alt=\"Der Text lautete \u201eRicarica semplice e senza fuoriuscite.\u201c und \u201eHP Smart Tank\u201c. Home-Office-Einstellung, in der der Drucker mit einer Person am Schreibtisch eingerichtet wird, die den Laptop benutzt.\" src=\"https:\/\/images-na.ssl-images-amazon.com\/images\/G\/01\/x-locale\/common\/grey-pixel.gif\" class=\"a-lazy-loaded\" data-src=\"https:\/\/m.media-amazon.com\/images\/S\/aplus-media-library-service-media\/9c444025-0a7e-4a8a-8810-b984f17b7ac4.__CR0,0,362,453_PT0_SX362_V1___.jpg\"><img decoding=\"async\" alt=\"Der Text lautete \u201eRicarica semplice e senza fuoriuscite.\u201c und \u201eHP Smart Tank\u201c. Home-Office-Einstellung, in der der Drucker mit einer Person am Schreibtisch eingerichtet wird, die den Laptop benutzt.\" src=\"https:\/\/m.media-amazon.com\/images\/S\/aplus-media-library-service-media\/9c444025-0a7e-4a8a-8810-b984f17b7ac4.__CR0,0,362,453_PT0_SX362_V1___.jpg\">  <\/p>\n<p>                                              <img decoding=\"async\" alt=\"Aplus-Inhaltsbild\" src=\"https:\/\/images-na.ssl-images-amazon.com\/images\/G\/01\/x-locale\/common\/grey-pixel.gif\" class=\"a-lazy-loaded\" data-src=\"https:\/\/m.media-amazon.com\/images\/S\/aplus-media-library-service-media\/46eb1b73-0480-431f-ae78-9de658509b2e.__CR0,23,463,579_PT0_SX362_V1___.png\"><img decoding=\"async\" alt=\"Aplus-Inhaltsbild\" src=\"https:\/\/m.media-amazon.com\/images\/S\/aplus-media-library-service-media\/46eb1b73-0480-431f-ae78-9de658509b2e.__CR0,23,463,579_PT0_SX362_V1___.png\">  <\/p>\n<h3>  Entdecken Sie Original HP Papier <\/h3>\n<p class=\"apm-brand-story-stores-link\">\n<p>                                              <img decoding=\"async\" alt=\"Der Text lautet \u201eRispettiamo l&#39;ambiente\u201c mit HP-Logo. Technisches Diagramm mit verschiedenen Symbolen und Messindikatoren f\u00fcr Umweltzertifizierungen in dreieckiger und kreisf\u00f6rmiger Form.\" src=\"https:\/\/images-na.ssl-images-amazon.com\/images\/G\/01\/x-locale\/common\/grey-pixel.gif\" class=\"a-lazy-loaded\" data-src=\"https:\/\/m.media-amazon.com\/images\/S\/aplus-media-library-service-media\/ea75b165-b72a-4133-8ba5-97d65ffe62f5.__CR0,23,463,579_PT0_SX362_V1___.png\"><img decoding=\"async\" alt=\"Der Text lautet \u201eRispettiamo l&#39;ambiente\u201c mit HP-Logo. Technisches Diagramm mit verschiedenen Symbolen und Messindikatoren f\u00fcr Umweltzertifizierungen in dreieckiger und kreisf\u00f6rmiger Form.\" src=\"https:\/\/m.media-amazon.com\/images\/S\/aplus-media-library-service-media\/ea75b165-b72a-4133-8ba5-97d65ffe62f5.__CR0,23,463,579_PT0_SX362_V1___.png\">  <\/p>\n<p>Super-Ersparnis: HP Original-Tinte f\u00fcr bis zu 3 Jahre Druckdauer im Lieferumfang enthalten (basierend auf ISO\/IEC 24711 oder HP-Testverfahren). Sparen Sie Energie mit der HP Auto-On\/Auto-Off-Technologie.<br \/>Funktionen: Bis zu 12 Seiten pro Minute (s\/w) und 5 Seiten pro Minute (Farbe); WLAN mit automatischer Fehlerbehebung; Mit der HP Smart App k\u00f6nnen Sie von \u00fcberall aus drucken, scannen und mobil faxen.<br \/>Erstklassige Druckqualit\u00e4t des Tintentanks: Tintensensoren verhindern kostspieligen Druckkopfaustausch.<br \/>Einfach zu bedienen: Gro\u00dfvolumiger Tintentank, tropffrei, nachf\u00fcllbare Smart Buttons, HP Wolf Essential Security, 45 % recycelter Haushaltskunststoff.<br \/>Inhalt: HP Smart Tank 5105 All-in-One-Drucker; HP 32XL Schwarzer Original-Tintenbeh\u00e4lter 135 ml (1VV24A); HP 31 Cyan Original-Tintenbeh\u00e4lter 50 ml (6ZE06A); HP 31 Magenta Original Tintenbeh\u00e4lter 50 ml (6ZE07A); HP 31 Gelber Original-Tintenbeh\u00e4lter 50 ml (6ZE08A); HP Schwarzer Original-Druckkopf (M0H50M0A); HP Original-Druckkopf Cyan\/Magenta\/Gelb (6ZA18AE); Installationshandbuch (evtl. nicht in deutscher Sprache); Referenzhandbuch (evtl. nicht in deutscher Sprache); Flyer mit Sicherheitshinweisen f\u00fcr Tinte (evtl. nicht in deutscher Sprache); Flyer mit rechtlichen Regelungen; Netzkabel.<br \/>Einige HP-Drucker sind nur f\u00fcr die Verwendung mit Tintenpatronen vorgesehen, die \u00fcber neue oder wiederverwendete HP-Chips oder elektronische Schaltkreise verf\u00fcgen. Diese Drucker verwenden dynamische Sicherheitsma\u00dfnahmen, um Druckpatronen mit einem nicht von HP stammenden Chip oder einer nicht von HP stammenden elektronischen Schaltung zu blockieren. Regelm\u00e4\u00dfige Firmware-Updates erhalten die Wirksamkeit dieser Ma\u00dfnahmen und blockieren zuvor funktionierende Druckpatronen. Wiederverwendete HP-Chips und elektronische Schaltkreise von HP erm\u00f6glichen die Verwendung wiederverwendeter, wiederaufbereiteter und wiederbef\u00fcllter Tintenpatronen.<\/p>\n<p>[ad_2]<\/p>\n","protected":false},"excerpt":{"rendered":"<p>Von der Marke Original HP Patronen Entdecken Sie Original HP Papier Super-Ersparnis: HP Original-Tinte f\u00fcr bis zu 3 Jahre Druckdauer im Lieferumfang enthalten (basierend auf ISO\/IEC 24711 oder HP-Testverfahren). Sparen Sie Energie mit der HP Auto-On\/Auto-Off-Technologie.Funktionen: Bis zu 12 Seiten pro Minute (s\/w) und 5 Seiten pro Minute (Farbe); WLAN mit automatischer Fehlerbehebung; Mit der [&hellip;]<\/p>\n","protected":false},"featured_media":2775,"comment_status":"open","ping_status":"closed","template":"","meta":{"_aipt_faq_data":""},"store":[],"product_brand":[413],"product_cat":[73],"product_tag":[200],"class_list":{"0":"post-2774","1":"product","2":"type-product","3":"status-publish","4":"has-post-thumbnail","6":"product_brand-hp","7":"product_cat-wischroboter","8":"product_tag-wischroboter-mit-tank","10":"first","11":"instock","12":"shipping-taxable","13":"product-type-external"},"yoast_head":"<!-- This site is optimized with the Yoast SEO plugin v27.0 - https:\/\/yoast.com\/product\/yoast-seo-wordpress\/ -->\n<title>HP Smart Tank 5105 All-in-One-Drucker, Farbe, f\u00fcr Zuhause und Heimb\u00fcro, Kopieren, kabellos, gro\u00dfer Druckertank, Drucken von Smartphone oder Tablet, Scannen in PDF - EasyLifeBro<\/title>\n<meta name=\"description\" content=\"Entdecken Sie smarte Roboter f\u00fcr Zuhause, Garten, Bildung und Sicherheit. Vergleichen Sie Saugroboter, Rasenm\u00e4hroboter, KI-Begleitroboter und mehr bei EasyLifeRobo.\" \/>\n<meta name=\"robots\" content=\"index, follow, max-snippet:-1, max-image-preview:large, max-video-preview:-1\" \/>\n<link rel=\"canonical\" href=\"https:\/\/easyliferobo.com\/de\/product\/hp-smart-tank-5105-all-in-one-drucker-farbe-fuer-zuhause-und-heimbuero-kopieren-kabellos-grosser-druckertank-drucken-von-smartphone-oder-tablet-scannen-in-pdf\/\" \/>\n<meta property=\"og:locale\" content=\"de_DE\" \/>\n<meta property=\"og:type\" content=\"article\" \/>\n<meta property=\"og:title\" content=\"HP Smart Tank 5105 All-in-One-Drucker, Farbe, f\u00fcr Zuhause und Heimb\u00fcro, Kopieren, kabellos, gro\u00dfer Druckertank, Drucken von Smartphone oder Tablet, Scannen in PDF - EasyLifeBro\" \/>\n<meta property=\"og:description\" content=\"Entdecken Sie smarte Roboter f\u00fcr Zuhause, Garten, Bildung und Sicherheit. Vergleichen Sie Saugroboter, Rasenm\u00e4hroboter, KI-Begleitroboter und mehr bei EasyLifeRobo.\" \/>\n<meta property=\"og:url\" content=\"https:\/\/easyliferobo.com\/de\/product\/hp-smart-tank-5105-all-in-one-drucker-farbe-fuer-zuhause-und-heimbuero-kopieren-kabellos-grosser-druckertank-drucken-von-smartphone-oder-tablet-scannen-in-pdf\/\" \/>\n<meta property=\"og:site_name\" content=\"EasyLifeBro\" \/>\n<meta property=\"article:modified_time\" content=\"2026-02-27T05:06:59+00:00\" \/>\n<meta property=\"og:image\" content=\"https:\/\/images-na.ssl-images-amazon.com\/images\/G\/01\/x-locale\/common\/grey-pixel.gif\" \/>\n<meta name=\"twitter:card\" content=\"summary_large_image\" \/>\n<meta name=\"twitter:label1\" content=\"Gesch\u00e4tzte Lesezeit\" \/>\n\t<meta name=\"twitter:data1\" content=\"1\u00a0Minute\" \/>\n<script type=\"application\/ld+json\" class=\"yoast-schema-graph\">{\"@context\":\"https:\/\/schema.org\",\"@graph\":[{\"@type\":\"WebPage\",\"@id\":\"https:\/\/easyliferobo.com\/de\/product\/hp-smart-tank-5105-all-in-one-drucker-farbe-fuer-zuhause-und-heimbuero-kopieren-kabellos-grosser-druckertank-drucken-von-smartphone-oder-tablet-scannen-in-pdf\/\",\"url\":\"https:\/\/easyliferobo.com\/de\/product\/hp-smart-tank-5105-all-in-one-drucker-farbe-fuer-zuhause-und-heimbuero-kopieren-kabellos-grosser-druckertank-drucken-von-smartphone-oder-tablet-scannen-in-pdf\/\",\"name\":\"HP Smart Tank 5105 All-in-One-Drucker, Farbe, f\u00fcr Zuhause und Heimb\u00fcro, Kopieren, kabellos, gro\u00dfer Druckertank, Drucken von Smartphone oder Tablet, Scannen in PDF - EasyLifeBro\",\"isPartOf\":{\"@id\":\"https:\/\/easyliferobo.com\/de\/#website\"},\"primaryImageOfPage\":{\"@id\":\"https:\/\/easyliferobo.com\/de\/product\/hp-smart-tank-5105-all-in-one-drucker-farbe-fuer-zuhause-und-heimbuero-kopieren-kabellos-grosser-druckertank-drucken-von-smartphone-oder-tablet-scannen-in-pdf\/#primaryimage\"},\"image\":{\"@id\":\"https:\/\/easyliferobo.com\/de\/product\/hp-smart-tank-5105-all-in-one-drucker-farbe-fuer-zuhause-und-heimbuero-kopieren-kabellos-grosser-druckertank-drucken-von-smartphone-oder-tablet-scannen-in-pdf\/#primaryimage\"},\"thumbnailUrl\":\"https:\/\/easyliferobo.com\/de\/wp-content\/uploads\/2026\/02\/51SYr55yBTL._AC_SL1080_.jpg\",\"datePublished\":\"2026-02-27T05:06:41+00:00\",\"dateModified\":\"2026-02-27T05:06:59+00:00\",\"description\":\"Entdecken Sie smarte Roboter f\u00fcr Zuhause, Garten, Bildung und Sicherheit. Vergleichen Sie Saugroboter, Rasenm\u00e4hroboter, KI-Begleitroboter und mehr bei EasyLifeRobo.\",\"breadcrumb\":{\"@id\":\"https:\/\/easyliferobo.com\/de\/product\/hp-smart-tank-5105-all-in-one-drucker-farbe-fuer-zuhause-und-heimbuero-kopieren-kabellos-grosser-druckertank-drucken-von-smartphone-oder-tablet-scannen-in-pdf\/#breadcrumb\"},\"inLanguage\":\"de\",\"potentialAction\":[{\"@type\":\"ReadAction\",\"target\":[\"https:\/\/easyliferobo.com\/de\/product\/hp-smart-tank-5105-all-in-one-drucker-farbe-fuer-zuhause-und-heimbuero-kopieren-kabellos-grosser-druckertank-drucken-von-smartphone-oder-tablet-scannen-in-pdf\/\"]}]},{\"@type\":\"ImageObject\",\"inLanguage\":\"de\",\"@id\":\"https:\/\/easyliferobo.com\/de\/product\/hp-smart-tank-5105-all-in-one-drucker-farbe-fuer-zuhause-und-heimbuero-kopieren-kabellos-grosser-druckertank-drucken-von-smartphone-oder-tablet-scannen-in-pdf\/#primaryimage\",\"url\":\"https:\/\/easyliferobo.com\/de\/wp-content\/uploads\/2026\/02\/51SYr55yBTL._AC_SL1080_.jpg\",\"contentUrl\":\"https:\/\/easyliferobo.com\/de\/wp-content\/uploads\/2026\/02\/51SYr55yBTL._AC_SL1080_.jpg\",\"width\":917,\"height\":585},{\"@type\":\"BreadcrumbList\",\"@id\":\"https:\/\/easyliferobo.com\/de\/product\/hp-smart-tank-5105-all-in-one-drucker-farbe-fuer-zuhause-und-heimbuero-kopieren-kabellos-grosser-druckertank-drucken-von-smartphone-oder-tablet-scannen-in-pdf\/#breadcrumb\",\"itemListElement\":[{\"@type\":\"ListItem\",\"position\":1,\"name\":\"Home\",\"item\":\"https:\/\/easyliferobo.com\/de\/\"},{\"@type\":\"ListItem\",\"position\":2,\"name\":\"Shop\",\"item\":\"https:\/\/easyliferobo.com\/de\/shop\/\"},{\"@type\":\"ListItem\",\"position\":3,\"name\":\"HP Smart Tank 5105 All-in-One-Druck...\"}]},{\"@type\":\"WebSite\",\"@id\":\"https:\/\/easyliferobo.com\/de\/#website\",\"url\":\"https:\/\/easyliferobo.com\/de\/\",\"name\":\"EasyLifeBro\",\"description\":\"Smarte Roboter f\u00fcr Zuhause, Garten &amp; Bildung\",\"publisher\":{\"@id\":\"https:\/\/easyliferobo.com\/de\/#organization\"},\"potentialAction\":[{\"@type\":\"SearchAction\",\"target\":{\"@type\":\"EntryPoint\",\"urlTemplate\":\"https:\/\/easyliferobo.com\/de\/?s={search_term_string}\"},\"query-input\":{\"@type\":\"PropertyValueSpecification\",\"valueRequired\":true,\"valueName\":\"search_term_string\"}}],\"inLanguage\":\"de\"},{\"@type\":\"Organization\",\"@id\":\"https:\/\/easyliferobo.com\/de\/#organization\",\"name\":\"EasyLifeBro\",\"url\":\"https:\/\/easyliferobo.com\/de\/\",\"logo\":{\"@type\":\"ImageObject\",\"inLanguage\":\"de\",\"@id\":\"https:\/\/easyliferobo.com\/de\/#\/schema\/logo\/image\/\",\"url\":\"https:\/\/easyliferobo.com\/de\/wp-content\/uploads\/2026\/02\/Screenshot-2026-02-22-at-2.25.03-PM.png\",\"contentUrl\":\"https:\/\/easyliferobo.com\/de\/wp-content\/uploads\/2026\/02\/Screenshot-2026-02-22-at-2.25.03-PM.png\",\"width\":1858,\"height\":430,\"caption\":\"EasyLifeBro\"},\"image\":{\"@id\":\"https:\/\/easyliferobo.com\/de\/#\/schema\/logo\/image\/\"}}]}<\/script>\n<!-- \/ Yoast SEO plugin. -->","yoast_head_json":{"title":"HP Smart Tank 5105 All-in-One-Drucker, Farbe, f\u00fcr Zuhause und Heimb\u00fcro, Kopieren, kabellos, gro\u00dfer Druckertank, Drucken von Smartphone oder Tablet, Scannen in PDF - EasyLifeBro","description":"Entdecken Sie smarte Roboter f\u00fcr Zuhause, Garten, Bildung und Sicherheit. Vergleichen Sie Saugroboter, Rasenm\u00e4hroboter, KI-Begleitroboter und mehr bei EasyLifeRobo.","robots":{"index":"index","follow":"follow","max-snippet":"max-snippet:-1","max-image-preview":"max-image-preview:large","max-video-preview":"max-video-preview:-1"},"canonical":"https:\/\/easyliferobo.com\/de\/product\/hp-smart-tank-5105-all-in-one-drucker-farbe-fuer-zuhause-und-heimbuero-kopieren-kabellos-grosser-druckertank-drucken-von-smartphone-oder-tablet-scannen-in-pdf\/","og_locale":"de_DE","og_type":"article","og_title":"HP Smart Tank 5105 All-in-One-Drucker, Farbe, f\u00fcr Zuhause und Heimb\u00fcro, Kopieren, kabellos, gro\u00dfer Druckertank, Drucken von Smartphone oder Tablet, Scannen in PDF - EasyLifeBro","og_description":"Entdecken Sie smarte Roboter f\u00fcr Zuhause, Garten, Bildung und Sicherheit. Vergleichen Sie Saugroboter, Rasenm\u00e4hroboter, KI-Begleitroboter und mehr bei EasyLifeRobo.","og_url":"https:\/\/easyliferobo.com\/de\/product\/hp-smart-tank-5105-all-in-one-drucker-farbe-fuer-zuhause-und-heimbuero-kopieren-kabellos-grosser-druckertank-drucken-von-smartphone-oder-tablet-scannen-in-pdf\/","og_site_name":"EasyLifeBro","article_modified_time":"2026-02-27T05:06:59+00:00","og_image":[{"url":"https:\/\/images-na.ssl-images-amazon.com\/images\/G\/01\/x-locale\/common\/grey-pixel.gif","type":"","width":"","height":""}],"twitter_card":"summary_large_image","twitter_misc":{"Gesch\u00e4tzte Lesezeit":"1\u00a0Minute"},"schema":{"@context":"https:\/\/schema.org","@graph":[{"@type":"WebPage","@id":"https:\/\/easyliferobo.com\/de\/product\/hp-smart-tank-5105-all-in-one-drucker-farbe-fuer-zuhause-und-heimbuero-kopieren-kabellos-grosser-druckertank-drucken-von-smartphone-oder-tablet-scannen-in-pdf\/","url":"https:\/\/easyliferobo.com\/de\/product\/hp-smart-tank-5105-all-in-one-drucker-farbe-fuer-zuhause-und-heimbuero-kopieren-kabellos-grosser-druckertank-drucken-von-smartphone-oder-tablet-scannen-in-pdf\/","name":"HP Smart Tank 5105 All-in-One-Drucker, Farbe, f\u00fcr Zuhause und Heimb\u00fcro, Kopieren, kabellos, gro\u00dfer Druckertank, Drucken von Smartphone oder Tablet, Scannen in PDF - EasyLifeBro","isPartOf":{"@id":"https:\/\/easyliferobo.com\/de\/#website"},"primaryImageOfPage":{"@id":"https:\/\/easyliferobo.com\/de\/product\/hp-smart-tank-5105-all-in-one-drucker-farbe-fuer-zuhause-und-heimbuero-kopieren-kabellos-grosser-druckertank-drucken-von-smartphone-oder-tablet-scannen-in-pdf\/#primaryimage"},"image":{"@id":"https:\/\/easyliferobo.com\/de\/product\/hp-smart-tank-5105-all-in-one-drucker-farbe-fuer-zuhause-und-heimbuero-kopieren-kabellos-grosser-druckertank-drucken-von-smartphone-oder-tablet-scannen-in-pdf\/#primaryimage"},"thumbnailUrl":"https:\/\/easyliferobo.com\/de\/wp-content\/uploads\/2026\/02\/51SYr55yBTL._AC_SL1080_.jpg","datePublished":"2026-02-27T05:06:41+00:00","dateModified":"2026-02-27T05:06:59+00:00","description":"Entdecken Sie smarte Roboter f\u00fcr Zuhause, Garten, Bildung und Sicherheit. Vergleichen Sie Saugroboter, Rasenm\u00e4hroboter, KI-Begleitroboter und mehr bei EasyLifeRobo.","breadcrumb":{"@id":"https:\/\/easyliferobo.com\/de\/product\/hp-smart-tank-5105-all-in-one-drucker-farbe-fuer-zuhause-und-heimbuero-kopieren-kabellos-grosser-druckertank-drucken-von-smartphone-oder-tablet-scannen-in-pdf\/#breadcrumb"},"inLanguage":"de","potentialAction":[{"@type":"ReadAction","target":["https:\/\/easyliferobo.com\/de\/product\/hp-smart-tank-5105-all-in-one-drucker-farbe-fuer-zuhause-und-heimbuero-kopieren-kabellos-grosser-druckertank-drucken-von-smartphone-oder-tablet-scannen-in-pdf\/"]}]},{"@type":"ImageObject","inLanguage":"de","@id":"https:\/\/easyliferobo.com\/de\/product\/hp-smart-tank-5105-all-in-one-drucker-farbe-fuer-zuhause-und-heimbuero-kopieren-kabellos-grosser-druckertank-drucken-von-smartphone-oder-tablet-scannen-in-pdf\/#primaryimage","url":"https:\/\/easyliferobo.com\/de\/wp-content\/uploads\/2026\/02\/51SYr55yBTL._AC_SL1080_.jpg","contentUrl":"https:\/\/easyliferobo.com\/de\/wp-content\/uploads\/2026\/02\/51SYr55yBTL._AC_SL1080_.jpg","width":917,"height":585},{"@type":"BreadcrumbList","@id":"https:\/\/easyliferobo.com\/de\/product\/hp-smart-tank-5105-all-in-one-drucker-farbe-fuer-zuhause-und-heimbuero-kopieren-kabellos-grosser-druckertank-drucken-von-smartphone-oder-tablet-scannen-in-pdf\/#breadcrumb","itemListElement":[{"@type":"ListItem","position":1,"name":"Home","item":"https:\/\/easyliferobo.com\/de\/"},{"@type":"ListItem","position":2,"name":"Shop","item":"https:\/\/easyliferobo.com\/de\/shop\/"},{"@type":"ListItem","position":3,"name":"HP Smart Tank 5105 All-in-One-Druck..."}]},{"@type":"WebSite","@id":"https:\/\/easyliferobo.com\/de\/#website","url":"https:\/\/easyliferobo.com\/de\/","name":"EasyLifeBro","description":"Smarte Roboter f\u00fcr Zuhause, Garten &amp; Bildung","publisher":{"@id":"https:\/\/easyliferobo.com\/de\/#organization"},"potentialAction":[{"@type":"SearchAction","target":{"@type":"EntryPoint","urlTemplate":"https:\/\/easyliferobo.com\/de\/?s={search_term_string}"},"query-input":{"@type":"PropertyValueSpecification","valueRequired":true,"valueName":"search_term_string"}}],"inLanguage":"de"},{"@type":"Organization","@id":"https:\/\/easyliferobo.com\/de\/#organization","name":"EasyLifeBro","url":"https:\/\/easyliferobo.com\/de\/","logo":{"@type":"ImageObject","inLanguage":"de","@id":"https:\/\/easyliferobo.com\/de\/#\/schema\/logo\/image\/","url":"https:\/\/easyliferobo.com\/de\/wp-content\/uploads\/2026\/02\/Screenshot-2026-02-22-at-2.25.03-PM.png","contentUrl":"https:\/\/easyliferobo.com\/de\/wp-content\/uploads\/2026\/02\/Screenshot-2026-02-22-at-2.25.03-PM.png","width":1858,"height":430,"caption":"EasyLifeBro"},"image":{"@id":"https:\/\/easyliferobo.com\/de\/#\/schema\/logo\/image\/"}}]}},"_links":{"self":[{"href":"https:\/\/easyliferobo.com\/de\/wp-json\/wp\/v2\/product\/2774","targetHints":{"allow":["GET"]}}],"collection":[{"href":"https:\/\/easyliferobo.com\/de\/wp-json\/wp\/v2\/product"}],"about":[{"href":"https:\/\/easyliferobo.com\/de\/wp-json\/wp\/v2\/types\/product"}],"replies":[{"embeddable":true,"href":"https:\/\/easyliferobo.com\/de\/wp-json\/wp\/v2\/comments?post=2774"}],"wp:featuredmedia":[{"embeddable":true,"href":"https:\/\/easyliferobo.com\/de\/wp-json\/wp\/v2\/media\/2775"}],"wp:attachment":[{"href":"https:\/\/easyliferobo.com\/de\/wp-json\/wp\/v2\/media?parent=2774"}],"wp:term":[{"taxonomy":"store","embeddable":true,"href":"https:\/\/easyliferobo.com\/de\/wp-json\/wp\/v2\/store?post=2774"},{"taxonomy":"product_brand","embeddable":true,"href":"https:\/\/easyliferobo.com\/de\/wp-json\/wp\/v2\/product_brand?post=2774"},{"taxonomy":"product_cat","embeddable":true,"href":"https:\/\/easyliferobo.com\/de\/wp-json\/wp\/v2\/product_cat?post=2774"},{"taxonomy":"product_tag","embeddable":true,"href":"https:\/\/easyliferobo.com\/de\/wp-json\/wp\/v2\/product_tag?post=2774"}],"curies":[{"name":"wp","href":"https:\/\/api.w.org\/{rel}","templated":true}]}}