
{"id":2766,"date":"2026-02-27T05:05:09","date_gmt":"2026-02-27T05:05:09","guid":{"rendered":"https:\/\/easyliferobo.com\/de\/product\/fensterputzroboter-vier-duesen-ultraschall-spruehfunktion-120-ml-tank-elektrischer-fensterreiniger-mit-3500-pa-saugleistung-4-reinigungsmodi-fuer-hochhausfenster-im-innen-oder-aussenbereich\/"},"modified":"2026-02-27T05:05:24","modified_gmt":"2026-02-27T05:05:24","slug":"fensterputzroboter-vier-duesen-ultraschall-spruehfunktion-120-ml-tank-elektrischer-fensterreiniger-mit-3500-pa-saugleistung-4-reinigungsmodi-fuer-hochhausfenster-im-innen-oder-aussenbereich","status":"publish","type":"product","link":"https:\/\/easyliferobo.com\/de\/product\/fensterputzroboter-vier-duesen-ultraschall-spruehfunktion-120-ml-tank-elektrischer-fensterreiniger-mit-3500-pa-saugleistung-4-reinigungsmodi-fuer-hochhausfenster-im-innen-oder-aussenbereich\/","title":{"rendered":"Fensterputzroboter, Vier-D\u00fcsen-Ult..."},"content":{"rendered":"<p>\n                                             Produktbeschreibung   <\/p>\n<p>                                                                                                       <img decoding=\"async\" alt=\"Aplus-Inhaltsbild\" src=\"https:\/\/images-na.ssl-images-amazon.com\/images\/G\/01\/x-locale\/common\/grey-pixel.gif\" class=\"a-lazy-loaded\" data-src=\"https:\/\/m.media-amazon.com\/images\/S\/aplus-media-library-service-media\/c296a437-10ec-45c5-91e3-4fa7590843ae.__CR0,0,1464,600_PT0_SX1464_V1___.jpg\"><img decoding=\"async\" alt=\"Aplus-Inhaltsbild\" src=\"https:\/\/m.media-amazon.com\/images\/S\/aplus-media-library-service-media\/c296a437-10ec-45c5-91e3-4fa7590843ae.__CR0,0,1464,600_PT0_SX1464_V1___.jpg\">                                               <\/p>\n<p>                                                                                                                <img decoding=\"async\" alt=\"Text: \u201eSuper-Weitwinkel-Wasserauslass\u201c. Weitwinkel-Wasserauslassger\u00e4t, abgebildet montiert, mit mehreren sichtbaren Spr\u00fchd\u00fcsen in Edelstahloptik.\" src=\"https:\/\/m.media-amazon.com\/images\/S\/aplus-media-library-service-media\/f2a259ce-9e0c-418b-8899-1653463a7f0d.__CR0,0,1464,600_PT0_SX1464_V1___.jpg\">                                                                                                                        <\/p>\n<p class=\"description aplus-p1\">  Der Fensterputzroboter YW366 bietet einen gr\u00f6\u00dferen Spr\u00fchbereich <\/p>\n<p>                                                      <img decoding=\"async\" alt=\"Der Text lautet \u201eGro\u00dfvolumiger 120ml-Wassertank\u201c. Mehrere Ansichten des creme\/wei\u00dfen Rucksacks aus verschiedenen Blickwinkeln mit gepolsterten Gurten und mehreren F\u00e4chern.\" src=\"https:\/\/m.media-amazon.com\/images\/S\/aplus-media-library-service-media\/a55b2bb6-a58d-4061-bae8-be10b34eca58.__CR0,0,1464,600_PT0_SX1464_V1___.jpg\">                                                                                                                        <\/p>\n<p class=\"description aplus-p1\">  120 ml Wassertankkapazit\u00e4t, eine Wasserf\u00fcllung reicht f\u00fcr eine lange Reinigungszeit <\/p>\n<p>                                                      <img decoding=\"async\" alt=\"Aplus-Inhaltsbild\" src=\"https:\/\/m.media-amazon.com\/images\/S\/aplus-media-library-service-media\/87fd9630-590a-4ebe-9595-f859b37e004a.__CR0,0,1464,600_PT0_SX1464_V1___.jpg\">                                                                                                                        <\/p>\n<p class=\"description aplus-p1\">  F\u00fcr beste Ergebnisse ersetzen Sie die T\u00fccher umgehend durch saubere Reinigungst\u00fccher <\/p>\n<p>                            1 Weitwinkel-Wasserstrahl 2 120 ml Wassertank 3 Nassreinigung <\/p>\n<p>                                                                                                       <img decoding=\"async\" alt=\"Aplus-Inhaltsbild\" src=\"https:\/\/images-na.ssl-images-amazon.com\/images\/G\/01\/x-locale\/common\/grey-pixel.gif\" class=\"a-lazy-loaded\" data-src=\"https:\/\/m.media-amazon.com\/images\/S\/aplus-media-library-service-media\/f78af7c0-f535-489b-bb93-f39abb0e9716.__CR0,0,1464,600_PT0_SX1464_V1___.jpg\"><img decoding=\"async\" alt=\"Aplus-Inhaltsbild\" src=\"https:\/\/m.media-amazon.com\/images\/S\/aplus-media-library-service-media\/f78af7c0-f535-489b-bb93-f39abb0e9716.__CR0,0,1464,600_PT0_SX1464_V1___.jpg\">                                         <\/p>\n<p class=\"aplus-description aplus-container-3 aplus-p1\">  Das intelligente Kantenerkennungssystem des Fensterreinigungsroboters YW336 kann die Kanten von rahmenlosem und gerahmtem Glas schnell identifizieren und die Flecken in den Zwischenr\u00e4umen an den Kanten wiederholt reinigen <\/p>\n<p>                                                                                                       <img decoding=\"async\" alt=\"Aplus-Inhaltsbild\" src=\"https:\/\/images-na.ssl-images-amazon.com\/images\/G\/01\/x-locale\/common\/grey-pixel.gif\" class=\"a-lazy-loaded\" data-src=\"https:\/\/m.media-amazon.com\/images\/S\/aplus-media-library-service-media\/68e2b4b9-be9a-4d2f-8715-bc10c42aedb2.__CR0,0,1464,600_PT0_SX1464_V1___.jpg\"><img decoding=\"async\" alt=\"Aplus-Inhaltsbild\" src=\"https:\/\/m.media-amazon.com\/images\/S\/aplus-media-library-service-media\/68e2b4b9-be9a-4d2f-8715-bc10c42aedb2.__CR0,0,1464,600_PT0_SX1464_V1___.jpg\">                                         <\/p>\n<p class=\"aplus-description aplus-container-3 aplus-p1\">  Der Fensterreinigungsroboter YW336 ist mit einem intelligenten Pfadplanungssystem ausgestattet, das den Reinigungspfad automatisch planen kann und \u00fcber die Fernbedienung auch die automatische Reinigung, Schnellreinigung, Tiefenreinigung und Kantenreinigung einstellen kann <\/p>\n<p>                                                                                                       <img decoding=\"async\" alt=\"Aplus-Inhaltsbild\" src=\"https:\/\/images-na.ssl-images-amazon.com\/images\/G\/01\/x-locale\/common\/grey-pixel.gif\" class=\"a-lazy-loaded\" data-src=\"https:\/\/m.media-amazon.com\/images\/S\/aplus-media-library-service-media\/c8a511e5-b4bf-49df-8982-7f917137eae1.__CR0,0,1464,600_PT0_SX1464_V1___.jpg\"><img decoding=\"async\" alt=\"Aplus-Inhaltsbild\" src=\"https:\/\/m.media-amazon.com\/images\/S\/aplus-media-library-service-media\/c8a511e5-b4bf-49df-8982-7f917137eae1.__CR0,0,1464,600_PT0_SX1464_V1___.jpg\">                                         <\/p>\n<p class=\"aplus-description aplus-container-3 aplus-p1\">  Der Fensterputzroboter verf\u00fcgt \u00fcber eine Selbstreinigungsfunktion und die hohe, rutschfeste Fahrfl\u00e4che sorgt f\u00fcr stabiles Klettern auch in hei\u00dfen und feuchten Umgebungen <\/p>\n<p>                                                                                <img decoding=\"async\" alt=\"Aplus-Inhaltsbild\" src=\"https:\/\/m.media-amazon.com\/images\/S\/aplus-media-library-service-media\/1421f08a-7e28-418b-9397-903f4738448d.__CR0,0,1464,600_PT0_SX1464_V1___.jpg\">                                                                                                                        <\/p>\n<p class=\"description aplus-p2\">  Der Fensterputzroboter YW336 kann auch andere glatte Oberfl\u00e4chen reinigen <\/p>\n<p>                                                      <img decoding=\"async\" alt=\"Aplus-Inhaltsbild\" src=\"https:\/\/m.media-amazon.com\/images\/S\/aplus-media-library-service-media\/bf47bf9a-6154-4d5e-8ab4-f050aa3ada26.__CR0,0,1464,600_PT0_SX1464_V1___.jpg\">                                                    <img decoding=\"async\" alt=\"Der Text lautet \u201eBetrieb nur mit Stromanschluss\u201c. Technisches Diagramm mit Anweisungen zum elektrischen Anschluss mit Steckersymbolen und Richtungspfeilen auf blauem Hintergrund.\" src=\"https:\/\/m.media-amazon.com\/images\/S\/aplus-media-library-service-media\/d050792c-2f1d-46ca-9f17-5d320718f8f7.__CR0,0,1464,600_PT0_SX1464_V1___.jpg\">                                                    <img decoding=\"async\" alt=\"Aplus-Inhaltsbild\" src=\"https:\/\/m.media-amazon.com\/images\/S\/aplus-media-library-service-media\/7bf1974b-a546-4235-a2b5-8fc85a627604.__CR0,0,1464,600_PT0_SX1464_V1___.jpg\">                                                                                                                        <\/p>\n<p class=\"description aplus-p2\">  Bei deutscher Benutzeroberfl\u00e4che wird durch Dr\u00fccken anderer Tasten eine deutsche Eingabe angezeigt <\/p>\n<p>                       1 Weit Verbreitet 2 Fensterputzer-Set 3 Verkn\u00fcpfungsmethoden 4 Sprachumschalter                  <\/p>\n<p>Kompaktes Design: Der Fensterputzroboter YW336 \u00fcberzeugt durch sein schlankes Profil, das auch enge Ecken und Kanten erreicht. Ob bodentiefe Fenster, rahmenlose Fenster, Schr\u00e4gverglasungen oder andere glatte Fl\u00e4chen \u2013 alles wird blitzsauber<br \/>3500 Pa starke Saugkraft und leise: Mit 3500 Pa Saugkraft haftet der Fensterputzroboter sicher und entfernt hartn\u00e4ckigen Schmutz. Er arbeitet mit einem Ger\u00e4uschpegel von nur 60 dB, was eine effektive Reinigung in einer ruhigen und angenehmen Umgebung gew\u00e4hrleistet<br \/>Ultraweitwinkel-Spr\u00fchsystem: Magnetische Fensterputzroboter mit 4 D\u00fcsen spr\u00fchen gro\u00dffl\u00e4chig, w\u00e4hrend Mikrofasert\u00fccher streifenfrei wischen. (Sie k\u00f6nnen die Reinigungspads auch einfach austauschen). Der 120-ml-Wassertank erm\u00f6glicht eine lange Reinigung, kein h\u00e4ufiges Nachf\u00fcllen von Wasser erforderlich<br \/>4 intelligente Reinigungsmodi: Per Fernbedienung k\u00f6nnen Sie Modi f\u00fcr unterschiedliche Verschmutzungsgrade ausw\u00e4hlen. Mit intelligenter Navigation und Kantenerkennung optimiert er automatisch seine Route f\u00fcr eine vollst\u00e4ndige Reinigung \u2013 zeitsparend und effizient. Fensterputzroboter, mehrsprachige Oberfl\u00e4che inklusive<br \/>Stabiles Klettersystem 2.0: Fensterputzroboter Rutschhemmende Technologie der 2. GEN: Au\u00dfenliegende Antriebsr\u00e4der und Gummiraupen verhindern St\u00fcrze. Es bietet hohe Stabilit\u00e4t auf glatten oder schr\u00e4gen Oberfl\u00e4chen<br \/>Sicherheitsplus: Bei einem Stromausfall haftet der Fensterputzroboter 30 Minuten lang sicher am Fenster und verhindert so pl\u00f6tzliche St\u00fcrze. Dar\u00fcber hinaus ist es mit einem Sicherungsseil ausgestattet. Hinweis: Um zu funktionieren, muss der Fensterputzroboter an den Strom angeschlossen (an das Stromnetz angeschlossen) sein<\/p>\n<p>[ad_2]<\/p>\n","protected":false},"excerpt":{"rendered":"<p>Produktbeschreibung Der Fensterputzroboter YW366 bietet einen gr\u00f6\u00dferen Spr\u00fchbereich 120 ml Wassertankkapazit\u00e4t, eine Wasserf\u00fcllung reicht f\u00fcr eine lange Reinigungszeit F\u00fcr beste Ergebnisse ersetzen Sie die T\u00fccher umgehend durch saubere Reinigungst\u00fccher 1 Weitwinkel-Wasserstrahl 2 120 ml Wassertank 3 Nassreinigung Das intelligente Kantenerkennungssystem des Fensterreinigungsroboters YW336 kann die Kanten von rahmenlosem und gerahmtem Glas schnell identifizieren und die [&hellip;]<\/p>\n","protected":false},"featured_media":2767,"comment_status":"open","ping_status":"closed","template":"","meta":{"_aipt_faq_data":""},"store":[],"product_brand":[],"product_cat":[74],"product_tag":[198],"class_list":{"0":"post-2766","1":"product","2":"type-product","3":"status-publish","4":"has-post-thumbnail","6":"product_cat-fensterreinigungsroboter","7":"product_tag-fensterreinigungsroboter-automatische-reinigung","9":"first","10":"instock","11":"shipping-taxable","12":"product-type-external"},"yoast_head":"<!-- This site is optimized with the Yoast SEO plugin v27.4 - https:\/\/yoast.com\/product\/yoast-seo-wordpress\/ -->\n<title>Fensterputzroboter, Vier-D\u00fcsen-Ultraschall-Spr\u00fchfunktion, 120-ml-Tank, Elektrischer Fensterreiniger mit 3500 Pa Saugleistung, 4 Reinigungsmodi f\u00fcr Hochhausfenster im Innen- oder Au\u00dfenbereich - EasyLifeBro<\/title>\n<meta name=\"description\" content=\"Entdecken Sie smarte Roboter f\u00fcr Zuhause, Garten, Bildung und Sicherheit. Vergleichen Sie Saugroboter, Rasenm\u00e4hroboter, KI-Begleitroboter und mehr bei EasyLifeRobo.\" \/>\n<meta name=\"robots\" content=\"index, follow, max-snippet:-1, max-image-preview:large, max-video-preview:-1\" \/>\n<link rel=\"canonical\" href=\"https:\/\/easyliferobo.com\/de\/product\/fensterputzroboter-vier-duesen-ultraschall-spruehfunktion-120-ml-tank-elektrischer-fensterreiniger-mit-3500-pa-saugleistung-4-reinigungsmodi-fuer-hochhausfenster-im-innen-oder-aussenbereich\/\" \/>\n<meta property=\"og:locale\" content=\"de_DE\" \/>\n<meta property=\"og:type\" content=\"article\" \/>\n<meta property=\"og:title\" content=\"Fensterputzroboter, Vier-D\u00fcsen-Ultraschall-Spr\u00fchfunktion, 120-ml-Tank, Elektrischer Fensterreiniger mit 3500 Pa Saugleistung, 4 Reinigungsmodi f\u00fcr Hochhausfenster im Innen- oder Au\u00dfenbereich - EasyLifeBro\" \/>\n<meta property=\"og:description\" content=\"Entdecken Sie smarte Roboter f\u00fcr Zuhause, Garten, Bildung und Sicherheit. Vergleichen Sie Saugroboter, Rasenm\u00e4hroboter, KI-Begleitroboter und mehr bei EasyLifeRobo.\" \/>\n<meta property=\"og:url\" content=\"https:\/\/easyliferobo.com\/de\/product\/fensterputzroboter-vier-duesen-ultraschall-spruehfunktion-120-ml-tank-elektrischer-fensterreiniger-mit-3500-pa-saugleistung-4-reinigungsmodi-fuer-hochhausfenster-im-innen-oder-aussenbereich\/\" \/>\n<meta property=\"og:site_name\" content=\"EasyLifeBro\" \/>\n<meta property=\"article:modified_time\" content=\"2026-02-27T05:05:24+00:00\" \/>\n<meta property=\"og:image\" content=\"https:\/\/images-na.ssl-images-amazon.com\/images\/G\/01\/x-locale\/common\/grey-pixel.gif\" \/>\n<meta name=\"twitter:card\" content=\"summary_large_image\" \/>\n<meta name=\"twitter:label1\" content=\"Gesch\u00e4tzte Lesezeit\" \/>\n\t<meta name=\"twitter:data1\" content=\"2\u00a0Minuten\" \/>\n<script type=\"application\/ld+json\" class=\"yoast-schema-graph\">{\"@context\":\"https:\\\/\\\/schema.org\",\"@graph\":[{\"@type\":\"WebPage\",\"@id\":\"https:\\\/\\\/easyliferobo.com\\\/de\\\/product\\\/fensterputzroboter-vier-duesen-ultraschall-spruehfunktion-120-ml-tank-elektrischer-fensterreiniger-mit-3500-pa-saugleistung-4-reinigungsmodi-fuer-hochhausfenster-im-innen-oder-aussenbereich\\\/\",\"url\":\"https:\\\/\\\/easyliferobo.com\\\/de\\\/product\\\/fensterputzroboter-vier-duesen-ultraschall-spruehfunktion-120-ml-tank-elektrischer-fensterreiniger-mit-3500-pa-saugleistung-4-reinigungsmodi-fuer-hochhausfenster-im-innen-oder-aussenbereich\\\/\",\"name\":\"Fensterputzroboter, Vier-D\u00fcsen-Ultraschall-Spr\u00fchfunktion, 120-ml-Tank, Elektrischer Fensterreiniger mit 3500 Pa Saugleistung, 4 Reinigungsmodi f\u00fcr Hochhausfenster im Innen- oder Au\u00dfenbereich - EasyLifeBro\",\"isPartOf\":{\"@id\":\"https:\\\/\\\/easyliferobo.com\\\/de\\\/#website\"},\"primaryImageOfPage\":{\"@id\":\"https:\\\/\\\/easyliferobo.com\\\/de\\\/product\\\/fensterputzroboter-vier-duesen-ultraschall-spruehfunktion-120-ml-tank-elektrischer-fensterreiniger-mit-3500-pa-saugleistung-4-reinigungsmodi-fuer-hochhausfenster-im-innen-oder-aussenbereich\\\/#primaryimage\"},\"image\":{\"@id\":\"https:\\\/\\\/easyliferobo.com\\\/de\\\/product\\\/fensterputzroboter-vier-duesen-ultraschall-spruehfunktion-120-ml-tank-elektrischer-fensterreiniger-mit-3500-pa-saugleistung-4-reinigungsmodi-fuer-hochhausfenster-im-innen-oder-aussenbereich\\\/#primaryimage\"},\"thumbnailUrl\":\"https:\\\/\\\/easyliferobo.com\\\/de\\\/wp-content\\\/uploads\\\/2026\\\/02\\\/71zDZyk2UKL._AC_SL1500_.jpg\",\"datePublished\":\"2026-02-27T05:05:09+00:00\",\"dateModified\":\"2026-02-27T05:05:24+00:00\",\"description\":\"Entdecken Sie smarte Roboter f\u00fcr Zuhause, Garten, Bildung und Sicherheit. Vergleichen Sie Saugroboter, Rasenm\u00e4hroboter, KI-Begleitroboter und mehr bei EasyLifeRobo.\",\"breadcrumb\":{\"@id\":\"https:\\\/\\\/easyliferobo.com\\\/de\\\/product\\\/fensterputzroboter-vier-duesen-ultraschall-spruehfunktion-120-ml-tank-elektrischer-fensterreiniger-mit-3500-pa-saugleistung-4-reinigungsmodi-fuer-hochhausfenster-im-innen-oder-aussenbereich\\\/#breadcrumb\"},\"inLanguage\":\"de\",\"potentialAction\":[{\"@type\":\"ReadAction\",\"target\":[\"https:\\\/\\\/easyliferobo.com\\\/de\\\/product\\\/fensterputzroboter-vier-duesen-ultraschall-spruehfunktion-120-ml-tank-elektrischer-fensterreiniger-mit-3500-pa-saugleistung-4-reinigungsmodi-fuer-hochhausfenster-im-innen-oder-aussenbereich\\\/\"]}]},{\"@type\":\"ImageObject\",\"inLanguage\":\"de\",\"@id\":\"https:\\\/\\\/easyliferobo.com\\\/de\\\/product\\\/fensterputzroboter-vier-duesen-ultraschall-spruehfunktion-120-ml-tank-elektrischer-fensterreiniger-mit-3500-pa-saugleistung-4-reinigungsmodi-fuer-hochhausfenster-im-innen-oder-aussenbereich\\\/#primaryimage\",\"url\":\"https:\\\/\\\/easyliferobo.com\\\/de\\\/wp-content\\\/uploads\\\/2026\\\/02\\\/71zDZyk2UKL._AC_SL1500_.jpg\",\"contentUrl\":\"https:\\\/\\\/easyliferobo.com\\\/de\\\/wp-content\\\/uploads\\\/2026\\\/02\\\/71zDZyk2UKL._AC_SL1500_.jpg\",\"width\":1407,\"height\":1500},{\"@type\":\"BreadcrumbList\",\"@id\":\"https:\\\/\\\/easyliferobo.com\\\/de\\\/product\\\/fensterputzroboter-vier-duesen-ultraschall-spruehfunktion-120-ml-tank-elektrischer-fensterreiniger-mit-3500-pa-saugleistung-4-reinigungsmodi-fuer-hochhausfenster-im-innen-oder-aussenbereich\\\/#breadcrumb\",\"itemListElement\":[{\"@type\":\"ListItem\",\"position\":1,\"name\":\"Home\",\"item\":\"https:\\\/\\\/easyliferobo.com\\\/de\\\/\"},{\"@type\":\"ListItem\",\"position\":2,\"name\":\"Shop\",\"item\":\"https:\\\/\\\/easyliferobo.com\\\/de\\\/shop\\\/\"},{\"@type\":\"ListItem\",\"position\":3,\"name\":\"Fensterputzroboter, Vier-D\u00fcsen-Ult...\"}]},{\"@type\":\"WebSite\",\"@id\":\"https:\\\/\\\/easyliferobo.com\\\/de\\\/#website\",\"url\":\"https:\\\/\\\/easyliferobo.com\\\/de\\\/\",\"name\":\"EasyLifeBro\",\"description\":\"Smarte Roboter f\u00fcr Zuhause, Garten &amp; Bildung\",\"publisher\":{\"@id\":\"https:\\\/\\\/easyliferobo.com\\\/de\\\/#organization\"},\"potentialAction\":[{\"@type\":\"SearchAction\",\"target\":{\"@type\":\"EntryPoint\",\"urlTemplate\":\"https:\\\/\\\/easyliferobo.com\\\/de\\\/?s={search_term_string}\"},\"query-input\":{\"@type\":\"PropertyValueSpecification\",\"valueRequired\":true,\"valueName\":\"search_term_string\"}}],\"inLanguage\":\"de\"},{\"@type\":\"Organization\",\"@id\":\"https:\\\/\\\/easyliferobo.com\\\/de\\\/#organization\",\"name\":\"EasyLifeBro\",\"url\":\"https:\\\/\\\/easyliferobo.com\\\/de\\\/\",\"logo\":{\"@type\":\"ImageObject\",\"inLanguage\":\"de\",\"@id\":\"https:\\\/\\\/easyliferobo.com\\\/de\\\/#\\\/schema\\\/logo\\\/image\\\/\",\"url\":\"https:\\\/\\\/easyliferobo.com\\\/de\\\/wp-content\\\/uploads\\\/2026\\\/02\\\/Screenshot-2026-02-22-at-2.25.03-PM.png\",\"contentUrl\":\"https:\\\/\\\/easyliferobo.com\\\/de\\\/wp-content\\\/uploads\\\/2026\\\/02\\\/Screenshot-2026-02-22-at-2.25.03-PM.png\",\"width\":1858,\"height\":430,\"caption\":\"EasyLifeBro\"},\"image\":{\"@id\":\"https:\\\/\\\/easyliferobo.com\\\/de\\\/#\\\/schema\\\/logo\\\/image\\\/\"}}]}<\/script>\n<!-- \/ Yoast SEO plugin. -->","yoast_head_json":{"title":"Fensterputzroboter, Vier-D\u00fcsen-Ultraschall-Spr\u00fchfunktion, 120-ml-Tank, Elektrischer Fensterreiniger mit 3500 Pa Saugleistung, 4 Reinigungsmodi f\u00fcr Hochhausfenster im Innen- oder Au\u00dfenbereich - EasyLifeBro","description":"Entdecken Sie smarte Roboter f\u00fcr Zuhause, Garten, Bildung und Sicherheit. Vergleichen Sie Saugroboter, Rasenm\u00e4hroboter, KI-Begleitroboter und mehr bei EasyLifeRobo.","robots":{"index":"index","follow":"follow","max-snippet":"max-snippet:-1","max-image-preview":"max-image-preview:large","max-video-preview":"max-video-preview:-1"},"canonical":"https:\/\/easyliferobo.com\/de\/product\/fensterputzroboter-vier-duesen-ultraschall-spruehfunktion-120-ml-tank-elektrischer-fensterreiniger-mit-3500-pa-saugleistung-4-reinigungsmodi-fuer-hochhausfenster-im-innen-oder-aussenbereich\/","og_locale":"de_DE","og_type":"article","og_title":"Fensterputzroboter, Vier-D\u00fcsen-Ultraschall-Spr\u00fchfunktion, 120-ml-Tank, Elektrischer Fensterreiniger mit 3500 Pa Saugleistung, 4 Reinigungsmodi f\u00fcr Hochhausfenster im Innen- oder Au\u00dfenbereich - EasyLifeBro","og_description":"Entdecken Sie smarte Roboter f\u00fcr Zuhause, Garten, Bildung und Sicherheit. Vergleichen Sie Saugroboter, Rasenm\u00e4hroboter, KI-Begleitroboter und mehr bei EasyLifeRobo.","og_url":"https:\/\/easyliferobo.com\/de\/product\/fensterputzroboter-vier-duesen-ultraschall-spruehfunktion-120-ml-tank-elektrischer-fensterreiniger-mit-3500-pa-saugleistung-4-reinigungsmodi-fuer-hochhausfenster-im-innen-oder-aussenbereich\/","og_site_name":"EasyLifeBro","article_modified_time":"2026-02-27T05:05:24+00:00","og_image":[{"url":"https:\/\/images-na.ssl-images-amazon.com\/images\/G\/01\/x-locale\/common\/grey-pixel.gif","type":"","width":"","height":""}],"twitter_card":"summary_large_image","twitter_misc":{"Gesch\u00e4tzte Lesezeit":"2\u00a0Minuten"},"schema":{"@context":"https:\/\/schema.org","@graph":[{"@type":"WebPage","@id":"https:\/\/easyliferobo.com\/de\/product\/fensterputzroboter-vier-duesen-ultraschall-spruehfunktion-120-ml-tank-elektrischer-fensterreiniger-mit-3500-pa-saugleistung-4-reinigungsmodi-fuer-hochhausfenster-im-innen-oder-aussenbereich\/","url":"https:\/\/easyliferobo.com\/de\/product\/fensterputzroboter-vier-duesen-ultraschall-spruehfunktion-120-ml-tank-elektrischer-fensterreiniger-mit-3500-pa-saugleistung-4-reinigungsmodi-fuer-hochhausfenster-im-innen-oder-aussenbereich\/","name":"Fensterputzroboter, Vier-D\u00fcsen-Ultraschall-Spr\u00fchfunktion, 120-ml-Tank, Elektrischer Fensterreiniger mit 3500 Pa Saugleistung, 4 Reinigungsmodi f\u00fcr Hochhausfenster im Innen- oder Au\u00dfenbereich - EasyLifeBro","isPartOf":{"@id":"https:\/\/easyliferobo.com\/de\/#website"},"primaryImageOfPage":{"@id":"https:\/\/easyliferobo.com\/de\/product\/fensterputzroboter-vier-duesen-ultraschall-spruehfunktion-120-ml-tank-elektrischer-fensterreiniger-mit-3500-pa-saugleistung-4-reinigungsmodi-fuer-hochhausfenster-im-innen-oder-aussenbereich\/#primaryimage"},"image":{"@id":"https:\/\/easyliferobo.com\/de\/product\/fensterputzroboter-vier-duesen-ultraschall-spruehfunktion-120-ml-tank-elektrischer-fensterreiniger-mit-3500-pa-saugleistung-4-reinigungsmodi-fuer-hochhausfenster-im-innen-oder-aussenbereich\/#primaryimage"},"thumbnailUrl":"https:\/\/easyliferobo.com\/de\/wp-content\/uploads\/2026\/02\/71zDZyk2UKL._AC_SL1500_.jpg","datePublished":"2026-02-27T05:05:09+00:00","dateModified":"2026-02-27T05:05:24+00:00","description":"Entdecken Sie smarte Roboter f\u00fcr Zuhause, Garten, Bildung und Sicherheit. Vergleichen Sie Saugroboter, Rasenm\u00e4hroboter, KI-Begleitroboter und mehr bei EasyLifeRobo.","breadcrumb":{"@id":"https:\/\/easyliferobo.com\/de\/product\/fensterputzroboter-vier-duesen-ultraschall-spruehfunktion-120-ml-tank-elektrischer-fensterreiniger-mit-3500-pa-saugleistung-4-reinigungsmodi-fuer-hochhausfenster-im-innen-oder-aussenbereich\/#breadcrumb"},"inLanguage":"de","potentialAction":[{"@type":"ReadAction","target":["https:\/\/easyliferobo.com\/de\/product\/fensterputzroboter-vier-duesen-ultraschall-spruehfunktion-120-ml-tank-elektrischer-fensterreiniger-mit-3500-pa-saugleistung-4-reinigungsmodi-fuer-hochhausfenster-im-innen-oder-aussenbereich\/"]}]},{"@type":"ImageObject","inLanguage":"de","@id":"https:\/\/easyliferobo.com\/de\/product\/fensterputzroboter-vier-duesen-ultraschall-spruehfunktion-120-ml-tank-elektrischer-fensterreiniger-mit-3500-pa-saugleistung-4-reinigungsmodi-fuer-hochhausfenster-im-innen-oder-aussenbereich\/#primaryimage","url":"https:\/\/easyliferobo.com\/de\/wp-content\/uploads\/2026\/02\/71zDZyk2UKL._AC_SL1500_.jpg","contentUrl":"https:\/\/easyliferobo.com\/de\/wp-content\/uploads\/2026\/02\/71zDZyk2UKL._AC_SL1500_.jpg","width":1407,"height":1500},{"@type":"BreadcrumbList","@id":"https:\/\/easyliferobo.com\/de\/product\/fensterputzroboter-vier-duesen-ultraschall-spruehfunktion-120-ml-tank-elektrischer-fensterreiniger-mit-3500-pa-saugleistung-4-reinigungsmodi-fuer-hochhausfenster-im-innen-oder-aussenbereich\/#breadcrumb","itemListElement":[{"@type":"ListItem","position":1,"name":"Home","item":"https:\/\/easyliferobo.com\/de\/"},{"@type":"ListItem","position":2,"name":"Shop","item":"https:\/\/easyliferobo.com\/de\/shop\/"},{"@type":"ListItem","position":3,"name":"Fensterputzroboter, Vier-D\u00fcsen-Ult..."}]},{"@type":"WebSite","@id":"https:\/\/easyliferobo.com\/de\/#website","url":"https:\/\/easyliferobo.com\/de\/","name":"EasyLifeBro","description":"Smarte Roboter f\u00fcr Zuhause, Garten &amp; Bildung","publisher":{"@id":"https:\/\/easyliferobo.com\/de\/#organization"},"potentialAction":[{"@type":"SearchAction","target":{"@type":"EntryPoint","urlTemplate":"https:\/\/easyliferobo.com\/de\/?s={search_term_string}"},"query-input":{"@type":"PropertyValueSpecification","valueRequired":true,"valueName":"search_term_string"}}],"inLanguage":"de"},{"@type":"Organization","@id":"https:\/\/easyliferobo.com\/de\/#organization","name":"EasyLifeBro","url":"https:\/\/easyliferobo.com\/de\/","logo":{"@type":"ImageObject","inLanguage":"de","@id":"https:\/\/easyliferobo.com\/de\/#\/schema\/logo\/image\/","url":"https:\/\/easyliferobo.com\/de\/wp-content\/uploads\/2026\/02\/Screenshot-2026-02-22-at-2.25.03-PM.png","contentUrl":"https:\/\/easyliferobo.com\/de\/wp-content\/uploads\/2026\/02\/Screenshot-2026-02-22-at-2.25.03-PM.png","width":1858,"height":430,"caption":"EasyLifeBro"},"image":{"@id":"https:\/\/easyliferobo.com\/de\/#\/schema\/logo\/image\/"}}]}},"_links":{"self":[{"href":"https:\/\/easyliferobo.com\/de\/wp-json\/wp\/v2\/product\/2766","targetHints":{"allow":["GET"]}}],"collection":[{"href":"https:\/\/easyliferobo.com\/de\/wp-json\/wp\/v2\/product"}],"about":[{"href":"https:\/\/easyliferobo.com\/de\/wp-json\/wp\/v2\/types\/product"}],"replies":[{"embeddable":true,"href":"https:\/\/easyliferobo.com\/de\/wp-json\/wp\/v2\/comments?post=2766"}],"wp:featuredmedia":[{"embeddable":true,"href":"https:\/\/easyliferobo.com\/de\/wp-json\/wp\/v2\/media\/2767"}],"wp:attachment":[{"href":"https:\/\/easyliferobo.com\/de\/wp-json\/wp\/v2\/media?parent=2766"}],"wp:term":[{"taxonomy":"store","embeddable":true,"href":"https:\/\/easyliferobo.com\/de\/wp-json\/wp\/v2\/store?post=2766"},{"taxonomy":"product_brand","embeddable":true,"href":"https:\/\/easyliferobo.com\/de\/wp-json\/wp\/v2\/product_brand?post=2766"},{"taxonomy":"product_cat","embeddable":true,"href":"https:\/\/easyliferobo.com\/de\/wp-json\/wp\/v2\/product_cat?post=2766"},{"taxonomy":"product_tag","embeddable":true,"href":"https:\/\/easyliferobo.com\/de\/wp-json\/wp\/v2\/product_tag?post=2766"}],"curies":[{"name":"wp","href":"https:\/\/api.w.org\/{rel}","templated":true}]}}