
{"id":2758,"date":"2026-02-27T05:03:38","date_gmt":"2026-02-27T05:03:38","guid":{"rendered":"https:\/\/easyliferobo.com\/de\/product\/pool-royal-poolroboter-pc10-akku-modell-2025-poolstaubsauger-kabellos-parkplatz-und-wandklettern-3-motoren-120-minuten-akkulaufzeit-fuer-schwimmbadboden-wand-wasserlinie\/"},"modified":"2026-02-27T05:03:52","modified_gmt":"2026-02-27T05:03:52","slug":"pool-royal-poolroboter-pc10-akku-modell-2025-poolstaubsauger-kabellos-parkplatz-und-wandklettern-3-motoren-120-minuten-akkulaufzeit-fuer-schwimmbadboden-wand-wasserlinie","status":"publish","type":"product","link":"https:\/\/easyliferobo.com\/de\/product\/pool-royal-poolroboter-pc10-akku-modell-2025-poolstaubsauger-kabellos-parkplatz-und-wandklettern-3-motoren-120-minuten-akkulaufzeit-fuer-schwimmbadboden-wand-wasserlinie\/","title":{"rendered":"Pool-Royal Poolroboter PC10 Akku, M..."},"content":{"rendered":"<p>\n                                             Produktbeschreibung   <\/p>\n<h3 class=\"a-text-center aplus-container-3 aplus-h1 a-text-bold\"> Der Pool-Royal Akku-Poolroboter PC10 <\/h3>\n<p>Das Video zeigt das Produkt im Einsatz. Das Video f\u00fchrt Sie durch die Produkteinrichtung. Das Video vergleicht mehrere Produkte. Das Video zeigt das Auspacken des Produkts. Pool-Royal PC10 H\u00e4ndlervideo<\/p>\n<p>                                                                <img decoding=\"async\" alt=\"PC10 Akku-Poolroboter\" src=\"https:\/\/images-na.ssl-images-amazon.com\/images\/G\/01\/x-locale\/common\/grey-pixel.gif\" class=\"a-lazy-loaded\" data-src=\"https:\/\/m.media-amazon.com\/images\/S\/aplus-media-library-service-media\/818b2c42-9c8a-46ac-8b7d-23b0fe795f0f.__CR0,200,1600,1200_PT0_SX800_V1___.jpg\"><img decoding=\"async\" alt=\"PC10 Akku-Poolroboter\" src=\"https:\/\/m.media-amazon.com\/images\/S\/aplus-media-library-service-media\/818b2c42-9c8a-46ac-8b7d-23b0fe795f0f.__CR0,200,1600,1200_PT0_SX800_V1___.jpg\">                                                                          <\/p>\n<h3 class=\"aplus-h1 aplus-module-1-heading a-text-bold\">  Der PC10 ist die komfortabelste M\u00f6glichkeit, Ihren Pool sauber zu halten. <\/h3>\n<p>                                                                                                                <img decoding=\"async\" alt=\"PC10 3 Reinigungsmodi\" src=\"https:\/\/m.media-amazon.com\/images\/S\/aplus-media-library-service-media\/deb014d6-dbd4-4507-be1f-b5678d64cb75.__CR0,0,1464,600_PT0_SX1464_V1___.jpg\">                                                    <img decoding=\"async\" alt=\"Kraftvolle Reinigung 3x fortschrittliche Motoren, \u00fcberlegene Saugkraft\" src=\"https:\/\/m.media-amazon.com\/images\/S\/aplus-media-library-service-media\/f7e7caee-307c-4f16-b607-57f7b6982602.__CR0,0,1464,600_PT0_SX1464_V1___.jpg\">                                                    <img decoding=\"async\" alt=\"Schnelles Laden bis zu 120 Min. Laufzeit bei nur 2,5 Stunden Ladezeit\" src=\"https:\/\/m.media-amazon.com\/images\/S\/aplus-media-library-service-media\/1fe9509d-a1f8-4e82-8944-f0af63914db6.__CR0,0,1464,600_PT0_SX1464_V1___.png\"><br \/>\n                            1 Reinigungsmodi 2 Kraftvolle Reinigung 3 Schnelles Laden <\/p>\n<p>                                                                                              <img decoding=\"async\" alt=\"Akku Roboter PC10 Filter 4L Pool\" src=\"https:\/\/images-na.ssl-images-amazon.com\/images\/G\/01\/x-locale\/common\/grey-pixel.gif\" class=\"a-lazy-loaded\" data-src=\"https:\/\/m.media-amazon.com\/images\/S\/aplus-media-library-service-media\/560f2dd8-b691-4f3f-9ca9-713ee8929bbd.__CR0,0,650,350_PT0_SX650_V1___.png\"><img decoding=\"async\" alt=\"Akku Roboter PC10 Filter 4L Pool\" src=\"https:\/\/m.media-amazon.com\/images\/S\/aplus-media-library-service-media\/560f2dd8-b691-4f3f-9ca9-713ee8929bbd.__CR0,0,650,350_PT0_SX650_V1___.png\">                                            Kraftvolle Reinigung ganz ohne Filteranlage!                                         <\/p>\n<p class=\"aplus-p3\"> Dieser Poolsauger reinigt selbstst\u00e4ndig und effizient \u2013 \u200b\u200bganz ohne Anschluss an die Filteranlage. Die integrierte Pumpe und der 4-Liter-Filter reduzieren die Entleerungsh\u00e4ufigkeit. Dank der nach oben zu \u00f6ffnenden Klappe l\u00e4sst sich der Filter m\u00fchelos mit einem Schlauch reinigen. <\/p>\n<p>                                           <img decoding=\"async\" alt=\"Akku Poolreiniger PC10 Haken Pool\" src=\"https:\/\/images-na.ssl-images-amazon.com\/images\/G\/01\/x-locale\/common\/grey-pixel.gif\" class=\"a-lazy-loaded\" data-src=\"https:\/\/m.media-amazon.com\/images\/S\/aplus-media-library-service-media\/c25b8b51-471d-445f-8577-535bff19be47.__CR0,0,650,350_PT0_SX650_V1___.png\"><img decoding=\"async\" alt=\"Akku Poolreiniger PC10 Haken Pool\" src=\"https:\/\/m.media-amazon.com\/images\/S\/aplus-media-library-service-media\/c25b8b51-471d-445f-8577-535bff19be47.__CR0,0,650,350_PT0_SX650_V1___.png\">                                            M\u00fchelose Poolreinigung ganz ohne Kabel!                                         <\/p>\n<p class=\"aplus-p3\"> Komfortabel und effizient: Der kabellose Akkupoolsauger reinigt schnell und zuverl\u00e4ssig \u2013 ganz ohne st\u00f6rende Kabel. Dank des mitgelieferten Hakens l\u00e4sst er sich m\u00fchelos aus dem Becken holen. Genie\u00dfen Sie eine m\u00fchelose Poolreinigung ohne Aufwand! <\/p>\n<p>                                                                                              <img decoding=\"async\" alt=\"Passend f\u00fcr verschiedene Pools Rechteckig Rund Niere Zuf\u00e4llig\" src=\"https:\/\/images-na.ssl-images-amazon.com\/images\/G\/01\/x-locale\/common\/grey-pixel.gif\" class=\"a-lazy-loaded\" data-src=\"https:\/\/m.media-amazon.com\/images\/S\/aplus-media-library-service-media\/0a443689-5095-4848-9215-024330ed0797.__CR0,0,650,350_PT0_SX650_V1___.png\"><img decoding=\"async\" alt=\"Passend f\u00fcr verschiedene Pools Rechteckig Rund Niere Zuf\u00e4llig\" src=\"https:\/\/m.media-amazon.com\/images\/S\/aplus-media-library-service-media\/0a443689-5095-4848-9215-024330ed0797.__CR0,0,650,350_PT0_SX650_V1___.png\">                                            Saubere Pools \u2013 egal in welcher Form!                                         <\/p>\n<p class=\"aplus-p3\"> Egal, ob Ihr Pool rund, eckig oder nierenf\u00f6rmig ist \u2013 mit dem Pool-Royal PC10 sind Sie bestens ausgestattet, um Ihren Pool stets sauber zu halten. Der Roboter ist f\u00fcr Pools mit einer Fl\u00e4che von bis zu 100 m\u00b2 und einer maximalen Tiefe von 2,5 Metern ausgelegt. <\/p>\n<p>                                           <img decoding=\"async\" alt=\"Geeignet f\u00fcr alle Bodenbel\u00e4ge Vinyl Beton Mosaik-Fliesen\" src=\"https:\/\/images-na.ssl-images-amazon.com\/images\/G\/01\/x-locale\/common\/grey-pixel.gif\" class=\"a-lazy-loaded\" data-src=\"https:\/\/m.media-amazon.com\/images\/S\/aplus-media-library-service-media\/9fa68256-5d8d-4d2f-a31e-d7c38d0da02a.__CR0,0,650,350_PT0_SX650_V1___.png\"><img decoding=\"async\" alt=\"Geeignet f\u00fcr alle Bodenbel\u00e4ge Vinyl Beton Mosaik-Fliesen\" src=\"https:\/\/m.media-amazon.com\/images\/S\/aplus-media-library-service-media\/9fa68256-5d8d-4d2f-a31e-d7c38d0da02a.__CR0,0,650,350_PT0_SX650_V1___.png\">                                            Gr\u00fcndliche Poolreinigung auf allen Oberfl\u00e4chen!                                         <\/p>\n<p class=\"aplus-p3\"> Der PC10 ist f\u00fcr alle Bodenbel\u00e4ge geeignet, einschlie\u00dflich GFK, Folie und Fliesen, und sorgt daf\u00fcr, dass alle Bereiche Ihres Pools gr\u00fcndlich von Verunreinigungen befreit werden. <\/p>\n<p>                                                                                  <img decoding=\"async\" alt=\"Komplettreinigung ihres Pools Wand Wasserlinie Boden\" src=\"https:\/\/m.media-amazon.com\/images\/S\/aplus-media-library-service-media\/616a7236-b938-40c8-955e-17b1a36f5e59.__CR0,0,1464,600_PT0_SX1464_V1___.jpg\">       <\/p>\n<p>                                                                                  <img decoding=\"async\" alt=\"Akku PC10 Pool Innenansicht Wand Boden Wasserlinie\" src=\"https:\/\/m.media-amazon.com\/images\/S\/aplus-media-library-service-media\/d936d794-c9e6-420c-a424-bad1b5349362.__CR0,0,1464,600_PT0_SX1464_V1___.jpg\">       <\/p>\n<p>                                                                                  <img decoding=\"async\" alt=\"Innenansicht Pool PC10Auto Modus\" src=\"https:\/\/m.media-amazon.com\/images\/S\/aplus-media-library-service-media\/003a88ec-6b85-4c1c-9579-191c2f6aa9d8.__CR0,0,1464,600_PT0_SX1464_V1___.jpg\">       <\/p>\n<p>                                                                                  <img decoding=\"async\" alt=\"Bodenreinigung Steigung bis 20 Grad und Hindernisse bis 3cm\" src=\"https:\/\/m.media-amazon.com\/images\/S\/aplus-media-library-service-media\/a48ae857-97f5-45f4-9fb3-a29b69cef1ca.__CR0,0,1464,600_PT0_SX1464_V1___.png\">       <\/p>\n<p>Effiziente Reinigung: Poolroboter-Akku. Mit einem fortschrittlichen Drei-Motoren-System und zwei aktiven Scheuerb\u00fcrsten bietet unser Pool-Reinigungsroboter eine un\u00fcbertroffene Reinigungsleistung. Ob Boden, W\u00e4nde oder Wasserlinie, er entfernt gr\u00fcndlich Schmutz und Ablagerungen f\u00fcr das ultimative Poolerlebnis.<br \/>Drei Reinigungsmodi: Der Poolroboter f\u00fcr Boden und Wand bietet einen Automodus, einen Nur-Boden-Modus und einen Nur-Wand-Modus, um den Poolboden, die W\u00e4nde und die Wasserleitungen zu wischen und eine effektive Reinigung f\u00fcr alle Arten von Pools (unterirdisch oder oberirdisch) zu gew\u00e4hrleisten.<br \/>Intelligente Navigation f\u00fcr vollst\u00e4ndige Abdeckung: Der Pool-Staubsauger-Akku nutzt pr\u00e4zise Positionierung und intelligente Navigationstechnologie, um den Pool in einem bogenf\u00f6rmigen Pfad zu schrubben, sodass jede Ecke vollst\u00e4ndig abgedeckt und effizient gereinigt wird.<br \/>LEISTUNGSSTARKE REINIGUNG Ausgestattet mit 2 Antriebsmotoren und 1 Pumpenmotor sowie einem 180-Mikron-Feinfilter, der Schmutz effektiv auff\u00e4ngt und filtert, um klares Poolwasser zu erhalten.<br \/>Laufzeit von 120 Minuten und einfaches Recycling: Mit seinem eingebauten Hochleistungsakku kann der automatische Poolreiniger bis zu 2 Stunden ununterbrochen reinigen und eine Fl\u00e4che von bis zu 170 Quadratmetern abdecken. Wenn die Reinigung abgeschlossen ist oder der Akku leer ist, stoppt er automatisch am Beckenrand und kann mit dem mitgelieferten Haken einfach zur\u00fcckgeholt werden.<br \/>GROSSER AUFFANGBEH\u00c4LTER: Der gro\u00dfe 4-Liter-Auffangbeh\u00e4lter reduziert die H\u00e4ufigkeit des Entleerens. Wenn Sie fertig sind, nehmen Sie einfach den Deckel ab und sp\u00fclen Sie den Filter mit einem Schlauch ab, um ihn zu reinigen.<\/p>\n<p>[ad_2]<\/p>\n","protected":false},"excerpt":{"rendered":"<p>Produktbeschreibung Der Pool-Royal Akku-Poolroboter PC10 Das Video zeigt das Produkt im Einsatz. Das Video f\u00fchrt Sie durch die Produkteinrichtung. Das Video vergleicht mehrere Produkte. Das Video zeigt das Auspacken des Produkts. Pool-Royal PC10 H\u00e4ndlervideo Der PC10 ist die komfortabelste M\u00f6glichkeit, Ihren Pool sauber zu halten. 1 Reinigungsmodi 2 Kraftvolle Reinigung 3 Schnelles Laden Kraftvolle Reinigung [&hellip;]<\/p>\n","protected":false},"featured_media":2759,"comment_status":"open","ping_status":"closed","template":"","meta":{"_aipt_faq_data":""},"store":[],"product_brand":[412],"product_cat":[75],"product_tag":[197],"class_list":{"0":"post-2758","1":"product","2":"type-product","3":"status-publish","4":"has-post-thumbnail","6":"product_brand-fm-solar","7":"product_cat-poolroboter","8":"product_tag-poolroboter-mit-fernbedienung","10":"first","11":"instock","12":"shipping-taxable","13":"product-type-external"},"yoast_head":"<!-- This site is optimized with the Yoast SEO plugin v27.4 - https:\/\/yoast.com\/product\/yoast-seo-wordpress\/ -->\n<title>Pool-Royal Poolroboter PC10 Akku, Modell 2025, Poolstaubsauger, kabellos, Parkplatz und Wandklettern, 3 Motoren, 120 Minuten Akkulaufzeit f\u00fcr Schwimmbadboden, Wand, Wasserlinie - EasyLifeBro<\/title>\n<meta name=\"description\" content=\"Entdecken Sie smarte Roboter f\u00fcr Zuhause, Garten, Bildung und Sicherheit. Vergleichen Sie Saugroboter, Rasenm\u00e4hroboter, KI-Begleitroboter und mehr bei EasyLifeRobo.\" \/>\n<meta name=\"robots\" content=\"index, follow, max-snippet:-1, max-image-preview:large, max-video-preview:-1\" \/>\n<link rel=\"canonical\" href=\"https:\/\/easyliferobo.com\/de\/product\/pool-royal-poolroboter-pc10-akku-modell-2025-poolstaubsauger-kabellos-parkplatz-und-wandklettern-3-motoren-120-minuten-akkulaufzeit-fuer-schwimmbadboden-wand-wasserlinie\/\" \/>\n<meta property=\"og:locale\" content=\"de_DE\" \/>\n<meta property=\"og:type\" content=\"article\" \/>\n<meta property=\"og:title\" content=\"Pool-Royal Poolroboter PC10 Akku, Modell 2025, Poolstaubsauger, kabellos, Parkplatz und Wandklettern, 3 Motoren, 120 Minuten Akkulaufzeit f\u00fcr Schwimmbadboden, Wand, Wasserlinie - EasyLifeBro\" \/>\n<meta property=\"og:description\" content=\"Entdecken Sie smarte Roboter f\u00fcr Zuhause, Garten, Bildung und Sicherheit. Vergleichen Sie Saugroboter, Rasenm\u00e4hroboter, KI-Begleitroboter und mehr bei EasyLifeRobo.\" \/>\n<meta property=\"og:url\" content=\"https:\/\/easyliferobo.com\/de\/product\/pool-royal-poolroboter-pc10-akku-modell-2025-poolstaubsauger-kabellos-parkplatz-und-wandklettern-3-motoren-120-minuten-akkulaufzeit-fuer-schwimmbadboden-wand-wasserlinie\/\" \/>\n<meta property=\"og:site_name\" content=\"EasyLifeBro\" \/>\n<meta property=\"article:modified_time\" content=\"2026-02-27T05:03:52+00:00\" \/>\n<meta property=\"og:image\" content=\"https:\/\/images-na.ssl-images-amazon.com\/images\/G\/01\/x-locale\/common\/grey-pixel.gif\" \/>\n<meta name=\"twitter:card\" content=\"summary_large_image\" \/>\n<meta name=\"twitter:label1\" content=\"Gesch\u00e4tzte Lesezeit\" \/>\n\t<meta name=\"twitter:data1\" content=\"2\u00a0Minuten\" \/>\n<script type=\"application\/ld+json\" class=\"yoast-schema-graph\">{\"@context\":\"https:\\\/\\\/schema.org\",\"@graph\":[{\"@type\":\"WebPage\",\"@id\":\"https:\\\/\\\/easyliferobo.com\\\/de\\\/product\\\/pool-royal-poolroboter-pc10-akku-modell-2025-poolstaubsauger-kabellos-parkplatz-und-wandklettern-3-motoren-120-minuten-akkulaufzeit-fuer-schwimmbadboden-wand-wasserlinie\\\/\",\"url\":\"https:\\\/\\\/easyliferobo.com\\\/de\\\/product\\\/pool-royal-poolroboter-pc10-akku-modell-2025-poolstaubsauger-kabellos-parkplatz-und-wandklettern-3-motoren-120-minuten-akkulaufzeit-fuer-schwimmbadboden-wand-wasserlinie\\\/\",\"name\":\"Pool-Royal Poolroboter PC10 Akku, Modell 2025, Poolstaubsauger, kabellos, Parkplatz und Wandklettern, 3 Motoren, 120 Minuten Akkulaufzeit f\u00fcr Schwimmbadboden, Wand, Wasserlinie - EasyLifeBro\",\"isPartOf\":{\"@id\":\"https:\\\/\\\/easyliferobo.com\\\/de\\\/#website\"},\"primaryImageOfPage\":{\"@id\":\"https:\\\/\\\/easyliferobo.com\\\/de\\\/product\\\/pool-royal-poolroboter-pc10-akku-modell-2025-poolstaubsauger-kabellos-parkplatz-und-wandklettern-3-motoren-120-minuten-akkulaufzeit-fuer-schwimmbadboden-wand-wasserlinie\\\/#primaryimage\"},\"image\":{\"@id\":\"https:\\\/\\\/easyliferobo.com\\\/de\\\/product\\\/pool-royal-poolroboter-pc10-akku-modell-2025-poolstaubsauger-kabellos-parkplatz-und-wandklettern-3-motoren-120-minuten-akkulaufzeit-fuer-schwimmbadboden-wand-wasserlinie\\\/#primaryimage\"},\"thumbnailUrl\":\"https:\\\/\\\/easyliferobo.com\\\/de\\\/wp-content\\\/uploads\\\/2026\\\/02\\\/61vQVvQGkIL._AC_SL1500_.jpg\",\"datePublished\":\"2026-02-27T05:03:38+00:00\",\"dateModified\":\"2026-02-27T05:03:52+00:00\",\"description\":\"Entdecken Sie smarte Roboter f\u00fcr Zuhause, Garten, Bildung und Sicherheit. Vergleichen Sie Saugroboter, Rasenm\u00e4hroboter, KI-Begleitroboter und mehr bei EasyLifeRobo.\",\"breadcrumb\":{\"@id\":\"https:\\\/\\\/easyliferobo.com\\\/de\\\/product\\\/pool-royal-poolroboter-pc10-akku-modell-2025-poolstaubsauger-kabellos-parkplatz-und-wandklettern-3-motoren-120-minuten-akkulaufzeit-fuer-schwimmbadboden-wand-wasserlinie\\\/#breadcrumb\"},\"inLanguage\":\"de\",\"potentialAction\":[{\"@type\":\"ReadAction\",\"target\":[\"https:\\\/\\\/easyliferobo.com\\\/de\\\/product\\\/pool-royal-poolroboter-pc10-akku-modell-2025-poolstaubsauger-kabellos-parkplatz-und-wandklettern-3-motoren-120-minuten-akkulaufzeit-fuer-schwimmbadboden-wand-wasserlinie\\\/\"]}]},{\"@type\":\"ImageObject\",\"inLanguage\":\"de\",\"@id\":\"https:\\\/\\\/easyliferobo.com\\\/de\\\/product\\\/pool-royal-poolroboter-pc10-akku-modell-2025-poolstaubsauger-kabellos-parkplatz-und-wandklettern-3-motoren-120-minuten-akkulaufzeit-fuer-schwimmbadboden-wand-wasserlinie\\\/#primaryimage\",\"url\":\"https:\\\/\\\/easyliferobo.com\\\/de\\\/wp-content\\\/uploads\\\/2026\\\/02\\\/61vQVvQGkIL._AC_SL1500_.jpg\",\"contentUrl\":\"https:\\\/\\\/easyliferobo.com\\\/de\\\/wp-content\\\/uploads\\\/2026\\\/02\\\/61vQVvQGkIL._AC_SL1500_.jpg\",\"width\":1500,\"height\":802},{\"@type\":\"BreadcrumbList\",\"@id\":\"https:\\\/\\\/easyliferobo.com\\\/de\\\/product\\\/pool-royal-poolroboter-pc10-akku-modell-2025-poolstaubsauger-kabellos-parkplatz-und-wandklettern-3-motoren-120-minuten-akkulaufzeit-fuer-schwimmbadboden-wand-wasserlinie\\\/#breadcrumb\",\"itemListElement\":[{\"@type\":\"ListItem\",\"position\":1,\"name\":\"Home\",\"item\":\"https:\\\/\\\/easyliferobo.com\\\/de\\\/\"},{\"@type\":\"ListItem\",\"position\":2,\"name\":\"Shop\",\"item\":\"https:\\\/\\\/easyliferobo.com\\\/de\\\/shop\\\/\"},{\"@type\":\"ListItem\",\"position\":3,\"name\":\"Pool-Royal Poolroboter PC10 Akku, M...\"}]},{\"@type\":\"WebSite\",\"@id\":\"https:\\\/\\\/easyliferobo.com\\\/de\\\/#website\",\"url\":\"https:\\\/\\\/easyliferobo.com\\\/de\\\/\",\"name\":\"EasyLifeBro\",\"description\":\"Smarte Roboter f\u00fcr Zuhause, Garten &amp; Bildung\",\"publisher\":{\"@id\":\"https:\\\/\\\/easyliferobo.com\\\/de\\\/#organization\"},\"potentialAction\":[{\"@type\":\"SearchAction\",\"target\":{\"@type\":\"EntryPoint\",\"urlTemplate\":\"https:\\\/\\\/easyliferobo.com\\\/de\\\/?s={search_term_string}\"},\"query-input\":{\"@type\":\"PropertyValueSpecification\",\"valueRequired\":true,\"valueName\":\"search_term_string\"}}],\"inLanguage\":\"de\"},{\"@type\":\"Organization\",\"@id\":\"https:\\\/\\\/easyliferobo.com\\\/de\\\/#organization\",\"name\":\"EasyLifeBro\",\"url\":\"https:\\\/\\\/easyliferobo.com\\\/de\\\/\",\"logo\":{\"@type\":\"ImageObject\",\"inLanguage\":\"de\",\"@id\":\"https:\\\/\\\/easyliferobo.com\\\/de\\\/#\\\/schema\\\/logo\\\/image\\\/\",\"url\":\"https:\\\/\\\/easyliferobo.com\\\/de\\\/wp-content\\\/uploads\\\/2026\\\/02\\\/Screenshot-2026-02-22-at-2.25.03-PM.png\",\"contentUrl\":\"https:\\\/\\\/easyliferobo.com\\\/de\\\/wp-content\\\/uploads\\\/2026\\\/02\\\/Screenshot-2026-02-22-at-2.25.03-PM.png\",\"width\":1858,\"height\":430,\"caption\":\"EasyLifeBro\"},\"image\":{\"@id\":\"https:\\\/\\\/easyliferobo.com\\\/de\\\/#\\\/schema\\\/logo\\\/image\\\/\"}}]}<\/script>\n<!-- \/ Yoast SEO plugin. -->","yoast_head_json":{"title":"Pool-Royal Poolroboter PC10 Akku, Modell 2025, Poolstaubsauger, kabellos, Parkplatz und Wandklettern, 3 Motoren, 120 Minuten Akkulaufzeit f\u00fcr Schwimmbadboden, Wand, Wasserlinie - EasyLifeBro","description":"Entdecken Sie smarte Roboter f\u00fcr Zuhause, Garten, Bildung und Sicherheit. Vergleichen Sie Saugroboter, Rasenm\u00e4hroboter, KI-Begleitroboter und mehr bei EasyLifeRobo.","robots":{"index":"index","follow":"follow","max-snippet":"max-snippet:-1","max-image-preview":"max-image-preview:large","max-video-preview":"max-video-preview:-1"},"canonical":"https:\/\/easyliferobo.com\/de\/product\/pool-royal-poolroboter-pc10-akku-modell-2025-poolstaubsauger-kabellos-parkplatz-und-wandklettern-3-motoren-120-minuten-akkulaufzeit-fuer-schwimmbadboden-wand-wasserlinie\/","og_locale":"de_DE","og_type":"article","og_title":"Pool-Royal Poolroboter PC10 Akku, Modell 2025, Poolstaubsauger, kabellos, Parkplatz und Wandklettern, 3 Motoren, 120 Minuten Akkulaufzeit f\u00fcr Schwimmbadboden, Wand, Wasserlinie - EasyLifeBro","og_description":"Entdecken Sie smarte Roboter f\u00fcr Zuhause, Garten, Bildung und Sicherheit. Vergleichen Sie Saugroboter, Rasenm\u00e4hroboter, KI-Begleitroboter und mehr bei EasyLifeRobo.","og_url":"https:\/\/easyliferobo.com\/de\/product\/pool-royal-poolroboter-pc10-akku-modell-2025-poolstaubsauger-kabellos-parkplatz-und-wandklettern-3-motoren-120-minuten-akkulaufzeit-fuer-schwimmbadboden-wand-wasserlinie\/","og_site_name":"EasyLifeBro","article_modified_time":"2026-02-27T05:03:52+00:00","og_image":[{"url":"https:\/\/images-na.ssl-images-amazon.com\/images\/G\/01\/x-locale\/common\/grey-pixel.gif","type":"","width":"","height":""}],"twitter_card":"summary_large_image","twitter_misc":{"Gesch\u00e4tzte Lesezeit":"2\u00a0Minuten"},"schema":{"@context":"https:\/\/schema.org","@graph":[{"@type":"WebPage","@id":"https:\/\/easyliferobo.com\/de\/product\/pool-royal-poolroboter-pc10-akku-modell-2025-poolstaubsauger-kabellos-parkplatz-und-wandklettern-3-motoren-120-minuten-akkulaufzeit-fuer-schwimmbadboden-wand-wasserlinie\/","url":"https:\/\/easyliferobo.com\/de\/product\/pool-royal-poolroboter-pc10-akku-modell-2025-poolstaubsauger-kabellos-parkplatz-und-wandklettern-3-motoren-120-minuten-akkulaufzeit-fuer-schwimmbadboden-wand-wasserlinie\/","name":"Pool-Royal Poolroboter PC10 Akku, Modell 2025, Poolstaubsauger, kabellos, Parkplatz und Wandklettern, 3 Motoren, 120 Minuten Akkulaufzeit f\u00fcr Schwimmbadboden, Wand, Wasserlinie - EasyLifeBro","isPartOf":{"@id":"https:\/\/easyliferobo.com\/de\/#website"},"primaryImageOfPage":{"@id":"https:\/\/easyliferobo.com\/de\/product\/pool-royal-poolroboter-pc10-akku-modell-2025-poolstaubsauger-kabellos-parkplatz-und-wandklettern-3-motoren-120-minuten-akkulaufzeit-fuer-schwimmbadboden-wand-wasserlinie\/#primaryimage"},"image":{"@id":"https:\/\/easyliferobo.com\/de\/product\/pool-royal-poolroboter-pc10-akku-modell-2025-poolstaubsauger-kabellos-parkplatz-und-wandklettern-3-motoren-120-minuten-akkulaufzeit-fuer-schwimmbadboden-wand-wasserlinie\/#primaryimage"},"thumbnailUrl":"https:\/\/easyliferobo.com\/de\/wp-content\/uploads\/2026\/02\/61vQVvQGkIL._AC_SL1500_.jpg","datePublished":"2026-02-27T05:03:38+00:00","dateModified":"2026-02-27T05:03:52+00:00","description":"Entdecken Sie smarte Roboter f\u00fcr Zuhause, Garten, Bildung und Sicherheit. Vergleichen Sie Saugroboter, Rasenm\u00e4hroboter, KI-Begleitroboter und mehr bei EasyLifeRobo.","breadcrumb":{"@id":"https:\/\/easyliferobo.com\/de\/product\/pool-royal-poolroboter-pc10-akku-modell-2025-poolstaubsauger-kabellos-parkplatz-und-wandklettern-3-motoren-120-minuten-akkulaufzeit-fuer-schwimmbadboden-wand-wasserlinie\/#breadcrumb"},"inLanguage":"de","potentialAction":[{"@type":"ReadAction","target":["https:\/\/easyliferobo.com\/de\/product\/pool-royal-poolroboter-pc10-akku-modell-2025-poolstaubsauger-kabellos-parkplatz-und-wandklettern-3-motoren-120-minuten-akkulaufzeit-fuer-schwimmbadboden-wand-wasserlinie\/"]}]},{"@type":"ImageObject","inLanguage":"de","@id":"https:\/\/easyliferobo.com\/de\/product\/pool-royal-poolroboter-pc10-akku-modell-2025-poolstaubsauger-kabellos-parkplatz-und-wandklettern-3-motoren-120-minuten-akkulaufzeit-fuer-schwimmbadboden-wand-wasserlinie\/#primaryimage","url":"https:\/\/easyliferobo.com\/de\/wp-content\/uploads\/2026\/02\/61vQVvQGkIL._AC_SL1500_.jpg","contentUrl":"https:\/\/easyliferobo.com\/de\/wp-content\/uploads\/2026\/02\/61vQVvQGkIL._AC_SL1500_.jpg","width":1500,"height":802},{"@type":"BreadcrumbList","@id":"https:\/\/easyliferobo.com\/de\/product\/pool-royal-poolroboter-pc10-akku-modell-2025-poolstaubsauger-kabellos-parkplatz-und-wandklettern-3-motoren-120-minuten-akkulaufzeit-fuer-schwimmbadboden-wand-wasserlinie\/#breadcrumb","itemListElement":[{"@type":"ListItem","position":1,"name":"Home","item":"https:\/\/easyliferobo.com\/de\/"},{"@type":"ListItem","position":2,"name":"Shop","item":"https:\/\/easyliferobo.com\/de\/shop\/"},{"@type":"ListItem","position":3,"name":"Pool-Royal Poolroboter PC10 Akku, M..."}]},{"@type":"WebSite","@id":"https:\/\/easyliferobo.com\/de\/#website","url":"https:\/\/easyliferobo.com\/de\/","name":"EasyLifeBro","description":"Smarte Roboter f\u00fcr Zuhause, Garten &amp; Bildung","publisher":{"@id":"https:\/\/easyliferobo.com\/de\/#organization"},"potentialAction":[{"@type":"SearchAction","target":{"@type":"EntryPoint","urlTemplate":"https:\/\/easyliferobo.com\/de\/?s={search_term_string}"},"query-input":{"@type":"PropertyValueSpecification","valueRequired":true,"valueName":"search_term_string"}}],"inLanguage":"de"},{"@type":"Organization","@id":"https:\/\/easyliferobo.com\/de\/#organization","name":"EasyLifeBro","url":"https:\/\/easyliferobo.com\/de\/","logo":{"@type":"ImageObject","inLanguage":"de","@id":"https:\/\/easyliferobo.com\/de\/#\/schema\/logo\/image\/","url":"https:\/\/easyliferobo.com\/de\/wp-content\/uploads\/2026\/02\/Screenshot-2026-02-22-at-2.25.03-PM.png","contentUrl":"https:\/\/easyliferobo.com\/de\/wp-content\/uploads\/2026\/02\/Screenshot-2026-02-22-at-2.25.03-PM.png","width":1858,"height":430,"caption":"EasyLifeBro"},"image":{"@id":"https:\/\/easyliferobo.com\/de\/#\/schema\/logo\/image\/"}}]}},"_links":{"self":[{"href":"https:\/\/easyliferobo.com\/de\/wp-json\/wp\/v2\/product\/2758","targetHints":{"allow":["GET"]}}],"collection":[{"href":"https:\/\/easyliferobo.com\/de\/wp-json\/wp\/v2\/product"}],"about":[{"href":"https:\/\/easyliferobo.com\/de\/wp-json\/wp\/v2\/types\/product"}],"replies":[{"embeddable":true,"href":"https:\/\/easyliferobo.com\/de\/wp-json\/wp\/v2\/comments?post=2758"}],"wp:featuredmedia":[{"embeddable":true,"href":"https:\/\/easyliferobo.com\/de\/wp-json\/wp\/v2\/media\/2759"}],"wp:attachment":[{"href":"https:\/\/easyliferobo.com\/de\/wp-json\/wp\/v2\/media?parent=2758"}],"wp:term":[{"taxonomy":"store","embeddable":true,"href":"https:\/\/easyliferobo.com\/de\/wp-json\/wp\/v2\/store?post=2758"},{"taxonomy":"product_brand","embeddable":true,"href":"https:\/\/easyliferobo.com\/de\/wp-json\/wp\/v2\/product_brand?post=2758"},{"taxonomy":"product_cat","embeddable":true,"href":"https:\/\/easyliferobo.com\/de\/wp-json\/wp\/v2\/product_cat?post=2758"},{"taxonomy":"product_tag","embeddable":true,"href":"https:\/\/easyliferobo.com\/de\/wp-json\/wp\/v2\/product_tag?post=2758"}],"curies":[{"name":"wp","href":"https:\/\/api.w.org\/{rel}","templated":true}]}}