
{"id":2748,"date":"2026-02-27T05:02:14","date_gmt":"2026-02-27T05:02:14","guid":{"rendered":"https:\/\/easyliferobo.com\/de\/product\/monsga-saugroboter-mit-wischfunktion-5000-pa-saugleistung-180-min-laufzeit-anti-tangle-system-lidar-navigation-staubsaugerroboter-fuer-teppich-tierhaare-app-und-fernbedienung-schwarz\/"},"modified":"2026-02-27T05:02:33","modified_gmt":"2026-02-27T05:02:33","slug":"monsga-saugroboter-mit-wischfunktion-5000-pa-saugleistung-180-min-laufzeit-anti-tangle-system-lidar-navigation-staubsaugerroboter-fuer-teppich-tierhaare-app-und-fernbedienung-schwarz","status":"publish","type":"product","link":"https:\/\/easyliferobo.com\/de\/product\/monsga-saugroboter-mit-wischfunktion-5000-pa-saugleistung-180-min-laufzeit-anti-tangle-system-lidar-navigation-staubsaugerroboter-fuer-teppich-tierhaare-app-und-fernbedienung-schwarz\/","title":{"rendered":"MONSGA Saugroboter mit Wischfunktio..."},"content":{"rendered":"<p>\n                                             Von der Marke   <\/p>\n<p>                                              <img decoding=\"async\" alt=\"Aplus-Inhaltsbild\" src=\"https:\/\/images-na.ssl-images-amazon.com\/images\/G\/01\/x-locale\/common\/grey-pixel.gif\" class=\"a-lazy-loaded\" data-src=\"https:\/\/m.media-amazon.com\/images\/S\/aplus-media-library-service-media\/5336aac0-0962-411e-8785-bebd17780c4e.__CR0,0,1464,625_PT0_SX1464_V1___.jpg\"><img decoding=\"async\" alt=\"Aplus-Inhaltsbild\" src=\"https:\/\/m.media-amazon.com\/images\/S\/aplus-media-library-service-media\/5336aac0-0962-411e-8785-bebd17780c4e.__CR0,0,1464,625_PT0_SX1464_V1___.jpg\">  <\/p>\n<p>                                              <img decoding=\"async\" alt=\"\" src=\"https:\/\/images-na.ssl-images-amazon.com\/images\/G\/01\/x-locale\/common\/grey-pixel.gif\" class=\"a-lazy-loaded\" data-src=\"https:\/\/m.media-amazon.com\/images\/S\/aplus-media-library-service-media\/452506b6-ea3e-47c4-8d40-db45d65d61fd.__CR0,0,315,145_PT0_SX315_V1___.jpg\"><img decoding=\"async\" alt=\"\" src=\"https:\/\/m.media-amazon.com\/images\/S\/aplus-media-library-service-media\/452506b6-ea3e-47c4-8d40-db45d65d61fd.__CR0,0,315,145_PT0_SX315_V1___.jpg\">  <\/p>\n<p>  Monster trifft auf Spiel: Hochleistung trifft auf Super-Spa\u00df <\/p>\n<p>  \u201eMonster\u201c \u2013 Wie ein Monster, das seine Beute verschlingt, machen MONSGA Produkte einen kurzen Prozess mit jedem noch so kleinen Fleck in Ihrem Zuhause. <\/p>\n<p>  \u201eGAME\u201c- Aber wer sagt, dass Putzen langweilig sein muss? Mit intelligenten Funktionen, benutzerfreundlichem Design und spielerischen Reinigungsroutinen machen wir es einfach, motiviert zu bleiben und Spa\u00df am Putzen zu haben. <\/p>\n<p>                                              <img decoding=\"async\" alt=\"Vier graue Symbole mit Produktgarantien: 24-monatige Garantie, 30-t\u00e4giges R\u00fcckgaberecht, 24\/7-Kundensupport und 5-j\u00e4hriges\" src=\"https:\/\/images-na.ssl-images-amazon.com\/images\/G\/01\/x-locale\/common\/grey-pixel.gif\" class=\"a-lazy-loaded\" data-src=\"https:\/\/m.media-amazon.com\/images\/S\/aplus-media-library-service-media\/eb7b5cd8-d391-4d23-a9e3-19a857972d64.__CR0,0,362,453_PT0_SX362_V1___.jpg\"><img decoding=\"async\" alt=\"Vier graue Symbole mit Produktgarantien: 24-monatige Garantie, 30-t\u00e4giges R\u00fcckgaberecht, 24\/7-Kundensupport und 5-j\u00e4hriges\" src=\"https:\/\/m.media-amazon.com\/images\/S\/aplus-media-library-service-media\/eb7b5cd8-d391-4d23-a9e3-19a857972d64.__CR0,0,362,453_PT0_SX362_V1___.jpg\">  <\/p>\n<h3>  MONSGA <\/h3>\n<p>                                              <img decoding=\"async\" alt=\"\" src=\"https:\/\/images-na.ssl-images-amazon.com\/images\/G\/01\/x-locale\/common\/grey-pixel.gif\" class=\"a-lazy-loaded\" data-src=\"https:\/\/m.media-amazon.com\/images\/S\/aplus-media-library-service-media\/b8bcda27-0336-4c62-b802-685103029da1.__CR0,0,362,453_PT0_SX362_V1___.jpg\"><img decoding=\"async\" alt=\"\" src=\"https:\/\/m.media-amazon.com\/images\/S\/aplus-media-library-service-media\/b8bcda27-0336-4c62-b802-685103029da1.__CR0,0,362,453_PT0_SX362_V1___.jpg\">  <\/p>\n<h3>  MONSGA-Service <\/h3>\n<p>  24\/7 Einzelbetreuung per E-Mail <\/p>\n<p>  Mehr als 100 Mitarbeiter im Kundensupport-Team <\/p>\n<p>  Mehrl\u00e4nder- und Mehrsprachen-Service <\/p>\n<p>                                              <img decoding=\"async\" alt=\"\" src=\"https:\/\/images-na.ssl-images-amazon.com\/images\/G\/01\/x-locale\/common\/grey-pixel.gif\" class=\"a-lazy-loaded\" data-src=\"https:\/\/m.media-amazon.com\/images\/S\/aplus-media-library-service-media\/b603af90-63a1-4f79-ae6a-f95e926e17ad.__CR0,0,362,453_PT0_SX362_V1___.jpg\"><img decoding=\"async\" alt=\"\" src=\"https:\/\/m.media-amazon.com\/images\/S\/aplus-media-library-service-media\/b603af90-63a1-4f79-ae6a-f95e926e17ad.__CR0,0,362,453_PT0_SX362_V1___.jpg\">  <\/p>\n<h3>  MONSGA-Design <\/h3>\n<p>  Erfahrenes F&#038;E-Team mit Patenten <\/p>\n<p>  Umfassende Tests und Zertifizierungen f\u00fcr den europ\u00e4ischen und amerikanischen Markt <\/p>\n<p>                                              <img decoding=\"async\" alt=\"\" src=\"https:\/\/images-na.ssl-images-amazon.com\/images\/G\/01\/x-locale\/common\/grey-pixel.gif\" class=\"a-lazy-loaded\" data-src=\"https:\/\/m.media-amazon.com\/images\/S\/aplus-media-library-service-media\/b96ff6f8-8fa6-4fa2-8b13-b1baf5d9ef6d.__CR0,0,362,453_PT0_SX362_V1___.jpg\"><img decoding=\"async\" alt=\"\" src=\"https:\/\/m.media-amazon.com\/images\/S\/aplus-media-library-service-media\/b96ff6f8-8fa6-4fa2-8b13-b1baf5d9ef6d.__CR0,0,362,453_PT0_SX362_V1___.jpg\">  <\/p>\n<h3>  MONSGA Produktion <\/h3>\n<p>  ISO14001-zertifizierte Fabrik <\/p>\n<p>  500+ Mitarbeiter, 80+ F\u00fchrungskr\u00e4fte <\/p>\n<p>  Eigenes Qualit\u00e4tssicherungsteam <\/p>\n<h3>  MS1 MAX Saugroboter <\/h3>\n<p>                                              <img decoding=\"async\" alt=\"Akku-Staubsauger\" src=\"https:\/\/images-na.ssl-images-amazon.com\/images\/G\/01\/x-locale\/common\/grey-pixel.gif\" class=\"a-lazy-loaded\" data-src=\"https:\/\/m.media-amazon.com\/images\/S\/aplus-media-library-service-media\/10407264-4a87-4fef-9587-11ed63df859b.__CR0,0,362,453_PT0_SX362_V1___.jpg\"><img decoding=\"async\" alt=\"Akku-Staubsauger\" src=\"https:\/\/m.media-amazon.com\/images\/S\/aplus-media-library-service-media\/10407264-4a87-4fef-9587-11ed63df859b.__CR0,0,362,453_PT0_SX362_V1___.jpg\">  <\/p>\n<h3>  MV3 Akku-Staubsauger <\/h3>\n<p>                                              <img decoding=\"async\" alt=\"Saugroboter mit Wischfunktion\" src=\"https:\/\/images-na.ssl-images-amazon.com\/images\/G\/01\/x-locale\/common\/grey-pixel.gif\" class=\"a-lazy-loaded\" data-src=\"https:\/\/m.media-amazon.com\/images\/S\/aplus-media-library-service-media\/aa9d8e3d-9c6a-49b5-81e2-e72aeb06ab90.__CR0,0,362,453_PT0_SX362_V1___.jpg\"><img decoding=\"async\" alt=\"Saugroboter mit Wischfunktion\" src=\"https:\/\/m.media-amazon.com\/images\/S\/aplus-media-library-service-media\/aa9d8e3d-9c6a-49b5-81e2-e72aeb06ab90.__CR0,0,362,453_PT0_SX362_V1___.jpg\">  <\/p>\n<p>3000 PAC Saugleistung: Der MONSGA MS1 Roboterstaubsauger mit b\u00fcrstenlosem 550-Watt-Motor bietet eine starke Saugleistung f\u00fcr eine gr\u00fcndliche Reinigung auf Teppichen, Fliesen und Hartb\u00f6den. Die V-f\u00f6rmig schwimmende Hauptb\u00fcrste passt sich allen Bodenarten an, verhindert Haarverwicklungen und sorgt f\u00fcr optimalen Bodenkontakt. Entfernt effizient Staub, Schmutz und Tierhaare<br \/>340-ml-Staubbeh\u00e4lter, der Haare, Schmutz und Allergene effektiv aufnimmt und seltener geleert werden muss. 270 ml, elektrisch gesteuert, bietet drei einstellbare Wasserdurchflussstufen zur Anpassung an den Bodentyp: niedrig f\u00fcr Holzb\u00f6den, mittel f\u00fcr Fliesen, hoch f\u00fcr hartn\u00e4ckige K\u00fcchenflecken. 3 Saugstufen f\u00fcr alle Reinigungsanl\u00e4sse \u2013 vom Feinstaub auf Parkett bis zum in Teppiche eingedrungenen Schmutz<br \/>LIDAR-CLEAR PRAKTISCHES NAIR: Der Saugroboter mit Wischfunktion nutzt modernste LDS LiDAR-Technologie und SLAM-Algorithmen, um innerhalb von Minuten eine pr\u00e4zise Karte (speichert bis zu 5 Karten) Ihrer R\u00e4ume zu erstellen und die optimale Reinigungsroute zu berechnen. In der App k\u00f6nnen Sie Ihr Zuhause visuell betrachten, M\u00f6bel, Haustierutensilien und Bodenbel\u00e4ge hinzuf\u00fcgen<br \/>Einfach zu bedienen: Saugroboter mit Wischfunktion. \u00dcber die App-Steuerung (kompatible Smart-Life-App) k\u00f6nnen Sie die Reinigungsreihenfolge und Reinigungszeit des Roboters einstellen, den Reinigungsmodus ausw\u00e4hlen (4 Arten), bestimmte R\u00e4ume reinigen, virtuelle W\u00e4nde und Barrierebereiche einrichten usw. Sprachsteuerung: Unterst\u00fctzung f\u00fcr Alexa und Google Assistant. Ausgestattet mit einer unabh\u00e4ngigen unabh\u00e4ngigen Fernbedienung. Hinweis: F\u00fcr die App-Verbindung ist 2,4-GHz-WLAN erforderlich<br \/>L\u00e4ngere Laufzeit: Der Saugroboter mit Wischfunktion l\u00e4uft bis zu 180 Minuten mit einer Ladung und reinigt Fl\u00e4chen von bis zu 200 m\u00b2. Noch smarter: Dank der Funktion zum Weiterreinigen f\u00e4hrt er bei einer Ladung unter 15 % automatisch zur Station, l\u00e4dt und stellt genau dort wieder her, wo er die Arbeit unterbrochen hat<br \/>Kratzfest: Der Wischroboter verf\u00fcgt \u00fcber eine automatische Druckaus\u00fcbung, sodass Teppiche sanft und effektiv gereinigt werden, ohne die Teppichfasern zu besch\u00e4digen. Es ist leicht, Staub, Schmutz und sogar Tierhaare von glatten B\u00f6den und Teppichen zu entfernen. Entfernen<br \/>HOHE QUALIT\u00c4T: Der MONSGA MS1 Saugroboter erkennt Treppen und Kanten mit zuverl\u00e4ssigen Sensoren und sch\u00fctzt so Sie und Ihr Zuhause. Er \u00fcberwindet Schwellen bis zu 2 cm H\u00f6he und seine Fallsensoren reagieren ab einer Fallh\u00f6he von \u226510 cm \u2013 Sorgen auf mehreren Etagen geh\u00f6ren der Vergangenheit an. Der fortschrittliche Radar-Abstandssensor umgeht effizient Hindernisse ab 8 cm H\u00f6he, sch\u00fctzt Ihre M\u00f6bel und verhindert zuverl\u00e4ssig Kratzer und Besch\u00e4digungen<br \/>Verschiedene Einsatzm\u00f6glichkeiten: MONSGA Roboterstaubsauger versprechen 24 Monate Garantie, sorgenfreien Kundenservice. 1 x Saugroboter mit Saugstation, 1 x 2-in-1-Wassertank, 1 x Seitenb\u00fcrste, 2 x HEPA-Filter, 2 x Wischer, 1 x Netzteil, 1 x Fernbedienung. 1 x Reinigungsb\u00fcrste, 11 x Bedienungsanleitung (evtl. nicht in deutscher Sprache)<\/p>\n<p>[ad_2]<\/p>\n","protected":false},"excerpt":{"rendered":"<p>Von der Marke Monster trifft auf Spiel: Hochleistung trifft auf Super-Spa\u00df \u201eMonster\u201c \u2013 Wie ein Monster, das seine Beute verschlingt, machen MONSGA Produkte einen kurzen Prozess mit jedem noch so kleinen Fleck in Ihrem Zuhause. \u201eGAME\u201c- Aber wer sagt, dass Putzen langweilig sein muss? Mit intelligenten Funktionen, benutzerfreundlichem Design und spielerischen Reinigungsroutinen machen wir es [&hellip;]<\/p>\n","protected":false},"featured_media":2749,"comment_status":"open","ping_status":"closed","template":"","meta":{"_aipt_faq_data":""},"store":[],"product_brand":[304],"product_cat":[76],"product_tag":[195],"class_list":{"0":"post-2748","1":"product","2":"type-product","3":"status-publish","4":"has-post-thumbnail","6":"product_brand-monsga","7":"product_cat-staubsauger-roboter-mit-wischfunktion","8":"product_tag-staubsauger-roboter-mit-wischfunktion-fuer-tierhaare","10":"first","11":"instock","12":"sale","13":"shipping-taxable","14":"product-type-external"},"yoast_head":"<!-- This site is optimized with the Yoast SEO plugin v27.4 - https:\/\/yoast.com\/product\/yoast-seo-wordpress\/ -->\n<title>MONSGA Saugroboter mit Wischfunktion, 5000 Pa Saugleistung, 180 Min Laufzeit, Anti-Tangle-System, LiDAR-Navigation, Staubsaugerroboter f\u00fcr Teppich, Tierhaare, App und Fernbedienung (Schwarz). - EasyLifeBro<\/title>\n<meta name=\"description\" content=\"Entdecken Sie smarte Roboter f\u00fcr Zuhause, Garten, Bildung und Sicherheit. Vergleichen Sie Saugroboter, Rasenm\u00e4hroboter, KI-Begleitroboter und mehr bei EasyLifeRobo.\" \/>\n<meta name=\"robots\" content=\"index, follow, max-snippet:-1, max-image-preview:large, max-video-preview:-1\" \/>\n<link rel=\"canonical\" href=\"https:\/\/easyliferobo.com\/de\/product\/monsga-saugroboter-mit-wischfunktion-5000-pa-saugleistung-180-min-laufzeit-anti-tangle-system-lidar-navigation-staubsaugerroboter-fuer-teppich-tierhaare-app-und-fernbedienung-schwarz\/\" \/>\n<meta property=\"og:locale\" content=\"de_DE\" \/>\n<meta property=\"og:type\" content=\"article\" \/>\n<meta property=\"og:title\" content=\"MONSGA Saugroboter mit Wischfunktion, 5000 Pa Saugleistung, 180 Min Laufzeit, Anti-Tangle-System, LiDAR-Navigation, Staubsaugerroboter f\u00fcr Teppich, Tierhaare, App und Fernbedienung (Schwarz). - EasyLifeBro\" \/>\n<meta property=\"og:description\" content=\"Entdecken Sie smarte Roboter f\u00fcr Zuhause, Garten, Bildung und Sicherheit. Vergleichen Sie Saugroboter, Rasenm\u00e4hroboter, KI-Begleitroboter und mehr bei EasyLifeRobo.\" \/>\n<meta property=\"og:url\" content=\"https:\/\/easyliferobo.com\/de\/product\/monsga-saugroboter-mit-wischfunktion-5000-pa-saugleistung-180-min-laufzeit-anti-tangle-system-lidar-navigation-staubsaugerroboter-fuer-teppich-tierhaare-app-und-fernbedienung-schwarz\/\" \/>\n<meta property=\"og:site_name\" content=\"EasyLifeBro\" \/>\n<meta property=\"article:modified_time\" content=\"2026-02-27T05:02:33+00:00\" \/>\n<meta property=\"og:image\" content=\"https:\/\/images-na.ssl-images-amazon.com\/images\/G\/01\/x-locale\/common\/grey-pixel.gif\" \/>\n<meta name=\"twitter:card\" content=\"summary_large_image\" \/>\n<meta name=\"twitter:label1\" content=\"Gesch\u00e4tzte Lesezeit\" \/>\n\t<meta name=\"twitter:data1\" content=\"3\u00a0Minuten\" \/>\n<script type=\"application\/ld+json\" class=\"yoast-schema-graph\">{\"@context\":\"https:\\\/\\\/schema.org\",\"@graph\":[{\"@type\":\"WebPage\",\"@id\":\"https:\\\/\\\/easyliferobo.com\\\/de\\\/product\\\/monsga-saugroboter-mit-wischfunktion-5000-pa-saugleistung-180-min-laufzeit-anti-tangle-system-lidar-navigation-staubsaugerroboter-fuer-teppich-tierhaare-app-und-fernbedienung-schwarz\\\/\",\"url\":\"https:\\\/\\\/easyliferobo.com\\\/de\\\/product\\\/monsga-saugroboter-mit-wischfunktion-5000-pa-saugleistung-180-min-laufzeit-anti-tangle-system-lidar-navigation-staubsaugerroboter-fuer-teppich-tierhaare-app-und-fernbedienung-schwarz\\\/\",\"name\":\"MONSGA Saugroboter mit Wischfunktion, 5000 Pa Saugleistung, 180 Min Laufzeit, Anti-Tangle-System, LiDAR-Navigation, Staubsaugerroboter f\u00fcr Teppich, Tierhaare, App und Fernbedienung (Schwarz). - EasyLifeBro\",\"isPartOf\":{\"@id\":\"https:\\\/\\\/easyliferobo.com\\\/de\\\/#website\"},\"primaryImageOfPage\":{\"@id\":\"https:\\\/\\\/easyliferobo.com\\\/de\\\/product\\\/monsga-saugroboter-mit-wischfunktion-5000-pa-saugleistung-180-min-laufzeit-anti-tangle-system-lidar-navigation-staubsaugerroboter-fuer-teppich-tierhaare-app-und-fernbedienung-schwarz\\\/#primaryimage\"},\"image\":{\"@id\":\"https:\\\/\\\/easyliferobo.com\\\/de\\\/product\\\/monsga-saugroboter-mit-wischfunktion-5000-pa-saugleistung-180-min-laufzeit-anti-tangle-system-lidar-navigation-staubsaugerroboter-fuer-teppich-tierhaare-app-und-fernbedienung-schwarz\\\/#primaryimage\"},\"thumbnailUrl\":\"https:\\\/\\\/easyliferobo.com\\\/de\\\/wp-content\\\/uploads\\\/2026\\\/02\\\/81-mY7THbFL._AC_SL1500_.jpg\",\"datePublished\":\"2026-02-27T05:02:14+00:00\",\"dateModified\":\"2026-02-27T05:02:33+00:00\",\"description\":\"Entdecken Sie smarte Roboter f\u00fcr Zuhause, Garten, Bildung und Sicherheit. Vergleichen Sie Saugroboter, Rasenm\u00e4hroboter, KI-Begleitroboter und mehr bei EasyLifeRobo.\",\"breadcrumb\":{\"@id\":\"https:\\\/\\\/easyliferobo.com\\\/de\\\/product\\\/monsga-saugroboter-mit-wischfunktion-5000-pa-saugleistung-180-min-laufzeit-anti-tangle-system-lidar-navigation-staubsaugerroboter-fuer-teppich-tierhaare-app-und-fernbedienung-schwarz\\\/#breadcrumb\"},\"inLanguage\":\"de\",\"potentialAction\":[{\"@type\":\"ReadAction\",\"target\":[\"https:\\\/\\\/easyliferobo.com\\\/de\\\/product\\\/monsga-saugroboter-mit-wischfunktion-5000-pa-saugleistung-180-min-laufzeit-anti-tangle-system-lidar-navigation-staubsaugerroboter-fuer-teppich-tierhaare-app-und-fernbedienung-schwarz\\\/\"]}]},{\"@type\":\"ImageObject\",\"inLanguage\":\"de\",\"@id\":\"https:\\\/\\\/easyliferobo.com\\\/de\\\/product\\\/monsga-saugroboter-mit-wischfunktion-5000-pa-saugleistung-180-min-laufzeit-anti-tangle-system-lidar-navigation-staubsaugerroboter-fuer-teppich-tierhaare-app-und-fernbedienung-schwarz\\\/#primaryimage\",\"url\":\"https:\\\/\\\/easyliferobo.com\\\/de\\\/wp-content\\\/uploads\\\/2026\\\/02\\\/81-mY7THbFL._AC_SL1500_.jpg\",\"contentUrl\":\"https:\\\/\\\/easyliferobo.com\\\/de\\\/wp-content\\\/uploads\\\/2026\\\/02\\\/81-mY7THbFL._AC_SL1500_.jpg\",\"width\":1422,\"height\":1500},{\"@type\":\"BreadcrumbList\",\"@id\":\"https:\\\/\\\/easyliferobo.com\\\/de\\\/product\\\/monsga-saugroboter-mit-wischfunktion-5000-pa-saugleistung-180-min-laufzeit-anti-tangle-system-lidar-navigation-staubsaugerroboter-fuer-teppich-tierhaare-app-und-fernbedienung-schwarz\\\/#breadcrumb\",\"itemListElement\":[{\"@type\":\"ListItem\",\"position\":1,\"name\":\"Home\",\"item\":\"https:\\\/\\\/easyliferobo.com\\\/de\\\/\"},{\"@type\":\"ListItem\",\"position\":2,\"name\":\"Shop\",\"item\":\"https:\\\/\\\/easyliferobo.com\\\/de\\\/shop\\\/\"},{\"@type\":\"ListItem\",\"position\":3,\"name\":\"MONSGA Saugroboter mit Wischfunktio...\"}]},{\"@type\":\"WebSite\",\"@id\":\"https:\\\/\\\/easyliferobo.com\\\/de\\\/#website\",\"url\":\"https:\\\/\\\/easyliferobo.com\\\/de\\\/\",\"name\":\"EasyLifeBro\",\"description\":\"Smarte Roboter f\u00fcr Zuhause, Garten &amp; Bildung\",\"publisher\":{\"@id\":\"https:\\\/\\\/easyliferobo.com\\\/de\\\/#organization\"},\"potentialAction\":[{\"@type\":\"SearchAction\",\"target\":{\"@type\":\"EntryPoint\",\"urlTemplate\":\"https:\\\/\\\/easyliferobo.com\\\/de\\\/?s={search_term_string}\"},\"query-input\":{\"@type\":\"PropertyValueSpecification\",\"valueRequired\":true,\"valueName\":\"search_term_string\"}}],\"inLanguage\":\"de\"},{\"@type\":\"Organization\",\"@id\":\"https:\\\/\\\/easyliferobo.com\\\/de\\\/#organization\",\"name\":\"EasyLifeBro\",\"url\":\"https:\\\/\\\/easyliferobo.com\\\/de\\\/\",\"logo\":{\"@type\":\"ImageObject\",\"inLanguage\":\"de\",\"@id\":\"https:\\\/\\\/easyliferobo.com\\\/de\\\/#\\\/schema\\\/logo\\\/image\\\/\",\"url\":\"https:\\\/\\\/easyliferobo.com\\\/de\\\/wp-content\\\/uploads\\\/2026\\\/02\\\/Screenshot-2026-02-22-at-2.25.03-PM.png\",\"contentUrl\":\"https:\\\/\\\/easyliferobo.com\\\/de\\\/wp-content\\\/uploads\\\/2026\\\/02\\\/Screenshot-2026-02-22-at-2.25.03-PM.png\",\"width\":1858,\"height\":430,\"caption\":\"EasyLifeBro\"},\"image\":{\"@id\":\"https:\\\/\\\/easyliferobo.com\\\/de\\\/#\\\/schema\\\/logo\\\/image\\\/\"}}]}<\/script>\n<!-- \/ Yoast SEO plugin. -->","yoast_head_json":{"title":"MONSGA Saugroboter mit Wischfunktion, 5000 Pa Saugleistung, 180 Min Laufzeit, Anti-Tangle-System, LiDAR-Navigation, Staubsaugerroboter f\u00fcr Teppich, Tierhaare, App und Fernbedienung (Schwarz). - EasyLifeBro","description":"Entdecken Sie smarte Roboter f\u00fcr Zuhause, Garten, Bildung und Sicherheit. Vergleichen Sie Saugroboter, Rasenm\u00e4hroboter, KI-Begleitroboter und mehr bei EasyLifeRobo.","robots":{"index":"index","follow":"follow","max-snippet":"max-snippet:-1","max-image-preview":"max-image-preview:large","max-video-preview":"max-video-preview:-1"},"canonical":"https:\/\/easyliferobo.com\/de\/product\/monsga-saugroboter-mit-wischfunktion-5000-pa-saugleistung-180-min-laufzeit-anti-tangle-system-lidar-navigation-staubsaugerroboter-fuer-teppich-tierhaare-app-und-fernbedienung-schwarz\/","og_locale":"de_DE","og_type":"article","og_title":"MONSGA Saugroboter mit Wischfunktion, 5000 Pa Saugleistung, 180 Min Laufzeit, Anti-Tangle-System, LiDAR-Navigation, Staubsaugerroboter f\u00fcr Teppich, Tierhaare, App und Fernbedienung (Schwarz). - EasyLifeBro","og_description":"Entdecken Sie smarte Roboter f\u00fcr Zuhause, Garten, Bildung und Sicherheit. Vergleichen Sie Saugroboter, Rasenm\u00e4hroboter, KI-Begleitroboter und mehr bei EasyLifeRobo.","og_url":"https:\/\/easyliferobo.com\/de\/product\/monsga-saugroboter-mit-wischfunktion-5000-pa-saugleistung-180-min-laufzeit-anti-tangle-system-lidar-navigation-staubsaugerroboter-fuer-teppich-tierhaare-app-und-fernbedienung-schwarz\/","og_site_name":"EasyLifeBro","article_modified_time":"2026-02-27T05:02:33+00:00","og_image":[{"url":"https:\/\/images-na.ssl-images-amazon.com\/images\/G\/01\/x-locale\/common\/grey-pixel.gif","type":"","width":"","height":""}],"twitter_card":"summary_large_image","twitter_misc":{"Gesch\u00e4tzte Lesezeit":"3\u00a0Minuten"},"schema":{"@context":"https:\/\/schema.org","@graph":[{"@type":"WebPage","@id":"https:\/\/easyliferobo.com\/de\/product\/monsga-saugroboter-mit-wischfunktion-5000-pa-saugleistung-180-min-laufzeit-anti-tangle-system-lidar-navigation-staubsaugerroboter-fuer-teppich-tierhaare-app-und-fernbedienung-schwarz\/","url":"https:\/\/easyliferobo.com\/de\/product\/monsga-saugroboter-mit-wischfunktion-5000-pa-saugleistung-180-min-laufzeit-anti-tangle-system-lidar-navigation-staubsaugerroboter-fuer-teppich-tierhaare-app-und-fernbedienung-schwarz\/","name":"MONSGA Saugroboter mit Wischfunktion, 5000 Pa Saugleistung, 180 Min Laufzeit, Anti-Tangle-System, LiDAR-Navigation, Staubsaugerroboter f\u00fcr Teppich, Tierhaare, App und Fernbedienung (Schwarz). - EasyLifeBro","isPartOf":{"@id":"https:\/\/easyliferobo.com\/de\/#website"},"primaryImageOfPage":{"@id":"https:\/\/easyliferobo.com\/de\/product\/monsga-saugroboter-mit-wischfunktion-5000-pa-saugleistung-180-min-laufzeit-anti-tangle-system-lidar-navigation-staubsaugerroboter-fuer-teppich-tierhaare-app-und-fernbedienung-schwarz\/#primaryimage"},"image":{"@id":"https:\/\/easyliferobo.com\/de\/product\/monsga-saugroboter-mit-wischfunktion-5000-pa-saugleistung-180-min-laufzeit-anti-tangle-system-lidar-navigation-staubsaugerroboter-fuer-teppich-tierhaare-app-und-fernbedienung-schwarz\/#primaryimage"},"thumbnailUrl":"https:\/\/easyliferobo.com\/de\/wp-content\/uploads\/2026\/02\/81-mY7THbFL._AC_SL1500_.jpg","datePublished":"2026-02-27T05:02:14+00:00","dateModified":"2026-02-27T05:02:33+00:00","description":"Entdecken Sie smarte Roboter f\u00fcr Zuhause, Garten, Bildung und Sicherheit. Vergleichen Sie Saugroboter, Rasenm\u00e4hroboter, KI-Begleitroboter und mehr bei EasyLifeRobo.","breadcrumb":{"@id":"https:\/\/easyliferobo.com\/de\/product\/monsga-saugroboter-mit-wischfunktion-5000-pa-saugleistung-180-min-laufzeit-anti-tangle-system-lidar-navigation-staubsaugerroboter-fuer-teppich-tierhaare-app-und-fernbedienung-schwarz\/#breadcrumb"},"inLanguage":"de","potentialAction":[{"@type":"ReadAction","target":["https:\/\/easyliferobo.com\/de\/product\/monsga-saugroboter-mit-wischfunktion-5000-pa-saugleistung-180-min-laufzeit-anti-tangle-system-lidar-navigation-staubsaugerroboter-fuer-teppich-tierhaare-app-und-fernbedienung-schwarz\/"]}]},{"@type":"ImageObject","inLanguage":"de","@id":"https:\/\/easyliferobo.com\/de\/product\/monsga-saugroboter-mit-wischfunktion-5000-pa-saugleistung-180-min-laufzeit-anti-tangle-system-lidar-navigation-staubsaugerroboter-fuer-teppich-tierhaare-app-und-fernbedienung-schwarz\/#primaryimage","url":"https:\/\/easyliferobo.com\/de\/wp-content\/uploads\/2026\/02\/81-mY7THbFL._AC_SL1500_.jpg","contentUrl":"https:\/\/easyliferobo.com\/de\/wp-content\/uploads\/2026\/02\/81-mY7THbFL._AC_SL1500_.jpg","width":1422,"height":1500},{"@type":"BreadcrumbList","@id":"https:\/\/easyliferobo.com\/de\/product\/monsga-saugroboter-mit-wischfunktion-5000-pa-saugleistung-180-min-laufzeit-anti-tangle-system-lidar-navigation-staubsaugerroboter-fuer-teppich-tierhaare-app-und-fernbedienung-schwarz\/#breadcrumb","itemListElement":[{"@type":"ListItem","position":1,"name":"Home","item":"https:\/\/easyliferobo.com\/de\/"},{"@type":"ListItem","position":2,"name":"Shop","item":"https:\/\/easyliferobo.com\/de\/shop\/"},{"@type":"ListItem","position":3,"name":"MONSGA Saugroboter mit Wischfunktio..."}]},{"@type":"WebSite","@id":"https:\/\/easyliferobo.com\/de\/#website","url":"https:\/\/easyliferobo.com\/de\/","name":"EasyLifeBro","description":"Smarte Roboter f\u00fcr Zuhause, Garten &amp; Bildung","publisher":{"@id":"https:\/\/easyliferobo.com\/de\/#organization"},"potentialAction":[{"@type":"SearchAction","target":{"@type":"EntryPoint","urlTemplate":"https:\/\/easyliferobo.com\/de\/?s={search_term_string}"},"query-input":{"@type":"PropertyValueSpecification","valueRequired":true,"valueName":"search_term_string"}}],"inLanguage":"de"},{"@type":"Organization","@id":"https:\/\/easyliferobo.com\/de\/#organization","name":"EasyLifeBro","url":"https:\/\/easyliferobo.com\/de\/","logo":{"@type":"ImageObject","inLanguage":"de","@id":"https:\/\/easyliferobo.com\/de\/#\/schema\/logo\/image\/","url":"https:\/\/easyliferobo.com\/de\/wp-content\/uploads\/2026\/02\/Screenshot-2026-02-22-at-2.25.03-PM.png","contentUrl":"https:\/\/easyliferobo.com\/de\/wp-content\/uploads\/2026\/02\/Screenshot-2026-02-22-at-2.25.03-PM.png","width":1858,"height":430,"caption":"EasyLifeBro"},"image":{"@id":"https:\/\/easyliferobo.com\/de\/#\/schema\/logo\/image\/"}}]}},"_links":{"self":[{"href":"https:\/\/easyliferobo.com\/de\/wp-json\/wp\/v2\/product\/2748","targetHints":{"allow":["GET"]}}],"collection":[{"href":"https:\/\/easyliferobo.com\/de\/wp-json\/wp\/v2\/product"}],"about":[{"href":"https:\/\/easyliferobo.com\/de\/wp-json\/wp\/v2\/types\/product"}],"replies":[{"embeddable":true,"href":"https:\/\/easyliferobo.com\/de\/wp-json\/wp\/v2\/comments?post=2748"}],"wp:featuredmedia":[{"embeddable":true,"href":"https:\/\/easyliferobo.com\/de\/wp-json\/wp\/v2\/media\/2749"}],"wp:attachment":[{"href":"https:\/\/easyliferobo.com\/de\/wp-json\/wp\/v2\/media?parent=2748"}],"wp:term":[{"taxonomy":"store","embeddable":true,"href":"https:\/\/easyliferobo.com\/de\/wp-json\/wp\/v2\/store?post=2748"},{"taxonomy":"product_brand","embeddable":true,"href":"https:\/\/easyliferobo.com\/de\/wp-json\/wp\/v2\/product_brand?post=2748"},{"taxonomy":"product_cat","embeddable":true,"href":"https:\/\/easyliferobo.com\/de\/wp-json\/wp\/v2\/product_cat?post=2748"},{"taxonomy":"product_tag","embeddable":true,"href":"https:\/\/easyliferobo.com\/de\/wp-json\/wp\/v2\/product_tag?post=2748"}],"curies":[{"name":"wp","href":"https:\/\/api.w.org\/{rel}","templated":true}]}}