
{"id":2741,"date":"2026-02-27T05:00:45","date_gmt":"2026-02-27T05:00:45","guid":{"rendered":"https:\/\/easyliferobo.com\/de\/product\/makeblock-roboter-codey-rocky\/"},"modified":"2026-02-27T05:00:56","modified_gmt":"2026-02-27T05:00:56","slug":"makeblock-roboter-codey-rocky","status":"publish","type":"product","link":"https:\/\/easyliferobo.com\/de\/product\/makeblock-roboter-codey-rocky\/","title":{"rendered":"Makeblock-Roboter Codey Rocky"},"content":{"rendered":"<p>\n                                             Von der Marke   <\/p>\n<p>                                              <img decoding=\"async\" alt=\"Makeblcok-Markengeschichte\" src=\"https:\/\/images-na.ssl-images-amazon.com\/images\/G\/01\/x-locale\/common\/grey-pixel.gif\" class=\"a-lazy-loaded\" data-src=\"https:\/\/m.media-amazon.com\/images\/S\/aplus-media-library-service-media\/4faf8972-7ef0-4260-bd06-acf82ed3ad23.__CR0,0,1464,625_PT0_SX1464_V1___.jpg\"><img decoding=\"async\" alt=\"Makeblcok-Markengeschichte\" src=\"https:\/\/m.media-amazon.com\/images\/S\/aplus-media-library-service-media\/4faf8972-7ef0-4260-bd06-acf82ed3ad23.__CR0,0,1464,625_PT0_SX1464_V1___.jpg\">  <\/p>\n<p>                                              <img decoding=\"async\" alt=\"Makeblock-Geschichte der Marke\" src=\"https:\/\/images-na.ssl-images-amazon.com\/images\/G\/01\/x-locale\/common\/grey-pixel.gif\" class=\"a-lazy-loaded\" data-src=\"https:\/\/m.media-amazon.com\/images\/S\/aplus-media-library-service-media\/dc1539e0-1bb6-44c4-aa81-12721abc9539.__CR0,0,362,453_PT0_SX362_V1___.jpg\"><img decoding=\"async\" alt=\"Makeblock-Geschichte der Marke\" src=\"https:\/\/m.media-amazon.com\/images\/S\/aplus-media-library-service-media\/dc1539e0-1bb6-44c4-aa81-12721abc9539.__CR0,0,362,453_PT0_SX362_V1___.jpg\">  <\/p>\n<p>                                              <img decoding=\"async\" alt=\"Makeblock-Markengeschichte\" src=\"https:\/\/images-na.ssl-images-amazon.com\/images\/G\/01\/x-locale\/common\/grey-pixel.gif\" class=\"a-lazy-loaded\" data-src=\"https:\/\/m.media-amazon.com\/images\/S\/aplus-media-library-service-media\/ec8a1e57-8b03-49ba-a190-f0d249844255.__CR0,0,362,453_PT0_SX362_V1___.jpg\"><img decoding=\"async\" alt=\"Makeblock-Markengeschichte\" src=\"https:\/\/m.media-amazon.com\/images\/S\/aplus-media-library-service-media\/ec8a1e57-8b03-49ba-a190-f0d249844255.__CR0,0,362,453_PT0_SX362_V1___.jpg\">  <\/p>\n<p>                                              <img decoding=\"async\" alt=\"Makeblock-Markengeschichte\" src=\"https:\/\/images-na.ssl-images-amazon.com\/images\/G\/01\/x-locale\/common\/grey-pixel.gif\" class=\"a-lazy-loaded\" data-src=\"https:\/\/m.media-amazon.com\/images\/S\/aplus-media-library-service-media\/9104e942-18dd-469e-9c22-27037a60bc0f.__CR0,0,362,453_PT0_SX362_V1___.jpg\"><img decoding=\"async\" alt=\"Makeblock-Markengeschichte\" src=\"https:\/\/m.media-amazon.com\/images\/S\/aplus-media-library-service-media\/9104e942-18dd-469e-9c22-27037a60bc0f.__CR0,0,362,453_PT0_SX362_V1___.jpg\">  <\/p>\n<h3>  Geeignet f\u00fcr Kinder ab 4 Jahren <\/h3>\n<p class=\"apm-brand-story-stores-link\">\n<h3>  Geeignet f\u00fcr Kinder ab 6 Jahren <\/h3>\n<p class=\"apm-brand-story-stores-link\">\n<h3>  Geeignet f\u00fcr Kinder ab 8 Jahren <\/h3>\n<p class=\"apm-brand-story-stores-link\">\n<h3>  Ab 12 Jahren <\/h3>\n<p class=\"apm-brand-story-stores-link\">\n<p>Interaktives Roboterspielzeug f\u00fcr Kinder: Codey Rocky ist ein p\u00e4dagogisches Roboterspielzeug f\u00fcr Kinder, das eine niedliche Pandaform hat, die alle Kinder interessieren wird. Wenn Sie mit dem Emo-Panel interagieren, zeigt dieser Emo-Roboter vielf\u00e4ltige Emotionen wie L\u00e4cheln oder Wut. Mit diesem Programmierroboter k\u00f6nnen Kinder problemlos mit Freunden spielen und Robotik, Programmierung, Informatik, Spieledesign und IoT-Kenntnisse erlernen.<br \/>Multifunktionales Roboterspielzeug f\u00fcr mehr Spa\u00df: Dieses Roboterspielzeug funktioniert direkt aus der Box, ohne zu bauen. Ausgestattet mit mehr als 10 verschiedenen Elektronikmodulen und 3 voreingestellten Modi (Fahren, Zeichnen und Laufen, Programmieren) k\u00f6nnen Kinder mit diesem Programmierroboter noch mehr Spa\u00df haben. Dar\u00fcber hinaus k\u00f6nnen Kinder alle Arten von Autos mit Bausteinbox nutzen. Dieser intelligente Roboter f\u00f6rdert die Fantasie und Kreativit\u00e4t der Kinder.<br \/>Einfach zu erlernende Programmierung: Codey Rocky ist ein programmierbarer Roboter, der sowohl Scratch-Block-basierte als auch fortgeschrittene Python-Programmierung unterst\u00fctzt. Mit der Makeblock RC-App und der mBlock5-Programmier-App k\u00f6nnen Kinder ganz einfach lernen, Videospiele zu programmieren oder zu entwerfen. Und Kinder k\u00f6nnen \u00fcber die mBlock-App professionelle Programmieranweisungen erhalten.<br \/>Lernroboter-Spielzeuggeschenk: Bezaubernde Roboter-Panda-Form, die von 20 Millionen Benutzern auf der ganzen Welt geliebt wird. Dieses Roboterspielzeug ist das ideale Lern- und Lernspielzeuggeschenk f\u00fcr Jungen und M\u00e4dchen an Geburtstagen, Ostern, Kindertag, Chanukka, Heimschule, MINT-Unterricht, Programmierkursen, Sommercamp-Aktivit\u00e4ten, Schulanfang und Weihnachten.<br \/>Robuster und langlebiger intelligenter Roboter: Mit einer empfindlichen Verpackung und einem gut durchdachten Produkt sind alle Teile dieses Roboterspielzeugs robust und langlebig. Hochwertige Produkte gew\u00e4hrleisten die sichere Nutzung durch Kinder. Wir bieten 12 Monate Garantie. Wenn Sie Fragen zu diesem Roboterhaustier haben, k\u00f6nnen Sie uns jederzeit kontaktieren. Wir werden uns innerhalb von 24 Stunden bei Ihnen melden und Ihnen eine zufriedenstellende L\u00f6sung anbieten.<\/p>\n<p>[ad_2]<\/p>\n","protected":false},"excerpt":{"rendered":"<p>Von der Marke Geeignet f\u00fcr Kinder ab 4 Jahren Geeignet f\u00fcr Kinder ab 6 Jahren Geeignet f\u00fcr Kinder ab 8 Jahren Ab 12 Jahren Interaktives Roboterspielzeug f\u00fcr Kinder: Codey Rocky ist ein p\u00e4dagogisches Roboterspielzeug f\u00fcr Kinder, das eine niedliche Pandaform hat, die alle Kinder interessieren wird. Wenn Sie mit dem Emo-Panel interagieren, zeigt dieser Emo-Roboter [&hellip;]<\/p>\n","protected":false},"featured_media":2742,"comment_status":"open","ping_status":"closed","template":"","meta":{"_aipt_faq_data":""},"store":[],"product_brand":[],"product_cat":[78],"product_tag":[194],"class_list":{"0":"post-2741","1":"product","2":"type-product","3":"status-publish","4":"has-post-thumbnail","6":"product_cat-programmierroboter-fuer-kinder","7":"product_tag-programmierroboter-fuer-kinder-ab-6","9":"first","10":"instock","11":"shipping-taxable","12":"product-type-external"},"yoast_head":"<!-- This site is optimized with the Yoast SEO plugin v27.4 - https:\/\/yoast.com\/product\/yoast-seo-wordpress\/ -->\n<title>Makeblock-Roboter Codey Rocky - EasyLifeBro<\/title>\n<meta name=\"description\" content=\"Entdecken Sie smarte Roboter f\u00fcr Zuhause, Garten, Bildung und Sicherheit. Vergleichen Sie Saugroboter, Rasenm\u00e4hroboter, KI-Begleitroboter und mehr bei EasyLifeRobo.\" \/>\n<meta name=\"robots\" content=\"index, follow, max-snippet:-1, max-image-preview:large, max-video-preview:-1\" \/>\n<link rel=\"canonical\" href=\"https:\/\/easyliferobo.com\/de\/product\/makeblock-roboter-codey-rocky\/\" \/>\n<meta property=\"og:locale\" content=\"de_DE\" \/>\n<meta property=\"og:type\" content=\"article\" \/>\n<meta property=\"og:title\" content=\"Makeblock-Roboter Codey Rocky - EasyLifeBro\" \/>\n<meta property=\"og:description\" content=\"Entdecken Sie smarte Roboter f\u00fcr Zuhause, Garten, Bildung und Sicherheit. Vergleichen Sie Saugroboter, Rasenm\u00e4hroboter, KI-Begleitroboter und mehr bei EasyLifeRobo.\" \/>\n<meta property=\"og:url\" content=\"https:\/\/easyliferobo.com\/de\/product\/makeblock-roboter-codey-rocky\/\" \/>\n<meta property=\"og:site_name\" content=\"EasyLifeBro\" \/>\n<meta property=\"article:modified_time\" content=\"2026-02-27T05:00:56+00:00\" \/>\n<meta property=\"og:image\" content=\"https:\/\/images-na.ssl-images-amazon.com\/images\/G\/01\/x-locale\/common\/grey-pixel.gif\" \/>\n<meta name=\"twitter:card\" content=\"summary_large_image\" \/>\n<meta name=\"twitter:label1\" content=\"Gesch\u00e4tzte Lesezeit\" \/>\n\t<meta name=\"twitter:data1\" content=\"2\u00a0Minuten\" \/>\n<script type=\"application\/ld+json\" class=\"yoast-schema-graph\">{\"@context\":\"https:\\\/\\\/schema.org\",\"@graph\":[{\"@type\":\"WebPage\",\"@id\":\"https:\\\/\\\/easyliferobo.com\\\/de\\\/product\\\/makeblock-roboter-codey-rocky\\\/\",\"url\":\"https:\\\/\\\/easyliferobo.com\\\/de\\\/product\\\/makeblock-roboter-codey-rocky\\\/\",\"name\":\"Makeblock-Roboter Codey Rocky - EasyLifeBro\",\"isPartOf\":{\"@id\":\"https:\\\/\\\/easyliferobo.com\\\/de\\\/#website\"},\"primaryImageOfPage\":{\"@id\":\"https:\\\/\\\/easyliferobo.com\\\/de\\\/product\\\/makeblock-roboter-codey-rocky\\\/#primaryimage\"},\"image\":{\"@id\":\"https:\\\/\\\/easyliferobo.com\\\/de\\\/product\\\/makeblock-roboter-codey-rocky\\\/#primaryimage\"},\"thumbnailUrl\":\"https:\\\/\\\/easyliferobo.com\\\/de\\\/wp-content\\\/uploads\\\/2026\\\/02\\\/51OzkmdcHNL._AC_SL1280_.jpg\",\"datePublished\":\"2026-02-27T05:00:45+00:00\",\"dateModified\":\"2026-02-27T05:00:56+00:00\",\"description\":\"Entdecken Sie smarte Roboter f\u00fcr Zuhause, Garten, Bildung und Sicherheit. Vergleichen Sie Saugroboter, Rasenm\u00e4hroboter, KI-Begleitroboter und mehr bei EasyLifeRobo.\",\"breadcrumb\":{\"@id\":\"https:\\\/\\\/easyliferobo.com\\\/de\\\/product\\\/makeblock-roboter-codey-rocky\\\/#breadcrumb\"},\"inLanguage\":\"de\",\"potentialAction\":[{\"@type\":\"ReadAction\",\"target\":[\"https:\\\/\\\/easyliferobo.com\\\/de\\\/product\\\/makeblock-roboter-codey-rocky\\\/\"]}]},{\"@type\":\"ImageObject\",\"inLanguage\":\"de\",\"@id\":\"https:\\\/\\\/easyliferobo.com\\\/de\\\/product\\\/makeblock-roboter-codey-rocky\\\/#primaryimage\",\"url\":\"https:\\\/\\\/easyliferobo.com\\\/de\\\/wp-content\\\/uploads\\\/2026\\\/02\\\/51OzkmdcHNL._AC_SL1280_.jpg\",\"contentUrl\":\"https:\\\/\\\/easyliferobo.com\\\/de\\\/wp-content\\\/uploads\\\/2026\\\/02\\\/51OzkmdcHNL._AC_SL1280_.jpg\",\"width\":948,\"height\":946},{\"@type\":\"BreadcrumbList\",\"@id\":\"https:\\\/\\\/easyliferobo.com\\\/de\\\/product\\\/makeblock-roboter-codey-rocky\\\/#breadcrumb\",\"itemListElement\":[{\"@type\":\"ListItem\",\"position\":1,\"name\":\"Home\",\"item\":\"https:\\\/\\\/easyliferobo.com\\\/de\\\/\"},{\"@type\":\"ListItem\",\"position\":2,\"name\":\"Shop\",\"item\":\"https:\\\/\\\/easyliferobo.com\\\/de\\\/shop\\\/\"},{\"@type\":\"ListItem\",\"position\":3,\"name\":\"Makeblock-Roboter Codey Rocky\"}]},{\"@type\":\"WebSite\",\"@id\":\"https:\\\/\\\/easyliferobo.com\\\/de\\\/#website\",\"url\":\"https:\\\/\\\/easyliferobo.com\\\/de\\\/\",\"name\":\"EasyLifeBro\",\"description\":\"Smarte Roboter f\u00fcr Zuhause, Garten &amp; Bildung\",\"publisher\":{\"@id\":\"https:\\\/\\\/easyliferobo.com\\\/de\\\/#organization\"},\"potentialAction\":[{\"@type\":\"SearchAction\",\"target\":{\"@type\":\"EntryPoint\",\"urlTemplate\":\"https:\\\/\\\/easyliferobo.com\\\/de\\\/?s={search_term_string}\"},\"query-input\":{\"@type\":\"PropertyValueSpecification\",\"valueRequired\":true,\"valueName\":\"search_term_string\"}}],\"inLanguage\":\"de\"},{\"@type\":\"Organization\",\"@id\":\"https:\\\/\\\/easyliferobo.com\\\/de\\\/#organization\",\"name\":\"EasyLifeBro\",\"url\":\"https:\\\/\\\/easyliferobo.com\\\/de\\\/\",\"logo\":{\"@type\":\"ImageObject\",\"inLanguage\":\"de\",\"@id\":\"https:\\\/\\\/easyliferobo.com\\\/de\\\/#\\\/schema\\\/logo\\\/image\\\/\",\"url\":\"https:\\\/\\\/easyliferobo.com\\\/de\\\/wp-content\\\/uploads\\\/2026\\\/02\\\/Screenshot-2026-02-22-at-2.25.03-PM.png\",\"contentUrl\":\"https:\\\/\\\/easyliferobo.com\\\/de\\\/wp-content\\\/uploads\\\/2026\\\/02\\\/Screenshot-2026-02-22-at-2.25.03-PM.png\",\"width\":1858,\"height\":430,\"caption\":\"EasyLifeBro\"},\"image\":{\"@id\":\"https:\\\/\\\/easyliferobo.com\\\/de\\\/#\\\/schema\\\/logo\\\/image\\\/\"}}]}<\/script>\n<!-- \/ Yoast SEO plugin. -->","yoast_head_json":{"title":"Makeblock-Roboter Codey Rocky - EasyLifeBro","description":"Entdecken Sie smarte Roboter f\u00fcr Zuhause, Garten, Bildung und Sicherheit. Vergleichen Sie Saugroboter, Rasenm\u00e4hroboter, KI-Begleitroboter und mehr bei EasyLifeRobo.","robots":{"index":"index","follow":"follow","max-snippet":"max-snippet:-1","max-image-preview":"max-image-preview:large","max-video-preview":"max-video-preview:-1"},"canonical":"https:\/\/easyliferobo.com\/de\/product\/makeblock-roboter-codey-rocky\/","og_locale":"de_DE","og_type":"article","og_title":"Makeblock-Roboter Codey Rocky - EasyLifeBro","og_description":"Entdecken Sie smarte Roboter f\u00fcr Zuhause, Garten, Bildung und Sicherheit. Vergleichen Sie Saugroboter, Rasenm\u00e4hroboter, KI-Begleitroboter und mehr bei EasyLifeRobo.","og_url":"https:\/\/easyliferobo.com\/de\/product\/makeblock-roboter-codey-rocky\/","og_site_name":"EasyLifeBro","article_modified_time":"2026-02-27T05:00:56+00:00","og_image":[{"url":"https:\/\/images-na.ssl-images-amazon.com\/images\/G\/01\/x-locale\/common\/grey-pixel.gif","type":"","width":"","height":""}],"twitter_card":"summary_large_image","twitter_misc":{"Gesch\u00e4tzte Lesezeit":"2\u00a0Minuten"},"schema":{"@context":"https:\/\/schema.org","@graph":[{"@type":"WebPage","@id":"https:\/\/easyliferobo.com\/de\/product\/makeblock-roboter-codey-rocky\/","url":"https:\/\/easyliferobo.com\/de\/product\/makeblock-roboter-codey-rocky\/","name":"Makeblock-Roboter Codey Rocky - EasyLifeBro","isPartOf":{"@id":"https:\/\/easyliferobo.com\/de\/#website"},"primaryImageOfPage":{"@id":"https:\/\/easyliferobo.com\/de\/product\/makeblock-roboter-codey-rocky\/#primaryimage"},"image":{"@id":"https:\/\/easyliferobo.com\/de\/product\/makeblock-roboter-codey-rocky\/#primaryimage"},"thumbnailUrl":"https:\/\/easyliferobo.com\/de\/wp-content\/uploads\/2026\/02\/51OzkmdcHNL._AC_SL1280_.jpg","datePublished":"2026-02-27T05:00:45+00:00","dateModified":"2026-02-27T05:00:56+00:00","description":"Entdecken Sie smarte Roboter f\u00fcr Zuhause, Garten, Bildung und Sicherheit. Vergleichen Sie Saugroboter, Rasenm\u00e4hroboter, KI-Begleitroboter und mehr bei EasyLifeRobo.","breadcrumb":{"@id":"https:\/\/easyliferobo.com\/de\/product\/makeblock-roboter-codey-rocky\/#breadcrumb"},"inLanguage":"de","potentialAction":[{"@type":"ReadAction","target":["https:\/\/easyliferobo.com\/de\/product\/makeblock-roboter-codey-rocky\/"]}]},{"@type":"ImageObject","inLanguage":"de","@id":"https:\/\/easyliferobo.com\/de\/product\/makeblock-roboter-codey-rocky\/#primaryimage","url":"https:\/\/easyliferobo.com\/de\/wp-content\/uploads\/2026\/02\/51OzkmdcHNL._AC_SL1280_.jpg","contentUrl":"https:\/\/easyliferobo.com\/de\/wp-content\/uploads\/2026\/02\/51OzkmdcHNL._AC_SL1280_.jpg","width":948,"height":946},{"@type":"BreadcrumbList","@id":"https:\/\/easyliferobo.com\/de\/product\/makeblock-roboter-codey-rocky\/#breadcrumb","itemListElement":[{"@type":"ListItem","position":1,"name":"Home","item":"https:\/\/easyliferobo.com\/de\/"},{"@type":"ListItem","position":2,"name":"Shop","item":"https:\/\/easyliferobo.com\/de\/shop\/"},{"@type":"ListItem","position":3,"name":"Makeblock-Roboter Codey Rocky"}]},{"@type":"WebSite","@id":"https:\/\/easyliferobo.com\/de\/#website","url":"https:\/\/easyliferobo.com\/de\/","name":"EasyLifeBro","description":"Smarte Roboter f\u00fcr Zuhause, Garten &amp; Bildung","publisher":{"@id":"https:\/\/easyliferobo.com\/de\/#organization"},"potentialAction":[{"@type":"SearchAction","target":{"@type":"EntryPoint","urlTemplate":"https:\/\/easyliferobo.com\/de\/?s={search_term_string}"},"query-input":{"@type":"PropertyValueSpecification","valueRequired":true,"valueName":"search_term_string"}}],"inLanguage":"de"},{"@type":"Organization","@id":"https:\/\/easyliferobo.com\/de\/#organization","name":"EasyLifeBro","url":"https:\/\/easyliferobo.com\/de\/","logo":{"@type":"ImageObject","inLanguage":"de","@id":"https:\/\/easyliferobo.com\/de\/#\/schema\/logo\/image\/","url":"https:\/\/easyliferobo.com\/de\/wp-content\/uploads\/2026\/02\/Screenshot-2026-02-22-at-2.25.03-PM.png","contentUrl":"https:\/\/easyliferobo.com\/de\/wp-content\/uploads\/2026\/02\/Screenshot-2026-02-22-at-2.25.03-PM.png","width":1858,"height":430,"caption":"EasyLifeBro"},"image":{"@id":"https:\/\/easyliferobo.com\/de\/#\/schema\/logo\/image\/"}}]}},"_links":{"self":[{"href":"https:\/\/easyliferobo.com\/de\/wp-json\/wp\/v2\/product\/2741","targetHints":{"allow":["GET"]}}],"collection":[{"href":"https:\/\/easyliferobo.com\/de\/wp-json\/wp\/v2\/product"}],"about":[{"href":"https:\/\/easyliferobo.com\/de\/wp-json\/wp\/v2\/types\/product"}],"replies":[{"embeddable":true,"href":"https:\/\/easyliferobo.com\/de\/wp-json\/wp\/v2\/comments?post=2741"}],"wp:featuredmedia":[{"embeddable":true,"href":"https:\/\/easyliferobo.com\/de\/wp-json\/wp\/v2\/media\/2742"}],"wp:attachment":[{"href":"https:\/\/easyliferobo.com\/de\/wp-json\/wp\/v2\/media?parent=2741"}],"wp:term":[{"taxonomy":"store","embeddable":true,"href":"https:\/\/easyliferobo.com\/de\/wp-json\/wp\/v2\/store?post=2741"},{"taxonomy":"product_brand","embeddable":true,"href":"https:\/\/easyliferobo.com\/de\/wp-json\/wp\/v2\/product_brand?post=2741"},{"taxonomy":"product_cat","embeddable":true,"href":"https:\/\/easyliferobo.com\/de\/wp-json\/wp\/v2\/product_cat?post=2741"},{"taxonomy":"product_tag","embeddable":true,"href":"https:\/\/easyliferobo.com\/de\/wp-json\/wp\/v2\/product_tag?post=2741"}],"curies":[{"name":"wp","href":"https:\/\/api.w.org\/{rel}","templated":true}]}}