
{"id":2732,"date":"2026-02-27T04:59:03","date_gmt":"2026-02-27T04:59:03","guid":{"rendered":"https:\/\/easyliferobo.com\/de\/product\/robot\/"},"modified":"2026-02-27T04:59:24","modified_gmt":"2026-02-27T04:59:24","slug":"robot","status":"publish","type":"product","link":"https:\/\/easyliferobo.com\/de\/product\/robot\/","title":{"rendered":"Robot"},"content":{"rendered":"<p>\n                                             Von der Marke   <\/p>\n<p>                                              <img decoding=\"async\" alt=\"\" src=\"https:\/\/images-na.ssl-images-amazon.com\/images\/G\/01\/x-locale\/common\/grey-pixel.gif\" class=\"a-lazy-loaded\" data-src=\"https:\/\/m.media-amazon.com\/images\/S\/aplus-media-library-service-media\/5a188551-2933-47da-826c-7a0ea56dc68f.__CR0,0,2928,1250_PT0_SX1464_V1___.jpg\"><img decoding=\"async\" alt=\"\" src=\"https:\/\/m.media-amazon.com\/images\/S\/aplus-media-library-service-media\/5a188551-2933-47da-826c-7a0ea56dc68f.__CR0,0,2928,1250_PT0_SX1464_V1___.jpg\">  <\/p>\n<h3>  WILLKOMMEN BEI APITOR <\/h3>\n<p>  Bauen, spielen, programmieren und mehr entdecken! <\/p>\n<p>                                              <img decoding=\"async\" alt=\"\" src=\"https:\/\/images-na.ssl-images-amazon.com\/images\/G\/01\/x-locale\/common\/grey-pixel.gif\" class=\"a-lazy-loaded\" data-src=\"https:\/\/m.media-amazon.com\/images\/S\/aplus-media-library-service-media\/bcc74c5d-55bc-4c61-bd20-3d398961e93e.__CR0,0,315,145_PT0_SX315_V1___.png\"><img decoding=\"async\" alt=\"\" src=\"https:\/\/m.media-amazon.com\/images\/S\/aplus-media-library-service-media\/bcc74c5d-55bc-4c61-bd20-3d398961e93e.__CR0,0,315,145_PT0_SX315_V1___.png\">  <\/p>\n<p>  \u00dcber Apitor <\/p>\n<p>  Apitor ist auf die Entwicklung von Roboterbaus\u00e4tzen mit App-gesteuerten Bausteinen f\u00fcr Lernende jeden Alters spezialisiert. Diese Produkte f\u00f6rdern das praktische Lernen und legen Wert auf die MINT-Integration. <\/p>\n<p>  Anerkennung von MINT. ORG <\/p>\n<p>  Mit dieser Auszeichnung geh\u00f6rt Apitor zu den 5 % der besten Lernger\u00e4te, die f\u00fcr ihre herausragenden Leistungen im MINT-Bereich ausgezeichnet werden, und demonstriert ihren erheblichen Einfluss auf den MINTToy-Markt. <\/p>\n<h3>  Programmierspielzeug f\u00fcr Anf\u00e4nger <\/h3>\n<h3>  Fortgeschrittene Programmierung <\/h3>\n<h3>  Elektrisches MINT-Bauspielzeug <\/h3>\n<p>                                              <img decoding=\"async\" alt=\"\" src=\"https:\/\/images-na.ssl-images-amazon.com\/images\/G\/01\/x-locale\/common\/grey-pixel.gif\" class=\"a-lazy-loaded\" data-src=\"https:\/\/m.media-amazon.com\/images\/S\/aplus-media-library-service-media\/50144a22-f92f-40f7-9976-f9c919e24d32.__CR0,0,362,453_PT0_SX362_V1___.jpg\"><img decoding=\"async\" alt=\"\" src=\"https:\/\/m.media-amazon.com\/images\/S\/aplus-media-library-service-media\/50144a22-f92f-40f7-9976-f9c919e24d32.__CR0,0,362,453_PT0_SX362_V1___.jpg\">  <\/p>\n<h3>  GESCHENKE F\u00dcR JUNGE M\u00c4DCHEN <\/h3>\n<p>12-in-1-Roboterbausatz f\u00fcr Fortgeschrittene: Der Roboter X enth\u00e4lt \u00fcber 600 Bausteine, eine Steuereinheit mit 7 mehrfarbigen LED-Leuchten, 2 Infrarotsensoren, 1 Farbsensor und 3 Motoren. So k\u00f6nnen Kinder 12 coole Roboter bauen und umbauen. Ein tolles Geschenk f\u00fcr Jungen und M\u00e4dchen ab 8 Jahren. (3 AA-Batterien sind erforderlich und nicht im Lieferumfang enthalten)<br \/>Programmierbarer App-Fernsteuerungsroboter: Mit der kostenlosen Apitor Kit-App aus dem App Store und Google Play k\u00f6nnen Kinder den motorisierten Roboter so steuern, dass er sich in alle Richtungen bewegt, d. h. nach links, rechts, vorw\u00e4rts und r\u00fcckw\u00e4rts, sowie um 360 Grad rotierende Kunstst\u00fccke ausf\u00fchren. Lassen Sie die Kinder in der App noch mehr lustige Spielm\u00f6glichkeiten entdecken! (Ein iOS- oder Android-Smartphone oder -Tablet ist erforderlich und nicht im Lieferumfang enthalten.)<br \/>Grafisches Programmieren lernen: Mithilfe der Drag-and-Drop-Codierungsoberfl\u00e4che k\u00f6nnen Kinder ganz einfach lernen, wie sie ihren Roboter so programmieren, dass er Linien folgt, Hindernissen ausweicht, Entfernungen misst, LED-Leuchten steuert und vieles mehr. Dies geschieht in der Apitor-Roboter-App, indem Sie der Schritt-f\u00fcr-Schritt-Anleitung folgen. Dar\u00fcber hinaus entwickeln Kinder ihr logisches Denken, ihre Kreativit\u00e4t bei der Probleml\u00f6sung und erlernen Wissen aus den Bereichen Naturwissenschaften, Technik, Ingenieurwesen und Mathematik.<br \/>Kompatibel mit den wichtigsten Bausteinspielen: Kinder k\u00f6nnen den Apitor-Bausatz mit ihren vorhandenen Bausteinen kombinieren, um leistungsst\u00e4rkere und unterhaltsamere motorisierte Roboter zu erstellen, und die Apitor-Roboter-App verwenden, um ihre eigenen Kreationen zu steuern. Es liegen klare Anweisungen bei, die Kindern beim Bau des Roboters helfen. Wir empfehlen Eltern und Kindern, den ersten Roboter gemeinsam zu bauen, was sehr sinnvoll ist. MINT-Spielzeug f\u00fcr Jungen im Alter von 8, 9, 10, 11, 12 Jahren und \u00e4lter.<br \/>Ideales Geschenk und tolles Spielzeug: Bringen Sie Kinder in die kreative Welt des Programmierens mit dem Apitor Robot X 12-in-1-Roboterbausatz, dem besten p\u00e4dagogischen und p\u00e4dagogischen MINT-Spielzeug aus Bausteinen. Kinder lernen mit Spa\u00df das Bauen, Programmieren und Gestalten. Es ist ein interessantes und lehrreiches MINT-Projektspielzeug f\u00fcr Kinder im Alter von 8 bis 12 Jahren und auch ein perfektes Geschenk f\u00fcr Geburtstage, Weihnachten, Kindertag und andere besondere Anl\u00e4sse.<\/p>\n<p>[ad_2]<\/p>\n","protected":false},"excerpt":{"rendered":"<p>Von der Marke WILLKOMMEN BEI APITOR Bauen, spielen, programmieren und mehr entdecken! \u00dcber Apitor Apitor ist auf die Entwicklung von Roboterbaus\u00e4tzen mit App-gesteuerten Bausteinen f\u00fcr Lernende jeden Alters spezialisiert. Diese Produkte f\u00f6rdern das praktische Lernen und legen Wert auf die MINT-Integration. Anerkennung von MINT. ORG Mit dieser Auszeichnung geh\u00f6rt Apitor zu den 5 % der [&hellip;]<\/p>\n","protected":false},"featured_media":2733,"comment_status":"open","ping_status":"closed","template":"","meta":{"_aipt_faq_data":""},"store":[],"product_brand":[],"product_cat":[79],"product_tag":[193],"class_list":{"0":"post-2732","1":"product","2":"type-product","3":"status-publish","4":"has-post-thumbnail","6":"product_cat-stem-roboter","7":"product_tag-programmierbarer-stem-roboter-kit","9":"first","10":"instock","11":"shipping-taxable","12":"product-type-external"},"yoast_head":"<!-- This site is optimized with the Yoast SEO plugin v27.0 - https:\/\/yoast.com\/product\/yoast-seo-wordpress\/ -->\n<title>Robot - EasyLifeBro<\/title>\n<meta name=\"description\" content=\"Entdecken Sie smarte Roboter f\u00fcr Zuhause, Garten, Bildung und Sicherheit. Vergleichen Sie Saugroboter, Rasenm\u00e4hroboter, KI-Begleitroboter und mehr bei EasyLifeRobo.\" \/>\n<meta name=\"robots\" content=\"index, follow, max-snippet:-1, max-image-preview:large, max-video-preview:-1\" \/>\n<link rel=\"canonical\" href=\"https:\/\/easyliferobo.com\/de\/product\/robot\/\" \/>\n<meta property=\"og:locale\" content=\"de_DE\" \/>\n<meta property=\"og:type\" content=\"article\" \/>\n<meta property=\"og:title\" content=\"Robot - EasyLifeBro\" \/>\n<meta property=\"og:description\" content=\"Entdecken Sie smarte Roboter f\u00fcr Zuhause, Garten, Bildung und Sicherheit. Vergleichen Sie Saugroboter, Rasenm\u00e4hroboter, KI-Begleitroboter und mehr bei EasyLifeRobo.\" \/>\n<meta property=\"og:url\" content=\"https:\/\/easyliferobo.com\/de\/product\/robot\/\" \/>\n<meta property=\"og:site_name\" content=\"EasyLifeBro\" \/>\n<meta property=\"article:modified_time\" content=\"2026-02-27T04:59:24+00:00\" \/>\n<meta property=\"og:image\" content=\"https:\/\/images-na.ssl-images-amazon.com\/images\/G\/01\/x-locale\/common\/grey-pixel.gif\" \/>\n<meta name=\"twitter:card\" content=\"summary_large_image\" \/>\n<meta name=\"twitter:label1\" content=\"Gesch\u00e4tzte Lesezeit\" \/>\n\t<meta name=\"twitter:data1\" content=\"2\u00a0Minuten\" \/>\n<script type=\"application\/ld+json\" class=\"yoast-schema-graph\">{\"@context\":\"https:\/\/schema.org\",\"@graph\":[{\"@type\":\"WebPage\",\"@id\":\"https:\/\/easyliferobo.com\/de\/product\/robot\/\",\"url\":\"https:\/\/easyliferobo.com\/de\/product\/robot\/\",\"name\":\"Robot - EasyLifeBro\",\"isPartOf\":{\"@id\":\"https:\/\/easyliferobo.com\/de\/#website\"},\"primaryImageOfPage\":{\"@id\":\"https:\/\/easyliferobo.com\/de\/product\/robot\/#primaryimage\"},\"image\":{\"@id\":\"https:\/\/easyliferobo.com\/de\/product\/robot\/#primaryimage\"},\"thumbnailUrl\":\"https:\/\/easyliferobo.com\/de\/wp-content\/uploads\/2026\/02\/81X1HLbh7qL._AC_SL1500_.jpg\",\"datePublished\":\"2026-02-27T04:59:03+00:00\",\"dateModified\":\"2026-02-27T04:59:24+00:00\",\"description\":\"Entdecken Sie smarte Roboter f\u00fcr Zuhause, Garten, Bildung und Sicherheit. Vergleichen Sie Saugroboter, Rasenm\u00e4hroboter, KI-Begleitroboter und mehr bei EasyLifeRobo.\",\"breadcrumb\":{\"@id\":\"https:\/\/easyliferobo.com\/de\/product\/robot\/#breadcrumb\"},\"inLanguage\":\"de\",\"potentialAction\":[{\"@type\":\"ReadAction\",\"target\":[\"https:\/\/easyliferobo.com\/de\/product\/robot\/\"]}]},{\"@type\":\"ImageObject\",\"inLanguage\":\"de\",\"@id\":\"https:\/\/easyliferobo.com\/de\/product\/robot\/#primaryimage\",\"url\":\"https:\/\/easyliferobo.com\/de\/wp-content\/uploads\/2026\/02\/81X1HLbh7qL._AC_SL1500_.jpg\",\"contentUrl\":\"https:\/\/easyliferobo.com\/de\/wp-content\/uploads\/2026\/02\/81X1HLbh7qL._AC_SL1500_.jpg\",\"width\":1475,\"height\":1500},{\"@type\":\"BreadcrumbList\",\"@id\":\"https:\/\/easyliferobo.com\/de\/product\/robot\/#breadcrumb\",\"itemListElement\":[{\"@type\":\"ListItem\",\"position\":1,\"name\":\"Home\",\"item\":\"https:\/\/easyliferobo.com\/de\/\"},{\"@type\":\"ListItem\",\"position\":2,\"name\":\"Shop\",\"item\":\"https:\/\/easyliferobo.com\/de\/shop\/\"},{\"@type\":\"ListItem\",\"position\":3,\"name\":\"Robot\"}]},{\"@type\":\"WebSite\",\"@id\":\"https:\/\/easyliferobo.com\/de\/#website\",\"url\":\"https:\/\/easyliferobo.com\/de\/\",\"name\":\"EasyLifeBro\",\"description\":\"Smarte Roboter f\u00fcr Zuhause, Garten &amp; Bildung\",\"publisher\":{\"@id\":\"https:\/\/easyliferobo.com\/de\/#organization\"},\"potentialAction\":[{\"@type\":\"SearchAction\",\"target\":{\"@type\":\"EntryPoint\",\"urlTemplate\":\"https:\/\/easyliferobo.com\/de\/?s={search_term_string}\"},\"query-input\":{\"@type\":\"PropertyValueSpecification\",\"valueRequired\":true,\"valueName\":\"search_term_string\"}}],\"inLanguage\":\"de\"},{\"@type\":\"Organization\",\"@id\":\"https:\/\/easyliferobo.com\/de\/#organization\",\"name\":\"EasyLifeBro\",\"url\":\"https:\/\/easyliferobo.com\/de\/\",\"logo\":{\"@type\":\"ImageObject\",\"inLanguage\":\"de\",\"@id\":\"https:\/\/easyliferobo.com\/de\/#\/schema\/logo\/image\/\",\"url\":\"https:\/\/easyliferobo.com\/de\/wp-content\/uploads\/2026\/02\/Screenshot-2026-02-22-at-2.25.03-PM.png\",\"contentUrl\":\"https:\/\/easyliferobo.com\/de\/wp-content\/uploads\/2026\/02\/Screenshot-2026-02-22-at-2.25.03-PM.png\",\"width\":1858,\"height\":430,\"caption\":\"EasyLifeBro\"},\"image\":{\"@id\":\"https:\/\/easyliferobo.com\/de\/#\/schema\/logo\/image\/\"}}]}<\/script>\n<!-- \/ Yoast SEO plugin. -->","yoast_head_json":{"title":"Robot - EasyLifeBro","description":"Entdecken Sie smarte Roboter f\u00fcr Zuhause, Garten, Bildung und Sicherheit. Vergleichen Sie Saugroboter, Rasenm\u00e4hroboter, KI-Begleitroboter und mehr bei EasyLifeRobo.","robots":{"index":"index","follow":"follow","max-snippet":"max-snippet:-1","max-image-preview":"max-image-preview:large","max-video-preview":"max-video-preview:-1"},"canonical":"https:\/\/easyliferobo.com\/de\/product\/robot\/","og_locale":"de_DE","og_type":"article","og_title":"Robot - EasyLifeBro","og_description":"Entdecken Sie smarte Roboter f\u00fcr Zuhause, Garten, Bildung und Sicherheit. Vergleichen Sie Saugroboter, Rasenm\u00e4hroboter, KI-Begleitroboter und mehr bei EasyLifeRobo.","og_url":"https:\/\/easyliferobo.com\/de\/product\/robot\/","og_site_name":"EasyLifeBro","article_modified_time":"2026-02-27T04:59:24+00:00","og_image":[{"url":"https:\/\/images-na.ssl-images-amazon.com\/images\/G\/01\/x-locale\/common\/grey-pixel.gif","type":"","width":"","height":""}],"twitter_card":"summary_large_image","twitter_misc":{"Gesch\u00e4tzte Lesezeit":"2\u00a0Minuten"},"schema":{"@context":"https:\/\/schema.org","@graph":[{"@type":"WebPage","@id":"https:\/\/easyliferobo.com\/de\/product\/robot\/","url":"https:\/\/easyliferobo.com\/de\/product\/robot\/","name":"Robot - EasyLifeBro","isPartOf":{"@id":"https:\/\/easyliferobo.com\/de\/#website"},"primaryImageOfPage":{"@id":"https:\/\/easyliferobo.com\/de\/product\/robot\/#primaryimage"},"image":{"@id":"https:\/\/easyliferobo.com\/de\/product\/robot\/#primaryimage"},"thumbnailUrl":"https:\/\/easyliferobo.com\/de\/wp-content\/uploads\/2026\/02\/81X1HLbh7qL._AC_SL1500_.jpg","datePublished":"2026-02-27T04:59:03+00:00","dateModified":"2026-02-27T04:59:24+00:00","description":"Entdecken Sie smarte Roboter f\u00fcr Zuhause, Garten, Bildung und Sicherheit. Vergleichen Sie Saugroboter, Rasenm\u00e4hroboter, KI-Begleitroboter und mehr bei EasyLifeRobo.","breadcrumb":{"@id":"https:\/\/easyliferobo.com\/de\/product\/robot\/#breadcrumb"},"inLanguage":"de","potentialAction":[{"@type":"ReadAction","target":["https:\/\/easyliferobo.com\/de\/product\/robot\/"]}]},{"@type":"ImageObject","inLanguage":"de","@id":"https:\/\/easyliferobo.com\/de\/product\/robot\/#primaryimage","url":"https:\/\/easyliferobo.com\/de\/wp-content\/uploads\/2026\/02\/81X1HLbh7qL._AC_SL1500_.jpg","contentUrl":"https:\/\/easyliferobo.com\/de\/wp-content\/uploads\/2026\/02\/81X1HLbh7qL._AC_SL1500_.jpg","width":1475,"height":1500},{"@type":"BreadcrumbList","@id":"https:\/\/easyliferobo.com\/de\/product\/robot\/#breadcrumb","itemListElement":[{"@type":"ListItem","position":1,"name":"Home","item":"https:\/\/easyliferobo.com\/de\/"},{"@type":"ListItem","position":2,"name":"Shop","item":"https:\/\/easyliferobo.com\/de\/shop\/"},{"@type":"ListItem","position":3,"name":"Robot"}]},{"@type":"WebSite","@id":"https:\/\/easyliferobo.com\/de\/#website","url":"https:\/\/easyliferobo.com\/de\/","name":"EasyLifeBro","description":"Smarte Roboter f\u00fcr Zuhause, Garten &amp; Bildung","publisher":{"@id":"https:\/\/easyliferobo.com\/de\/#organization"},"potentialAction":[{"@type":"SearchAction","target":{"@type":"EntryPoint","urlTemplate":"https:\/\/easyliferobo.com\/de\/?s={search_term_string}"},"query-input":{"@type":"PropertyValueSpecification","valueRequired":true,"valueName":"search_term_string"}}],"inLanguage":"de"},{"@type":"Organization","@id":"https:\/\/easyliferobo.com\/de\/#organization","name":"EasyLifeBro","url":"https:\/\/easyliferobo.com\/de\/","logo":{"@type":"ImageObject","inLanguage":"de","@id":"https:\/\/easyliferobo.com\/de\/#\/schema\/logo\/image\/","url":"https:\/\/easyliferobo.com\/de\/wp-content\/uploads\/2026\/02\/Screenshot-2026-02-22-at-2.25.03-PM.png","contentUrl":"https:\/\/easyliferobo.com\/de\/wp-content\/uploads\/2026\/02\/Screenshot-2026-02-22-at-2.25.03-PM.png","width":1858,"height":430,"caption":"EasyLifeBro"},"image":{"@id":"https:\/\/easyliferobo.com\/de\/#\/schema\/logo\/image\/"}}]}},"_links":{"self":[{"href":"https:\/\/easyliferobo.com\/de\/wp-json\/wp\/v2\/product\/2732","targetHints":{"allow":["GET"]}}],"collection":[{"href":"https:\/\/easyliferobo.com\/de\/wp-json\/wp\/v2\/product"}],"about":[{"href":"https:\/\/easyliferobo.com\/de\/wp-json\/wp\/v2\/types\/product"}],"replies":[{"embeddable":true,"href":"https:\/\/easyliferobo.com\/de\/wp-json\/wp\/v2\/comments?post=2732"}],"wp:featuredmedia":[{"embeddable":true,"href":"https:\/\/easyliferobo.com\/de\/wp-json\/wp\/v2\/media\/2733"}],"wp:attachment":[{"href":"https:\/\/easyliferobo.com\/de\/wp-json\/wp\/v2\/media?parent=2732"}],"wp:term":[{"taxonomy":"store","embeddable":true,"href":"https:\/\/easyliferobo.com\/de\/wp-json\/wp\/v2\/store?post=2732"},{"taxonomy":"product_brand","embeddable":true,"href":"https:\/\/easyliferobo.com\/de\/wp-json\/wp\/v2\/product_brand?post=2732"},{"taxonomy":"product_cat","embeddable":true,"href":"https:\/\/easyliferobo.com\/de\/wp-json\/wp\/v2\/product_cat?post=2732"},{"taxonomy":"product_tag","embeddable":true,"href":"https:\/\/easyliferobo.com\/de\/wp-json\/wp\/v2\/product_tag?post=2732"}],"curies":[{"name":"wp","href":"https:\/\/api.w.org\/{rel}","templated":true}]}}