
{"id":2723,"date":"2026-02-27T04:57:29","date_gmt":"2026-02-27T04:57:29","guid":{"rendered":"https:\/\/easyliferobo.com\/de\/product\/elegoo-smart-robot-tank-kit-kompatibel-mit-arduino-ide-elektronischer-bausatz-mit-uno-r3-ultraschallsensor-bluetooth-modul-kameramodul-auto-panzer-roboterspielzeug-fuer-kinder\/"},"modified":"2026-02-27T04:57:46","modified_gmt":"2026-02-27T04:57:46","slug":"elegoo-smart-robot-tank-kit-kompatibel-mit-arduino-ide-elektronischer-bausatz-mit-uno-r3-ultraschallsensor-bluetooth-modul-kameramodul-auto-panzer-roboterspielzeug-fuer-kinder","status":"publish","type":"product","link":"https:\/\/easyliferobo.com\/de\/product\/elegoo-smart-robot-tank-kit-kompatibel-mit-arduino-ide-elektronischer-bausatz-mit-uno-r3-ultraschallsensor-bluetooth-modul-kameramodul-auto-panzer-roboterspielzeug-fuer-kinder\/","title":{"rendered":"ELEGOO Smart Robot Tank Kit kompati..."},"content":{"rendered":"<p>\n                                             Von der Marke   <\/p>\n<p>                                              <img decoding=\"async\" alt=\"Der blaue Hintergrund mit einem Tennisschl\u00e4ger und einem Tennisschl\u00e4ger\" src=\"https:\/\/images-na.ssl-images-amazon.com\/images\/G\/01\/x-locale\/common\/grey-pixel.gif\" class=\"a-lazy-loaded\" data-src=\"https:\/\/m.media-amazon.com\/images\/S\/aplus-media-library-service-media\/8c8f07e0-001c-46e7-abe1-69e83d721e83.__CR0,0,1464,625_PT0_SX1464_V1___.jpg\"><img decoding=\"async\" alt=\"Der blaue Hintergrund mit einem Tennisschl\u00e4ger und einem Tennisschl\u00e4ger\" src=\"https:\/\/m.media-amazon.com\/images\/S\/aplus-media-library-service-media\/8c8f07e0-001c-46e7-abe1-69e83d721e83.__CR0,0,1464,625_PT0_SX1464_V1___.jpg\">  <\/p>\n<p>                                              <img decoding=\"async\" alt=\"\" src=\"https:\/\/images-na.ssl-images-amazon.com\/images\/G\/01\/x-locale\/common\/grey-pixel.gif\" class=\"a-lazy-loaded\" data-src=\"https:\/\/m.media-amazon.com\/images\/S\/aplus-media-library-service-media\/23061eb6-cc86-4776-8958-5d3ce828bba1.__CR0,0,315,145_PT0_SX315_V1___.jpg\"><img decoding=\"async\" alt=\"\" src=\"https:\/\/m.media-amazon.com\/images\/S\/aplus-media-library-service-media\/23061eb6-cc86-4776-8958-5d3ce828bba1.__CR0,0,315,145_PT0_SX315_V1___.jpg\">  <\/p>\n<p>  ELEGOO STEM Kits enthalten alle notwendigen Komponenten, Sensoren, Kabel und Platinen, damit Sie mit dem Programmieren, dem Erlernen von Elektronik und der Erstellung von IoT-Projekten beginnen k\u00f6nnen. <\/p>\n<p>  Wir sind bestrebt, die MINT-Ausbildung f\u00fcr die junge Generation leicht erlernbar und zug\u00e4nglich zu machen. <\/p>\n<h3>  ELEGOO Starter-Kit f\u00fcr Arduino <\/h3>\n<p class=\"apm-brand-story-stores-link\">\n<h3>  Elegoo-Steuerplatine <\/h3>\n<p class=\"apm-brand-story-stores-link\">\n<h3>  ELEGOO Roboterauto-Bausatz <\/h3>\n<p class=\"apm-brand-story-stores-link\">\n<h3>  Sensor-Kit und Komponenten-Kit <\/h3>\n<p class=\"apm-brand-story-stores-link\">\n<h3>  ELEGOO-Kabel f\u00fcr Arduino <\/h3>\n<p class=\"apm-brand-story-stores-link\">\n<h3>  ELEGOO Zubeh\u00f6r f\u00fcr Arduino <\/h3>\n<p class=\"apm-brand-story-stores-link\">\n<h3>  ELEGOO Zubeh\u00f6r f\u00fcr Arduino <\/h3>\n<p class=\"apm-brand-story-stores-link\">\n<h3>  ELEGOO Zubeh\u00f6r f\u00fcr Arduino <\/h3>\n<p class=\"apm-brand-story-stores-link\">\n<h3>  ELEGOO Zubeh\u00f6r f\u00fcr Arduino <\/h3>\n<p class=\"apm-brand-story-stores-link\">\n<h3>  ELEGOO Zubeh\u00f6r f\u00fcr Arduino <\/h3>\n<p class=\"apm-brand-story-stores-link\">\n<p>Basierend auf der Arduino-Entwicklung, offenen Ressourcen und umfangreichen Lernressourcen.<br \/>Das Zusammenbauen und Konstruieren durch Heimwerker tr\u00e4gt dazu bei, die Konzentration und die praktischen F\u00e4higkeiten der Kinder zu f\u00f6rdern.<br \/>Die grafische Programmierung bietet spezielle Bausteinfunktionen und regt mit einer Vielzahl von Funktionen des Autos die Kreativit\u00e4t und Fantasie der Kinder an.<br \/>Erleben Sie die perspektivische Steuerung des FPV aus der ersten Person mit einem Gimbal mit zwei Freiheitsgraden und steuern Sie den Winkel der Kamera nach Ihren W\u00fcnschen.<br \/>Verbessertes Verpackungsdesign: minimalistischeres Design und eine ausgezeichnete Wahl f\u00fcr Ihre Kinder und Freunde. Hinweis: (Geeignetes Alter: 12+) F\u00fcr die Nutzung der ELEGOO-Starterkits sind grundlegende elektronische Kenntnisse erforderlich. Wenn der Benutzer keine Erfahrung hat, ist es besser, ihn w\u00e4hrend des Lernens von jemandem anleiten und unterrichten zu lassen.<\/p>\n<p>[ad_2]<\/p>\n","protected":false},"excerpt":{"rendered":"<p>Von der Marke ELEGOO STEM Kits enthalten alle notwendigen Komponenten, Sensoren, Kabel und Platinen, damit Sie mit dem Programmieren, dem Erlernen von Elektronik und der Erstellung von IoT-Projekten beginnen k\u00f6nnen. Wir sind bestrebt, die MINT-Ausbildung f\u00fcr die junge Generation leicht erlernbar und zug\u00e4nglich zu machen. ELEGOO Starter-Kit f\u00fcr Arduino Elegoo-Steuerplatine ELEGOO Roboterauto-Bausatz Sensor-Kit und Komponenten-Kit [&hellip;]<\/p>\n","protected":false},"featured_media":2724,"comment_status":"open","ping_status":"closed","template":"","meta":{"_aipt_faq_data":""},"store":[],"product_brand":[],"product_cat":[80],"product_tag":[191],"class_list":{"0":"post-2723","1":"product","2":"type-product","3":"status-publish","4":"has-post-thumbnail","6":"product_cat-robotik-bausaetze","7":"product_tag-programmgesteuerte-robotik-bausaetze","9":"first","10":"instock","11":"shipping-taxable","12":"product-type-external"},"yoast_head":"<!-- This site is optimized with the Yoast SEO plugin v27.0 - https:\/\/yoast.com\/product\/yoast-seo-wordpress\/ -->\n<title>ELEGOO Smart Robot Tank Kit kompatibel mit Arduino IDE, elektronischer Bausatz mit UNO R3, Ultraschallsensor, Bluetooth-Modul, Kameramodul, Auto-Panzer-Roboterspielzeug f\u00fcr Kinder - EasyLifeBro<\/title>\n<meta name=\"description\" content=\"Entdecken Sie smarte Roboter f\u00fcr Zuhause, Garten, Bildung und Sicherheit. Vergleichen Sie Saugroboter, Rasenm\u00e4hroboter, KI-Begleitroboter und mehr bei EasyLifeRobo.\" \/>\n<meta name=\"robots\" content=\"index, follow, max-snippet:-1, max-image-preview:large, max-video-preview:-1\" \/>\n<link rel=\"canonical\" href=\"https:\/\/easyliferobo.com\/de\/product\/elegoo-smart-robot-tank-kit-kompatibel-mit-arduino-ide-elektronischer-bausatz-mit-uno-r3-ultraschallsensor-bluetooth-modul-kameramodul-auto-panzer-roboterspielzeug-fuer-kinder\/\" \/>\n<meta property=\"og:locale\" content=\"de_DE\" \/>\n<meta property=\"og:type\" content=\"article\" \/>\n<meta property=\"og:title\" content=\"ELEGOO Smart Robot Tank Kit kompatibel mit Arduino IDE, elektronischer Bausatz mit UNO R3, Ultraschallsensor, Bluetooth-Modul, Kameramodul, Auto-Panzer-Roboterspielzeug f\u00fcr Kinder - EasyLifeBro\" \/>\n<meta property=\"og:description\" content=\"Entdecken Sie smarte Roboter f\u00fcr Zuhause, Garten, Bildung und Sicherheit. Vergleichen Sie Saugroboter, Rasenm\u00e4hroboter, KI-Begleitroboter und mehr bei EasyLifeRobo.\" \/>\n<meta property=\"og:url\" content=\"https:\/\/easyliferobo.com\/de\/product\/elegoo-smart-robot-tank-kit-kompatibel-mit-arduino-ide-elektronischer-bausatz-mit-uno-r3-ultraschallsensor-bluetooth-modul-kameramodul-auto-panzer-roboterspielzeug-fuer-kinder\/\" \/>\n<meta property=\"og:site_name\" content=\"EasyLifeBro\" \/>\n<meta property=\"article:modified_time\" content=\"2026-02-27T04:57:46+00:00\" \/>\n<meta property=\"og:image\" content=\"https:\/\/images-na.ssl-images-amazon.com\/images\/G\/01\/x-locale\/common\/grey-pixel.gif\" \/>\n<meta name=\"twitter:card\" content=\"summary_large_image\" \/>\n<meta name=\"twitter:label1\" content=\"Gesch\u00e4tzte Lesezeit\" \/>\n\t<meta name=\"twitter:data1\" content=\"1\u00a0Minute\" \/>\n<script type=\"application\/ld+json\" class=\"yoast-schema-graph\">{\"@context\":\"https:\/\/schema.org\",\"@graph\":[{\"@type\":\"WebPage\",\"@id\":\"https:\/\/easyliferobo.com\/de\/product\/elegoo-smart-robot-tank-kit-kompatibel-mit-arduino-ide-elektronischer-bausatz-mit-uno-r3-ultraschallsensor-bluetooth-modul-kameramodul-auto-panzer-roboterspielzeug-fuer-kinder\/\",\"url\":\"https:\/\/easyliferobo.com\/de\/product\/elegoo-smart-robot-tank-kit-kompatibel-mit-arduino-ide-elektronischer-bausatz-mit-uno-r3-ultraschallsensor-bluetooth-modul-kameramodul-auto-panzer-roboterspielzeug-fuer-kinder\/\",\"name\":\"ELEGOO Smart Robot Tank Kit kompatibel mit Arduino IDE, elektronischer Bausatz mit UNO R3, Ultraschallsensor, Bluetooth-Modul, Kameramodul, Auto-Panzer-Roboterspielzeug f\u00fcr Kinder - EasyLifeBro\",\"isPartOf\":{\"@id\":\"https:\/\/easyliferobo.com\/de\/#website\"},\"primaryImageOfPage\":{\"@id\":\"https:\/\/easyliferobo.com\/de\/product\/elegoo-smart-robot-tank-kit-kompatibel-mit-arduino-ide-elektronischer-bausatz-mit-uno-r3-ultraschallsensor-bluetooth-modul-kameramodul-auto-panzer-roboterspielzeug-fuer-kinder\/#primaryimage\"},\"image\":{\"@id\":\"https:\/\/easyliferobo.com\/de\/product\/elegoo-smart-robot-tank-kit-kompatibel-mit-arduino-ide-elektronischer-bausatz-mit-uno-r3-ultraschallsensor-bluetooth-modul-kameramodul-auto-panzer-roboterspielzeug-fuer-kinder\/#primaryimage\"},\"thumbnailUrl\":\"https:\/\/easyliferobo.com\/de\/wp-content\/uploads\/2026\/02\/814v1zEOrtL._AC_SL1500_.jpg\",\"datePublished\":\"2026-02-27T04:57:29+00:00\",\"dateModified\":\"2026-02-27T04:57:46+00:00\",\"description\":\"Entdecken Sie smarte Roboter f\u00fcr Zuhause, Garten, Bildung und Sicherheit. Vergleichen Sie Saugroboter, Rasenm\u00e4hroboter, KI-Begleitroboter und mehr bei EasyLifeRobo.\",\"breadcrumb\":{\"@id\":\"https:\/\/easyliferobo.com\/de\/product\/elegoo-smart-robot-tank-kit-kompatibel-mit-arduino-ide-elektronischer-bausatz-mit-uno-r3-ultraschallsensor-bluetooth-modul-kameramodul-auto-panzer-roboterspielzeug-fuer-kinder\/#breadcrumb\"},\"inLanguage\":\"de\",\"potentialAction\":[{\"@type\":\"ReadAction\",\"target\":[\"https:\/\/easyliferobo.com\/de\/product\/elegoo-smart-robot-tank-kit-kompatibel-mit-arduino-ide-elektronischer-bausatz-mit-uno-r3-ultraschallsensor-bluetooth-modul-kameramodul-auto-panzer-roboterspielzeug-fuer-kinder\/\"]}]},{\"@type\":\"ImageObject\",\"inLanguage\":\"de\",\"@id\":\"https:\/\/easyliferobo.com\/de\/product\/elegoo-smart-robot-tank-kit-kompatibel-mit-arduino-ide-elektronischer-bausatz-mit-uno-r3-ultraschallsensor-bluetooth-modul-kameramodul-auto-panzer-roboterspielzeug-fuer-kinder\/#primaryimage\",\"url\":\"https:\/\/easyliferobo.com\/de\/wp-content\/uploads\/2026\/02\/814v1zEOrtL._AC_SL1500_.jpg\",\"contentUrl\":\"https:\/\/easyliferobo.com\/de\/wp-content\/uploads\/2026\/02\/814v1zEOrtL._AC_SL1500_.jpg\",\"width\":1500,\"height\":1493},{\"@type\":\"BreadcrumbList\",\"@id\":\"https:\/\/easyliferobo.com\/de\/product\/elegoo-smart-robot-tank-kit-kompatibel-mit-arduino-ide-elektronischer-bausatz-mit-uno-r3-ultraschallsensor-bluetooth-modul-kameramodul-auto-panzer-roboterspielzeug-fuer-kinder\/#breadcrumb\",\"itemListElement\":[{\"@type\":\"ListItem\",\"position\":1,\"name\":\"Home\",\"item\":\"https:\/\/easyliferobo.com\/de\/\"},{\"@type\":\"ListItem\",\"position\":2,\"name\":\"Shop\",\"item\":\"https:\/\/easyliferobo.com\/de\/shop\/\"},{\"@type\":\"ListItem\",\"position\":3,\"name\":\"ELEGOO Smart Robot Tank Kit kompati...\"}]},{\"@type\":\"WebSite\",\"@id\":\"https:\/\/easyliferobo.com\/de\/#website\",\"url\":\"https:\/\/easyliferobo.com\/de\/\",\"name\":\"EasyLifeBro\",\"description\":\"Smarte Roboter f\u00fcr Zuhause, Garten &amp; Bildung\",\"publisher\":{\"@id\":\"https:\/\/easyliferobo.com\/de\/#organization\"},\"potentialAction\":[{\"@type\":\"SearchAction\",\"target\":{\"@type\":\"EntryPoint\",\"urlTemplate\":\"https:\/\/easyliferobo.com\/de\/?s={search_term_string}\"},\"query-input\":{\"@type\":\"PropertyValueSpecification\",\"valueRequired\":true,\"valueName\":\"search_term_string\"}}],\"inLanguage\":\"de\"},{\"@type\":\"Organization\",\"@id\":\"https:\/\/easyliferobo.com\/de\/#organization\",\"name\":\"EasyLifeBro\",\"url\":\"https:\/\/easyliferobo.com\/de\/\",\"logo\":{\"@type\":\"ImageObject\",\"inLanguage\":\"de\",\"@id\":\"https:\/\/easyliferobo.com\/de\/#\/schema\/logo\/image\/\",\"url\":\"https:\/\/easyliferobo.com\/de\/wp-content\/uploads\/2026\/02\/Screenshot-2026-02-22-at-2.25.03-PM.png\",\"contentUrl\":\"https:\/\/easyliferobo.com\/de\/wp-content\/uploads\/2026\/02\/Screenshot-2026-02-22-at-2.25.03-PM.png\",\"width\":1858,\"height\":430,\"caption\":\"EasyLifeBro\"},\"image\":{\"@id\":\"https:\/\/easyliferobo.com\/de\/#\/schema\/logo\/image\/\"}}]}<\/script>\n<!-- \/ Yoast SEO plugin. -->","yoast_head_json":{"title":"ELEGOO Smart Robot Tank Kit kompatibel mit Arduino IDE, elektronischer Bausatz mit UNO R3, Ultraschallsensor, Bluetooth-Modul, Kameramodul, Auto-Panzer-Roboterspielzeug f\u00fcr Kinder - EasyLifeBro","description":"Entdecken Sie smarte Roboter f\u00fcr Zuhause, Garten, Bildung und Sicherheit. Vergleichen Sie Saugroboter, Rasenm\u00e4hroboter, KI-Begleitroboter und mehr bei EasyLifeRobo.","robots":{"index":"index","follow":"follow","max-snippet":"max-snippet:-1","max-image-preview":"max-image-preview:large","max-video-preview":"max-video-preview:-1"},"canonical":"https:\/\/easyliferobo.com\/de\/product\/elegoo-smart-robot-tank-kit-kompatibel-mit-arduino-ide-elektronischer-bausatz-mit-uno-r3-ultraschallsensor-bluetooth-modul-kameramodul-auto-panzer-roboterspielzeug-fuer-kinder\/","og_locale":"de_DE","og_type":"article","og_title":"ELEGOO Smart Robot Tank Kit kompatibel mit Arduino IDE, elektronischer Bausatz mit UNO R3, Ultraschallsensor, Bluetooth-Modul, Kameramodul, Auto-Panzer-Roboterspielzeug f\u00fcr Kinder - EasyLifeBro","og_description":"Entdecken Sie smarte Roboter f\u00fcr Zuhause, Garten, Bildung und Sicherheit. Vergleichen Sie Saugroboter, Rasenm\u00e4hroboter, KI-Begleitroboter und mehr bei EasyLifeRobo.","og_url":"https:\/\/easyliferobo.com\/de\/product\/elegoo-smart-robot-tank-kit-kompatibel-mit-arduino-ide-elektronischer-bausatz-mit-uno-r3-ultraschallsensor-bluetooth-modul-kameramodul-auto-panzer-roboterspielzeug-fuer-kinder\/","og_site_name":"EasyLifeBro","article_modified_time":"2026-02-27T04:57:46+00:00","og_image":[{"url":"https:\/\/images-na.ssl-images-amazon.com\/images\/G\/01\/x-locale\/common\/grey-pixel.gif","type":"","width":"","height":""}],"twitter_card":"summary_large_image","twitter_misc":{"Gesch\u00e4tzte Lesezeit":"1\u00a0Minute"},"schema":{"@context":"https:\/\/schema.org","@graph":[{"@type":"WebPage","@id":"https:\/\/easyliferobo.com\/de\/product\/elegoo-smart-robot-tank-kit-kompatibel-mit-arduino-ide-elektronischer-bausatz-mit-uno-r3-ultraschallsensor-bluetooth-modul-kameramodul-auto-panzer-roboterspielzeug-fuer-kinder\/","url":"https:\/\/easyliferobo.com\/de\/product\/elegoo-smart-robot-tank-kit-kompatibel-mit-arduino-ide-elektronischer-bausatz-mit-uno-r3-ultraschallsensor-bluetooth-modul-kameramodul-auto-panzer-roboterspielzeug-fuer-kinder\/","name":"ELEGOO Smart Robot Tank Kit kompatibel mit Arduino IDE, elektronischer Bausatz mit UNO R3, Ultraschallsensor, Bluetooth-Modul, Kameramodul, Auto-Panzer-Roboterspielzeug f\u00fcr Kinder - EasyLifeBro","isPartOf":{"@id":"https:\/\/easyliferobo.com\/de\/#website"},"primaryImageOfPage":{"@id":"https:\/\/easyliferobo.com\/de\/product\/elegoo-smart-robot-tank-kit-kompatibel-mit-arduino-ide-elektronischer-bausatz-mit-uno-r3-ultraschallsensor-bluetooth-modul-kameramodul-auto-panzer-roboterspielzeug-fuer-kinder\/#primaryimage"},"image":{"@id":"https:\/\/easyliferobo.com\/de\/product\/elegoo-smart-robot-tank-kit-kompatibel-mit-arduino-ide-elektronischer-bausatz-mit-uno-r3-ultraschallsensor-bluetooth-modul-kameramodul-auto-panzer-roboterspielzeug-fuer-kinder\/#primaryimage"},"thumbnailUrl":"https:\/\/easyliferobo.com\/de\/wp-content\/uploads\/2026\/02\/814v1zEOrtL._AC_SL1500_.jpg","datePublished":"2026-02-27T04:57:29+00:00","dateModified":"2026-02-27T04:57:46+00:00","description":"Entdecken Sie smarte Roboter f\u00fcr Zuhause, Garten, Bildung und Sicherheit. Vergleichen Sie Saugroboter, Rasenm\u00e4hroboter, KI-Begleitroboter und mehr bei EasyLifeRobo.","breadcrumb":{"@id":"https:\/\/easyliferobo.com\/de\/product\/elegoo-smart-robot-tank-kit-kompatibel-mit-arduino-ide-elektronischer-bausatz-mit-uno-r3-ultraschallsensor-bluetooth-modul-kameramodul-auto-panzer-roboterspielzeug-fuer-kinder\/#breadcrumb"},"inLanguage":"de","potentialAction":[{"@type":"ReadAction","target":["https:\/\/easyliferobo.com\/de\/product\/elegoo-smart-robot-tank-kit-kompatibel-mit-arduino-ide-elektronischer-bausatz-mit-uno-r3-ultraschallsensor-bluetooth-modul-kameramodul-auto-panzer-roboterspielzeug-fuer-kinder\/"]}]},{"@type":"ImageObject","inLanguage":"de","@id":"https:\/\/easyliferobo.com\/de\/product\/elegoo-smart-robot-tank-kit-kompatibel-mit-arduino-ide-elektronischer-bausatz-mit-uno-r3-ultraschallsensor-bluetooth-modul-kameramodul-auto-panzer-roboterspielzeug-fuer-kinder\/#primaryimage","url":"https:\/\/easyliferobo.com\/de\/wp-content\/uploads\/2026\/02\/814v1zEOrtL._AC_SL1500_.jpg","contentUrl":"https:\/\/easyliferobo.com\/de\/wp-content\/uploads\/2026\/02\/814v1zEOrtL._AC_SL1500_.jpg","width":1500,"height":1493},{"@type":"BreadcrumbList","@id":"https:\/\/easyliferobo.com\/de\/product\/elegoo-smart-robot-tank-kit-kompatibel-mit-arduino-ide-elektronischer-bausatz-mit-uno-r3-ultraschallsensor-bluetooth-modul-kameramodul-auto-panzer-roboterspielzeug-fuer-kinder\/#breadcrumb","itemListElement":[{"@type":"ListItem","position":1,"name":"Home","item":"https:\/\/easyliferobo.com\/de\/"},{"@type":"ListItem","position":2,"name":"Shop","item":"https:\/\/easyliferobo.com\/de\/shop\/"},{"@type":"ListItem","position":3,"name":"ELEGOO Smart Robot Tank Kit kompati..."}]},{"@type":"WebSite","@id":"https:\/\/easyliferobo.com\/de\/#website","url":"https:\/\/easyliferobo.com\/de\/","name":"EasyLifeBro","description":"Smarte Roboter f\u00fcr Zuhause, Garten &amp; Bildung","publisher":{"@id":"https:\/\/easyliferobo.com\/de\/#organization"},"potentialAction":[{"@type":"SearchAction","target":{"@type":"EntryPoint","urlTemplate":"https:\/\/easyliferobo.com\/de\/?s={search_term_string}"},"query-input":{"@type":"PropertyValueSpecification","valueRequired":true,"valueName":"search_term_string"}}],"inLanguage":"de"},{"@type":"Organization","@id":"https:\/\/easyliferobo.com\/de\/#organization","name":"EasyLifeBro","url":"https:\/\/easyliferobo.com\/de\/","logo":{"@type":"ImageObject","inLanguage":"de","@id":"https:\/\/easyliferobo.com\/de\/#\/schema\/logo\/image\/","url":"https:\/\/easyliferobo.com\/de\/wp-content\/uploads\/2026\/02\/Screenshot-2026-02-22-at-2.25.03-PM.png","contentUrl":"https:\/\/easyliferobo.com\/de\/wp-content\/uploads\/2026\/02\/Screenshot-2026-02-22-at-2.25.03-PM.png","width":1858,"height":430,"caption":"EasyLifeBro"},"image":{"@id":"https:\/\/easyliferobo.com\/de\/#\/schema\/logo\/image\/"}}]}},"_links":{"self":[{"href":"https:\/\/easyliferobo.com\/de\/wp-json\/wp\/v2\/product\/2723","targetHints":{"allow":["GET"]}}],"collection":[{"href":"https:\/\/easyliferobo.com\/de\/wp-json\/wp\/v2\/product"}],"about":[{"href":"https:\/\/easyliferobo.com\/de\/wp-json\/wp\/v2\/types\/product"}],"replies":[{"embeddable":true,"href":"https:\/\/easyliferobo.com\/de\/wp-json\/wp\/v2\/comments?post=2723"}],"wp:featuredmedia":[{"embeddable":true,"href":"https:\/\/easyliferobo.com\/de\/wp-json\/wp\/v2\/media\/2724"}],"wp:attachment":[{"href":"https:\/\/easyliferobo.com\/de\/wp-json\/wp\/v2\/media?parent=2723"}],"wp:term":[{"taxonomy":"store","embeddable":true,"href":"https:\/\/easyliferobo.com\/de\/wp-json\/wp\/v2\/store?post=2723"},{"taxonomy":"product_brand","embeddable":true,"href":"https:\/\/easyliferobo.com\/de\/wp-json\/wp\/v2\/product_brand?post=2723"},{"taxonomy":"product_cat","embeddable":true,"href":"https:\/\/easyliferobo.com\/de\/wp-json\/wp\/v2\/product_cat?post=2723"},{"taxonomy":"product_tag","embeddable":true,"href":"https:\/\/easyliferobo.com\/de\/wp-json\/wp\/v2\/product_tag?post=2723"}],"curies":[{"name":"wp","href":"https:\/\/api.w.org\/{rel}","templated":true}]}}