
{"id":2713,"date":"2026-02-27T04:56:05","date_gmt":"2026-02-27T04:56:05","guid":{"rendered":"https:\/\/easyliferobo.com\/de\/product\/azdelivery-16-in-1-kit-zubehoerset-mit-sensoren-und-modulen-kompatibel-mit-arduino-und-raspberry-pi-mit-e-book\/"},"modified":"2026-02-27T04:56:23","modified_gmt":"2026-02-27T04:56:23","slug":"azdelivery-16-in-1-kit-zubehoerset-mit-sensoren-und-modulen-kompatibel-mit-arduino-und-raspberry-pi-mit-e-book","status":"publish","type":"product","link":"https:\/\/easyliferobo.com\/de\/product\/azdelivery-16-in-1-kit-zubehoerset-mit-sensoren-und-modulen-kompatibel-mit-arduino-und-raspberry-pi-mit-e-book\/","title":{"rendered":"AZDelivery 16 in 1 Kit Zubeh\u00f6rset ..."},"content":{"rendered":"<p>\n                                             Von der Marke   <\/p>\n<p>                                              <img decoding=\"async\" alt=\"\" src=\"https:\/\/images-na.ssl-images-amazon.com\/images\/G\/01\/x-locale\/common\/grey-pixel.gif\" class=\"a-lazy-loaded\" data-src=\"https:\/\/m.media-amazon.com\/images\/S\/aplus-media-library-service-media\/62ef5ac0-5de8-438a-95f1-0d98798c5ffe.__CR0,219,3000,1281_PT0_SX1464_V1___.png\"><img decoding=\"async\" alt=\"\" src=\"https:\/\/m.media-amazon.com\/images\/S\/aplus-media-library-service-media\/62ef5ac0-5de8-438a-95f1-0d98798c5ffe.__CR0,219,3000,1281_PT0_SX1464_V1___.png\">  <\/p>\n<h3>  AZ-Lieferung <\/h3>\n<p>  Ihr Experte f\u00fcr Mikroelektronik! <\/p>\n<p>                                              <img decoding=\"async\" alt=\"\" src=\"https:\/\/images-na.ssl-images-amazon.com\/images\/G\/01\/x-locale\/common\/grey-pixel.gif\" class=\"a-lazy-loaded\" data-src=\"https:\/\/m.media-amazon.com\/images\/S\/aplus-media-library-service-media\/36f3dbcc-fa8a-4b22-84f5-f376c1673294.__CR109,402,3785,1743_PT0_SX315_V1___.jpg\"><img decoding=\"async\" alt=\"\" src=\"https:\/\/m.media-amazon.com\/images\/S\/aplus-media-library-service-media\/36f3dbcc-fa8a-4b22-84f5-f376c1673294.__CR109,402,3785,1743_PT0_SX315_V1___.jpg\">  <\/p>\n<p>  Wie haben wir angefangen? <\/p>\n<p>  Jeder in der Branche kennt das Problem. Man muss sich zwischen \u00fcberteuerter Ware aus Deutschland oder langen Lieferzeiten, Problemen beim Zoll und ungewissen Lieferungen aus China entscheiden. Wir haben es uns zur Aufgabe gemacht, diesen Konflikt zu l\u00f6sen und deshalb AZ-Delivery gegr\u00fcndet! <\/p>\n<h3>  Der AZ-Delivery-Store: <\/h3>\n<p class=\"apm-brand-story-stores-link\">\n<p>                                                         Was macht unser Produkt einzigartig?                                       <\/p>\n<p> Wir bieten eine umfangreiche E-Book-Bibliothek, regelm\u00e4\u00dfige Blog-Eintr\u00e4ge mit spannenden Projekten, sowie eine aktive Kunden-Community. Dar\u00fcber hinaus sorgt unser deutschsprachiges Expertenteam f\u00fcr herausragenden Service. So garantieren wir ein unvergessliches Einkaufserlebnis! <\/p>\n<p>                                                         Warum lieben wir, was wir tun?                                       <\/p>\n<p> Ganz einfach! Gerade aufgrund ihrer unz\u00e4hligen und vielf\u00e4ltigen Einsatzm\u00f6glichkeiten haben wir eine Leidenschaft f\u00fcr Mikroelektronik entwickelt. Und genau diese Leidenschaft wollen wir durch ein umfangreiches Angebot an Mikrocontrollern, Sensoren und Modulen an unsere Kunden weitergeben! <\/p>\n<h3>  Und Vieles mehr auf: <\/h3>\n<p class=\"apm-brand-story-stores-link\">\n<p>16-teiliges Zubeh\u00f6rset f\u00fcr Ihren Raspberry Pi<br \/>Tolles Kit mit vielen Sensoren und Modulen<br \/>So haben Sie alles, was Sie f\u00fcr den Einstieg ben\u00f6tigen<br \/>G\u00fcnstiger Preis im Set \u2013 \u00fcber 56 % Preisvorteil gegen\u00fcber dem Einzelkauf der Module<br \/>\u2705 Dieses Produkt enth\u00e4lt ein E-Book, das n\u00fctzliche Informationen zum Beginn Ihres Projekts enth\u00e4lt, es bei einer schnellen Einrichtung hilft und Zeit beim Konfigurationsprozess spart. Wir bieten eine Reihe von Anwendungsbeispielen, vollst\u00e4ndigen Installationsanleitungen und Bibliotheken.<\/p>\n<p>[ad_2]<\/p>\n","protected":false},"excerpt":{"rendered":"<p>Von der Marke AZ-Lieferung Ihr Experte f\u00fcr Mikroelektronik! Wie haben wir angefangen? Jeder in der Branche kennt das Problem. Man muss sich zwischen \u00fcberteuerter Ware aus Deutschland oder langen Lieferzeiten, Problemen beim Zoll und ungewissen Lieferungen aus China entscheiden. Wir haben es uns zur Aufgabe gemacht, diesen Konflikt zu l\u00f6sen und deshalb AZ-Delivery gegr\u00fcndet! Der [&hellip;]<\/p>\n","protected":false},"featured_media":2714,"comment_status":"open","ping_status":"closed","template":"","meta":{"_aipt_faq_data":""},"store":[],"product_brand":[411],"product_cat":[81],"product_tag":[189],"class_list":{"0":"post-2713","1":"product","2":"type-product","3":"status-publish","4":"has-post-thumbnail","6":"product_brand-azdelivery","7":"product_cat-arduino-raspberry-pi-kits","8":"product_tag-arduino-raspberry-pi-kits-sensor-bundles","10":"first","11":"instock","12":"sale","13":"shipping-taxable","14":"product-type-external"},"yoast_head":"<!-- This site is optimized with the Yoast SEO plugin v27.0 - https:\/\/yoast.com\/product\/yoast-seo-wordpress\/ -->\n<title>AZDelivery 16 in 1 Kit Zubeh\u00f6rset mit Sensoren und Modulen kompatibel mit Arduino und Raspberry Pi mit E-Book! - EasyLifeBro<\/title>\n<meta name=\"description\" content=\"Entdecken Sie smarte Roboter f\u00fcr Zuhause, Garten, Bildung und Sicherheit. Vergleichen Sie Saugroboter, Rasenm\u00e4hroboter, KI-Begleitroboter und mehr bei EasyLifeRobo.\" \/>\n<meta name=\"robots\" content=\"index, follow, max-snippet:-1, max-image-preview:large, max-video-preview:-1\" \/>\n<link rel=\"canonical\" href=\"https:\/\/easyliferobo.com\/de\/product\/azdelivery-16-in-1-kit-zubehoerset-mit-sensoren-und-modulen-kompatibel-mit-arduino-und-raspberry-pi-mit-e-book\/\" \/>\n<meta property=\"og:locale\" content=\"de_DE\" \/>\n<meta property=\"og:type\" content=\"article\" \/>\n<meta property=\"og:title\" content=\"AZDelivery 16 in 1 Kit Zubeh\u00f6rset mit Sensoren und Modulen kompatibel mit Arduino und Raspberry Pi mit E-Book! - EasyLifeBro\" \/>\n<meta property=\"og:description\" content=\"Entdecken Sie smarte Roboter f\u00fcr Zuhause, Garten, Bildung und Sicherheit. Vergleichen Sie Saugroboter, Rasenm\u00e4hroboter, KI-Begleitroboter und mehr bei EasyLifeRobo.\" \/>\n<meta property=\"og:url\" content=\"https:\/\/easyliferobo.com\/de\/product\/azdelivery-16-in-1-kit-zubehoerset-mit-sensoren-und-modulen-kompatibel-mit-arduino-und-raspberry-pi-mit-e-book\/\" \/>\n<meta property=\"og:site_name\" content=\"EasyLifeBro\" \/>\n<meta property=\"article:modified_time\" content=\"2026-02-27T04:56:23+00:00\" \/>\n<meta property=\"og:image\" content=\"https:\/\/images-na.ssl-images-amazon.com\/images\/G\/01\/x-locale\/common\/grey-pixel.gif\" \/>\n<meta name=\"twitter:card\" content=\"summary_large_image\" \/>\n<meta name=\"twitter:label1\" content=\"Gesch\u00e4tzte Lesezeit\" \/>\n\t<meta name=\"twitter:data1\" content=\"1\u00a0Minute\" \/>\n<script type=\"application\/ld+json\" class=\"yoast-schema-graph\">{\"@context\":\"https:\/\/schema.org\",\"@graph\":[{\"@type\":\"WebPage\",\"@id\":\"https:\/\/easyliferobo.com\/de\/product\/azdelivery-16-in-1-kit-zubehoerset-mit-sensoren-und-modulen-kompatibel-mit-arduino-und-raspberry-pi-mit-e-book\/\",\"url\":\"https:\/\/easyliferobo.com\/de\/product\/azdelivery-16-in-1-kit-zubehoerset-mit-sensoren-und-modulen-kompatibel-mit-arduino-und-raspberry-pi-mit-e-book\/\",\"name\":\"AZDelivery 16 in 1 Kit Zubeh\u00f6rset mit Sensoren und Modulen kompatibel mit Arduino und Raspberry Pi mit E-Book! - EasyLifeBro\",\"isPartOf\":{\"@id\":\"https:\/\/easyliferobo.com\/de\/#website\"},\"primaryImageOfPage\":{\"@id\":\"https:\/\/easyliferobo.com\/de\/product\/azdelivery-16-in-1-kit-zubehoerset-mit-sensoren-und-modulen-kompatibel-mit-arduino-und-raspberry-pi-mit-e-book\/#primaryimage\"},\"image\":{\"@id\":\"https:\/\/easyliferobo.com\/de\/product\/azdelivery-16-in-1-kit-zubehoerset-mit-sensoren-und-modulen-kompatibel-mit-arduino-und-raspberry-pi-mit-e-book\/#primaryimage\"},\"thumbnailUrl\":\"https:\/\/easyliferobo.com\/de\/wp-content\/uploads\/2026\/02\/61aLNWXRcL._SL1500_.jpg\",\"datePublished\":\"2026-02-27T04:56:05+00:00\",\"dateModified\":\"2026-02-27T04:56:23+00:00\",\"description\":\"Entdecken Sie smarte Roboter f\u00fcr Zuhause, Garten, Bildung und Sicherheit. Vergleichen Sie Saugroboter, Rasenm\u00e4hroboter, KI-Begleitroboter und mehr bei EasyLifeRobo.\",\"breadcrumb\":{\"@id\":\"https:\/\/easyliferobo.com\/de\/product\/azdelivery-16-in-1-kit-zubehoerset-mit-sensoren-und-modulen-kompatibel-mit-arduino-und-raspberry-pi-mit-e-book\/#breadcrumb\"},\"inLanguage\":\"de\",\"potentialAction\":[{\"@type\":\"ReadAction\",\"target\":[\"https:\/\/easyliferobo.com\/de\/product\/azdelivery-16-in-1-kit-zubehoerset-mit-sensoren-und-modulen-kompatibel-mit-arduino-und-raspberry-pi-mit-e-book\/\"]}]},{\"@type\":\"ImageObject\",\"inLanguage\":\"de\",\"@id\":\"https:\/\/easyliferobo.com\/de\/product\/azdelivery-16-in-1-kit-zubehoerset-mit-sensoren-und-modulen-kompatibel-mit-arduino-und-raspberry-pi-mit-e-book\/#primaryimage\",\"url\":\"https:\/\/easyliferobo.com\/de\/wp-content\/uploads\/2026\/02\/61aLNWXRcL._SL1500_.jpg\",\"contentUrl\":\"https:\/\/easyliferobo.com\/de\/wp-content\/uploads\/2026\/02\/61aLNWXRcL._SL1500_.jpg\",\"width\":1500,\"height\":1500},{\"@type\":\"BreadcrumbList\",\"@id\":\"https:\/\/easyliferobo.com\/de\/product\/azdelivery-16-in-1-kit-zubehoerset-mit-sensoren-und-modulen-kompatibel-mit-arduino-und-raspberry-pi-mit-e-book\/#breadcrumb\",\"itemListElement\":[{\"@type\":\"ListItem\",\"position\":1,\"name\":\"Home\",\"item\":\"https:\/\/easyliferobo.com\/de\/\"},{\"@type\":\"ListItem\",\"position\":2,\"name\":\"Shop\",\"item\":\"https:\/\/easyliferobo.com\/de\/shop\/\"},{\"@type\":\"ListItem\",\"position\":3,\"name\":\"AZDelivery 16 in 1 Kit Zubeh\u00f6rset ...\"}]},{\"@type\":\"WebSite\",\"@id\":\"https:\/\/easyliferobo.com\/de\/#website\",\"url\":\"https:\/\/easyliferobo.com\/de\/\",\"name\":\"EasyLifeBro\",\"description\":\"Smarte Roboter f\u00fcr Zuhause, Garten &amp; Bildung\",\"publisher\":{\"@id\":\"https:\/\/easyliferobo.com\/de\/#organization\"},\"potentialAction\":[{\"@type\":\"SearchAction\",\"target\":{\"@type\":\"EntryPoint\",\"urlTemplate\":\"https:\/\/easyliferobo.com\/de\/?s={search_term_string}\"},\"query-input\":{\"@type\":\"PropertyValueSpecification\",\"valueRequired\":true,\"valueName\":\"search_term_string\"}}],\"inLanguage\":\"de\"},{\"@type\":\"Organization\",\"@id\":\"https:\/\/easyliferobo.com\/de\/#organization\",\"name\":\"EasyLifeBro\",\"url\":\"https:\/\/easyliferobo.com\/de\/\",\"logo\":{\"@type\":\"ImageObject\",\"inLanguage\":\"de\",\"@id\":\"https:\/\/easyliferobo.com\/de\/#\/schema\/logo\/image\/\",\"url\":\"https:\/\/easyliferobo.com\/de\/wp-content\/uploads\/2026\/02\/Screenshot-2026-02-22-at-2.25.03-PM.png\",\"contentUrl\":\"https:\/\/easyliferobo.com\/de\/wp-content\/uploads\/2026\/02\/Screenshot-2026-02-22-at-2.25.03-PM.png\",\"width\":1858,\"height\":430,\"caption\":\"EasyLifeBro\"},\"image\":{\"@id\":\"https:\/\/easyliferobo.com\/de\/#\/schema\/logo\/image\/\"}}]}<\/script>\n<!-- \/ Yoast SEO plugin. -->","yoast_head_json":{"title":"AZDelivery 16 in 1 Kit Zubeh\u00f6rset mit Sensoren und Modulen kompatibel mit Arduino und Raspberry Pi mit E-Book! - EasyLifeBro","description":"Entdecken Sie smarte Roboter f\u00fcr Zuhause, Garten, Bildung und Sicherheit. Vergleichen Sie Saugroboter, Rasenm\u00e4hroboter, KI-Begleitroboter und mehr bei EasyLifeRobo.","robots":{"index":"index","follow":"follow","max-snippet":"max-snippet:-1","max-image-preview":"max-image-preview:large","max-video-preview":"max-video-preview:-1"},"canonical":"https:\/\/easyliferobo.com\/de\/product\/azdelivery-16-in-1-kit-zubehoerset-mit-sensoren-und-modulen-kompatibel-mit-arduino-und-raspberry-pi-mit-e-book\/","og_locale":"de_DE","og_type":"article","og_title":"AZDelivery 16 in 1 Kit Zubeh\u00f6rset mit Sensoren und Modulen kompatibel mit Arduino und Raspberry Pi mit E-Book! - EasyLifeBro","og_description":"Entdecken Sie smarte Roboter f\u00fcr Zuhause, Garten, Bildung und Sicherheit. Vergleichen Sie Saugroboter, Rasenm\u00e4hroboter, KI-Begleitroboter und mehr bei EasyLifeRobo.","og_url":"https:\/\/easyliferobo.com\/de\/product\/azdelivery-16-in-1-kit-zubehoerset-mit-sensoren-und-modulen-kompatibel-mit-arduino-und-raspberry-pi-mit-e-book\/","og_site_name":"EasyLifeBro","article_modified_time":"2026-02-27T04:56:23+00:00","og_image":[{"url":"https:\/\/images-na.ssl-images-amazon.com\/images\/G\/01\/x-locale\/common\/grey-pixel.gif","type":"","width":"","height":""}],"twitter_card":"summary_large_image","twitter_misc":{"Gesch\u00e4tzte Lesezeit":"1\u00a0Minute"},"schema":{"@context":"https:\/\/schema.org","@graph":[{"@type":"WebPage","@id":"https:\/\/easyliferobo.com\/de\/product\/azdelivery-16-in-1-kit-zubehoerset-mit-sensoren-und-modulen-kompatibel-mit-arduino-und-raspberry-pi-mit-e-book\/","url":"https:\/\/easyliferobo.com\/de\/product\/azdelivery-16-in-1-kit-zubehoerset-mit-sensoren-und-modulen-kompatibel-mit-arduino-und-raspberry-pi-mit-e-book\/","name":"AZDelivery 16 in 1 Kit Zubeh\u00f6rset mit Sensoren und Modulen kompatibel mit Arduino und Raspberry Pi mit E-Book! - EasyLifeBro","isPartOf":{"@id":"https:\/\/easyliferobo.com\/de\/#website"},"primaryImageOfPage":{"@id":"https:\/\/easyliferobo.com\/de\/product\/azdelivery-16-in-1-kit-zubehoerset-mit-sensoren-und-modulen-kompatibel-mit-arduino-und-raspberry-pi-mit-e-book\/#primaryimage"},"image":{"@id":"https:\/\/easyliferobo.com\/de\/product\/azdelivery-16-in-1-kit-zubehoerset-mit-sensoren-und-modulen-kompatibel-mit-arduino-und-raspberry-pi-mit-e-book\/#primaryimage"},"thumbnailUrl":"https:\/\/easyliferobo.com\/de\/wp-content\/uploads\/2026\/02\/61aLNWXRcL._SL1500_.jpg","datePublished":"2026-02-27T04:56:05+00:00","dateModified":"2026-02-27T04:56:23+00:00","description":"Entdecken Sie smarte Roboter f\u00fcr Zuhause, Garten, Bildung und Sicherheit. Vergleichen Sie Saugroboter, Rasenm\u00e4hroboter, KI-Begleitroboter und mehr bei EasyLifeRobo.","breadcrumb":{"@id":"https:\/\/easyliferobo.com\/de\/product\/azdelivery-16-in-1-kit-zubehoerset-mit-sensoren-und-modulen-kompatibel-mit-arduino-und-raspberry-pi-mit-e-book\/#breadcrumb"},"inLanguage":"de","potentialAction":[{"@type":"ReadAction","target":["https:\/\/easyliferobo.com\/de\/product\/azdelivery-16-in-1-kit-zubehoerset-mit-sensoren-und-modulen-kompatibel-mit-arduino-und-raspberry-pi-mit-e-book\/"]}]},{"@type":"ImageObject","inLanguage":"de","@id":"https:\/\/easyliferobo.com\/de\/product\/azdelivery-16-in-1-kit-zubehoerset-mit-sensoren-und-modulen-kompatibel-mit-arduino-und-raspberry-pi-mit-e-book\/#primaryimage","url":"https:\/\/easyliferobo.com\/de\/wp-content\/uploads\/2026\/02\/61aLNWXRcL._SL1500_.jpg","contentUrl":"https:\/\/easyliferobo.com\/de\/wp-content\/uploads\/2026\/02\/61aLNWXRcL._SL1500_.jpg","width":1500,"height":1500},{"@type":"BreadcrumbList","@id":"https:\/\/easyliferobo.com\/de\/product\/azdelivery-16-in-1-kit-zubehoerset-mit-sensoren-und-modulen-kompatibel-mit-arduino-und-raspberry-pi-mit-e-book\/#breadcrumb","itemListElement":[{"@type":"ListItem","position":1,"name":"Home","item":"https:\/\/easyliferobo.com\/de\/"},{"@type":"ListItem","position":2,"name":"Shop","item":"https:\/\/easyliferobo.com\/de\/shop\/"},{"@type":"ListItem","position":3,"name":"AZDelivery 16 in 1 Kit Zubeh\u00f6rset ..."}]},{"@type":"WebSite","@id":"https:\/\/easyliferobo.com\/de\/#website","url":"https:\/\/easyliferobo.com\/de\/","name":"EasyLifeBro","description":"Smarte Roboter f\u00fcr Zuhause, Garten &amp; Bildung","publisher":{"@id":"https:\/\/easyliferobo.com\/de\/#organization"},"potentialAction":[{"@type":"SearchAction","target":{"@type":"EntryPoint","urlTemplate":"https:\/\/easyliferobo.com\/de\/?s={search_term_string}"},"query-input":{"@type":"PropertyValueSpecification","valueRequired":true,"valueName":"search_term_string"}}],"inLanguage":"de"},{"@type":"Organization","@id":"https:\/\/easyliferobo.com\/de\/#organization","name":"EasyLifeBro","url":"https:\/\/easyliferobo.com\/de\/","logo":{"@type":"ImageObject","inLanguage":"de","@id":"https:\/\/easyliferobo.com\/de\/#\/schema\/logo\/image\/","url":"https:\/\/easyliferobo.com\/de\/wp-content\/uploads\/2026\/02\/Screenshot-2026-02-22-at-2.25.03-PM.png","contentUrl":"https:\/\/easyliferobo.com\/de\/wp-content\/uploads\/2026\/02\/Screenshot-2026-02-22-at-2.25.03-PM.png","width":1858,"height":430,"caption":"EasyLifeBro"},"image":{"@id":"https:\/\/easyliferobo.com\/de\/#\/schema\/logo\/image\/"}}]}},"_links":{"self":[{"href":"https:\/\/easyliferobo.com\/de\/wp-json\/wp\/v2\/product\/2713","targetHints":{"allow":["GET"]}}],"collection":[{"href":"https:\/\/easyliferobo.com\/de\/wp-json\/wp\/v2\/product"}],"about":[{"href":"https:\/\/easyliferobo.com\/de\/wp-json\/wp\/v2\/types\/product"}],"replies":[{"embeddable":true,"href":"https:\/\/easyliferobo.com\/de\/wp-json\/wp\/v2\/comments?post=2713"}],"wp:featuredmedia":[{"embeddable":true,"href":"https:\/\/easyliferobo.com\/de\/wp-json\/wp\/v2\/media\/2714"}],"wp:attachment":[{"href":"https:\/\/easyliferobo.com\/de\/wp-json\/wp\/v2\/media?parent=2713"}],"wp:term":[{"taxonomy":"store","embeddable":true,"href":"https:\/\/easyliferobo.com\/de\/wp-json\/wp\/v2\/store?post=2713"},{"taxonomy":"product_brand","embeddable":true,"href":"https:\/\/easyliferobo.com\/de\/wp-json\/wp\/v2\/product_brand?post=2713"},{"taxonomy":"product_cat","embeddable":true,"href":"https:\/\/easyliferobo.com\/de\/wp-json\/wp\/v2\/product_cat?post=2713"},{"taxonomy":"product_tag","embeddable":true,"href":"https:\/\/easyliferobo.com\/de\/wp-json\/wp\/v2\/product_tag?post=2713"}],"curies":[{"name":"wp","href":"https:\/\/api.w.org\/{rel}","templated":true}]}}