
{"id":2694,"date":"2026-02-27T04:53:51","date_gmt":"2026-02-27T04:53:51","guid":{"rendered":"https:\/\/easyliferobo.com\/de\/product\/dreame-a2-1200-robotermaeher-kabellos-rkt-inklusive-fuer-1200-m%c2%b2-360-3d-lidar-ai-vision-steigfaehigkeit-bis-zu-50-265-u-foermiger-maehweg-5-cm-edgemaster-praezis\/"},"modified":"2026-02-27T04:54:07","modified_gmt":"2026-02-27T04:54:07","slug":"dreame-a2-1200-robotermaeher-kabellos-rkt-inklusive-fuer-1200-m%c2%b2-360-3d-lidar-ai-vision-steigfaehigkeit-bis-zu-50-265-u-foermiger-maehweg-5-cm-edgemaster-praezis","status":"publish","type":"product","link":"https:\/\/easyliferobo.com\/de\/product\/dreame-a2-1200-robotermaeher-kabellos-rkt-inklusive-fuer-1200-m%c2%b2-360-3d-lidar-ai-vision-steigfaehigkeit-bis-zu-50-265-u-foermiger-maehweg-5-cm-edgemaster-praezis\/","title":{"rendered":"DREAME A2 1200 Roboterm\u00e4her \u2013 Ka..."},"content":{"rendered":"<p>\n                                             Vom Hersteller Das Video zeigt das Produkt im Einsatz. Das Video f\u00fchrt Sie durch die Produkteinrichtung. Das Video vergleicht mehrere Produkte. Das Video zeigt das Auspacken des Produkts. A2 1200 Video H\u00e4ndlervideo<\/p>\n<p>                                                                                                                    <img decoding=\"async\" alt=\"A2-DE\" src=\"https:\/\/m.media-amazon.com\/images\/S\/aplus-media-library-service-media\/74807b57-e664-43f7-8dbd-fe9f0d9041fb.__CR0,0,1464,600_PT0_SX1464_V1___.png\">                                                    <img decoding=\"async\" alt=\"A2-DE\" src=\"https:\/\/m.media-amazon.com\/images\/S\/aplus-media-library-service-media\/c702a220-8ecc-4dda-88ae-deef430ff720.__CR0,0,1464,600_PT0_SX1464_V1___.png\">                                                    <img decoding=\"async\" alt=\"A2-DE\" src=\"https:\/\/m.media-amazon.com\/images\/S\/aplus-media-library-service-media\/88f3f82b-40aa-411b-88ab-73a72f5e5aa3.__CR0,0,1464,600_PT0_SX1464_V1___.png\">                                                      <img decoding=\"async\" alt=\"A2-DE\" src=\"https:\/\/m.media-amazon.com\/images\/S\/aplus-media-library-service-media\/9961a31b-d26e-406d-a768-2462272ff9fe.__CR0,0,1464,600_PT0_SX1464_V1___.png\">                                                    <img decoding=\"async\" alt=\"A2-DE\" src=\"https:\/\/m.media-amazon.com\/images\/S\/aplus-media-library-service-media\/2d32691b-0d69-463c-b1e8-e3d007f1c68e.__CR0,0,1464,600_PT0_SX1464_V1___.png\"><br \/>\n                            1 Navigation und Kartierung 2 OmniSense 2.0 3 Smart-Bereichsmanagement 4 Auto-Begrenzungen 5 Dual-Kartenmanagement <\/p>\n<p>                                                                                                                    <img decoding=\"async\" alt=\"A2-DE\" src=\"https:\/\/m.media-amazon.com\/images\/S\/aplus-media-library-service-media\/d1d8c8bf-9c99-492e-9f3b-253eaf74bc3f.__CR0,0,1464,600_PT0_SX1464_V1___.png\">                                                    <img decoding=\"async\" alt=\"A2-DE\" src=\"https:\/\/m.media-amazon.com\/images\/S\/aplus-media-library-service-media\/7c575907-1a26-4211-a955-31dabd6783d1.__CR0,0,1464,600_PT0_SX1464_V1___.png\">                                                    <img decoding=\"async\" alt=\"A2-DE\" src=\"https:\/\/m.media-amazon.com\/images\/S\/aplus-media-library-service-media\/2a983af7-5e8c-4ae2-977c-45ed1de99575.__CR0,0,1464,600_PT0_SX1464_V1___.png\">                                                    <img decoding=\"async\" alt=\"A2-DE\" src=\"https:\/\/m.media-amazon.com\/images\/S\/aplus-media-library-service-media\/90c705fd-f54a-4a2f-be2f-8669b32f40b7.__CR0,0,1464,600_PT0_SX1464_V1___.png\">                                                    <img decoding=\"async\" alt=\"A2-DE\" src=\"https:\/\/m.media-amazon.com\/images\/S\/aplus-media-library-service-media\/5382ee10-6129-4915-8c61-a5083ac3e866.__CR0,0,1464,600_PT0_SX1464_V1___.png\"><br \/>\n                            1 EdgeMaster 2 3D-Hindernisvermeidung 3 Meister des Gartens 4 Steigf\u00e4higkeit 5 Gartenw\u00e4chter  <\/p>\n<p>                                                                                                                  <img decoding=\"async\" alt=\"A2-DE\" src=\"https:\/\/m.media-amazon.com\/images\/S\/aplus-media-library-service-media\/6e1fb6ae-fa73-4a8f-85f7-d3a25dd73ab4.__CR0,0,1464,600_PT0_SX1464_V1___.png\">                                                    <img decoding=\"async\" alt=\"A2-DE\" src=\"https:\/\/m.media-amazon.com\/images\/S\/aplus-media-library-service-media\/911bcb6d-7275-4a90-ac29-b599766f8d6d.__CR0,0,1464,600_PT0_SX1464_V1___.png\">                                                    <img decoding=\"async\" alt=\"A2-DE\" src=\"https:\/\/m.media-amazon.com\/images\/S\/aplus-media-library-service-media\/65596a99-bb1c-4805-9cea-8bcf0f678eb0.__CR0,0,1464,600_PT0_SX1464_V1___.png\">                                                    <img decoding=\"async\" alt=\"A2-DE\" src=\"https:\/\/m.media-amazon.com\/images\/S\/aplus-media-library-service-media\/c075f94d-b969-4acd-b742-4810d2ae831a.__CR0,0,1464,600_PT0_SX1464_V1___.png\"><br \/>\n                            1 Schnitth\u00f6hen 2 Zwei M\u00e4hpl\u00e4ne 3 Nahtloser M\u00e4hbetrieb 4 Vielseitige Modi <\/p>\n<p>                                                                                                                  <img decoding=\"async\" alt=\"A2-DE\" src=\"https:\/\/m.media-amazon.com\/images\/S\/aplus-media-library-service-media\/a9c46a36-195c-4d69-a681-f9d88c5c7c6a.__CR0,0,1464,600_PT0_SX1464_V1___.png\">                                                    <img decoding=\"async\" alt=\"A2-DE\" src=\"https:\/\/m.media-amazon.com\/images\/S\/aplus-media-library-service-media\/9fca348a-7e81-4237-8baa-a6b9d10e7d97.__CR0,0,1464,600_PT0_SX1464_V1___.png\">                                                    <img decoding=\"async\" alt=\"A2-DE\" src=\"https:\/\/m.media-amazon.com\/images\/S\/aplus-media-library-service-media\/dea921ae-4aa6-4cad-a6bd-2dcad38e5a58.__CR0,0,1464,600_PT0_SX1464_V1___.png\">                                                    <img decoding=\"async\" alt=\"A2-DE\" src=\"https:\/\/m.media-amazon.com\/images\/S\/aplus-media-library-service-media\/f93fd8b1-279f-40ef-8946-d39b96f31539.__CR0,0,1464,600_PT0_SX1464_V1___.png\"><br \/>\n                            1 M\u00e4heffizienz 2 Mehrfach-M\u00e4hen 3 24\/7 On-Link-Modul 4 Erweiterte Funktionen <\/p>\n<h3 class=\"a-text-center aplus-h1 a-text-bold\"> Zubeh\u00f6r <\/h3>\n<p>                         In den Warenkorb legen. In den Warenkorb legen Dreame Dreame Dreame Verwendbares Modell A2 A2 A2 A2 A2 Paketinhalt Ersatzmesser x 1 Garage x 1 \u2014 Reinigungsb\u00fcrste x 1 Ersatzmesser x 1 Farbe grau grau grau grau grau Verkauft von Amazon Amazon Amazon Amazon Amazon    <\/p>\n<p>(Automatische Begrenzungseinrichtung und Dual Fusion Mapping) Erleben Sie intelligente Rasenpflege mit OmniSense 2.0. Das 3D-Scanning und die HDR-Kamera bieten detaillierte Ansichten f\u00fcr die automatische Grenzeinrichtung und pr\u00e4zise Kartierung von bis zu 3.000 m\u00b2 f\u00fcr eine einfache Wartung. Keine Verkabelung oder Installation der RTK-Station erforderlich.<br \/>(OmniSense 2.0: 3D-Ultra-Sensorsystem + KI-Kamera) Mit OmniSense 2.0 k\u00f6nnen Sie Ihren Rasen mit einem revolution\u00e4ren 3D-Ultra-Sensorsystem und einer algorithmusunterst\u00fctzten HDR-Kamera pflegen, die es Ihnen erm\u00f6glicht, die Umgebung mit einer Weitwinkelansicht von 360\u00b0 \u00d7 59\u00b0 bis zu 70 Metern und im Nahbereich zentimetergenau zu betrachten. F\u00fcr eine detailliertere 3D-Darstellung Ihres Gartens.<br \/>(EdgeMaster-Schneidsystem) Mit der EdgeMaster-Technologie f\u00e4hrt der Schneidkopf des A2 zum M\u00e4hen entlang von Kanten aus. Der Abstand zwischen Schneidkopf und Kante bleibt f\u00fcr gr\u00fcndliches M\u00e4hen und maximale Fl\u00e4chenleistung stets unter 5 cm.<br \/>(3D Omni Hindernisvermeidung, KI-optimiert) Der A2 nutzt 3D-Punktwolkendaten und KI-Bildverarbeitungstechnologie und erkennt und umgeht mehr Objekte im Garten, einschlie\u00dflich Igel und Wasserleitungen. Regelm\u00e4\u00dfige Algorithmus-Updates verbessern die Objekterkennung und Hindernisvermeidung und sorgen so f\u00fcr mehrschichtige Sicherheit f\u00fcr Ihre Familie und Haustiere.<br \/>Leiser Nabenmotor f\u00fcr eine Steigung bis 26,5\u00b0: Der Nabenmotor des A2 erh\u00f6ht den maximalen Neigungswinkel auf 50 % (26,5\u00b0), erm\u00f6glicht eine bessere Traktion und sorgt so f\u00fcr sichereres und gleichm\u00e4\u00dfigeres M\u00e4hen am Hang. Gleichzeitig garantiert der Nabenmotor, dass der A2 mit einem Ger\u00e4uschpegel von weniger als 55 dB arbeitet, sodass Sie Ihre kostbare Zeit zu Hause ungest\u00f6rt genie\u00dfen k\u00f6nnen.<br \/>(Intelligente App f\u00fcr vielseitige Steuerung) Steuern Sie den A2 \u00fcber die Dreamehome-App. Sie k\u00f6nnen viele Einstellungen anpassen und die M\u00e4hbereiche einfach bearbeiten, mit Faktoren wie Schnitth\u00f6he, M\u00e4hrichtung und einem Zeitplan f\u00fcr ein individuelles M\u00e4herlebnis. Dar\u00fcber hinaus kann der A2 zwei verschiedene Rasenkarten f\u00fcr nicht verbundene Bereiche verwalten, was f\u00fcr noch mehr Flexibilit\u00e4t sorgt.<br \/>(Aufmerksamer Gartenw\u00e4chter) Der A2 ist mit einer 1080p-HDR-Kamera mit KI-Unterst\u00fctzung zur \u00dcberwachung Ihres Gartens in Echtzeit ausgestattet, wodurch Sie Patrouillenpl\u00e4ne erstellen und ungew\u00f6hnliche menschliche Aktivit\u00e4ten verfolgen k\u00f6nnen.<\/p>\n<p>[ad_2]<\/p>\n","protected":false},"excerpt":{"rendered":"<p>Vom Hersteller Das Video zeigt das Produkt im Einsatz. Das Video f\u00fchrt Sie durch die Produkteinrichtung. Das Video vergleicht mehrere Produkte. Das Video zeigt das Auspacken des Produkts. A2 1200 Video H\u00e4ndlervideo 1 Navigation und Kartierung 2 OmniSense 2.0 3 Smart-Bereichsmanagement 4 Auto-Begrenzungen 5 Dual-Kartenmanagement 1 EdgeMaster 2 3D-Hindernisvermeidung 3 Meister des Gartens 4 Steigf\u00e4higkeit [&hellip;]<\/p>\n","protected":false},"featured_media":2695,"comment_status":"open","ping_status":"closed","template":"","meta":{"_aipt_faq_data":""},"store":[],"product_brand":[351],"product_cat":[84],"product_tag":[186],"class_list":{"0":"post-2694","1":"product","2":"type-product","3":"status-publish","4":"has-post-thumbnail","6":"product_brand-dreame","7":"product_cat-rasenroboter-fuer-grosse-flaechen","8":"product_tag-rasenroboter-fuer-grosse-flaechen-akkubetrieben","10":"first","11":"instock","12":"shipping-taxable","13":"product-type-external"},"yoast_head":"<!-- This site is optimized with the Yoast SEO plugin v27.0 - https:\/\/yoast.com\/product\/yoast-seo-wordpress\/ -->\n<title>DREAME A2 1200 Roboterm\u00e4her \u2013 Kabellos, RKT inklusive, f\u00fcr 1200 m\u00b2, 360\u00b0 3D LiDAR &amp; AI Vision, Steigf\u00e4higkeit bis zu 50 % (26,5\u00b0), U-f\u00f6rmiger M\u00e4hweg, 5 cm EdgeMaster-Pr\u00e4zisionsschnitt, Dual Map Control - EasyLifeBro<\/title>\n<meta name=\"description\" content=\"Entdecken Sie smarte Roboter f\u00fcr Zuhause, Garten, Bildung und Sicherheit. Vergleichen Sie Saugroboter, Rasenm\u00e4hroboter, KI-Begleitroboter und mehr bei EasyLifeRobo.\" \/>\n<meta name=\"robots\" content=\"index, follow, max-snippet:-1, max-image-preview:large, max-video-preview:-1\" \/>\n<link rel=\"canonical\" href=\"https:\/\/easyliferobo.com\/de\/product\/dreame-a2-1200-robotermaeher-kabellos-rkt-inklusive-fuer-1200-m\u00b2-360-3d-lidar-ai-vision-steigfaehigkeit-bis-zu-50-265-u-foermiger-maehweg-5-cm-edgemaster-praezis\/\" \/>\n<meta property=\"og:locale\" content=\"de_DE\" \/>\n<meta property=\"og:type\" content=\"article\" \/>\n<meta property=\"og:title\" content=\"DREAME A2 1200 Roboterm\u00e4her \u2013 Kabellos, RKT inklusive, f\u00fcr 1200 m\u00b2, 360\u00b0 3D LiDAR &amp; AI Vision, Steigf\u00e4higkeit bis zu 50 % (26,5\u00b0), U-f\u00f6rmiger M\u00e4hweg, 5 cm EdgeMaster-Pr\u00e4zisionsschnitt, Dual Map Control - EasyLifeBro\" \/>\n<meta property=\"og:description\" content=\"Entdecken Sie smarte Roboter f\u00fcr Zuhause, Garten, Bildung und Sicherheit. Vergleichen Sie Saugroboter, Rasenm\u00e4hroboter, KI-Begleitroboter und mehr bei EasyLifeRobo.\" \/>\n<meta property=\"og:url\" content=\"https:\/\/easyliferobo.com\/de\/product\/dreame-a2-1200-robotermaeher-kabellos-rkt-inklusive-fuer-1200-m\u00b2-360-3d-lidar-ai-vision-steigfaehigkeit-bis-zu-50-265-u-foermiger-maehweg-5-cm-edgemaster-praezis\/\" \/>\n<meta property=\"og:site_name\" content=\"EasyLifeBro\" \/>\n<meta property=\"article:modified_time\" content=\"2026-02-27T04:54:07+00:00\" \/>\n<meta property=\"og:image\" content=\"https:\/\/m.media-amazon.com\/images\/S\/aplus-media-library-service-media\/74807b57-e664-43f7-8dbd-fe9f0d9041fb.__CR0,0,1464,600_PT0_SX1464_V1___.png\" \/>\n<meta name=\"twitter:card\" content=\"summary_large_image\" \/>\n<meta name=\"twitter:label1\" content=\"Gesch\u00e4tzte Lesezeit\" \/>\n\t<meta name=\"twitter:data1\" content=\"2\u00a0Minuten\" \/>\n<script type=\"application\/ld+json\" class=\"yoast-schema-graph\">{\"@context\":\"https:\/\/schema.org\",\"@graph\":[{\"@type\":\"WebPage\",\"@id\":\"https:\/\/easyliferobo.com\/de\/product\/dreame-a2-1200-robotermaeher-kabellos-rkt-inklusive-fuer-1200-m%c2%b2-360-3d-lidar-ai-vision-steigfaehigkeit-bis-zu-50-265-u-foermiger-maehweg-5-cm-edgemaster-praezis\/\",\"url\":\"https:\/\/easyliferobo.com\/de\/product\/dreame-a2-1200-robotermaeher-kabellos-rkt-inklusive-fuer-1200-m%c2%b2-360-3d-lidar-ai-vision-steigfaehigkeit-bis-zu-50-265-u-foermiger-maehweg-5-cm-edgemaster-praezis\/\",\"name\":\"DREAME A2 1200 Roboterm\u00e4her \u2013 Kabellos, RKT inklusive, f\u00fcr 1200 m\u00b2, 360\u00b0 3D LiDAR & AI Vision, Steigf\u00e4higkeit bis zu 50 % (26,5\u00b0), U-f\u00f6rmiger M\u00e4hweg, 5 cm EdgeMaster-Pr\u00e4zisionsschnitt, Dual Map Control - EasyLifeBro\",\"isPartOf\":{\"@id\":\"https:\/\/easyliferobo.com\/de\/#website\"},\"primaryImageOfPage\":{\"@id\":\"https:\/\/easyliferobo.com\/de\/product\/dreame-a2-1200-robotermaeher-kabellos-rkt-inklusive-fuer-1200-m%c2%b2-360-3d-lidar-ai-vision-steigfaehigkeit-bis-zu-50-265-u-foermiger-maehweg-5-cm-edgemaster-praezis\/#primaryimage\"},\"image\":{\"@id\":\"https:\/\/easyliferobo.com\/de\/product\/dreame-a2-1200-robotermaeher-kabellos-rkt-inklusive-fuer-1200-m%c2%b2-360-3d-lidar-ai-vision-steigfaehigkeit-bis-zu-50-265-u-foermiger-maehweg-5-cm-edgemaster-praezis\/#primaryimage\"},\"thumbnailUrl\":\"https:\/\/easyliferobo.com\/de\/wp-content\/uploads\/2026\/02\/71QDdkZc0-L._AC_SL1500_.jpg\",\"datePublished\":\"2026-02-27T04:53:51+00:00\",\"dateModified\":\"2026-02-27T04:54:07+00:00\",\"description\":\"Entdecken Sie smarte Roboter f\u00fcr Zuhause, Garten, Bildung und Sicherheit. Vergleichen Sie Saugroboter, Rasenm\u00e4hroboter, KI-Begleitroboter und mehr bei EasyLifeRobo.\",\"breadcrumb\":{\"@id\":\"https:\/\/easyliferobo.com\/de\/product\/dreame-a2-1200-robotermaeher-kabellos-rkt-inklusive-fuer-1200-m%c2%b2-360-3d-lidar-ai-vision-steigfaehigkeit-bis-zu-50-265-u-foermiger-maehweg-5-cm-edgemaster-praezis\/#breadcrumb\"},\"inLanguage\":\"de\",\"potentialAction\":[{\"@type\":\"ReadAction\",\"target\":[\"https:\/\/easyliferobo.com\/de\/product\/dreame-a2-1200-robotermaeher-kabellos-rkt-inklusive-fuer-1200-m%c2%b2-360-3d-lidar-ai-vision-steigfaehigkeit-bis-zu-50-265-u-foermiger-maehweg-5-cm-edgemaster-praezis\/\"]}]},{\"@type\":\"ImageObject\",\"inLanguage\":\"de\",\"@id\":\"https:\/\/easyliferobo.com\/de\/product\/dreame-a2-1200-robotermaeher-kabellos-rkt-inklusive-fuer-1200-m%c2%b2-360-3d-lidar-ai-vision-steigfaehigkeit-bis-zu-50-265-u-foermiger-maehweg-5-cm-edgemaster-praezis\/#primaryimage\",\"url\":\"https:\/\/easyliferobo.com\/de\/wp-content\/uploads\/2026\/02\/71QDdkZc0-L._AC_SL1500_.jpg\",\"contentUrl\":\"https:\/\/easyliferobo.com\/de\/wp-content\/uploads\/2026\/02\/71QDdkZc0-L._AC_SL1500_.jpg\",\"width\":1418,\"height\":1500},{\"@type\":\"BreadcrumbList\",\"@id\":\"https:\/\/easyliferobo.com\/de\/product\/dreame-a2-1200-robotermaeher-kabellos-rkt-inklusive-fuer-1200-m%c2%b2-360-3d-lidar-ai-vision-steigfaehigkeit-bis-zu-50-265-u-foermiger-maehweg-5-cm-edgemaster-praezis\/#breadcrumb\",\"itemListElement\":[{\"@type\":\"ListItem\",\"position\":1,\"name\":\"Home\",\"item\":\"https:\/\/easyliferobo.com\/de\/\"},{\"@type\":\"ListItem\",\"position\":2,\"name\":\"Shop\",\"item\":\"https:\/\/easyliferobo.com\/de\/shop\/\"},{\"@type\":\"ListItem\",\"position\":3,\"name\":\"DREAME A2 1200 Roboterm\u00e4her \u2013 Ka...\"}]},{\"@type\":\"WebSite\",\"@id\":\"https:\/\/easyliferobo.com\/de\/#website\",\"url\":\"https:\/\/easyliferobo.com\/de\/\",\"name\":\"EasyLifeBro\",\"description\":\"Smarte Roboter f\u00fcr Zuhause, Garten &amp; Bildung\",\"publisher\":{\"@id\":\"https:\/\/easyliferobo.com\/de\/#organization\"},\"potentialAction\":[{\"@type\":\"SearchAction\",\"target\":{\"@type\":\"EntryPoint\",\"urlTemplate\":\"https:\/\/easyliferobo.com\/de\/?s={search_term_string}\"},\"query-input\":{\"@type\":\"PropertyValueSpecification\",\"valueRequired\":true,\"valueName\":\"search_term_string\"}}],\"inLanguage\":\"de\"},{\"@type\":\"Organization\",\"@id\":\"https:\/\/easyliferobo.com\/de\/#organization\",\"name\":\"EasyLifeBro\",\"url\":\"https:\/\/easyliferobo.com\/de\/\",\"logo\":{\"@type\":\"ImageObject\",\"inLanguage\":\"de\",\"@id\":\"https:\/\/easyliferobo.com\/de\/#\/schema\/logo\/image\/\",\"url\":\"https:\/\/easyliferobo.com\/de\/wp-content\/uploads\/2026\/02\/Screenshot-2026-02-22-at-2.25.03-PM.png\",\"contentUrl\":\"https:\/\/easyliferobo.com\/de\/wp-content\/uploads\/2026\/02\/Screenshot-2026-02-22-at-2.25.03-PM.png\",\"width\":1858,\"height\":430,\"caption\":\"EasyLifeBro\"},\"image\":{\"@id\":\"https:\/\/easyliferobo.com\/de\/#\/schema\/logo\/image\/\"}}]}<\/script>\n<!-- \/ Yoast SEO plugin. -->","yoast_head_json":{"title":"DREAME A2 1200 Roboterm\u00e4her \u2013 Kabellos, RKT inklusive, f\u00fcr 1200 m\u00b2, 360\u00b0 3D LiDAR & AI Vision, Steigf\u00e4higkeit bis zu 50 % (26,5\u00b0), U-f\u00f6rmiger M\u00e4hweg, 5 cm EdgeMaster-Pr\u00e4zisionsschnitt, Dual Map Control - EasyLifeBro","description":"Entdecken Sie smarte Roboter f\u00fcr Zuhause, Garten, Bildung und Sicherheit. Vergleichen Sie Saugroboter, Rasenm\u00e4hroboter, KI-Begleitroboter und mehr bei EasyLifeRobo.","robots":{"index":"index","follow":"follow","max-snippet":"max-snippet:-1","max-image-preview":"max-image-preview:large","max-video-preview":"max-video-preview:-1"},"canonical":"https:\/\/easyliferobo.com\/de\/product\/dreame-a2-1200-robotermaeher-kabellos-rkt-inklusive-fuer-1200-m\u00b2-360-3d-lidar-ai-vision-steigfaehigkeit-bis-zu-50-265-u-foermiger-maehweg-5-cm-edgemaster-praezis\/","og_locale":"de_DE","og_type":"article","og_title":"DREAME A2 1200 Roboterm\u00e4her \u2013 Kabellos, RKT inklusive, f\u00fcr 1200 m\u00b2, 360\u00b0 3D LiDAR & AI Vision, Steigf\u00e4higkeit bis zu 50 % (26,5\u00b0), U-f\u00f6rmiger M\u00e4hweg, 5 cm EdgeMaster-Pr\u00e4zisionsschnitt, Dual Map Control - EasyLifeBro","og_description":"Entdecken Sie smarte Roboter f\u00fcr Zuhause, Garten, Bildung und Sicherheit. Vergleichen Sie Saugroboter, Rasenm\u00e4hroboter, KI-Begleitroboter und mehr bei EasyLifeRobo.","og_url":"https:\/\/easyliferobo.com\/de\/product\/dreame-a2-1200-robotermaeher-kabellos-rkt-inklusive-fuer-1200-m\u00b2-360-3d-lidar-ai-vision-steigfaehigkeit-bis-zu-50-265-u-foermiger-maehweg-5-cm-edgemaster-praezis\/","og_site_name":"EasyLifeBro","article_modified_time":"2026-02-27T04:54:07+00:00","og_image":[{"url":"https:\/\/m.media-amazon.com\/images\/S\/aplus-media-library-service-media\/74807b57-e664-43f7-8dbd-fe9f0d9041fb.__CR0,0,1464,600_PT0_SX1464_V1___.png","type":"","width":"","height":""}],"twitter_card":"summary_large_image","twitter_misc":{"Gesch\u00e4tzte Lesezeit":"2\u00a0Minuten"},"schema":{"@context":"https:\/\/schema.org","@graph":[{"@type":"WebPage","@id":"https:\/\/easyliferobo.com\/de\/product\/dreame-a2-1200-robotermaeher-kabellos-rkt-inklusive-fuer-1200-m%c2%b2-360-3d-lidar-ai-vision-steigfaehigkeit-bis-zu-50-265-u-foermiger-maehweg-5-cm-edgemaster-praezis\/","url":"https:\/\/easyliferobo.com\/de\/product\/dreame-a2-1200-robotermaeher-kabellos-rkt-inklusive-fuer-1200-m%c2%b2-360-3d-lidar-ai-vision-steigfaehigkeit-bis-zu-50-265-u-foermiger-maehweg-5-cm-edgemaster-praezis\/","name":"DREAME A2 1200 Roboterm\u00e4her \u2013 Kabellos, RKT inklusive, f\u00fcr 1200 m\u00b2, 360\u00b0 3D LiDAR & AI Vision, Steigf\u00e4higkeit bis zu 50 % (26,5\u00b0), U-f\u00f6rmiger M\u00e4hweg, 5 cm EdgeMaster-Pr\u00e4zisionsschnitt, Dual Map Control - EasyLifeBro","isPartOf":{"@id":"https:\/\/easyliferobo.com\/de\/#website"},"primaryImageOfPage":{"@id":"https:\/\/easyliferobo.com\/de\/product\/dreame-a2-1200-robotermaeher-kabellos-rkt-inklusive-fuer-1200-m%c2%b2-360-3d-lidar-ai-vision-steigfaehigkeit-bis-zu-50-265-u-foermiger-maehweg-5-cm-edgemaster-praezis\/#primaryimage"},"image":{"@id":"https:\/\/easyliferobo.com\/de\/product\/dreame-a2-1200-robotermaeher-kabellos-rkt-inklusive-fuer-1200-m%c2%b2-360-3d-lidar-ai-vision-steigfaehigkeit-bis-zu-50-265-u-foermiger-maehweg-5-cm-edgemaster-praezis\/#primaryimage"},"thumbnailUrl":"https:\/\/easyliferobo.com\/de\/wp-content\/uploads\/2026\/02\/71QDdkZc0-L._AC_SL1500_.jpg","datePublished":"2026-02-27T04:53:51+00:00","dateModified":"2026-02-27T04:54:07+00:00","description":"Entdecken Sie smarte Roboter f\u00fcr Zuhause, Garten, Bildung und Sicherheit. Vergleichen Sie Saugroboter, Rasenm\u00e4hroboter, KI-Begleitroboter und mehr bei EasyLifeRobo.","breadcrumb":{"@id":"https:\/\/easyliferobo.com\/de\/product\/dreame-a2-1200-robotermaeher-kabellos-rkt-inklusive-fuer-1200-m%c2%b2-360-3d-lidar-ai-vision-steigfaehigkeit-bis-zu-50-265-u-foermiger-maehweg-5-cm-edgemaster-praezis\/#breadcrumb"},"inLanguage":"de","potentialAction":[{"@type":"ReadAction","target":["https:\/\/easyliferobo.com\/de\/product\/dreame-a2-1200-robotermaeher-kabellos-rkt-inklusive-fuer-1200-m%c2%b2-360-3d-lidar-ai-vision-steigfaehigkeit-bis-zu-50-265-u-foermiger-maehweg-5-cm-edgemaster-praezis\/"]}]},{"@type":"ImageObject","inLanguage":"de","@id":"https:\/\/easyliferobo.com\/de\/product\/dreame-a2-1200-robotermaeher-kabellos-rkt-inklusive-fuer-1200-m%c2%b2-360-3d-lidar-ai-vision-steigfaehigkeit-bis-zu-50-265-u-foermiger-maehweg-5-cm-edgemaster-praezis\/#primaryimage","url":"https:\/\/easyliferobo.com\/de\/wp-content\/uploads\/2026\/02\/71QDdkZc0-L._AC_SL1500_.jpg","contentUrl":"https:\/\/easyliferobo.com\/de\/wp-content\/uploads\/2026\/02\/71QDdkZc0-L._AC_SL1500_.jpg","width":1418,"height":1500},{"@type":"BreadcrumbList","@id":"https:\/\/easyliferobo.com\/de\/product\/dreame-a2-1200-robotermaeher-kabellos-rkt-inklusive-fuer-1200-m%c2%b2-360-3d-lidar-ai-vision-steigfaehigkeit-bis-zu-50-265-u-foermiger-maehweg-5-cm-edgemaster-praezis\/#breadcrumb","itemListElement":[{"@type":"ListItem","position":1,"name":"Home","item":"https:\/\/easyliferobo.com\/de\/"},{"@type":"ListItem","position":2,"name":"Shop","item":"https:\/\/easyliferobo.com\/de\/shop\/"},{"@type":"ListItem","position":3,"name":"DREAME A2 1200 Roboterm\u00e4her \u2013 Ka..."}]},{"@type":"WebSite","@id":"https:\/\/easyliferobo.com\/de\/#website","url":"https:\/\/easyliferobo.com\/de\/","name":"EasyLifeBro","description":"Smarte Roboter f\u00fcr Zuhause, Garten &amp; Bildung","publisher":{"@id":"https:\/\/easyliferobo.com\/de\/#organization"},"potentialAction":[{"@type":"SearchAction","target":{"@type":"EntryPoint","urlTemplate":"https:\/\/easyliferobo.com\/de\/?s={search_term_string}"},"query-input":{"@type":"PropertyValueSpecification","valueRequired":true,"valueName":"search_term_string"}}],"inLanguage":"de"},{"@type":"Organization","@id":"https:\/\/easyliferobo.com\/de\/#organization","name":"EasyLifeBro","url":"https:\/\/easyliferobo.com\/de\/","logo":{"@type":"ImageObject","inLanguage":"de","@id":"https:\/\/easyliferobo.com\/de\/#\/schema\/logo\/image\/","url":"https:\/\/easyliferobo.com\/de\/wp-content\/uploads\/2026\/02\/Screenshot-2026-02-22-at-2.25.03-PM.png","contentUrl":"https:\/\/easyliferobo.com\/de\/wp-content\/uploads\/2026\/02\/Screenshot-2026-02-22-at-2.25.03-PM.png","width":1858,"height":430,"caption":"EasyLifeBro"},"image":{"@id":"https:\/\/easyliferobo.com\/de\/#\/schema\/logo\/image\/"}}]}},"_links":{"self":[{"href":"https:\/\/easyliferobo.com\/de\/wp-json\/wp\/v2\/product\/2694","targetHints":{"allow":["GET"]}}],"collection":[{"href":"https:\/\/easyliferobo.com\/de\/wp-json\/wp\/v2\/product"}],"about":[{"href":"https:\/\/easyliferobo.com\/de\/wp-json\/wp\/v2\/types\/product"}],"replies":[{"embeddable":true,"href":"https:\/\/easyliferobo.com\/de\/wp-json\/wp\/v2\/comments?post=2694"}],"wp:featuredmedia":[{"embeddable":true,"href":"https:\/\/easyliferobo.com\/de\/wp-json\/wp\/v2\/media\/2695"}],"wp:attachment":[{"href":"https:\/\/easyliferobo.com\/de\/wp-json\/wp\/v2\/media?parent=2694"}],"wp:term":[{"taxonomy":"store","embeddable":true,"href":"https:\/\/easyliferobo.com\/de\/wp-json\/wp\/v2\/store?post=2694"},{"taxonomy":"product_brand","embeddable":true,"href":"https:\/\/easyliferobo.com\/de\/wp-json\/wp\/v2\/product_brand?post=2694"},{"taxonomy":"product_cat","embeddable":true,"href":"https:\/\/easyliferobo.com\/de\/wp-json\/wp\/v2\/product_cat?post=2694"},{"taxonomy":"product_tag","embeddable":true,"href":"https:\/\/easyliferobo.com\/de\/wp-json\/wp\/v2\/product_tag?post=2694"}],"curies":[{"name":"wp","href":"https:\/\/api.w.org\/{rel}","templated":true}]}}