
{"id":2676,"date":"2026-02-27T04:50:57","date_gmt":"2026-02-27T04:50:57","guid":{"rendered":"https:\/\/easyliferobo.com\/de\/product\/begrenzungskabel-set-fuer-rasenmaeherroboter-kabel-erdnaegel-kabelverbinder-verbindungsklemmen-komplettset-fuer-alle-marken-rasenmaeher-roboter-installationsset-fue\/"},"modified":"2026-02-27T04:51:14","modified_gmt":"2026-02-27T04:51:14","slug":"begrenzungskabel-set-fuer-rasenmaeherroboter-kabel-erdnaegel-kabelverbinder-verbindungsklemmen-komplettset-fuer-alle-marken-rasenmaeher-roboter-installationsset-fue","status":"publish","type":"product","link":"https:\/\/easyliferobo.com\/de\/product\/begrenzungskabel-set-fuer-rasenmaeherroboter-kabel-erdnaegel-kabelverbinder-verbindungsklemmen-komplettset-fuer-alle-marken-rasenmaeher-roboter-installationsset-fue\/","title":{"rendered":"Begrenzungskabel-Set f\u00fcr Rasenm\u00e4h..."},"content":{"rendered":"<p>\n                                             Produktbeschreibung   <\/p>\n<p>                                                  <img decoding=\"async\" alt=\"pr\u00fcfen\" src=\"https:\/\/images-na.ssl-images-amazon.com\/images\/G\/01\/x-locale\/common\/grey-pixel.gif\" class=\"a-lazy-loaded\" data-src=\"https:\/\/m.media-amazon.com\/images\/S\/aplus-media\/sc\/fdde7090-315a-4510-8029-620332de42f8.__CR0,0,970,300_PT0_SX970_V1___.jpg\"><img decoding=\"async\" alt=\"pr\u00fcfen\" src=\"https:\/\/m.media-amazon.com\/images\/S\/aplus-media\/sc\/fdde7090-315a-4510-8029-620332de42f8.__CR0,0,970,300_PT0_SX970_V1___.jpg\">  <\/p>\n<p>                                                          <img decoding=\"async\" alt=\"pr\u00fcfen\" src=\"https:\/\/images-na.ssl-images-amazon.com\/images\/G\/01\/x-locale\/common\/grey-pixel.gif\" class=\"a-spacing-mini a-lazy-loaded\" data-src=\"https:\/\/m.media-amazon.com\/images\/S\/aplus-media\/sc\/1f14fd87-de3e-4c79-bef9-e64b4366381d.__CR0,0,300,300_PT0_SX300_V1___.jpg\"><img decoding=\"async\" alt=\"pr\u00fcfen\" src=\"https:\/\/m.media-amazon.com\/images\/S\/aplus-media\/sc\/1f14fd87-de3e-4c79-bef9-e64b4366381d.__CR0,0,300,300_PT0_SX300_V1___.jpg\">  <\/p>\n<p>                                                             Kompatibel mit allen M\u00e4hroboter-Herstellern wie zB: Husqvarna Automower Gardena Worx Landroid Bosch Indego Yard Force Stihl, AL-KO Robomow uvm. Komplett Set f\u00fcrs Verlegen von Begrenzungskabel Begrenzungskabel + Erdn\u00e4gel + Kabelbinder                                     <\/p>\n<p class=\"a-spacing-base\"> Das Kanoo Komplett Set beinhaltet alles, was Sie f\u00fcr die Grenzen des M\u00e4hbereichs von Ihrem M\u00e4hroboter ben\u00f6tigen. <\/p>\n<p class=\"a-spacing-base\">  Das Set besteht aus Kabeln, Erdn\u00e4geln und Kabelbindern. <\/p>\n<p class=\"a-spacing-base\">  Sie k\u00f6nnen zwischen 3 Gr\u00f6\u00dfen ausw\u00e4hlen und die Inhalte sind jeweils perfekt aufeinander abgestimmt. <\/p>\n<p>                                             Schlagen Sie jetzt zu und sparen Sie bares Geld!                                     <\/p>\n<p class=\"a-spacing-base\"> Sie sparen bis zu 15 % im Vergleich zum Einzelkauf! <\/p>\n<p>                                                  <img decoding=\"async\" alt=\"pr\u00fcfen\" src=\"https:\/\/images-na.ssl-images-amazon.com\/images\/G\/01\/x-locale\/common\/grey-pixel.gif\" class=\"a-lazy-loaded\" data-src=\"https:\/\/m.media-amazon.com\/images\/S\/aplus-media\/sc\/180afbf6-4199-487b-a991-de15cf9df485.__CR0,0,970,300_PT0_SX970_V1___.jpg\"><img decoding=\"async\" alt=\"pr\u00fcfen\" src=\"https:\/\/m.media-amazon.com\/images\/S\/aplus-media\/sc\/180afbf6-4199-487b-a991-de15cf9df485.__CR0,0,970,300_PT0_SX970_V1___.jpg\">  <\/p>\n<p class=\"apm-text-center\">\n                                                      <img decoding=\"async\" alt=\"pr\u00fcfen\" src=\"https:\/\/images-na.ssl-images-amazon.com\/images\/G\/01\/x-locale\/common\/grey-pixel.gif\" class=\"a-spacing-mini a-lazy-loaded\" data-src=\"https:\/\/m.media-amazon.com\/images\/S\/aplus-media\/sc\/11020f24-3b6d-4dcf-b44b-b43c94a61f78.__CR0,0,300,300_PT0_SX300_V1___.jpg\"><img decoding=\"async\" alt=\"pr\u00fcfen\" src=\"https:\/\/m.media-amazon.com\/images\/S\/aplus-media\/sc\/11020f24-3b6d-4dcf-b44b-b43c94a61f78.__CR0,0,300,300_PT0_SX300_V1___.jpg\">  <\/p>\n<p>                                                    Signalstarkes Begrenzungskabel                                       Das Begrenzungskabel besteht aus hochwertig verzinntem und kupferplattiertem Aluminium.         100 % Winterfest dank verbesserter Isolierung f\u00fcr unsere Breitengrade.         Das Kabel hat einen Innendurchmesser von 1,42 mm und einen Au\u00dfendurchmesser von 2,7 mm und ist damit kompatibel mit allen M\u00e4hrobotern.         Das Kabel ist auch f\u00fcr sehr gro\u00dfe Rasenfl\u00e4chen geeignet, um ein ungewolltes Verlassen des M\u00e4hbereichs zu verhindern.     <\/p>\n<p class=\"apm-text-center\">\n                                                      <img decoding=\"async\" alt=\"pr\u00fcfen\" src=\"https:\/\/images-na.ssl-images-amazon.com\/images\/G\/01\/x-locale\/common\/grey-pixel.gif\" class=\"a-spacing-mini a-lazy-loaded\" data-src=\"https:\/\/m.media-amazon.com\/images\/S\/aplus-media\/sc\/0d31cc9a-15d7-40c0-9fd9-ae930d42d477.__CR0,0,300,300_PT0_SX300_V1___.jpg\"><img decoding=\"async\" alt=\"pr\u00fcfen\" src=\"https:\/\/m.media-amazon.com\/images\/S\/aplus-media\/sc\/0d31cc9a-15d7-40c0-9fd9-ae930d42d477.__CR0,0,300,300_PT0_SX300_V1___.jpg\">  <\/p>\n<p>                                                    Verst\u00e4rkte Erdn\u00e4gel                                       Die Erdn\u00e4gel bestehen aus extra verst\u00e4rktem Kunststoff. Daher garantiert kein l\u00e4stiges Abknicken beim Verlegen!         Die Sets sind so konzipiert, dass Sie beim Verlegen des Kabels alle 50cm einen Erdnagel verwenden k\u00f6nnen &#8211; praxisbew\u00e4hrt und gekauft!         Sie m\u00f6chten einen k\u00fcrzeren Abstand zwischen den Erdn\u00e4geln? Kein Problem \u2013 Die Kanoo Erdn\u00e4gel sind zu Ihrem Set auch einzeln erh\u00e4ltlich! Legen Sie dazu einfach beide Produkte in den Einkaufswagen und profitieren Sie dazu noch von regelm\u00e4\u00dfigen Rabatten.     <\/p>\n<p class=\"apm-text-center\">\n                                                      <img decoding=\"async\" alt=\"pr\u00fcfen\" src=\"https:\/\/images-na.ssl-images-amazon.com\/images\/G\/01\/x-locale\/common\/grey-pixel.gif\" class=\"a-spacing-mini a-lazy-loaded\" data-src=\"https:\/\/m.media-amazon.com\/images\/S\/aplus-media\/sc\/e12ea606-12ae-434d-9ee2-c0202dc4fab2.__CR0,0,300,300_PT0_SX300_V1___.jpg\"><img decoding=\"async\" alt=\"pr\u00fcfen\" src=\"https:\/\/m.media-amazon.com\/images\/S\/aplus-media\/sc\/e12ea606-12ae-434d-9ee2-c0202dc4fab2.__CR0,0,300,300_PT0_SX300_V1___.jpg\">  <\/p>\n<p>                                                    Verbesserter Kabelbinder                                       Die Kabelbinder haben extra viel Gel und sind daher 100% wetterfest und korrisionsbest\u00e4ndig.         In dem Set sind 20 Kabelbinder enthalten. In der Praxis reicht das f\u00fcr die meisten G\u00e4rten mehr als aus. Vorsorge ist besser als Nachsorge.         Sie ben\u00f6tigen mehr Kabelbinder? Kein Problem \u2013 Die kanoo Kabelbinder sind zu Ihrem Set auch einzeln erh\u00e4ltlich! Legen Sie dazu einfach beide Produkte in den Einkaufswagen und profitieren Sie dazu noch von regelm\u00e4\u00dfigen Rabatten.     <\/p>\n<p>                                                                             <img decoding=\"async\" alt=\"pr\u00fcfen\" src=\"https:\/\/images-na.ssl-images-amazon.com\/images\/G\/01\/x-locale\/common\/grey-pixel.gif\" class=\"a-spacing-base a-lazy-loaded\" data-src=\"https:\/\/m.media-amazon.com\/images\/S\/aplus-media\/sc\/13b5d5d5-f685-4879-b6cc-892b5302abb2.__CR0,0,970,600_PT0_SX970_V1___.jpg\"><img decoding=\"async\" alt=\"pr\u00fcfen\" src=\"https:\/\/m.media-amazon.com\/images\/S\/aplus-media\/sc\/13b5d5d5-f685-4879-b6cc-892b5302abb2.__CR0,0,970,600_PT0_SX970_V1___.jpg\">                                                                    <\/p>\n<p>                         Zum Warenkorb hinzuf\u00fcgen Zum Warenkorb hinzuf\u00fcgen Zum Warenkorb hinzuf\u00fcgen Zum Warenkorb hinzuf\u00fcgen Zum Warenkorb hinzuf\u00fcgen Zum Warenkorb hinzuf\u00fcgen Kundenrezensionen 4,7 von 5 Sternen 807 4,7 von 5 Sternen 624 4,5 von 5 Sternen 122 4,6 von 5 Sternen 1.113 4,6 von 5 Sternen 1.476 4,6 von 5 Sternen 1.476 Preis 24,95 \u20ac24,95 \u20ac 64,95 \u20ac 64,95 \u20ac 13,49 \u20ac 13,49 \u20ac 9,90 \u20ac 9,90 \u20ac 16,95 \u20ac 16,95 \u20ac 19,95 \u20ac 19,95 \u20ac 100, 200 oder 500 Erdspie\u00dfe 30 Ersatzmesser + 30 Schrauben 30 Ersatzmesser + 30 Schrauben Verwendung Zur Verwendung als Such- oder Leitkabel Praktisches Komplett Set zur Erstinstallation Zur Verwendung als Reperatur- oder Erweiterungsset Zum Fixieren von Begrenzungskabel im Boden Ersatzmesser f\u00fcr Ihren M\u00e4hroboter inkl. Schrauben Ersatzmesser f\u00fcr Ihren M\u00e4hroboter inkl. Schrauben Kompatibilit\u00e4t Kompatibel mit allen Herstellern Kompatibel mit allen Herstellern Kompatibel mit allen Herstellern Kompatibel mit allen Herstellern Husqvarna, Gardena, Yard Force uvm. Worx Landroid Kanoo Qualit\u00e4tsgarantie \u2713 \u2713 \u2713 \u2713 \u2713 \u2713<\/p>\n<p>                                                      <img decoding=\"async\" alt=\"pr\u00fcfen\" src=\"https:\/\/images-na.ssl-images-amazon.com\/images\/G\/01\/x-locale\/common\/grey-pixel.gif\" class=\"a-spacing-mini a-lazy-loaded\" data-src=\"https:\/\/m.media-amazon.com\/images\/S\/aplus-media\/sc\/3b522bfc-6c0d-4ef9-8ebe-8ed904cb2db8.__CR0,0,300,300_PT0_SX300_V1___.png\"><img decoding=\"async\" alt=\"pr\u00fcfen\" src=\"https:\/\/m.media-amazon.com\/images\/S\/aplus-media\/sc\/3b522bfc-6c0d-4ef9-8ebe-8ed904cb2db8.__CR0,0,300,300_PT0_SX300_V1___.png\">  <\/p>\n<h3 class=\"a-spacing-mini\">  kanoo \u2013 Die Marke f\u00fcr echte Gartenfreunde <\/h3>\n<p class=\"a-spacing-base\">  Geben Sie es zu: Sie haben auch schon gel\u00e4chelt, als Ihr M\u00e4hroboter seine Runden gedreht hat. <\/p>\n<p class=\"a-spacing-base\">  Wir wissen: Ihr M\u00e4hroboter ist mehr f\u00fcr Sie als ein reiner Gartenhelfer. Ein M\u00e4hroboter geh\u00f6rt fast schon zur Familie. <\/p>\n<p class=\"a-spacing-base\">  Unsere Mission: Wir m\u00f6chten Ihnen dabei helfen, Ihren Garten ein kleines St\u00fcck besser zu machen. <\/p>\n<p class=\"a-spacing-base\">  Unser Versprechen: Ihre Zufriedenheit ist uns am wichtigsten. Sollte mal etwas mit Ihrer Bestellung nicht passen, finden wir immer eine gemeinsame L\u00f6sung \u2013 versprochen! <\/p>\n<p>                                                         Gute Gr\u00fcnde f\u00fcr kanoo Deutsches Unternehmen Einzigartiger Kundensupport Faire Arbeitsbedingungen in der Produktion Strengste Qualit\u00e4tskontrollen Wir lieben unsere Kunden!       <\/p>\n<p>Alles drin: Mit unserem Einbauset sind Sie auf einen Schlag bestens ger\u00fcstet, um Ihrem Rasenroboter den Weg zu weisen. Alle Teile unseres Sets sind besonders stabil und hochwertig<br \/>F\u00fcr kleine G\u00e4rten: Mit unserem M\u00e4hroboter-Zubeh\u00f6rset grenzen Sie 30-100 m\u00b2 Gartenfl\u00e4che ein. Das Set besteht aus 50 m Begrenzungskabel und 100 x Erdhaken + 5 x Kabelverbinder<br \/>50 m Begrenzungskabel: Nutzen Sie das Kanoo-Begrenzungskabel f\u00fcr alle g\u00e4ngigen Rasenm\u00e4herroboter wie Husquarna Automower, Worx Landroid, Gardena, Bosch Indego, AL-KO, Robomow, Wolf Garten oder Stihl<br \/>5 x Kabelverbinder: Die Kanoo Kabelverbinder dienen als Verlegehilfe f\u00fcr Begrenzungskabel. Mit dem besonders scharfen Drahtschneider l\u00e4sst sich das Kabel anpassen. Wir haben noch mehr Gel in die Kabelanschl\u00fcsse gegeben, um die Wetterbest\u00e4ndigkeit noch weiter zu erh\u00f6hen<br \/>Weiteres Zubeh\u00f6r in unserem Shop: Sie ben\u00f6tigen weiteres individuelles Zubeh\u00f6r f\u00fcr Ihren Rasenroboter? Jedes Teil dieses Sets ist auch einzeln oder in anderen Kombinationen in unserem Shop erh\u00e4ltlich<\/p>\n<p>[ad_2]<\/p>\n","protected":false},"excerpt":{"rendered":"<p>Produktbeschreibung Kompatibel mit allen M\u00e4hroboter-Herstellern wie zB: Husqvarna Automower Gardena Worx Landroid Bosch Indego Yard Force Stihl, AL-KO Robomow uvm. Komplett Set f\u00fcrs Verlegen von Begrenzungskabel Begrenzungskabel + Erdn\u00e4gel + Kabelbinder Das Kanoo Komplett Set beinhaltet alles, was Sie f\u00fcr die Grenzen des M\u00e4hbereichs von Ihrem M\u00e4hroboter ben\u00f6tigen. Das Set besteht aus Kabeln, Erdn\u00e4geln und [&hellip;]<\/p>\n","protected":false},"featured_media":2677,"comment_status":"open","ping_status":"closed","template":"","meta":{"_aipt_faq_data":""},"store":[],"product_brand":[183],"product_cat":[86],"product_tag":[182],"class_list":{"0":"post-2676","1":"product","2":"type-product","3":"status-publish","4":"has-post-thumbnail","6":"product_brand-kanoo","7":"product_cat-zubehoer-fuer-rasenmaehroboter","8":"product_tag-zubehoer-fuer-rasenmaehroboter-begrenzungskabel","10":"first","11":"instock","12":"shipping-taxable","13":"product-type-external"},"yoast_head":"<!-- This site is optimized with the Yoast SEO plugin v27.0 - https:\/\/yoast.com\/product\/yoast-seo-wordpress\/ -->\n<title>Begrenzungskabel-Set f\u00fcr Rasenm\u00e4herroboter \u2013 Kabel + Erdn\u00e4gel + Kabelverbinder + Verbindungsklemmen \u2013 Komplettset f\u00fcr alle Marken \u2013 Rasenm\u00e4her-Roboter-Installationsset f\u00fcr die Erstinstallation - EasyLifeBro<\/title>\n<meta name=\"description\" content=\"Entdecken Sie smarte Roboter f\u00fcr Zuhause, Garten, Bildung und Sicherheit. Vergleichen Sie Saugroboter, Rasenm\u00e4hroboter, KI-Begleitroboter und mehr bei EasyLifeRobo.\" \/>\n<meta name=\"robots\" content=\"index, follow, max-snippet:-1, max-image-preview:large, max-video-preview:-1\" \/>\n<link rel=\"canonical\" href=\"https:\/\/easyliferobo.com\/de\/product\/begrenzungskabel-set-fuer-rasenmaeherroboter-kabel-erdnaegel-kabelverbinder-verbindungsklemmen-komplettset-fuer-alle-marken-rasenmaeher-roboter-installationsset-fue\/\" \/>\n<meta property=\"og:locale\" content=\"de_DE\" \/>\n<meta property=\"og:type\" content=\"article\" \/>\n<meta property=\"og:title\" content=\"Begrenzungskabel-Set f\u00fcr Rasenm\u00e4herroboter \u2013 Kabel + Erdn\u00e4gel + Kabelverbinder + Verbindungsklemmen \u2013 Komplettset f\u00fcr alle Marken \u2013 Rasenm\u00e4her-Roboter-Installationsset f\u00fcr die Erstinstallation - EasyLifeBro\" \/>\n<meta property=\"og:description\" content=\"Entdecken Sie smarte Roboter f\u00fcr Zuhause, Garten, Bildung und Sicherheit. Vergleichen Sie Saugroboter, Rasenm\u00e4hroboter, KI-Begleitroboter und mehr bei EasyLifeRobo.\" \/>\n<meta property=\"og:url\" content=\"https:\/\/easyliferobo.com\/de\/product\/begrenzungskabel-set-fuer-rasenmaeherroboter-kabel-erdnaegel-kabelverbinder-verbindungsklemmen-komplettset-fuer-alle-marken-rasenmaeher-roboter-installationsset-fue\/\" \/>\n<meta property=\"og:site_name\" content=\"EasyLifeBro\" \/>\n<meta property=\"article:modified_time\" content=\"2026-02-27T04:51:14+00:00\" \/>\n<meta property=\"og:image\" content=\"https:\/\/images-na.ssl-images-amazon.com\/images\/G\/01\/x-locale\/common\/grey-pixel.gif\" \/>\n<meta name=\"twitter:card\" content=\"summary_large_image\" \/>\n<meta name=\"twitter:label1\" content=\"Gesch\u00e4tzte Lesezeit\" \/>\n\t<meta name=\"twitter:data1\" content=\"4\u00a0Minuten\" \/>\n<script type=\"application\/ld+json\" class=\"yoast-schema-graph\">{\"@context\":\"https:\/\/schema.org\",\"@graph\":[{\"@type\":\"WebPage\",\"@id\":\"https:\/\/easyliferobo.com\/de\/product\/begrenzungskabel-set-fuer-rasenmaeherroboter-kabel-erdnaegel-kabelverbinder-verbindungsklemmen-komplettset-fuer-alle-marken-rasenmaeher-roboter-installationsset-fue\/\",\"url\":\"https:\/\/easyliferobo.com\/de\/product\/begrenzungskabel-set-fuer-rasenmaeherroboter-kabel-erdnaegel-kabelverbinder-verbindungsklemmen-komplettset-fuer-alle-marken-rasenmaeher-roboter-installationsset-fue\/\",\"name\":\"Begrenzungskabel-Set f\u00fcr Rasenm\u00e4herroboter \u2013 Kabel + Erdn\u00e4gel + Kabelverbinder + Verbindungsklemmen \u2013 Komplettset f\u00fcr alle Marken \u2013 Rasenm\u00e4her-Roboter-Installationsset f\u00fcr die Erstinstallation - EasyLifeBro\",\"isPartOf\":{\"@id\":\"https:\/\/easyliferobo.com\/de\/#website\"},\"primaryImageOfPage\":{\"@id\":\"https:\/\/easyliferobo.com\/de\/product\/begrenzungskabel-set-fuer-rasenmaeherroboter-kabel-erdnaegel-kabelverbinder-verbindungsklemmen-komplettset-fuer-alle-marken-rasenmaeher-roboter-installationsset-fue\/#primaryimage\"},\"image\":{\"@id\":\"https:\/\/easyliferobo.com\/de\/product\/begrenzungskabel-set-fuer-rasenmaeherroboter-kabel-erdnaegel-kabelverbinder-verbindungsklemmen-komplettset-fuer-alle-marken-rasenmaeher-roboter-installationsset-fue\/#primaryimage\"},\"thumbnailUrl\":\"https:\/\/easyliferobo.com\/de\/wp-content\/uploads\/2026\/02\/816Kbxy0vbL._AC_SL1500_.jpg\",\"datePublished\":\"2026-02-27T04:50:57+00:00\",\"dateModified\":\"2026-02-27T04:51:14+00:00\",\"description\":\"Entdecken Sie smarte Roboter f\u00fcr Zuhause, Garten, Bildung und Sicherheit. Vergleichen Sie Saugroboter, Rasenm\u00e4hroboter, KI-Begleitroboter und mehr bei EasyLifeRobo.\",\"breadcrumb\":{\"@id\":\"https:\/\/easyliferobo.com\/de\/product\/begrenzungskabel-set-fuer-rasenmaeherroboter-kabel-erdnaegel-kabelverbinder-verbindungsklemmen-komplettset-fuer-alle-marken-rasenmaeher-roboter-installationsset-fue\/#breadcrumb\"},\"inLanguage\":\"de\",\"potentialAction\":[{\"@type\":\"ReadAction\",\"target\":[\"https:\/\/easyliferobo.com\/de\/product\/begrenzungskabel-set-fuer-rasenmaeherroboter-kabel-erdnaegel-kabelverbinder-verbindungsklemmen-komplettset-fuer-alle-marken-rasenmaeher-roboter-installationsset-fue\/\"]}]},{\"@type\":\"ImageObject\",\"inLanguage\":\"de\",\"@id\":\"https:\/\/easyliferobo.com\/de\/product\/begrenzungskabel-set-fuer-rasenmaeherroboter-kabel-erdnaegel-kabelverbinder-verbindungsklemmen-komplettset-fuer-alle-marken-rasenmaeher-roboter-installationsset-fue\/#primaryimage\",\"url\":\"https:\/\/easyliferobo.com\/de\/wp-content\/uploads\/2026\/02\/816Kbxy0vbL._AC_SL1500_.jpg\",\"contentUrl\":\"https:\/\/easyliferobo.com\/de\/wp-content\/uploads\/2026\/02\/816Kbxy0vbL._AC_SL1500_.jpg\",\"width\":1115,\"height\":1500},{\"@type\":\"BreadcrumbList\",\"@id\":\"https:\/\/easyliferobo.com\/de\/product\/begrenzungskabel-set-fuer-rasenmaeherroboter-kabel-erdnaegel-kabelverbinder-verbindungsklemmen-komplettset-fuer-alle-marken-rasenmaeher-roboter-installationsset-fue\/#breadcrumb\",\"itemListElement\":[{\"@type\":\"ListItem\",\"position\":1,\"name\":\"Home\",\"item\":\"https:\/\/easyliferobo.com\/de\/\"},{\"@type\":\"ListItem\",\"position\":2,\"name\":\"Shop\",\"item\":\"https:\/\/easyliferobo.com\/de\/shop\/\"},{\"@type\":\"ListItem\",\"position\":3,\"name\":\"Begrenzungskabel-Set f\u00fcr Rasenm\u00e4h...\"}]},{\"@type\":\"WebSite\",\"@id\":\"https:\/\/easyliferobo.com\/de\/#website\",\"url\":\"https:\/\/easyliferobo.com\/de\/\",\"name\":\"EasyLifeBro\",\"description\":\"Smarte Roboter f\u00fcr Zuhause, Garten &amp; Bildung\",\"publisher\":{\"@id\":\"https:\/\/easyliferobo.com\/de\/#organization\"},\"potentialAction\":[{\"@type\":\"SearchAction\",\"target\":{\"@type\":\"EntryPoint\",\"urlTemplate\":\"https:\/\/easyliferobo.com\/de\/?s={search_term_string}\"},\"query-input\":{\"@type\":\"PropertyValueSpecification\",\"valueRequired\":true,\"valueName\":\"search_term_string\"}}],\"inLanguage\":\"de\"},{\"@type\":\"Organization\",\"@id\":\"https:\/\/easyliferobo.com\/de\/#organization\",\"name\":\"EasyLifeBro\",\"url\":\"https:\/\/easyliferobo.com\/de\/\",\"logo\":{\"@type\":\"ImageObject\",\"inLanguage\":\"de\",\"@id\":\"https:\/\/easyliferobo.com\/de\/#\/schema\/logo\/image\/\",\"url\":\"https:\/\/easyliferobo.com\/de\/wp-content\/uploads\/2026\/02\/Screenshot-2026-02-22-at-2.25.03-PM.png\",\"contentUrl\":\"https:\/\/easyliferobo.com\/de\/wp-content\/uploads\/2026\/02\/Screenshot-2026-02-22-at-2.25.03-PM.png\",\"width\":1858,\"height\":430,\"caption\":\"EasyLifeBro\"},\"image\":{\"@id\":\"https:\/\/easyliferobo.com\/de\/#\/schema\/logo\/image\/\"}}]}<\/script>\n<!-- \/ Yoast SEO plugin. -->","yoast_head_json":{"title":"Begrenzungskabel-Set f\u00fcr Rasenm\u00e4herroboter \u2013 Kabel + Erdn\u00e4gel + Kabelverbinder + Verbindungsklemmen \u2013 Komplettset f\u00fcr alle Marken \u2013 Rasenm\u00e4her-Roboter-Installationsset f\u00fcr die Erstinstallation - EasyLifeBro","description":"Entdecken Sie smarte Roboter f\u00fcr Zuhause, Garten, Bildung und Sicherheit. Vergleichen Sie Saugroboter, Rasenm\u00e4hroboter, KI-Begleitroboter und mehr bei EasyLifeRobo.","robots":{"index":"index","follow":"follow","max-snippet":"max-snippet:-1","max-image-preview":"max-image-preview:large","max-video-preview":"max-video-preview:-1"},"canonical":"https:\/\/easyliferobo.com\/de\/product\/begrenzungskabel-set-fuer-rasenmaeherroboter-kabel-erdnaegel-kabelverbinder-verbindungsklemmen-komplettset-fuer-alle-marken-rasenmaeher-roboter-installationsset-fue\/","og_locale":"de_DE","og_type":"article","og_title":"Begrenzungskabel-Set f\u00fcr Rasenm\u00e4herroboter \u2013 Kabel + Erdn\u00e4gel + Kabelverbinder + Verbindungsklemmen \u2013 Komplettset f\u00fcr alle Marken \u2013 Rasenm\u00e4her-Roboter-Installationsset f\u00fcr die Erstinstallation - EasyLifeBro","og_description":"Entdecken Sie smarte Roboter f\u00fcr Zuhause, Garten, Bildung und Sicherheit. Vergleichen Sie Saugroboter, Rasenm\u00e4hroboter, KI-Begleitroboter und mehr bei EasyLifeRobo.","og_url":"https:\/\/easyliferobo.com\/de\/product\/begrenzungskabel-set-fuer-rasenmaeherroboter-kabel-erdnaegel-kabelverbinder-verbindungsklemmen-komplettset-fuer-alle-marken-rasenmaeher-roboter-installationsset-fue\/","og_site_name":"EasyLifeBro","article_modified_time":"2026-02-27T04:51:14+00:00","og_image":[{"url":"https:\/\/images-na.ssl-images-amazon.com\/images\/G\/01\/x-locale\/common\/grey-pixel.gif","type":"","width":"","height":""}],"twitter_card":"summary_large_image","twitter_misc":{"Gesch\u00e4tzte Lesezeit":"4\u00a0Minuten"},"schema":{"@context":"https:\/\/schema.org","@graph":[{"@type":"WebPage","@id":"https:\/\/easyliferobo.com\/de\/product\/begrenzungskabel-set-fuer-rasenmaeherroboter-kabel-erdnaegel-kabelverbinder-verbindungsklemmen-komplettset-fuer-alle-marken-rasenmaeher-roboter-installationsset-fue\/","url":"https:\/\/easyliferobo.com\/de\/product\/begrenzungskabel-set-fuer-rasenmaeherroboter-kabel-erdnaegel-kabelverbinder-verbindungsklemmen-komplettset-fuer-alle-marken-rasenmaeher-roboter-installationsset-fue\/","name":"Begrenzungskabel-Set f\u00fcr Rasenm\u00e4herroboter \u2013 Kabel + Erdn\u00e4gel + Kabelverbinder + Verbindungsklemmen \u2013 Komplettset f\u00fcr alle Marken \u2013 Rasenm\u00e4her-Roboter-Installationsset f\u00fcr die Erstinstallation - EasyLifeBro","isPartOf":{"@id":"https:\/\/easyliferobo.com\/de\/#website"},"primaryImageOfPage":{"@id":"https:\/\/easyliferobo.com\/de\/product\/begrenzungskabel-set-fuer-rasenmaeherroboter-kabel-erdnaegel-kabelverbinder-verbindungsklemmen-komplettset-fuer-alle-marken-rasenmaeher-roboter-installationsset-fue\/#primaryimage"},"image":{"@id":"https:\/\/easyliferobo.com\/de\/product\/begrenzungskabel-set-fuer-rasenmaeherroboter-kabel-erdnaegel-kabelverbinder-verbindungsklemmen-komplettset-fuer-alle-marken-rasenmaeher-roboter-installationsset-fue\/#primaryimage"},"thumbnailUrl":"https:\/\/easyliferobo.com\/de\/wp-content\/uploads\/2026\/02\/816Kbxy0vbL._AC_SL1500_.jpg","datePublished":"2026-02-27T04:50:57+00:00","dateModified":"2026-02-27T04:51:14+00:00","description":"Entdecken Sie smarte Roboter f\u00fcr Zuhause, Garten, Bildung und Sicherheit. Vergleichen Sie Saugroboter, Rasenm\u00e4hroboter, KI-Begleitroboter und mehr bei EasyLifeRobo.","breadcrumb":{"@id":"https:\/\/easyliferobo.com\/de\/product\/begrenzungskabel-set-fuer-rasenmaeherroboter-kabel-erdnaegel-kabelverbinder-verbindungsklemmen-komplettset-fuer-alle-marken-rasenmaeher-roboter-installationsset-fue\/#breadcrumb"},"inLanguage":"de","potentialAction":[{"@type":"ReadAction","target":["https:\/\/easyliferobo.com\/de\/product\/begrenzungskabel-set-fuer-rasenmaeherroboter-kabel-erdnaegel-kabelverbinder-verbindungsklemmen-komplettset-fuer-alle-marken-rasenmaeher-roboter-installationsset-fue\/"]}]},{"@type":"ImageObject","inLanguage":"de","@id":"https:\/\/easyliferobo.com\/de\/product\/begrenzungskabel-set-fuer-rasenmaeherroboter-kabel-erdnaegel-kabelverbinder-verbindungsklemmen-komplettset-fuer-alle-marken-rasenmaeher-roboter-installationsset-fue\/#primaryimage","url":"https:\/\/easyliferobo.com\/de\/wp-content\/uploads\/2026\/02\/816Kbxy0vbL._AC_SL1500_.jpg","contentUrl":"https:\/\/easyliferobo.com\/de\/wp-content\/uploads\/2026\/02\/816Kbxy0vbL._AC_SL1500_.jpg","width":1115,"height":1500},{"@type":"BreadcrumbList","@id":"https:\/\/easyliferobo.com\/de\/product\/begrenzungskabel-set-fuer-rasenmaeherroboter-kabel-erdnaegel-kabelverbinder-verbindungsklemmen-komplettset-fuer-alle-marken-rasenmaeher-roboter-installationsset-fue\/#breadcrumb","itemListElement":[{"@type":"ListItem","position":1,"name":"Home","item":"https:\/\/easyliferobo.com\/de\/"},{"@type":"ListItem","position":2,"name":"Shop","item":"https:\/\/easyliferobo.com\/de\/shop\/"},{"@type":"ListItem","position":3,"name":"Begrenzungskabel-Set f\u00fcr Rasenm\u00e4h..."}]},{"@type":"WebSite","@id":"https:\/\/easyliferobo.com\/de\/#website","url":"https:\/\/easyliferobo.com\/de\/","name":"EasyLifeBro","description":"Smarte Roboter f\u00fcr Zuhause, Garten &amp; Bildung","publisher":{"@id":"https:\/\/easyliferobo.com\/de\/#organization"},"potentialAction":[{"@type":"SearchAction","target":{"@type":"EntryPoint","urlTemplate":"https:\/\/easyliferobo.com\/de\/?s={search_term_string}"},"query-input":{"@type":"PropertyValueSpecification","valueRequired":true,"valueName":"search_term_string"}}],"inLanguage":"de"},{"@type":"Organization","@id":"https:\/\/easyliferobo.com\/de\/#organization","name":"EasyLifeBro","url":"https:\/\/easyliferobo.com\/de\/","logo":{"@type":"ImageObject","inLanguage":"de","@id":"https:\/\/easyliferobo.com\/de\/#\/schema\/logo\/image\/","url":"https:\/\/easyliferobo.com\/de\/wp-content\/uploads\/2026\/02\/Screenshot-2026-02-22-at-2.25.03-PM.png","contentUrl":"https:\/\/easyliferobo.com\/de\/wp-content\/uploads\/2026\/02\/Screenshot-2026-02-22-at-2.25.03-PM.png","width":1858,"height":430,"caption":"EasyLifeBro"},"image":{"@id":"https:\/\/easyliferobo.com\/de\/#\/schema\/logo\/image\/"}}]}},"_links":{"self":[{"href":"https:\/\/easyliferobo.com\/de\/wp-json\/wp\/v2\/product\/2676","targetHints":{"allow":["GET"]}}],"collection":[{"href":"https:\/\/easyliferobo.com\/de\/wp-json\/wp\/v2\/product"}],"about":[{"href":"https:\/\/easyliferobo.com\/de\/wp-json\/wp\/v2\/types\/product"}],"replies":[{"embeddable":true,"href":"https:\/\/easyliferobo.com\/de\/wp-json\/wp\/v2\/comments?post=2676"}],"wp:featuredmedia":[{"embeddable":true,"href":"https:\/\/easyliferobo.com\/de\/wp-json\/wp\/v2\/media\/2677"}],"wp:attachment":[{"href":"https:\/\/easyliferobo.com\/de\/wp-json\/wp\/v2\/media?parent=2676"}],"wp:term":[{"taxonomy":"store","embeddable":true,"href":"https:\/\/easyliferobo.com\/de\/wp-json\/wp\/v2\/store?post=2676"},{"taxonomy":"product_brand","embeddable":true,"href":"https:\/\/easyliferobo.com\/de\/wp-json\/wp\/v2\/product_brand?post=2676"},{"taxonomy":"product_cat","embeddable":true,"href":"https:\/\/easyliferobo.com\/de\/wp-json\/wp\/v2\/product_cat?post=2676"},{"taxonomy":"product_tag","embeddable":true,"href":"https:\/\/easyliferobo.com\/de\/wp-json\/wp\/v2\/product_tag?post=2676"}],"curies":[{"name":"wp","href":"https:\/\/api.w.org\/{rel}","templated":true}]}}