
{"id":2667,"date":"2026-02-27T04:49:22","date_gmt":"2026-02-27T04:49:22","guid":{"rendered":"https:\/\/easyliferobo.com\/de\/product\/simrex-roboter-kinderspielzeug-wiederaufladbar-und-projizierbar-rc-roboter-mit-led-augen-und-musik-rc-spielzeug-mit-gestensensor-fuer-kinder-im-alter-von-3-4-5-6-7-8-jahren-als-geschenk-fuer-jungen\/"},"modified":"2026-02-27T04:49:37","modified_gmt":"2026-02-27T04:49:37","slug":"simrex-roboter-kinderspielzeug-wiederaufladbar-und-projizierbar-rc-roboter-mit-led-augen-und-musik-rc-spielzeug-mit-gestensensor-fuer-kinder-im-alter-von-3-4-5-6-7-8-jahren-als-geschenk-fuer-jungen","status":"publish","type":"product","link":"https:\/\/easyliferobo.com\/de\/product\/simrex-roboter-kinderspielzeug-wiederaufladbar-und-projizierbar-rc-roboter-mit-led-augen-und-musik-rc-spielzeug-mit-gestensensor-fuer-kinder-im-alter-von-3-4-5-6-7-8-jahren-als-geschenk-fuer-jungen\/","title":{"rendered":"SIMREX Roboter-Kinderspielzeug, wie..."},"content":{"rendered":"<p>\n                                             Von der Marke   <\/p>\n<p>                                              <img decoding=\"async\" alt=\"SIMREX-Drohne\" src=\"https:\/\/images-na.ssl-images-amazon.com\/images\/G\/01\/x-locale\/common\/grey-pixel.gif\" class=\"a-lazy-loaded\" data-src=\"https:\/\/m.media-amazon.com\/images\/S\/aplus-media-library-service-media\/e94ebce0-1bd7-4b02-8660-9f187e525d6f.__CR0,0,1464,625_PT0_SX1464_V1___.jpg\"><img decoding=\"async\" alt=\"SIMREX-Drohne\" src=\"https:\/\/m.media-amazon.com\/images\/S\/aplus-media-library-service-media\/e94ebce0-1bd7-4b02-8660-9f187e525d6f.__CR0,0,1464,625_PT0_SX1464_V1___.jpg\">  <\/p>\n<p>                                              <img decoding=\"async\" alt=\"\" src=\"https:\/\/images-na.ssl-images-amazon.com\/images\/G\/01\/x-locale\/common\/grey-pixel.gif\" class=\"a-lazy-loaded\" data-src=\"https:\/\/m.media-amazon.com\/images\/S\/aplus-media-library-service-media\/692cbf22-1efe-49ec-a60f-4cb524bdb727.__CR0,130,1558,717_PT0_SX315_V1___.png\"><img decoding=\"async\" alt=\"\" src=\"https:\/\/m.media-amazon.com\/images\/S\/aplus-media-library-service-media\/692cbf22-1efe-49ec-a60f-4cb524bdb727.__CR0,130,1558,717_PT0_SX315_V1___.png\">  <\/p>\n<p>  SIMREX ist eine f\u00fchrende und lebendige 3C-Marke f\u00fcr digitales Zubeh\u00f6r und Elektronik. SIMREX bietet seinen Kunden innovative und leistungsstarke Produkte, vermittelt die Markenkultur von \u201eEssential Product Life\u201c und versucht, den Anforderungen der Kunden gerecht zu werden. <\/p>\n<p>                                              <img decoding=\"async\" alt=\"SIMREX\" src=\"https:\/\/images-na.ssl-images-amazon.com\/images\/G\/01\/x-locale\/common\/grey-pixel.gif\" class=\"a-lazy-loaded\" data-src=\"https:\/\/m.media-amazon.com\/images\/S\/aplus-media-library-service-media\/e0f00170-e85f-441f-a96a-4031d1e364c7.__CR0,0,362,453_PT0_SX362_V1___.jpg\"><img decoding=\"async\" alt=\"SIMREX\" src=\"https:\/\/m.media-amazon.com\/images\/S\/aplus-media-library-service-media\/e0f00170-e85f-441f-a96a-4031d1e364c7.__CR0,0,362,453_PT0_SX362_V1___.jpg\">  <\/p>\n<p>                                              <img decoding=\"async\" alt=\"SIMREX-Drohne\" src=\"https:\/\/images-na.ssl-images-amazon.com\/images\/G\/01\/x-locale\/common\/grey-pixel.gif\" class=\"a-lazy-loaded\" data-src=\"https:\/\/m.media-amazon.com\/images\/S\/aplus-media-library-service-media\/45a21ec9-ea5f-49c7-8ee1-64272ab20aad.__CR0,0,362,453_PT0_SX362_V1___.jpg\"><img decoding=\"async\" alt=\"SIMREX-Drohne\" src=\"https:\/\/m.media-amazon.com\/images\/S\/aplus-media-library-service-media\/45a21ec9-ea5f-49c7-8ee1-64272ab20aad.__CR0,0,362,453_PT0_SX362_V1___.jpg\">  <\/p>\n<p>                                              <img decoding=\"async\" alt=\"SIMREX-Drohne\" src=\"https:\/\/images-na.ssl-images-amazon.com\/images\/G\/01\/x-locale\/common\/grey-pixel.gif\" class=\"a-lazy-loaded\" data-src=\"https:\/\/m.media-amazon.com\/images\/S\/aplus-media-library-service-media\/08f791e5-52a2-478f-b8a7-3db3bc76d717.__CR0,0,362,453_PT0_SX362_V1___.jpg\"><img decoding=\"async\" alt=\"SIMREX-Drohne\" src=\"https:\/\/m.media-amazon.com\/images\/S\/aplus-media-library-service-media\/08f791e5-52a2-478f-b8a7-3db3bc76d717.__CR0,0,362,453_PT0_SX362_V1___.jpg\">  <\/p>\n<h3>  SIMREX-Drohne <\/h3>\n<h3>  SIMREX-Drohne <\/h3>\n<p>(Beide Steuerungsmethoden): Der SIMREX Record Voice Robot kann von Kindern im Alter von 4\u20139 Jahren einfach per Fernbedienung oder Gestenerkennung gesteuert werden. Verschiedene Gestenbefehle erm\u00f6glichen es dem Roboter, sich schnell und pr\u00e4zise vorw\u00e4rts, r\u00fcckw\u00e4rts, links und rechts zu bewegen. Ein tolles Geschenk f\u00fcr kleine Jungen und M\u00e4dchen<br \/>(USB wiederaufladbar): Mit dem eingebauten Akku, der einfach \u00fcber USB aufgeladen werden kann, ist der Lernroboter f\u00fcr Kinder praktisch zum Spielen drinnen und drau\u00dfen. Mit einer Ladezeit von nur einer Stunde und einer Betriebszeit von 70 Minuten ist der SIMREX Record Voice Robot ein zuverl\u00e4ssiges und langlebiges Spielzeug, an dem Kinder jahrelang Freude haben werden<br \/>(Emotionale Kommunikation): Der SIMREX Record Voice Robot mit einer Aufnahmezeit von 15 Sekunden ist ein unterhaltsames und ansprechendes Spielzeug f\u00fcr Kinder, um ihre Kommunikationsf\u00e4higkeiten zu entwickeln. Mit der M\u00f6glichkeit, personalisierte Sprachnachrichten aufzuzeichnen und Stimmen zu \u00e4ndern, macht dieser interaktive Roboter die Kommunikation f\u00fcr Kinder jeden Alters spannend und einfach<br \/>(Einzigartiges Design): Der niedliche und interessante Roboter hat ein tolles Aussehen \u2013 ein Paar LED-Augen, verstellbare Arme und eine Panzerkettenverzierung an der Unterseite, die ihm ein technologisches Aussehen verleiht. Die Reichweite der Fernbedienung betr\u00e4gt bis zu 10-12 Meter<br \/>(Im Lieferumfang enthalten): Sie erhalten einen Roboter *1, eine Fernbedienung *1 (Batterien nicht im Lieferumfang enthalten), ein Ladekabel*1, einen Schraubendreher *1 und eine Bedienungsanleitung*1. Bei Fragen oder Problemen k\u00f6nnen Sie sich jederzeit gerne an uns wenden<\/p>\n<p>[ad_2]<\/p>\n","protected":false},"excerpt":{"rendered":"<p>Von der Marke SIMREX ist eine f\u00fchrende und lebendige 3C-Marke f\u00fcr digitales Zubeh\u00f6r und Elektronik. SIMREX bietet seinen Kunden innovative und leistungsstarke Produkte, vermittelt die Markenkultur von \u201eEssential Product Life\u201c und versucht, den Anforderungen der Kunden gerecht zu werden. SIMREX-Drohne SIMREX-Drohne (Beide Steuerungsmethoden): Der SIMREX Record Voice Robot kann von Kindern im Alter von 4\u20139 [&hellip;]<\/p>\n","protected":false},"featured_media":2668,"comment_status":"open","ping_status":"closed","template":"","meta":{"_aipt_faq_data":""},"store":[],"product_brand":[],"product_cat":[88],"product_tag":[181],"class_list":{"0":"post-2667","1":"product","2":"type-product","3":"status-publish","4":"has-post-thumbnail","6":"product_cat-interaktive-spielzeugroboter","7":"product_tag-interaktive-spielzeugroboter-fuer-kinder","9":"first","10":"instock","11":"sale","12":"shipping-taxable","13":"product-type-external"},"yoast_head":"<!-- This site is optimized with the Yoast SEO plugin v27.4 - https:\/\/yoast.com\/product\/yoast-seo-wordpress\/ -->\n<title>SIMREX Roboter-Kinderspielzeug, wiederaufladbar und projizierbar, RC-Roboter mit LED-Augen und Musik, RC-Spielzeug mit Gestensensor f\u00fcr Kinder im Alter von 3 4 5 6 7 8 Jahren als Geschenk f\u00fcr Jungen und M\u00e4dchen, Hellblau - EasyLifeBro<\/title>\n<meta name=\"description\" content=\"Entdecken Sie smarte Roboter f\u00fcr Zuhause, Garten, Bildung und Sicherheit. Vergleichen Sie Saugroboter, Rasenm\u00e4hroboter, KI-Begleitroboter und mehr bei EasyLifeRobo.\" \/>\n<meta name=\"robots\" content=\"index, follow, max-snippet:-1, max-image-preview:large, max-video-preview:-1\" \/>\n<link rel=\"canonical\" href=\"https:\/\/easyliferobo.com\/de\/product\/simrex-roboter-kinderspielzeug-wiederaufladbar-und-projizierbar-rc-roboter-mit-led-augen-und-musik-rc-spielzeug-mit-gestensensor-fuer-kinder-im-alter-von-3-4-5-6-7-8-jahren-als-geschenk-fuer-jungen\/\" \/>\n<meta property=\"og:locale\" content=\"de_DE\" \/>\n<meta property=\"og:type\" content=\"article\" \/>\n<meta property=\"og:title\" content=\"SIMREX Roboter-Kinderspielzeug, wiederaufladbar und projizierbar, RC-Roboter mit LED-Augen und Musik, RC-Spielzeug mit Gestensensor f\u00fcr Kinder im Alter von 3 4 5 6 7 8 Jahren als Geschenk f\u00fcr Jungen und M\u00e4dchen, Hellblau - EasyLifeBro\" \/>\n<meta property=\"og:description\" content=\"Entdecken Sie smarte Roboter f\u00fcr Zuhause, Garten, Bildung und Sicherheit. Vergleichen Sie Saugroboter, Rasenm\u00e4hroboter, KI-Begleitroboter und mehr bei EasyLifeRobo.\" \/>\n<meta property=\"og:url\" content=\"https:\/\/easyliferobo.com\/de\/product\/simrex-roboter-kinderspielzeug-wiederaufladbar-und-projizierbar-rc-roboter-mit-led-augen-und-musik-rc-spielzeug-mit-gestensensor-fuer-kinder-im-alter-von-3-4-5-6-7-8-jahren-als-geschenk-fuer-jungen\/\" \/>\n<meta property=\"og:site_name\" content=\"EasyLifeBro\" \/>\n<meta property=\"article:modified_time\" content=\"2026-02-27T04:49:37+00:00\" \/>\n<meta property=\"og:image\" content=\"https:\/\/images-na.ssl-images-amazon.com\/images\/G\/01\/x-locale\/common\/grey-pixel.gif\" \/>\n<meta name=\"twitter:card\" content=\"summary_large_image\" \/>\n<meta name=\"twitter:label1\" content=\"Gesch\u00e4tzte Lesezeit\" \/>\n\t<meta name=\"twitter:data1\" content=\"1\u00a0Minute\" \/>\n<script type=\"application\/ld+json\" class=\"yoast-schema-graph\">{\"@context\":\"https:\\\/\\\/schema.org\",\"@graph\":[{\"@type\":\"WebPage\",\"@id\":\"https:\\\/\\\/easyliferobo.com\\\/de\\\/product\\\/simrex-roboter-kinderspielzeug-wiederaufladbar-und-projizierbar-rc-roboter-mit-led-augen-und-musik-rc-spielzeug-mit-gestensensor-fuer-kinder-im-alter-von-3-4-5-6-7-8-jahren-als-geschenk-fuer-jungen\\\/\",\"url\":\"https:\\\/\\\/easyliferobo.com\\\/de\\\/product\\\/simrex-roboter-kinderspielzeug-wiederaufladbar-und-projizierbar-rc-roboter-mit-led-augen-und-musik-rc-spielzeug-mit-gestensensor-fuer-kinder-im-alter-von-3-4-5-6-7-8-jahren-als-geschenk-fuer-jungen\\\/\",\"name\":\"SIMREX Roboter-Kinderspielzeug, wiederaufladbar und projizierbar, RC-Roboter mit LED-Augen und Musik, RC-Spielzeug mit Gestensensor f\u00fcr Kinder im Alter von 3 4 5 6 7 8 Jahren als Geschenk f\u00fcr Jungen und M\u00e4dchen, Hellblau - EasyLifeBro\",\"isPartOf\":{\"@id\":\"https:\\\/\\\/easyliferobo.com\\\/de\\\/#website\"},\"primaryImageOfPage\":{\"@id\":\"https:\\\/\\\/easyliferobo.com\\\/de\\\/product\\\/simrex-roboter-kinderspielzeug-wiederaufladbar-und-projizierbar-rc-roboter-mit-led-augen-und-musik-rc-spielzeug-mit-gestensensor-fuer-kinder-im-alter-von-3-4-5-6-7-8-jahren-als-geschenk-fuer-jungen\\\/#primaryimage\"},\"image\":{\"@id\":\"https:\\\/\\\/easyliferobo.com\\\/de\\\/product\\\/simrex-roboter-kinderspielzeug-wiederaufladbar-und-projizierbar-rc-roboter-mit-led-augen-und-musik-rc-spielzeug-mit-gestensensor-fuer-kinder-im-alter-von-3-4-5-6-7-8-jahren-als-geschenk-fuer-jungen\\\/#primaryimage\"},\"thumbnailUrl\":\"https:\\\/\\\/easyliferobo.com\\\/de\\\/wp-content\\\/uploads\\\/2026\\\/02\\\/71b-SMkfwNL._AC_SL1500_.jpg\",\"datePublished\":\"2026-02-27T04:49:22+00:00\",\"dateModified\":\"2026-02-27T04:49:37+00:00\",\"description\":\"Entdecken Sie smarte Roboter f\u00fcr Zuhause, Garten, Bildung und Sicherheit. Vergleichen Sie Saugroboter, Rasenm\u00e4hroboter, KI-Begleitroboter und mehr bei EasyLifeRobo.\",\"breadcrumb\":{\"@id\":\"https:\\\/\\\/easyliferobo.com\\\/de\\\/product\\\/simrex-roboter-kinderspielzeug-wiederaufladbar-und-projizierbar-rc-roboter-mit-led-augen-und-musik-rc-spielzeug-mit-gestensensor-fuer-kinder-im-alter-von-3-4-5-6-7-8-jahren-als-geschenk-fuer-jungen\\\/#breadcrumb\"},\"inLanguage\":\"de\",\"potentialAction\":[{\"@type\":\"ReadAction\",\"target\":[\"https:\\\/\\\/easyliferobo.com\\\/de\\\/product\\\/simrex-roboter-kinderspielzeug-wiederaufladbar-und-projizierbar-rc-roboter-mit-led-augen-und-musik-rc-spielzeug-mit-gestensensor-fuer-kinder-im-alter-von-3-4-5-6-7-8-jahren-als-geschenk-fuer-jungen\\\/\"]}]},{\"@type\":\"ImageObject\",\"inLanguage\":\"de\",\"@id\":\"https:\\\/\\\/easyliferobo.com\\\/de\\\/product\\\/simrex-roboter-kinderspielzeug-wiederaufladbar-und-projizierbar-rc-roboter-mit-led-augen-und-musik-rc-spielzeug-mit-gestensensor-fuer-kinder-im-alter-von-3-4-5-6-7-8-jahren-als-geschenk-fuer-jungen\\\/#primaryimage\",\"url\":\"https:\\\/\\\/easyliferobo.com\\\/de\\\/wp-content\\\/uploads\\\/2026\\\/02\\\/71b-SMkfwNL._AC_SL1500_.jpg\",\"contentUrl\":\"https:\\\/\\\/easyliferobo.com\\\/de\\\/wp-content\\\/uploads\\\/2026\\\/02\\\/71b-SMkfwNL._AC_SL1500_.jpg\",\"width\":1483,\"height\":1500},{\"@type\":\"BreadcrumbList\",\"@id\":\"https:\\\/\\\/easyliferobo.com\\\/de\\\/product\\\/simrex-roboter-kinderspielzeug-wiederaufladbar-und-projizierbar-rc-roboter-mit-led-augen-und-musik-rc-spielzeug-mit-gestensensor-fuer-kinder-im-alter-von-3-4-5-6-7-8-jahren-als-geschenk-fuer-jungen\\\/#breadcrumb\",\"itemListElement\":[{\"@type\":\"ListItem\",\"position\":1,\"name\":\"Home\",\"item\":\"https:\\\/\\\/easyliferobo.com\\\/de\\\/\"},{\"@type\":\"ListItem\",\"position\":2,\"name\":\"Shop\",\"item\":\"https:\\\/\\\/easyliferobo.com\\\/de\\\/shop\\\/\"},{\"@type\":\"ListItem\",\"position\":3,\"name\":\"SIMREX Roboter-Kinderspielzeug, wie...\"}]},{\"@type\":\"WebSite\",\"@id\":\"https:\\\/\\\/easyliferobo.com\\\/de\\\/#website\",\"url\":\"https:\\\/\\\/easyliferobo.com\\\/de\\\/\",\"name\":\"EasyLifeBro\",\"description\":\"Smarte Roboter f\u00fcr Zuhause, Garten &amp; Bildung\",\"publisher\":{\"@id\":\"https:\\\/\\\/easyliferobo.com\\\/de\\\/#organization\"},\"potentialAction\":[{\"@type\":\"SearchAction\",\"target\":{\"@type\":\"EntryPoint\",\"urlTemplate\":\"https:\\\/\\\/easyliferobo.com\\\/de\\\/?s={search_term_string}\"},\"query-input\":{\"@type\":\"PropertyValueSpecification\",\"valueRequired\":true,\"valueName\":\"search_term_string\"}}],\"inLanguage\":\"de\"},{\"@type\":\"Organization\",\"@id\":\"https:\\\/\\\/easyliferobo.com\\\/de\\\/#organization\",\"name\":\"EasyLifeBro\",\"url\":\"https:\\\/\\\/easyliferobo.com\\\/de\\\/\",\"logo\":{\"@type\":\"ImageObject\",\"inLanguage\":\"de\",\"@id\":\"https:\\\/\\\/easyliferobo.com\\\/de\\\/#\\\/schema\\\/logo\\\/image\\\/\",\"url\":\"https:\\\/\\\/easyliferobo.com\\\/de\\\/wp-content\\\/uploads\\\/2026\\\/02\\\/Screenshot-2026-02-22-at-2.25.03-PM.png\",\"contentUrl\":\"https:\\\/\\\/easyliferobo.com\\\/de\\\/wp-content\\\/uploads\\\/2026\\\/02\\\/Screenshot-2026-02-22-at-2.25.03-PM.png\",\"width\":1858,\"height\":430,\"caption\":\"EasyLifeBro\"},\"image\":{\"@id\":\"https:\\\/\\\/easyliferobo.com\\\/de\\\/#\\\/schema\\\/logo\\\/image\\\/\"}}]}<\/script>\n<!-- \/ Yoast SEO plugin. -->","yoast_head_json":{"title":"SIMREX Roboter-Kinderspielzeug, wiederaufladbar und projizierbar, RC-Roboter mit LED-Augen und Musik, RC-Spielzeug mit Gestensensor f\u00fcr Kinder im Alter von 3 4 5 6 7 8 Jahren als Geschenk f\u00fcr Jungen und M\u00e4dchen, Hellblau - EasyLifeBro","description":"Entdecken Sie smarte Roboter f\u00fcr Zuhause, Garten, Bildung und Sicherheit. Vergleichen Sie Saugroboter, Rasenm\u00e4hroboter, KI-Begleitroboter und mehr bei EasyLifeRobo.","robots":{"index":"index","follow":"follow","max-snippet":"max-snippet:-1","max-image-preview":"max-image-preview:large","max-video-preview":"max-video-preview:-1"},"canonical":"https:\/\/easyliferobo.com\/de\/product\/simrex-roboter-kinderspielzeug-wiederaufladbar-und-projizierbar-rc-roboter-mit-led-augen-und-musik-rc-spielzeug-mit-gestensensor-fuer-kinder-im-alter-von-3-4-5-6-7-8-jahren-als-geschenk-fuer-jungen\/","og_locale":"de_DE","og_type":"article","og_title":"SIMREX Roboter-Kinderspielzeug, wiederaufladbar und projizierbar, RC-Roboter mit LED-Augen und Musik, RC-Spielzeug mit Gestensensor f\u00fcr Kinder im Alter von 3 4 5 6 7 8 Jahren als Geschenk f\u00fcr Jungen und M\u00e4dchen, Hellblau - EasyLifeBro","og_description":"Entdecken Sie smarte Roboter f\u00fcr Zuhause, Garten, Bildung und Sicherheit. Vergleichen Sie Saugroboter, Rasenm\u00e4hroboter, KI-Begleitroboter und mehr bei EasyLifeRobo.","og_url":"https:\/\/easyliferobo.com\/de\/product\/simrex-roboter-kinderspielzeug-wiederaufladbar-und-projizierbar-rc-roboter-mit-led-augen-und-musik-rc-spielzeug-mit-gestensensor-fuer-kinder-im-alter-von-3-4-5-6-7-8-jahren-als-geschenk-fuer-jungen\/","og_site_name":"EasyLifeBro","article_modified_time":"2026-02-27T04:49:37+00:00","og_image":[{"url":"https:\/\/images-na.ssl-images-amazon.com\/images\/G\/01\/x-locale\/common\/grey-pixel.gif","type":"","width":"","height":""}],"twitter_card":"summary_large_image","twitter_misc":{"Gesch\u00e4tzte Lesezeit":"1\u00a0Minute"},"schema":{"@context":"https:\/\/schema.org","@graph":[{"@type":"WebPage","@id":"https:\/\/easyliferobo.com\/de\/product\/simrex-roboter-kinderspielzeug-wiederaufladbar-und-projizierbar-rc-roboter-mit-led-augen-und-musik-rc-spielzeug-mit-gestensensor-fuer-kinder-im-alter-von-3-4-5-6-7-8-jahren-als-geschenk-fuer-jungen\/","url":"https:\/\/easyliferobo.com\/de\/product\/simrex-roboter-kinderspielzeug-wiederaufladbar-und-projizierbar-rc-roboter-mit-led-augen-und-musik-rc-spielzeug-mit-gestensensor-fuer-kinder-im-alter-von-3-4-5-6-7-8-jahren-als-geschenk-fuer-jungen\/","name":"SIMREX Roboter-Kinderspielzeug, wiederaufladbar und projizierbar, RC-Roboter mit LED-Augen und Musik, RC-Spielzeug mit Gestensensor f\u00fcr Kinder im Alter von 3 4 5 6 7 8 Jahren als Geschenk f\u00fcr Jungen und M\u00e4dchen, Hellblau - EasyLifeBro","isPartOf":{"@id":"https:\/\/easyliferobo.com\/de\/#website"},"primaryImageOfPage":{"@id":"https:\/\/easyliferobo.com\/de\/product\/simrex-roboter-kinderspielzeug-wiederaufladbar-und-projizierbar-rc-roboter-mit-led-augen-und-musik-rc-spielzeug-mit-gestensensor-fuer-kinder-im-alter-von-3-4-5-6-7-8-jahren-als-geschenk-fuer-jungen\/#primaryimage"},"image":{"@id":"https:\/\/easyliferobo.com\/de\/product\/simrex-roboter-kinderspielzeug-wiederaufladbar-und-projizierbar-rc-roboter-mit-led-augen-und-musik-rc-spielzeug-mit-gestensensor-fuer-kinder-im-alter-von-3-4-5-6-7-8-jahren-als-geschenk-fuer-jungen\/#primaryimage"},"thumbnailUrl":"https:\/\/easyliferobo.com\/de\/wp-content\/uploads\/2026\/02\/71b-SMkfwNL._AC_SL1500_.jpg","datePublished":"2026-02-27T04:49:22+00:00","dateModified":"2026-02-27T04:49:37+00:00","description":"Entdecken Sie smarte Roboter f\u00fcr Zuhause, Garten, Bildung und Sicherheit. Vergleichen Sie Saugroboter, Rasenm\u00e4hroboter, KI-Begleitroboter und mehr bei EasyLifeRobo.","breadcrumb":{"@id":"https:\/\/easyliferobo.com\/de\/product\/simrex-roboter-kinderspielzeug-wiederaufladbar-und-projizierbar-rc-roboter-mit-led-augen-und-musik-rc-spielzeug-mit-gestensensor-fuer-kinder-im-alter-von-3-4-5-6-7-8-jahren-als-geschenk-fuer-jungen\/#breadcrumb"},"inLanguage":"de","potentialAction":[{"@type":"ReadAction","target":["https:\/\/easyliferobo.com\/de\/product\/simrex-roboter-kinderspielzeug-wiederaufladbar-und-projizierbar-rc-roboter-mit-led-augen-und-musik-rc-spielzeug-mit-gestensensor-fuer-kinder-im-alter-von-3-4-5-6-7-8-jahren-als-geschenk-fuer-jungen\/"]}]},{"@type":"ImageObject","inLanguage":"de","@id":"https:\/\/easyliferobo.com\/de\/product\/simrex-roboter-kinderspielzeug-wiederaufladbar-und-projizierbar-rc-roboter-mit-led-augen-und-musik-rc-spielzeug-mit-gestensensor-fuer-kinder-im-alter-von-3-4-5-6-7-8-jahren-als-geschenk-fuer-jungen\/#primaryimage","url":"https:\/\/easyliferobo.com\/de\/wp-content\/uploads\/2026\/02\/71b-SMkfwNL._AC_SL1500_.jpg","contentUrl":"https:\/\/easyliferobo.com\/de\/wp-content\/uploads\/2026\/02\/71b-SMkfwNL._AC_SL1500_.jpg","width":1483,"height":1500},{"@type":"BreadcrumbList","@id":"https:\/\/easyliferobo.com\/de\/product\/simrex-roboter-kinderspielzeug-wiederaufladbar-und-projizierbar-rc-roboter-mit-led-augen-und-musik-rc-spielzeug-mit-gestensensor-fuer-kinder-im-alter-von-3-4-5-6-7-8-jahren-als-geschenk-fuer-jungen\/#breadcrumb","itemListElement":[{"@type":"ListItem","position":1,"name":"Home","item":"https:\/\/easyliferobo.com\/de\/"},{"@type":"ListItem","position":2,"name":"Shop","item":"https:\/\/easyliferobo.com\/de\/shop\/"},{"@type":"ListItem","position":3,"name":"SIMREX Roboter-Kinderspielzeug, wie..."}]},{"@type":"WebSite","@id":"https:\/\/easyliferobo.com\/de\/#website","url":"https:\/\/easyliferobo.com\/de\/","name":"EasyLifeBro","description":"Smarte Roboter f\u00fcr Zuhause, Garten &amp; Bildung","publisher":{"@id":"https:\/\/easyliferobo.com\/de\/#organization"},"potentialAction":[{"@type":"SearchAction","target":{"@type":"EntryPoint","urlTemplate":"https:\/\/easyliferobo.com\/de\/?s={search_term_string}"},"query-input":{"@type":"PropertyValueSpecification","valueRequired":true,"valueName":"search_term_string"}}],"inLanguage":"de"},{"@type":"Organization","@id":"https:\/\/easyliferobo.com\/de\/#organization","name":"EasyLifeBro","url":"https:\/\/easyliferobo.com\/de\/","logo":{"@type":"ImageObject","inLanguage":"de","@id":"https:\/\/easyliferobo.com\/de\/#\/schema\/logo\/image\/","url":"https:\/\/easyliferobo.com\/de\/wp-content\/uploads\/2026\/02\/Screenshot-2026-02-22-at-2.25.03-PM.png","contentUrl":"https:\/\/easyliferobo.com\/de\/wp-content\/uploads\/2026\/02\/Screenshot-2026-02-22-at-2.25.03-PM.png","width":1858,"height":430,"caption":"EasyLifeBro"},"image":{"@id":"https:\/\/easyliferobo.com\/de\/#\/schema\/logo\/image\/"}}]}},"_links":{"self":[{"href":"https:\/\/easyliferobo.com\/de\/wp-json\/wp\/v2\/product\/2667","targetHints":{"allow":["GET"]}}],"collection":[{"href":"https:\/\/easyliferobo.com\/de\/wp-json\/wp\/v2\/product"}],"about":[{"href":"https:\/\/easyliferobo.com\/de\/wp-json\/wp\/v2\/types\/product"}],"replies":[{"embeddable":true,"href":"https:\/\/easyliferobo.com\/de\/wp-json\/wp\/v2\/comments?post=2667"}],"wp:featuredmedia":[{"embeddable":true,"href":"https:\/\/easyliferobo.com\/de\/wp-json\/wp\/v2\/media\/2668"}],"wp:attachment":[{"href":"https:\/\/easyliferobo.com\/de\/wp-json\/wp\/v2\/media?parent=2667"}],"wp:term":[{"taxonomy":"store","embeddable":true,"href":"https:\/\/easyliferobo.com\/de\/wp-json\/wp\/v2\/store?post=2667"},{"taxonomy":"product_brand","embeddable":true,"href":"https:\/\/easyliferobo.com\/de\/wp-json\/wp\/v2\/product_brand?post=2667"},{"taxonomy":"product_cat","embeddable":true,"href":"https:\/\/easyliferobo.com\/de\/wp-json\/wp\/v2\/product_cat?post=2667"},{"taxonomy":"product_tag","embeddable":true,"href":"https:\/\/easyliferobo.com\/de\/wp-json\/wp\/v2\/product_tag?post=2667"}],"curies":[{"name":"wp","href":"https:\/\/api.w.org\/{rel}","templated":true}]}}