
{"id":2648,"date":"2026-02-27T04:46:15","date_gmt":"2026-02-27T04:46:15","guid":{"rendered":"https:\/\/easyliferobo.com\/de\/product\/lexibook-power-puppy-mein-roboterhund-fuers-training-programmierbarer-roboter-mit-fernbedienung-dressurfunktion-gestensteuerung-tanz-musik-lichteffekte-dog01\/"},"modified":"2026-02-27T04:46:32","modified_gmt":"2026-02-27T04:46:32","slug":"lexibook-power-puppy-mein-roboterhund-fuers-training-programmierbarer-roboter-mit-fernbedienung-dressurfunktion-gestensteuerung-tanz-musik-lichteffekte-dog01","status":"publish","type":"product","link":"https:\/\/easyliferobo.com\/de\/product\/lexibook-power-puppy-mein-roboterhund-fuers-training-programmierbarer-roboter-mit-fernbedienung-dressurfunktion-gestensteuerung-tanz-musik-lichteffekte-dog01\/","title":{"rendered":"Lexibook Power Puppy, Mein Roboterh..."},"content":{"rendered":"<p>\n                                             Vom Hersteller   <\/p>\n<p>                                                  <img decoding=\"async\" alt=\"DOG01\" src=\"https:\/\/images-na.ssl-images-amazon.com\/images\/G\/01\/x-locale\/common\/grey-pixel.gif\" class=\"a-lazy-loaded\" data-src=\"https:\/\/m.media-amazon.com\/images\/S\/aplus-media-library-service-media\/e8f4a067-328a-41c5-b85a-d6bd73233311.__CR0,0,900,900_PT0_SX300_V1___.jpg\"><img decoding=\"async\" alt=\"DOG01\" src=\"https:\/\/m.media-amazon.com\/images\/S\/aplus-media-library-service-media\/e8f4a067-328a-41c5-b85a-d6bd73233311.__CR0,0,900,900_PT0_SX300_V1___.jpg\">  <\/p>\n<h3 class=\"a-spacing-mini\">  Mein Roboterhund muss trainiert werden! <\/h3>\n<p>  Power Puppy, der programmierbare Roboterhund mit Gestensteuerung! <\/p>\n<p>  Dieser futuristische Roboterhund wartet nur darauf, adoptiert zu werden! Mit diesem treuen Freund warten stundenlange Spiele auf Sie \u2013 absolut interaktiv und anregend! Es bietet so viele M\u00f6glichkeiten: Sound- und Lichteffekte, multidirektionale und \u00fcberraschende Bewegungen, Bellen, Tiere imitieren, Reaktionen auf Bewegungen, Tanzen, Singen und vieles mehr. <\/p>\n<p>  Power Puppy ist nicht nur ein lernf\u00e4higer Hund, sondern bietet den kleinen Nutzern auch einen Einstieg in die Programmierung. Schnappen Sie sich die Fernbedienung von Power Puppy und geben Sie ihm schwierige Befehle! <\/p>\n<p>                                                  <img decoding=\"async\" alt=\"Wei\u00dfe Fernbedienung mit kreisf\u00f6rmig angeordneten, blau hinterleuchteten Tasten sowie Wiedergabe- und Navigationssteuerung.\" src=\"https:\/\/images-na.ssl-images-amazon.com\/images\/G\/01\/x-locale\/common\/grey-pixel.gif\" class=\"a-spacing-mini a-lazy-loaded\" data-src=\"https:\/\/m.media-amazon.com\/images\/S\/aplus-media-library-service-media\/25630c26-f52e-4d22-a2c2-5a75a69cdc26.__CR0,0,4500,4500_PT0_SX300_V1___.jpg\"><img decoding=\"async\" alt=\"Wei\u00dfe Fernbedienung mit kreisf\u00f6rmig angeordneten, blau hinterleuchteten Tasten sowie Wiedergabe- und Navigationssteuerung.\" src=\"https:\/\/m.media-amazon.com\/images\/S\/aplus-media-library-service-media\/25630c26-f52e-4d22-a2c2-5a75a69cdc26.__CR0,0,4500,4500_PT0_SX300_V1___.jpg\">  <\/p>\n<h3 class=\"a-spacing-mini\">  Lernen und Spa\u00df machen! <\/h3>\n<p>  Mit Power Puppy wird das Erlernen des Z\u00e4hlens zum Kinderspiel. Dr\u00fccken Sie eine Zahl, der Hund f\u00fchrt den Befehl dann so oft aus, wie vorgegeben. Sie k\u00f6nnen ihn dreimal anbellen, zweimal tanzen und viermal Hallo sagen. <\/p>\n<p>  Und wie anderen Hunden sagen Sie ihm, \u201ewo es hingeht\u201c! Dank der integrierten Gestensteuerung gehorcht es jeder Ihrer Bewegungen. Sobald die Gestensteuerung aktiviert ist, zeigen Sie Power Puppy mit Ihrer Hand, wohin er gehen soll. Dieser kluge kleine Hund wird Ihren Befehlen folgen! <\/p>\n<p>  Power Puppy kann so programmiert werden, dass es viele Aktionen ausf\u00fchrt. Aber das ist noch nicht alles. Er ist nicht nur ein Lernroboter, der Kindern die Grundlagen des Programmierens beibringt. Mithilfe der \u00e4u\u00dferst unterhaltsamen Funktionen, mit denen es ausgestattet ist, k\u00f6nnen die Kinder auch ihrer Kreativit\u00e4t freien Lauf lassen. Sie k\u00f6nnen beispielsweise Musik hinzuf\u00fcgen, um tolle Choreografien zu erstellen und zu speichern! <\/p>\n<p class=\"apm-text-center\">\n                                                      <img decoding=\"async\" alt=\"DOG01\" src=\"https:\/\/images-na.ssl-images-amazon.com\/images\/G\/01\/x-locale\/common\/grey-pixel.gif\" class=\"a-spacing-mini a-lazy-loaded\" data-src=\"https:\/\/m.media-amazon.com\/images\/S\/aplus-media-library-service-media\/24387667-c946-4d34-813f-7777222576ee.__CR0,0,923,923_PT0_SX300_V1___.jpg\"><img decoding=\"async\" alt=\"DOG01\" src=\"https:\/\/m.media-amazon.com\/images\/S\/aplus-media-library-service-media\/24387667-c946-4d34-813f-7777222576ee.__CR0,0,923,923_PT0_SX300_V1___.jpg\">  <\/p>\n<p>                                                    Pirouetten und Runde!                                       <\/p>\n<p> Power Puppy spielt gerne um sein Leben! Er kann sitzen, Hallo sagen, Wache stehen, Yoga und Liegest\u00fctze machen sowie viele andere Tricks ausf\u00fchren! <\/p>\n<p>  Ein treuer Freund, der dir \u00fcberallhin folgt! <\/p>\n<p>  Streicheln Sie dem Roboterhund \u00fcber den Kopf und er wird es Ihnen mit einem Tanz danken. Um ihn zu trainieren, programmieren Sie seine Bewegungen, dann f\u00fchrt er sie sofort aus &#8230; Wenn er gehorchen m\u00f6chte, aktivieren Sie die Funktion \u201eFollow Me\u201c, damit er immer an Ihrer Seite ist, wohin Sie auch gehen. <\/p>\n<p class=\"apm-text-center\">\n                                                      <img decoding=\"async\" alt=\"DOG01\" src=\"https:\/\/images-na.ssl-images-amazon.com\/images\/G\/01\/x-locale\/common\/grey-pixel.gif\" class=\"a-spacing-mini a-lazy-loaded\" data-src=\"https:\/\/m.media-amazon.com\/images\/S\/aplus-media-library-service-media\/89cd93c3-c1d1-45ed-b807-fb05a9cff984.__CR0,0,945,945_PT0_SX300_V1___.jpg\"><img decoding=\"async\" alt=\"DOG01\" src=\"https:\/\/m.media-amazon.com\/images\/S\/aplus-media-library-service-media\/89cd93c3-c1d1-45ed-b807-fb05a9cff984.__CR0,0,945,945_PT0_SX300_V1___.jpg\">  <\/p>\n<p>                                                    Lasst uns zusammen tanzen!                                       <\/p>\n<p> Power Puppy kennt 10 Lieder und 2 Choreografien. Mit seinem bellenden Gesang und seinen leuchtenden Augen wird er die ganze Familie begeistern. Was als n\u00e4chstes passiert, h\u00e4ngt von Ihrer Fantasie ab: Mit der Programmierfunktion k\u00f6nnen neue T\u00e4nze erstellt werden! <\/p>\n<p class=\"apm-text-center\">\n                                                      <img decoding=\"async\" alt=\"DOG01\" src=\"https:\/\/images-na.ssl-images-amazon.com\/images\/G\/01\/x-locale\/common\/grey-pixel.gif\" class=\"a-spacing-mini a-lazy-loaded\" data-src=\"https:\/\/m.media-amazon.com\/images\/S\/aplus-media-library-service-media\/0ed8f297-8e99-48ad-99c1-40a1cc1457e4.__CR0,0,900,900_PT0_SX300_V1___.jpg\"><img decoding=\"async\" alt=\"DOG01\" src=\"https:\/\/m.media-amazon.com\/images\/S\/aplus-media-library-service-media\/0ed8f297-8e99-48ad-99c1-40a1cc1457e4.__CR0,0,900,900_PT0_SX300_V1___.jpg\">  <\/p>\n<p>                                                    Das ideale Geschenk f\u00fcr Ihre Kinder                                       <\/p>\n<p> Jedes Kind m\u00f6chte ein Haustier haben. Geben Sie ihm ein Haustier und einen intelligenten Roboter in einem! Mit seinen Lerninhalten und umfangreichen Funktionen begleitet es alle Kinder von 4 bis 10 Jahren f\u00fcr stundenlangen Spielspa\u00df und Lernspa\u00df! <\/p>\n<p>                                                  <img decoding=\"async\" alt=\"Lexibuch\" src=\"https:\/\/images-na.ssl-images-amazon.com\/images\/G\/01\/x-locale\/common\/grey-pixel.gif\" class=\"a-lazy-loaded\" data-src=\"https:\/\/m.media-amazon.com\/images\/S\/aplus-media-library-service-media\/9554a8ee-4738-44db-9a4d-3ea2ec607798.__CR0,0,900,900_PT0_SX300_V1___.png\"><img decoding=\"async\" alt=\"Lexibuch\" src=\"https:\/\/m.media-amazon.com\/images\/S\/aplus-media-library-service-media\/9554a8ee-4738-44db-9a4d-3ea2ec607798.__CR0,0,900,900_PT0_SX300_V1___.png\">  <\/p>\n<h3 class=\"a-spacing-mini\">  \u00dcber Lexibook <\/h3>\n<p>  Lexibook ist ein Unternehmen, das Produkte der Unterhaltungselektronik in ganz Europa entwickelt, produziert und vermarktet. <\/p>\n<p>  Lexibook ist Europameister f\u00fcr lizenzierte Unterhaltungselektronik und arbeitet mit zahlreichen Partnern wie Disney, Marvel, Warner, Universal, Paramount usw. zusammen. <\/p>\n<p>  Dieser Erfolg erkl\u00e4rt sich aus einer Strategie, die starke, internationale und oft exklusive Lizenzen (Barbie, Spiderman, Oui-Oui, Disney&#8230;) sowie hochwertige Produkte mit Elektronikanteil (Lerncomputer, Fernseher) umfasst. <\/p>\n<p>Ein s\u00fc\u00dfer und sehr intelligenter Hund! Ein neuer Begleiter f\u00fcr stundenlanges Spielen!<br \/>Ein Spielzeug, das dank seiner Fernbedienung in alle Richtungen gesteuert werden kann!<br \/>Es reagiert taktil auf die Haustiere auf seinem Kopf und beginnt zu tanzen!<br \/>Cabrios und Pirouetten! Es kann sich hinsetzen, hinlegen, sch\u00f6ne Dinge tun, Hallo sagen, ein B\u00f6sewicht sein, Liegest\u00fctze machen und viele andere Tricks!<br \/>Zahlreiche Sound- und Lichteffekte: Seine Augen leuchten dank LED-Lichtern und verleihen ihm ein sehr attraktives Aussehen! Lichteffekte auf Ihrer Halskette!<br \/>Lernen Sie Zahlen durch Bellen.<br \/>Trainingsfunktion! Programmieren Sie neue T\u00e4nze und Bewegungen, und der Power-Welpe gehorcht!<br \/>Abmessungen: 25,7 x 16 x 28 cm.<br \/>Stromversorgung: 1 x wiederaufladbarer Akku + 2 x Fernbedienungsbatterien (nicht im Lieferumfang enthalten).<br \/>&#8211; Entworfen und entwickelt in Europa, hergestellt in China.<\/p>\n<p>[ad_2]<\/p>\n","protected":false},"excerpt":{"rendered":"<p>Vom Hersteller Mein Roboterhund muss trainiert werden! Power Puppy, der programmierbare Roboterhund mit Gestensteuerung! Dieser futuristische Roboterhund wartet nur darauf, adoptiert zu werden! Mit diesem treuen Freund warten stundenlange Spiele auf Sie \u2013 absolut interaktiv und anregend! Es bietet so viele M\u00f6glichkeiten: Sound- und Lichteffekte, multidirektionale und \u00fcberraschende Bewegungen, Bellen, Tiere imitieren, Reaktionen auf Bewegungen, [&hellip;]<\/p>\n","protected":false},"featured_media":2649,"comment_status":"open","ping_status":"closed","template":"","meta":{"_aipt_faq_data":""},"store":[],"product_brand":[],"product_cat":[90],"product_tag":[179],"class_list":{"0":"post-2648","1":"product","2":"type-product","3":"status-publish","4":"has-post-thumbnail","6":"product_cat-tanz-musikroboter","7":"product_tag-programmierbare-tanz-musikroboter","9":"first","10":"instock","11":"shipping-taxable","12":"product-type-external"},"yoast_head":"<!-- This site is optimized with the Yoast SEO plugin v27.0 - https:\/\/yoast.com\/product\/yoast-seo-wordpress\/ -->\n<title>Lexibook Power Puppy, Mein Roboterhund f\u00fcrs Training, Programmierbarer Roboter mit Fernbedienung, Dressurfunktion, Gestensteuerung, Tanz, Musik, Lichteffekte, DOG01 - EasyLifeBro<\/title>\n<meta name=\"description\" content=\"Entdecken Sie smarte Roboter f\u00fcr Zuhause, Garten, Bildung und Sicherheit. Vergleichen Sie Saugroboter, Rasenm\u00e4hroboter, KI-Begleitroboter und mehr bei EasyLifeRobo.\" \/>\n<meta name=\"robots\" content=\"index, follow, max-snippet:-1, max-image-preview:large, max-video-preview:-1\" \/>\n<link rel=\"canonical\" href=\"https:\/\/easyliferobo.com\/de\/product\/lexibook-power-puppy-mein-roboterhund-fuers-training-programmierbarer-roboter-mit-fernbedienung-dressurfunktion-gestensteuerung-tanz-musik-lichteffekte-dog01\/\" \/>\n<meta property=\"og:locale\" content=\"de_DE\" \/>\n<meta property=\"og:type\" content=\"article\" \/>\n<meta property=\"og:title\" content=\"Lexibook Power Puppy, Mein Roboterhund f\u00fcrs Training, Programmierbarer Roboter mit Fernbedienung, Dressurfunktion, Gestensteuerung, Tanz, Musik, Lichteffekte, DOG01 - EasyLifeBro\" \/>\n<meta property=\"og:description\" content=\"Entdecken Sie smarte Roboter f\u00fcr Zuhause, Garten, Bildung und Sicherheit. Vergleichen Sie Saugroboter, Rasenm\u00e4hroboter, KI-Begleitroboter und mehr bei EasyLifeRobo.\" \/>\n<meta property=\"og:url\" content=\"https:\/\/easyliferobo.com\/de\/product\/lexibook-power-puppy-mein-roboterhund-fuers-training-programmierbarer-roboter-mit-fernbedienung-dressurfunktion-gestensteuerung-tanz-musik-lichteffekte-dog01\/\" \/>\n<meta property=\"og:site_name\" content=\"EasyLifeBro\" \/>\n<meta property=\"article:modified_time\" content=\"2026-02-27T04:46:32+00:00\" \/>\n<meta property=\"og:image\" content=\"https:\/\/images-na.ssl-images-amazon.com\/images\/G\/01\/x-locale\/common\/grey-pixel.gif\" \/>\n<meta name=\"twitter:card\" content=\"summary_large_image\" \/>\n<meta name=\"twitter:label1\" content=\"Gesch\u00e4tzte Lesezeit\" \/>\n\t<meta name=\"twitter:data1\" content=\"3\u00a0Minuten\" \/>\n<script type=\"application\/ld+json\" class=\"yoast-schema-graph\">{\"@context\":\"https:\/\/schema.org\",\"@graph\":[{\"@type\":\"WebPage\",\"@id\":\"https:\/\/easyliferobo.com\/de\/product\/lexibook-power-puppy-mein-roboterhund-fuers-training-programmierbarer-roboter-mit-fernbedienung-dressurfunktion-gestensteuerung-tanz-musik-lichteffekte-dog01\/\",\"url\":\"https:\/\/easyliferobo.com\/de\/product\/lexibook-power-puppy-mein-roboterhund-fuers-training-programmierbarer-roboter-mit-fernbedienung-dressurfunktion-gestensteuerung-tanz-musik-lichteffekte-dog01\/\",\"name\":\"Lexibook Power Puppy, Mein Roboterhund f\u00fcrs Training, Programmierbarer Roboter mit Fernbedienung, Dressurfunktion, Gestensteuerung, Tanz, Musik, Lichteffekte, DOG01 - EasyLifeBro\",\"isPartOf\":{\"@id\":\"https:\/\/easyliferobo.com\/de\/#website\"},\"primaryImageOfPage\":{\"@id\":\"https:\/\/easyliferobo.com\/de\/product\/lexibook-power-puppy-mein-roboterhund-fuers-training-programmierbarer-roboter-mit-fernbedienung-dressurfunktion-gestensteuerung-tanz-musik-lichteffekte-dog01\/#primaryimage\"},\"image\":{\"@id\":\"https:\/\/easyliferobo.com\/de\/product\/lexibook-power-puppy-mein-roboterhund-fuers-training-programmierbarer-roboter-mit-fernbedienung-dressurfunktion-gestensteuerung-tanz-musik-lichteffekte-dog01\/#primaryimage\"},\"thumbnailUrl\":\"https:\/\/easyliferobo.com\/de\/wp-content\/uploads\/2026\/02\/71IVGMlkw7L._AC_SL1500_.jpg\",\"datePublished\":\"2026-02-27T04:46:15+00:00\",\"dateModified\":\"2026-02-27T04:46:32+00:00\",\"description\":\"Entdecken Sie smarte Roboter f\u00fcr Zuhause, Garten, Bildung und Sicherheit. Vergleichen Sie Saugroboter, Rasenm\u00e4hroboter, KI-Begleitroboter und mehr bei EasyLifeRobo.\",\"breadcrumb\":{\"@id\":\"https:\/\/easyliferobo.com\/de\/product\/lexibook-power-puppy-mein-roboterhund-fuers-training-programmierbarer-roboter-mit-fernbedienung-dressurfunktion-gestensteuerung-tanz-musik-lichteffekte-dog01\/#breadcrumb\"},\"inLanguage\":\"de\",\"potentialAction\":[{\"@type\":\"ReadAction\",\"target\":[\"https:\/\/easyliferobo.com\/de\/product\/lexibook-power-puppy-mein-roboterhund-fuers-training-programmierbarer-roboter-mit-fernbedienung-dressurfunktion-gestensteuerung-tanz-musik-lichteffekte-dog01\/\"]}]},{\"@type\":\"ImageObject\",\"inLanguage\":\"de\",\"@id\":\"https:\/\/easyliferobo.com\/de\/product\/lexibook-power-puppy-mein-roboterhund-fuers-training-programmierbarer-roboter-mit-fernbedienung-dressurfunktion-gestensteuerung-tanz-musik-lichteffekte-dog01\/#primaryimage\",\"url\":\"https:\/\/easyliferobo.com\/de\/wp-content\/uploads\/2026\/02\/71IVGMlkw7L._AC_SL1500_.jpg\",\"contentUrl\":\"https:\/\/easyliferobo.com\/de\/wp-content\/uploads\/2026\/02\/71IVGMlkw7L._AC_SL1500_.jpg\",\"width\":1431,\"height\":1336},{\"@type\":\"BreadcrumbList\",\"@id\":\"https:\/\/easyliferobo.com\/de\/product\/lexibook-power-puppy-mein-roboterhund-fuers-training-programmierbarer-roboter-mit-fernbedienung-dressurfunktion-gestensteuerung-tanz-musik-lichteffekte-dog01\/#breadcrumb\",\"itemListElement\":[{\"@type\":\"ListItem\",\"position\":1,\"name\":\"Home\",\"item\":\"https:\/\/easyliferobo.com\/de\/\"},{\"@type\":\"ListItem\",\"position\":2,\"name\":\"Shop\",\"item\":\"https:\/\/easyliferobo.com\/de\/shop\/\"},{\"@type\":\"ListItem\",\"position\":3,\"name\":\"Lexibook Power Puppy, Mein Roboterh...\"}]},{\"@type\":\"WebSite\",\"@id\":\"https:\/\/easyliferobo.com\/de\/#website\",\"url\":\"https:\/\/easyliferobo.com\/de\/\",\"name\":\"EasyLifeBro\",\"description\":\"Smarte Roboter f\u00fcr Zuhause, Garten &amp; Bildung\",\"publisher\":{\"@id\":\"https:\/\/easyliferobo.com\/de\/#organization\"},\"potentialAction\":[{\"@type\":\"SearchAction\",\"target\":{\"@type\":\"EntryPoint\",\"urlTemplate\":\"https:\/\/easyliferobo.com\/de\/?s={search_term_string}\"},\"query-input\":{\"@type\":\"PropertyValueSpecification\",\"valueRequired\":true,\"valueName\":\"search_term_string\"}}],\"inLanguage\":\"de\"},{\"@type\":\"Organization\",\"@id\":\"https:\/\/easyliferobo.com\/de\/#organization\",\"name\":\"EasyLifeBro\",\"url\":\"https:\/\/easyliferobo.com\/de\/\",\"logo\":{\"@type\":\"ImageObject\",\"inLanguage\":\"de\",\"@id\":\"https:\/\/easyliferobo.com\/de\/#\/schema\/logo\/image\/\",\"url\":\"https:\/\/easyliferobo.com\/de\/wp-content\/uploads\/2026\/02\/Screenshot-2026-02-22-at-2.25.03-PM.png\",\"contentUrl\":\"https:\/\/easyliferobo.com\/de\/wp-content\/uploads\/2026\/02\/Screenshot-2026-02-22-at-2.25.03-PM.png\",\"width\":1858,\"height\":430,\"caption\":\"EasyLifeBro\"},\"image\":{\"@id\":\"https:\/\/easyliferobo.com\/de\/#\/schema\/logo\/image\/\"}}]}<\/script>\n<!-- \/ Yoast SEO plugin. -->","yoast_head_json":{"title":"Lexibook Power Puppy, Mein Roboterhund f\u00fcrs Training, Programmierbarer Roboter mit Fernbedienung, Dressurfunktion, Gestensteuerung, Tanz, Musik, Lichteffekte, DOG01 - EasyLifeBro","description":"Entdecken Sie smarte Roboter f\u00fcr Zuhause, Garten, Bildung und Sicherheit. Vergleichen Sie Saugroboter, Rasenm\u00e4hroboter, KI-Begleitroboter und mehr bei EasyLifeRobo.","robots":{"index":"index","follow":"follow","max-snippet":"max-snippet:-1","max-image-preview":"max-image-preview:large","max-video-preview":"max-video-preview:-1"},"canonical":"https:\/\/easyliferobo.com\/de\/product\/lexibook-power-puppy-mein-roboterhund-fuers-training-programmierbarer-roboter-mit-fernbedienung-dressurfunktion-gestensteuerung-tanz-musik-lichteffekte-dog01\/","og_locale":"de_DE","og_type":"article","og_title":"Lexibook Power Puppy, Mein Roboterhund f\u00fcrs Training, Programmierbarer Roboter mit Fernbedienung, Dressurfunktion, Gestensteuerung, Tanz, Musik, Lichteffekte, DOG01 - EasyLifeBro","og_description":"Entdecken Sie smarte Roboter f\u00fcr Zuhause, Garten, Bildung und Sicherheit. Vergleichen Sie Saugroboter, Rasenm\u00e4hroboter, KI-Begleitroboter und mehr bei EasyLifeRobo.","og_url":"https:\/\/easyliferobo.com\/de\/product\/lexibook-power-puppy-mein-roboterhund-fuers-training-programmierbarer-roboter-mit-fernbedienung-dressurfunktion-gestensteuerung-tanz-musik-lichteffekte-dog01\/","og_site_name":"EasyLifeBro","article_modified_time":"2026-02-27T04:46:32+00:00","og_image":[{"url":"https:\/\/images-na.ssl-images-amazon.com\/images\/G\/01\/x-locale\/common\/grey-pixel.gif","type":"","width":"","height":""}],"twitter_card":"summary_large_image","twitter_misc":{"Gesch\u00e4tzte Lesezeit":"3\u00a0Minuten"},"schema":{"@context":"https:\/\/schema.org","@graph":[{"@type":"WebPage","@id":"https:\/\/easyliferobo.com\/de\/product\/lexibook-power-puppy-mein-roboterhund-fuers-training-programmierbarer-roboter-mit-fernbedienung-dressurfunktion-gestensteuerung-tanz-musik-lichteffekte-dog01\/","url":"https:\/\/easyliferobo.com\/de\/product\/lexibook-power-puppy-mein-roboterhund-fuers-training-programmierbarer-roboter-mit-fernbedienung-dressurfunktion-gestensteuerung-tanz-musik-lichteffekte-dog01\/","name":"Lexibook Power Puppy, Mein Roboterhund f\u00fcrs Training, Programmierbarer Roboter mit Fernbedienung, Dressurfunktion, Gestensteuerung, Tanz, Musik, Lichteffekte, DOG01 - EasyLifeBro","isPartOf":{"@id":"https:\/\/easyliferobo.com\/de\/#website"},"primaryImageOfPage":{"@id":"https:\/\/easyliferobo.com\/de\/product\/lexibook-power-puppy-mein-roboterhund-fuers-training-programmierbarer-roboter-mit-fernbedienung-dressurfunktion-gestensteuerung-tanz-musik-lichteffekte-dog01\/#primaryimage"},"image":{"@id":"https:\/\/easyliferobo.com\/de\/product\/lexibook-power-puppy-mein-roboterhund-fuers-training-programmierbarer-roboter-mit-fernbedienung-dressurfunktion-gestensteuerung-tanz-musik-lichteffekte-dog01\/#primaryimage"},"thumbnailUrl":"https:\/\/easyliferobo.com\/de\/wp-content\/uploads\/2026\/02\/71IVGMlkw7L._AC_SL1500_.jpg","datePublished":"2026-02-27T04:46:15+00:00","dateModified":"2026-02-27T04:46:32+00:00","description":"Entdecken Sie smarte Roboter f\u00fcr Zuhause, Garten, Bildung und Sicherheit. Vergleichen Sie Saugroboter, Rasenm\u00e4hroboter, KI-Begleitroboter und mehr bei EasyLifeRobo.","breadcrumb":{"@id":"https:\/\/easyliferobo.com\/de\/product\/lexibook-power-puppy-mein-roboterhund-fuers-training-programmierbarer-roboter-mit-fernbedienung-dressurfunktion-gestensteuerung-tanz-musik-lichteffekte-dog01\/#breadcrumb"},"inLanguage":"de","potentialAction":[{"@type":"ReadAction","target":["https:\/\/easyliferobo.com\/de\/product\/lexibook-power-puppy-mein-roboterhund-fuers-training-programmierbarer-roboter-mit-fernbedienung-dressurfunktion-gestensteuerung-tanz-musik-lichteffekte-dog01\/"]}]},{"@type":"ImageObject","inLanguage":"de","@id":"https:\/\/easyliferobo.com\/de\/product\/lexibook-power-puppy-mein-roboterhund-fuers-training-programmierbarer-roboter-mit-fernbedienung-dressurfunktion-gestensteuerung-tanz-musik-lichteffekte-dog01\/#primaryimage","url":"https:\/\/easyliferobo.com\/de\/wp-content\/uploads\/2026\/02\/71IVGMlkw7L._AC_SL1500_.jpg","contentUrl":"https:\/\/easyliferobo.com\/de\/wp-content\/uploads\/2026\/02\/71IVGMlkw7L._AC_SL1500_.jpg","width":1431,"height":1336},{"@type":"BreadcrumbList","@id":"https:\/\/easyliferobo.com\/de\/product\/lexibook-power-puppy-mein-roboterhund-fuers-training-programmierbarer-roboter-mit-fernbedienung-dressurfunktion-gestensteuerung-tanz-musik-lichteffekte-dog01\/#breadcrumb","itemListElement":[{"@type":"ListItem","position":1,"name":"Home","item":"https:\/\/easyliferobo.com\/de\/"},{"@type":"ListItem","position":2,"name":"Shop","item":"https:\/\/easyliferobo.com\/de\/shop\/"},{"@type":"ListItem","position":3,"name":"Lexibook Power Puppy, Mein Roboterh..."}]},{"@type":"WebSite","@id":"https:\/\/easyliferobo.com\/de\/#website","url":"https:\/\/easyliferobo.com\/de\/","name":"EasyLifeBro","description":"Smarte Roboter f\u00fcr Zuhause, Garten &amp; Bildung","publisher":{"@id":"https:\/\/easyliferobo.com\/de\/#organization"},"potentialAction":[{"@type":"SearchAction","target":{"@type":"EntryPoint","urlTemplate":"https:\/\/easyliferobo.com\/de\/?s={search_term_string}"},"query-input":{"@type":"PropertyValueSpecification","valueRequired":true,"valueName":"search_term_string"}}],"inLanguage":"de"},{"@type":"Organization","@id":"https:\/\/easyliferobo.com\/de\/#organization","name":"EasyLifeBro","url":"https:\/\/easyliferobo.com\/de\/","logo":{"@type":"ImageObject","inLanguage":"de","@id":"https:\/\/easyliferobo.com\/de\/#\/schema\/logo\/image\/","url":"https:\/\/easyliferobo.com\/de\/wp-content\/uploads\/2026\/02\/Screenshot-2026-02-22-at-2.25.03-PM.png","contentUrl":"https:\/\/easyliferobo.com\/de\/wp-content\/uploads\/2026\/02\/Screenshot-2026-02-22-at-2.25.03-PM.png","width":1858,"height":430,"caption":"EasyLifeBro"},"image":{"@id":"https:\/\/easyliferobo.com\/de\/#\/schema\/logo\/image\/"}}]}},"_links":{"self":[{"href":"https:\/\/easyliferobo.com\/de\/wp-json\/wp\/v2\/product\/2648","targetHints":{"allow":["GET"]}}],"collection":[{"href":"https:\/\/easyliferobo.com\/de\/wp-json\/wp\/v2\/product"}],"about":[{"href":"https:\/\/easyliferobo.com\/de\/wp-json\/wp\/v2\/types\/product"}],"replies":[{"embeddable":true,"href":"https:\/\/easyliferobo.com\/de\/wp-json\/wp\/v2\/comments?post=2648"}],"wp:featuredmedia":[{"embeddable":true,"href":"https:\/\/easyliferobo.com\/de\/wp-json\/wp\/v2\/media\/2649"}],"wp:attachment":[{"href":"https:\/\/easyliferobo.com\/de\/wp-json\/wp\/v2\/media?parent=2648"}],"wp:term":[{"taxonomy":"store","embeddable":true,"href":"https:\/\/easyliferobo.com\/de\/wp-json\/wp\/v2\/store?post=2648"},{"taxonomy":"product_brand","embeddable":true,"href":"https:\/\/easyliferobo.com\/de\/wp-json\/wp\/v2\/product_brand?post=2648"},{"taxonomy":"product_cat","embeddable":true,"href":"https:\/\/easyliferobo.com\/de\/wp-json\/wp\/v2\/product_cat?post=2648"},{"taxonomy":"product_tag","embeddable":true,"href":"https:\/\/easyliferobo.com\/de\/wp-json\/wp\/v2\/product_tag?post=2648"}],"curies":[{"name":"wp","href":"https:\/\/api.w.org\/{rel}","templated":true}]}}