
{"id":2631,"date":"2026-02-27T04:43:24","date_gmt":"2026-02-27T04:43:24","guid":{"rendered":"https:\/\/easyliferobo.com\/de\/product\/ki-roboter-unterhaltsamer-interaktiver-lernroboter-abs-silikon-lernspielzeug-intelligente-unterhaltungsmaschine-interaktiver-mini-begleitroboter-fuer-maedchen-kinder-zuhause-drinne\/"},"modified":"2026-02-27T04:43:44","modified_gmt":"2026-02-27T04:43:44","slug":"ki-roboter-unterhaltsamer-interaktiver-lernroboter-abs-silikon-lernspielzeug-intelligente-unterhaltungsmaschine-interaktiver-mini-begleitroboter-fuer-maedchen-kinder-zuhause-drinne","status":"publish","type":"product","link":"https:\/\/easyliferobo.com\/de\/product\/ki-roboter-unterhaltsamer-interaktiver-lernroboter-abs-silikon-lernspielzeug-intelligente-unterhaltungsmaschine-interaktiver-mini-begleitroboter-fuer-maedchen-kinder-zuhause-drinne\/","title":{"rendered":"KI-Roboter \u2013 Unterhaltsamer inter..."},"content":{"rendered":"<p>\n                                             Produktbeschreibung   <\/p>\n<h3 class=\"a-spacing-mini\"> Roboter mit k\u00fcnstlicher Intelligenz f\u00fcr Kinder <\/h3>\n<p>                                          <img decoding=\"async\" alt=\"Roboter mit k\u00fcnstlicher Intelligenz f\u00fcr Kinder\" src=\"https:\/\/images-na.ssl-images-amazon.com\/images\/G\/01\/x-locale\/common\/grey-pixel.gif\" class=\"a-spacing-base a-lazy-loaded\" data-src=\"https:\/\/m.media-amazon.com\/images\/S\/aplus-media-library-service-media\/9b4aef24-5579-40df-a0f6-590bfc35568f.__CR0,0,970,600_PT0_SX970_V1___.jpg\"><img decoding=\"async\" alt=\"Roboter mit k\u00fcnstlicher Intelligenz f\u00fcr Kinder\" src=\"https:\/\/m.media-amazon.com\/images\/S\/aplus-media-library-service-media\/9b4aef24-5579-40df-a0f6-590bfc35568f.__CR0,0,970,600_PT0_SX970_V1___.jpg\">                                                                    <\/p>\n<p>  Diese innovative Maschine kombiniert Lernen und Unterhaltung und ist somit der ideale Begleiter f\u00fcr M\u00e4dchen und zu Hause oder bei Outdoor-Aktivit\u00e4ten. Mit seiner F\u00e4higkeit, sich an verschiedene Umgebungen anzupassen, ist der lustige interaktive Roboter ein perfektes Geschenk f\u00fcr Geburtstage, Weihnachten und andere besondere Anl\u00e4sse. Er f\u00f6rdert Kreativit\u00e4t und kognitive Entwicklung, w\u00e4hrend er stundenlange Unterhaltung drinnen oder drau\u00dfen bietet. Eltern sch\u00e4tzen seine Rolle bei der F\u00f6rderung fantasievollen Spiels, w\u00e4hrend Kinder die lebhafte Interaktion lieben. Der lustige interaktive Roboter sorgt in jeder Umgebung f\u00fcr fr\u00f6hliche Momente und wird zu einem gesch\u00e4tzten Bestandteil des Familienlebens. <\/p>\n<p>  Spezifikation <\/p>\n<p>  Material: ABS, Silikon <\/p>\n<p>  Gr\u00f6\u00dfe: ca. 20 cm hoch <\/p>\n<p>  Bruttogewicht: ca. 410 g <\/p>\n<p>  Geeignetes Alter: 3 Jahre und \u00e4lter <\/p>\n<p>  Liste <\/p>\n<p>  1 * Roboter <\/p>\n<p>  Hinweis: <\/p>\n<p>  1. Aufgrund von Lichteffekten und Anzeigewinkeln kann es zu Farbunterschieden im Produkt kommen. <\/p>\n<p>  2. Aufgrund der manuellen Messung kann es zu Fehlern in der Produktgr\u00f6\u00dfe kommen. Bitte haben Sie Verst\u00e4ndnis. <\/p>\n<p>Interaktiver Lernbegleiter: Der KI-Roboter f\u00fchrt die Programmierlogik durch fesselnde Story-Musikspiele ein, erh\u00f6ht den p\u00e4dagogischen Unterhaltungswert und verbessert gleichzeitig das Sprachverstehen. Er eignet sich ideal f\u00fcr interaktive Spiel- und Lernphasen zu Hause oder im Klassenzimmer und F\u00f6rderungen mit dem KI-Roboter-Erlebnis sowohl die kognitive als auch die kreative Entwicklung<br \/>Probleml\u00f6sungsspa\u00df: Dieses KI-Spielzeug wurde entwickelt, um Zahlen, Buchstaben und Farben interaktiv zu lehren. Es st\u00e4rkt die F\u00e4higkeiten zur Probleml\u00f6sung und zum kritischen Denken und f\u00f6rdert eine anhaltende Leidenschaft f\u00fcr das Lernen, die mit dem Kind bei Solo- oder Gruppenspielaktivit\u00e4ten w\u00e4chst<br \/>Ansprechende Lernwerkzeuge: KI-Spielzeuge bieten anregende Inhalte, die auf das kognitive Niveau eines Kindes abgestimmt sind, und kombinieren sicherheitsorientiertes Design mit vertrauensbildenden Interaktionen w\u00e4hrend kreativer und lehrreicher Spielroutinen<br \/>P\u00e4dagogische Unterhaltung: Mit seinen F\u00e4higkeiten, Spa\u00df und Lernen zu verbinden, sorgt dieser intelligente Roboter f\u00fcr stundenlangen Spielspa\u00df und ist gleichzeitig vollst\u00e4ndig einsatzbereit. Er eignet sich hervorragend als Geburtstags- oder Weihnachtsgeschenkidee und als unvergessliches Geschenk, das die Kreativit\u00e4t in allt\u00e4glichen Spielszenarien f\u00f6rdert<br \/>Entwicklung der Sprachf\u00e4higkeiten: Dieser KI-Freund f\u00fcr Kinder unterst\u00fctzt die Entwicklung der Sprachf\u00e4higkeiten, indem er mit Kindern spricht und ihnen zuh\u00f6rt und eine interaktive Umgebung bietet, die den Wortschatz und die Kommunikationsf\u00e4higkeiten w\u00e4hrend der t\u00e4glichen Konversationsspielaktivit\u00e4ten verbessert<\/p>\n<p>[ad_2]<\/p>\n","protected":false},"excerpt":{"rendered":"<p>Produktbeschreibung Roboter mit k\u00fcnstlicher Intelligenz f\u00fcr Kinder Diese innovative Maschine kombiniert Lernen und Unterhaltung und ist somit der ideale Begleiter f\u00fcr M\u00e4dchen und zu Hause oder bei Outdoor-Aktivit\u00e4ten. Mit seiner F\u00e4higkeit, sich an verschiedene Umgebungen anzupassen, ist der lustige interaktive Roboter ein perfektes Geschenk f\u00fcr Geburtstage, Weihnachten und andere besondere Anl\u00e4sse. Er f\u00f6rdert Kreativit\u00e4t und [&hellip;]<\/p>\n","protected":false},"featured_media":2632,"comment_status":"open","ping_status":"closed","template":"","meta":{"_aipt_faq_data":""},"store":[],"product_brand":[],"product_cat":[93],"product_tag":[177],"class_list":{"0":"post-2631","1":"product","2":"type-product","3":"status-publish","4":"has-post-thumbnail","6":"product_cat-soziale-begleitroboter","7":"product_tag-interaktive-soziale-begleitroboter","9":"first","10":"instock","11":"shipping-taxable","12":"product-type-external"},"yoast_head":"<!-- This site is optimized with the Yoast SEO plugin v27.4 - https:\/\/yoast.com\/product\/yoast-seo-wordpress\/ -->\n<title>KI-Roboter \u2013 Unterhaltsamer interaktiver Lernroboter, ABS-Silikon-Lernspielzeug, intelligente Unterhaltungsmaschine, interaktiver Mini-Begleitroboter | F\u00fcr , M\u00e4dchen, Kinder, Zuhause, Drinnen Un - EasyLifeBro<\/title>\n<meta name=\"description\" content=\"Entdecken Sie smarte Roboter f\u00fcr Zuhause, Garten, Bildung und Sicherheit. Vergleichen Sie Saugroboter, Rasenm\u00e4hroboter, KI-Begleitroboter und mehr bei EasyLifeRobo.\" \/>\n<meta name=\"robots\" content=\"index, follow, max-snippet:-1, max-image-preview:large, max-video-preview:-1\" \/>\n<link rel=\"canonical\" href=\"https:\/\/easyliferobo.com\/de\/product\/ki-roboter-unterhaltsamer-interaktiver-lernroboter-abs-silikon-lernspielzeug-intelligente-unterhaltungsmaschine-interaktiver-mini-begleitroboter-fuer-maedchen-kinder-zuhause-drinne\/\" \/>\n<meta property=\"og:locale\" content=\"de_DE\" \/>\n<meta property=\"og:type\" content=\"article\" \/>\n<meta property=\"og:title\" content=\"KI-Roboter \u2013 Unterhaltsamer interaktiver Lernroboter, ABS-Silikon-Lernspielzeug, intelligente Unterhaltungsmaschine, interaktiver Mini-Begleitroboter | F\u00fcr , M\u00e4dchen, Kinder, Zuhause, Drinnen Un - EasyLifeBro\" \/>\n<meta property=\"og:description\" content=\"Entdecken Sie smarte Roboter f\u00fcr Zuhause, Garten, Bildung und Sicherheit. Vergleichen Sie Saugroboter, Rasenm\u00e4hroboter, KI-Begleitroboter und mehr bei EasyLifeRobo.\" \/>\n<meta property=\"og:url\" content=\"https:\/\/easyliferobo.com\/de\/product\/ki-roboter-unterhaltsamer-interaktiver-lernroboter-abs-silikon-lernspielzeug-intelligente-unterhaltungsmaschine-interaktiver-mini-begleitroboter-fuer-maedchen-kinder-zuhause-drinne\/\" \/>\n<meta property=\"og:site_name\" content=\"EasyLifeBro\" \/>\n<meta property=\"article:modified_time\" content=\"2026-02-27T04:43:44+00:00\" \/>\n<meta property=\"og:image\" content=\"https:\/\/images-na.ssl-images-amazon.com\/images\/G\/01\/x-locale\/common\/grey-pixel.gif\" \/>\n<meta name=\"twitter:card\" content=\"summary_large_image\" \/>\n<meta name=\"twitter:label1\" content=\"Gesch\u00e4tzte Lesezeit\" \/>\n\t<meta name=\"twitter:data1\" content=\"2\u00a0Minuten\" \/>\n<script type=\"application\/ld+json\" class=\"yoast-schema-graph\">{\"@context\":\"https:\\\/\\\/schema.org\",\"@graph\":[{\"@type\":\"WebPage\",\"@id\":\"https:\\\/\\\/easyliferobo.com\\\/de\\\/product\\\/ki-roboter-unterhaltsamer-interaktiver-lernroboter-abs-silikon-lernspielzeug-intelligente-unterhaltungsmaschine-interaktiver-mini-begleitroboter-fuer-maedchen-kinder-zuhause-drinne\\\/\",\"url\":\"https:\\\/\\\/easyliferobo.com\\\/de\\\/product\\\/ki-roboter-unterhaltsamer-interaktiver-lernroboter-abs-silikon-lernspielzeug-intelligente-unterhaltungsmaschine-interaktiver-mini-begleitroboter-fuer-maedchen-kinder-zuhause-drinne\\\/\",\"name\":\"KI-Roboter \u2013 Unterhaltsamer interaktiver Lernroboter, ABS-Silikon-Lernspielzeug, intelligente Unterhaltungsmaschine, interaktiver Mini-Begleitroboter | F\u00fcr , M\u00e4dchen, Kinder, Zuhause, Drinnen Un - EasyLifeBro\",\"isPartOf\":{\"@id\":\"https:\\\/\\\/easyliferobo.com\\\/de\\\/#website\"},\"primaryImageOfPage\":{\"@id\":\"https:\\\/\\\/easyliferobo.com\\\/de\\\/product\\\/ki-roboter-unterhaltsamer-interaktiver-lernroboter-abs-silikon-lernspielzeug-intelligente-unterhaltungsmaschine-interaktiver-mini-begleitroboter-fuer-maedchen-kinder-zuhause-drinne\\\/#primaryimage\"},\"image\":{\"@id\":\"https:\\\/\\\/easyliferobo.com\\\/de\\\/product\\\/ki-roboter-unterhaltsamer-interaktiver-lernroboter-abs-silikon-lernspielzeug-intelligente-unterhaltungsmaschine-interaktiver-mini-begleitroboter-fuer-maedchen-kinder-zuhause-drinne\\\/#primaryimage\"},\"thumbnailUrl\":\"https:\\\/\\\/easyliferobo.com\\\/de\\\/wp-content\\\/uploads\\\/2026\\\/02\\\/61YjaEjdlL._AC_SL1500_.jpg\",\"datePublished\":\"2026-02-27T04:43:24+00:00\",\"dateModified\":\"2026-02-27T04:43:44+00:00\",\"description\":\"Entdecken Sie smarte Roboter f\u00fcr Zuhause, Garten, Bildung und Sicherheit. Vergleichen Sie Saugroboter, Rasenm\u00e4hroboter, KI-Begleitroboter und mehr bei EasyLifeRobo.\",\"breadcrumb\":{\"@id\":\"https:\\\/\\\/easyliferobo.com\\\/de\\\/product\\\/ki-roboter-unterhaltsamer-interaktiver-lernroboter-abs-silikon-lernspielzeug-intelligente-unterhaltungsmaschine-interaktiver-mini-begleitroboter-fuer-maedchen-kinder-zuhause-drinne\\\/#breadcrumb\"},\"inLanguage\":\"de\",\"potentialAction\":[{\"@type\":\"ReadAction\",\"target\":[\"https:\\\/\\\/easyliferobo.com\\\/de\\\/product\\\/ki-roboter-unterhaltsamer-interaktiver-lernroboter-abs-silikon-lernspielzeug-intelligente-unterhaltungsmaschine-interaktiver-mini-begleitroboter-fuer-maedchen-kinder-zuhause-drinne\\\/\"]}]},{\"@type\":\"ImageObject\",\"inLanguage\":\"de\",\"@id\":\"https:\\\/\\\/easyliferobo.com\\\/de\\\/product\\\/ki-roboter-unterhaltsamer-interaktiver-lernroboter-abs-silikon-lernspielzeug-intelligente-unterhaltungsmaschine-interaktiver-mini-begleitroboter-fuer-maedchen-kinder-zuhause-drinne\\\/#primaryimage\",\"url\":\"https:\\\/\\\/easyliferobo.com\\\/de\\\/wp-content\\\/uploads\\\/2026\\\/02\\\/61YjaEjdlL._AC_SL1500_.jpg\",\"contentUrl\":\"https:\\\/\\\/easyliferobo.com\\\/de\\\/wp-content\\\/uploads\\\/2026\\\/02\\\/61YjaEjdlL._AC_SL1500_.jpg\",\"width\":1389,\"height\":1500},{\"@type\":\"BreadcrumbList\",\"@id\":\"https:\\\/\\\/easyliferobo.com\\\/de\\\/product\\\/ki-roboter-unterhaltsamer-interaktiver-lernroboter-abs-silikon-lernspielzeug-intelligente-unterhaltungsmaschine-interaktiver-mini-begleitroboter-fuer-maedchen-kinder-zuhause-drinne\\\/#breadcrumb\",\"itemListElement\":[{\"@type\":\"ListItem\",\"position\":1,\"name\":\"Home\",\"item\":\"https:\\\/\\\/easyliferobo.com\\\/de\\\/\"},{\"@type\":\"ListItem\",\"position\":2,\"name\":\"Shop\",\"item\":\"https:\\\/\\\/easyliferobo.com\\\/de\\\/shop\\\/\"},{\"@type\":\"ListItem\",\"position\":3,\"name\":\"KI-Roboter \u2013 Unterhaltsamer inter...\"}]},{\"@type\":\"WebSite\",\"@id\":\"https:\\\/\\\/easyliferobo.com\\\/de\\\/#website\",\"url\":\"https:\\\/\\\/easyliferobo.com\\\/de\\\/\",\"name\":\"EasyLifeBro\",\"description\":\"Smarte Roboter f\u00fcr Zuhause, Garten &amp; Bildung\",\"publisher\":{\"@id\":\"https:\\\/\\\/easyliferobo.com\\\/de\\\/#organization\"},\"potentialAction\":[{\"@type\":\"SearchAction\",\"target\":{\"@type\":\"EntryPoint\",\"urlTemplate\":\"https:\\\/\\\/easyliferobo.com\\\/de\\\/?s={search_term_string}\"},\"query-input\":{\"@type\":\"PropertyValueSpecification\",\"valueRequired\":true,\"valueName\":\"search_term_string\"}}],\"inLanguage\":\"de\"},{\"@type\":\"Organization\",\"@id\":\"https:\\\/\\\/easyliferobo.com\\\/de\\\/#organization\",\"name\":\"EasyLifeBro\",\"url\":\"https:\\\/\\\/easyliferobo.com\\\/de\\\/\",\"logo\":{\"@type\":\"ImageObject\",\"inLanguage\":\"de\",\"@id\":\"https:\\\/\\\/easyliferobo.com\\\/de\\\/#\\\/schema\\\/logo\\\/image\\\/\",\"url\":\"https:\\\/\\\/easyliferobo.com\\\/de\\\/wp-content\\\/uploads\\\/2026\\\/02\\\/Screenshot-2026-02-22-at-2.25.03-PM.png\",\"contentUrl\":\"https:\\\/\\\/easyliferobo.com\\\/de\\\/wp-content\\\/uploads\\\/2026\\\/02\\\/Screenshot-2026-02-22-at-2.25.03-PM.png\",\"width\":1858,\"height\":430,\"caption\":\"EasyLifeBro\"},\"image\":{\"@id\":\"https:\\\/\\\/easyliferobo.com\\\/de\\\/#\\\/schema\\\/logo\\\/image\\\/\"}}]}<\/script>\n<!-- \/ Yoast SEO plugin. -->","yoast_head_json":{"title":"KI-Roboter \u2013 Unterhaltsamer interaktiver Lernroboter, ABS-Silikon-Lernspielzeug, intelligente Unterhaltungsmaschine, interaktiver Mini-Begleitroboter | F\u00fcr , M\u00e4dchen, Kinder, Zuhause, Drinnen Un - EasyLifeBro","description":"Entdecken Sie smarte Roboter f\u00fcr Zuhause, Garten, Bildung und Sicherheit. Vergleichen Sie Saugroboter, Rasenm\u00e4hroboter, KI-Begleitroboter und mehr bei EasyLifeRobo.","robots":{"index":"index","follow":"follow","max-snippet":"max-snippet:-1","max-image-preview":"max-image-preview:large","max-video-preview":"max-video-preview:-1"},"canonical":"https:\/\/easyliferobo.com\/de\/product\/ki-roboter-unterhaltsamer-interaktiver-lernroboter-abs-silikon-lernspielzeug-intelligente-unterhaltungsmaschine-interaktiver-mini-begleitroboter-fuer-maedchen-kinder-zuhause-drinne\/","og_locale":"de_DE","og_type":"article","og_title":"KI-Roboter \u2013 Unterhaltsamer interaktiver Lernroboter, ABS-Silikon-Lernspielzeug, intelligente Unterhaltungsmaschine, interaktiver Mini-Begleitroboter | F\u00fcr , M\u00e4dchen, Kinder, Zuhause, Drinnen Un - EasyLifeBro","og_description":"Entdecken Sie smarte Roboter f\u00fcr Zuhause, Garten, Bildung und Sicherheit. Vergleichen Sie Saugroboter, Rasenm\u00e4hroboter, KI-Begleitroboter und mehr bei EasyLifeRobo.","og_url":"https:\/\/easyliferobo.com\/de\/product\/ki-roboter-unterhaltsamer-interaktiver-lernroboter-abs-silikon-lernspielzeug-intelligente-unterhaltungsmaschine-interaktiver-mini-begleitroboter-fuer-maedchen-kinder-zuhause-drinne\/","og_site_name":"EasyLifeBro","article_modified_time":"2026-02-27T04:43:44+00:00","og_image":[{"url":"https:\/\/images-na.ssl-images-amazon.com\/images\/G\/01\/x-locale\/common\/grey-pixel.gif","type":"","width":"","height":""}],"twitter_card":"summary_large_image","twitter_misc":{"Gesch\u00e4tzte Lesezeit":"2\u00a0Minuten"},"schema":{"@context":"https:\/\/schema.org","@graph":[{"@type":"WebPage","@id":"https:\/\/easyliferobo.com\/de\/product\/ki-roboter-unterhaltsamer-interaktiver-lernroboter-abs-silikon-lernspielzeug-intelligente-unterhaltungsmaschine-interaktiver-mini-begleitroboter-fuer-maedchen-kinder-zuhause-drinne\/","url":"https:\/\/easyliferobo.com\/de\/product\/ki-roboter-unterhaltsamer-interaktiver-lernroboter-abs-silikon-lernspielzeug-intelligente-unterhaltungsmaschine-interaktiver-mini-begleitroboter-fuer-maedchen-kinder-zuhause-drinne\/","name":"KI-Roboter \u2013 Unterhaltsamer interaktiver Lernroboter, ABS-Silikon-Lernspielzeug, intelligente Unterhaltungsmaschine, interaktiver Mini-Begleitroboter | F\u00fcr , M\u00e4dchen, Kinder, Zuhause, Drinnen Un - EasyLifeBro","isPartOf":{"@id":"https:\/\/easyliferobo.com\/de\/#website"},"primaryImageOfPage":{"@id":"https:\/\/easyliferobo.com\/de\/product\/ki-roboter-unterhaltsamer-interaktiver-lernroboter-abs-silikon-lernspielzeug-intelligente-unterhaltungsmaschine-interaktiver-mini-begleitroboter-fuer-maedchen-kinder-zuhause-drinne\/#primaryimage"},"image":{"@id":"https:\/\/easyliferobo.com\/de\/product\/ki-roboter-unterhaltsamer-interaktiver-lernroboter-abs-silikon-lernspielzeug-intelligente-unterhaltungsmaschine-interaktiver-mini-begleitroboter-fuer-maedchen-kinder-zuhause-drinne\/#primaryimage"},"thumbnailUrl":"https:\/\/easyliferobo.com\/de\/wp-content\/uploads\/2026\/02\/61YjaEjdlL._AC_SL1500_.jpg","datePublished":"2026-02-27T04:43:24+00:00","dateModified":"2026-02-27T04:43:44+00:00","description":"Entdecken Sie smarte Roboter f\u00fcr Zuhause, Garten, Bildung und Sicherheit. Vergleichen Sie Saugroboter, Rasenm\u00e4hroboter, KI-Begleitroboter und mehr bei EasyLifeRobo.","breadcrumb":{"@id":"https:\/\/easyliferobo.com\/de\/product\/ki-roboter-unterhaltsamer-interaktiver-lernroboter-abs-silikon-lernspielzeug-intelligente-unterhaltungsmaschine-interaktiver-mini-begleitroboter-fuer-maedchen-kinder-zuhause-drinne\/#breadcrumb"},"inLanguage":"de","potentialAction":[{"@type":"ReadAction","target":["https:\/\/easyliferobo.com\/de\/product\/ki-roboter-unterhaltsamer-interaktiver-lernroboter-abs-silikon-lernspielzeug-intelligente-unterhaltungsmaschine-interaktiver-mini-begleitroboter-fuer-maedchen-kinder-zuhause-drinne\/"]}]},{"@type":"ImageObject","inLanguage":"de","@id":"https:\/\/easyliferobo.com\/de\/product\/ki-roboter-unterhaltsamer-interaktiver-lernroboter-abs-silikon-lernspielzeug-intelligente-unterhaltungsmaschine-interaktiver-mini-begleitroboter-fuer-maedchen-kinder-zuhause-drinne\/#primaryimage","url":"https:\/\/easyliferobo.com\/de\/wp-content\/uploads\/2026\/02\/61YjaEjdlL._AC_SL1500_.jpg","contentUrl":"https:\/\/easyliferobo.com\/de\/wp-content\/uploads\/2026\/02\/61YjaEjdlL._AC_SL1500_.jpg","width":1389,"height":1500},{"@type":"BreadcrumbList","@id":"https:\/\/easyliferobo.com\/de\/product\/ki-roboter-unterhaltsamer-interaktiver-lernroboter-abs-silikon-lernspielzeug-intelligente-unterhaltungsmaschine-interaktiver-mini-begleitroboter-fuer-maedchen-kinder-zuhause-drinne\/#breadcrumb","itemListElement":[{"@type":"ListItem","position":1,"name":"Home","item":"https:\/\/easyliferobo.com\/de\/"},{"@type":"ListItem","position":2,"name":"Shop","item":"https:\/\/easyliferobo.com\/de\/shop\/"},{"@type":"ListItem","position":3,"name":"KI-Roboter \u2013 Unterhaltsamer inter..."}]},{"@type":"WebSite","@id":"https:\/\/easyliferobo.com\/de\/#website","url":"https:\/\/easyliferobo.com\/de\/","name":"EasyLifeBro","description":"Smarte Roboter f\u00fcr Zuhause, Garten &amp; Bildung","publisher":{"@id":"https:\/\/easyliferobo.com\/de\/#organization"},"potentialAction":[{"@type":"SearchAction","target":{"@type":"EntryPoint","urlTemplate":"https:\/\/easyliferobo.com\/de\/?s={search_term_string}"},"query-input":{"@type":"PropertyValueSpecification","valueRequired":true,"valueName":"search_term_string"}}],"inLanguage":"de"},{"@type":"Organization","@id":"https:\/\/easyliferobo.com\/de\/#organization","name":"EasyLifeBro","url":"https:\/\/easyliferobo.com\/de\/","logo":{"@type":"ImageObject","inLanguage":"de","@id":"https:\/\/easyliferobo.com\/de\/#\/schema\/logo\/image\/","url":"https:\/\/easyliferobo.com\/de\/wp-content\/uploads\/2026\/02\/Screenshot-2026-02-22-at-2.25.03-PM.png","contentUrl":"https:\/\/easyliferobo.com\/de\/wp-content\/uploads\/2026\/02\/Screenshot-2026-02-22-at-2.25.03-PM.png","width":1858,"height":430,"caption":"EasyLifeBro"},"image":{"@id":"https:\/\/easyliferobo.com\/de\/#\/schema\/logo\/image\/"}}]}},"_links":{"self":[{"href":"https:\/\/easyliferobo.com\/de\/wp-json\/wp\/v2\/product\/2631","targetHints":{"allow":["GET"]}}],"collection":[{"href":"https:\/\/easyliferobo.com\/de\/wp-json\/wp\/v2\/product"}],"about":[{"href":"https:\/\/easyliferobo.com\/de\/wp-json\/wp\/v2\/types\/product"}],"replies":[{"embeddable":true,"href":"https:\/\/easyliferobo.com\/de\/wp-json\/wp\/v2\/comments?post=2631"}],"wp:featuredmedia":[{"embeddable":true,"href":"https:\/\/easyliferobo.com\/de\/wp-json\/wp\/v2\/media\/2632"}],"wp:attachment":[{"href":"https:\/\/easyliferobo.com\/de\/wp-json\/wp\/v2\/media?parent=2631"}],"wp:term":[{"taxonomy":"store","embeddable":true,"href":"https:\/\/easyliferobo.com\/de\/wp-json\/wp\/v2\/store?post=2631"},{"taxonomy":"product_brand","embeddable":true,"href":"https:\/\/easyliferobo.com\/de\/wp-json\/wp\/v2\/product_brand?post=2631"},{"taxonomy":"product_cat","embeddable":true,"href":"https:\/\/easyliferobo.com\/de\/wp-json\/wp\/v2\/product_cat?post=2631"},{"taxonomy":"product_tag","embeddable":true,"href":"https:\/\/easyliferobo.com\/de\/wp-json\/wp\/v2\/product_tag?post=2631"}],"curies":[{"name":"wp","href":"https:\/\/api.w.org\/{rel}","templated":true}]}}