
{"id":2603,"date":"2026-02-27T04:38:53","date_gmt":"2026-02-27T04:38:53","guid":{"rendered":"https:\/\/easyliferobo.com\/de\/product\/generico-intelligentes-robotergeraet-ki-gesteuerter-interaktiver-begleiter-fuer-kinder-und-erwachsene-bewegungsinteraktionsdesign-mit-programmierbaren-antworten\/"},"modified":"2026-02-27T04:39:12","modified_gmt":"2026-02-27T04:39:12","slug":"generico-intelligentes-robotergeraet-ki-gesteuerter-interaktiver-begleiter-fuer-kinder-und-erwachsene-bewegungsinteraktionsdesign-mit-programmierbaren-antworten","status":"publish","type":"product","link":"https:\/\/easyliferobo.com\/de\/product\/generico-intelligentes-robotergeraet-ki-gesteuerter-interaktiver-begleiter-fuer-kinder-und-erwachsene-bewegungsinteraktionsdesign-mit-programmierbaren-antworten\/","title":{"rendered":"Gen\u00e9rico Intelligentes Roboterger?..."},"content":{"rendered":"<p>\n                                             Produktbeschreibung   <\/p>\n<h3 class=\"a-spacing-small\"> Juguetes De Robot Para Ni\u00f1os <\/h3>\n<p class=\"apm-text-center\">\n                                                      <img decoding=\"async\" alt=\"Enfoque de Di\u00e1logo Mejorado\" src=\"https:\/\/images-na.ssl-images-amazon.com\/images\/G\/01\/x-locale\/common\/grey-pixel.gif\" class=\"a-spacing-mini a-lazy-loaded\" data-src=\"https:\/\/m.media-amazon.com\/images\/S\/aplus-media-library-service-media\/40e7eb47-911b-4f29-856d-b0b3b8577cee.__CR0,0,1600,1600_PT0_SX300_V1___.jpg\"><img decoding=\"async\" alt=\"Enfoque de Di\u00e1logo Mejorado\" src=\"https:\/\/m.media-amazon.com\/images\/S\/aplus-media-library-service-media\/40e7eb47-911b-4f29-856d-b0b3b8577cee.__CR0,0,1600,1600_PT0_SX300_V1___.jpg\">  <\/p>\n<p>                                                    Enfoque de Di\u00e1logo Mejorado                                       <\/p>\n<p> Durch die integrierte emotionale Aufkl\u00e4rungstechnologie ist dieser Roboter f\u00fcr Kleinkinder in der Lage, tiefgr\u00fcndigere Verbindungen mit personalisierten Antworten herzustellen, die reflexive Interaktionen motivieren, lohnenswerte Diskussionen zwischen Padres und Hijos anregen und die Hits von Desarrollo in Situationen des Spiels bereichern Zusammenarbeit, Entwicklung der kognitiven F\u00e4higkeiten und Interaktion mit der Familie. <\/p>\n<p class=\"apm-text-center\">\n                                                      <img decoding=\"async\" alt=\"Mentor der attraktiven Expresi\u00f3n\" src=\"https:\/\/images-na.ssl-images-amazon.com\/images\/G\/01\/x-locale\/common\/grey-pixel.gif\" class=\"a-spacing-mini a-lazy-loaded\" data-src=\"https:\/\/m.media-amazon.com\/images\/S\/aplus-media-library-service-media\/cd7cda33-056c-4a60-9245-463ff25bc1a3.__CR0,0,1600,1600_PT0_SX300_V1___.jpg\"><img decoding=\"async\" alt=\"Mentor der attraktiven Expresi\u00f3n\" src=\"https:\/\/m.media-amazon.com\/images\/S\/aplus-media-library-service-media\/cd7cda33-056c-4a60-9245-463ff25bc1a3.__CR0,0,1600,1600_PT0_SX300_V1___.jpg\">  <\/p>\n<p>                                                    Mentor der attraktiven Expresi\u00f3n                                       <\/p>\n<p> Ausgestattet mit Spracherkennung und einer robusten multimodalen KI f\u00f6rdert die KI-Roboter die F\u00e4higkeit zur Ausdrucksf\u00e4higkeit, indem sie die Steigerung des Bewusstseins vorantreibt; Adecuado f\u00fcr interaktive Lernszenarien oder Freizeitszenarien in der Schule oder an der Schule, f\u00f6rdert den pers\u00f6nlichen Ausdruck und die F\u00e4higkeit, engagierte Verhaltensweisen und Abwechslung mit modernen IA-Werkzeugen zu entwickeln. <\/p>\n<p class=\"apm-text-center\">\n                                                      <img decoding=\"async\" alt=\"F\u00e4higkeit zur Anpassung von Personen\" src=\"https:\/\/images-na.ssl-images-amazon.com\/images\/G\/01\/x-locale\/common\/grey-pixel.gif\" class=\"a-spacing-mini a-lazy-loaded\" data-src=\"https:\/\/m.media-amazon.com\/images\/S\/aplus-media-library-service-media\/3147deb6-a7eb-40aa-b47e-403bba37f6f1.__CR0,0,1600,1600_PT0_SX300_V1___.jpg\"><img decoding=\"async\" alt=\"F\u00e4higkeit zur Anpassung von Personen\" src=\"https:\/\/m.media-amazon.com\/images\/S\/aplus-media-library-service-media\/3147deb6-a7eb-40aa-b47e-403bba37f6f1.__CR0,0,1600,1600_PT0_SX300_V1___.jpg\">  <\/p>\n<p>                                                    F\u00e4higkeit zur Anpassung von Personen                                       <\/p>\n<p> Der Roboter f\u00fcr Kinder bietet die M\u00f6glichkeit, sich individuell an Personen anzupassen und Rollen zu konfigurieren, sodass kleine Kinder mit verschiedenen Pers\u00f6nlichkeiten interagieren k\u00f6nnen, die sie an ihre Interessen anpassen m\u00f6chten. Dies f\u00f6rdert das Engagement und die emotionale Haltung, die soziale Bildung w\u00e4hrend der interaktiven Spielzeit in der Wohnung oder in hochp\u00e4dagogischen Kreisen und garantiert ein intensives, personalisiertes Erlebnis ohne vorab festgelegte Grenzen und die Einhaltung des Ziels <\/p>\n<p>  Der Gran Robot Interactivo Programmable RC ist ein p\u00e4dagogisches und innovatives Spielzeug, das Kinder in das kreative Spiel einbinden soll, das ihre kognitiven F\u00e4higkeiten f\u00f6rdert. Dieser intelligente Roboter verf\u00fcgt \u00fcber interaktive Funktionen, die die Aufmerksamkeit von Kindern wie Kleinkinder einfangen und sich in eine ideale Option f\u00fcr Geburtstage, Ferien oder Familienfeste verwandeln. Mit programmierbaren Funktionen k\u00f6nnen Kinder die grundlegenden Konzepte der Codierung erkunden und ihre F\u00e4higkeiten zur L\u00f6sung von Problemen durch praktische Aktivit\u00e4ten verbessern. Die nat\u00fcrliche Interaktion dieses RC-Roboters f\u00f6rdert die Zusammenarbeit und Abwechslung sowie das Wiedersehen mit der Familie w\u00e4hrend der Spielzeit. Entworfen, um Neugier zu wecken und zu lernen, wird dieser Roboter als perfektes Geschenk f\u00fcr verschiedene Gelegenheiten geliefert, sorgt daf\u00fcr, dass die Unterhaltung lange dauert und w\u00e4chst im Ziel. Sein attraktiver und vielseitiger Funktionsentwurf wurde in einer Erg\u00e4nzung zur aktuellen Sammlung von Kleinkindern konvertiert und f\u00f6rderte die individuelle Erkundung wie die verwirrende Gruppe. <\/p>\n<p>  Spezifikation <\/p>\n<p>  Produktname: Intelligenter KI-Roboter <\/p>\n<p>  Material: ABS <\/p>\n<p>  Produktgr\u00f6\u00dfe: ca. 9,5 x 5,5 x 1 3 cm\/3,74 x 2,17 x 5,12 Zentimeter <\/p>\n<p>  Lista <\/p>\n<p>  Intelligente Roboter-KI \u00d7 1 <\/p>\n<p>  Hinweis: <\/p>\n<p>  Abh\u00e4ngig von den verschiedenen Beleuchtungs- und Bildschirmkonfigurationen kann die Farbe des Artikels je nach Bild leicht unterschiedlich sein. <\/p>\n<p>  Beachten Sie die verschiedenen Handb\u00fccher und lassen Sie einen Abstandsunterschied von 1-2 cm zu. <\/p>\n<p>Attraktiver Ausdrucksdenker: Ausgestattet mit Spracherkennung und einem robusten Multimodell-Kunstintelligenz-Roboter f\u00f6rdert der k\u00fcnstliche Intelligenz-Roboter die Entwicklung von Ausdrucksf\u00e4higkeiten und unterst\u00fctzt gleichzeitig das Wissenswachstum. Geeignet f\u00fcr interaktives Lernen oder Freizeitszenarien zu Hause oder in der Schule.<br \/>Multifunktionale Lernhilfe: Roboterspielzeug integriert verschiedene Funktionen, die logisches Denken und kognitives Wachstum f\u00f6rdern und ein optimales Gleichgewicht zwischen Unterhaltung und Bildung schaffen; Diese Werkzeuge regen die Fantasie effektiv an und bieten bereichernde Erfahrungen, egal ob zu Hause oder in kollaborativen Lernr\u00e4umen.<br \/>Attraktive Rollen-Personalisierung: Dieser Kinder-Roboter verf\u00fcgt \u00fcber erweiterte Einstellungen und Interessenanpassungsf\u00e4higkeit, sodass junge Benutzer verschiedene Charaktere erkunden k\u00f6nnen, die auf ihre Leidenschaften abgestimmt sind. F\u00f6rdert emotionales Management-Training und st\u00e4rkt die sozialen F\u00e4higkeiten durch fantasievolle Szenarien, schafft eine unterst\u00fctzende Umgebung, in der Kinder selbstbewusst aufwachsen k\u00f6nnen und gleichzeitig personalisierte Interaktionen erleben.<br \/>Interaktives emotionales Engagement: Mit Emotionsfunktionen unterst\u00fctzt der Kinderroboter interaktives Erkennungslernen, indem er Stimmungen erkennt und angemessen reagiert, was Kindern hilft, sich besser auszudr\u00fccken und gleichzeitig die Kommunikationsf\u00e4higkeiten in einer bereichernden Umgebung zu Hause oder bei Bildungsaktivit\u00e4ten zu verbessern.<br \/>Tolles Geschenk: Die Roboter-Spielzeuge f\u00fcr Kinder sind mit dem Fokus auf die interaktive Attraktivit\u00e4t von Geschenken, als Mittel zum Ausdruck von Segen und als Quelle der Weihnachtsfreude, die Feierlichkeiten bereichern, indem sie Menschen in ergreifenden und unterhaltsamen Umgebungen zusammenbringen.<\/p>\n<p>[ad_2]<\/p>\n","protected":false},"excerpt":{"rendered":"<p>Produktbeschreibung Juguetes De Robot Para Ni\u00f1os Enfoque de Di\u00e1logo Mejorado Durch die integrierte emotionale Aufkl\u00e4rungstechnologie ist dieser Roboter f\u00fcr Kleinkinder in der Lage, tiefgr\u00fcndigere Verbindungen mit personalisierten Antworten herzustellen, die reflexive Interaktionen motivieren, lohnenswerte Diskussionen zwischen Padres und Hijos anregen und die Hits von Desarrollo in Situationen des Spiels bereichern Zusammenarbeit, Entwicklung der kognitiven F\u00e4higkeiten [&hellip;]<\/p>\n","protected":false},"featured_media":2604,"comment_status":"open","ping_status":"closed","template":"","meta":{"_aipt_faq_data":""},"store":[],"product_brand":[],"product_cat":[96],"product_tag":[326],"class_list":{"0":"post-2603","1":"product","2":"type-product","3":"status-publish","4":"has-post-thumbnail","6":"product_cat-senioren-begleitroboter","7":"product_tag-senioren-begleitroboter-mit-erinnerungsfunktion","9":"first","10":"instock","11":"shipping-taxable","12":"product-type-external"},"yoast_head":"<!-- This site is optimized with the Yoast SEO plugin v27.0 - https:\/\/yoast.com\/product\/yoast-seo-wordpress\/ -->\n<title>Gen\u00e9rico Intelligentes Roboterger\u00e4t: KI-gesteuerter interaktiver Begleiter f\u00fcr Kinder und Erwachsene, Bewegungsinteraktionsdesign mit programmierbaren Antworten - EasyLifeBro<\/title>\n<meta name=\"description\" content=\"Entdecken Sie smarte Roboter f\u00fcr Zuhause, Garten, Bildung und Sicherheit. Vergleichen Sie Saugroboter, Rasenm\u00e4hroboter, KI-Begleitroboter und mehr bei EasyLifeRobo.\" \/>\n<meta name=\"robots\" content=\"index, follow, max-snippet:-1, max-image-preview:large, max-video-preview:-1\" \/>\n<link rel=\"canonical\" href=\"https:\/\/easyliferobo.com\/de\/product\/generico-intelligentes-robotergeraet-ki-gesteuerter-interaktiver-begleiter-fuer-kinder-und-erwachsene-bewegungsinteraktionsdesign-mit-programmierbaren-antworten\/\" \/>\n<meta property=\"og:locale\" content=\"de_DE\" \/>\n<meta property=\"og:type\" content=\"article\" \/>\n<meta property=\"og:title\" content=\"Gen\u00e9rico Intelligentes Roboterger\u00e4t: KI-gesteuerter interaktiver Begleiter f\u00fcr Kinder und Erwachsene, Bewegungsinteraktionsdesign mit programmierbaren Antworten - EasyLifeBro\" \/>\n<meta property=\"og:description\" content=\"Entdecken Sie smarte Roboter f\u00fcr Zuhause, Garten, Bildung und Sicherheit. Vergleichen Sie Saugroboter, Rasenm\u00e4hroboter, KI-Begleitroboter und mehr bei EasyLifeRobo.\" \/>\n<meta property=\"og:url\" content=\"https:\/\/easyliferobo.com\/de\/product\/generico-intelligentes-robotergeraet-ki-gesteuerter-interaktiver-begleiter-fuer-kinder-und-erwachsene-bewegungsinteraktionsdesign-mit-programmierbaren-antworten\/\" \/>\n<meta property=\"og:site_name\" content=\"EasyLifeBro\" \/>\n<meta property=\"article:modified_time\" content=\"2026-02-27T04:39:12+00:00\" \/>\n<meta property=\"og:image\" content=\"https:\/\/easyliferobo.com\/de\/wp-content\/uploads\/2026\/02\/71Vh-lODoWL._AC_SL1500_.jpg\" \/>\n\t<meta property=\"og:image:width\" content=\"1500\" \/>\n\t<meta property=\"og:image:height\" content=\"1443\" \/>\n\t<meta property=\"og:image:type\" content=\"image\/jpeg\" \/>\n<meta name=\"twitter:card\" content=\"summary_large_image\" \/>\n<meta name=\"twitter:label1\" content=\"Gesch\u00e4tzte Lesezeit\" \/>\n\t<meta name=\"twitter:data1\" content=\"3\u00a0Minuten\" \/>\n<script type=\"application\/ld+json\" class=\"yoast-schema-graph\">{\"@context\":\"https:\/\/schema.org\",\"@graph\":[{\"@type\":\"WebPage\",\"@id\":\"https:\/\/easyliferobo.com\/de\/product\/generico-intelligentes-robotergeraet-ki-gesteuerter-interaktiver-begleiter-fuer-kinder-und-erwachsene-bewegungsinteraktionsdesign-mit-programmierbaren-antworten\/\",\"url\":\"https:\/\/easyliferobo.com\/de\/product\/generico-intelligentes-robotergeraet-ki-gesteuerter-interaktiver-begleiter-fuer-kinder-und-erwachsene-bewegungsinteraktionsdesign-mit-programmierbaren-antworten\/\",\"name\":\"Gen\u00e9rico Intelligentes Roboterger\u00e4t: KI-gesteuerter interaktiver Begleiter f\u00fcr Kinder und Erwachsene, Bewegungsinteraktionsdesign mit programmierbaren Antworten - EasyLifeBro\",\"isPartOf\":{\"@id\":\"https:\/\/easyliferobo.com\/de\/#website\"},\"primaryImageOfPage\":{\"@id\":\"https:\/\/easyliferobo.com\/de\/product\/generico-intelligentes-robotergeraet-ki-gesteuerter-interaktiver-begleiter-fuer-kinder-und-erwachsene-bewegungsinteraktionsdesign-mit-programmierbaren-antworten\/#primaryimage\"},\"image\":{\"@id\":\"https:\/\/easyliferobo.com\/de\/product\/generico-intelligentes-robotergeraet-ki-gesteuerter-interaktiver-begleiter-fuer-kinder-und-erwachsene-bewegungsinteraktionsdesign-mit-programmierbaren-antworten\/#primaryimage\"},\"thumbnailUrl\":\"https:\/\/easyliferobo.com\/de\/wp-content\/uploads\/2026\/02\/71Vh-lODoWL._AC_SL1500_.jpg\",\"datePublished\":\"2026-02-27T04:38:53+00:00\",\"dateModified\":\"2026-02-27T04:39:12+00:00\",\"description\":\"Entdecken Sie smarte Roboter f\u00fcr Zuhause, Garten, Bildung und Sicherheit. Vergleichen Sie Saugroboter, Rasenm\u00e4hroboter, KI-Begleitroboter und mehr bei EasyLifeRobo.\",\"breadcrumb\":{\"@id\":\"https:\/\/easyliferobo.com\/de\/product\/generico-intelligentes-robotergeraet-ki-gesteuerter-interaktiver-begleiter-fuer-kinder-und-erwachsene-bewegungsinteraktionsdesign-mit-programmierbaren-antworten\/#breadcrumb\"},\"inLanguage\":\"de\",\"potentialAction\":[{\"@type\":\"ReadAction\",\"target\":[\"https:\/\/easyliferobo.com\/de\/product\/generico-intelligentes-robotergeraet-ki-gesteuerter-interaktiver-begleiter-fuer-kinder-und-erwachsene-bewegungsinteraktionsdesign-mit-programmierbaren-antworten\/\"]}]},{\"@type\":\"ImageObject\",\"inLanguage\":\"de\",\"@id\":\"https:\/\/easyliferobo.com\/de\/product\/generico-intelligentes-robotergeraet-ki-gesteuerter-interaktiver-begleiter-fuer-kinder-und-erwachsene-bewegungsinteraktionsdesign-mit-programmierbaren-antworten\/#primaryimage\",\"url\":\"https:\/\/easyliferobo.com\/de\/wp-content\/uploads\/2026\/02\/71Vh-lODoWL._AC_SL1500_.jpg\",\"contentUrl\":\"https:\/\/easyliferobo.com\/de\/wp-content\/uploads\/2026\/02\/71Vh-lODoWL._AC_SL1500_.jpg\",\"width\":1500,\"height\":1443},{\"@type\":\"BreadcrumbList\",\"@id\":\"https:\/\/easyliferobo.com\/de\/product\/generico-intelligentes-robotergeraet-ki-gesteuerter-interaktiver-begleiter-fuer-kinder-und-erwachsene-bewegungsinteraktionsdesign-mit-programmierbaren-antworten\/#breadcrumb\",\"itemListElement\":[{\"@type\":\"ListItem\",\"position\":1,\"name\":\"Home\",\"item\":\"https:\/\/easyliferobo.com\/de\/\"},{\"@type\":\"ListItem\",\"position\":2,\"name\":\"Shop\",\"item\":\"https:\/\/easyliferobo.com\/de\/shop\/\"},{\"@type\":\"ListItem\",\"position\":3,\"name\":\"Gen\u00e9rico Intelligentes Roboterger\u00e4t: KI-gesteuerter interaktiver Begleiter f\u00fcr Kinder und Erwachsene, Bewegungsinteraktionsdesign mit programmierbaren Antworten\"}]},{\"@type\":\"WebSite\",\"@id\":\"https:\/\/easyliferobo.com\/de\/#website\",\"url\":\"https:\/\/easyliferobo.com\/de\/\",\"name\":\"EasyLifeBro\",\"description\":\"Smarte Roboter f\u00fcr Zuhause, Garten &amp; Bildung\",\"publisher\":{\"@id\":\"https:\/\/easyliferobo.com\/de\/#organization\"},\"potentialAction\":[{\"@type\":\"SearchAction\",\"target\":{\"@type\":\"EntryPoint\",\"urlTemplate\":\"https:\/\/easyliferobo.com\/de\/?s={search_term_string}\"},\"query-input\":{\"@type\":\"PropertyValueSpecification\",\"valueRequired\":true,\"valueName\":\"search_term_string\"}}],\"inLanguage\":\"de\"},{\"@type\":\"Organization\",\"@id\":\"https:\/\/easyliferobo.com\/de\/#organization\",\"name\":\"EasyLifeBro\",\"url\":\"https:\/\/easyliferobo.com\/de\/\",\"logo\":{\"@type\":\"ImageObject\",\"inLanguage\":\"de\",\"@id\":\"https:\/\/easyliferobo.com\/de\/#\/schema\/logo\/image\/\",\"url\":\"https:\/\/easyliferobo.com\/de\/wp-content\/uploads\/2026\/02\/Screenshot-2026-02-22-at-2.25.03-PM.png\",\"contentUrl\":\"https:\/\/easyliferobo.com\/de\/wp-content\/uploads\/2026\/02\/Screenshot-2026-02-22-at-2.25.03-PM.png\",\"width\":1858,\"height\":430,\"caption\":\"EasyLifeBro\"},\"image\":{\"@id\":\"https:\/\/easyliferobo.com\/de\/#\/schema\/logo\/image\/\"}}]}<\/script>\n<!-- \/ Yoast SEO plugin. -->","yoast_head_json":{"title":"Gen\u00e9rico Intelligentes Roboterger\u00e4t: KI-gesteuerter interaktiver Begleiter f\u00fcr Kinder und Erwachsene, Bewegungsinteraktionsdesign mit programmierbaren Antworten - EasyLifeBro","description":"Entdecken Sie smarte Roboter f\u00fcr Zuhause, Garten, Bildung und Sicherheit. Vergleichen Sie Saugroboter, Rasenm\u00e4hroboter, KI-Begleitroboter und mehr bei EasyLifeRobo.","robots":{"index":"index","follow":"follow","max-snippet":"max-snippet:-1","max-image-preview":"max-image-preview:large","max-video-preview":"max-video-preview:-1"},"canonical":"https:\/\/easyliferobo.com\/de\/product\/generico-intelligentes-robotergeraet-ki-gesteuerter-interaktiver-begleiter-fuer-kinder-und-erwachsene-bewegungsinteraktionsdesign-mit-programmierbaren-antworten\/","og_locale":"de_DE","og_type":"article","og_title":"Gen\u00e9rico Intelligentes Roboterger\u00e4t: KI-gesteuerter interaktiver Begleiter f\u00fcr Kinder und Erwachsene, Bewegungsinteraktionsdesign mit programmierbaren Antworten - EasyLifeBro","og_description":"Entdecken Sie smarte Roboter f\u00fcr Zuhause, Garten, Bildung und Sicherheit. Vergleichen Sie Saugroboter, Rasenm\u00e4hroboter, KI-Begleitroboter und mehr bei EasyLifeRobo.","og_url":"https:\/\/easyliferobo.com\/de\/product\/generico-intelligentes-robotergeraet-ki-gesteuerter-interaktiver-begleiter-fuer-kinder-und-erwachsene-bewegungsinteraktionsdesign-mit-programmierbaren-antworten\/","og_site_name":"EasyLifeBro","article_modified_time":"2026-02-27T04:39:12+00:00","og_image":[{"width":1500,"height":1443,"url":"https:\/\/easyliferobo.com\/de\/wp-content\/uploads\/2026\/02\/71Vh-lODoWL._AC_SL1500_.jpg","type":"image\/jpeg"}],"twitter_card":"summary_large_image","twitter_misc":{"Gesch\u00e4tzte Lesezeit":"3\u00a0Minuten"},"schema":{"@context":"https:\/\/schema.org","@graph":[{"@type":"WebPage","@id":"https:\/\/easyliferobo.com\/de\/product\/generico-intelligentes-robotergeraet-ki-gesteuerter-interaktiver-begleiter-fuer-kinder-und-erwachsene-bewegungsinteraktionsdesign-mit-programmierbaren-antworten\/","url":"https:\/\/easyliferobo.com\/de\/product\/generico-intelligentes-robotergeraet-ki-gesteuerter-interaktiver-begleiter-fuer-kinder-und-erwachsene-bewegungsinteraktionsdesign-mit-programmierbaren-antworten\/","name":"Gen\u00e9rico Intelligentes Roboterger\u00e4t: KI-gesteuerter interaktiver Begleiter f\u00fcr Kinder und Erwachsene, Bewegungsinteraktionsdesign mit programmierbaren Antworten - EasyLifeBro","isPartOf":{"@id":"https:\/\/easyliferobo.com\/de\/#website"},"primaryImageOfPage":{"@id":"https:\/\/easyliferobo.com\/de\/product\/generico-intelligentes-robotergeraet-ki-gesteuerter-interaktiver-begleiter-fuer-kinder-und-erwachsene-bewegungsinteraktionsdesign-mit-programmierbaren-antworten\/#primaryimage"},"image":{"@id":"https:\/\/easyliferobo.com\/de\/product\/generico-intelligentes-robotergeraet-ki-gesteuerter-interaktiver-begleiter-fuer-kinder-und-erwachsene-bewegungsinteraktionsdesign-mit-programmierbaren-antworten\/#primaryimage"},"thumbnailUrl":"https:\/\/easyliferobo.com\/de\/wp-content\/uploads\/2026\/02\/71Vh-lODoWL._AC_SL1500_.jpg","datePublished":"2026-02-27T04:38:53+00:00","dateModified":"2026-02-27T04:39:12+00:00","description":"Entdecken Sie smarte Roboter f\u00fcr Zuhause, Garten, Bildung und Sicherheit. Vergleichen Sie Saugroboter, Rasenm\u00e4hroboter, KI-Begleitroboter und mehr bei EasyLifeRobo.","breadcrumb":{"@id":"https:\/\/easyliferobo.com\/de\/product\/generico-intelligentes-robotergeraet-ki-gesteuerter-interaktiver-begleiter-fuer-kinder-und-erwachsene-bewegungsinteraktionsdesign-mit-programmierbaren-antworten\/#breadcrumb"},"inLanguage":"de","potentialAction":[{"@type":"ReadAction","target":["https:\/\/easyliferobo.com\/de\/product\/generico-intelligentes-robotergeraet-ki-gesteuerter-interaktiver-begleiter-fuer-kinder-und-erwachsene-bewegungsinteraktionsdesign-mit-programmierbaren-antworten\/"]}]},{"@type":"ImageObject","inLanguage":"de","@id":"https:\/\/easyliferobo.com\/de\/product\/generico-intelligentes-robotergeraet-ki-gesteuerter-interaktiver-begleiter-fuer-kinder-und-erwachsene-bewegungsinteraktionsdesign-mit-programmierbaren-antworten\/#primaryimage","url":"https:\/\/easyliferobo.com\/de\/wp-content\/uploads\/2026\/02\/71Vh-lODoWL._AC_SL1500_.jpg","contentUrl":"https:\/\/easyliferobo.com\/de\/wp-content\/uploads\/2026\/02\/71Vh-lODoWL._AC_SL1500_.jpg","width":1500,"height":1443},{"@type":"BreadcrumbList","@id":"https:\/\/easyliferobo.com\/de\/product\/generico-intelligentes-robotergeraet-ki-gesteuerter-interaktiver-begleiter-fuer-kinder-und-erwachsene-bewegungsinteraktionsdesign-mit-programmierbaren-antworten\/#breadcrumb","itemListElement":[{"@type":"ListItem","position":1,"name":"Home","item":"https:\/\/easyliferobo.com\/de\/"},{"@type":"ListItem","position":2,"name":"Shop","item":"https:\/\/easyliferobo.com\/de\/shop\/"},{"@type":"ListItem","position":3,"name":"Gen\u00e9rico Intelligentes Roboterger\u00e4t: KI-gesteuerter interaktiver Begleiter f\u00fcr Kinder und Erwachsene, Bewegungsinteraktionsdesign mit programmierbaren Antworten"}]},{"@type":"WebSite","@id":"https:\/\/easyliferobo.com\/de\/#website","url":"https:\/\/easyliferobo.com\/de\/","name":"EasyLifeBro","description":"Smarte Roboter f\u00fcr Zuhause, Garten &amp; Bildung","publisher":{"@id":"https:\/\/easyliferobo.com\/de\/#organization"},"potentialAction":[{"@type":"SearchAction","target":{"@type":"EntryPoint","urlTemplate":"https:\/\/easyliferobo.com\/de\/?s={search_term_string}"},"query-input":{"@type":"PropertyValueSpecification","valueRequired":true,"valueName":"search_term_string"}}],"inLanguage":"de"},{"@type":"Organization","@id":"https:\/\/easyliferobo.com\/de\/#organization","name":"EasyLifeBro","url":"https:\/\/easyliferobo.com\/de\/","logo":{"@type":"ImageObject","inLanguage":"de","@id":"https:\/\/easyliferobo.com\/de\/#\/schema\/logo\/image\/","url":"https:\/\/easyliferobo.com\/de\/wp-content\/uploads\/2026\/02\/Screenshot-2026-02-22-at-2.25.03-PM.png","contentUrl":"https:\/\/easyliferobo.com\/de\/wp-content\/uploads\/2026\/02\/Screenshot-2026-02-22-at-2.25.03-PM.png","width":1858,"height":430,"caption":"EasyLifeBro"},"image":{"@id":"https:\/\/easyliferobo.com\/de\/#\/schema\/logo\/image\/"}}]}},"_links":{"self":[{"href":"https:\/\/easyliferobo.com\/de\/wp-json\/wp\/v2\/product\/2603","targetHints":{"allow":["GET"]}}],"collection":[{"href":"https:\/\/easyliferobo.com\/de\/wp-json\/wp\/v2\/product"}],"about":[{"href":"https:\/\/easyliferobo.com\/de\/wp-json\/wp\/v2\/types\/product"}],"replies":[{"embeddable":true,"href":"https:\/\/easyliferobo.com\/de\/wp-json\/wp\/v2\/comments?post=2603"}],"wp:featuredmedia":[{"embeddable":true,"href":"https:\/\/easyliferobo.com\/de\/wp-json\/wp\/v2\/media\/2604"}],"wp:attachment":[{"href":"https:\/\/easyliferobo.com\/de\/wp-json\/wp\/v2\/media?parent=2603"}],"wp:term":[{"taxonomy":"store","embeddable":true,"href":"https:\/\/easyliferobo.com\/de\/wp-json\/wp\/v2\/store?post=2603"},{"taxonomy":"product_brand","embeddable":true,"href":"https:\/\/easyliferobo.com\/de\/wp-json\/wp\/v2\/product_brand?post=2603"},{"taxonomy":"product_cat","embeddable":true,"href":"https:\/\/easyliferobo.com\/de\/wp-json\/wp\/v2\/product_cat?post=2603"},{"taxonomy":"product_tag","embeddable":true,"href":"https:\/\/easyliferobo.com\/de\/wp-json\/wp\/v2\/product_tag?post=2603"}],"curies":[{"name":"wp","href":"https:\/\/api.w.org\/{rel}","templated":true}]}}