
{"id":2600,"date":"2026-02-27T04:37:10","date_gmt":"2026-02-27T04:37:10","guid":{"rendered":"https:\/\/easyliferobo.com\/de\/product\/aufgaben-und-verantwortung-einer-schweissaufsicht-leitfaden-fuer-werkstatt-und-montage-fachbuchreihe-schweisstechnik\/"},"modified":"2026-02-27T04:37:15","modified_gmt":"2026-02-27T04:37:15","slug":"aufgaben-und-verantwortung-einer-schweissaufsicht-leitfaden-fuer-werkstatt-und-montage-fachbuchreihe-schweisstechnik","status":"publish","type":"product","link":"https:\/\/easyliferobo.com\/de\/product\/aufgaben-und-verantwortung-einer-schweissaufsicht-leitfaden-fuer-werkstatt-und-montage-fachbuchreihe-schweisstechnik\/","title":{"rendered":"Aufgaben und Verantwortung einer Sc..."},"content":{"rendered":"<p>  Wie Sie Ihrer Verantwortung als Schwei\u00dfaufsichtspersonen gerecht werden, ist bzw. ist die Schwei\u00dfaufsicht. Wird man durch die Bestellung durch den Firmeninhaber oder Gesch\u00e4ftsf\u00fchrer. Die vielf\u00e4ltigen Aufgaben und Pflichten der Schwei\u00dfaufsicht ergeben sich aus der DIN EN ISO 14731. Und diese sind umfangreicher als allgemein angenommen. Wie die Schwei\u00dfaufsichtsperson diesen Anforderungen gerecht wird und welche Chancen sich daraus auch f\u00fcr die eigene Arbeit ergeben, erkl\u00e4rt das neue Fachbuch \u201eAufgaben und Verantwortung einer Schwei\u00dfaufsicht \u2013 Leitfaden f\u00fcr Werkstatt und Montage\u201c. Detailliert widmet sich der Autor Jochem Mu\u00dfmann in dem neuen Fachbuch den Aufgaben und Pflichten, die sich aus der Norm DIN EN ISO 14731 ergeben. Der Leser erf\u00e4hrt, wie die Normenanforderungen auf ihre Erf\u00fcllbarkeit \u00fcberpr\u00fcft werden k\u00f6nnen oder was bei der Untervergabe der schwei\u00dftechnischen Fertigung zu beachten ist. Dar\u00fcber hinaus thematisiert das Buch folgende wichtige Bereiche: &#8211; Qualifizierung des schwei\u00dftechnischen Personals &#8211; Eignung von Einrichtungen &#8211; Fertigungsplanung &#8211; Qualifizierung von Schwei\u00dfverfahren, Schwei\u00df- und Arbeitsanweisungen &#8211; Eignung und Handhabung von Schwei\u00dfzus\u00e4tzen und Werkstoffen &#8211; \u00dcberwachung und Pr\u00fcfung vor, w\u00e4hrend und nach dem Schwei\u00dfen &#8211; W\u00e4rmebehandlung nach dem Schwei\u00dfen &#8211; Eventuell n\u00f6tige Korrekturma\u00dfnahmen Umfangreiches Basiswissen, detailliertes Know-how sowie praktische Anwendungstipps machen das Fachbuch \u201eAufgaben und Verantwortung einer Schwei\u00dfaufsicht\u201c zur Pflichtlekt\u00fcre f\u00fcr jede Schwei\u00dfaufsichtsperson. ISBN 978-3-87155-994-5 Reihe Fachbuchreihe Schwei\u00dftechnik Band Band 155 Autor J. Mu\u00dfmann    <br \/>Herausgeber \u200f : \u200e DVS Media GmbH       <br \/> Erscheinungsdatum \u200f : \u200e 29. Juni 2021       <br \/> Auflage \u200f : \u200e 1. Auflage 2021       <br \/> Sprache \u200f : \u200e Deutsch   <br \/> Druckl\u00e4nge \u200f : \u200e 204 Seiten       <br \/> ISBN-10 \u200f : \u200e 3871559946       <br \/> ISBN-13 \u200f : \u200e 978-3871559945       <br \/> Abmessungen \u200f : \u200e 16,8 x 1,5 x 23,9 cm       <br \/>       Bestseller-Rang: 411.523 in B\u00fcchern (siehe Top 100 in B\u00fcchern) 18 in Schwei\u00dfen (B\u00fccher) 162 in Fertigung und Betriebstechnik 529 in Maschinenbau (B\u00fccher)      <br \/>  Kundenrezensionen: 4,5 4,5 von 5 Sternen (14) var dpAcrHasRegisteredArcLinkClickAction; P.when(&#8218;A&#8216;, &#8218;ready&#8216;).execute(function(A) { if (dpAcrHasRegisteredArcLinkClickAction !== true) { dpAcrHasRegisteredArcLinkClickAction = true; A.declarative( &#8218;acrLink-click-metrics&#8216;, &#8218;click&#8216;, { &#8222;allowLinkDefault&#8220;: true }, function (event) { if (window.ue) { ue.count(&#8222;acrLinkClickCount&#8220;, (ue.count(&#8222;acrLinkClickCount&#8220;) || 0) + 1 } } }); P.when(&#8218;A&#8216;, &#8218;cf&#8216;).execute(function(A) { A.declarative(&#8218;acrStarsLink-click-metrics&#8216;, &#8218;click&#8216;, { &#8222;allowLinkDefault&#8220; : true }, function(event){ if(window.ue) { ue.count(&#8222;acrStarsLinkWithPopoverClickCount&#8220;, (ue.count(&#8222;acrStarsLinkWithPopoverClickCount&#8220;) || 0) + 1); } }); });                          <br \/>[ad_2]<\/p>\n","protected":false},"excerpt":{"rendered":"<p>Wie Sie Ihrer Verantwortung als Schwei\u00dfaufsichtspersonen gerecht werden, ist bzw. ist die Schwei\u00dfaufsicht. Wird man durch die Bestellung durch den Firmeninhaber oder Gesch\u00e4ftsf\u00fchrer. Die vielf\u00e4ltigen Aufgaben und Pflichten der Schwei\u00dfaufsicht ergeben sich aus der DIN EN ISO 14731. Und diese sind umfangreicher als allgemein angenommen. Wie die Schwei\u00dfaufsichtsperson diesen Anforderungen gerecht wird und welche Chancen [&hellip;]<\/p>\n","protected":false},"featured_media":2601,"comment_status":"open","ping_status":"closed","template":"","meta":{"_aipt_faq_data":""},"store":[],"product_brand":[],"product_cat":[98],"product_tag":[226],"class_list":{"0":"post-2600","1":"product","2":"type-product","3":"status-publish","4":"has-post-thumbnail","6":"product_cat-industrieroboter","7":"product_tag-industrieroboter-schweisstechnik","9":"first","10":"instock","11":"shipping-taxable","12":"product-type-external"},"yoast_head":"<!-- This site is optimized with the Yoast SEO plugin v27.0 - https:\/\/yoast.com\/product\/yoast-seo-wordpress\/ -->\n<title>Aufgaben und Verantwortung einer Schwei\u00dfaufsicht: Leitfaden f\u00fcr Werkstatt und Montage (Fachbuchreihe Schwei\u00dftechnik) - EasyLifeBro<\/title>\n<meta name=\"description\" content=\"Entdecken Sie smarte Roboter f\u00fcr Zuhause, Garten, Bildung und Sicherheit. Vergleichen Sie Saugroboter, Rasenm\u00e4hroboter, KI-Begleitroboter und mehr bei EasyLifeRobo.\" \/>\n<meta name=\"robots\" content=\"index, follow, max-snippet:-1, max-image-preview:large, max-video-preview:-1\" \/>\n<link rel=\"canonical\" href=\"https:\/\/easyliferobo.com\/de\/product\/aufgaben-und-verantwortung-einer-schweissaufsicht-leitfaden-fuer-werkstatt-und-montage-fachbuchreihe-schweisstechnik\/\" \/>\n<meta property=\"og:locale\" content=\"de_DE\" \/>\n<meta property=\"og:type\" content=\"article\" \/>\n<meta property=\"og:title\" content=\"Aufgaben und Verantwortung einer Schwei\u00dfaufsicht: Leitfaden f\u00fcr Werkstatt und Montage (Fachbuchreihe Schwei\u00dftechnik) - EasyLifeBro\" \/>\n<meta property=\"og:description\" content=\"Entdecken Sie smarte Roboter f\u00fcr Zuhause, Garten, Bildung und Sicherheit. Vergleichen Sie Saugroboter, Rasenm\u00e4hroboter, KI-Begleitroboter und mehr bei EasyLifeRobo.\" \/>\n<meta property=\"og:url\" content=\"https:\/\/easyliferobo.com\/de\/product\/aufgaben-und-verantwortung-einer-schweissaufsicht-leitfaden-fuer-werkstatt-und-montage-fachbuchreihe-schweisstechnik\/\" \/>\n<meta property=\"og:site_name\" content=\"EasyLifeBro\" \/>\n<meta property=\"article:modified_time\" content=\"2026-02-27T04:37:15+00:00\" \/>\n<meta name=\"twitter:card\" content=\"summary_large_image\" \/>\n<meta name=\"twitter:label1\" content=\"Gesch\u00e4tzte Lesezeit\" \/>\n\t<meta name=\"twitter:data1\" content=\"2\u00a0Minuten\" \/>\n<script type=\"application\/ld+json\" class=\"yoast-schema-graph\">{\"@context\":\"https:\/\/schema.org\",\"@graph\":[{\"@type\":\"WebPage\",\"@id\":\"https:\/\/easyliferobo.com\/de\/product\/aufgaben-und-verantwortung-einer-schweissaufsicht-leitfaden-fuer-werkstatt-und-montage-fachbuchreihe-schweisstechnik\/\",\"url\":\"https:\/\/easyliferobo.com\/de\/product\/aufgaben-und-verantwortung-einer-schweissaufsicht-leitfaden-fuer-werkstatt-und-montage-fachbuchreihe-schweisstechnik\/\",\"name\":\"Aufgaben und Verantwortung einer Schwei\u00dfaufsicht: Leitfaden f\u00fcr Werkstatt und Montage (Fachbuchreihe Schwei\u00dftechnik) - EasyLifeBro\",\"isPartOf\":{\"@id\":\"https:\/\/easyliferobo.com\/de\/#website\"},\"primaryImageOfPage\":{\"@id\":\"https:\/\/easyliferobo.com\/de\/product\/aufgaben-und-verantwortung-einer-schweissaufsicht-leitfaden-fuer-werkstatt-und-montage-fachbuchreihe-schweisstechnik\/#primaryimage\"},\"image\":{\"@id\":\"https:\/\/easyliferobo.com\/de\/product\/aufgaben-und-verantwortung-einer-schweissaufsicht-leitfaden-fuer-werkstatt-und-montage-fachbuchreihe-schweisstechnik\/#primaryimage\"},\"thumbnailUrl\":\"https:\/\/easyliferobo.com\/de\/wp-content\/uploads\/2026\/02\/61YBSqWNYPL._SL1500_.jpg\",\"datePublished\":\"2026-02-27T04:37:10+00:00\",\"dateModified\":\"2026-02-27T04:37:15+00:00\",\"description\":\"Entdecken Sie smarte Roboter f\u00fcr Zuhause, Garten, Bildung und Sicherheit. Vergleichen Sie Saugroboter, Rasenm\u00e4hroboter, KI-Begleitroboter und mehr bei EasyLifeRobo.\",\"breadcrumb\":{\"@id\":\"https:\/\/easyliferobo.com\/de\/product\/aufgaben-und-verantwortung-einer-schweissaufsicht-leitfaden-fuer-werkstatt-und-montage-fachbuchreihe-schweisstechnik\/#breadcrumb\"},\"inLanguage\":\"de\",\"potentialAction\":[{\"@type\":\"ReadAction\",\"target\":[\"https:\/\/easyliferobo.com\/de\/product\/aufgaben-und-verantwortung-einer-schweissaufsicht-leitfaden-fuer-werkstatt-und-montage-fachbuchreihe-schweisstechnik\/\"]}]},{\"@type\":\"ImageObject\",\"inLanguage\":\"de\",\"@id\":\"https:\/\/easyliferobo.com\/de\/product\/aufgaben-und-verantwortung-einer-schweissaufsicht-leitfaden-fuer-werkstatt-und-montage-fachbuchreihe-schweisstechnik\/#primaryimage\",\"url\":\"https:\/\/easyliferobo.com\/de\/wp-content\/uploads\/2026\/02\/61YBSqWNYPL._SL1500_.jpg\",\"contentUrl\":\"https:\/\/easyliferobo.com\/de\/wp-content\/uploads\/2026\/02\/61YBSqWNYPL._SL1500_.jpg\",\"width\":1070,\"height\":1500},{\"@type\":\"BreadcrumbList\",\"@id\":\"https:\/\/easyliferobo.com\/de\/product\/aufgaben-und-verantwortung-einer-schweissaufsicht-leitfaden-fuer-werkstatt-und-montage-fachbuchreihe-schweisstechnik\/#breadcrumb\",\"itemListElement\":[{\"@type\":\"ListItem\",\"position\":1,\"name\":\"Home\",\"item\":\"https:\/\/easyliferobo.com\/de\/\"},{\"@type\":\"ListItem\",\"position\":2,\"name\":\"Shop\",\"item\":\"https:\/\/easyliferobo.com\/de\/shop\/\"},{\"@type\":\"ListItem\",\"position\":3,\"name\":\"Aufgaben und Verantwortung einer Sc...\"}]},{\"@type\":\"WebSite\",\"@id\":\"https:\/\/easyliferobo.com\/de\/#website\",\"url\":\"https:\/\/easyliferobo.com\/de\/\",\"name\":\"EasyLifeBro\",\"description\":\"Smarte Roboter f\u00fcr Zuhause, Garten &amp; Bildung\",\"publisher\":{\"@id\":\"https:\/\/easyliferobo.com\/de\/#organization\"},\"potentialAction\":[{\"@type\":\"SearchAction\",\"target\":{\"@type\":\"EntryPoint\",\"urlTemplate\":\"https:\/\/easyliferobo.com\/de\/?s={search_term_string}\"},\"query-input\":{\"@type\":\"PropertyValueSpecification\",\"valueRequired\":true,\"valueName\":\"search_term_string\"}}],\"inLanguage\":\"de\"},{\"@type\":\"Organization\",\"@id\":\"https:\/\/easyliferobo.com\/de\/#organization\",\"name\":\"EasyLifeBro\",\"url\":\"https:\/\/easyliferobo.com\/de\/\",\"logo\":{\"@type\":\"ImageObject\",\"inLanguage\":\"de\",\"@id\":\"https:\/\/easyliferobo.com\/de\/#\/schema\/logo\/image\/\",\"url\":\"https:\/\/easyliferobo.com\/de\/wp-content\/uploads\/2026\/02\/Screenshot-2026-02-22-at-2.25.03-PM.png\",\"contentUrl\":\"https:\/\/easyliferobo.com\/de\/wp-content\/uploads\/2026\/02\/Screenshot-2026-02-22-at-2.25.03-PM.png\",\"width\":1858,\"height\":430,\"caption\":\"EasyLifeBro\"},\"image\":{\"@id\":\"https:\/\/easyliferobo.com\/de\/#\/schema\/logo\/image\/\"}}]}<\/script>\n<!-- \/ Yoast SEO plugin. -->","yoast_head_json":{"title":"Aufgaben und Verantwortung einer Schwei\u00dfaufsicht: Leitfaden f\u00fcr Werkstatt und Montage (Fachbuchreihe Schwei\u00dftechnik) - EasyLifeBro","description":"Entdecken Sie smarte Roboter f\u00fcr Zuhause, Garten, Bildung und Sicherheit. Vergleichen Sie Saugroboter, Rasenm\u00e4hroboter, KI-Begleitroboter und mehr bei EasyLifeRobo.","robots":{"index":"index","follow":"follow","max-snippet":"max-snippet:-1","max-image-preview":"max-image-preview:large","max-video-preview":"max-video-preview:-1"},"canonical":"https:\/\/easyliferobo.com\/de\/product\/aufgaben-und-verantwortung-einer-schweissaufsicht-leitfaden-fuer-werkstatt-und-montage-fachbuchreihe-schweisstechnik\/","og_locale":"de_DE","og_type":"article","og_title":"Aufgaben und Verantwortung einer Schwei\u00dfaufsicht: Leitfaden f\u00fcr Werkstatt und Montage (Fachbuchreihe Schwei\u00dftechnik) - EasyLifeBro","og_description":"Entdecken Sie smarte Roboter f\u00fcr Zuhause, Garten, Bildung und Sicherheit. Vergleichen Sie Saugroboter, Rasenm\u00e4hroboter, KI-Begleitroboter und mehr bei EasyLifeRobo.","og_url":"https:\/\/easyliferobo.com\/de\/product\/aufgaben-und-verantwortung-einer-schweissaufsicht-leitfaden-fuer-werkstatt-und-montage-fachbuchreihe-schweisstechnik\/","og_site_name":"EasyLifeBro","article_modified_time":"2026-02-27T04:37:15+00:00","twitter_card":"summary_large_image","twitter_misc":{"Gesch\u00e4tzte Lesezeit":"2\u00a0Minuten"},"schema":{"@context":"https:\/\/schema.org","@graph":[{"@type":"WebPage","@id":"https:\/\/easyliferobo.com\/de\/product\/aufgaben-und-verantwortung-einer-schweissaufsicht-leitfaden-fuer-werkstatt-und-montage-fachbuchreihe-schweisstechnik\/","url":"https:\/\/easyliferobo.com\/de\/product\/aufgaben-und-verantwortung-einer-schweissaufsicht-leitfaden-fuer-werkstatt-und-montage-fachbuchreihe-schweisstechnik\/","name":"Aufgaben und Verantwortung einer Schwei\u00dfaufsicht: Leitfaden f\u00fcr Werkstatt und Montage (Fachbuchreihe Schwei\u00dftechnik) - EasyLifeBro","isPartOf":{"@id":"https:\/\/easyliferobo.com\/de\/#website"},"primaryImageOfPage":{"@id":"https:\/\/easyliferobo.com\/de\/product\/aufgaben-und-verantwortung-einer-schweissaufsicht-leitfaden-fuer-werkstatt-und-montage-fachbuchreihe-schweisstechnik\/#primaryimage"},"image":{"@id":"https:\/\/easyliferobo.com\/de\/product\/aufgaben-und-verantwortung-einer-schweissaufsicht-leitfaden-fuer-werkstatt-und-montage-fachbuchreihe-schweisstechnik\/#primaryimage"},"thumbnailUrl":"https:\/\/easyliferobo.com\/de\/wp-content\/uploads\/2026\/02\/61YBSqWNYPL._SL1500_.jpg","datePublished":"2026-02-27T04:37:10+00:00","dateModified":"2026-02-27T04:37:15+00:00","description":"Entdecken Sie smarte Roboter f\u00fcr Zuhause, Garten, Bildung und Sicherheit. Vergleichen Sie Saugroboter, Rasenm\u00e4hroboter, KI-Begleitroboter und mehr bei EasyLifeRobo.","breadcrumb":{"@id":"https:\/\/easyliferobo.com\/de\/product\/aufgaben-und-verantwortung-einer-schweissaufsicht-leitfaden-fuer-werkstatt-und-montage-fachbuchreihe-schweisstechnik\/#breadcrumb"},"inLanguage":"de","potentialAction":[{"@type":"ReadAction","target":["https:\/\/easyliferobo.com\/de\/product\/aufgaben-und-verantwortung-einer-schweissaufsicht-leitfaden-fuer-werkstatt-und-montage-fachbuchreihe-schweisstechnik\/"]}]},{"@type":"ImageObject","inLanguage":"de","@id":"https:\/\/easyliferobo.com\/de\/product\/aufgaben-und-verantwortung-einer-schweissaufsicht-leitfaden-fuer-werkstatt-und-montage-fachbuchreihe-schweisstechnik\/#primaryimage","url":"https:\/\/easyliferobo.com\/de\/wp-content\/uploads\/2026\/02\/61YBSqWNYPL._SL1500_.jpg","contentUrl":"https:\/\/easyliferobo.com\/de\/wp-content\/uploads\/2026\/02\/61YBSqWNYPL._SL1500_.jpg","width":1070,"height":1500},{"@type":"BreadcrumbList","@id":"https:\/\/easyliferobo.com\/de\/product\/aufgaben-und-verantwortung-einer-schweissaufsicht-leitfaden-fuer-werkstatt-und-montage-fachbuchreihe-schweisstechnik\/#breadcrumb","itemListElement":[{"@type":"ListItem","position":1,"name":"Home","item":"https:\/\/easyliferobo.com\/de\/"},{"@type":"ListItem","position":2,"name":"Shop","item":"https:\/\/easyliferobo.com\/de\/shop\/"},{"@type":"ListItem","position":3,"name":"Aufgaben und Verantwortung einer Sc..."}]},{"@type":"WebSite","@id":"https:\/\/easyliferobo.com\/de\/#website","url":"https:\/\/easyliferobo.com\/de\/","name":"EasyLifeBro","description":"Smarte Roboter f\u00fcr Zuhause, Garten &amp; Bildung","publisher":{"@id":"https:\/\/easyliferobo.com\/de\/#organization"},"potentialAction":[{"@type":"SearchAction","target":{"@type":"EntryPoint","urlTemplate":"https:\/\/easyliferobo.com\/de\/?s={search_term_string}"},"query-input":{"@type":"PropertyValueSpecification","valueRequired":true,"valueName":"search_term_string"}}],"inLanguage":"de"},{"@type":"Organization","@id":"https:\/\/easyliferobo.com\/de\/#organization","name":"EasyLifeBro","url":"https:\/\/easyliferobo.com\/de\/","logo":{"@type":"ImageObject","inLanguage":"de","@id":"https:\/\/easyliferobo.com\/de\/#\/schema\/logo\/image\/","url":"https:\/\/easyliferobo.com\/de\/wp-content\/uploads\/2026\/02\/Screenshot-2026-02-22-at-2.25.03-PM.png","contentUrl":"https:\/\/easyliferobo.com\/de\/wp-content\/uploads\/2026\/02\/Screenshot-2026-02-22-at-2.25.03-PM.png","width":1858,"height":430,"caption":"EasyLifeBro"},"image":{"@id":"https:\/\/easyliferobo.com\/de\/#\/schema\/logo\/image\/"}}]}},"_links":{"self":[{"href":"https:\/\/easyliferobo.com\/de\/wp-json\/wp\/v2\/product\/2600","targetHints":{"allow":["GET"]}}],"collection":[{"href":"https:\/\/easyliferobo.com\/de\/wp-json\/wp\/v2\/product"}],"about":[{"href":"https:\/\/easyliferobo.com\/de\/wp-json\/wp\/v2\/types\/product"}],"replies":[{"embeddable":true,"href":"https:\/\/easyliferobo.com\/de\/wp-json\/wp\/v2\/comments?post=2600"}],"wp:featuredmedia":[{"embeddable":true,"href":"https:\/\/easyliferobo.com\/de\/wp-json\/wp\/v2\/media\/2601"}],"wp:attachment":[{"href":"https:\/\/easyliferobo.com\/de\/wp-json\/wp\/v2\/media?parent=2600"}],"wp:term":[{"taxonomy":"store","embeddable":true,"href":"https:\/\/easyliferobo.com\/de\/wp-json\/wp\/v2\/store?post=2600"},{"taxonomy":"product_brand","embeddable":true,"href":"https:\/\/easyliferobo.com\/de\/wp-json\/wp\/v2\/product_brand?post=2600"},{"taxonomy":"product_cat","embeddable":true,"href":"https:\/\/easyliferobo.com\/de\/wp-json\/wp\/v2\/product_cat?post=2600"},{"taxonomy":"product_tag","embeddable":true,"href":"https:\/\/easyliferobo.com\/de\/wp-json\/wp\/v2\/product_tag?post=2600"}],"curies":[{"name":"wp","href":"https:\/\/api.w.org\/{rel}","templated":true}]}}