
{"id":2591,"date":"2026-02-27T04:35:54","date_gmt":"2026-02-27T04:35:54","guid":{"rendered":"https:\/\/easyliferobo.com\/de\/product\/learning-resources-botley-2-0-das-programmierbare-roboter-aktivitaetsset-programmierbarer-roboter-programmierbar-fuer-kinder-roboter-geschenke-fuer-kinder-ab-6-7-8-9-jahren-jungen-und-ma\/"},"modified":"2026-02-27T04:36:09","modified_gmt":"2026-02-27T04:36:09","slug":"learning-resources-botley-2-0-das-programmierbare-roboter-aktivitaetsset-programmierbarer-roboter-programmierbar-fuer-kinder-roboter-geschenke-fuer-kinder-ab-6-7-8-9-jahren-jungen-und-ma","status":"publish","type":"product","link":"https:\/\/easyliferobo.com\/de\/product\/learning-resources-botley-2-0-das-programmierbare-roboter-aktivitaetsset-programmierbarer-roboter-programmierbar-fuer-kinder-roboter-geschenke-fuer-kinder-ab-6-7-8-9-jahren-jungen-und-ma\/","title":{"rendered":"Learning Resources Botley 2.0 \u2013 D..."},"content":{"rendered":"<p>\n                                             Von der Marke   <\/p>\n<p>                                              <img decoding=\"async\" alt=\"Zwei Kinder spielen in einem sensorischen Tablett mit Schaufeln\" src=\"https:\/\/images-na.ssl-images-amazon.com\/images\/G\/01\/x-locale\/common\/grey-pixel.gif\" class=\"a-lazy-loaded\" data-src=\"https:\/\/m.media-amazon.com\/images\/S\/aplus-media-library-service-media\/d5a82c9d-eddf-4321-8390-94eb3b69ee9c.__CR0,0,1464,625_PT0_SX1464_V1___.jpg\"><img decoding=\"async\" alt=\"Zwei Kinder spielen in einem sensorischen Tablett mit Schaufeln\" src=\"https:\/\/m.media-amazon.com\/images\/S\/aplus-media-library-service-media\/d5a82c9d-eddf-4321-8390-94eb3b69ee9c.__CR0,0,1464,625_PT0_SX1464_V1___.jpg\">  <\/p>\n<p>                                              <img decoding=\"async\" alt=\"\" src=\"https:\/\/images-na.ssl-images-amazon.com\/images\/G\/01\/x-locale\/common\/grey-pixel.gif\" class=\"a-lazy-loaded\" data-src=\"https:\/\/m.media-amazon.com\/images\/S\/aplus-media-library-service-media\/8f700fad-25eb-45a4-896e-11e71bb088b4.__CR0,0,315,145_PT0_SX315_V1___.jpg\"><img decoding=\"async\" alt=\"\" src=\"https:\/\/m.media-amazon.com\/images\/S\/aplus-media-library-service-media\/8f700fad-25eb-45a4-896e-11e71bb088b4.__CR0,0,315,145_PT0_SX315_V1___.jpg\">  <\/p>\n<p>  Wir sind Learning Resources und Lernen ist unser Spiel! Das Ziel unseres Unternehmens ist es, Kindern mit Lernspielzeug unendliche Inspiration f\u00fcr den Erfolg in der Schule und dar\u00fcber hinaus zu bieten. Unsere Spielzeuge, Spiele und Lehrmaterialien werden von Lehrern empfohlen, von Eltern als vertrauensw\u00fcrdig eingestuft und von Kindern geliebt. Wir besitzen auch die weltweite Masterlizenz f\u00fcr Numberblocks, die TV-Serie. <\/p>\n<p>                                                         Ich liebe das Lernen                                       <\/p>\n<p> Unsere Spielzeuge werden mit Experten entwickelt, um f\u00fcr Kinder sowohl spielerisch als auch lehrreich zu sein. Wir stellen Spielzeug her, das die Fantasie der Kinder anregt, ihre Neugier weckt und ihnen hilft, die Liebe zum Lernen zu entwickeln. <\/p>\n<p>                                                         Praktisches Spielen                                       <\/p>\n<p> Von der Feinmotorik bis hin zum Programmieren und MINT \u2013 unsere Produkte helfen Kindern, durch spielerisches, praktisches Lernen unz\u00e4hlige M\u00f6glichkeiten des Lernens zu entdecken. <\/p>\n<p>                                                         Vom Lehrer empfohlen                                       <\/p>\n<p> Unsere Hilfsspielzeuge erwecken das Lernen zum Leben und werden von Lehrern empfohlen, denen Eltern und Kinder vertrauen. <\/p>\n<h3>  Spielerisch lernen <\/h3>\n<p class=\"apm-brand-story-stores-link\">\n<p>Machen Sie sich bereit f\u00fcr sofortigen Programmierspa\u00df mit der n\u00e4chsten Generation unseres preisgekr\u00f6nten Aktivit\u00e4tssets f\u00fcr und mit Botley, dem programmierbaren Roboter, und der dazugeh\u00f6rigen Fernprogrammierung.<br \/>Betreten Sie Programmierreihen mit bis zu 150 einzelnen Schritten und entdecken Sie 16 lustige \u00dcberraschungen, die Ihren Botley in einen Zug, ein Polizeiauto, einen Geist und vieles mehr verwandeln.<br \/>Botley der n\u00e4chsten Generation verf\u00fcgt \u00fcber erweiterte Programmierfunktionen; Es macht Musik und lustige Bewegungen und pr\u00e4sentiert ein Funkeln von Lichtern.<br \/>Programmieren ohne PC? Kein Problem mit Botley. Machen Sie Ihr Kind auch ohne Tablet oder Smartphone an Programmier- und MINT-Kenntnisse heran \u2013 der Einstieg ins Programmieren war noch nie so einfach.<br \/>Programmierroboter sind eine gro\u00dfartige M\u00f6glichkeit, neue Dinge zu lernen. Botley ist mit einer Fernprogrammierung ausgestattet und seine Roboterarme k\u00f6nnen entfernt werden. Programmiert und gespielt mit 40 Programmierkarten, sechs doppelseitigen Grundplatten, 27 Hindernisbauteilen und einer Einf\u00fchrung mit Programmieraufgaben.<br \/>Inklusive mehrsprachiger Anleitung und Verpackung<\/p>\n<p>[ad_2]<\/p>\n","protected":false},"excerpt":{"rendered":"<p>Von der Marke Wir sind Learning Resources und Lernen ist unser Spiel! Das Ziel unseres Unternehmens ist es, Kindern mit Lernspielzeug unendliche Inspiration f\u00fcr den Erfolg in der Schule und dar\u00fcber hinaus zu bieten. Unsere Spielzeuge, Spiele und Lehrmaterialien werden von Lehrern empfohlen, von Eltern als vertrauensw\u00fcrdig eingestuft und von Kindern geliebt. Wir besitzen auch [&hellip;]<\/p>\n","protected":false},"featured_media":2592,"comment_status":"open","ping_status":"closed","template":"","meta":{"_aipt_faq_data":""},"store":[],"product_brand":[],"product_cat":[99],"product_tag":[171],"class_list":{"0":"post-2591","1":"product","2":"type-product","3":"status-publish","4":"has-post-thumbnail","6":"product_cat-tisch-roboterarme","7":"product_tag-tisch-roboterarme-lernsets","9":"first","10":"instock","11":"shipping-taxable","12":"product-type-external"},"yoast_head":"<!-- This site is optimized with the Yoast SEO plugin v27.4 - https:\/\/yoast.com\/product\/yoast-seo-wordpress\/ -->\n<title>Learning Resources Botley 2.0 \u2013 Das programmierbare Roboter-Aktivit\u00e4tsset, programmierbarer Roboter programmierbar f\u00fcr Kinder, Roboter, Geschenke f\u00fcr Kinder ab 6 7 8 9 Jahren, Jungen und M\u00e4dchen - EasyLifeBro<\/title>\n<meta name=\"description\" content=\"Entdecken Sie smarte Roboter f\u00fcr Zuhause, Garten, Bildung und Sicherheit. Vergleichen Sie Saugroboter, Rasenm\u00e4hroboter, KI-Begleitroboter und mehr bei EasyLifeRobo.\" \/>\n<meta name=\"robots\" content=\"index, follow, max-snippet:-1, max-image-preview:large, max-video-preview:-1\" \/>\n<link rel=\"canonical\" href=\"https:\/\/easyliferobo.com\/de\/product\/learning-resources-botley-2-0-das-programmierbare-roboter-aktivitaetsset-programmierbarer-roboter-programmierbar-fuer-kinder-roboter-geschenke-fuer-kinder-ab-6-7-8-9-jahren-jungen-und-ma\/\" \/>\n<meta property=\"og:locale\" content=\"de_DE\" \/>\n<meta property=\"og:type\" content=\"article\" \/>\n<meta property=\"og:title\" content=\"Learning Resources Botley 2.0 \u2013 Das programmierbare Roboter-Aktivit\u00e4tsset, programmierbarer Roboter programmierbar f\u00fcr Kinder, Roboter, Geschenke f\u00fcr Kinder ab 6 7 8 9 Jahren, Jungen und M\u00e4dchen - EasyLifeBro\" \/>\n<meta property=\"og:description\" content=\"Entdecken Sie smarte Roboter f\u00fcr Zuhause, Garten, Bildung und Sicherheit. Vergleichen Sie Saugroboter, Rasenm\u00e4hroboter, KI-Begleitroboter und mehr bei EasyLifeRobo.\" \/>\n<meta property=\"og:url\" content=\"https:\/\/easyliferobo.com\/de\/product\/learning-resources-botley-2-0-das-programmierbare-roboter-aktivitaetsset-programmierbarer-roboter-programmierbar-fuer-kinder-roboter-geschenke-fuer-kinder-ab-6-7-8-9-jahren-jungen-und-ma\/\" \/>\n<meta property=\"og:site_name\" content=\"EasyLifeBro\" \/>\n<meta property=\"article:modified_time\" content=\"2026-02-27T04:36:09+00:00\" \/>\n<meta property=\"og:image\" content=\"https:\/\/images-na.ssl-images-amazon.com\/images\/G\/01\/x-locale\/common\/grey-pixel.gif\" \/>\n<meta name=\"twitter:card\" content=\"summary_large_image\" \/>\n<meta name=\"twitter:label1\" content=\"Gesch\u00e4tzte Lesezeit\" \/>\n\t<meta name=\"twitter:data1\" content=\"2\u00a0Minuten\" \/>\n<script type=\"application\/ld+json\" class=\"yoast-schema-graph\">{\"@context\":\"https:\\\/\\\/schema.org\",\"@graph\":[{\"@type\":\"WebPage\",\"@id\":\"https:\\\/\\\/easyliferobo.com\\\/de\\\/product\\\/learning-resources-botley-2-0-das-programmierbare-roboter-aktivitaetsset-programmierbarer-roboter-programmierbar-fuer-kinder-roboter-geschenke-fuer-kinder-ab-6-7-8-9-jahren-jungen-und-ma\\\/\",\"url\":\"https:\\\/\\\/easyliferobo.com\\\/de\\\/product\\\/learning-resources-botley-2-0-das-programmierbare-roboter-aktivitaetsset-programmierbarer-roboter-programmierbar-fuer-kinder-roboter-geschenke-fuer-kinder-ab-6-7-8-9-jahren-jungen-und-ma\\\/\",\"name\":\"Learning Resources Botley 2.0 \u2013 Das programmierbare Roboter-Aktivit\u00e4tsset, programmierbarer Roboter programmierbar f\u00fcr Kinder, Roboter, Geschenke f\u00fcr Kinder ab 6 7 8 9 Jahren, Jungen und M\u00e4dchen - EasyLifeBro\",\"isPartOf\":{\"@id\":\"https:\\\/\\\/easyliferobo.com\\\/de\\\/#website\"},\"primaryImageOfPage\":{\"@id\":\"https:\\\/\\\/easyliferobo.com\\\/de\\\/product\\\/learning-resources-botley-2-0-das-programmierbare-roboter-aktivitaetsset-programmierbarer-roboter-programmierbar-fuer-kinder-roboter-geschenke-fuer-kinder-ab-6-7-8-9-jahren-jungen-und-ma\\\/#primaryimage\"},\"image\":{\"@id\":\"https:\\\/\\\/easyliferobo.com\\\/de\\\/product\\\/learning-resources-botley-2-0-das-programmierbare-roboter-aktivitaetsset-programmierbarer-roboter-programmierbar-fuer-kinder-roboter-geschenke-fuer-kinder-ab-6-7-8-9-jahren-jungen-und-ma\\\/#primaryimage\"},\"thumbnailUrl\":\"https:\\\/\\\/easyliferobo.com\\\/de\\\/wp-content\\\/uploads\\\/2026\\\/02\\\/61oXEo71duL._AC_SL1000_.jpg\",\"datePublished\":\"2026-02-27T04:35:54+00:00\",\"dateModified\":\"2026-02-27T04:36:09+00:00\",\"description\":\"Entdecken Sie smarte Roboter f\u00fcr Zuhause, Garten, Bildung und Sicherheit. Vergleichen Sie Saugroboter, Rasenm\u00e4hroboter, KI-Begleitroboter und mehr bei EasyLifeRobo.\",\"breadcrumb\":{\"@id\":\"https:\\\/\\\/easyliferobo.com\\\/de\\\/product\\\/learning-resources-botley-2-0-das-programmierbare-roboter-aktivitaetsset-programmierbarer-roboter-programmierbar-fuer-kinder-roboter-geschenke-fuer-kinder-ab-6-7-8-9-jahren-jungen-und-ma\\\/#breadcrumb\"},\"inLanguage\":\"de\",\"potentialAction\":[{\"@type\":\"ReadAction\",\"target\":[\"https:\\\/\\\/easyliferobo.com\\\/de\\\/product\\\/learning-resources-botley-2-0-das-programmierbare-roboter-aktivitaetsset-programmierbarer-roboter-programmierbar-fuer-kinder-roboter-geschenke-fuer-kinder-ab-6-7-8-9-jahren-jungen-und-ma\\\/\"]}]},{\"@type\":\"ImageObject\",\"inLanguage\":\"de\",\"@id\":\"https:\\\/\\\/easyliferobo.com\\\/de\\\/product\\\/learning-resources-botley-2-0-das-programmierbare-roboter-aktivitaetsset-programmierbarer-roboter-programmierbar-fuer-kinder-roboter-geschenke-fuer-kinder-ab-6-7-8-9-jahren-jungen-und-ma\\\/#primaryimage\",\"url\":\"https:\\\/\\\/easyliferobo.com\\\/de\\\/wp-content\\\/uploads\\\/2026\\\/02\\\/61oXEo71duL._AC_SL1000_.jpg\",\"contentUrl\":\"https:\\\/\\\/easyliferobo.com\\\/de\\\/wp-content\\\/uploads\\\/2026\\\/02\\\/61oXEo71duL._AC_SL1000_.jpg\",\"width\":946,\"height\":552},{\"@type\":\"BreadcrumbList\",\"@id\":\"https:\\\/\\\/easyliferobo.com\\\/de\\\/product\\\/learning-resources-botley-2-0-das-programmierbare-roboter-aktivitaetsset-programmierbarer-roboter-programmierbar-fuer-kinder-roboter-geschenke-fuer-kinder-ab-6-7-8-9-jahren-jungen-und-ma\\\/#breadcrumb\",\"itemListElement\":[{\"@type\":\"ListItem\",\"position\":1,\"name\":\"Home\",\"item\":\"https:\\\/\\\/easyliferobo.com\\\/de\\\/\"},{\"@type\":\"ListItem\",\"position\":2,\"name\":\"Shop\",\"item\":\"https:\\\/\\\/easyliferobo.com\\\/de\\\/shop\\\/\"},{\"@type\":\"ListItem\",\"position\":3,\"name\":\"Learning Resources Botley 2.0 \u2013 D...\"}]},{\"@type\":\"WebSite\",\"@id\":\"https:\\\/\\\/easyliferobo.com\\\/de\\\/#website\",\"url\":\"https:\\\/\\\/easyliferobo.com\\\/de\\\/\",\"name\":\"EasyLifeBro\",\"description\":\"Smarte Roboter f\u00fcr Zuhause, Garten &amp; Bildung\",\"publisher\":{\"@id\":\"https:\\\/\\\/easyliferobo.com\\\/de\\\/#organization\"},\"potentialAction\":[{\"@type\":\"SearchAction\",\"target\":{\"@type\":\"EntryPoint\",\"urlTemplate\":\"https:\\\/\\\/easyliferobo.com\\\/de\\\/?s={search_term_string}\"},\"query-input\":{\"@type\":\"PropertyValueSpecification\",\"valueRequired\":true,\"valueName\":\"search_term_string\"}}],\"inLanguage\":\"de\"},{\"@type\":\"Organization\",\"@id\":\"https:\\\/\\\/easyliferobo.com\\\/de\\\/#organization\",\"name\":\"EasyLifeBro\",\"url\":\"https:\\\/\\\/easyliferobo.com\\\/de\\\/\",\"logo\":{\"@type\":\"ImageObject\",\"inLanguage\":\"de\",\"@id\":\"https:\\\/\\\/easyliferobo.com\\\/de\\\/#\\\/schema\\\/logo\\\/image\\\/\",\"url\":\"https:\\\/\\\/easyliferobo.com\\\/de\\\/wp-content\\\/uploads\\\/2026\\\/02\\\/Screenshot-2026-02-22-at-2.25.03-PM.png\",\"contentUrl\":\"https:\\\/\\\/easyliferobo.com\\\/de\\\/wp-content\\\/uploads\\\/2026\\\/02\\\/Screenshot-2026-02-22-at-2.25.03-PM.png\",\"width\":1858,\"height\":430,\"caption\":\"EasyLifeBro\"},\"image\":{\"@id\":\"https:\\\/\\\/easyliferobo.com\\\/de\\\/#\\\/schema\\\/logo\\\/image\\\/\"}}]}<\/script>\n<!-- \/ Yoast SEO plugin. -->","yoast_head_json":{"title":"Learning Resources Botley 2.0 \u2013 Das programmierbare Roboter-Aktivit\u00e4tsset, programmierbarer Roboter programmierbar f\u00fcr Kinder, Roboter, Geschenke f\u00fcr Kinder ab 6 7 8 9 Jahren, Jungen und M\u00e4dchen - EasyLifeBro","description":"Entdecken Sie smarte Roboter f\u00fcr Zuhause, Garten, Bildung und Sicherheit. Vergleichen Sie Saugroboter, Rasenm\u00e4hroboter, KI-Begleitroboter und mehr bei EasyLifeRobo.","robots":{"index":"index","follow":"follow","max-snippet":"max-snippet:-1","max-image-preview":"max-image-preview:large","max-video-preview":"max-video-preview:-1"},"canonical":"https:\/\/easyliferobo.com\/de\/product\/learning-resources-botley-2-0-das-programmierbare-roboter-aktivitaetsset-programmierbarer-roboter-programmierbar-fuer-kinder-roboter-geschenke-fuer-kinder-ab-6-7-8-9-jahren-jungen-und-ma\/","og_locale":"de_DE","og_type":"article","og_title":"Learning Resources Botley 2.0 \u2013 Das programmierbare Roboter-Aktivit\u00e4tsset, programmierbarer Roboter programmierbar f\u00fcr Kinder, Roboter, Geschenke f\u00fcr Kinder ab 6 7 8 9 Jahren, Jungen und M\u00e4dchen - EasyLifeBro","og_description":"Entdecken Sie smarte Roboter f\u00fcr Zuhause, Garten, Bildung und Sicherheit. Vergleichen Sie Saugroboter, Rasenm\u00e4hroboter, KI-Begleitroboter und mehr bei EasyLifeRobo.","og_url":"https:\/\/easyliferobo.com\/de\/product\/learning-resources-botley-2-0-das-programmierbare-roboter-aktivitaetsset-programmierbarer-roboter-programmierbar-fuer-kinder-roboter-geschenke-fuer-kinder-ab-6-7-8-9-jahren-jungen-und-ma\/","og_site_name":"EasyLifeBro","article_modified_time":"2026-02-27T04:36:09+00:00","og_image":[{"url":"https:\/\/images-na.ssl-images-amazon.com\/images\/G\/01\/x-locale\/common\/grey-pixel.gif","type":"","width":"","height":""}],"twitter_card":"summary_large_image","twitter_misc":{"Gesch\u00e4tzte Lesezeit":"2\u00a0Minuten"},"schema":{"@context":"https:\/\/schema.org","@graph":[{"@type":"WebPage","@id":"https:\/\/easyliferobo.com\/de\/product\/learning-resources-botley-2-0-das-programmierbare-roboter-aktivitaetsset-programmierbarer-roboter-programmierbar-fuer-kinder-roboter-geschenke-fuer-kinder-ab-6-7-8-9-jahren-jungen-und-ma\/","url":"https:\/\/easyliferobo.com\/de\/product\/learning-resources-botley-2-0-das-programmierbare-roboter-aktivitaetsset-programmierbarer-roboter-programmierbar-fuer-kinder-roboter-geschenke-fuer-kinder-ab-6-7-8-9-jahren-jungen-und-ma\/","name":"Learning Resources Botley 2.0 \u2013 Das programmierbare Roboter-Aktivit\u00e4tsset, programmierbarer Roboter programmierbar f\u00fcr Kinder, Roboter, Geschenke f\u00fcr Kinder ab 6 7 8 9 Jahren, Jungen und M\u00e4dchen - EasyLifeBro","isPartOf":{"@id":"https:\/\/easyliferobo.com\/de\/#website"},"primaryImageOfPage":{"@id":"https:\/\/easyliferobo.com\/de\/product\/learning-resources-botley-2-0-das-programmierbare-roboter-aktivitaetsset-programmierbarer-roboter-programmierbar-fuer-kinder-roboter-geschenke-fuer-kinder-ab-6-7-8-9-jahren-jungen-und-ma\/#primaryimage"},"image":{"@id":"https:\/\/easyliferobo.com\/de\/product\/learning-resources-botley-2-0-das-programmierbare-roboter-aktivitaetsset-programmierbarer-roboter-programmierbar-fuer-kinder-roboter-geschenke-fuer-kinder-ab-6-7-8-9-jahren-jungen-und-ma\/#primaryimage"},"thumbnailUrl":"https:\/\/easyliferobo.com\/de\/wp-content\/uploads\/2026\/02\/61oXEo71duL._AC_SL1000_.jpg","datePublished":"2026-02-27T04:35:54+00:00","dateModified":"2026-02-27T04:36:09+00:00","description":"Entdecken Sie smarte Roboter f\u00fcr Zuhause, Garten, Bildung und Sicherheit. Vergleichen Sie Saugroboter, Rasenm\u00e4hroboter, KI-Begleitroboter und mehr bei EasyLifeRobo.","breadcrumb":{"@id":"https:\/\/easyliferobo.com\/de\/product\/learning-resources-botley-2-0-das-programmierbare-roboter-aktivitaetsset-programmierbarer-roboter-programmierbar-fuer-kinder-roboter-geschenke-fuer-kinder-ab-6-7-8-9-jahren-jungen-und-ma\/#breadcrumb"},"inLanguage":"de","potentialAction":[{"@type":"ReadAction","target":["https:\/\/easyliferobo.com\/de\/product\/learning-resources-botley-2-0-das-programmierbare-roboter-aktivitaetsset-programmierbarer-roboter-programmierbar-fuer-kinder-roboter-geschenke-fuer-kinder-ab-6-7-8-9-jahren-jungen-und-ma\/"]}]},{"@type":"ImageObject","inLanguage":"de","@id":"https:\/\/easyliferobo.com\/de\/product\/learning-resources-botley-2-0-das-programmierbare-roboter-aktivitaetsset-programmierbarer-roboter-programmierbar-fuer-kinder-roboter-geschenke-fuer-kinder-ab-6-7-8-9-jahren-jungen-und-ma\/#primaryimage","url":"https:\/\/easyliferobo.com\/de\/wp-content\/uploads\/2026\/02\/61oXEo71duL._AC_SL1000_.jpg","contentUrl":"https:\/\/easyliferobo.com\/de\/wp-content\/uploads\/2026\/02\/61oXEo71duL._AC_SL1000_.jpg","width":946,"height":552},{"@type":"BreadcrumbList","@id":"https:\/\/easyliferobo.com\/de\/product\/learning-resources-botley-2-0-das-programmierbare-roboter-aktivitaetsset-programmierbarer-roboter-programmierbar-fuer-kinder-roboter-geschenke-fuer-kinder-ab-6-7-8-9-jahren-jungen-und-ma\/#breadcrumb","itemListElement":[{"@type":"ListItem","position":1,"name":"Home","item":"https:\/\/easyliferobo.com\/de\/"},{"@type":"ListItem","position":2,"name":"Shop","item":"https:\/\/easyliferobo.com\/de\/shop\/"},{"@type":"ListItem","position":3,"name":"Learning Resources Botley 2.0 \u2013 D..."}]},{"@type":"WebSite","@id":"https:\/\/easyliferobo.com\/de\/#website","url":"https:\/\/easyliferobo.com\/de\/","name":"EasyLifeBro","description":"Smarte Roboter f\u00fcr Zuhause, Garten &amp; Bildung","publisher":{"@id":"https:\/\/easyliferobo.com\/de\/#organization"},"potentialAction":[{"@type":"SearchAction","target":{"@type":"EntryPoint","urlTemplate":"https:\/\/easyliferobo.com\/de\/?s={search_term_string}"},"query-input":{"@type":"PropertyValueSpecification","valueRequired":true,"valueName":"search_term_string"}}],"inLanguage":"de"},{"@type":"Organization","@id":"https:\/\/easyliferobo.com\/de\/#organization","name":"EasyLifeBro","url":"https:\/\/easyliferobo.com\/de\/","logo":{"@type":"ImageObject","inLanguage":"de","@id":"https:\/\/easyliferobo.com\/de\/#\/schema\/logo\/image\/","url":"https:\/\/easyliferobo.com\/de\/wp-content\/uploads\/2026\/02\/Screenshot-2026-02-22-at-2.25.03-PM.png","contentUrl":"https:\/\/easyliferobo.com\/de\/wp-content\/uploads\/2026\/02\/Screenshot-2026-02-22-at-2.25.03-PM.png","width":1858,"height":430,"caption":"EasyLifeBro"},"image":{"@id":"https:\/\/easyliferobo.com\/de\/#\/schema\/logo\/image\/"}}]}},"_links":{"self":[{"href":"https:\/\/easyliferobo.com\/de\/wp-json\/wp\/v2\/product\/2591","targetHints":{"allow":["GET"]}}],"collection":[{"href":"https:\/\/easyliferobo.com\/de\/wp-json\/wp\/v2\/product"}],"about":[{"href":"https:\/\/easyliferobo.com\/de\/wp-json\/wp\/v2\/types\/product"}],"replies":[{"embeddable":true,"href":"https:\/\/easyliferobo.com\/de\/wp-json\/wp\/v2\/comments?post=2591"}],"wp:featuredmedia":[{"embeddable":true,"href":"https:\/\/easyliferobo.com\/de\/wp-json\/wp\/v2\/media\/2592"}],"wp:attachment":[{"href":"https:\/\/easyliferobo.com\/de\/wp-json\/wp\/v2\/media?parent=2591"}],"wp:term":[{"taxonomy":"store","embeddable":true,"href":"https:\/\/easyliferobo.com\/de\/wp-json\/wp\/v2\/store?post=2591"},{"taxonomy":"product_brand","embeddable":true,"href":"https:\/\/easyliferobo.com\/de\/wp-json\/wp\/v2\/product_brand?post=2591"},{"taxonomy":"product_cat","embeddable":true,"href":"https:\/\/easyliferobo.com\/de\/wp-json\/wp\/v2\/product_cat?post=2591"},{"taxonomy":"product_tag","embeddable":true,"href":"https:\/\/easyliferobo.com\/de\/wp-json\/wp\/v2\/product_tag?post=2591"}],"curies":[{"name":"wp","href":"https:\/\/api.w.org\/{rel}","templated":true}]}}