
{"id":2582,"date":"2026-02-27T04:34:15","date_gmt":"2026-02-27T04:34:15","guid":{"rendered":"https:\/\/easyliferobo.com\/de\/product\/unger-nifty-nabber-trigger-grip-90-cm-allzweckgreifer\/"},"modified":"2026-02-27T04:34:31","modified_gmt":"2026-02-27T04:34:31","slug":"unger-nifty-nabber-trigger-grip-90-cm-allzweckgreifer","status":"publish","type":"product","link":"https:\/\/easyliferobo.com\/de\/product\/unger-nifty-nabber-trigger-grip-90-cm-allzweckgreifer\/","title":{"rendered":"Unger Nifty Nabber\u00ae Trigger Grip 9..."},"content":{"rendered":"<p>\n                                             Vom Hersteller   <\/p>\n<p>                                                         <img decoding=\"async\" alt=\"Unger\" src=\"https:\/\/images-na.ssl-images-amazon.com\/images\/G\/01\/x-locale\/common\/grey-pixel.gif\" class=\"a-lazy-loaded\" data-src=\"https:\/\/m.media-amazon.com\/images\/S\/aplus-media\/vc\/3722ff36-f737-4b1d-9a44-b316ea4e4ca8.__CR0,0,600,180_PT0_SX600_V1___.jpg\"><img decoding=\"async\" alt=\"Unger\" src=\"https:\/\/m.media-amazon.com\/images\/S\/aplus-media\/vc\/3722ff36-f737-4b1d-9a44-b316ea4e4ca8.__CR0,0,600,180_PT0_SX600_V1___.jpg\">      <\/p>\n<p>                                                      <img decoding=\"async\" alt=\"NN-Griff\" src=\"https:\/\/images-na.ssl-images-amazon.com\/images\/G\/01\/x-locale\/common\/grey-pixel.gif\" class=\"a-spacing-mini a-lazy-loaded\" data-src=\"https:\/\/m.media-amazon.com\/images\/S\/aplus-media\/vc\/d76e53b8-7666-47f5-985e-bece0c20b117.__CR0,0,300,300_PT0_SX300_V1___.jpg\"><img decoding=\"async\" alt=\"NN-Griff\" src=\"https:\/\/m.media-amazon.com\/images\/S\/aplus-media\/vc\/d76e53b8-7666-47f5-985e-bece0c20b117.__CR0,0,300,300_PT0_SX300_V1___.jpg\">  <\/p>\n<h3 class=\"a-spacing-mini\">  Unger Nifty Nabber Abzugsgriff 93 cm <\/h3>\n<p>                                           Robuster Abfallgreifer mit stabiler Innenf\u00fchrungsstange                                     <\/p>\n<p class=\"a-spacing-base\"> Perfekte Griffkontrolle. Bleibt immer in Form und \u00fcberdehnt sich nicht und bricht nicht wie \u00e4hnliche Mechanismen mit Draht. Direkt ansprechende Mechanik f\u00fcr maximalen Arbeitskomfort. Hergestellt aus hochwertigem Kunststoff, verst\u00e4rkt mit Glas f\u00fcr erh\u00f6hte Haltbarkeit. Zuverl\u00e4ssiger Halt auch bei schwierigen Gegenst\u00e4nden. L\u00e4sst sich bis zu 10 cm weit \u00f6ffnen und h\u00e4lt Gewichte bis zu 4,5 kg. Kommt auch in engste R\u00e4ume, 360\u00b0 drehbarer Greifkopf, arretierbar. et alle 90\u00b0 Stabil und rostfrei. Leicht, sch\u00fctzt Arm und R\u00fccken. <\/p>\n<p>                                                         Technische Details: Rohrmaterial: Aluminium. L\u00e4nge: 93 cm. \u00d6ffnungsma\u00df der Krallen: 10 cm. Belastbarkeit der Krallen: bis zu 4,5 kg       <\/p>\n<p class=\"apm-text-center\">\n                                                      <img decoding=\"async\" alt=\"nn09\" src=\"https:\/\/images-na.ssl-images-amazon.com\/images\/G\/01\/x-locale\/common\/grey-pixel.gif\" class=\"a-spacing-mini a-lazy-loaded\" data-src=\"https:\/\/m.media-amazon.com\/images\/S\/aplus-media\/vc\/3e9b2b54-2e74-4d4c-83f6-4e5f376e73d7.__CR0,0,300,300_PT0_SX300_V1___.jpg\"><img decoding=\"async\" alt=\"nn09\" src=\"https:\/\/m.media-amazon.com\/images\/S\/aplus-media\/vc\/3e9b2b54-2e74-4d4c-83f6-4e5f376e73d7.__CR0,0,300,300_PT0_SX300_V1___.jpg\">  <\/p>\n<p class=\"apm-text-center\">\n                                                      <img decoding=\"async\" alt=\"schick\" src=\"https:\/\/images-na.ssl-images-amazon.com\/images\/G\/01\/x-locale\/common\/grey-pixel.gif\" class=\"a-spacing-mini a-lazy-loaded\" data-src=\"https:\/\/m.media-amazon.com\/images\/S\/aplus-media\/vc\/07dc6333-2f6c-4a79-8334-532a6b1bb40e.__CR0,4,300,300_PT0_SX300_V1___.jpg\"><img decoding=\"async\" alt=\"schick\" src=\"https:\/\/m.media-amazon.com\/images\/S\/aplus-media\/vc\/07dc6333-2f6c-4a79-8334-532a6b1bb40e.__CR0,4,300,300_PT0_SX300_V1___.jpg\">  <\/p>\n<p class=\"apm-text-center\">\n                                                      <img decoding=\"async\" alt=\"Flasche\" src=\"https:\/\/images-na.ssl-images-amazon.com\/images\/G\/01\/x-locale\/common\/grey-pixel.gif\" class=\"a-spacing-mini a-lazy-loaded\" data-src=\"https:\/\/m.media-amazon.com\/images\/S\/aplus-media\/vc\/a4bf7a60-3d47-43a4-917d-8b05790c11b9.__CR0,0,300,300_PT0_SX300_V1___.jpg\"><img decoding=\"async\" alt=\"Flasche\" src=\"https:\/\/m.media-amazon.com\/images\/S\/aplus-media\/vc\/a4bf7a60-3d47-43a4-917d-8b05790c11b9.__CR0,0,300,300_PT0_SX300_V1___.jpg\">  <\/p>\n<p class=\"apm-text-center\">\n                                                      <img decoding=\"async\" alt=\"Handhaben\" src=\"https:\/\/images-na.ssl-images-amazon.com\/images\/G\/01\/x-locale\/common\/grey-pixel.gif\" class=\"a-spacing-mini a-lazy-loaded\" data-src=\"https:\/\/m.media-amazon.com\/images\/S\/aplus-media\/vc\/c4fbfc1f-2c46-4af7-a394-9ab8828a83aa.__CR0,0,2000,2000_PT0_SX300_V1___.jpg\"><img decoding=\"async\" alt=\"Handhaben\" src=\"https:\/\/m.media-amazon.com\/images\/S\/aplus-media\/vc\/c4fbfc1f-2c46-4af7-a394-9ab8828a83aa.__CR0,0,2000,2000_PT0_SX300_V1___.jpg\">  <\/p>\n<p>                                                    NiftyNabber-Abzugsgriff                                       <\/p>\n<p> Der NiftyNabber-Abzugsgriff verf\u00fcgt \u00fcber eine direkt ansprechende Mechanik f\u00fcr h\u00f6chsten Arbeitskomfort und besteht aus hochwertigem Kunststoff, der f\u00fcr eine erh\u00f6hte Haltbarkeit zus\u00e4tzlich mit Glas verst\u00e4rkt ist. Die robuste F\u00fchrungsstange aus Metall f\u00fcr perfekte Griffkontrolle bleibt immer in Form und \u00fcberdehnt sich nicht und bricht nicht. <\/p>\n<p class=\"apm-text-center\">\n                                                      <img decoding=\"async\" alt=\"Krallen\" src=\"https:\/\/images-na.ssl-images-amazon.com\/images\/G\/01\/x-locale\/common\/grey-pixel.gif\" class=\"a-spacing-mini a-lazy-loaded\" data-src=\"https:\/\/m.media-amazon.com\/images\/S\/aplus-media\/vc\/38cb207a-977b-418f-9b7a-0b6009cff5e9.__CR0,0,2000,2000_PT0_SX300_V1___.jpg\"><img decoding=\"async\" alt=\"Krallen\" src=\"https:\/\/m.media-amazon.com\/images\/S\/aplus-media\/vc\/38cb207a-977b-418f-9b7a-0b6009cff5e9.__CR0,0,2000,2000_PT0_SX300_V1___.jpg\">  <\/p>\n<p>                                                    NiftyNabber-Trigger-Gummikrallen mit magnetischer Spitze                                       <\/p>\n<p> Seine Gummikrallen mit Magnetspitze erm\u00f6glichen einen zuverl\u00e4ssigen Halt, auch an schwierigen Gegenst\u00e4nden. Gegenst\u00e4nde wie Dosen, M\u00fcnzen etc. werden problemlos von den Magneten in der Kralle aufgenommen. Die Krallen des einfach zu bedienenden NiftyNabber-Abzugsgriffs lassen sich bis zu 10 cm weit \u00f6ffnen und halten Abfall bis zu 4,5 kg. <\/p>\n<p class=\"apm-text-center\">\n                                                      <img decoding=\"async\" alt=\"Griffkopf\" src=\"https:\/\/images-na.ssl-images-amazon.com\/images\/G\/01\/x-locale\/common\/grey-pixel.gif\" class=\"a-spacing-mini a-lazy-loaded\" data-src=\"https:\/\/m.media-amazon.com\/images\/S\/aplus-media\/vc\/b4bc912e-e228-4a5f-87c4-4bea18968e13.__CR0,0,2000,2000_PT0_SX300_V1___.jpg\"><img decoding=\"async\" alt=\"Griffkopf\" src=\"https:\/\/m.media-amazon.com\/images\/S\/aplus-media\/vc\/b4bc912e-e228-4a5f-87c4-4bea18968e13.__CR0,0,2000,2000_PT0_SX300_V1___.jpg\">  <\/p>\n<p>                                                    NiftyNabber Abzugsgriffkopf                                       <\/p>\n<p> Dar\u00fcber hinaus verf\u00fcgt der NiftyNabber-Abzugsgriff \u00fcber einen um 360\u00b0 drehbaren Griffkopf, der alle 90\u00b0 einrastet, sodass Sie auch die engsten Stellen erreichen k\u00f6nnen. Das Aluminiumrohr ist stabil und rostfrei, was eine lange Lebensdauer verspricht und durch seine Leichtigkeit Arme und R\u00fccken schont. <\/p>\n<p>                         Zum Warenkorb hinzuf\u00fcgen Zum Warenkorb hinzuf\u00fcgen Zum Warenkorb hinzuf\u00fcgen Zum Warenkorb hinzuf\u00fcgen Kundenrezensionen 4,6 von 5 Sternen 1.031 4,6 von 5 Sternen 1.031 4,6 von 5 Sternen 1.031 4,6 von 5 Sternen 1.031 Preis 23,24 \u20ac23,24 \u20ac 25,11 \u20ac25,11 \u20ac27,50 \u20ac27,50 \u20ac 29,03 \u20ac29,03 \u20ac L\u00e4nge: 63 cm 83 cm 93 cm 102 cm              <\/p>\n<p>Der Allzweck-Pistolengriff. Zur universellen M\u00fcllentsorgung. &#8211; Rotierender Kopf.<br \/>Mit magnetischer Spitze.<\/p>\n<p>[ad_2]<\/p>\n","protected":false},"excerpt":{"rendered":"<p>Vom Hersteller Unger Nifty Nabber Abzugsgriff 93 cm Robuster Abfallgreifer mit stabiler Innenf\u00fchrungsstange Perfekte Griffkontrolle. Bleibt immer in Form und \u00fcberdehnt sich nicht und bricht nicht wie \u00e4hnliche Mechanismen mit Draht. Direkt ansprechende Mechanik f\u00fcr maximalen Arbeitskomfort. Hergestellt aus hochwertigem Kunststoff, verst\u00e4rkt mit Glas f\u00fcr erh\u00f6hte Haltbarkeit. Zuverl\u00e4ssiger Halt auch bei schwierigen Gegenst\u00e4nden. L\u00e4sst sich [&hellip;]<\/p>\n","protected":false},"featured_media":2583,"comment_status":"open","ping_status":"closed","template":"","meta":{"_aipt_faq_data":""},"store":[],"product_brand":[],"product_cat":[100],"product_tag":[170],"class_list":{"0":"post-2582","1":"product","2":"type-product","3":"status-publish","4":"has-post-thumbnail","6":"product_cat-greifer-zubehoer","7":"product_tag-greifer-zubehoer-ersatzteile","9":"first","10":"instock","11":"shipping-taxable","12":"product-type-external"},"yoast_head":"<!-- This site is optimized with the Yoast SEO plugin v27.4 - https:\/\/yoast.com\/product\/yoast-seo-wordpress\/ -->\n<title>Unger Nifty Nabber\u00ae Trigger Grip 90 cm Allzweckgreifer - EasyLifeBro<\/title>\n<meta name=\"description\" content=\"Entdecken Sie smarte Roboter f\u00fcr Zuhause, Garten, Bildung und Sicherheit. Vergleichen Sie Saugroboter, Rasenm\u00e4hroboter, KI-Begleitroboter und mehr bei EasyLifeRobo.\" \/>\n<meta name=\"robots\" content=\"index, follow, max-snippet:-1, max-image-preview:large, max-video-preview:-1\" \/>\n<link rel=\"canonical\" href=\"https:\/\/easyliferobo.com\/de\/product\/unger-nifty-nabber-trigger-grip-90-cm-allzweckgreifer\/\" \/>\n<meta property=\"og:locale\" content=\"de_DE\" \/>\n<meta property=\"og:type\" content=\"article\" \/>\n<meta property=\"og:title\" content=\"Unger Nifty Nabber\u00ae Trigger Grip 90 cm Allzweckgreifer - EasyLifeBro\" \/>\n<meta property=\"og:description\" content=\"Entdecken Sie smarte Roboter f\u00fcr Zuhause, Garten, Bildung und Sicherheit. Vergleichen Sie Saugroboter, Rasenm\u00e4hroboter, KI-Begleitroboter und mehr bei EasyLifeRobo.\" \/>\n<meta property=\"og:url\" content=\"https:\/\/easyliferobo.com\/de\/product\/unger-nifty-nabber-trigger-grip-90-cm-allzweckgreifer\/\" \/>\n<meta property=\"og:site_name\" content=\"EasyLifeBro\" \/>\n<meta property=\"article:modified_time\" content=\"2026-02-27T04:34:31+00:00\" \/>\n<meta property=\"og:image\" content=\"https:\/\/images-na.ssl-images-amazon.com\/images\/G\/01\/x-locale\/common\/grey-pixel.gif\" \/>\n<meta name=\"twitter:card\" content=\"summary_large_image\" \/>\n<meta name=\"twitter:label1\" content=\"Gesch\u00e4tzte Lesezeit\" \/>\n\t<meta name=\"twitter:data1\" content=\"2\u00a0Minuten\" \/>\n<script type=\"application\/ld+json\" class=\"yoast-schema-graph\">{\"@context\":\"https:\\\/\\\/schema.org\",\"@graph\":[{\"@type\":\"WebPage\",\"@id\":\"https:\\\/\\\/easyliferobo.com\\\/de\\\/product\\\/unger-nifty-nabber-trigger-grip-90-cm-allzweckgreifer\\\/\",\"url\":\"https:\\\/\\\/easyliferobo.com\\\/de\\\/product\\\/unger-nifty-nabber-trigger-grip-90-cm-allzweckgreifer\\\/\",\"name\":\"Unger Nifty Nabber\u00ae Trigger Grip 90 cm Allzweckgreifer - EasyLifeBro\",\"isPartOf\":{\"@id\":\"https:\\\/\\\/easyliferobo.com\\\/de\\\/#website\"},\"primaryImageOfPage\":{\"@id\":\"https:\\\/\\\/easyliferobo.com\\\/de\\\/product\\\/unger-nifty-nabber-trigger-grip-90-cm-allzweckgreifer\\\/#primaryimage\"},\"image\":{\"@id\":\"https:\\\/\\\/easyliferobo.com\\\/de\\\/product\\\/unger-nifty-nabber-trigger-grip-90-cm-allzweckgreifer\\\/#primaryimage\"},\"thumbnailUrl\":\"https:\\\/\\\/easyliferobo.com\\\/de\\\/wp-content\\\/uploads\\\/2026\\\/02\\\/51ICYwyYaCL._AC_SL1500_.jpg\",\"datePublished\":\"2026-02-27T04:34:15+00:00\",\"dateModified\":\"2026-02-27T04:34:31+00:00\",\"description\":\"Entdecken Sie smarte Roboter f\u00fcr Zuhause, Garten, Bildung und Sicherheit. Vergleichen Sie Saugroboter, Rasenm\u00e4hroboter, KI-Begleitroboter und mehr bei EasyLifeRobo.\",\"breadcrumb\":{\"@id\":\"https:\\\/\\\/easyliferobo.com\\\/de\\\/product\\\/unger-nifty-nabber-trigger-grip-90-cm-allzweckgreifer\\\/#breadcrumb\"},\"inLanguage\":\"de\",\"potentialAction\":[{\"@type\":\"ReadAction\",\"target\":[\"https:\\\/\\\/easyliferobo.com\\\/de\\\/product\\\/unger-nifty-nabber-trigger-grip-90-cm-allzweckgreifer\\\/\"]}]},{\"@type\":\"ImageObject\",\"inLanguage\":\"de\",\"@id\":\"https:\\\/\\\/easyliferobo.com\\\/de\\\/product\\\/unger-nifty-nabber-trigger-grip-90-cm-allzweckgreifer\\\/#primaryimage\",\"url\":\"https:\\\/\\\/easyliferobo.com\\\/de\\\/wp-content\\\/uploads\\\/2026\\\/02\\\/51ICYwyYaCL._AC_SL1500_.jpg\",\"contentUrl\":\"https:\\\/\\\/easyliferobo.com\\\/de\\\/wp-content\\\/uploads\\\/2026\\\/02\\\/51ICYwyYaCL._AC_SL1500_.jpg\",\"width\":1277,\"height\":1174},{\"@type\":\"BreadcrumbList\",\"@id\":\"https:\\\/\\\/easyliferobo.com\\\/de\\\/product\\\/unger-nifty-nabber-trigger-grip-90-cm-allzweckgreifer\\\/#breadcrumb\",\"itemListElement\":[{\"@type\":\"ListItem\",\"position\":1,\"name\":\"Home\",\"item\":\"https:\\\/\\\/easyliferobo.com\\\/de\\\/\"},{\"@type\":\"ListItem\",\"position\":2,\"name\":\"Shop\",\"item\":\"https:\\\/\\\/easyliferobo.com\\\/de\\\/shop\\\/\"},{\"@type\":\"ListItem\",\"position\":3,\"name\":\"Unger Nifty Nabber\u00ae Trigger Grip 9...\"}]},{\"@type\":\"WebSite\",\"@id\":\"https:\\\/\\\/easyliferobo.com\\\/de\\\/#website\",\"url\":\"https:\\\/\\\/easyliferobo.com\\\/de\\\/\",\"name\":\"EasyLifeBro\",\"description\":\"Smarte Roboter f\u00fcr Zuhause, Garten &amp; Bildung\",\"publisher\":{\"@id\":\"https:\\\/\\\/easyliferobo.com\\\/de\\\/#organization\"},\"potentialAction\":[{\"@type\":\"SearchAction\",\"target\":{\"@type\":\"EntryPoint\",\"urlTemplate\":\"https:\\\/\\\/easyliferobo.com\\\/de\\\/?s={search_term_string}\"},\"query-input\":{\"@type\":\"PropertyValueSpecification\",\"valueRequired\":true,\"valueName\":\"search_term_string\"}}],\"inLanguage\":\"de\"},{\"@type\":\"Organization\",\"@id\":\"https:\\\/\\\/easyliferobo.com\\\/de\\\/#organization\",\"name\":\"EasyLifeBro\",\"url\":\"https:\\\/\\\/easyliferobo.com\\\/de\\\/\",\"logo\":{\"@type\":\"ImageObject\",\"inLanguage\":\"de\",\"@id\":\"https:\\\/\\\/easyliferobo.com\\\/de\\\/#\\\/schema\\\/logo\\\/image\\\/\",\"url\":\"https:\\\/\\\/easyliferobo.com\\\/de\\\/wp-content\\\/uploads\\\/2026\\\/02\\\/Screenshot-2026-02-22-at-2.25.03-PM.png\",\"contentUrl\":\"https:\\\/\\\/easyliferobo.com\\\/de\\\/wp-content\\\/uploads\\\/2026\\\/02\\\/Screenshot-2026-02-22-at-2.25.03-PM.png\",\"width\":1858,\"height\":430,\"caption\":\"EasyLifeBro\"},\"image\":{\"@id\":\"https:\\\/\\\/easyliferobo.com\\\/de\\\/#\\\/schema\\\/logo\\\/image\\\/\"}}]}<\/script>\n<!-- \/ Yoast SEO plugin. -->","yoast_head_json":{"title":"Unger Nifty Nabber\u00ae Trigger Grip 90 cm Allzweckgreifer - EasyLifeBro","description":"Entdecken Sie smarte Roboter f\u00fcr Zuhause, Garten, Bildung und Sicherheit. Vergleichen Sie Saugroboter, Rasenm\u00e4hroboter, KI-Begleitroboter und mehr bei EasyLifeRobo.","robots":{"index":"index","follow":"follow","max-snippet":"max-snippet:-1","max-image-preview":"max-image-preview:large","max-video-preview":"max-video-preview:-1"},"canonical":"https:\/\/easyliferobo.com\/de\/product\/unger-nifty-nabber-trigger-grip-90-cm-allzweckgreifer\/","og_locale":"de_DE","og_type":"article","og_title":"Unger Nifty Nabber\u00ae Trigger Grip 90 cm Allzweckgreifer - EasyLifeBro","og_description":"Entdecken Sie smarte Roboter f\u00fcr Zuhause, Garten, Bildung und Sicherheit. Vergleichen Sie Saugroboter, Rasenm\u00e4hroboter, KI-Begleitroboter und mehr bei EasyLifeRobo.","og_url":"https:\/\/easyliferobo.com\/de\/product\/unger-nifty-nabber-trigger-grip-90-cm-allzweckgreifer\/","og_site_name":"EasyLifeBro","article_modified_time":"2026-02-27T04:34:31+00:00","og_image":[{"url":"https:\/\/images-na.ssl-images-amazon.com\/images\/G\/01\/x-locale\/common\/grey-pixel.gif","type":"","width":"","height":""}],"twitter_card":"summary_large_image","twitter_misc":{"Gesch\u00e4tzte Lesezeit":"2\u00a0Minuten"},"schema":{"@context":"https:\/\/schema.org","@graph":[{"@type":"WebPage","@id":"https:\/\/easyliferobo.com\/de\/product\/unger-nifty-nabber-trigger-grip-90-cm-allzweckgreifer\/","url":"https:\/\/easyliferobo.com\/de\/product\/unger-nifty-nabber-trigger-grip-90-cm-allzweckgreifer\/","name":"Unger Nifty Nabber\u00ae Trigger Grip 90 cm Allzweckgreifer - EasyLifeBro","isPartOf":{"@id":"https:\/\/easyliferobo.com\/de\/#website"},"primaryImageOfPage":{"@id":"https:\/\/easyliferobo.com\/de\/product\/unger-nifty-nabber-trigger-grip-90-cm-allzweckgreifer\/#primaryimage"},"image":{"@id":"https:\/\/easyliferobo.com\/de\/product\/unger-nifty-nabber-trigger-grip-90-cm-allzweckgreifer\/#primaryimage"},"thumbnailUrl":"https:\/\/easyliferobo.com\/de\/wp-content\/uploads\/2026\/02\/51ICYwyYaCL._AC_SL1500_.jpg","datePublished":"2026-02-27T04:34:15+00:00","dateModified":"2026-02-27T04:34:31+00:00","description":"Entdecken Sie smarte Roboter f\u00fcr Zuhause, Garten, Bildung und Sicherheit. Vergleichen Sie Saugroboter, Rasenm\u00e4hroboter, KI-Begleitroboter und mehr bei EasyLifeRobo.","breadcrumb":{"@id":"https:\/\/easyliferobo.com\/de\/product\/unger-nifty-nabber-trigger-grip-90-cm-allzweckgreifer\/#breadcrumb"},"inLanguage":"de","potentialAction":[{"@type":"ReadAction","target":["https:\/\/easyliferobo.com\/de\/product\/unger-nifty-nabber-trigger-grip-90-cm-allzweckgreifer\/"]}]},{"@type":"ImageObject","inLanguage":"de","@id":"https:\/\/easyliferobo.com\/de\/product\/unger-nifty-nabber-trigger-grip-90-cm-allzweckgreifer\/#primaryimage","url":"https:\/\/easyliferobo.com\/de\/wp-content\/uploads\/2026\/02\/51ICYwyYaCL._AC_SL1500_.jpg","contentUrl":"https:\/\/easyliferobo.com\/de\/wp-content\/uploads\/2026\/02\/51ICYwyYaCL._AC_SL1500_.jpg","width":1277,"height":1174},{"@type":"BreadcrumbList","@id":"https:\/\/easyliferobo.com\/de\/product\/unger-nifty-nabber-trigger-grip-90-cm-allzweckgreifer\/#breadcrumb","itemListElement":[{"@type":"ListItem","position":1,"name":"Home","item":"https:\/\/easyliferobo.com\/de\/"},{"@type":"ListItem","position":2,"name":"Shop","item":"https:\/\/easyliferobo.com\/de\/shop\/"},{"@type":"ListItem","position":3,"name":"Unger Nifty Nabber\u00ae Trigger Grip 9..."}]},{"@type":"WebSite","@id":"https:\/\/easyliferobo.com\/de\/#website","url":"https:\/\/easyliferobo.com\/de\/","name":"EasyLifeBro","description":"Smarte Roboter f\u00fcr Zuhause, Garten &amp; Bildung","publisher":{"@id":"https:\/\/easyliferobo.com\/de\/#organization"},"potentialAction":[{"@type":"SearchAction","target":{"@type":"EntryPoint","urlTemplate":"https:\/\/easyliferobo.com\/de\/?s={search_term_string}"},"query-input":{"@type":"PropertyValueSpecification","valueRequired":true,"valueName":"search_term_string"}}],"inLanguage":"de"},{"@type":"Organization","@id":"https:\/\/easyliferobo.com\/de\/#organization","name":"EasyLifeBro","url":"https:\/\/easyliferobo.com\/de\/","logo":{"@type":"ImageObject","inLanguage":"de","@id":"https:\/\/easyliferobo.com\/de\/#\/schema\/logo\/image\/","url":"https:\/\/easyliferobo.com\/de\/wp-content\/uploads\/2026\/02\/Screenshot-2026-02-22-at-2.25.03-PM.png","contentUrl":"https:\/\/easyliferobo.com\/de\/wp-content\/uploads\/2026\/02\/Screenshot-2026-02-22-at-2.25.03-PM.png","width":1858,"height":430,"caption":"EasyLifeBro"},"image":{"@id":"https:\/\/easyliferobo.com\/de\/#\/schema\/logo\/image\/"}}]}},"_links":{"self":[{"href":"https:\/\/easyliferobo.com\/de\/wp-json\/wp\/v2\/product\/2582","targetHints":{"allow":["GET"]}}],"collection":[{"href":"https:\/\/easyliferobo.com\/de\/wp-json\/wp\/v2\/product"}],"about":[{"href":"https:\/\/easyliferobo.com\/de\/wp-json\/wp\/v2\/types\/product"}],"replies":[{"embeddable":true,"href":"https:\/\/easyliferobo.com\/de\/wp-json\/wp\/v2\/comments?post=2582"}],"wp:featuredmedia":[{"embeddable":true,"href":"https:\/\/easyliferobo.com\/de\/wp-json\/wp\/v2\/media\/2583"}],"wp:attachment":[{"href":"https:\/\/easyliferobo.com\/de\/wp-json\/wp\/v2\/media?parent=2582"}],"wp:term":[{"taxonomy":"store","embeddable":true,"href":"https:\/\/easyliferobo.com\/de\/wp-json\/wp\/v2\/store?post=2582"},{"taxonomy":"product_brand","embeddable":true,"href":"https:\/\/easyliferobo.com\/de\/wp-json\/wp\/v2\/product_brand?post=2582"},{"taxonomy":"product_cat","embeddable":true,"href":"https:\/\/easyliferobo.com\/de\/wp-json\/wp\/v2\/product_cat?post=2582"},{"taxonomy":"product_tag","embeddable":true,"href":"https:\/\/easyliferobo.com\/de\/wp-json\/wp\/v2\/product_tag?post=2582"}],"curies":[{"name":"wp","href":"https:\/\/api.w.org\/{rel}","templated":true}]}}