
{"id":2566,"date":"2026-02-27T04:31:18","date_gmt":"2026-02-27T04:31:18","guid":{"rendered":"https:\/\/easyliferobo.com\/de\/product\/drohne-mit-kamera-4k-ortung-des-lichtstroms-in-der-levitation-360-hindernisvermeidungskopf-buerstenloser-motor-ferngesteuerte-drohne-mit-2-batterien-grau\/"},"modified":"2026-02-27T04:31:33","modified_gmt":"2026-02-27T04:31:33","slug":"drohne-mit-kamera-4k-ortung-des-lichtstroms-in-der-levitation-360-hindernisvermeidungskopf-buerstenloser-motor-ferngesteuerte-drohne-mit-2-batterien-grau","status":"publish","type":"product","link":"https:\/\/easyliferobo.com\/de\/product\/drohne-mit-kamera-4k-ortung-des-lichtstroms-in-der-levitation-360-hindernisvermeidungskopf-buerstenloser-motor-ferngesteuerte-drohne-mit-2-batterien-grau\/","title":{"rendered":"Drohne mit Kamera 4K, Ortung des Li..."},"content":{"rendered":"<p>\n                                             Produktbeschreibung   <\/p>\n<p>                                                                                                       <img decoding=\"async\" alt=\"Aplus-Inhaltsbild\" src=\"https:\/\/images-na.ssl-images-amazon.com\/images\/G\/01\/x-locale\/common\/grey-pixel.gif\" class=\"a-lazy-loaded\" data-src=\"https:\/\/m.media-amazon.com\/images\/S\/aplus-media-library-service-media\/0c125985-7668-4829-8edc-b5f65502039d.__CR0,0,1464,600_PT0_SX1464_V1___.jpg\"><img decoding=\"async\" alt=\"Aplus-Inhaltsbild\" src=\"https:\/\/m.media-amazon.com\/images\/S\/aplus-media-library-service-media\/0c125985-7668-4829-8edc-b5f65502039d.__CR0,0,1464,600_PT0_SX1464_V1___.jpg\">                                               <\/p>\n<p>                                                                                                       <img decoding=\"async\" alt=\"Aplus-Inhaltsbild\" src=\"https:\/\/images-na.ssl-images-amazon.com\/images\/G\/01\/x-locale\/common\/grey-pixel.gif\" class=\"a-lazy-loaded\" data-src=\"https:\/\/m.media-amazon.com\/images\/S\/aplus-media-library-service-media\/79f64306-4d2b-4dc6-8994-22373b0bab10.__CR0,0,1464,600_PT0_SX1464_V1___.jpg\"><img decoding=\"async\" alt=\"Aplus-Inhaltsbild\" src=\"https:\/\/m.media-amazon.com\/images\/S\/aplus-media-library-service-media\/79f64306-4d2b-4dc6-8994-22373b0bab10.__CR0,0,1464,600_PT0_SX1464_V1___.jpg\">                                               <\/p>\n<p>                                                                                                                <img decoding=\"async\" alt=\"Aplus-Inhaltsbild\" src=\"https:\/\/m.media-amazon.com\/images\/S\/aplus-media-library-service-media\/07e28aec-6701-46e1-a1b4-433a6d42aa7f.__CR0,0,1464,600_PT0_SX1464_V1___.jpg\">                                                    <img decoding=\"async\" alt=\"Aplus-Inhaltsbild\" src=\"https:\/\/m.media-amazon.com\/images\/S\/aplus-media-library-service-media\/25652c9c-532e-4fbb-a1cd-bd64fd5bae1b.__CR0,0,1464,600_PT0_SX1464_V1___.jpg\">                                                    <img decoding=\"async\" alt=\"Der Text lautet \u201eIntelligentes Folgen\u201c. \u00c4hnlich wie Bild 1, das einen L\u00e4ufer auf einem W\u00fcstenpfad mit Drohnenverfolgung zeigt und die Sport-Tracking-Technologie demonstriert.\" src=\"https:\/\/m.media-amazon.com\/images\/S\/aplus-media-library-service-media\/911236f1-db87-4de3-9d68-70fb7d019f10.__CR0,0,1464,600_PT0_SX1464_V1___.jpg\"><br \/>\n                            1 Hohe Aufl\u00f6sung 2 Gestensteuerung 3 Intelligente Verfolgung <\/p>\n<p>                                                                                                                <img decoding=\"async\" alt=\"Der Text lautet \u201eEchtzeit High-Definition \u00dcbertragung\u201c. Geteiltes Bild, das Wakeboard-Action und ein auf dem Controller montiertes Smartphone zeigt, das Live-Feed anzeigt.\" src=\"https:\/\/m.media-amazon.com\/images\/S\/aplus-media-library-service-media\/f9c2cf05-4fff-4ca0-86ca-4336011ba10f.__CR0,0,1464,600_PT0_SX1464_V1___.jpg\">                                                    <img decoding=\"async\" alt=\"Aplus-Inhaltsbild\" src=\"https:\/\/m.media-amazon.com\/images\/S\/aplus-media-library-service-media\/e0f7ff11-2241-45a5-a9d7-26f401c1d208.__CR0,0,1464,600_PT0_SX1464_V1___.jpg\">                                                    <img decoding=\"async\" alt=\"Aplus-Inhaltsbild\" src=\"https:\/\/m.media-amazon.com\/images\/S\/aplus-media-library-service-media\/f3ac65cc-6db9-4db3-80bc-9c047c272cf5.__CR0,0,1464,600_PT0_SX1464_V1___.jpg\"><br \/>\n                            1 Echtzeit-\u00dcbertragung 2 Flugbahn Flug 3 Perspektive Wechseln <\/p>\n<p>                                                                                                                <img decoding=\"async\" alt=\"Aplus-Inhaltsbild\" src=\"https:\/\/m.media-amazon.com\/images\/S\/aplus-media-library-service-media\/f05519a5-1ec2-4e40-bbe0-7d0f05e99bb3.__CR0,0,1464,600_PT0_SX1464_V1___.jpg\">                                                    <img decoding=\"async\" alt=\"Aplus-Inhaltsbild\" src=\"https:\/\/m.media-amazon.com\/images\/S\/aplus-media-library-service-media\/23aaec7d-3aa3-4774-a138-e5272c927851.__CR0,0,1464,600_PT0_SX1464_V1___.jpg\">                                                    <img decoding=\"async\" alt=\"Aplus-Inhaltsbild\" src=\"https:\/\/m.media-amazon.com\/images\/S\/aplus-media-library-service-media\/f667bf70-89de-4804-82c1-4be5eb212c95.__CR0,0,1464,600_PT0_SX1464_V1___.jpg\"><br \/>\n                            1 verstellbare 90\u00b0-Kamera, 2 Flugh\u00f6he, 3 Positionsanzeige <\/p>\n<p>                                                                                                       <img decoding=\"async\" alt=\"Aplus-Inhaltsbild\" src=\"https:\/\/images-na.ssl-images-amazon.com\/images\/G\/01\/x-locale\/common\/grey-pixel.gif\" class=\"a-lazy-loaded\" data-src=\"https:\/\/m.media-amazon.com\/images\/S\/aplus-media-library-service-media\/c8cd5c4f-674a-4930-8ba3-764a4742186c.__CR0,0,1464,600_PT0_SX1464_V1___.jpg\"><img decoding=\"async\" alt=\"Aplus-Inhaltsbild\" src=\"https:\/\/m.media-amazon.com\/images\/S\/aplus-media-library-service-media\/c8cd5c4f-674a-4930-8ba3-764a4742186c.__CR0,0,1464,600_PT0_SX1464_V1___.jpg\">                                               <\/p>\n<p>Intelligente und vielseitige Flugmodi: Diese Drohne mit Kamera 4K, intelligente 360-Grad-Hinderniserkennung, elektronische Doppelkamerasteuerung, Echtzeit\u00fcbertragung, Gestensteuerung f\u00fcr die Aufnahme, langlebiger Akku, Aufh\u00e4ngung mit Lichtstrom. Alle diese Funktionen sind einfach und intuitiv, sodass auch Anf\u00e4nger problemlos den Spa\u00df am Fliegen erleben k\u00f6nnen<br \/>4K-Ultra-HD-Kamera: Die Drohne ist mit einer professionellen 4K-Kamera mit Bildstabilisierung ausgestattet. 5 GHz sorgt f\u00fcr eine stabile und reibungslose Video\u00fcbertragung. Unterst\u00fctzt den freien Wechsel zwischen mehreren Objektiven mit gestochen scharfen Bilddetails. Dank der Echtzeit-Bild\u00fcbertragungsfunktion werden die atemberaubenden Luftaufnahmen mit minimaler Verz\u00f6gerung mit dem Bedienterminal synchronisiert, sodass Sie die Bildkomposition w\u00e4hrend des Fluges in Echtzeit anpassen und ganz einfach Luftaufnahmen in Kinoqualit\u00e4t erstellen k\u00f6nnen<br \/>Leistungsstarker b\u00fcrstenloser Motor: Diese Drohne mit 4K ist mit einem leistungsstarken b\u00fcrstenlosen Motor ausgestattet, der auch bei leichtem Wind f\u00fcr einen stabilen Flug sorgt. Dank der verschlei\u00dfarmen b\u00fcrstenlosen Konstruktion ist die Lebensdauer doppelt so hoch wie bei herk\u00f6mmlichen Modellen, was einen sichereren und sorgenfreien Flug im Freien garantiert<br \/>Doppelter Akku + h\u00e4ngendes Beleuchtungssystem: Diese 4K-Drohne ist standardm\u00e4\u00dfig mit zwei 1800-mAh-Akkus ausgestattet, die nach vollst\u00e4ndiger Aufladung eine Flugzeit von etwa 20 Minuten gew\u00e4hrleisten. Durch die Verwendung beider Akkus l\u00e4sst sich die Flugzeit problemlos auf bis zu 40 Minuten verl\u00e4ngern und erf\u00fcllt so die Anforderungen f\u00fcr Langstreckenfl\u00fcge, Panoramaaufnahmen und andere Situationen, die eine l\u00e4ngere Nutzung erfordern. Dank der Fixed-Height-Optical-Flow-Technologie ist der Schwebefehler auf \u00b10,5 Meter begrenzt, was Stabilit\u00e4t und Driftfreiheit beim Fliegen in geringer H\u00f6he und bei festen Sch\u00fcssen gew\u00e4hrleistet<br \/>Zusammenklappbares und tragbares Geh\u00e4use: Diese Drohne besteht aus leichten und langlebigen Materialien, ist im zusammengeklappten Zustand kompakt und kann problemlos in einem Rucksack oder einer Handtasche verstaut werden. Die klassische schwarze Farbe verleiht ihm ein elegantes und raffiniertes Aussehen und kombiniert Technologie mit Funktionalit\u00e4t. Es sind keine komplizierten Montagevorg\u00e4nge erforderlich: Einfach aufklappen und schon kann es losgehen. Es kann \u00fcberall hin mitgenommen werden, egal ob auf einen Wochenendausflug, einen Strandurlaub oder einen St\u00e4dtebesuch, sodass Sie jederzeit und \u00fcberall eine Erkundungstour in luftigen H\u00f6hen unternehmen k\u00f6nnen<\/p>\n<p>[ad_2]<\/p>\n","protected":false},"excerpt":{"rendered":"<p>Produktbeschreibung 1 Hohe Aufl\u00f6sung 2 Gestensteuerung 3 Intelligente Verfolgung 1 Echtzeit-\u00dcbertragung 2 Flugbahn Flug 3 Perspektive Wechseln 1 verstellbare 90\u00b0-Kamera, 2 Flugh\u00f6he, 3 Positionsanzeige Intelligente und vielseitige Flugmodi: Diese Drohne mit Kamera 4K, intelligente 360-Grad-Hinderniserkennung, elektronische Doppelkamerasteuerung, Echtzeit\u00fcbertragung, Gestensteuerung f\u00fcr die Aufnahme, langlebiger Akku, Aufh\u00e4ngung mit Lichtstrom. Alle diese Funktionen sind einfach und intuitiv, sodass [&hellip;]<\/p>\n","protected":false},"featured_media":2567,"comment_status":"open","ping_status":"closed","template":"","meta":{"_aipt_faq_data":""},"store":[],"product_brand":[270],"product_cat":[103],"product_tag":[167],"class_list":{"0":"post-2566","1":"product","2":"type-product","3":"status-publish","4":"has-post-thumbnail","6":"product_brand-grutoly","7":"product_cat-kamera-drohnen","8":"product_tag-kamera-drohnen-mit-4k-kamera","10":"first","11":"instock","12":"sale","13":"shipping-taxable","14":"product-type-external"},"yoast_head":"<!-- This site is optimized with the Yoast SEO plugin v27.0 - https:\/\/yoast.com\/product\/yoast-seo-wordpress\/ -->\n<title>Drohne mit Kamera 4K, Ortung des Lichtstroms in der Levitation, 360\u00b0-Hindernisvermeidungskopf, b\u00fcrstenloser Motor, ferngesteuerte Drohne mit 2 Batterien \u2013 Grau - EasyLifeBro<\/title>\n<meta name=\"description\" content=\"Entdecken Sie smarte Roboter f\u00fcr Zuhause, Garten, Bildung und Sicherheit. Vergleichen Sie Saugroboter, Rasenm\u00e4hroboter, KI-Begleitroboter und mehr bei EasyLifeRobo.\" \/>\n<meta name=\"robots\" content=\"index, follow, max-snippet:-1, max-image-preview:large, max-video-preview:-1\" \/>\n<link rel=\"canonical\" href=\"https:\/\/easyliferobo.com\/de\/product\/drohne-mit-kamera-4k-ortung-des-lichtstroms-in-der-levitation-360-hindernisvermeidungskopf-buerstenloser-motor-ferngesteuerte-drohne-mit-2-batterien-grau\/\" \/>\n<meta property=\"og:locale\" content=\"de_DE\" \/>\n<meta property=\"og:type\" content=\"article\" \/>\n<meta property=\"og:title\" content=\"Drohne mit Kamera 4K, Ortung des Lichtstroms in der Levitation, 360\u00b0-Hindernisvermeidungskopf, b\u00fcrstenloser Motor, ferngesteuerte Drohne mit 2 Batterien \u2013 Grau - EasyLifeBro\" \/>\n<meta property=\"og:description\" content=\"Entdecken Sie smarte Roboter f\u00fcr Zuhause, Garten, Bildung und Sicherheit. Vergleichen Sie Saugroboter, Rasenm\u00e4hroboter, KI-Begleitroboter und mehr bei EasyLifeRobo.\" \/>\n<meta property=\"og:url\" content=\"https:\/\/easyliferobo.com\/de\/product\/drohne-mit-kamera-4k-ortung-des-lichtstroms-in-der-levitation-360-hindernisvermeidungskopf-buerstenloser-motor-ferngesteuerte-drohne-mit-2-batterien-grau\/\" \/>\n<meta property=\"og:site_name\" content=\"EasyLifeBro\" \/>\n<meta property=\"article:modified_time\" content=\"2026-02-27T04:31:33+00:00\" \/>\n<meta property=\"og:image\" content=\"https:\/\/images-na.ssl-images-amazon.com\/images\/G\/01\/x-locale\/common\/grey-pixel.gif\" \/>\n<meta name=\"twitter:card\" content=\"summary_large_image\" \/>\n<meta name=\"twitter:label1\" content=\"Gesch\u00e4tzte Lesezeit\" \/>\n\t<meta name=\"twitter:data1\" content=\"2\u00a0Minuten\" \/>\n<script type=\"application\/ld+json\" class=\"yoast-schema-graph\">{\"@context\":\"https:\/\/schema.org\",\"@graph\":[{\"@type\":\"WebPage\",\"@id\":\"https:\/\/easyliferobo.com\/de\/product\/drohne-mit-kamera-4k-ortung-des-lichtstroms-in-der-levitation-360-hindernisvermeidungskopf-buerstenloser-motor-ferngesteuerte-drohne-mit-2-batterien-grau\/\",\"url\":\"https:\/\/easyliferobo.com\/de\/product\/drohne-mit-kamera-4k-ortung-des-lichtstroms-in-der-levitation-360-hindernisvermeidungskopf-buerstenloser-motor-ferngesteuerte-drohne-mit-2-batterien-grau\/\",\"name\":\"Drohne mit Kamera 4K, Ortung des Lichtstroms in der Levitation, 360\u00b0-Hindernisvermeidungskopf, b\u00fcrstenloser Motor, ferngesteuerte Drohne mit 2 Batterien \u2013 Grau - EasyLifeBro\",\"isPartOf\":{\"@id\":\"https:\/\/easyliferobo.com\/de\/#website\"},\"primaryImageOfPage\":{\"@id\":\"https:\/\/easyliferobo.com\/de\/product\/drohne-mit-kamera-4k-ortung-des-lichtstroms-in-der-levitation-360-hindernisvermeidungskopf-buerstenloser-motor-ferngesteuerte-drohne-mit-2-batterien-grau\/#primaryimage\"},\"image\":{\"@id\":\"https:\/\/easyliferobo.com\/de\/product\/drohne-mit-kamera-4k-ortung-des-lichtstroms-in-der-levitation-360-hindernisvermeidungskopf-buerstenloser-motor-ferngesteuerte-drohne-mit-2-batterien-grau\/#primaryimage\"},\"thumbnailUrl\":\"https:\/\/easyliferobo.com\/de\/wp-content\/uploads\/2026\/02\/51IfLlapuXL._AC_SL1045_.jpg\",\"datePublished\":\"2026-02-27T04:31:18+00:00\",\"dateModified\":\"2026-02-27T04:31:33+00:00\",\"description\":\"Entdecken Sie smarte Roboter f\u00fcr Zuhause, Garten, Bildung und Sicherheit. Vergleichen Sie Saugroboter, Rasenm\u00e4hroboter, KI-Begleitroboter und mehr bei EasyLifeRobo.\",\"breadcrumb\":{\"@id\":\"https:\/\/easyliferobo.com\/de\/product\/drohne-mit-kamera-4k-ortung-des-lichtstroms-in-der-levitation-360-hindernisvermeidungskopf-buerstenloser-motor-ferngesteuerte-drohne-mit-2-batterien-grau\/#breadcrumb\"},\"inLanguage\":\"de\",\"potentialAction\":[{\"@type\":\"ReadAction\",\"target\":[\"https:\/\/easyliferobo.com\/de\/product\/drohne-mit-kamera-4k-ortung-des-lichtstroms-in-der-levitation-360-hindernisvermeidungskopf-buerstenloser-motor-ferngesteuerte-drohne-mit-2-batterien-grau\/\"]}]},{\"@type\":\"ImageObject\",\"inLanguage\":\"de\",\"@id\":\"https:\/\/easyliferobo.com\/de\/product\/drohne-mit-kamera-4k-ortung-des-lichtstroms-in-der-levitation-360-hindernisvermeidungskopf-buerstenloser-motor-ferngesteuerte-drohne-mit-2-batterien-grau\/#primaryimage\",\"url\":\"https:\/\/easyliferobo.com\/de\/wp-content\/uploads\/2026\/02\/51IfLlapuXL._AC_SL1045_.jpg\",\"contentUrl\":\"https:\/\/easyliferobo.com\/de\/wp-content\/uploads\/2026\/02\/51IfLlapuXL._AC_SL1045_.jpg\",\"width\":767,\"height\":680},{\"@type\":\"BreadcrumbList\",\"@id\":\"https:\/\/easyliferobo.com\/de\/product\/drohne-mit-kamera-4k-ortung-des-lichtstroms-in-der-levitation-360-hindernisvermeidungskopf-buerstenloser-motor-ferngesteuerte-drohne-mit-2-batterien-grau\/#breadcrumb\",\"itemListElement\":[{\"@type\":\"ListItem\",\"position\":1,\"name\":\"Home\",\"item\":\"https:\/\/easyliferobo.com\/de\/\"},{\"@type\":\"ListItem\",\"position\":2,\"name\":\"Shop\",\"item\":\"https:\/\/easyliferobo.com\/de\/shop\/\"},{\"@type\":\"ListItem\",\"position\":3,\"name\":\"Drohne mit Kamera 4K, Ortung des Li...\"}]},{\"@type\":\"WebSite\",\"@id\":\"https:\/\/easyliferobo.com\/de\/#website\",\"url\":\"https:\/\/easyliferobo.com\/de\/\",\"name\":\"EasyLifeBro\",\"description\":\"Smarte Roboter f\u00fcr Zuhause, Garten &amp; Bildung\",\"publisher\":{\"@id\":\"https:\/\/easyliferobo.com\/de\/#organization\"},\"potentialAction\":[{\"@type\":\"SearchAction\",\"target\":{\"@type\":\"EntryPoint\",\"urlTemplate\":\"https:\/\/easyliferobo.com\/de\/?s={search_term_string}\"},\"query-input\":{\"@type\":\"PropertyValueSpecification\",\"valueRequired\":true,\"valueName\":\"search_term_string\"}}],\"inLanguage\":\"de\"},{\"@type\":\"Organization\",\"@id\":\"https:\/\/easyliferobo.com\/de\/#organization\",\"name\":\"EasyLifeBro\",\"url\":\"https:\/\/easyliferobo.com\/de\/\",\"logo\":{\"@type\":\"ImageObject\",\"inLanguage\":\"de\",\"@id\":\"https:\/\/easyliferobo.com\/de\/#\/schema\/logo\/image\/\",\"url\":\"https:\/\/easyliferobo.com\/de\/wp-content\/uploads\/2026\/02\/Screenshot-2026-02-22-at-2.25.03-PM.png\",\"contentUrl\":\"https:\/\/easyliferobo.com\/de\/wp-content\/uploads\/2026\/02\/Screenshot-2026-02-22-at-2.25.03-PM.png\",\"width\":1858,\"height\":430,\"caption\":\"EasyLifeBro\"},\"image\":{\"@id\":\"https:\/\/easyliferobo.com\/de\/#\/schema\/logo\/image\/\"}}]}<\/script>\n<!-- \/ Yoast SEO plugin. -->","yoast_head_json":{"title":"Drohne mit Kamera 4K, Ortung des Lichtstroms in der Levitation, 360\u00b0-Hindernisvermeidungskopf, b\u00fcrstenloser Motor, ferngesteuerte Drohne mit 2 Batterien \u2013 Grau - EasyLifeBro","description":"Entdecken Sie smarte Roboter f\u00fcr Zuhause, Garten, Bildung und Sicherheit. Vergleichen Sie Saugroboter, Rasenm\u00e4hroboter, KI-Begleitroboter und mehr bei EasyLifeRobo.","robots":{"index":"index","follow":"follow","max-snippet":"max-snippet:-1","max-image-preview":"max-image-preview:large","max-video-preview":"max-video-preview:-1"},"canonical":"https:\/\/easyliferobo.com\/de\/product\/drohne-mit-kamera-4k-ortung-des-lichtstroms-in-der-levitation-360-hindernisvermeidungskopf-buerstenloser-motor-ferngesteuerte-drohne-mit-2-batterien-grau\/","og_locale":"de_DE","og_type":"article","og_title":"Drohne mit Kamera 4K, Ortung des Lichtstroms in der Levitation, 360\u00b0-Hindernisvermeidungskopf, b\u00fcrstenloser Motor, ferngesteuerte Drohne mit 2 Batterien \u2013 Grau - EasyLifeBro","og_description":"Entdecken Sie smarte Roboter f\u00fcr Zuhause, Garten, Bildung und Sicherheit. Vergleichen Sie Saugroboter, Rasenm\u00e4hroboter, KI-Begleitroboter und mehr bei EasyLifeRobo.","og_url":"https:\/\/easyliferobo.com\/de\/product\/drohne-mit-kamera-4k-ortung-des-lichtstroms-in-der-levitation-360-hindernisvermeidungskopf-buerstenloser-motor-ferngesteuerte-drohne-mit-2-batterien-grau\/","og_site_name":"EasyLifeBro","article_modified_time":"2026-02-27T04:31:33+00:00","og_image":[{"url":"https:\/\/images-na.ssl-images-amazon.com\/images\/G\/01\/x-locale\/common\/grey-pixel.gif","type":"","width":"","height":""}],"twitter_card":"summary_large_image","twitter_misc":{"Gesch\u00e4tzte Lesezeit":"2\u00a0Minuten"},"schema":{"@context":"https:\/\/schema.org","@graph":[{"@type":"WebPage","@id":"https:\/\/easyliferobo.com\/de\/product\/drohne-mit-kamera-4k-ortung-des-lichtstroms-in-der-levitation-360-hindernisvermeidungskopf-buerstenloser-motor-ferngesteuerte-drohne-mit-2-batterien-grau\/","url":"https:\/\/easyliferobo.com\/de\/product\/drohne-mit-kamera-4k-ortung-des-lichtstroms-in-der-levitation-360-hindernisvermeidungskopf-buerstenloser-motor-ferngesteuerte-drohne-mit-2-batterien-grau\/","name":"Drohne mit Kamera 4K, Ortung des Lichtstroms in der Levitation, 360\u00b0-Hindernisvermeidungskopf, b\u00fcrstenloser Motor, ferngesteuerte Drohne mit 2 Batterien \u2013 Grau - EasyLifeBro","isPartOf":{"@id":"https:\/\/easyliferobo.com\/de\/#website"},"primaryImageOfPage":{"@id":"https:\/\/easyliferobo.com\/de\/product\/drohne-mit-kamera-4k-ortung-des-lichtstroms-in-der-levitation-360-hindernisvermeidungskopf-buerstenloser-motor-ferngesteuerte-drohne-mit-2-batterien-grau\/#primaryimage"},"image":{"@id":"https:\/\/easyliferobo.com\/de\/product\/drohne-mit-kamera-4k-ortung-des-lichtstroms-in-der-levitation-360-hindernisvermeidungskopf-buerstenloser-motor-ferngesteuerte-drohne-mit-2-batterien-grau\/#primaryimage"},"thumbnailUrl":"https:\/\/easyliferobo.com\/de\/wp-content\/uploads\/2026\/02\/51IfLlapuXL._AC_SL1045_.jpg","datePublished":"2026-02-27T04:31:18+00:00","dateModified":"2026-02-27T04:31:33+00:00","description":"Entdecken Sie smarte Roboter f\u00fcr Zuhause, Garten, Bildung und Sicherheit. Vergleichen Sie Saugroboter, Rasenm\u00e4hroboter, KI-Begleitroboter und mehr bei EasyLifeRobo.","breadcrumb":{"@id":"https:\/\/easyliferobo.com\/de\/product\/drohne-mit-kamera-4k-ortung-des-lichtstroms-in-der-levitation-360-hindernisvermeidungskopf-buerstenloser-motor-ferngesteuerte-drohne-mit-2-batterien-grau\/#breadcrumb"},"inLanguage":"de","potentialAction":[{"@type":"ReadAction","target":["https:\/\/easyliferobo.com\/de\/product\/drohne-mit-kamera-4k-ortung-des-lichtstroms-in-der-levitation-360-hindernisvermeidungskopf-buerstenloser-motor-ferngesteuerte-drohne-mit-2-batterien-grau\/"]}]},{"@type":"ImageObject","inLanguage":"de","@id":"https:\/\/easyliferobo.com\/de\/product\/drohne-mit-kamera-4k-ortung-des-lichtstroms-in-der-levitation-360-hindernisvermeidungskopf-buerstenloser-motor-ferngesteuerte-drohne-mit-2-batterien-grau\/#primaryimage","url":"https:\/\/easyliferobo.com\/de\/wp-content\/uploads\/2026\/02\/51IfLlapuXL._AC_SL1045_.jpg","contentUrl":"https:\/\/easyliferobo.com\/de\/wp-content\/uploads\/2026\/02\/51IfLlapuXL._AC_SL1045_.jpg","width":767,"height":680},{"@type":"BreadcrumbList","@id":"https:\/\/easyliferobo.com\/de\/product\/drohne-mit-kamera-4k-ortung-des-lichtstroms-in-der-levitation-360-hindernisvermeidungskopf-buerstenloser-motor-ferngesteuerte-drohne-mit-2-batterien-grau\/#breadcrumb","itemListElement":[{"@type":"ListItem","position":1,"name":"Home","item":"https:\/\/easyliferobo.com\/de\/"},{"@type":"ListItem","position":2,"name":"Shop","item":"https:\/\/easyliferobo.com\/de\/shop\/"},{"@type":"ListItem","position":3,"name":"Drohne mit Kamera 4K, Ortung des Li..."}]},{"@type":"WebSite","@id":"https:\/\/easyliferobo.com\/de\/#website","url":"https:\/\/easyliferobo.com\/de\/","name":"EasyLifeBro","description":"Smarte Roboter f\u00fcr Zuhause, Garten &amp; Bildung","publisher":{"@id":"https:\/\/easyliferobo.com\/de\/#organization"},"potentialAction":[{"@type":"SearchAction","target":{"@type":"EntryPoint","urlTemplate":"https:\/\/easyliferobo.com\/de\/?s={search_term_string}"},"query-input":{"@type":"PropertyValueSpecification","valueRequired":true,"valueName":"search_term_string"}}],"inLanguage":"de"},{"@type":"Organization","@id":"https:\/\/easyliferobo.com\/de\/#organization","name":"EasyLifeBro","url":"https:\/\/easyliferobo.com\/de\/","logo":{"@type":"ImageObject","inLanguage":"de","@id":"https:\/\/easyliferobo.com\/de\/#\/schema\/logo\/image\/","url":"https:\/\/easyliferobo.com\/de\/wp-content\/uploads\/2026\/02\/Screenshot-2026-02-22-at-2.25.03-PM.png","contentUrl":"https:\/\/easyliferobo.com\/de\/wp-content\/uploads\/2026\/02\/Screenshot-2026-02-22-at-2.25.03-PM.png","width":1858,"height":430,"caption":"EasyLifeBro"},"image":{"@id":"https:\/\/easyliferobo.com\/de\/#\/schema\/logo\/image\/"}}]}},"_links":{"self":[{"href":"https:\/\/easyliferobo.com\/de\/wp-json\/wp\/v2\/product\/2566","targetHints":{"allow":["GET"]}}],"collection":[{"href":"https:\/\/easyliferobo.com\/de\/wp-json\/wp\/v2\/product"}],"about":[{"href":"https:\/\/easyliferobo.com\/de\/wp-json\/wp\/v2\/types\/product"}],"replies":[{"embeddable":true,"href":"https:\/\/easyliferobo.com\/de\/wp-json\/wp\/v2\/comments?post=2566"}],"wp:featuredmedia":[{"embeddable":true,"href":"https:\/\/easyliferobo.com\/de\/wp-json\/wp\/v2\/media\/2567"}],"wp:attachment":[{"href":"https:\/\/easyliferobo.com\/de\/wp-json\/wp\/v2\/media?parent=2566"}],"wp:term":[{"taxonomy":"store","embeddable":true,"href":"https:\/\/easyliferobo.com\/de\/wp-json\/wp\/v2\/store?post=2566"},{"taxonomy":"product_brand","embeddable":true,"href":"https:\/\/easyliferobo.com\/de\/wp-json\/wp\/v2\/product_brand?post=2566"},{"taxonomy":"product_cat","embeddable":true,"href":"https:\/\/easyliferobo.com\/de\/wp-json\/wp\/v2\/product_cat?post=2566"},{"taxonomy":"product_tag","embeddable":true,"href":"https:\/\/easyliferobo.com\/de\/wp-json\/wp\/v2\/product_tag?post=2566"}],"curies":[{"name":"wp","href":"https:\/\/api.w.org\/{rel}","templated":true}]}}