
{"id":2559,"date":"2026-02-27T04:29:12","date_gmt":"2026-02-27T04:29:12","guid":{"rendered":"https:\/\/easyliferobo.com\/de\/product\/t26-drohne-mit-1080p-kamera-faltbarer-fpv-quadcopter-mit-2-batterien-30-minuten-flugzeit-3d-flip-schwerkraftsensor-headless-modus-startlandung-mit-einer-taste-fuer-anfaenger\/"},"modified":"2026-02-27T04:29:26","modified_gmt":"2026-02-27T04:29:26","slug":"t26-drohne-mit-1080p-kamera-faltbarer-fpv-quadcopter-mit-2-batterien-30-minuten-flugzeit-3d-flip-schwerkraftsensor-headless-modus-startlandung-mit-einer-taste-fuer-anfaenger","status":"publish","type":"product","link":"https:\/\/easyliferobo.com\/de\/product\/t26-drohne-mit-1080p-kamera-faltbarer-fpv-quadcopter-mit-2-batterien-30-minuten-flugzeit-3d-flip-schwerkraftsensor-headless-modus-startlandung-mit-einer-taste-fuer-anfaenger\/","title":{"rendered":"T26-Drohne mit 1080P-Kamera, faltba..."},"content":{"rendered":"<p>\n                                             Produktbeschreibung   <\/p>\n<p>                                                                                                       <img decoding=\"async\" alt=\"Der Text lautete \u201eLass uns etwas Spa\u00df haben\u201c, \u201eWiziWay - T20\u201c, \u201e1080P Drohne\u201c. Drohnenaufnahmen, die Nachtszenen mit beleuchteten Figuren zeigen.\" src=\"https:\/\/images-na.ssl-images-amazon.com\/images\/G\/01\/x-locale\/common\/grey-pixel.gif\" class=\"a-lazy-loaded\" data-src=\"https:\/\/m.media-amazon.com\/images\/S\/aplus-media-library-service-media\/bfd9f2d5-a77e-4b97-b0ac-6db2ed13ee1b.__CR0,0,1464,600_PT0_SX1464_V1___.jpg\"><img decoding=\"async\" alt=\"Der Text lautete \u201eLass uns etwas Spa\u00df haben\u201c, \u201eWiziWay - T20\u201c, \u201e1080P Drohne\u201c. Drohnenaufnahmen, die Nachtszenen mit beleuchteten Figuren zeigen.\" src=\"https:\/\/m.media-amazon.com\/images\/S\/aplus-media-library-service-media\/bfd9f2d5-a77e-4b97-b0ac-6db2ed13ee1b.__CR0,0,1464,600_PT0_SX1464_V1___.jpg\">                                               <\/p>\n<p>                                                                                                       <img decoding=\"async\" alt=\"Reihe von kreisf\u00f6rmigen Symbolen, die verschiedene Produktmerkmale oder Spezifikationen mit Symbolen und Text unter jedem Symbol anzeigen.\" src=\"https:\/\/images-na.ssl-images-amazon.com\/images\/G\/01\/x-locale\/common\/grey-pixel.gif\" class=\"a-lazy-loaded\" data-src=\"https:\/\/m.media-amazon.com\/images\/S\/aplus-media-library-service-media\/17aa4562-409b-41da-85f7-29fe1ed56bae.__CR0,0,1464,600_PT0_SX1464_V1___.jpg\"><img decoding=\"async\" alt=\"Reihe von kreisf\u00f6rmigen Symbolen, die verschiedene Produktmerkmale oder Spezifikationen mit Symbolen und Text unter jedem Symbol anzeigen.\" src=\"https:\/\/m.media-amazon.com\/images\/S\/aplus-media-library-service-media\/17aa4562-409b-41da-85f7-29fe1ed56bae.__CR0,0,1464,600_PT0_SX1464_V1___.jpg\">                                               <\/p>\n<p>                                                                                                                  <img decoding=\"async\" alt=\"Aplus-Inhaltsbild\" src=\"https:\/\/m.media-amazon.com\/images\/S\/aplus-media-library-service-media\/22c1f20f-15df-454a-9493-f720298e1562.__CR0,0,1464,600_PT0_SX1464_V1___.jpg\">                                                                                                                        <\/p>\n<p class=\"description aplus-p1\">  Schalten Sie einfach den Schwerkraft-Erfassungsmodus ein. <\/p>\n<p>                                                      <img decoding=\"async\" alt=\"Winterlandschaftspanorama mit schneebedeckten B\u00e4umen und Skipisten bei nebligen Bedingungen mit Figuren, die in der Ferne Skifahren.\" src=\"https:\/\/m.media-amazon.com\/images\/S\/aplus-media-library-service-media\/f1958c0e-78c6-41d1-8439-d3ad7e4ecf26.__CR0,0,1464,600_PT0_SX1464_V1___.jpg\">                                                                                                                        <\/p>\n<p class=\"description aplus-p1\">  Einfacher Start oder Landung mit einem einzigen Tippen auf die Funktionstaste der Fernbedienung. <\/p>\n<p>                                                      <img decoding=\"async\" alt=\"Aplus-Inhaltsbild\" src=\"https:\/\/m.media-amazon.com\/images\/S\/aplus-media-library-service-media\/ed4bfd95-a02d-47b2-9c73-77ba0612ce56.__CR0,0,1464,600_PT0_SX1464_V1___.jpg\">                                                                                                                        <\/p>\n<p class=\"description aplus-p1\">  Die Drohne kann in der Luft einen 3D-Flip machen, der Ihnen ein v\u00f6llig neues Flugerlebnis beschert. <\/p>\n<p>                                                      <img decoding=\"async\" alt=\"Aplus-Inhaltsbild\" src=\"https:\/\/m.media-amazon.com\/images\/S\/aplus-media-library-service-media\/92265d1a-c64c-4ffa-ac1a-637524aa4cbb.__CR0,0,1464,600_PT0_SX1464_V1___.jpg\">                                                                                                                        <\/p>\n<p class=\"description aplus-p1\">  Im Headless-Modus orientiert sich die Drohne immer an der Steuerung. <\/p>\n<p>                            1 Schwerkraft-Sensor 2 Eine Taste Start\/Landung 3 3D-Flips 4 Kopfloser Modus <\/p>\n<p>                                                                                <img decoding=\"async\" alt=\"Der Text lautet \u201eAland: bei h\u00e4ufigem Gebrauch...\u201c zeigt eine Szene mit einer Drohne, die per Fernbedienung in einem Innenbereich bedient wird.\" src=\"https:\/\/m.media-amazon.com\/images\/S\/aplus-media-library-service-media\/4239855e-1415-47e0-b227-76ccc6e4b224.__CR0,0,1464,600_PT0_SX1464_V1___.jpg\">                                                    <img decoding=\"async\" alt=\"Aplus-Inhaltsbild\" src=\"https:\/\/m.media-amazon.com\/images\/S\/aplus-media-library-service-media\/4f9c0785-a7e4-40ea-9e88-687484ffa515.__CR0,0,1464,600_PT0_SX1464_V1___.jpg\">                                                    <img decoding=\"async\" alt=\"Der Text lautet \u201eJump\u201c. Abbildung, die eine Figur in einem roten Outfit zeigt, die zwischen blauen kreisf\u00f6rmigen Markierungen auf einer hellen Bodenfl\u00e4che springt.\" src=\"https:\/\/m.media-amazon.com\/images\/S\/aplus-media-library-service-media\/93b6b21d-e8f3-4646-a180-7a4a6c42a87e.__CR0,0,1464,600_PT0_SX1464_V1___.jpg\">                                                    <img decoding=\"async\" alt=\"Der Text lautet \u201eGesten-Selfie\u201c. Illustrationen im Cartoon-Stil zur Veranschaulichung von Ger\u00e4tegesten oder -befehlen mit einfachen Strichzeichnungen und deutschem Text.\" src=\"https:\/\/m.media-amazon.com\/images\/S\/aplus-media-library-service-media\/22952fd8-1d78-44f7-8849-9f587818d498.__CR0,0,1464,600_PT0_SX1464_V1___.jpg\">                   <\/p>\n<p>                       1 Alarm bei niedrigem Batteriestand, 2 Propeller-Schutz, 3 intelligente Sprachsteuerung, 4 Gesten-Selfie                  <\/p>\n<p>                                                                                                       <img decoding=\"async\" alt=\"Sammlung von Gaming-Artikeln wie Controllern, Kopfh\u00f6rern und diversem Gaming-Zubeh\u00f6r, angeordnet vor einem verschwommenen Hintergrund mit dekorativen Elementen.\" src=\"https:\/\/images-na.ssl-images-amazon.com\/images\/G\/01\/x-locale\/common\/grey-pixel.gif\" class=\"a-lazy-loaded\" data-src=\"https:\/\/m.media-amazon.com\/images\/S\/aplus-media-library-service-media\/ae3fc3b4-ce72-4cc2-9be5-f14db536f8e6.__CR0,0,1464,600_PT0_SX1464_V1___.jpg\"><img decoding=\"async\" alt=\"Sammlung von Gaming-Artikeln wie Controllern, Kopfh\u00f6rern und diversem Gaming-Zubeh\u00f6r, angeordnet vor einem verschwommenen Hintergrund mit dekorativen Elementen.\" src=\"https:\/\/m.media-amazon.com\/images\/S\/aplus-media-library-service-media\/ae3fc3b4-ce72-4cc2-9be5-f14db536f8e6.__CR0,0,1464,600_PT0_SX1464_V1___.jpg\">                                               <\/p>\n<p>                                                                                                       <img decoding=\"async\" alt=\"Aplus-Inhaltsbild\" src=\"https:\/\/images-na.ssl-images-amazon.com\/images\/G\/01\/x-locale\/common\/grey-pixel.gif\" class=\"a-lazy-loaded\" data-src=\"https:\/\/m.media-amazon.com\/images\/S\/aplus-media-library-service-media\/4b8c37fb-708c-4e13-b3a4-789f62b68e48.__CR0,0,1464,600_PT0_SX1464_V1___.jpg\"><img decoding=\"async\" alt=\"Aplus-Inhaltsbild\" src=\"https:\/\/m.media-amazon.com\/images\/S\/aplus-media-library-service-media\/4b8c37fb-708c-4e13-b3a4-789f62b68e48.__CR0,0,1464,600_PT0_SX1464_V1___.jpg\">                                               <\/p>\n<p>                                                                                                       <img decoding=\"async\" alt=\"Aplus-Inhaltsbild\" src=\"https:\/\/images-na.ssl-images-amazon.com\/images\/G\/01\/x-locale\/common\/grey-pixel.gif\" class=\"a-lazy-loaded\" data-src=\"https:\/\/m.media-amazon.com\/images\/S\/aplus-media-library-service-media\/cfde257c-6f96-4667-a2a8-8af476d272c3.__CR0,0,1464,600_PT0_SX1464_V1___.jpg\"><img decoding=\"async\" alt=\"Aplus-Inhaltsbild\" src=\"https:\/\/m.media-amazon.com\/images\/S\/aplus-media-library-service-media\/cfde257c-6f96-4667-a2a8-8af476d272c3.__CR0,0,1464,600_PT0_SX1464_V1___.jpg\">                                               <\/p>\n<p>1080P HD-KAMERA Die T26-Drohne ist mit einer 1080P HD-Kamera ausgestattet, die eine bessere Bild- und Videowiedergabe erm\u00f6glicht. Durch die Echtzeit\u00fcbertragung k\u00f6nnen Sie das Live-Video der Drohne \u00fcber eine Smartphone-App ansehen.<br \/>Lange Flugzeit: Die T26-Drohne im normalen Flugmodus, zwei austauschbare Akkus sorgen jeweils f\u00fcr 10\u201313 Minuten Flugzeit, insgesamt 20\u201326 Minuten. Durch An- und Abklemmen k\u00f6nnen die Batterien einfach ausgetauscht werden. Die Akkupacks sind mit einem \u00dcberladeschutz ausgestattet und sorgen f\u00fcr eine sicherere Ladung.<br \/>Materialverbesserung: Die T26-Drohne verf\u00fcgt \u00fcber eine mattierte Beschichtung, die die Gesamtstruktur und das integrierte Paddeldesign optimiert, das Materialgewicht erh\u00f6ht und den Flug stabiler macht. Das hochwertige ABS-Material reduziert Sch\u00e4den, wenn die Drohne versehentlich fallen gelassen wird.<br \/>Einfach zu steuern: Die T26-Drohne verf\u00fcgt \u00fcber mehrere Fernbedienungsmodi, die f\u00fcr Anf\u00e4nger konzipiert sind. Sie k\u00f6nnen je nach Situation zwischen Tastensteuerung, mobiler App-Steuerung, Schwerkraftmodus und Sprachsteuerung wechseln. Die T6-Drohne kann automatisch schweben, wodurch sichergestellt wird, dass die Drohne stabil in einer bestimmten H\u00f6he in der Luft schwebt.<br \/>Verschiedene Funktionen: Die T26-Drohne ist mit einer Knopf-Start-\/Lande-\/Return-Tastenfunktion ausgestattet, die Sie beim schnellen Starten unterst\u00fctzt und au\u00dferdem die Wahrscheinlichkeit verringert, die Drohne zu verlieren. Es verf\u00fcgt au\u00dferdem \u00fcber unterhaltsame Funktionen wie 3D-Flip, Kursfahrt, Gestenfoto, geteilter Bildschirm links\/rechts usw., sodass Sie in die Freude eintauchen k\u00f6nnen, die die Drohne mit sich bringt.<br \/>Bitte beachten Sie: Die T26-Drohne muss vor dem Start und nach dem Kippen auf die Seite neu kalibriert werden. Wenn Sie vor dem Start nicht kalibrieren und nicht auf einer ebenen Fl\u00e4che starten, fliegt die Drohne nach dem Start schr\u00e4g und wird nicht von der Fernbedienung gesteuert und ist zu 100 % verloren.<\/p>\n<p>[ad_2]<\/p>\n","protected":false},"excerpt":{"rendered":"<p>Produktbeschreibung Schalten Sie einfach den Schwerkraft-Erfassungsmodus ein. Einfacher Start oder Landung mit einem einzigen Tippen auf die Funktionstaste der Fernbedienung. Die Drohne kann in der Luft einen 3D-Flip machen, der Ihnen ein v\u00f6llig neues Flugerlebnis beschert. Im Headless-Modus orientiert sich die Drohne immer an der Steuerung. 1 Schwerkraft-Sensor 2 Eine Taste Start\/Landung 3 3D-Flips 4 [&hellip;]<\/p>\n","protected":false},"featured_media":2560,"comment_status":"open","ping_status":"closed","template":"","meta":{"_aipt_faq_data":""},"store":[],"product_brand":[361],"product_cat":[104],"product_tag":[166],"class_list":{"0":"post-2559","1":"product","2":"type-product","3":"status-publish","4":"has-post-thumbnail","6":"product_brand-wipkviey","7":"product_cat-fpv-drohnen","8":"product_tag-fpv-drohnen-mit-kamera","10":"first","11":"instock","12":"shipping-taxable","13":"product-type-external"},"yoast_head":"<!-- This site is optimized with the Yoast SEO plugin v27.0 - https:\/\/yoast.com\/product\/yoast-seo-wordpress\/ -->\n<title>T26-Drohne mit 1080P-Kamera, faltbarer FPV-Quadcopter mit 2 Batterien, 30 Minuten Flugzeit, 3D-Flip, Schwerkraftsensor, Headless-Modus, Startlandung mit einer Taste, f\u00fcr Anf\u00e4nger - EasyLifeBro<\/title>\n<meta name=\"description\" content=\"Entdecken Sie smarte Roboter f\u00fcr Zuhause, Garten, Bildung und Sicherheit. Vergleichen Sie Saugroboter, Rasenm\u00e4hroboter, KI-Begleitroboter und mehr bei EasyLifeRobo.\" \/>\n<meta name=\"robots\" content=\"index, follow, max-snippet:-1, max-image-preview:large, max-video-preview:-1\" \/>\n<link rel=\"canonical\" href=\"https:\/\/easyliferobo.com\/de\/product\/t26-drohne-mit-1080p-kamera-faltbarer-fpv-quadcopter-mit-2-batterien-30-minuten-flugzeit-3d-flip-schwerkraftsensor-headless-modus-startlandung-mit-einer-taste-fuer-anfaenger\/\" \/>\n<meta property=\"og:locale\" content=\"de_DE\" \/>\n<meta property=\"og:type\" content=\"article\" \/>\n<meta property=\"og:title\" content=\"T26-Drohne mit 1080P-Kamera, faltbarer FPV-Quadcopter mit 2 Batterien, 30 Minuten Flugzeit, 3D-Flip, Schwerkraftsensor, Headless-Modus, Startlandung mit einer Taste, f\u00fcr Anf\u00e4nger - EasyLifeBro\" \/>\n<meta property=\"og:description\" content=\"Entdecken Sie smarte Roboter f\u00fcr Zuhause, Garten, Bildung und Sicherheit. Vergleichen Sie Saugroboter, Rasenm\u00e4hroboter, KI-Begleitroboter und mehr bei EasyLifeRobo.\" \/>\n<meta property=\"og:url\" content=\"https:\/\/easyliferobo.com\/de\/product\/t26-drohne-mit-1080p-kamera-faltbarer-fpv-quadcopter-mit-2-batterien-30-minuten-flugzeit-3d-flip-schwerkraftsensor-headless-modus-startlandung-mit-einer-taste-fuer-anfaenger\/\" \/>\n<meta property=\"og:site_name\" content=\"EasyLifeBro\" \/>\n<meta property=\"article:modified_time\" content=\"2026-02-27T04:29:26+00:00\" \/>\n<meta property=\"og:image\" content=\"https:\/\/images-na.ssl-images-amazon.com\/images\/G\/01\/x-locale\/common\/grey-pixel.gif\" \/>\n<meta name=\"twitter:card\" content=\"summary_large_image\" \/>\n<meta name=\"twitter:label1\" content=\"Gesch\u00e4tzte Lesezeit\" \/>\n\t<meta name=\"twitter:data1\" content=\"2\u00a0Minuten\" \/>\n<script type=\"application\/ld+json\" class=\"yoast-schema-graph\">{\"@context\":\"https:\/\/schema.org\",\"@graph\":[{\"@type\":\"WebPage\",\"@id\":\"https:\/\/easyliferobo.com\/de\/product\/t26-drohne-mit-1080p-kamera-faltbarer-fpv-quadcopter-mit-2-batterien-30-minuten-flugzeit-3d-flip-schwerkraftsensor-headless-modus-startlandung-mit-einer-taste-fuer-anfaenger\/\",\"url\":\"https:\/\/easyliferobo.com\/de\/product\/t26-drohne-mit-1080p-kamera-faltbarer-fpv-quadcopter-mit-2-batterien-30-minuten-flugzeit-3d-flip-schwerkraftsensor-headless-modus-startlandung-mit-einer-taste-fuer-anfaenger\/\",\"name\":\"T26-Drohne mit 1080P-Kamera, faltbarer FPV-Quadcopter mit 2 Batterien, 30 Minuten Flugzeit, 3D-Flip, Schwerkraftsensor, Headless-Modus, Startlandung mit einer Taste, f\u00fcr Anf\u00e4nger - EasyLifeBro\",\"isPartOf\":{\"@id\":\"https:\/\/easyliferobo.com\/de\/#website\"},\"primaryImageOfPage\":{\"@id\":\"https:\/\/easyliferobo.com\/de\/product\/t26-drohne-mit-1080p-kamera-faltbarer-fpv-quadcopter-mit-2-batterien-30-minuten-flugzeit-3d-flip-schwerkraftsensor-headless-modus-startlandung-mit-einer-taste-fuer-anfaenger\/#primaryimage\"},\"image\":{\"@id\":\"https:\/\/easyliferobo.com\/de\/product\/t26-drohne-mit-1080p-kamera-faltbarer-fpv-quadcopter-mit-2-batterien-30-minuten-flugzeit-3d-flip-schwerkraftsensor-headless-modus-startlandung-mit-einer-taste-fuer-anfaenger\/#primaryimage\"},\"thumbnailUrl\":\"https:\/\/easyliferobo.com\/de\/wp-content\/uploads\/2026\/02\/71FXjo492L._AC_SL1500_.jpg\",\"datePublished\":\"2026-02-27T04:29:12+00:00\",\"dateModified\":\"2026-02-27T04:29:26+00:00\",\"description\":\"Entdecken Sie smarte Roboter f\u00fcr Zuhause, Garten, Bildung und Sicherheit. Vergleichen Sie Saugroboter, Rasenm\u00e4hroboter, KI-Begleitroboter und mehr bei EasyLifeRobo.\",\"breadcrumb\":{\"@id\":\"https:\/\/easyliferobo.com\/de\/product\/t26-drohne-mit-1080p-kamera-faltbarer-fpv-quadcopter-mit-2-batterien-30-minuten-flugzeit-3d-flip-schwerkraftsensor-headless-modus-startlandung-mit-einer-taste-fuer-anfaenger\/#breadcrumb\"},\"inLanguage\":\"de\",\"potentialAction\":[{\"@type\":\"ReadAction\",\"target\":[\"https:\/\/easyliferobo.com\/de\/product\/t26-drohne-mit-1080p-kamera-faltbarer-fpv-quadcopter-mit-2-batterien-30-minuten-flugzeit-3d-flip-schwerkraftsensor-headless-modus-startlandung-mit-einer-taste-fuer-anfaenger\/\"]}]},{\"@type\":\"ImageObject\",\"inLanguage\":\"de\",\"@id\":\"https:\/\/easyliferobo.com\/de\/product\/t26-drohne-mit-1080p-kamera-faltbarer-fpv-quadcopter-mit-2-batterien-30-minuten-flugzeit-3d-flip-schwerkraftsensor-headless-modus-startlandung-mit-einer-taste-fuer-anfaenger\/#primaryimage\",\"url\":\"https:\/\/easyliferobo.com\/de\/wp-content\/uploads\/2026\/02\/71FXjo492L._AC_SL1500_.jpg\",\"contentUrl\":\"https:\/\/easyliferobo.com\/de\/wp-content\/uploads\/2026\/02\/71FXjo492L._AC_SL1500_.jpg\",\"width\":1500,\"height\":1419},{\"@type\":\"BreadcrumbList\",\"@id\":\"https:\/\/easyliferobo.com\/de\/product\/t26-drohne-mit-1080p-kamera-faltbarer-fpv-quadcopter-mit-2-batterien-30-minuten-flugzeit-3d-flip-schwerkraftsensor-headless-modus-startlandung-mit-einer-taste-fuer-anfaenger\/#breadcrumb\",\"itemListElement\":[{\"@type\":\"ListItem\",\"position\":1,\"name\":\"Home\",\"item\":\"https:\/\/easyliferobo.com\/de\/\"},{\"@type\":\"ListItem\",\"position\":2,\"name\":\"Shop\",\"item\":\"https:\/\/easyliferobo.com\/de\/shop\/\"},{\"@type\":\"ListItem\",\"position\":3,\"name\":\"T26-Drohne mit 1080P-Kamera, faltba...\"}]},{\"@type\":\"WebSite\",\"@id\":\"https:\/\/easyliferobo.com\/de\/#website\",\"url\":\"https:\/\/easyliferobo.com\/de\/\",\"name\":\"EasyLifeBro\",\"description\":\"Smarte Roboter f\u00fcr Zuhause, Garten &amp; Bildung\",\"publisher\":{\"@id\":\"https:\/\/easyliferobo.com\/de\/#organization\"},\"potentialAction\":[{\"@type\":\"SearchAction\",\"target\":{\"@type\":\"EntryPoint\",\"urlTemplate\":\"https:\/\/easyliferobo.com\/de\/?s={search_term_string}\"},\"query-input\":{\"@type\":\"PropertyValueSpecification\",\"valueRequired\":true,\"valueName\":\"search_term_string\"}}],\"inLanguage\":\"de\"},{\"@type\":\"Organization\",\"@id\":\"https:\/\/easyliferobo.com\/de\/#organization\",\"name\":\"EasyLifeBro\",\"url\":\"https:\/\/easyliferobo.com\/de\/\",\"logo\":{\"@type\":\"ImageObject\",\"inLanguage\":\"de\",\"@id\":\"https:\/\/easyliferobo.com\/de\/#\/schema\/logo\/image\/\",\"url\":\"https:\/\/easyliferobo.com\/de\/wp-content\/uploads\/2026\/02\/Screenshot-2026-02-22-at-2.25.03-PM.png\",\"contentUrl\":\"https:\/\/easyliferobo.com\/de\/wp-content\/uploads\/2026\/02\/Screenshot-2026-02-22-at-2.25.03-PM.png\",\"width\":1858,\"height\":430,\"caption\":\"EasyLifeBro\"},\"image\":{\"@id\":\"https:\/\/easyliferobo.com\/de\/#\/schema\/logo\/image\/\"}}]}<\/script>\n<!-- \/ Yoast SEO plugin. -->","yoast_head_json":{"title":"T26-Drohne mit 1080P-Kamera, faltbarer FPV-Quadcopter mit 2 Batterien, 30 Minuten Flugzeit, 3D-Flip, Schwerkraftsensor, Headless-Modus, Startlandung mit einer Taste, f\u00fcr Anf\u00e4nger - EasyLifeBro","description":"Entdecken Sie smarte Roboter f\u00fcr Zuhause, Garten, Bildung und Sicherheit. Vergleichen Sie Saugroboter, Rasenm\u00e4hroboter, KI-Begleitroboter und mehr bei EasyLifeRobo.","robots":{"index":"index","follow":"follow","max-snippet":"max-snippet:-1","max-image-preview":"max-image-preview:large","max-video-preview":"max-video-preview:-1"},"canonical":"https:\/\/easyliferobo.com\/de\/product\/t26-drohne-mit-1080p-kamera-faltbarer-fpv-quadcopter-mit-2-batterien-30-minuten-flugzeit-3d-flip-schwerkraftsensor-headless-modus-startlandung-mit-einer-taste-fuer-anfaenger\/","og_locale":"de_DE","og_type":"article","og_title":"T26-Drohne mit 1080P-Kamera, faltbarer FPV-Quadcopter mit 2 Batterien, 30 Minuten Flugzeit, 3D-Flip, Schwerkraftsensor, Headless-Modus, Startlandung mit einer Taste, f\u00fcr Anf\u00e4nger - EasyLifeBro","og_description":"Entdecken Sie smarte Roboter f\u00fcr Zuhause, Garten, Bildung und Sicherheit. Vergleichen Sie Saugroboter, Rasenm\u00e4hroboter, KI-Begleitroboter und mehr bei EasyLifeRobo.","og_url":"https:\/\/easyliferobo.com\/de\/product\/t26-drohne-mit-1080p-kamera-faltbarer-fpv-quadcopter-mit-2-batterien-30-minuten-flugzeit-3d-flip-schwerkraftsensor-headless-modus-startlandung-mit-einer-taste-fuer-anfaenger\/","og_site_name":"EasyLifeBro","article_modified_time":"2026-02-27T04:29:26+00:00","og_image":[{"url":"https:\/\/images-na.ssl-images-amazon.com\/images\/G\/01\/x-locale\/common\/grey-pixel.gif","type":"","width":"","height":""}],"twitter_card":"summary_large_image","twitter_misc":{"Gesch\u00e4tzte Lesezeit":"2\u00a0Minuten"},"schema":{"@context":"https:\/\/schema.org","@graph":[{"@type":"WebPage","@id":"https:\/\/easyliferobo.com\/de\/product\/t26-drohne-mit-1080p-kamera-faltbarer-fpv-quadcopter-mit-2-batterien-30-minuten-flugzeit-3d-flip-schwerkraftsensor-headless-modus-startlandung-mit-einer-taste-fuer-anfaenger\/","url":"https:\/\/easyliferobo.com\/de\/product\/t26-drohne-mit-1080p-kamera-faltbarer-fpv-quadcopter-mit-2-batterien-30-minuten-flugzeit-3d-flip-schwerkraftsensor-headless-modus-startlandung-mit-einer-taste-fuer-anfaenger\/","name":"T26-Drohne mit 1080P-Kamera, faltbarer FPV-Quadcopter mit 2 Batterien, 30 Minuten Flugzeit, 3D-Flip, Schwerkraftsensor, Headless-Modus, Startlandung mit einer Taste, f\u00fcr Anf\u00e4nger - EasyLifeBro","isPartOf":{"@id":"https:\/\/easyliferobo.com\/de\/#website"},"primaryImageOfPage":{"@id":"https:\/\/easyliferobo.com\/de\/product\/t26-drohne-mit-1080p-kamera-faltbarer-fpv-quadcopter-mit-2-batterien-30-minuten-flugzeit-3d-flip-schwerkraftsensor-headless-modus-startlandung-mit-einer-taste-fuer-anfaenger\/#primaryimage"},"image":{"@id":"https:\/\/easyliferobo.com\/de\/product\/t26-drohne-mit-1080p-kamera-faltbarer-fpv-quadcopter-mit-2-batterien-30-minuten-flugzeit-3d-flip-schwerkraftsensor-headless-modus-startlandung-mit-einer-taste-fuer-anfaenger\/#primaryimage"},"thumbnailUrl":"https:\/\/easyliferobo.com\/de\/wp-content\/uploads\/2026\/02\/71FXjo492L._AC_SL1500_.jpg","datePublished":"2026-02-27T04:29:12+00:00","dateModified":"2026-02-27T04:29:26+00:00","description":"Entdecken Sie smarte Roboter f\u00fcr Zuhause, Garten, Bildung und Sicherheit. Vergleichen Sie Saugroboter, Rasenm\u00e4hroboter, KI-Begleitroboter und mehr bei EasyLifeRobo.","breadcrumb":{"@id":"https:\/\/easyliferobo.com\/de\/product\/t26-drohne-mit-1080p-kamera-faltbarer-fpv-quadcopter-mit-2-batterien-30-minuten-flugzeit-3d-flip-schwerkraftsensor-headless-modus-startlandung-mit-einer-taste-fuer-anfaenger\/#breadcrumb"},"inLanguage":"de","potentialAction":[{"@type":"ReadAction","target":["https:\/\/easyliferobo.com\/de\/product\/t26-drohne-mit-1080p-kamera-faltbarer-fpv-quadcopter-mit-2-batterien-30-minuten-flugzeit-3d-flip-schwerkraftsensor-headless-modus-startlandung-mit-einer-taste-fuer-anfaenger\/"]}]},{"@type":"ImageObject","inLanguage":"de","@id":"https:\/\/easyliferobo.com\/de\/product\/t26-drohne-mit-1080p-kamera-faltbarer-fpv-quadcopter-mit-2-batterien-30-minuten-flugzeit-3d-flip-schwerkraftsensor-headless-modus-startlandung-mit-einer-taste-fuer-anfaenger\/#primaryimage","url":"https:\/\/easyliferobo.com\/de\/wp-content\/uploads\/2026\/02\/71FXjo492L._AC_SL1500_.jpg","contentUrl":"https:\/\/easyliferobo.com\/de\/wp-content\/uploads\/2026\/02\/71FXjo492L._AC_SL1500_.jpg","width":1500,"height":1419},{"@type":"BreadcrumbList","@id":"https:\/\/easyliferobo.com\/de\/product\/t26-drohne-mit-1080p-kamera-faltbarer-fpv-quadcopter-mit-2-batterien-30-minuten-flugzeit-3d-flip-schwerkraftsensor-headless-modus-startlandung-mit-einer-taste-fuer-anfaenger\/#breadcrumb","itemListElement":[{"@type":"ListItem","position":1,"name":"Home","item":"https:\/\/easyliferobo.com\/de\/"},{"@type":"ListItem","position":2,"name":"Shop","item":"https:\/\/easyliferobo.com\/de\/shop\/"},{"@type":"ListItem","position":3,"name":"T26-Drohne mit 1080P-Kamera, faltba..."}]},{"@type":"WebSite","@id":"https:\/\/easyliferobo.com\/de\/#website","url":"https:\/\/easyliferobo.com\/de\/","name":"EasyLifeBro","description":"Smarte Roboter f\u00fcr Zuhause, Garten &amp; Bildung","publisher":{"@id":"https:\/\/easyliferobo.com\/de\/#organization"},"potentialAction":[{"@type":"SearchAction","target":{"@type":"EntryPoint","urlTemplate":"https:\/\/easyliferobo.com\/de\/?s={search_term_string}"},"query-input":{"@type":"PropertyValueSpecification","valueRequired":true,"valueName":"search_term_string"}}],"inLanguage":"de"},{"@type":"Organization","@id":"https:\/\/easyliferobo.com\/de\/#organization","name":"EasyLifeBro","url":"https:\/\/easyliferobo.com\/de\/","logo":{"@type":"ImageObject","inLanguage":"de","@id":"https:\/\/easyliferobo.com\/de\/#\/schema\/logo\/image\/","url":"https:\/\/easyliferobo.com\/de\/wp-content\/uploads\/2026\/02\/Screenshot-2026-02-22-at-2.25.03-PM.png","contentUrl":"https:\/\/easyliferobo.com\/de\/wp-content\/uploads\/2026\/02\/Screenshot-2026-02-22-at-2.25.03-PM.png","width":1858,"height":430,"caption":"EasyLifeBro"},"image":{"@id":"https:\/\/easyliferobo.com\/de\/#\/schema\/logo\/image\/"}}]}},"_links":{"self":[{"href":"https:\/\/easyliferobo.com\/de\/wp-json\/wp\/v2\/product\/2559","targetHints":{"allow":["GET"]}}],"collection":[{"href":"https:\/\/easyliferobo.com\/de\/wp-json\/wp\/v2\/product"}],"about":[{"href":"https:\/\/easyliferobo.com\/de\/wp-json\/wp\/v2\/types\/product"}],"replies":[{"embeddable":true,"href":"https:\/\/easyliferobo.com\/de\/wp-json\/wp\/v2\/comments?post=2559"}],"wp:featuredmedia":[{"embeddable":true,"href":"https:\/\/easyliferobo.com\/de\/wp-json\/wp\/v2\/media\/2560"}],"wp:attachment":[{"href":"https:\/\/easyliferobo.com\/de\/wp-json\/wp\/v2\/media?parent=2559"}],"wp:term":[{"taxonomy":"store","embeddable":true,"href":"https:\/\/easyliferobo.com\/de\/wp-json\/wp\/v2\/store?post=2559"},{"taxonomy":"product_brand","embeddable":true,"href":"https:\/\/easyliferobo.com\/de\/wp-json\/wp\/v2\/product_brand?post=2559"},{"taxonomy":"product_cat","embeddable":true,"href":"https:\/\/easyliferobo.com\/de\/wp-json\/wp\/v2\/product_cat?post=2559"},{"taxonomy":"product_tag","embeddable":true,"href":"https:\/\/easyliferobo.com\/de\/wp-json\/wp\/v2\/product_tag?post=2559"}],"curies":[{"name":"wp","href":"https:\/\/api.w.org\/{rel}","templated":true}]}}